{"id":1711,"date":"2024-12-23T07:01:59","date_gmt":"2024-12-23T07:01:59","guid":{"rendered":"https:\/\/fmp-components.com\/product\/factory-direct-supply-long-stroke-customized-telescopic-hydraulic-cylinder\/"},"modified":"2025-05-10T12:32:13","modified_gmt":"2025-05-10T12:32:13","slug":"factory-direct-supply-long-stroke-customized-telescopic-hydraulic-cylinder","status":"publish","type":"product","link":"https:\/\/fmp-components.com\/pl\/product\/factory-direct-supply-long-stroke-customized-telescopic-hydraulic-cylinder\/","title":{"rendered":"Dostarczany bezpo\u015brednio z fabryki, dostosowany teleskopowy si\u0142ownik hydrauliczny o d\u0142ugim skoku"},"content":{"rendered":"<h2>Przedstawiamy nasz dostarczany bezpo\u015brednio z fabryki, dostosowany teleskopowy si\u0142ownik hydrauliczny o d\u0142ugim skoku<\/h2>\n<p>Nasz nowy si\u0142ownik hydrauliczny to najnowocze\u015bniejszy produkt, idealny do zastosowa\u0144 w r\u00f3\u017cnych bran\u017cach, takich jak zak\u0142ady produkcyjne, warsztaty naprawcze maszyn, gospodarstwa rolne, energetyka i g\u00f3rnictwo, produkcja maszyn oraz fabryki maszyn. Ten si\u0142ownik hydrauliczny o wadze 40 kg charakteryzuje si\u0119 maksymaln\u0105 si\u0142\u0105 ci\u0105gu 3000 i uci\u0105giem 20 ton. Jest to si\u0142ownik teleskopowy typu odwr\u00f3conego i wyposa\u017cony w standardowe przy\u0142\u0105cza G\/SAE\/NPT\/M. Si\u0142ownik posiada certyfikat ISO9001:2000 i jest dost\u0119pny w eleganckim czarnym kolorze.<\/p>\n<p><img decoding=\"async\" src=\"https:\/\/hzpt.com\/wp-content\/uploads\/2023\/11\/Inverted-Telescopic-Cylinder-11.webp\" alt=\"Odwr\u00f3cony cylinder teleskopowy\" title=\"\"><\/p>\n<h2>Wyj\u0105tkowe cechy naszego cylindra hydraulicznego<\/h2>\n<p>Nasz niestandardowy teleskopowy si\u0142ownik hydrauliczny o d\u0142ugim skoku oferuje kilka unikalnych cech, kt\u00f3re go wyr\u00f3\u017cniaj\u0105:<\/p>\n<ul>\n<li>Standardowa konstrukcja: Posiada standardow\u0105 konstrukcj\u0119 t\u0142okowo-cylindrow\u0105, zapewniaj\u0105c\u0105 niezawodn\u0105 i wydajn\u0105 prac\u0119.<\/li>\n<li>Wysokiej jako\u015bci g\u0142\u00f3wne komponenty: Cylinder jest wyposa\u017cony w najwy\u017cszej jako\u015bci g\u0142\u00f3wne komponenty, takie jak \u0142o\u017cysko i cylinder t\u0142okowy.<\/li>\n<li>Trwa\u0142y materia\u0142 obudowy: Wykonany z wytrzyma\u0142ej stali cylinder hydrauliczny gwarantuje d\u0142ugotrwa\u0142\u0105 wytrzyma\u0142o\u015b\u0107.<\/li>\n<li>Mo\u017cliwo\u015b\u0107 dostosowania rozmiaru: \u015brednica otworu wynosi od 2 do 6 cali, \u015brednica pr\u0119ta od 1,125 do 4 cali, skok t\u0142oka od 6 do 48 cali, a \u015brednica sworznia od 0,5 do 2 cali, co pozwala na dostosowanie do konkretnych wymaga\u0144.<\/li>\n<li>Roczna gwarancja: Gwarantujemy jako\u015b\u0107 naszych produkt\u00f3w, oferuj\u0105c roczn\u0105 gwarancj\u0119 na produkt oraz g\u0142\u00f3wne podzespo\u0142y.<\/li>\n<\/ul>\n<h2>Zastosowania naszego cylindra hydraulicznego<\/h2>\n<p>Nasz teleskopowy si\u0142ownik hydrauliczny jest wszechstronny i znajduje zastosowanie w r\u00f3\u017cnych ga\u0142\u0119ziach przemys\u0142u:<\/p>\n<ul>\n<li>Zak\u0142ady produkcyjne: wykorzystywane w ci\u0119\u017ckich maszynach do proces\u00f3w produkcyjnych.<\/li>\n<li>Warsztaty naprawy maszyn: Niezb\u0119dne do naprawy i konserwacji r\u00f3\u017cnych maszyn.<\/li>\n<li>Gospodarstwa rolne: U\u017cywane w maszynach rolniczych do efektywnego prowadzenia prac rolnych.<\/li>\n<li>Energetyka i g\u00f3rnictwo: Odgrywa kluczow\u0105 rol\u0119 w wydobyciu i przetwarzaniu zasob\u00f3w.<\/li>\n<li>Produkcja maszyn: Integralna cz\u0119\u015b\u0107 produkcji r\u00f3\u017cnych maszyn.<\/li>\n<\/ul>\n<p><img decoding=\"async\" src=\"https:\/\/hzpt.com\/wp-content\/uploads\/2023\/11\/Inverted-Telescopic-Cylinder-Applications.webp\" alt=\"Zastosowania odwr\u00f3conego cylindra teleskopowego\" title=\"\"><\/p>\n<h2>Zasada dzia\u0142ania i konserwacja naszego cylindra hydraulicznego<\/h2>\n<p>Nasz si\u0142ownik hydrauliczny dzia\u0142a na zasadzie si\u0142y wej\u015bciowej i wyj\u015bciowej p\u0142ynu hydraulicznego. P\u0142yn hydrauliczny jest pod ci\u015bnieniem, kt\u00f3re jest przekszta\u0142cane w ruch liniowy za pomoc\u0105 t\u0142oka i cylindra. Si\u0142a wywierana przez p\u0142yn porusza t\u0142ok, kt\u00f3ry z kolei porusza obci\u0105\u017cenie do niego pod\u0142\u0105czone. Aby utrzyma\u0107 wydajno\u015b\u0107 i d\u0142ugowieczno\u015b\u0107 naszego si\u0142ownika hydraulicznego, nale\u017cy przestrzega\u0107 poni\u017cszych zasad konserwacji:<\/p>\n<ul>\n<li>Regularne kontrole: Nale\u017cy regularnie sprawdza\u0107, czy w cylindrze nie ma nieszczelno\u015bci lub uszkodze\u0144.<\/li>\n<li>Czyszczenie: Utrzymuj cylinder w czysto\u015bci, usuwaj\u0105c brud i zanieczyszczenia, aby zapobiec zatkaniu lub uszkodzeniu uszczelek.<\/li>\n<li>Smarowanie: Aby zapewni\u0107 p\u0142ynn\u0105 prac\u0119, nale\u017cy regularnie smarowa\u0107 ruchome cz\u0119\u015bci.<\/li>\n<li>Regularne kontrole i naprawy: Nale\u017cy regularnie sprawdza\u0107, czy nie wyst\u0119puje zu\u017cycie lub uszkodzenia, a w razie potrzeby naprawia\u0107 lub wymienia\u0107 cz\u0119\u015bci.<\/li>\n<li>Wymiana uszczelek: Wymieniaj uszczelki w regularnych odst\u0119pach czasu, aby zapobiega\u0107 przeciekom i utrzyma\u0107 ci\u015bnienie.<\/li>\n<li>Post\u0119puj zgodnie z instrukcj\u0105 obs\u0142ugi: Aby zapewni\u0107 bezpieczn\u0105 i wydajn\u0105 prac\u0119, zawsze stosuj si\u0119 do instrukcji i wytycznych zawartych w instrukcji obs\u0142ugi.<\/li>\n<\/ul>\n<p><img decoding=\"async\" class=\"aligncenter\" src=\"https:\/\/hzpt.com\/wp-content\/uploads\/2023\/11\/Inverted-Telescopic-Cylinder-25.webp\" alt=\"Producent odwr\u00f3conych cylindr\u00f3w teleskopowych\" title=\"\"><\/p>\n<h2>Odwr\u00f3cony cylinder teleskopowy<\/h2>\n<p>Odwr\u00f3cony cylinder teleskopowy, znany r\u00f3wnie\u017c jako cylinder teleskopowy o odwrotnym dzia\u0142aniu, to rodzaj cylindra hydraulicznego, kt\u00f3ry dzia\u0142a w kierunku przeciwnym do zwyk\u0142ego cylindra teleskopowego. Jest powszechnie stosowany w r\u00f3\u017cnych zastosowaniach przemys\u0142owych, gdzie ograniczenia przestrzenne lub specyficzne wymagania operacyjne wymagaj\u0105 innej konfiguracji.<\/p>\n<p>Oto kilka kluczowych cech i zalet odwr\u00f3conych cylindr\u00f3w teleskopowych:<\/p>\n<ul>\n<li><strong>Dostawa bezpo\u015brednio z fabryki:<\/strong> Odwr\u00f3cone cylindry teleskopowe mo\u017cna zamawia\u0107 bezpo\u015brednio u producent\u00f3w, co zapewnia niezawodny \u0142a\u0144cuch dostaw i eliminuje zb\u0119dnych po\u015brednik\u00f3w.<\/li>\n<li><strong>D\u0142ugi skok:<\/strong> Te si\u0142owniki zosta\u0142y zaprojektowane tak, aby zapewni\u0107 d\u0142u\u017cszy skok w por\u00f3wnaniu z tradycyjnymi si\u0142ownikami liniowymi. Zapewnia to wi\u0119kszy zakres ruchu i elastyczno\u015b\u0107 w r\u00f3\u017cnych zastosowaniach.<\/li>\n<li><strong>Projekt dostosowany do indywidualnych potrzeb:<\/strong> Odwr\u00f3cone cylindry teleskopowe mo\u017cna dostosowa\u0107 do konkretnych wymaga\u0144, takich jak rozmiar, ud\u017awig i opcje monta\u017cu. Zapewnia to optymaln\u0105 wydajno\u015b\u0107 i integracj\u0119 z danym systemem lub maszyn\u0105.<\/li>\n<li><strong>Konstrukcja teleskopowa:<\/strong> Cylinder sk\u0142ada si\u0119 z wielu stopni lub sekcji, kt\u00f3re sk\u0142adaj\u0105 si\u0119 lub rozszerzaj\u0105 jedna w drugiej, podobnie jak teleskop. Taka konstrukcja pozwala na kompaktowe z\u0142o\u017cenie i zwi\u0119kszenie zasi\u0119gu w razie potrzeby.<\/li>\n<li><strong>Operacje hydrauliczne:<\/strong> Odwr\u00f3cone cylindry teleskopowe wykorzystuj\u0105 p\u0142yn hydrauliczny do generowania si\u0142y niezb\u0119dnej do dzia\u0142ania. Ten uk\u0142ad hydrauliczny zapewnia p\u0142ynny i kontrolowany ruch, gwarantuj\u0105c precyzyjne pozycjonowanie i wydajn\u0105 prac\u0119.<\/li>\n<\/ul>\n<p>Jednym z godnych uwagi zastosowa\u0144 odwr\u00f3conych cylindr\u00f3w teleskopowych s\u0105 urz\u0105dzenia do transportu materia\u0142\u00f3w, takie jak w\u00f3zki wid\u0142owe czy d\u017awigi. Cylindry te zapewniaj\u0105 niezb\u0119dne mo\u017cliwo\u015bci podnoszenia i opuszczania, a ich odwr\u00f3cona konfiguracja zapewnia lepsz\u0105 widoczno\u015b\u0107 i manewrowo\u015b\u0107 w ciasnych przestrzeniach.<\/p>\n<p>Innym zastosowaniem jest sektor rolniczy, gdzie odwr\u00f3cone si\u0142owniki teleskopowe s\u0105 stosowane w maszynach takich jak \u0142adowarki czo\u0142owe czy prasy do siana. Du\u017cy skok i dostosowana konstrukcja tych si\u0142ownik\u00f3w umo\u017cliwiaj\u0105 wydajne podnoszenie, pchanie lub ci\u0105gni\u0119cie ci\u0119\u017ckich \u0142adunk\u00f3w, przyczyniaj\u0105c si\u0119 do wzrostu wydajno\u015bci w gospodarstwie rolnym.<\/p>\n<p>Podsumowuj\u0105c, odwr\u00f3cony si\u0142ownik teleskopowy to wszechstronny element hydrauliczny, oferuj\u0105cy wyj\u0105tkowe korzy\u015bci w zakresie elastyczno\u015bci konstrukcji, d\u0142ugo\u015bci skoku i mo\u017cliwo\u015bci personalizacji. Dostawa bezpo\u015brednio z fabryki, du\u017cy skok i funkcje dostosowane do indywidualnych potrzeb sprawiaj\u0105, \u017ce jest to niezawodny i wydajny wyb\u00f3r do r\u00f3\u017cnych zastosowa\u0144 przemys\u0142owych. Niezale\u017cnie od tego, czy jest stosowany w sprz\u0119cie do transportu materia\u0142\u00f3w, czy w maszynach rolniczych, odwr\u00f3cony si\u0142ownik teleskopowy poprawia wydajno\u015b\u0107 operacyjn\u0105 i przyczynia si\u0119 do p\u0142ynnego dzia\u0142ania z\u0142o\u017conych system\u00f3w.<\/p>\n<h3>O FMP \u2013 cylindrze hydraulicznym<\/h3>\n<p>W FMP specjalizujemy si\u0119 w sprzeda\u017cy i serwisie wysokiej jako\u015bci cz\u0119\u015bci do maszyn budowlanych i kompletnych maszyn. Nasz cylinder hydrauliczny jest jednym z naszych najpopularniejszych produkt\u00f3w i to z dobrego powodu. Oto pi\u0119\u0107 powod\u00f3w, dla kt\u00f3rych cylinder hydrauliczny FMP jest najlepszym wyborem dla Twoich potrzeb w zakresie maszyn budowlanych:<\/p>\n<p>1. <strong>Materia\u0142y najwy\u017cszej jako\u015bci<\/strong>:Nasz si\u0142ownik hydrauliczny wykonany jest z trwa\u0142ych i niezawodnych materia\u0142\u00f3w, co zapewnia d\u0142ugotrwa\u0142\u0105 wydajno\u015b\u0107 i minimalne wymagania konserwacyjne.<\/p>\n<p>2. <strong>Opcje dostosowywania<\/strong>: Oferujemy regulowane cylindry typu wide\u0142kowego, a tak\u017ce inne opcje dostosowywalne do Twoich konkretnych potrzeb. Dzi\u0119ki naszemu do\u015bwiadczeniu w zakresie cz\u0119\u015bci maszyn budowlanych mo\u017cemy wsp\u00f3\u0142pracowa\u0107 z Tob\u0105, aby znale\u017a\u0107 najlepsze rozwi\u0105zanie dla Twojego sprz\u0119tu.<\/p>\n<p>3. <strong>Zesp\u00f3\u0142 ekspert\u00f3w<\/strong>: Nasz do\u015bwiadczony i wykwalifikowany zesp\u00f3\u0142 sprzeda\u017cy jest zorientowany na najnowsze trendy bran\u017cowe i potrzeby klient\u00f3w w bran\u017cy maszyn budowlanych. Mog\u0105 oni zapewni\u0107 profesjonaln\u0105 konsultacj\u0119 produktow\u0105 i m\u0105dre sugestie zakupowe, aby pom\u00f3c Ci podj\u0105\u0107 najlepsz\u0105 decyzj\u0119 dla Twojej firmy.<\/p>\n<p>4. <strong>Efektywna logistyka<\/strong>:Posiadamy wydajny system dystrybucji logistycznej, aby zapewni\u0107, \u017ce klienci otrzymaj\u0105 wymagane cz\u0119\u015bci w odpowiednim czasie i dok\u0142adnie. Oznacza to minimalny przest\u00f3j maszyn budowlanych i p\u0142ynne dzia\u0142anie Twojej firmy.<\/p>\n<p>5. <strong>\u015acis\u0142a kontrola jako\u015bci<\/strong>:Nawi\u0105zujemy d\u0142ugoterminowe i stabilne relacje wsp\u00f3\u0142pracy z wieloma wysokiej jako\u015bci dostawcami w kraju i za granic\u0105, co gwarantuje, \u017ce wszystkie dostarczane cz\u0119\u015bci, w tym nasze si\u0142owniki hydrauliczne, spe\u0142niaj\u0105 surowe standardy jako\u015bci.<\/p>\n<p>Dzi\u0119ki cylindrowi hydraulicznemu FMP mo\u017cesz by\u0107 pewien jako\u015bci i niezawodno\u015bci swoich maszyn budowlanych. Skontaktuj si\u0119 z nami ju\u017c dzi\u015b, aby dowiedzie\u0107 si\u0119 wi\u0119cej o naszych produktach i o tym, jak mo\u017cemy pom\u00f3c Ci znale\u017a\u0107 najlepsze rozwi\u0105zania dla potrzeb Twojej firmy.<\/p>\n<p><img decoding=\"async\" class=\"aligncenter\" src=\"https:\/\/fmp-components.com\/wp-content\/uploads\/2024\/12\/Adjustable-Clevis-Type-Cylinders-6.webp\" alt=\"Regulowany cylinder typu wide\u0142kowego\" width=\"853\" title=\"\"><br \/>\nAutor:CX<\/p>","protected":false},"excerpt":{"rendered":"<p>Introducing Our Factory Direct Supply Long Stroke Customized Telescopic Hydraulic Cylinder Our brand-new hydraulic cylinder is a state-of-the-art product that is ideal for use across various industries, such as manufacturing plants, machinery repair shops, farms, energy &amp; mining, machinery manufacturing, and machinery factories. With a weight of 40kg, this hydraulic cylinder features a maximum thrust [&hellip;]<\/p>","protected":false},"featured_media":1712,"comment_status":"closed","ping_status":"closed","template":"","meta":{"_et_pb_use_builder":"","_et_pb_old_content":"","_et_gb_content_width":""},"product_brand":[],"product_cat":[45],"product_tag":[34,48],"class_list":{"0":"post-1711","1":"product","2":"type-product","3":"status-publish","4":"has-post-thumbnail","6":"product_cat-inverted-telescopic-cylinder","7":"product_tag-hydraulic-cylinder","8":"product_tag-inverted-telescopic-cylinder","10":"first","11":"instock","12":"product-type-simple"},"_links":{"self":[{"href":"https:\/\/fmp-components.com\/pl\/wp-json\/wp\/v2\/product\/1711","targetHints":{"allow":["GET"]}}],"collection":[{"href":"https:\/\/fmp-components.com\/pl\/wp-json\/wp\/v2\/product"}],"about":[{"href":"https:\/\/fmp-components.com\/pl\/wp-json\/wp\/v2\/types\/product"}],"replies":[{"embeddable":true,"href":"https:\/\/fmp-components.com\/pl\/wp-json\/wp\/v2\/comments?post=1711"}],"wp:featuredmedia":[{"embeddable":true,"href":"https:\/\/fmp-components.com\/pl\/wp-json\/wp\/v2\/media\/1712"}],"wp:attachment":[{"href":"https:\/\/fmp-components.com\/pl\/wp-json\/wp\/v2\/media?parent=1711"}],"wp:term":[{"taxonomy":"product_brand","embeddable":true,"href":"https:\/\/fmp-components.com\/pl\/wp-json\/wp\/v2\/product_brand?post=1711"},{"taxonomy":"product_cat","embeddable":true,"href":"https:\/\/fmp-components.com\/pl\/wp-json\/wp\/v2\/product_cat?post=1711"},{"taxonomy":"product_tag","embeddable":true,"href":"https:\/\/fmp-components.com\/pl\/wp-json\/wp\/v2\/product_tag?post=1711"}],"curies":[{"name":"wp","href":"https:\/\/api.w.org\/{rel}","templated":true}]}}