{"id":1709,"date":"2024-12-23T07:01:59","date_gmt":"2024-12-23T07:01:59","guid":{"rendered":"https:\/\/fmp-components.com\/product\/professional-craftsmanship-customized-mini-hydraulic-cylinder-for-dump-truck\/"},"modified":"2025-05-10T13:00:55","modified_gmt":"2025-05-10T13:00:55","slug":"professional-craftsmanship-customized-mini-hydraulic-cylinder-for-dump-truck","status":"publish","type":"product","link":"https:\/\/fmp-components.com\/pl\/product\/professional-craftsmanship-customized-mini-hydraulic-cylinder-for-dump-truck\/","title":{"rendered":"Profesjonalne wykonanie, dostosowany miniaturowy si\u0142ownik hydrauliczny do wywrotki"},"content":{"rendered":"<h2>Profesjonalne wykonanie, miniaturowy si\u0142ownik hydrauliczny do wywrotek<\/h2>\n<p>Przedstawiamy nasz najwy\u017cszej klasy, profesjonalny, rzemie\u015blniczy, dostosowany do indywidualnych potrzeb, mini si\u0142ownik hydrauliczny do wywrotek. Ten nowy i innowacyjnie zaprojektowany si\u0142ownik hydrauliczny idealnie sprawdza si\u0119 w r\u00f3\u017cnych bran\u017cach, w tym w zak\u0142adach produkcyjnych, warsztatach naprawy maszyn, gospodarstwach rolnych, energetyce i g\u00f3rnictwie, produkcji maszyn oraz fabrykach maszyn. Urz\u0105dzenie wa\u017cy oko\u0142o 43 kg i jest obj\u0119te roczn\u0105 gwarancj\u0105. Jego g\u0142\u00f3wnymi komponentami s\u0105 \u0142o\u017cysko i si\u0142ownik t\u0142okowy, wykonane z zachowaniem najwy\u017cszych standard\u00f3w profesjonalizmu.<\/p>\n<h2>Cechy miniaturowego cylindra hydraulicznego<\/h2>\n<p>Nasz miniaturowy si\u0142ownik hydrauliczny to standardowa konstrukcja cylindra t\u0142okowego z kilkoma kluczowymi cechami, kt\u00f3re go wyr\u00f3\u017cniaj\u0105:<\/p>\n<p><img decoding=\"async\" class=\"aligncenter\" src=\"https:\/\/hzpt.com\/wp-content\/uploads\/2023\/11\/Inverted-Telescopic-Cylinder-18.webp\" alt=\"Odwr\u00f3cony cylinder teleskopowy\" title=\"\"><\/p>\n<ol>\n<li>\n<ol>\n<li><b>Moc:<\/b> Dzia\u0142a w oparciu o uk\u0142ad hydrauliczny, co zapewnia wydajn\u0105 prac\u0119.<\/li>\n<li><b>Materia\u0142 korpusu:<\/b> Korpus cylindra wykonany jest z wysokiej jako\u015bci stali, co zapewnia trwa\u0142o\u015b\u0107 i d\u0142ugotrwa\u0142e u\u017cytkowanie.<\/li>\n<li><b>Maksymalny ci\u0105g:<\/b> Maksymalny ci\u0105g wynosi 3000, co zapewnia wystarczaj\u0105c\u0105 si\u0142\u0119 do wykonywania ci\u0119\u017ckich zada\u0144.<\/li>\n<li><b>Typ:<\/b> Jest to odwr\u00f3cony cylinder teleskopowy, znany ze swojej kompaktowej konstrukcji i wysokiej wydajno\u015bci.<\/li>\n<li><b>Porty:<\/b> Nasz cylinder jest dost\u0119pny z wieloma opcjami port\u00f3w \u2013 G, SAE, NPT, M.<\/li>\n<\/ol>\n<\/li>\n<\/ol>\n<h2>Zastosowania miniaturowego cylindra hydraulicznego<\/h2>\n<p>Miniaturowy si\u0142ownik hydrauliczny jest wszechstronny i mo\u017ce by\u0107 stosowany w wielu zastosowaniach:<\/p>\n<ol>\n<li>Zak\u0142ady produkcyjne: Do obs\u0142ugi ci\u0119\u017ckich maszyn i linii produkcyjnych.<\/li>\n<li>Warsztaty naprawy maszyn: zajmuj\u0105ce si\u0119 napraw\u0105 i renowacj\u0105 ci\u0119\u017ckich maszyn.<\/li>\n<li>Gospodarstwa rolne: Do obs\u0142ugi maszyn i urz\u0105dze\u0144 rolniczych.<\/li>\n<li>Energetyka i g\u00f3rnictwo: Do \u200b\u200bproces\u00f3w wydobywczych i wytwarzania energii.<\/li>\n<li>Produkcja maszyn i fabryka maszyn: Produkcja i monta\u017c podzespo\u0142\u00f3w maszyn.<\/li>\n<\/ol>\n<p><img decoding=\"async\" src=\"https:\/\/hzpt.com\/wp-content\/uploads\/2023\/11\/Inverted-Telescopic-Cylinder-Applications.webp\" alt=\"Zastosowania odwr\u00f3conego cylindra teleskopowego\" title=\"\"><\/p>\n<h2>Zasada dzia\u0142ania i konserwacja miniaturowego cylindra hydraulicznego<\/h2>\n<p>Mini si\u0142ownik hydrauliczny dzia\u0142a w oparciu o zasad\u0119 mechaniki p\u0142yn\u00f3w. Wykorzystuje on dop\u0142yw p\u0142ynu hydraulicznego do generowania si\u0142y wyj\u015bciowej w t\u0142oku. Si\u0142a ta jest nast\u0119pnie wykorzystywana do wykonywania pracy w r\u00f3\u017cnych zastosowaniach. Regularna konserwacja ma kluczowe znaczenie dla trwa\u0142o\u015bci i optymalnej wydajno\u015bci mini si\u0142ownika hydraulicznego. Obejmuje ona regularne kontrole, czyszczenie, smarowanie, przegl\u0105dy i naprawy, wymian\u0119 uszczelnie\u0144 oraz przestrzeganie instrukcji obs\u0142ugi.<\/p>\n<p><img decoding=\"async\" class=\"aligncenter\" src=\"https:\/\/hzpt.com\/wp-content\/uploads\/2023\/11\/Inverted-Telescopic-Cylinder-15.webp\" alt=\"Odwr\u00f3cony cylinder teleskopowy\" title=\"\"><\/p>\n<h2>Odwr\u00f3cony cylinder teleskopowy<\/h2>\n<p>Profesjonalnie wykonany, miniaturowy si\u0142ownik hydrauliczny do wywrotek, odwr\u00f3cony si\u0142ownik teleskopowy to innowacyjny element uk\u0142adu hydraulicznego, kt\u00f3ry odgrywa kluczow\u0105 rol\u0119 w wydajnej pracy wywrotek. Dzi\u0119ki unikalnej konstrukcji i funkcjonalno\u015bci, si\u0142ownik ten oferuje zwi\u0119kszon\u0105 wydajno\u015b\u0107 i trwa\u0142o\u015b\u0107, co czyni go preferowanym wyborem do r\u00f3\u017cnych zastosowa\u0144 wymagaj\u0105cych du\u017cej wytrzyma\u0142o\u015bci.<\/p>\n<h3>1. Wprowadzenie do odwr\u00f3conego cylindra teleskopowego<\/h3>\n<p>Odwr\u00f3cony si\u0142ownik teleskopowy, znany r\u00f3wnie\u017c jako wielostopniowy si\u0142ownik hydrauliczny lub dwustronnego dzia\u0142ania si\u0142ownik teleskopowy, zosta\u0142 zaprojektowany specjalnie z my\u015bl\u0105 o zapewnieniu kompaktowego i niezawodnego rozwi\u0105zania dla wywrotek. W przeciwie\u0144stwie do tradycyjnych si\u0142ownik\u00f3w jednostopniowych, ten si\u0142ownik sk\u0142ada si\u0119 z wielu stopni umieszczonych jeden w drugim, co pozwala na uzyskanie wi\u0119kszego skoku bez zajmowania du\u017cej przestrzeni.<\/p>\n<p>Ten typ si\u0142ownika jest powszechnie stosowany w wywrotkach do podnoszenia i opuszczania skrzyni \u0142adunkowej lub kontenera. Zapewnia du\u017c\u0105 si\u0142\u0119 wyj\u015bciow\u0105 przy zachowaniu kompaktowych rozmiar\u00f3w, co czyni go idealnym do podnoszenia i opr\u00f3\u017cniania ci\u0119\u017ckich \u0142adunk\u00f3w.<\/p>\n<h3>2. Projekt i funkcjonalno\u015b\u0107<\/h3>\n<p>Odwr\u00f3cony cylinder teleskopowy sk\u0142ada si\u0119 z szeregu stopni, z kt\u00f3rych ka\u017cdy wsuwa si\u0119 w poprzedni. Stopnie s\u0105 po\u0142\u0105czone t\u0142oczyskiem, kt\u00f3re wysuwa si\u0119 i chowa, aby kontrolowa\u0107 ruch cylindra. Najbardziej zewn\u0119trzny stopie\u0144 ma zazwyczaj najwi\u0119ksz\u0105 \u015brednic\u0119, podczas gdy stopnie wewn\u0119trzne stopniowo si\u0119 zmniejszaj\u0105.<\/p>\n<p>Gdy cylinder jest wysuni\u0119ty, p\u0142yn hydrauliczny wp\u0142ywa do cylindra przez otw\u00f3r wlotowy, wywieraj\u0105c ci\u015bnienie na t\u0142ok. To ci\u015bnienie powoduje ruch t\u0142oka i po\u0142\u0105czonych z nim stopni na zewn\u0105trz, wyd\u0142u\u017caj\u0105c ca\u0142kowit\u0105 d\u0142ugo\u015b\u0107 cylindra. I odwrotnie, gdy cylinder jest wsuni\u0119ty, p\u0142yn hydrauliczny jest uwalniany z cylindra przez otw\u00f3r wylotowy, umo\u017cliwiaj\u0105c wsuni\u0119cie t\u0142oka i z\u0142o\u017cenie stopni z powrotem w jeden.<\/p>\n<p>Ta unikalna konstrukcja pozwala odwr\u00f3conemu si\u0142ownikowi teleskopowemu na osi\u0105gni\u0119cie d\u0142u\u017cszego skoku w por\u00f3wnaniu z tradycyjnymi si\u0142ownikami jednostopniowymi, przy jednoczesnym zachowaniu kompaktowych rozmiar\u00f3w. Dodatkowo, teleskopowy uk\u0142ad stopni zapewnia lepsz\u0105 stabilno\u015b\u0107 i odporno\u015b\u0107 na obci\u0105\u017cenia boczne, gwarantuj\u0105c p\u0142ynn\u0105 i wydajn\u0105 prac\u0119 nawet w trudnych warunkach.<\/p>\n<h3>3. Korzy\u015bci i zastosowania<\/h3>\n<p>Odwr\u00f3cony cylinder teleskopowy oferuje szereg korzy\u015bci, kt\u00f3re czyni\u0105 go preferowanym wyborem w przypadku zastosowa\u0144 w wywrotkach:<\/p>\n<ul>\n<li><strong>Wysoka si\u0142a wyj\u015bciowa:<\/strong> Dzi\u0119ki wielostopniowej konstrukcji si\u0142ownik ten mo\u017ce wytwarza\u0107 du\u017c\u0105 si\u0142\u0119 wyj\u015bciow\u0105, co czyni go odpowiednim do podnoszenia i wy\u0142adunku du\u017cych ci\u0119\u017car\u00f3w.<\/li>\n<li><strong>Kompaktowy rozmiar:<\/strong> Zagnie\u017cd\u017cone u\u0142o\u017cenie stopni pozwala na uzyskanie d\u0142u\u017cszego skoku cylindra bez zajmowania nadmiernej przestrzeni, co czyni je idealnym rozwi\u0105zaniem w pojazdach z ograniczon\u0105 przestrzeni\u0105 monta\u017cow\u0105.<\/li>\n<li><strong>Poprawiona stabilno\u015b\u0107:<\/strong> Teleskopowa konstrukcja zapewnia zwi\u0119kszon\u0105 stabilno\u015b\u0107 i odporno\u015b\u0107 na obci\u0105\u017cenia boczne, co przek\u0142ada si\u0119 na p\u0142ynn\u0105 i precyzyjn\u0105 prac\u0119.<\/li>\n<li><strong>Trwa\u0142e i niezawodne:<\/strong> Ten cylinder zosta\u0142 wykonany z najwy\u017csz\u0105 staranno\u015bci\u0105 i zaprojektowany tak, aby wytrzyma\u0107 trudne warunki i intensywne u\u017cytkowanie, zapewniaj\u0105c d\u0142ugotrwa\u0142\u0105 wydajno\u015b\u0107.<\/li>\n<\/ul>\n<p>Opr\u00f3cz wywrotek, odwr\u00f3cony cylinder teleskopowy jest r\u00f3wnie\u017c stosowany w r\u00f3\u017cnych innych zastosowaniach przemys\u0142owych, w tym w sprz\u0119cie do transportu materia\u0142\u00f3w, maszynach rolniczych i sprz\u0119cie budowlanym.<\/p>\n<p>Podsumowuj\u0105c, odwr\u00f3cony si\u0142ownik teleskopowy to wszechstronny i wydajny element uk\u0142adu hydraulicznego, kt\u00f3ry oferuje zwi\u0119kszon\u0105 wydajno\u015b\u0107 i trwa\u0142o\u015b\u0107. Jego unikalna konstrukcja i funkcjonalno\u015b\u0107 sprawiaj\u0105, \u017ce jest to doskona\u0142y wyb\u00f3r do obs\u0142ugi wywrotek i innych zastosowa\u0144 wymagaj\u0105cych du\u017cej wytrzyma\u0142o\u015bci. Dzi\u0119ki profesjonalnemu wykonaniu i indywidualnemu podej\u015bciu, si\u0142ownik ten gwarantuje optymaln\u0105 wydajno\u015b\u0107 i niezawodno\u015b\u0107 w wymagaj\u0105cych warunkach.<\/p>\n<h3>O FMP \u2013 cylindrze hydraulicznym<\/h3>\n<p>W FMP specjalizujemy si\u0119 w sprzeda\u017cy i serwisie wysokiej jako\u015bci cz\u0119\u015bci do maszyn budowlanych i kompletnych maszyn. Nasz cylinder hydrauliczny jest jednym z naszych najpopularniejszych produkt\u00f3w i to z dobrego powodu. Oto pi\u0119\u0107 powod\u00f3w, dla kt\u00f3rych cylinder hydrauliczny FMP jest najlepszym wyborem dla Twoich potrzeb w zakresie maszyn budowlanych:<\/p>\n<p>1. <strong>Materia\u0142y najwy\u017cszej jako\u015bci<\/strong>:Nasz si\u0142ownik hydrauliczny wykonany jest z trwa\u0142ych i niezawodnych materia\u0142\u00f3w, co zapewnia d\u0142ugotrwa\u0142\u0105 wydajno\u015b\u0107 i minimalne wymagania konserwacyjne.<\/p>\n<p>2. <strong>Opcje dostosowywania<\/strong>: Oferujemy regulowane cylindry typu wide\u0142kowego, a tak\u017ce inne opcje dostosowywalne do Twoich konkretnych potrzeb. Dzi\u0119ki naszemu do\u015bwiadczeniu w zakresie cz\u0119\u015bci maszyn budowlanych mo\u017cemy wsp\u00f3\u0142pracowa\u0107 z Tob\u0105, aby znale\u017a\u0107 najlepsze rozwi\u0105zanie dla Twojego sprz\u0119tu.<\/p>\n<p>3. <strong>Zesp\u00f3\u0142 ekspert\u00f3w<\/strong>: Nasz do\u015bwiadczony i wykwalifikowany zesp\u00f3\u0142 sprzeda\u017cy jest zorientowany na najnowsze trendy bran\u017cowe i potrzeby klient\u00f3w w bran\u017cy maszyn budowlanych. Mog\u0105 oni zapewni\u0107 profesjonaln\u0105 konsultacj\u0119 produktow\u0105 i m\u0105dre sugestie zakupowe, aby pom\u00f3c Ci podj\u0105\u0107 najlepsz\u0105 decyzj\u0119 dla Twojej firmy.<\/p>\n<p>4. <strong>Efektywna logistyka<\/strong>:Posiadamy wydajny system dystrybucji logistycznej, aby zapewni\u0107, \u017ce klienci otrzymaj\u0105 wymagane cz\u0119\u015bci w odpowiednim czasie i dok\u0142adnie. Oznacza to minimalny przest\u00f3j maszyn budowlanych i p\u0142ynne dzia\u0142anie Twojej firmy.<\/p>\n<p>5. <strong>\u015acis\u0142a kontrola jako\u015bci<\/strong>:Nawi\u0105zujemy d\u0142ugoterminowe i stabilne relacje wsp\u00f3\u0142pracy z wieloma wysokiej jako\u015bci dostawcami w kraju i za granic\u0105, co gwarantuje, \u017ce wszystkie dostarczane cz\u0119\u015bci, w tym nasze si\u0142owniki hydrauliczne, spe\u0142niaj\u0105 surowe standardy jako\u015bci.<\/p>\n<p>Dzi\u0119ki cylindrowi hydraulicznemu FMP mo\u017cesz by\u0107 pewien jako\u015bci i niezawodno\u015bci swoich maszyn budowlanych. Skontaktuj si\u0119 z nami ju\u017c dzi\u015b, aby dowiedzie\u0107 si\u0119 wi\u0119cej o naszych produktach i o tym, jak mo\u017cemy pom\u00f3c Ci znale\u017a\u0107 najlepsze rozwi\u0105zania dla potrzeb Twojej firmy.<\/p>\n<p><img decoding=\"async\" class=\"aligncenter\" src=\"https:\/\/fmp-components.com\/wp-content\/uploads\/2024\/12\/Adjustable-Clevis-Type-Cylinders-6.webp\" alt=\"Regulowany cylinder typu wide\u0142kowego\" width=\"853\" title=\"\"><br \/>\nAutor:CX<\/p>","protected":false},"excerpt":{"rendered":"<p>Professional Craftsmanship Customized Mini Hydraulic Cylinder for Dump Trucks Introducing our top-of-the-line Professional Craftsmanship Customized Mini Hydraulic Cylinder for Dump Trucks. This new and innovatively designed hydraulic cylinder is ideal for various industries including manufacturing plants, machinery repair shops, farms, energy and mining, machinery manufacturing, and machinery factories. The equipment weighs approximately 43 KG and [&hellip;]<\/p>","protected":false},"featured_media":1710,"comment_status":"closed","ping_status":"closed","template":"","meta":{"_et_pb_use_builder":"","_et_pb_old_content":"","_et_gb_content_width":""},"product_brand":[],"product_cat":[45],"product_tag":[34,48],"class_list":{"0":"post-1709","1":"product","2":"type-product","3":"status-publish","4":"has-post-thumbnail","6":"product_cat-inverted-telescopic-cylinder","7":"product_tag-hydraulic-cylinder","8":"product_tag-inverted-telescopic-cylinder","10":"first","11":"instock","12":"product-type-simple"},"_links":{"self":[{"href":"https:\/\/fmp-components.com\/pl\/wp-json\/wp\/v2\/product\/1709","targetHints":{"allow":["GET"]}}],"collection":[{"href":"https:\/\/fmp-components.com\/pl\/wp-json\/wp\/v2\/product"}],"about":[{"href":"https:\/\/fmp-components.com\/pl\/wp-json\/wp\/v2\/types\/product"}],"replies":[{"embeddable":true,"href":"https:\/\/fmp-components.com\/pl\/wp-json\/wp\/v2\/comments?post=1709"}],"wp:featuredmedia":[{"embeddable":true,"href":"https:\/\/fmp-components.com\/pl\/wp-json\/wp\/v2\/media\/1710"}],"wp:attachment":[{"href":"https:\/\/fmp-components.com\/pl\/wp-json\/wp\/v2\/media?parent=1709"}],"wp:term":[{"taxonomy":"product_brand","embeddable":true,"href":"https:\/\/fmp-components.com\/pl\/wp-json\/wp\/v2\/product_brand?post=1709"},{"taxonomy":"product_cat","embeddable":true,"href":"https:\/\/fmp-components.com\/pl\/wp-json\/wp\/v2\/product_cat?post=1709"},{"taxonomy":"product_tag","embeddable":true,"href":"https:\/\/fmp-components.com\/pl\/wp-json\/wp\/v2\/product_tag?post=1709"}],"curies":[{"name":"wp","href":"https:\/\/api.w.org\/{rel}","templated":true}]}}