{"id":1707,"date":"2024-12-23T07:01:59","date_gmt":"2024-12-23T07:01:59","guid":{"rendered":"https:\/\/fmp-components.com\/product\/professional-small-telescopic-double-acting-dump-truck-hydraulic-ram-cylinder\/"},"modified":"2025-03-11T06:02:23","modified_gmt":"2025-03-11T06:02:23","slug":"professional-small-telescopic-double-acting-dump-truck-hydraulic-ram-cylinder","status":"publish","type":"product","link":"https:\/\/fmp-components.com\/pl\/product\/professional-small-telescopic-double-acting-dump-truck-hydraulic-ram-cylinder\/","title":{"rendered":"Profesjonalny ma\u0142y teleskopowy si\u0142ownik hydrauliczny dwustronnego dzia\u0142ania do wywrotek"},"content":{"rendered":"<p>Profesjonalny, ma\u0142y teleskopowy si\u0142ownik hydrauliczny dwustronnego dzia\u0142ania do wywrotek to wysokiej jako\u015bci produkt zaprojektowany z my\u015bl\u0105 o wydajnej i niezawodnej pracy. Ten si\u0142ownik hydrauliczny zosta\u0142 zaprojektowany specjalnie do wywrotek i charakteryzuje si\u0119 konstrukcj\u0105 dwustronnego dzia\u0142ania, kt\u00f3ra zapewnia p\u0142ynn\u0105 i r\u00f3wnomiern\u0105 prac\u0119.<\/p>\n<p>Wykonany z trwa\u0142ych materia\u0142\u00f3w, ten si\u0142ownik hydrauliczny jest stworzony do intensywnego u\u017cytkowania. Teleskopowa konstrukcja umo\u017cliwia p\u0142ynne wysuwanie i wsuwanie, a funkcja dwustronnego dzia\u0142ania gwarantuje skuteczne dzia\u0142anie w obu kierunkach.<\/p>\n<table style=\"width: 100%;\" border=\"1\" width=\"100%\" cellspacing=\"0\" cellpadding=\"0\">\n<tbody>\n<tr>\n<th>Nazwa produktu<\/th>\n<td>Profesjonalny ma\u0142y teleskopowy si\u0142ownik hydrauliczny dwustronnego dzia\u0142ania do wywrotek<\/td>\n<\/tr>\n<tr>\n<th>Stan<\/th>\n<td>Nowy<\/td>\n<\/tr>\n<tr>\n<th>Gwarancja<\/th>\n<td>1 rok<\/td>\n<\/tr>\n<tr>\n<th>Waga (kg)<\/th>\n<td>48<\/td>\n<\/tr>\n<tr>\n<th>Typ<\/th>\n<td>Teleskopowy dwustronnego dzia\u0142ania<\/td>\n<\/tr>\n<tr>\n<th>\u0179r\u00f3d\u0142o zasilania<\/th>\n<td>Hydrauliczny<\/td>\n<\/tr>\n<tr>\n<th>Tworzywo<\/th>\n<td>Stal<\/td>\n<\/tr>\n<tr>\n<th>Projekt<\/th>\n<td>Specyfikacje standardowe ze struktur\u0105 t\u0142okowo-cylindrow\u0105<\/td>\n<\/tr>\n<tr>\n<th>Trwa\u0142o\u015b\u0107<\/th>\n<td>Doskona\u0142a trwa\u0142o\u015b\u0107 i niezawodno\u015b\u0107<\/td>\n<\/tr>\n<tr>\n<th>Zastosowane bran\u017ce<\/th>\n<td>Zak\u0142ady produkcyjne, warsztaty naprawcze maszyn, gospodarstwa rolne, energetyka i g\u00f3rnictwo, produkcja maszyn<\/td>\n<\/tr>\n<tr>\n<th>Wydajno\u015b\u0107<\/th>\n<td>Wysoka wydajno\u015b\u0107 dla p\u0142ynnej pracy<\/td>\n<\/tr>\n<\/tbody>\n<\/table>\n<h2>Cechy profesjonalnego ma\u0142ego teleskopowego si\u0142ownika hydraulicznego dwustronnego dzia\u0142ania do wywrotek<\/h2>\n<p>Profesjonalny ma\u0142y teleskopowy si\u0142ownik hydrauliczny dwustronnego dzia\u0142ania do wywrotek wyr\u00f3\u017cnia si\u0119 kilkoma charakterystycznymi cechami:<\/p>\n<p><img decoding=\"async\" src=\"https:\/\/hzpt.com\/wp-content\/uploads\/2023\/11\/Inverted-Telescopic-Cylinder-7.webp\" alt=\"\" title=\"\"><\/p>\n<ul>\n<li>Maksymalna si\u0142a ci\u0105gu wynosi 3000, a maksymalna si\u0142a uci\u0105gu 20 ton.<\/li>\n<li>Typ cylindra jest odwr\u00f3conym cylindrem teleskopowym.<\/li>\n<li>\u015arednica otworu wynosi od 2 do 6 cali, \u015brednica pr\u0119ta od 1,125 do 4 cali, skok t\u0142oka od 6 do 48 cali, a \u015brednica sworznia od 0,5 do 2 cali.<\/li>\n<li>Obudowa wykonana jest z wytrzyma\u0142ej stali, co gwarantuje trwa\u0142o\u015b\u0107. Urz\u0105dzenie ma elegancki, czarny kolor.<\/li>\n<li>Posiada certyfikat ISO9001:2000, potwierdzaj\u0105cy jako\u015b\u0107 i niezawodno\u015b\u0107.<\/li>\n<\/ul>\n<h2>Zastosowania profesjonalnego ma\u0142ego teleskopowego si\u0142ownika hydraulicznego dwustronnego dzia\u0142ania do wywrotek<\/h2>\n<p>Profesjonalny ma\u0142y teleskopowy si\u0142ownik hydrauliczny dwustronnego dzia\u0142ania do wywrotek ma szeroki zakres zastosowa\u0144:<\/p>\n<ul>\n<li>Zak\u0142ady produkcyjne: Mo\u017cna je stosowa\u0107 w r\u00f3\u017cnych procesach produkcyjnych wymagaj\u0105cych du\u017cej precyzji i mocy.<\/li>\n<li>Warsztaty naprawy maszyn: Przydatne przy naprawie i konserwacji ci\u0119\u017ckich maszyn.<\/li>\n<li>Gospodarstwa rolne: Mo\u017cna go stosowa\u0107 w ci\u0119\u017ckich maszynach rolniczych do r\u00f3\u017cnych proces\u00f3w rolniczych.<\/li>\n<li>Energetyka i g\u00f3rnictwo: Ma zastosowanie w maszynach wykorzystywanych w przemy\u015ble energetycznym i g\u00f3rniczym.<\/li>\n<li>Produkcja maszyn: Jest szeroko stosowany przy produkcji r\u00f3\u017cnych typ\u00f3w maszyn.<\/li>\n<\/ul>\n<p><img decoding=\"async\" src=\"https:\/\/hzpt.com\/wp-content\/uploads\/2023\/11\/Inverted-Telescopic-Cylinder-Applications.webp\" alt=\"Zastosowania odwr\u00f3conego cylindra teleskopowego\" title=\"\"><\/p>\n<h2>Zasada dzia\u0142ania i konserwacja profesjonalnego ma\u0142ego teleskopowego si\u0142ownika hydraulicznego dwustronnego dzia\u0142ania do wywrotek<\/h2>\n<p>Profesjonalny, ma\u0142y, teleskopowy si\u0142ownik hydrauliczny dwustronnego dzia\u0142ania do wywrotek dzia\u0142a na zasadzie si\u0142y hydraulicznej. P\u0142yn hydrauliczny jest pompowany do cylindra, kt\u00f3ry wysuwa t\u0142oczysko poprzez popychanie t\u0142oka. Nast\u0119pnie p\u0142yn jest uwalniany z cylindra, powoduj\u0105c wsuni\u0119cie t\u0142oczyska z powrotem do cylindra. Taka metoda dzia\u0142ania zapewnia du\u017c\u0105 moc wyj\u015bciow\u0105 i precyzyjn\u0105 kontrol\u0119.<\/p>\n<p>Konserwacja si\u0142ownika hydraulicznego obejmuje kilka czynno\u015bci:<\/p>\n<ul>\n<li>\n<ul>\n<li>Regularne kontrole: Nale\u017cy regularnie sprawdza\u0107 cylinder pod k\u0105tem oznak zu\u017cycia, nieszczelno\u015bci lub uszkodze\u0144.<\/li>\n<li>Czyszczenie: Zewn\u0119trzn\u0105 powierzchni\u0119 cylindra nale\u017cy cz\u0119sto czy\u015bci\u0107, aby zapobiec gromadzeniu si\u0119 brudu i zanieczyszcze\u0144, kt\u00f3re mog\u0142yby negatywnie wp\u0142yn\u0105\u0107 na jego dzia\u0142anie.<\/li>\n<\/ul>\n<\/li>\n<\/ul>\n<ul>\n<li>Smarowanie: Ruchome cz\u0119\u015bci cylindra nale\u017cy regularnie smarowa\u0107, aby zapewni\u0107 ich p\u0142ynn\u0105 prac\u0119 i zapobiec zu\u017cyciu.<\/li>\n<li>Regularne kontrole i naprawy: Wszelkie problemy zidentyfikowane podczas kontroli nale\u017cy niezw\u0142ocznie naprawi\u0107, aby zapobiec dalszym szkodom.<\/li>\n<li>Wymiana uszczelek: Uszczelki cylindra nale\u017cy okresowo wymienia\u0107, aby zapewni\u0107 prawid\u0142owe dzia\u0142anie urz\u0105dzenia i zapobiec wyciekom.<\/li>\n<\/ul>\n<p><img decoding=\"async\" src=\"https:\/\/hzpt.com\/wp-content\/uploads\/2023\/11\/Inverted-Telescopic-Cylinder-11.webp\" alt=\"\" title=\"\"><\/p>\n<h2>Odwr\u00f3cony cylinder teleskopowy<\/h2>\n<p>Profesjonalny ma\u0142y teleskopowy si\u0142ownik hydrauliczny dwustronnego dzia\u0142ania do wywrotek<\/p>\n<p>Odwr\u00f3cony si\u0142ownik teleskopowy, znany r\u00f3wnie\u017c jako ma\u0142y teleskopowy si\u0142ownik hydrauliczny dwustronnego dzia\u0142ania do wywrotek, to element hydrauliczny stosowany w r\u00f3\u017cnych ga\u0142\u0119ziach przemys\u0142u, a w szczeg\u00f3lno\u015bci w wywrotkach. Ten specjalistyczny si\u0142ownik zosta\u0142 zaprojektowany z my\u015bl\u0105 o zapewnieniu niezawodnego i wydajnego podnoszenia i zrzucania \u0142adunku, gwarantuj\u0105c p\u0142ynn\u0105 prac\u0119 i zwi\u0119kszon\u0105 wydajno\u015b\u0107. W tym artykule szczeg\u00f3\u0142owo om\u00f3wimy cechy, zalety i zastosowania odwr\u00f3conego si\u0142ownika teleskopowego.<\/p>\n<h3>Cechy:<\/h3>\n<p>1. Wielostopniowy: Odwr\u00f3cony cylinder teleskopowy sk\u0142ada si\u0119 z kilku stopni osadzonych jeden w drugim. Taka konstrukcja pozwala na uzyskanie kompaktowej d\u0142ugo\u015bci po z\u0142o\u017ceniu, a jednocze\u015bnie zapewnia d\u0142u\u017cszy skok, maksymalizuj\u0105c ud\u017awig cylindra.<\/p>\n<p>2. Dwustronnego dzia\u0142ania: Si\u0142ownik dzia\u0142a dwustronnie, co oznacza, \u017ce \u200b\u200bmo\u017ce generowa\u0107 si\u0142\u0119 w obu kierunkach. Ta funkcja umo\u017cliwia si\u0142ownikowi \u0142atwe podnoszenie i opuszczanie ci\u0119\u017ckich \u0142adunk\u00f3w, zwi\u0119kszaj\u0105c wydajno\u015b\u0107 pracy wywrotek.<\/p>\n<p>3. Sterowanie hydrauliczne: Odwr\u00f3cony si\u0142ownik teleskopowy jest nap\u0119dzany p\u0142ynem hydraulicznym, kt\u00f3ry jest pod ci\u015bnieniem, aby wytworzy\u0107 si\u0142\u0119 niezb\u0119dn\u0105 do podnoszenia i opr\u00f3\u017cniania. Hydrauliczny uk\u0142ad sterowania zapewnia precyzyjne i kontrolowane ruchy, zwi\u0119kszaj\u0105c bezpiecze\u0144stwo i zmniejszaj\u0105c ryzyko wypadk\u00f3w.<\/p>\n<p>4. Trwa\u0142a konstrukcja: Te cylindry s\u0105 zaprojektowane tak, aby wytrzyma\u0107 wysokie ci\u015bnienie i du\u017ce obci\u0105\u017cenia. Zazwyczaj s\u0105 wykonane z wysokiej jako\u015bci materia\u0142\u00f3w, takich jak stal, co zapewnia d\u0142ugotrwa\u0142\u0105 wydajno\u015b\u0107 i odporno\u015b\u0107 na zu\u017cycie.<\/p>\n<h3>Korzy\u015bci:<\/h3>\n<p>1. Zwi\u0119kszony ud\u017awig: Zagnie\u017cd\u017cone stopnie odwr\u00f3conego cylindra teleskopowego zapewniaj\u0105 wi\u0119kszy ud\u017awig w por\u00f3wnaniu z tradycyjnymi cylindrami. Oznacza to, \u017ce wywrotki wyposa\u017cone w te cylindry mog\u0105 obs\u0142ugiwa\u0107 wi\u0119ksze \u0142adunki, co zwi\u0119ksza wydajno\u015b\u0107 i zmniejsza liczb\u0119 wymaganych przejazd\u00f3w.<\/p>\n<p>2. Lepsza stabilno\u015b\u0107: Konstrukcja odwr\u00f3conego cylindra teleskopowego zapewnia lepsz\u0105 stabilno\u015b\u0107 podczas podnoszenia i opr\u00f3\u017cniania. Zagnie\u017cd\u017cone stopnie zapewniaj\u0105 wsparcie i zapobiegaj\u0105 nadmiernemu ko\u0142ysaniu lub przechylaniu, gwarantuj\u0105c bezpieczne i pewne przenoszenie \u0142adunku.<\/p>\n<p>3. Oszcz\u0119dno\u015b\u0107 miejsca: Kompaktowa d\u0142ugo\u015b\u0107 cylindra po zsuni\u0119ciu sprawia, \u017ce \u200b\u200bidealnie nadaje si\u0119 do zastosowa\u0144 w ograniczonej przestrzeni. Ta cecha pozwala na wi\u0119ksz\u0105 elastyczno\u015b\u0107 w projektowaniu pojazdu i zmniejsza ca\u0142kowit\u0105 powierzchni\u0119 zabudowy wywrotki.<\/p>\n<p>4. Wszechstronne zastosowania: Opr\u00f3cz wywrotek, odwr\u00f3cony si\u0142ownik teleskopowy mo\u017ce by\u0107 stosowany w wielu innych zastosowaniach, takich jak sprz\u0119t do transportu materia\u0142\u00f3w, maszyny rolnicze i pojazdy budowlane. Jego wszechstronno\u015b\u0107 sprawia, \u017ce \u200b\u200bjest cennym elementem w r\u00f3\u017cnych bran\u017cach.<\/p>\n<h3>Zastosowania:<\/h3>\n<p>1. Wywrotki: Odwr\u00f3cony cylinder teleskopowy jest powszechnie stosowany w wywrotkach do podnoszenia i zrzucania \u0142adunk\u00f3w r\u00f3\u017cnych materia\u0142\u00f3w, takich jak piasek, \u017cwir i gruz budowlany. Jego niezawodna wydajno\u015b\u0107 i wydajna praca sprawiaj\u0105, \u017ce jest on niezb\u0119dnym elementem w przemy\u015ble budowlanym i g\u00f3rniczym.<\/p>\n<p>2. Sprz\u0119t do transportu bliskiego: Ten typ si\u0142ownika jest r\u00f3wnie\u017c stosowany w sprz\u0119cie do transportu bliskiego, takim jak w\u00f3zki wid\u0142owe i d\u017awigi, w celu zapewnienia mo\u017cliwo\u015bci podnoszenia du\u017cych ci\u0119\u017car\u00f3w. Dwustronne dzia\u0142anie i kompaktowa konstrukcja sprawiaj\u0105, \u017ce nadaje si\u0119 on do zastosowa\u0144 w ograniczonej przestrzeni.<\/p>\n<p>3. Maszyny rolnicze: W rolnictwie odwr\u00f3cony si\u0142ownik teleskopowy mo\u017cna znale\u017a\u0107 w takich urz\u0105dzeniach jak przyczepy zbo\u017cowe i \u0142adowarki. Jego zdolno\u015b\u0107 do przenoszenia du\u017cych obci\u0105\u017ce\u0144 i wytrzymywania trudnych warunk\u00f3w pracy sprawia, \u017ce \u200b\u200bjest on niezast\u0105piony w pracach rolniczych.<\/p>\n<p>4. Pojazdy budowlane: Od betoniarek po podno\u015bniki koszowe, odwr\u00f3cony cylinder teleskopowy jest szeroko stosowany w r\u00f3\u017cnych pojazdach budowlanych. Jego solidna konstrukcja i wydajne podnoszenie przyczyniaj\u0105 si\u0119 do sprawnej realizacji projekt\u00f3w budowlanych.<\/p>\n<p>Podsumowuj\u0105c, odwr\u00f3cony si\u0142ownik teleskopowy, znany r\u00f3wnie\u017c jako ma\u0142y teleskopowy si\u0142ownik hydrauliczny dwustronnego dzia\u0142ania do wywrotek, jest kluczowym elementem w wywrotkach i wielu innych bran\u017cach. Jego unikalna konstrukcja, wydajna praca i wszechstronne zastosowania czyni\u0105 go niezb\u0119dnym narz\u0119dziem do podnoszenia i zrzucania ci\u0119\u017ckich \u0142adunk\u00f3w. Zar\u00f3wno w budownictwie, g\u00f3rnictwie, jak i transporcie materia\u0142\u00f3w, si\u0142ownik ten odgrywa kluczow\u0105 rol\u0119 w zwi\u0119kszaniu wydajno\u015bci oraz zapewnianiu bezpiecze\u0144stwa i niezawodno\u015bci pracy.<\/p>\n<h3>O FMP \u2013 cylindrze hydraulicznym<\/h3>\n<p>W FMP specjalizujemy si\u0119 w sprzeda\u017cy i serwisie wysokiej jako\u015bci cz\u0119\u015bci do maszyn budowlanych i kompletnych maszyn. Nasz cylinder hydrauliczny jest jednym z naszych najpopularniejszych produkt\u00f3w i to z dobrego powodu. Oto pi\u0119\u0107 powod\u00f3w, dla kt\u00f3rych cylinder hydrauliczny FMP jest najlepszym wyborem dla Twoich potrzeb w zakresie maszyn budowlanych:<\/p>\n<p>1. <strong>Materia\u0142y najwy\u017cszej jako\u015bci<\/strong>:Nasz si\u0142ownik hydrauliczny wykonany jest z trwa\u0142ych i niezawodnych materia\u0142\u00f3w, co zapewnia d\u0142ugotrwa\u0142\u0105 wydajno\u015b\u0107 i minimalne wymagania konserwacyjne.<\/p>\n<p>2. <strong>Opcje dostosowywania<\/strong>: Oferujemy regulowane cylindry typu wide\u0142kowego, a tak\u017ce inne opcje dostosowywalne do Twoich konkretnych potrzeb. Dzi\u0119ki naszemu do\u015bwiadczeniu w zakresie cz\u0119\u015bci maszyn budowlanych mo\u017cemy wsp\u00f3\u0142pracowa\u0107 z Tob\u0105, aby znale\u017a\u0107 najlepsze rozwi\u0105zanie dla Twojego sprz\u0119tu.<\/p>\n<p>3. <strong>Zesp\u00f3\u0142 ekspert\u00f3w<\/strong>: Nasz do\u015bwiadczony i wykwalifikowany zesp\u00f3\u0142 sprzeda\u017cy jest zorientowany na najnowsze trendy bran\u017cowe i potrzeby klient\u00f3w w bran\u017cy maszyn budowlanych. Mog\u0105 oni zapewni\u0107 profesjonaln\u0105 konsultacj\u0119 produktow\u0105 i m\u0105dre sugestie zakupowe, aby pom\u00f3c Ci podj\u0105\u0107 najlepsz\u0105 decyzj\u0119 dla Twojej firmy.<\/p>\n<p>4. <strong>Efektywna logistyka<\/strong>:Posiadamy wydajny system dystrybucji logistycznej, aby zapewni\u0107, \u017ce klienci otrzymaj\u0105 wymagane cz\u0119\u015bci w odpowiednim czasie i dok\u0142adnie. Oznacza to minimalny przest\u00f3j maszyn budowlanych i p\u0142ynne dzia\u0142anie Twojej firmy.<\/p>\n<p>5. <strong>\u015acis\u0142a kontrola jako\u015bci<\/strong>:Nawi\u0105zujemy d\u0142ugoterminowe i stabilne relacje wsp\u00f3\u0142pracy z wieloma wysokiej jako\u015bci dostawcami w kraju i za granic\u0105, co gwarantuje, \u017ce wszystkie dostarczane cz\u0119\u015bci, w tym nasze si\u0142owniki hydrauliczne, spe\u0142niaj\u0105 surowe standardy jako\u015bci.<\/p>\n<p>Dzi\u0119ki cylindrowi hydraulicznemu FMP mo\u017cesz by\u0107 pewien jako\u015bci i niezawodno\u015bci swoich maszyn budowlanych. Skontaktuj si\u0119 z nami ju\u017c dzi\u015b, aby dowiedzie\u0107 si\u0119 wi\u0119cej o naszych produktach i o tym, jak mo\u017cemy pom\u00f3c Ci znale\u017a\u0107 najlepsze rozwi\u0105zania dla potrzeb Twojej firmy.<\/p>\n<p><img decoding=\"async\" src=\"https:\/\/fmp-components.com\/wp-content\/uploads\/2024\/12\/Adjustable-Clevis-Type-Cylinders-6.webp\" alt=\"Regulowany cylinder typu wide\u0142kowego\" width=\"853\" title=\"\"><br \/>\nAutor:CX<\/p>","protected":false},"excerpt":{"rendered":"<p>The Professional Small Telescopic Double Acting Dump Truck Hydraulic Ram Cylinder is a high-quality product designed for efficient and reliable performance. This hydraulic cylinder is specifically designed for dump trucks and features a double-acting design that ensures smooth and consistent operation. Constructed from durable materials, this hydraulic ram cylinder is built to withstand the demands [&hellip;]<\/p>","protected":false},"featured_media":1708,"comment_status":"closed","ping_status":"closed","template":"","meta":{"_et_pb_use_builder":"","_et_pb_old_content":"","_et_gb_content_width":""},"product_brand":[],"product_cat":[45],"product_tag":[34,48],"class_list":{"0":"post-1707","1":"product","2":"type-product","3":"status-publish","4":"has-post-thumbnail","6":"product_cat-inverted-telescopic-cylinder","7":"product_tag-hydraulic-cylinder","8":"product_tag-inverted-telescopic-cylinder","10":"first","11":"instock","12":"product-type-simple"},"_links":{"self":[{"href":"https:\/\/fmp-components.com\/pl\/wp-json\/wp\/v2\/product\/1707","targetHints":{"allow":["GET"]}}],"collection":[{"href":"https:\/\/fmp-components.com\/pl\/wp-json\/wp\/v2\/product"}],"about":[{"href":"https:\/\/fmp-components.com\/pl\/wp-json\/wp\/v2\/types\/product"}],"replies":[{"embeddable":true,"href":"https:\/\/fmp-components.com\/pl\/wp-json\/wp\/v2\/comments?post=1707"}],"wp:featuredmedia":[{"embeddable":true,"href":"https:\/\/fmp-components.com\/pl\/wp-json\/wp\/v2\/media\/1708"}],"wp:attachment":[{"href":"https:\/\/fmp-components.com\/pl\/wp-json\/wp\/v2\/media?parent=1707"}],"wp:term":[{"taxonomy":"product_brand","embeddable":true,"href":"https:\/\/fmp-components.com\/pl\/wp-json\/wp\/v2\/product_brand?post=1707"},{"taxonomy":"product_cat","embeddable":true,"href":"https:\/\/fmp-components.com\/pl\/wp-json\/wp\/v2\/product_cat?post=1707"},{"taxonomy":"product_tag","embeddable":true,"href":"https:\/\/fmp-components.com\/pl\/wp-json\/wp\/v2\/product_tag?post=1707"}],"curies":[{"name":"wp","href":"https:\/\/api.w.org\/{rel}","templated":true}]}}