{"id":1703,"date":"2024-12-23T07:01:59","date_gmt":"2024-12-23T07:01:59","guid":{"rendered":"https:\/\/fmp-components.com\/product\/superior-quality-dump-truck-4-stage-hydraulic-telescopic-cylinder\/"},"modified":"2025-03-18T01:50:46","modified_gmt":"2025-03-18T01:50:46","slug":"superior-quality-dump-truck-4-stage-hydraulic-telescopic-cylinder","status":"publish","type":"product","link":"https:\/\/fmp-components.com\/pl\/product\/superior-quality-dump-truck-4-stage-hydraulic-telescopic-cylinder\/","title":{"rendered":"Wywrotka o najwy\u017cszej jako\u015bci, 4-stopniowy hydrauliczny si\u0142ownik teleskopowy"},"content":{"rendered":"<p>Superior Quality Dump Truck 4 Stage Hydraulic Telescopic Cylinder to idealne rozwi\u0105zanie dla tych, kt\u00f3rzy potrzebuj\u0105 mocnego i niezawodnego cylindra hydraulicznego. Dzi\u0119ki innowacyjnej konstrukcji i materia\u0142om najwy\u017cszej jako\u015bci ten cylinder poradzi sobie z najtrudniejszymi zadaniami.<\/p>\n<p>Wyposa\u017cony w czterostopniow\u0105 konstrukcj\u0119 teleskopow\u0105, ten cylinder zapewnia maksymaln\u0105 moc i wydajno\u015b\u0107 przy jednoczesnym zminimalizowaniu wymaga\u0144 przestrzennych. Uk\u0142ad hydrauliczny jest zaprojektowany tak, aby zapewni\u0107 p\u0142ynn\u0105 i sp\u00f3jn\u0105 prac\u0119, gwarantuj\u0105c niezawodn\u0105 wydajno\u015b\u0107 nawet w najbardziej wymagaj\u0105cych warunkach.<\/p>\n<p>Wykonany z materia\u0142\u00f3w najwy\u017cszej jako\u015bci, Superior Quality Dump Truck 4 Stage Hydraulic Telescopic Cylinder jest zbudowany tak, aby wytrzyma\u0107 najtrudniejsze warunki pracy i najtrudniejsze warunki. Dzi\u0119ki zaawansowanym funkcjom i konstrukcji najwy\u017cszej jako\u015bci ten cylinder jest idealnym wyborem dla tych, kt\u00f3rzy potrzebuj\u0105 trwa\u0142ego i niezawodnego rozwi\u0105zania hydraulicznego.<\/p>\n<p>Je\u015bli wi\u0119c szukasz najwy\u017cszej jako\u015bci si\u0142ownika hydraulicznego do wywrotki, kt\u00f3ry zapewnia znakomit\u0105 wydajno\u015b\u0107, nie szukaj dalej i wybierz najwy\u017cszej jako\u015bci 4-stopniowy hydrauliczny si\u0142ownik teleskopowy do wywrotki.<\/p>\n<p><img decoding=\"async\" src=\"https:\/\/hzpt.com\/wp-content\/uploads\/2023\/11\/Inverted-Telescopic-Cylinder-15.webp\" alt=\"\" title=\"\"><\/p>\n<h2>Ten 4-stopniowy hydrauliczny si\u0142ownik teleskopowy charakteryzuje si\u0119 najwy\u017csz\u0105 jako\u015bci\u0105 i jest przeznaczony do wywrotek.<\/h2>\n<p>Nowo\u015b\u0107 na rok 2025, obj\u0119ta roczn\u0105 gwarancj\u0105, nadaje si\u0119 do stosowania w wielu ga\u0142\u0119ziach przemys\u0142u, m.in. w zak\u0142adach produkcyjnych, warsztatach naprawy maszyn, gospodarstwach rolnych, energetyce i g\u00f3rnictwie oraz fabrykach maszyn.<\/p>\n<p>Wa\u017c\u0105cy 43 kg, jest zaprojektowany w standardowej konstrukcji z cylindrem t\u0142okowym. Moc hydrauliczna i stalowy korpus zapewniaj\u0105 solidn\u0105 wydajno\u015b\u0107. Jest w stanie osi\u0105gn\u0105\u0107 maksymalny ci\u0105g 3000 i jest odwr\u00f3conym teleskopowym typem cylindra.<\/p>\n<h2>G\u0142\u00f3wne cechy 4-stopniowego hydraulicznego cylindra teleskopowego<\/h2>\n<p><img decoding=\"async\" src=\"https:\/\/hzpt.com\/wp-content\/uploads\/2023\/11\/Inverted-Telescopic-Cylinder-13.webp\" alt=\"\" title=\"\"><\/p>\n<ol>\n<li><strong>Najwy\u017csza jako\u015b\u0107:<\/strong> Wykonany ze stali, gwarantuje trwa\u0142o\u015b\u0107 i wysok\u0105 wydajno\u015b\u0107.<\/li>\n<li><strong>Pot\u0119\u017cny:<\/strong> Maksymalna si\u0142a ci\u0105gu 3000 i maksymalny uci\u0105g 20 ton zapewniaj\u0105 solidn\u0105 wydajno\u015b\u0107.<\/li>\n<li><strong>Standardowa struktura:<\/strong> Posiada standardow\u0105 konstrukcj\u0119 t\u0142okowo-cylindrow\u0105 zapewniaj\u0105c\u0105 wydajn\u0105 prac\u0119.<\/li>\n<li><strong>G\u0142\u00f3wne komponenty:<\/strong> Zawiera \u0142o\u017cysko i cylinder t\u0142okowy zapewniaj\u0105ce niezawodn\u0105 prac\u0119.<\/li>\n<li><strong>Wszechstronny:<\/strong> Nadaje si\u0119 do r\u00f3\u017cnych ga\u0142\u0119zi przemys\u0142u, od produkcji po energetyk\u0119 i g\u00f3rnictwo.<\/li>\n<\/ol>\n<h2>Zastosowania 4-stopniowego hydraulicznego cylindra teleskopowego<\/h2>\n<ol>\n<li>Zak\u0142ady produkcyjne: Przydatne przy obs\u0142udze ci\u0119\u017ckiego sprz\u0119tu i narz\u0119dzi.<\/li>\n<li>Warsztaty naprawy maszyn: niezb\u0119dne do wykonywania napraw i konserwacji.<\/li>\n<li>Gospodarstwa rolne: Pomaga w obs\u0142udze maszyn i urz\u0105dze\u0144 rolniczych.<\/li>\n<li>Bran\u017ca energetyczna i g\u00f3rnicza: niezb\u0119dna do obs\u0142ugi ci\u0119\u017ckiego sprz\u0119tu g\u00f3rniczego.<\/li>\n<li>Fabryki maszyn: Niezb\u0119dne do procesu produkcji r\u00f3\u017cnorodnych maszyn.<\/li>\n<\/ol>\n<p><img decoding=\"async\" src=\"https:\/\/hzpt.com\/wp-content\/uploads\/2023\/11\/Inverted-Telescopic-Cylinder-Applications.webp\" alt=\"\" title=\"\"><\/p>\n<h2>Zasada dzia\u0142ania i konserwacja 4-stopniowego hydraulicznego cylindra teleskopowego<\/h2>\n<p>Hydrauliczny cylinder teleskopowy dzia\u0142a poprzez zamian\u0119 mocy p\u0142ynu hydraulicznego na si\u0142\u0119. P\u0142yn hydrauliczny jest pompowany do cylindra pod wysokim ci\u015bnieniem, powoduj\u0105c ruch t\u0142oka i generowanie si\u0142y wyj\u015bciowej. Si\u0142a ta jest wykorzystywana do wykonywania r\u00f3\u017cnych zada\u0144.<\/p>\n<p>Oto kilka wskaz\u00f3wek dotycz\u0105cych konserwacji cylindra:<\/p>\n<ol>\n<li><strong>Regularna kontrola:<\/strong> Regularnie sprawdzaj cylinder pod k\u0105tem oznak zu\u017cycia i uszkodze\u0144.<\/li>\n<li><strong>Czyszczenie:<\/strong> Aby zapewni\u0107 wydajn\u0105 prac\u0119 cylindra, nale\u017cy go utrzymywa\u0107 w czysto\u015bci.<\/li>\n<li><strong>Smarowanie:<\/strong> Regularnie smaruj cylinder, aby zmniejszy\u0107 tarcie i zu\u017cycie.<\/li>\n<li><strong>Wymiana uszczelki:<\/strong> W razie potrzeby wymie\u0144 uszczelki, aby zapobiec przeciekom.<\/li>\n<li><strong>Post\u0119puj zgodnie z instrukcj\u0105 obs\u0142ugi:<\/strong> Aby zapewni\u0107 bezpieczn\u0105 i wydajn\u0105 prac\u0119 maszyny, nale\u017cy zawsze przestrzega\u0107 instrukcji obs\u0142ugi.<\/li>\n<\/ol>\n<h2>Odwr\u00f3cony cylinder teleskopowy<\/h2>\n<p>Odwr\u00f3cony cylinder teleskopowy, znany r\u00f3wnie\u017c jako jednostronny cylinder teleskopowy, to hydrauliczny cylinder o unikalnej konstrukcji, kt\u00f3ry oferuje r\u00f3\u017cne korzy\u015bci w zastosowaniach przemys\u0142owych. Ten typ cylindra sk\u0142ada si\u0119 z wielu stopni, kt\u00f3re zapadaj\u0105 si\u0119 w siebie, zapewniaj\u0105c kompaktowe i wydajne rozwi\u0105zanie dla si\u0142 rozci\u0105gania i cofania. W tym artykule przyjrzymy si\u0119 cechom, zaletom i zastosowaniom odwr\u00f3conego cylindra teleskopowego, skupiaj\u0105c si\u0119 na jego roli w dziedzinie wywrotek i najwy\u017cszej jako\u015bci 4-stopniowym hydraulicznym cylindrze teleskopowym do wywrotek.<\/p>\n<h3>1. Cechy odwr\u00f3conego cylindra teleskopowego<\/h3>\n<p>Odwr\u00f3cony cylinder teleskopowy charakteryzuje si\u0119 wyj\u0105tkow\u0105 konstrukcj\u0105, na kt\u00f3r\u0105 sk\u0142adaj\u0105 si\u0119:<\/p>\n<ul>\n<li><strong>Wiele etap\u00f3w:<\/strong> Cylinder ten sk\u0142ada si\u0119 z kilku stopni, zwykle czterech, kt\u00f3re po z\u0142o\u017ceniu zachodz\u0105 na siebie, co skutkuje zmniejszeniem jego ca\u0142kowitej d\u0142ugo\u015bci w por\u00f3wnaniu do konwencjonalnych cylindr\u00f3w.<\/li>\n<li><strong>Pojedynczego dzia\u0142ania:<\/strong> Odwr\u00f3cony cylinder teleskopowy dzia\u0142a w jednym kierunku, co oznacza, \u017ce jest w stanie wywiera\u0107 si\u0142\u0119 w jednym kierunku, zazwyczaj rozszerzaj\u0105c si\u0119. Cofanie jest zwykle osi\u0105gane przez si\u0142y zewn\u0119trzne, takie jak grawitacja lub ci\u015bnienie obci\u0105\u017cenia.<\/li>\n<li><strong>\u015acis\u0142o\u015b\u0107:<\/strong> Dzi\u0119ki zagnie\u017cd\u017conej konstrukcji odwr\u00f3cony cylinder teleskopowy pozwala na oszcz\u0119dno\u015b\u0107 miejsca, co czyni go idealnym rozwi\u0105zaniem w przypadku zastosowa\u0144 z ograniczon\u0105 przestrzeni\u0105 monta\u017cow\u0105.<\/li>\n<li><strong>Wysoka wytrzyma\u0142o\u015b\u0107:<\/strong> Cylindry te wykonane s\u0105 z trwa\u0142ych materia\u0142\u00f3w, co zapewnia doskona\u0142\u0105 wytrzyma\u0142o\u015b\u0107 i odporno\u015b\u0107 na du\u017ce obci\u0105\u017cenia i trudne warunki pracy.<\/li>\n<\/ul>\n<h3>2. Zalety odwr\u00f3conego cylindra teleskopowego<\/h3>\n<p>Odwr\u00f3cony cylinder teleskopowy zapewnia szereg korzy\u015bci w r\u00f3\u017cnych zastosowaniach przemys\u0142owych:<\/p>\n<ul>\n<li><strong>Skr\u00f3cona d\u0142ugo\u015b\u0107 ca\u0142kowita:<\/strong> Zagnie\u017cd\u017cona konstrukcja odwr\u00f3conego cylindra teleskopowego pozwala na znaczn\u0105 redukcj\u0119 ca\u0142kowitej d\u0142ugo\u015bci po z\u0142o\u017ceniu, co pozwala na efektywne wykorzystanie przestrzeni w ciasnych instalacjach.<\/li>\n<li><strong>Zwi\u0119kszona d\u0142ugo\u015b\u0107 skoku:<\/strong> Dzi\u0119ki wielu etapom ten typ cylindra oferuje d\u0142u\u017cszy skok, co przek\u0142ada si\u0119 na wi\u0119ksz\u0105 elastyczno\u015b\u0107 pozycjonowania i ruchu.<\/li>\n<li><strong>Zwi\u0119kszona stabilno\u015b\u0107:<\/strong> Zagnie\u017cd\u017cone stopnie cylindra zapewniaj\u0105 zwi\u0119kszon\u0105 stabilno\u015b\u0107 i odporno\u015b\u0107 na si\u0142y boczne, gwarantuj\u0105c p\u0142ynn\u0105 i niezawodn\u0105 prac\u0119.<\/li>\n<li><strong>Lepsze roz\u0142o\u017cenie ci\u0119\u017caru:<\/strong> Kompaktowa konstrukcja odwr\u00f3conego cylindra teleskopowego pozwala na lepsze roz\u0142o\u017cenie ci\u0119\u017caru, co przek\u0142ada si\u0119 na lepsz\u0105 obs\u0142ug\u0119 \u0142adunku i og\u00f3ln\u0105 wydajno\u015b\u0107 pojazdu.<\/li>\n<\/ul>\n<h3>3. Zastosowania odwr\u00f3conego cylindra teleskopowego w wywrotkach<\/h3>\n<p>Odwr\u00f3cony cylinder teleskopowy znajduje szerokie zastosowanie w wywrotkach, szczeg\u00f3lnie w uk\u0142adach hydraulicznych odpowiedzialnych za podnoszenie i opuszczanie skrzyni \u0142adunkowej. Najwy\u017cszej jako\u015bci 4-stopniowy hydrauliczny cylinder teleskopowy wywrotki oferuje nast\u0119puj\u0105ce zalety:<\/p>\n<ul>\n<li><strong>Zoptymalizowana moc podnoszenia:<\/strong> Wielostopniowa konstrukcja hydraulicznego cylindra teleskopowego zwi\u0119ksza si\u0142\u0119 podnoszenia wywrotek, umo\u017cliwiaj\u0105c sprawny za\u0142adunek i roz\u0142adunek ci\u0119\u017ckich materia\u0142\u00f3w.<\/li>\n<li><strong>Zwi\u0119kszona stabilno\u015b\u0107:<\/strong> Dzi\u0119ki zagnie\u017cd\u017conym stopniom cylinder gwarantuje doskona\u0142\u0105 stabilno\u015b\u0107 podczas opr\u00f3\u017cniania, minimalizuj\u0105c ryzyko przewr\u00f3cenia si\u0119 i gwarantuj\u0105c bezpieczn\u0105 prac\u0119.<\/li>\n<li><strong>Rozszerzony zasi\u0119g:<\/strong> D\u0142u\u017cszy skok 4-stopniowego hydraulicznego si\u0142ownika teleskopowego pozwala wywrotkom na osi\u0105gni\u0119cie wi\u0119kszego k\u0105ta wysypu, u\u0142atwiaj\u0105c ca\u0142kowite roz\u0142adowanie materia\u0142u.<\/li>\n<li><strong>Niezawodna wydajno\u015b\u0107:<\/strong> Wykonany z materia\u0142\u00f3w najwy\u017cszej jako\u015bci i precyzyjnie zaprojektowany, hydrauliczny si\u0142ownik teleskopowy oferuje niezawodn\u0105 i trwa\u0142\u0105 wydajno\u015b\u0107 nawet w trudnych warunkach pracy.<\/li>\n<\/ul>\n<p>Podsumowuj\u0105c, odwr\u00f3cony si\u0142ownik teleskopowy to specjalistyczny si\u0142ownik hydrauliczny, kt\u00f3ry oferuje wyj\u0105tkowe korzy\u015bci w zastosowaniach przemys\u0142owych. Dzi\u0119ki swojej wieloetapowej konstrukcji, kompaktowej konstrukcji i doskona\u0142ej wydajno\u015bci odgrywa kluczow\u0105 rol\u0119 w zwi\u0119kszaniu funkcjonalno\u015bci i wydajno\u015bci wywrotek. Najwy\u017cszej jako\u015bci 4-etapowy hydrauliczny si\u0142ownik teleskopowy wywrotki zapewnia zoptymalizowan\u0105 si\u0142\u0119 podnoszenia, zwi\u0119kszon\u0105 stabilno\u015b\u0107, wi\u0119kszy zasi\u0119g i niezawodn\u0105 wydajno\u015b\u0107, co czyni go idealnym wyborem dla producent\u00f3w i operator\u00f3w wywrotek.<\/p>\n<h3>O FMP \u2013 cylindrze hydraulicznym<\/h3>\n<p>W FMP specjalizujemy si\u0119 w sprzeda\u017cy i serwisie wysokiej jako\u015bci cz\u0119\u015bci do maszyn budowlanych i kompletnych maszyn. Nasz cylinder hydrauliczny jest jednym z naszych najpopularniejszych produkt\u00f3w i to z dobrego powodu. Oto pi\u0119\u0107 powod\u00f3w, dla kt\u00f3rych cylinder hydrauliczny FMP jest najlepszym wyborem dla Twoich potrzeb w zakresie maszyn budowlanych:<\/p>\n<p>1. <strong>Materia\u0142y najwy\u017cszej jako\u015bci<\/strong>:Nasz si\u0142ownik hydrauliczny wykonany jest z trwa\u0142ych i niezawodnych materia\u0142\u00f3w, co zapewnia d\u0142ugotrwa\u0142\u0105 wydajno\u015b\u0107 i minimalne wymagania konserwacyjne.<\/p>\n<p>2. <strong>Opcje dostosowywania<\/strong>: Oferujemy regulowane cylindry typu wide\u0142kowego, a tak\u017ce inne opcje dostosowywalne do Twoich konkretnych potrzeb. Dzi\u0119ki naszemu do\u015bwiadczeniu w zakresie cz\u0119\u015bci maszyn budowlanych mo\u017cemy wsp\u00f3\u0142pracowa\u0107 z Tob\u0105, aby znale\u017a\u0107 najlepsze rozwi\u0105zanie dla Twojego sprz\u0119tu.<\/p>\n<p>3. <strong>Zesp\u00f3\u0142 ekspert\u00f3w<\/strong>: Nasz do\u015bwiadczony i wykwalifikowany zesp\u00f3\u0142 sprzeda\u017cy jest zorientowany na najnowsze trendy bran\u017cowe i potrzeby klient\u00f3w w bran\u017cy maszyn budowlanych. Mog\u0105 oni zapewni\u0107 profesjonaln\u0105 konsultacj\u0119 produktow\u0105 i m\u0105dre sugestie zakupowe, aby pom\u00f3c Ci podj\u0105\u0107 najlepsz\u0105 decyzj\u0119 dla Twojej firmy.<\/p>\n<p>4. <strong>Efektywna logistyka<\/strong>:Posiadamy wydajny system dystrybucji logistycznej, aby zapewni\u0107, \u017ce klienci otrzymaj\u0105 wymagane cz\u0119\u015bci w odpowiednim czasie i dok\u0142adnie. Oznacza to minimalny przest\u00f3j maszyn budowlanych i p\u0142ynne dzia\u0142anie Twojej firmy.<\/p>\n<p>5. <strong>\u015acis\u0142a kontrola jako\u015bci<\/strong>:Nawi\u0105zujemy d\u0142ugoterminowe i stabilne relacje wsp\u00f3\u0142pracy z wieloma wysokiej jako\u015bci dostawcami w kraju i za granic\u0105, co gwarantuje, \u017ce wszystkie dostarczane cz\u0119\u015bci, w tym nasze si\u0142owniki hydrauliczne, spe\u0142niaj\u0105 surowe standardy jako\u015bci.<\/p>\n<p>Dzi\u0119ki cylindrowi hydraulicznemu FMP mo\u017cesz by\u0107 pewien jako\u015bci i niezawodno\u015bci swoich maszyn budowlanych. Skontaktuj si\u0119 z nami ju\u017c dzi\u015b, aby dowiedzie\u0107 si\u0119 wi\u0119cej o naszych produktach i o tym, jak mo\u017cemy pom\u00f3c Ci znale\u017a\u0107 najlepsze rozwi\u0105zania dla potrzeb Twojej firmy.<\/p>\n<p><img decoding=\"async\" src=\"https:\/\/fmp-components.com\/wp-content\/uploads\/2024\/12\/Adjustable-Clevis-Type-Cylinders-6.webp\" alt=\"Regulowany cylinder typu wide\u0142kowego\" width=\"853\" title=\"\"><br \/>\nAutor:CX<\/p>","protected":false},"excerpt":{"rendered":"<p>The Superior Quality Dump Truck 4 Stage Hydraulic Telescopic Cylinder is the perfect solution for those in need of a powerful and reliable hydraulic cylinder. With its innovative design and top-of-the-line materials, this cylinder can handle the toughest jobs with ease. Featuring a four-stage telescopic design, this cylinder provides maximum power and efficiency while minimizing [&hellip;]<\/p>","protected":false},"featured_media":1704,"comment_status":"closed","ping_status":"closed","template":"","meta":{"_et_pb_use_builder":"","_et_pb_old_content":"","_et_gb_content_width":""},"product_brand":[],"product_cat":[45],"product_tag":[34,48],"class_list":{"0":"post-1703","1":"product","2":"type-product","3":"status-publish","4":"has-post-thumbnail","6":"product_cat-inverted-telescopic-cylinder","7":"product_tag-hydraulic-cylinder","8":"product_tag-inverted-telescopic-cylinder","10":"first","11":"instock","12":"product-type-simple"},"_links":{"self":[{"href":"https:\/\/fmp-components.com\/pl\/wp-json\/wp\/v2\/product\/1703","targetHints":{"allow":["GET"]}}],"collection":[{"href":"https:\/\/fmp-components.com\/pl\/wp-json\/wp\/v2\/product"}],"about":[{"href":"https:\/\/fmp-components.com\/pl\/wp-json\/wp\/v2\/types\/product"}],"replies":[{"embeddable":true,"href":"https:\/\/fmp-components.com\/pl\/wp-json\/wp\/v2\/comments?post=1703"}],"wp:featuredmedia":[{"embeddable":true,"href":"https:\/\/fmp-components.com\/pl\/wp-json\/wp\/v2\/media\/1704"}],"wp:attachment":[{"href":"https:\/\/fmp-components.com\/pl\/wp-json\/wp\/v2\/media?parent=1703"}],"wp:term":[{"taxonomy":"product_brand","embeddable":true,"href":"https:\/\/fmp-components.com\/pl\/wp-json\/wp\/v2\/product_brand?post=1703"},{"taxonomy":"product_cat","embeddable":true,"href":"https:\/\/fmp-components.com\/pl\/wp-json\/wp\/v2\/product_cat?post=1703"},{"taxonomy":"product_tag","embeddable":true,"href":"https:\/\/fmp-components.com\/pl\/wp-json\/wp\/v2\/product_tag?post=1703"}],"curies":[{"name":"wp","href":"https:\/\/api.w.org\/{rel}","templated":true}]}}