{"id":1701,"date":"2024-12-23T07:01:59","date_gmt":"2024-12-23T07:01:59","guid":{"rendered":"https:\/\/fmp-components.com\/product\/factory-customized-trailer-hydraulic-cylinder-for-dump-truck\/"},"modified":"2025-03-11T06:06:40","modified_gmt":"2025-03-11T06:06:40","slug":"factory-customized-trailer-hydraulic-cylinder-for-dump-truck","status":"publish","type":"product","link":"https:\/\/fmp-components.com\/pl\/product\/factory-customized-trailer-hydraulic-cylinder-for-dump-truck\/","title":{"rendered":"Si\u0142ownik hydrauliczny do przyczepy dostosowany fabrycznie do wywrotki"},"content":{"rendered":"<h2>Przedstawiamy fabrycznie dostosowany si\u0142ownik hydrauliczny do przyczepy wywrotki:<\/h2>\n<p>Fabrycznie dostosowany si\u0142ownik hydrauliczny do wywrotek to wysokiej jako\u015bci i wydajny element hydrauliczny zaprojektowany specjalnie do wywrotek. Dzi\u0119ki zaawansowanym funkcjom i solidnej konstrukcji, ten si\u0142ownik hydrauliczny odgrywa kluczow\u0105 rol\u0119 w p\u0142ynnej pracy wywrotek podczas roz\u0142adunku.<\/p>\n<p>G\u0142\u00f3wne cechy:<br \/>\n1. Personalizacja: Fabrycznie dostosowany si\u0142ownik hydrauliczny przyczepy mo\u017ce zosta\u0107 dostosowany do specyficznych wymaga\u0144 r\u00f3\u017cnych modeli i rozmiar\u00f3w wywrotek. Gwarantuje to idealne dopasowanie i optymaln\u0105 wydajno\u015b\u0107.<br \/>\n2. Trwa\u0142o\u015b\u0107: Wykonany z precyzj\u0105 i wysokiej jako\u015bci materia\u0142\u00f3w, ten si\u0142ownik hydrauliczny jest stworzony do wytrzymywania du\u017cych obci\u0105\u017ce\u0144, trudnych warunk\u00f3w i d\u0142ugotrwa\u0142ego u\u017cytkowania.<br \/>\n3. Moc i wydajno\u015b\u0107: Si\u0142ownik hydrauliczny zapewnia wyj\u0105tkow\u0105 si\u0142\u0119 podnoszenia, umo\u017cliwiaj\u0105c wywrotkom bezproblemowe podnoszenie i przechylanie ci\u0119\u017ckich \u0142adunk\u00f3w w celu sprawnego roz\u0142adunku. To poprawia wydajno\u015b\u0107 i skraca przestoje.<br \/>\n4. Bezpiecze\u0144stwo: Wyposa\u017cony w niezawodne mechanizmy bezpiecze\u0144stwa, takie jak zawory bezpiecze\u0144stwa i zabezpieczenia przeci\u0105\u017ceniowe, si\u0142ownik hydrauliczny gwarantuje bezpiecze\u0144stwo operator\u00f3w i otoczenia podczas pracy.<br \/>\n5. \u0141atwa konserwacja: fabrycznie dostosowany hydrauliczny si\u0142ownik przyczepy zosta\u0142 zaprojektowany z my\u015bl\u0105 o \u0142atwej konserwacji i serwisowaniu, co minimalizuje przestoje i obni\u017ca koszty operacyjne.<\/p>\n<p>Niezale\u017cnie od tego, czy jest stosowany w budownictwie, g\u00f3rnictwie, czy innych bran\u017cach wymagaj\u0105cych cz\u0119stego roz\u0142adunku materia\u0142\u00f3w, fabrycznie dostosowany si\u0142ownik hydrauliczny do wywrotek jest niezawodnym i niezb\u0119dnym elementem. Zwi\u0119ksza on wydajno\u015b\u0107 i produktywno\u015b\u0107 wywrotek, czyni\u0105c je niezb\u0119dnym narz\u0119dziem w ka\u017cdej ci\u0119\u017ckiej pracy.<\/p>\n<p>Wybierz fabrycznie dostosowany si\u0142ownik hydrauliczny do przyczepy wywrotki i przekonaj si\u0119 o zaletach jego p\u0142ynnej pracy, trwa\u0142o\u015bci i wydajno\u015bci.<\/p>\n<h2>Si\u0142ownik hydrauliczny do przyczepy dostosowany fabrycznie do wywrotki<\/h2>\n<p>Przedstawiamy fabrycznie dostosowany si\u0142ownik hydrauliczny do przyczepy wywrotki. Ten zupe\u0142nie nowy produkt zosta\u0142 stworzony specjalnie z my\u015bl\u0105 o potrzebach maszyn produkcyjnych, naprawczych, rolniczych, energetycznych i g\u00f3rniczych. Dzi\u0119ki rocznej gwarancji mo\u017cesz mie\u0107 pewno\u015b\u0107, \u017ce ten si\u0142ownik hydrauliczny zapewni wyj\u0105tkow\u0105 wydajno\u015b\u0107. Kluczowe elementy tego produktu, takie jak \u0142o\u017cyska i si\u0142ownik t\u0142okowy, s\u0105 r\u00f3wnie\u017c obj\u0119te roczn\u0105 gwarancj\u0105. Ten wytrzyma\u0142y si\u0142ownik hydrauliczny, wykonany ze stali, zosta\u0142 zaprojektowany jako standardowy si\u0142ownik t\u0142okowy i wykorzystuje moc hydrauliczn\u0105. Wyposa\u017cony jest w odwr\u00f3cone si\u0142owniki teleskopowe i zapewnia maksymaln\u0105 si\u0142\u0119 ci\u0105gu 3000 i uci\u0105g 20 ton. Ten si\u0142ownik hydrauliczny, posiadaj\u0105cy certyfikat ISO 9001:2000, mo\u017cna dostosowa\u0107 do indywidualnych potrzeb pod wzgl\u0119dem \u015brednicy cylindra, rozmiaru t\u0142oczyska, skoku t\u0142oka, rozmiaru sworznia i koloru.<\/p>\n<h2>Cechy dostosowanego cylindra hydraulicznego przyczepy<\/h2>\n<p><img decoding=\"async\" src=\"https:\/\/hzpt.com\/wp-content\/uploads\/2023\/11\/Inverted-Telescopic-Cylinder-4.webp\" alt=\"\" title=\"\"><\/p>\n<ol>\n<li>Si\u0142a hydrauliczna: Ten si\u0142ownik hydrauliczny wykorzystuje si\u0142\u0119 hydrauliczn\u0105, zapewniaj\u0105c niezawodn\u0105 i sp\u00f3jn\u0105 wydajno\u015b\u0107.<\/li>\n<li>Materia\u0142 korpusu stalowy: Korpus wykonany jest ze stali, co zapewnia trwa\u0142o\u015b\u0107 i solidno\u015b\u0107.<\/li>\n<li>Maksymalna si\u0142a ci\u0105gu i uci\u0105gu: Maksymalna si\u0142a ci\u0105gu wynosi 3000, a maksymalna si\u0142a uci\u0105gu 20 ton, co zapewnia wystarczaj\u0105c\u0105 moc do prowadzenia operacji.<\/li>\n<li>Certyfikat ISO9001:2000: Ten produkt posiada certyfikat ISO9001:2000, co zapewnia klientom jego jako\u015b\u0107 i niezawodno\u015b\u0107.<\/li>\n<li>Mo\u017cliwo\u015b\u0107 dostosowania: Ten si\u0142ownik hydrauliczny mo\u017cna dostosowa\u0107 pod wzgl\u0119dem \u015brednicy otworu, rozmiaru t\u0142oczyska, rozmiaru skoku, rozmiaru sworznia i koloru, aby spe\u0142ni\u0107 okre\u015blone wymagania.<\/li>\n<\/ol>\n<h2>Zastosowania niestandardowych cylindr\u00f3w hydraulicznych przyczep<\/h2>\n<ol>\n<li>Zak\u0142ad produkcyjny: Ten si\u0142ownik hydrauliczny nadaje si\u0119 do stosowania w zak\u0142adach produkcyjnych.<\/li>\n<li>Warsztaty naprawy maszyn: Mo\u017cna go u\u017cywa\u0107 w warsztatach naprawy maszyn do r\u00f3\u017cnych prac naprawczych i konserwacyjnych.<\/li>\n<li>Gospodarstwa rolne: Ten si\u0142ownik hydrauliczny mo\u017ce by\u0107 stosowany w gospodarstwach rolnych do r\u00f3\u017cnych prac rolniczych.<\/li>\n<li>Energetyka i g\u00f3rnictwo: Mo\u017ce by\u0107 stosowany w przemy\u015ble energetycznym i g\u00f3rniczym do r\u00f3\u017cnych ci\u0119\u017ckich operacji.<\/li>\n<li>Produkcja maszyn: Ten si\u0142ownik hydrauliczny idealnie nadaje si\u0119 r\u00f3wnie\u017c do zastosowa\u0144 w produkcji maszyn.<\/li>\n<\/ol>\n<p><img decoding=\"async\" src=\"https:\/\/hzpt.com\/wp-content\/uploads\/2023\/11\/Inverted-Telescopic-Cylinder-Applications.webp\" alt=\"Zastosowania cylindr\u00f3w hydraulicznych\" title=\"\"><\/p>\n<h2>Zasada dzia\u0142ania niestandardowego cylindra hydraulicznego przyczepy<\/h2>\n<ol>\n<li>Konfiguracja: Cylinder hydrauliczny sk\u0142ada si\u0119 z t\u0142oka i cylindra wype\u0142nionych p\u0142ynem hydraulicznym.<\/li>\n<li>Dop\u0142yw p\u0142ynu hydraulicznego: Pompa t\u0142oczy p\u0142yn hydrauliczny do cylindra, co wytwarza ci\u015bnienie i powoduje ruch t\u0142oka.<\/li>\n<li>Si\u0142a wyj\u015bciowa: Ruch t\u0142oka powoduje powstanie si\u0142y wyj\u015bciowej, kt\u00f3ra jest wykorzystywana do wykonania \u017c\u0105danej operacji.<\/li>\n<li>Metody konserwacji: Podstawowe metody konserwacji tego si\u0142ownika hydraulicznego obejmuj\u0105 regularn\u0105 kontrol\u0119, czyszczenie, smarowanie, regularne kontrole i naprawy, wymian\u0119 uszczelek oraz przestrzeganie instrukcji obs\u0142ugi.<\/li>\n<\/ol>\n<p><img decoding=\"async\" src=\"https:\/\/hzpt.com\/wp-content\/uploads\/2023\/11\/Inverted-Telescopic-Cylinder-22.webp\" alt=\"\" title=\"\"><\/p>\n<h2>Odwr\u00f3cony cylinder teleskopowy<\/h2>\n<p>Fabrycznie dostosowany si\u0142ownik hydrauliczny do wywrotek to rodzaj odwr\u00f3conego si\u0142ownika teleskopowego, kt\u00f3ry zosta\u0142 specjalnie zaprojektowany do stosowania w wywrotkach. Ten innowacyjny si\u0142ownik hydrauliczny jest szeroko stosowany w bran\u017cy budowlanej, zapewniaj\u0105c wyj\u0105tkow\u0105 si\u0142\u0119 podnoszenia i stabilno\u015b\u0107 przy du\u017cych obci\u0105\u017ceniach. W tym artykule om\u00f3wimy cechy i zasady dzia\u0142ania tego niezwyk\u0142ego si\u0142ownika hydraulicznego.<\/p>\n<h3>Cechy:<\/h3>\n<p>1. Projektowanie wieloetapowe:<\/p>\n<p>Fabrycznie dostosowany si\u0142ownik hydrauliczny do wywrotek charakteryzuje si\u0119 wielostopniow\u0105 konstrukcj\u0105, kt\u00f3ra pozwala na zwi\u0119kszenie ud\u017awigu i d\u0142ugo\u015bci skoku. Si\u0142ownik sk\u0142ada si\u0119 z wielu stopni teleskopowych, kt\u00f3re wysuwaj\u0105 si\u0119 i chowaj\u0105, zapewniaj\u0105c optymaln\u0105 wydajno\u015b\u0107 podnoszenia. Ka\u017cdy stopie\u0144 zosta\u0142 starannie zaprojektowany, aby wytrzyma\u0107 du\u017ce obci\u0105\u017cenia i zapewni\u0107 p\u0142ynn\u0105 prac\u0119.<\/p>\n<p>2. Konfiguracja odwr\u00f3cona:<\/p>\n<p>W przeciwie\u0144stwie do tradycyjnych si\u0142ownik\u00f3w hydraulicznych, odwr\u00f3cony si\u0142ownik teleskopowy zosta\u0142 zaprojektowany z t\u0142oczyskiem skierowanym w d\u00f3\u0142. Taka odwr\u00f3cona konfiguracja oferuje szereg korzy\u015bci, w tym lepsz\u0105 stabilno\u015b\u0107, mniejsze wymagania konserwacyjne i wi\u0119ksze bezpiecze\u0144stwo. Umieszczenie t\u0142oczyska u do\u0142u pozwala si\u0142ownikowi lepiej przeciwstawi\u0107 si\u0119 obci\u0105\u017ceniom bocznym i si\u0142om wywieranym podczas opr\u00f3\u017cniania.<\/p>\n<p>3. Personalizacja fabryczna:<\/p>\n<p>Fabrycznie dostosowany si\u0142ownik hydrauliczny przyczepy do wywrotek jest dostosowany do specyficznych wymaga\u0144 wywrotek. Si\u0142ownik mo\u017cna dostosowa\u0107 pod wzgl\u0119dem wymiar\u00f3w, opcji monta\u017cu i materia\u0142\u00f3w, aby zapewni\u0107 bezproblemow\u0105 integracj\u0119 z uk\u0142adem hydraulicznym ci\u0119\u017car\u00f3wki. Taka mo\u017cliwo\u015b\u0107 dostosowania pozwala na optymaln\u0105 wydajno\u015b\u0107 i trwa\u0142o\u015b\u0107 si\u0142ownika w wymagaj\u0105cych warunkach eksploatacji wywrotek.<\/p>\n<h3>Zasady dzia\u0142ania:<\/h3>\n<p>Gdy wywrotka musi roz\u0142adowa\u0107 \u0142adunek, uk\u0142ad hydrauliczny uruchamia fabrycznie dostosowany si\u0142ownik hydrauliczny przyczepy. Oto opis krok po kroku zasady dzia\u0142ania si\u0142ownika:<\/p>\n<p>1. Etap rozszerzenia:<\/p>\n<p>Gdy p\u0142yn hydrauliczny jest pompowany do cylindra, najpierw trafia do komory najmniejszego stopnia. Ci\u015bnienie ro\u015bnie, powoduj\u0105c ruch t\u0142oka na zewn\u0105trz. Ten stopie\u0144 wyd\u0142u\u017cenia pozwala cylindrowi stopniowo zwi\u0119ksza\u0107 swoj\u0105 d\u0142ugo\u015b\u0107, zapewniaj\u0105c pocz\u0105tkow\u0105 si\u0142\u0119 unoszenia.<\/p>\n<p>2. Etapy sekwencyjne:<\/p>\n<p>Po ca\u0142kowitym wysuni\u0119ciu najmniejszego stopnia, p\u0142yn hydrauliczny nadal przep\u0142ywa do kolejnego, wi\u0119kszego stopnia. Ten sekwencyjny proces powtarza si\u0119 dla ka\u017cdego stopnia cylindra, a p\u0142yn stopniowo wype\u0142nia ka\u017cd\u0105 komor\u0119 i jeszcze bardziej wysuwa t\u0142ok. Sekwencyjne stopnie odwr\u00f3conego cylindra teleskopowego pozwalaj\u0105 na znaczny wzrost ud\u017awigu przy zachowaniu kompaktowej konstrukcji.<\/p>\n<p>3. Etap wycofywania:<\/p>\n<p>Gdy nadchodzi czas na cofni\u0119cie cylindra, uk\u0142ad hydrauliczny odwraca przep\u0142yw cieczy. Zaczyna cofanie od najwi\u0119kszego stopnia, stopniowo opr\u00f3\u017cniaj\u0105c komory i umo\u017cliwiaj\u0105c cofni\u0119cie si\u0119 t\u0142oka. Sekwencyjne cofanie stopni zapewnia kontrolowane i p\u0142ynne opuszczanie platformy wywrotki.<\/p>\n<p>Fabrycznie dostosowany si\u0142ownik hydrauliczny do wywrotek to kluczowy element umo\u017cliwiaj\u0105cy wydajne operacje wy\u0142adunku w ci\u0119\u017ckich pojazdach ci\u0119\u017carowych. Jego innowacyjna konstrukcja, w po\u0142\u0105czeniu z fabryczn\u0105 personalizacj\u0105, gwarantuje optymaln\u0105 wydajno\u015b\u0107 i trwa\u0142o\u015b\u0107. Niezale\u017cnie od tego, czy chodzi o ma\u0142y plac budowy, czy du\u017c\u0105 kopalni\u0119, ten si\u0142ownik hydrauliczny zapewnia moc i niezawodno\u015b\u0107 niezb\u0119dn\u0105 do obs\u0142ugi wymagaj\u0105cych \u0142adunk\u00f3w.<\/p>\n<h3>O FMP<\/h3>\n<p>FMP to firma specjalizuj\u0105ca si\u0119 w produkcji i sprzeda\u017cy cylindr\u00f3w hydraulicznych. Z siedzib\u0105 g\u0142\u00f3wn\u0105 we W\u0142oszech, posiadamy wieloletnie do\u015bwiadczenie w bran\u017cy maszyn budowlanych i zaanga\u017cowany zesp\u00f3\u0142 profesjonalist\u00f3w. Oferujemy wysokiej jako\u015bci i niezawodne cylindry hydrauliczne, a tak\u017ce szerok\u0105 gam\u0119 cz\u0119\u015bci do maszyn budowlanych i kompletne rozwi\u0105zania maszynowe.<\/p>\n<p>Oto 5 powod\u00f3w, dla kt\u00f3rych warto wybra\u0107 FMP:<\/p>\n<ol>\n<li>Szeroka gama produkt\u00f3w: Oferujemy r\u00f3\u017cnorodne typy si\u0142ownik\u00f3w hydraulicznych, w tym si\u0142owniki z regulowanym wide\u0142kiem, si\u0142owniki teleskopowe, si\u0142owniki spawane i wiele innych. Nasza zr\u00f3\u017cnicowana oferta produkt\u00f3w gwarantuje, \u017ce mo\u017cemy sprosta\u0107 indywidualnym potrzebom naszych klient\u00f3w.<\/li>\n<li>Komponenty najwy\u017cszej jako\u015bci: Wszystkie nasze cylindry hydrauliczne s\u0105 produkowane z wykorzystaniem komponent\u00f3w najwy\u017cszej jako\u015bci, co gwarantuje trwa\u0142o\u015b\u0107 i wydajno\u015b\u0107. \u015aci\u015ble wsp\u00f3\u0142pracujemy z wysokiej jako\u015bci dostawcami, aby utrzyma\u0107 surowe standardy jako\u015bci.<\/li>\n<li>Zesp\u00f3\u0142 ekspert\u00f3w ds. sprzeda\u017cy: Nasz do\u015bwiadczony zesp\u00f3\u0142 sprzeda\u017cy doskonale orientuje si\u0119 w bran\u017cy maszyn budowlanych i rozumie zmieniaj\u0105ce si\u0119 potrzeby naszych klient\u00f3w. Zapewniamy profesjonalne konsultacje produktowe i oferujemy przemy\u015blane sugestie zakupowe.<\/li>\n<li>Efektywna logistyka: Dysponujemy wydajnym systemem dystrybucji logistycznej, aby zapewni\u0107 terminow\u0105 i precyzyjn\u0105 dostaw\u0119 potrzebnych cz\u0119\u015bci do naszych klient\u00f3w. Mo\u017cesz na nas polega\u0107, \u017ce dotrzymamy termin\u00f3w realizacji Twojego projektu.<\/li>\n<li>Zaanga\u017cowanie w satysfakcj\u0119 klienta: W FMP satysfakcja klienta jest naszym najwy\u017cszym priorytetem. Dok\u0142adamy wszelkich stara\u0144, aby zapewni\u0107 doskona\u0142\u0105 obs\u0142ug\u0119 na ka\u017cdym etapie, od wyboru produktu po wsparcie posprzeda\u017cowe. Tw\u00f3j sukces jest naszym sukcesem.<\/li>\n<\/ol>\n<p><img decoding=\"async\" src=\"https:\/\/fmp-components.com\/wp-content\/uploads\/2024\/12\/Adjustable-Clevis-Type-Cylinders-6.webp\" alt=\"Regulowany cylinder typu wide\u0142kowego\" width=\"852\" title=\"\"><\/p>\n<p>Autor:CX<\/p>","protected":false},"excerpt":{"rendered":"<p>Introducing the Factory Customized Trailer Hydraulic Cylinder for Dump Truck: The Factory Customized Trailer Hydraulic Cylinder for Dump Truck is a high-quality and efficient hydraulic component specially designed for dump trucks. With its advanced features and robust construction, this hydraulic cylinder plays a vital role in the smooth operation of dump trucks during the unloading [&hellip;]<\/p>","protected":false},"featured_media":1702,"comment_status":"closed","ping_status":"closed","template":"","meta":{"_et_pb_use_builder":"","_et_pb_old_content":"","_et_gb_content_width":""},"product_brand":[],"product_cat":[45],"product_tag":[34,48],"class_list":{"0":"post-1701","1":"product","2":"type-product","3":"status-publish","4":"has-post-thumbnail","6":"product_cat-inverted-telescopic-cylinder","7":"product_tag-hydraulic-cylinder","8":"product_tag-inverted-telescopic-cylinder","10":"first","11":"instock","12":"product-type-simple"},"_links":{"self":[{"href":"https:\/\/fmp-components.com\/pl\/wp-json\/wp\/v2\/product\/1701","targetHints":{"allow":["GET"]}}],"collection":[{"href":"https:\/\/fmp-components.com\/pl\/wp-json\/wp\/v2\/product"}],"about":[{"href":"https:\/\/fmp-components.com\/pl\/wp-json\/wp\/v2\/types\/product"}],"replies":[{"embeddable":true,"href":"https:\/\/fmp-components.com\/pl\/wp-json\/wp\/v2\/comments?post=1701"}],"wp:featuredmedia":[{"embeddable":true,"href":"https:\/\/fmp-components.com\/pl\/wp-json\/wp\/v2\/media\/1702"}],"wp:attachment":[{"href":"https:\/\/fmp-components.com\/pl\/wp-json\/wp\/v2\/media?parent=1701"}],"wp:term":[{"taxonomy":"product_brand","embeddable":true,"href":"https:\/\/fmp-components.com\/pl\/wp-json\/wp\/v2\/product_brand?post=1701"},{"taxonomy":"product_cat","embeddable":true,"href":"https:\/\/fmp-components.com\/pl\/wp-json\/wp\/v2\/product_cat?post=1701"},{"taxonomy":"product_tag","embeddable":true,"href":"https:\/\/fmp-components.com\/pl\/wp-json\/wp\/v2\/product_tag?post=1701"}],"curies":[{"name":"wp","href":"https:\/\/api.w.org\/{rel}","templated":true}]}}