{"id":1699,"date":"2024-12-23T07:01:59","date_gmt":"2024-12-23T07:01:59","guid":{"rendered":"https:\/\/fmp-components.com\/product\/durable-5-ton-hydraulic-telescopic-cylinder-for-dump-truck\/"},"modified":"2025-03-11T05:47:41","modified_gmt":"2025-03-11T05:47:41","slug":"durable-5-ton-hydraulic-telescopic-cylinder-for-dump-truck","status":"publish","type":"product","link":"https:\/\/fmp-components.com\/pl\/product\/durable-5-ton-hydraulic-telescopic-cylinder-for-dump-truck\/","title":{"rendered":"Wytrzyma\u0142y 5-tonowy hydrauliczny si\u0142ownik teleskopowy do wywrotki"},"content":{"rendered":"<h2>Wprowadzenie do produktu:<\/h2>\n<p>Wytrzyma\u0142y, 5-tonowy hydrauliczny si\u0142ownik teleskopowy do wywrotek to mocne i niezawodne narz\u0119dzie, zaprojektowane z my\u015bl\u0105 o wyj\u0105tkowej wydajno\u015bci w zastosowaniach z wywrotkami. Ten si\u0142ownik hydrauliczny jest trwa\u0142y i wykonany z wysokiej jako\u015bci materia\u0142\u00f3w, kt\u00f3re gwarantuj\u0105 trwa\u0142o\u015b\u0107 i d\u0142ugotrwa\u0142\u0105 wydajno\u015b\u0107.<\/p>\n<p>Wytrzyma\u0142y, 5-tonowy hydrauliczny si\u0142ownik teleskopowy zosta\u0142 zaprojektowany z my\u015bl\u0105 o zapewnieniu wyj\u0105tkowej wytrzyma\u0142o\u015bci i mocy, przy maksymalnym ud\u017awigu 5 ton. Dzi\u0119ki temu idealnie nadaje si\u0119 do ci\u0119\u017ckich zastosowa\u0144, takich jak transport materia\u0142\u00f3w budowlanych, prace ziemne i inne ci\u0119\u017ckie \u0142adunki.<\/p>\n<p><img decoding=\"async\" src=\"https:\/\/hzpt.com\/wp-content\/uploads\/2023\/11\/Inverted-Telescopic-Cylinder-2.webp\" alt=\"\" title=\"\"><\/p>\n<p>Jedn\u0105 z wyr\u00f3\u017cniaj\u0105cych cech tego si\u0142ownika hydraulicznego jest jego teleskopowa konstrukcja. Si\u0142ownik sk\u0142ada si\u0119 z kilku stopni, kt\u00f3re mo\u017cna wysuwa\u0107, aby zapewni\u0107 wi\u0119ksz\u0105 wysoko\u015b\u0107 podnoszenia i zasi\u0119g. Dzi\u0119ki temu jest to niezwykle wszechstronne narz\u0119dzie, kt\u00f3re mo\u017ce by\u0107 wykorzystywane w wielu r\u00f3\u017cnych zastosowaniach.<\/p>\n<p>Wytrzyma\u0142y, 5-tonowy hydrauliczny si\u0142ownik teleskopowy do wywrotki jest niezwykle \u0142atwy w monta\u017cu i obs\u0142udze. Jest wyposa\u017cony we wszystkie niezb\u0119dne elementy monta\u017cowe i mo\u017cna go \u0142atwo przymocowa\u0107 do uk\u0142adu hydraulicznego wywrotki.<\/p>\n<table style=\"width: 100%;\" border=\"1\" width=\"100%\" cellspacing=\"0\" cellpadding=\"0\">\n<tbody>\n<tr>\n<th>Nazwa produktu<\/th>\n<td>Wytrzyma\u0142y 5-tonowy hydrauliczny si\u0142ownik teleskopowy<\/td>\n<\/tr>\n<tr>\n<th>Stan<\/th>\n<td>Nowy<\/td>\n<\/tr>\n<tr>\n<th>Typ<\/th>\n<td>Teleskopowy si\u0142ownik hydrauliczny<\/td>\n<\/tr>\n<tr>\n<th>Waga (kg)<\/th>\n<td>43<\/td>\n<\/tr>\n<tr>\n<th>Maksymalna \u0142adowno\u015b\u0107<\/th>\n<td>5 ton<\/td>\n<\/tr>\n<tr>\n<th>Gwarancja<\/th>\n<td>1 rok<\/td>\n<\/tr>\n<tr>\n<th>Zastosowane bran\u017ce<\/th>\n<td>Zak\u0142ady produkcyjne, warsztaty naprawcze maszyn, gospodarstwa rolne, energetyka i g\u00f3rnictwo, produkcja maszyn, fabryki maszyn<\/td>\n<\/tr>\n<tr>\n<th>Projekt<\/th>\n<td>Teleskopowanie<\/td>\n<\/tr>\n<tr>\n<th>Wydajno\u015b\u0107<\/th>\n<td>Wyj\u0105tkowa wytrzyma\u0142o\u015b\u0107 i trwa\u0142o\u015b\u0107<\/td>\n<\/tr>\n<tr>\n<th>Instalacja<\/th>\n<td>\u0141atwa instalacja<\/td>\n<\/tr>\n<\/tbody>\n<\/table>\n<h2>Cechy hydraulicznego cylindra teleskopowego<\/h2>\n<ul>\n<li style=\"list-style-type: none;\">\n<ul>\n<li>Wysoka trwa\u0142o\u015b\u0107: Wykonane ze stali zapewniaj\u0105cej maksymaln\u0105 wytrzyma\u0142o\u015b\u0107 i trwa\u0142o\u015b\u0107.<\/li>\n<li>Wydajna funkcjonalno\u015b\u0107: Ten cylinder dzia\u0142a w oparciu o si\u0142\u0119 hydrauliczn\u0105, co zapewnia p\u0142ynn\u0105 i wydajn\u0105 prac\u0119.<\/li>\n<\/ul>\n<\/li>\n<\/ul>\n<ul>\n<li>Du\u017ca wydajno\u015b\u0107: Maksymalna si\u0142a ci\u0105gu wynosz\u0105ca 3000 i maksymalna si\u0142a uci\u0105gu wynosz\u0105ca 20 ton sprawiaj\u0105, \u017ce maszyna ta mo\u017ce by\u0107 wykorzystywana do ci\u0119\u017ckich operacji.<\/li>\n<li>Standardowa konstrukcja: Ten cylinder t\u0142okowy jest zgodny ze standardowymi specyfikacjami, co czyni go wszechstronnym dodatkiem do ka\u017cdej maszyny.<\/li>\n<li>Certyfikowana jako\u015b\u0107: Certyfikat ISO9001:2000 gwarantuje jako\u015b\u0107 i bezpiecze\u0144stwo produktu.<\/li>\n<\/ul>\n<h2>Zastosowania hydraulicznego cylindra teleskopowego<\/h2>\n<ul>\n<li>Zak\u0142ady produkcyjne: Ten cylinder mo\u017cna stosowa\u0107 w r\u00f3\u017cnych procesach produkcyjnych, zwi\u0119kszaj\u0105c wydajno\u015b\u0107 i produktywno\u015b\u0107.<\/li>\n<li>Warsztaty naprawy maszyn: S\u0105 to niezb\u0119dne miejsca do naprawy ci\u0119\u017ckiego sprz\u0119tu.<\/li>\n<li>Gospodarstwa rolne: Si\u0142ownik hydrauliczny teleskopowy mo\u017ce by\u0107 stosowany w r\u00f3\u017cnych maszynach rolniczych.<\/li>\n<li>Energetyka i g\u00f3rnictwo: Odgrywa kluczow\u0105 rol\u0119 w funkcjonowaniu ci\u0119\u017ckiego sprz\u0119tu g\u00f3rniczego.<\/li>\n<li>Produkcja maszyn: Stanowi integraln\u0105 cz\u0119\u015b\u0107 proces\u00f3w produkcji maszyn.<\/li>\n<\/ul>\n<p><img decoding=\"async\" src=\"https:\/\/hzpt.com\/wp-content\/uploads\/2023\/11\/Inverted-Telescopic-Cylinder-Applications.webp\" alt=\"Zastosowania hydraulicznych cylindr\u00f3w teleskopowych\" title=\"\"><\/p>\n<h2>Zasada dzia\u0142ania i konserwacja hydraulicznego cylindra teleskopowego<\/h2>\n<p>Dzi\u0119ki swojej konfiguracji, dop\u0142ywowi p\u0142ynu hydraulicznego i sile wyj\u015bciowej, hydrauliczny si\u0142ownik teleskopowy dzia\u0142a wydajnie. Oto szczeg\u00f3\u0142owy opis jego zasady dzia\u0142ania:<\/p>\n<ul>\n<li>Konfiguracja: Cylinder sk\u0142ada si\u0119 ze stalowego korpusu, \u0142o\u017cyska i cylindra t\u0142okowego, kt\u00f3re stanowi\u0105 jego g\u0142\u00f3wne elementy.<\/li>\n<li>Dop\u0142yw p\u0142ynu hydraulicznego: Do \u200b\u200bcylindra dop\u0142ywa p\u0142yn hydrauliczny, kt\u00f3ry porusza t\u0142ok i wytwarza si\u0142\u0119.<\/li>\n<li>Si\u0142a wyj\u015bciowa: Wytworzona si\u0142a s\u0142u\u017cy do nap\u0119dzania maszynerii.<\/li>\n<\/ul>\n<p>Regularna konserwacja obejmuje:<\/p>\n<ul>\n<li>Regularna kontrola: Nale\u017cy regularnie sprawdza\u0107 cylinder, aby mie\u0107 pewno\u015b\u0107, \u017ce jest w dobrym stanie technicznym.<\/li>\n<li>Czyszczenie: Czy\u015b\u0107 cylinder regularnie, aby zapobiec wp\u0142ywowi kurzu i zanieczyszcze\u0144 na jego wydajno\u015b\u0107.<\/li>\n<li>Smarowanie: Regularnie smaruj ruchome cz\u0119\u015bci, aby zmniejszy\u0107 tarcie i zapewni\u0107 p\u0142ynn\u0105 prac\u0119.<\/li>\n<li>Wymiana uszczelek: W razie potrzeby wymieniaj uszczelki, aby zapobiec przeciekom.<\/li>\n<li>Post\u0119powanie zgodnie z instrukcj\u0105 obs\u0142ugi: Zawsze post\u0119puj zgodnie z instrukcj\u0105 obs\u0142ugi w zakresie obs\u0142ugi i konserwacji.<\/li>\n<\/ul>\n<p><img decoding=\"async\" src=\"https:\/\/hzpt.com\/wp-content\/uploads\/2023\/11\/Inverted-Telescopic-Cylinder-18.webp\" alt=\"\" title=\"\"><\/p>\n<h2>Odwr\u00f3cony cylinder teleskopowy<\/h2>\n<p>Si\u0142ownik hydrauliczny to urz\u0105dzenie mechaniczne, szeroko stosowane w in\u017cynierii i przemy\u015ble. Jest to si\u0142ownik liniowy, kt\u00f3ry wytwarza si\u0142\u0119 za pomoc\u0105 spr\u0119\u017conego p\u0142ynu hydraulicznego. Odwr\u00f3cony si\u0142ownik teleskopowy to rodzaj si\u0142ownika hydraulicznego o unikalnej konstrukcji, zapewniaj\u0105cej zwi\u0119kszon\u0105 trwa\u0142o\u015b\u0107 i wytrzyma\u0142o\u015b\u0107. Ten typ si\u0142ownika jest powszechnie stosowany w wywrotkach i innym ci\u0119\u017ckim sprz\u0119cie, gdzie powszechnie wyst\u0119puj\u0105 du\u017ce obci\u0105\u017cenia i trudne warunki pracy.<\/p>\n<h3>Projektowanie i budowa<\/h3>\n<p>Odwr\u00f3cony cylinder teleskopowy sk\u0142ada si\u0119 z wielu stopni, kt\u00f3re s\u0105 ze sob\u0105 po\u0142\u0105czone w konfiguracji teleskopowej. Stopie\u0144 zewn\u0119trzny jest najwi\u0119kszy, a stopie\u0144 wewn\u0119trzny najmniejszy. Stopnie s\u0105 po\u0142\u0105czone szeregiem przewod\u00f3w hydraulicznych, kt\u00f3re umo\u017cliwiaj\u0105 przep\u0142yw spr\u0119\u017conego p\u0142ynu z jednego stopnia do drugiego. Cylinder jest zazwyczaj montowany do g\u00f3ry nogami, a p\u0142yn hydrauliczny wp\u0142ywa od spodu cylindra.<\/p>\n<p>Trwa\u0142o\u015b\u0107 cylindra wynika z jego konstrukcji. \u015acianki cylindra wykonane s\u0105 z wysokowytrzyma\u0142ej stali, kt\u00f3ra wytrzymuje du\u017ce obci\u0105\u017cenia i trudne warunki pracy. Elementy wewn\u0119trzne r\u00f3wnie\u017c wykonane s\u0105 z wysokiej jako\u015bci materia\u0142\u00f3w, kt\u00f3re s\u0105 odporne na wysokie ci\u015bnienie i zu\u017cycie z up\u0142ywem czasu.<\/p>\n<h3>Zalety odwr\u00f3conego cylindra teleskopowego<\/h3>\n<p>Jedn\u0105 z g\u0142\u00f3wnych zalet odwr\u00f3conego cylindra teleskopowego jest jego trwa\u0142o\u015b\u0107. Cylinder zosta\u0142 zaprojektowany tak, aby wytrzyma\u0107 du\u017ce obci\u0105\u017cenia i trudne warunki pracy, dzi\u0119ki czemu idealnie nadaje si\u0119 do stosowania w wywrotkach i innym ci\u0119\u017ckim sprz\u0119cie. Zastosowanie wysokiej jako\u015bci materia\u0142\u00f3w i technik konstrukcyjnych gwarantuje, \u017ce cylinder b\u0119dzie s\u0142u\u017cy\u0142 przez wiele lat bez konieczno\u015bci wymiany lub naprawy.<\/p>\n<p>Kolejn\u0105 zalet\u0105 odwr\u00f3conego cylindra teleskopowego jest jego wydajno\u015b\u0107. Cylinder zosta\u0142 zaprojektowany do pracy z minimalnym tarciem, co oznacza, \u017ce \u200b\u200bwymaga mniej energii ni\u017c inne typy cylindr\u00f3w. Przek\u0142ada si\u0119 to na ni\u017csze koszty eksploatacji i zwi\u0119kszon\u0105 wydajno\u015b\u0107.<\/p>\n<p>Odwr\u00f3cony cylinder teleskopowy jest r\u00f3wnie\u017c niezwykle wszechstronny, co czyni go odpowiednim do szerokiego zakresu zastosowa\u0144. Cylinder mo\u017cna dostosowa\u0107 do specyficznych potrzeb r\u00f3\u017cnych bran\u017c i zastosowa\u0144, co czyni go niezwykle wszechstronnym i u\u017cytecznym urz\u0105dzeniem.<\/p>\n<h3>Wytrzyma\u0142y 5-tonowy hydrauliczny si\u0142ownik teleskopowy do wywrotki<\/h3>\n<p>Wytrzyma\u0142y, 5-tonowy hydrauliczny si\u0142ownik teleskopowy to specjalistyczny typ odwr\u00f3conego si\u0142ownika teleskopowego, zaprojektowany specjalnie do stosowania w wywrotkach. Si\u0142ownik ten jest zdolny do podnoszenia du\u017cych ci\u0119\u017car\u00f3w i charakteryzuje si\u0119 wysok\u0105 wytrzyma\u0142o\u015bci\u0105, dzi\u0119ki czemu idealnie nadaje si\u0119 do pracy w trudnych warunkach.<\/p>\n<p>Cylinder wykonany jest z wysokowytrzyma\u0142ej stali i charakteryzuje si\u0119 wielostopniow\u0105 konstrukcj\u0105, kt\u00f3ra umo\u017cliwia \u0142atwe podnoszenie du\u017cych ci\u0119\u017car\u00f3w. P\u0142yn hydrauliczny jest pod ci\u015bnieniem, aby zapewni\u0107 niezb\u0119dn\u0105 si\u0142\u0119, a cylinder zosta\u0142 zaprojektowany z my\u015bl\u0105 o wydajnej pracy przy minimalnej stracie energii.<\/p>\n<p>Wytrzyma\u0142y, 5-tonowy hydrauliczny si\u0142ownik teleskopowy do wywrotek to niezawodne i wydajne urz\u0105dzenie, kt\u00f3re mo\u017ce pom\u00f3c zwi\u0119kszy\u0107 wydajno\u015b\u0107 i obni\u017cy\u0107 koszty eksploatacji. Jego trwa\u0142o\u015b\u0107, wydajno\u015b\u0107 i wszechstronno\u015b\u0107 sprawiaj\u0105, \u017ce jest to idealny wyb\u00f3r dla szerokiej gamy bran\u017c i zastosowa\u0144.<\/p>\n<h3>O cylindrze hydraulicznym FMP<\/h3>\n<p><img decoding=\"async\" src=\"https:\/\/fmp-components.com\/wp-content\/uploads\/2024\/12\/Adjustable-Clevis-Type-Cylinders-6.webp\" alt=\"Regulowany cylinder typu wide\u0142kowego\" width=\"851\" title=\"\"><\/p>\n<p>FMP jest wiod\u0105cym dostawc\u0105 wysokiej jako\u015bci si\u0142ownik\u00f3w hydraulicznych do maszyn budowlanych. Dzi\u0119ki naszemu bogatemu do\u015bwiadczeniu w bran\u017cy i zaanga\u017cowanemu zespo\u0142owi, oferujemy szerok\u0105 gam\u0119 si\u0142ownik\u00f3w hydraulicznych, zaprojektowanych tak, aby sprosta\u0107 zr\u00f3\u017cnicowanym potrzebom naszych klient\u00f3w.<\/p>\n<p>Oto pi\u0119\u0107 kluczowych zalet wyboru si\u0142ownika hydraulicznego FMP:<\/p>\n<ol>\n<li>Najwy\u017csza jako\u015b\u0107: Nasze cylindry hydrauliczne s\u0105 produkowane z najlepszych materia\u0142\u00f3w i przechodz\u0105 rygorystyczne kontrole jako\u015bci, aby zagwarantowa\u0107 trwa\u0142o\u015b\u0107 i niezawodno\u015b\u0107 w najbardziej wymagaj\u0105cych warunkach budowlanych.<\/li>\n<li>Szeroki wyb\u00f3r opcji: Oferujemy szeroki wyb\u00f3r si\u0142ownik\u00f3w hydraulicznych, w tym si\u0142owniki z regulowanym wide\u0142kiem, si\u0142owniki z dr\u0105\u017ckiem kierowniczym, si\u0142owniki spawane, si\u0142owniki teleskopowe i wiele innych. Dzi\u0119ki temu mo\u017cesz znale\u017a\u0107 idealne rozwi\u0105zanie, kt\u00f3re spe\u0142ni Twoje indywidualne wymagania.<\/li>\n<li>Konsultacje ekspert\u00f3w: Nasz do\u015bwiadczony zesp\u00f3\u0142 sprzeda\u017cy doskonale zna najnowsze trendy i potrzeby klient\u00f3w w bran\u017cy maszyn budowlanych. Zapewniamy profesjonalne konsultacje produktowe, kt\u00f3re pomog\u0105 Pa\u0144stwu w podejmowaniu \u015bwiadomych decyzji.<\/li>\n<li>M\u0105dre sugestie zakupowe: Rozumiemy, \u017ce ka\u017cdy projekt jest wyj\u0105tkowy, a nasz zesp\u00f3\u0142 oferuje spersonalizowane rekomendacje, kt\u00f3re pomog\u0105 Ci wybra\u0107 odpowiedni si\u0142ownik hydrauliczny do Twojego zastosowania. Pomaga to zoptymalizowa\u0107 wydajno\u015b\u0107 i zminimalizowa\u0107 przestoje.<\/li>\n<li>Efektywna logistyka: W FMP priorytetowo traktujemy terminowo\u015b\u0107 i precyzj\u0119 dostaw. Nasz wydajny system dystrybucji logistycznej gwarantuje szybk\u0105 dostaw\u0119 potrzebnych cylindr\u00f3w hydraulicznych, co pozwala dotrzyma\u0107 termin\u00f3w i zrealizowa\u0107 projekt.<\/li>\n<\/ol>\n<p>Wybierz si\u0142ownik hydrauliczny FMP, aby cieszy\u0107 si\u0119 niezawodn\u0105 wydajno\u015bci\u0105, wyj\u0105tkow\u0105 jako\u015bci\u0105 i niezr\u00f3wnan\u0105 obs\u0142ug\u0105 klienta. Skontaktuj si\u0119 z nami ju\u017c dzi\u015b, aby om\u00f3wi\u0107 swoje potrzeby w zakresie si\u0142ownik\u00f3w hydraulicznych i przekona\u0107 si\u0119 o r\u00f3\u017cnicy, jak\u0105 oferuje FMP.<\/p>\n<p>Autor:CX<\/p>","protected":false},"excerpt":{"rendered":"<p>Product Introduction: The Durable 5 Ton Hydraulic Telescopic Cylinder For Dump Truck is a powerful and reliable tool that is designed to provide exceptional performance for dump truck applications. This hydraulic cylinder is built to last and is made from high-quality materials that ensure durability and long-lasting performance. The Durable 5 Ton Hydraulic Telescopic Cylinder [&hellip;]<\/p>","protected":false},"featured_media":1700,"comment_status":"closed","ping_status":"closed","template":"","meta":{"_et_pb_use_builder":"","_et_pb_old_content":"","_et_gb_content_width":""},"product_brand":[],"product_cat":[45],"product_tag":[34,48],"class_list":{"0":"post-1699","1":"product","2":"type-product","3":"status-publish","4":"has-post-thumbnail","6":"product_cat-inverted-telescopic-cylinder","7":"product_tag-hydraulic-cylinder","8":"product_tag-inverted-telescopic-cylinder","10":"first","11":"instock","12":"product-type-simple"},"_links":{"self":[{"href":"https:\/\/fmp-components.com\/pl\/wp-json\/wp\/v2\/product\/1699","targetHints":{"allow":["GET"]}}],"collection":[{"href":"https:\/\/fmp-components.com\/pl\/wp-json\/wp\/v2\/product"}],"about":[{"href":"https:\/\/fmp-components.com\/pl\/wp-json\/wp\/v2\/types\/product"}],"replies":[{"embeddable":true,"href":"https:\/\/fmp-components.com\/pl\/wp-json\/wp\/v2\/comments?post=1699"}],"wp:featuredmedia":[{"embeddable":true,"href":"https:\/\/fmp-components.com\/pl\/wp-json\/wp\/v2\/media\/1700"}],"wp:attachment":[{"href":"https:\/\/fmp-components.com\/pl\/wp-json\/wp\/v2\/media?parent=1699"}],"wp:term":[{"taxonomy":"product_brand","embeddable":true,"href":"https:\/\/fmp-components.com\/pl\/wp-json\/wp\/v2\/product_brand?post=1699"},{"taxonomy":"product_cat","embeddable":true,"href":"https:\/\/fmp-components.com\/pl\/wp-json\/wp\/v2\/product_cat?post=1699"},{"taxonomy":"product_tag","embeddable":true,"href":"https:\/\/fmp-components.com\/pl\/wp-json\/wp\/v2\/product_tag?post=1699"}],"curies":[{"name":"wp","href":"https:\/\/api.w.org\/{rel}","templated":true}]}}