{"id":1695,"date":"2024-12-23T07:01:59","date_gmt":"2024-12-23T07:01:59","guid":{"rendered":"https:\/\/fmp-components.com\/product\/factory-direct-sale-10-ton-dump-truck-hydraulic-cylinder-double-acting-hydraulic-cylinder\/"},"modified":"2025-03-11T06:06:28","modified_gmt":"2025-03-11T06:06:28","slug":"factory-direct-sale-10-ton-dump-truck-hydraulic-cylinder-double-acting-hydraulic-cylinder","status":"publish","type":"product","link":"https:\/\/fmp-components.com\/pl\/product\/factory-direct-sale-10-ton-dump-truck-hydraulic-cylinder-double-acting-hydraulic-cylinder\/","title":{"rendered":"Sprzeda\u017c bezpo\u015brednia z fabryki, si\u0142ownik hydrauliczny do wywrotki 10 ton, si\u0142ownik hydrauliczny dwustronnego dzia\u0142ania"},"content":{"rendered":"<p>Si\u0142ownik hydrauliczny dwustronnego dzia\u0142ania do wywrotek o ud\u017awigu 10 ton, sprzedawany bezpo\u015brednio z fabryki. To najwy\u017cszej klasy si\u0142ownik hydrauliczny przeznaczony do stosowania w wywrotkach. Dzi\u0119ki dwustronnemu dzia\u0142aniu, si\u0142ownik ten mo\u017ce by\u0107 stosowany w wielu zastosowaniach, w tym do podnoszenia i opuszczania ci\u0119\u017ckich \u0142adunk\u00f3w, zapewniaj\u0105c p\u0142ynn\u0105 i precyzyjn\u0105 kontrol\u0119 w obu kierunkach.<\/p>\n<p><img decoding=\"async\" src=\"https:\/\/hzpt.com\/wp-content\/uploads\/2023\/11\/Inverted-Telescopic-Cylinder-4.webp\" alt=\"\" title=\"\"><\/p>\n<p>Wykonany z precyzj\u0105 i staranno\u015bci\u0105, ten si\u0142ownik hydrauliczny charakteryzuje si\u0119 wyj\u0105tkow\u0105 wytrzyma\u0142o\u015bci\u0105 i trwa\u0142o\u015bci\u0105, co czyni go niezawodnym wyborem do ci\u0119\u017ckich zastosowa\u0144. Si\u0142ownik charakteryzuje si\u0119 konstrukcj\u0105 ze stali o wysokiej wytrzyma\u0142o\u015bci i zosta\u0142 zaprojektowany tak, aby wytrzymywa\u0107 ekstremalne temperatury i trudne warunki pracy, zapewniaj\u0105c optymaln\u0105 wydajno\u015b\u0107 i trwa\u0142o\u015b\u0107.<\/p>\n<p>Nowoczesna konstrukcja cylindra obejmuje r\u00f3wnie\u017c szereg innowacyjnych rozwi\u0105za\u0144, takich jak precyzyjnie obrobione t\u0142oczyska, wysokiej jako\u015bci uszczelki i zaawansowane uk\u0142ady hydrauliczne, kt\u00f3re wsp\u00f3\u0142pracuj\u0105c ze sob\u0105, zapewniaj\u0105 wyj\u0105tkow\u0105 wydajno\u015b\u0107, efektywno\u015b\u0107 i niezawodno\u015b\u0107.<\/p>\n<table style=\"width: 100%;\" border=\"1\" width=\"100%\" cellspacing=\"0\" cellpadding=\"0\">\n<tbody>\n<tr>\n<th>Nazwa produktu<\/th>\n<td>Si\u0142ownik hydrauliczny wywrotki 10 ton<\/td>\n<\/tr>\n<tr>\n<th>Stan<\/th>\n<td>Nowy<\/td>\n<\/tr>\n<tr>\n<th>Typ<\/th>\n<td>Si\u0142ownik hydrauliczny dwustronnego dzia\u0142ania<\/td>\n<\/tr>\n<tr>\n<th>Struktura<\/th>\n<td>Standardowy cylinder t\u0142okowy<\/td>\n<\/tr>\n<tr>\n<th>\u0179r\u00f3d\u0142o zasilania<\/th>\n<td>P\u0142yn hydrauliczny<\/td>\n<\/tr>\n<tr>\n<th>Projekt<\/th>\n<td>Odwr\u00f3cony teleskopowy<\/td>\n<\/tr>\n<tr>\n<th>Tworzywo<\/th>\n<td>Trwa\u0142a stal<\/td>\n<\/tr>\n<tr>\n<th>Maksymalny ci\u0105g<\/th>\n<td>3000<\/td>\n<\/tr>\n<tr>\n<th>Maksymalne poci\u0105gni\u0119cie<\/th>\n<td>20 ton<\/td>\n<\/tr>\n<tr>\n<th>Rozmiar otworu<\/th>\n<td>2 \u2013 6 cali<\/td>\n<\/tr>\n<tr>\n<th>Rozmiar pr\u0119ta<\/th>\n<td>1,125 \u2013 4 cale<\/td>\n<\/tr>\n<tr>\n<th>Rozmiar poci\u0105gni\u0119cia<\/th>\n<td>6 \u2013 48 cali<\/td>\n<\/tr>\n<tr>\n<th>Rozmiar szpilki<\/th>\n<td>0,5 \u2013 2 cale<\/td>\n<\/tr>\n<tr>\n<th>Orzecznictwo<\/th>\n<td>ISO 9001:2000<\/td>\n<\/tr>\n<tr>\n<th>Kolor<\/th>\n<td>Elegancka czer\u0144<\/td>\n<\/tr>\n<tr>\n<th>Gwarancja<\/th>\n<td>1 rok<\/td>\n<\/tr>\n<tr>\n<th>G\u0142\u00f3wne komponenty<\/th>\n<td>\u0141o\u017cysko, cylinder t\u0142okowy<\/td>\n<\/tr>\n<\/tbody>\n<\/table>\n<h2>Cechy cylindra hydraulicznego do wywrotki 10 ton<\/h2>\n<p>Ten si\u0142ownik hydrauliczny mo\u017ce pochwali\u0107 si\u0119 szeregiem imponuj\u0105cych cech:<\/p>\n<ol>\n<li>Dwustronnego dzia\u0142ania: oznacza to, \u017ce mo\u017ce wykonywa\u0107 operacje hydrauliczne w dw\u00f3ch kierunkach, zapewniaj\u0105c wi\u0119ksz\u0105 elastyczno\u015b\u0107 i wydajno\u015b\u0107.<\/li>\n<li>Odwr\u00f3cona konstrukcja teleskopowa: Konstrukcja ta pozwala na d\u0142u\u017cszy skok, co zwi\u0119ksza og\u00f3ln\u0105 wydajno\u015b\u0107 i wszechstronno\u015b\u0107 cylindra.<\/li>\n<li>Wysoka maksymalna si\u0142a ci\u0105gu i uci\u0105gu: Przy maksymalnej sile ci\u0105gu wynosz\u0105cej 3000 i maksymalnej sile uci\u0105gu wynosz\u0105cej 20 ton, ten cylinder z \u0142atwo\u015bci\u0105 radzi sobie z du\u017cymi obci\u0105\u017ceniami.<\/li>\n<li>Trwa\u0142y materia\u0142: Ten cylinder wykonany jest ze stali, jest solidny i trwa\u0142y, co gwarantuje d\u0142ugotrwa\u0142\u0105 niezawodno\u015b\u0107 i wydajno\u015b\u0107.<\/li>\n<li>Roczna gwarancja: Produkt obj\u0119ty jest roczn\u0105 gwarancj\u0105, zapewniaj\u0105c\u0105 spok\u00f3j ducha i ochron\u0119 Twojej inwestycji.<\/li>\n<\/ol>\n<h2>Zastosowania cylindra hydraulicznego do wywrotek 10-tonowych<\/h2>\n<p>Dzi\u0119ki solidnej konstrukcji i wszechstronno\u015bci ten si\u0142ownik hydrauliczny nadaje si\u0119 do szerokiego zakresu zastosowa\u0144:<\/p>\n<ol>\n<li>Zak\u0142ady produkcyjne: wykorzystywane do obs\u0142ugi ci\u0119\u017ckiego sprz\u0119tu i przemieszczania materia\u0142\u00f3w.<\/li>\n<li>Warsztaty naprawy maszyn: Niezb\u0119dne do wykonywania napraw i prac konserwacyjnych, kt\u00f3re wymagaj\u0105 podnoszenia lub przenoszenia ci\u0119\u017ckich cz\u0119\u015bci maszyn.<\/li>\n<li>Gospodarstwa rolne: Stosowane w r\u00f3\u017cnych maszynach rolniczych do zada\u0144 takich jak podnoszenie, pchanie i ci\u0105gni\u0119cie.<\/li>\n<li>Energetyka i g\u00f3rnictwo: Stosowane w urz\u0105dzeniach do kopania, wiercenia i wydobywania surowc\u00f3w.<\/li>\n<li>Produkcja maszyn: Integralna cz\u0119\u015b\u0107 monta\u017cu i demonta\u017cu du\u017cych maszyn i urz\u0105dze\u0144.<\/li>\n<\/ol>\n<p><img decoding=\"async\" src=\"https:\/\/hzpt.com\/wp-content\/uploads\/2023\/11\/Inverted-Telescopic-Cylinder-Applications.webp\" alt=\"Zastosowania odwr\u00f3conego cylindra teleskopowego\" title=\"\"><\/p>\n<h2>Zasada dzia\u0142ania i metody konserwacji<\/h2>\n<p>Si\u0142ownik hydrauliczny dzia\u0142a na prostej, ale skutecznej zasadzie. P\u0142yn hydrauliczny jest pompowany do cylindra, co wytwarza ci\u015bnienie. Ci\u015bnienie to dzia\u0142a na t\u0142ok, powoduj\u0105c jego ruch i generuj\u0105c si\u0142\u0119 wyj\u015bciow\u0105. Konstrukcja dwustronnego dzia\u0142ania oznacza, \u017ce \u200b\u200bp\u0142yn mo\u017ce by\u0107 pompowany w obu kierunkach, umo\u017cliwiaj\u0105c t\u0142okowi ruch do przodu i do ty\u0142u.<\/p>\n<p>Je\u015bli chodzi o konserwacj\u0119, kluczowe jest:<\/p>\n<ol>\n<li style=\"list-style-type: none;\">\n<ol>\n<li>Regularnie sprawdzaj cylinder pod k\u0105tem oznak zu\u017cycia, uszkodze\u0144 lub nieszczelno\u015bci.<\/li>\n<li>Regularnie czy\u015b\u0107 cylinder, aby zapobiec gromadzeniu si\u0119 brudu i zanieczyszcze\u0144.<\/li>\n<li>Nasmaruj ruchome cz\u0119\u015bci, aby zmniejszy\u0107 tarcie i zu\u017cycie.<\/li>\n<li>Przeprowadzaj regularne kontrole i naprawy, aby wcze\u015bnie wykry\u0107 i rozwi\u0105za\u0107 problemy.<\/li>\n<li>W razie potrzeby wymie\u0144 uszczelki, aby zapobiec przeciekom i utrzyma\u0107 optymaln\u0105 wydajno\u015b\u0107.<\/li>\n<li>Szczeg\u00f3\u0142owe wytyczne i harmonogramy konserwacji mo\u017cna znale\u017a\u0107 w instrukcji obs\u0142ugi.<\/li>\n<\/ol>\n<\/li>\n<\/ol>\n<p><img decoding=\"async\" src=\"https:\/\/hzpt.com\/wp-content\/uploads\/2023\/11\/Inverted-Telescopic-Cylinder-8.webp\" alt=\"\" title=\"\"><\/p>\n<h2>Odwr\u00f3cony cylinder teleskopowy<\/h2>\n<p>Odwr\u00f3cony cylinder teleskopowy, znany r\u00f3wnie\u017c jako cylinder teleskopowy jednostronnego dzia\u0142ania, to si\u0142ownik hydrauliczny sk\u0142adaj\u0105cy si\u0119 z wielu zagnie\u017cd\u017conych stopni, z kt\u00f3rych ka\u017cdy jest schowany w wi\u0119kszym stopniu. Cylindry te s\u0105 powszechnie stosowane w r\u00f3\u017cnych zastosowaniach wymagaj\u0105cych du\u017cej wytrzyma\u0142o\u015bci, takich jak wywrotki, d\u017awigi i koparki.<\/p>\n<h3>Cechy odwr\u00f3conego cylindra teleskopowego<\/h3>\n<p>Poni\u017cej przedstawiono niekt\u00f3re z najwa\u017cniejszych cech odwr\u00f3conych cylindr\u00f3w teleskopowych:<\/p>\n<ul>\n<li>Du\u017ce poci\u0105gni\u0119cia przy mniejszej d\u0142ugo\u015bci wycofania<\/li>\n<li>Bardzo efektywne wykorzystanie przestrzeni, dzi\u0119ki czemu idealnie nadaj\u0105 si\u0119 do maszyn o ograniczonej przestrzeni<\/li>\n<li>Wysoka wytrzyma\u0142o\u015b\u0107 i trwa\u0142o\u015b\u0107 dzi\u0119ki zastosowaniu wysokiej jako\u015bci materia\u0142\u00f3w, takich jak chromowana stal<\/li>\n<li>Wytrzymuje du\u017ce obci\u0105\u017cenia i zapewnia sta\u0142\u0105 wydajno\u015b\u0107 nawet w trudnych warunkach<\/li>\n<\/ul>\n<h3>Zasada dzia\u0142ania odwr\u00f3conego cylindra teleskopowego<\/h3>\n<p>Po przy\u0142o\u017ceniu ci\u015bnienia do t\u0142oczyska, wysuwa si\u0119 ono z cylindra, powoduj\u0105c r\u00f3wnie\u017c wysuni\u0119cie zagnie\u017cd\u017conych stopni. To wysuni\u0119cie trwa do momentu, a\u017c t\u0142oczysko osi\u0105gnie koniec skoku. Cylinder cofa si\u0119 po zwolnieniu ci\u015bnienia, a zagnie\u017cd\u017cone stopnie wsuwaj\u0105 si\u0119 z powrotem do wi\u0119kszego.<\/p>\n<p>T\u0142oczysko odwr\u00f3conego cylindra teleskopowego jest zazwyczaj przymocowane do ko\u0144ca najmniejszego stopnia. T\u0142ok znajduje si\u0119 wewn\u0105trz najwi\u0119kszego stopnia, a p\u0142yn hydrauliczny jest zazwyczaj doprowadzany przez otw\u00f3r w podstawie cylindra.<\/p>\n<h3>Zastosowania odwr\u00f3conego cylindra teleskopowego<\/h3>\n<p>Odwr\u00f3cone si\u0142owniki teleskopowe s\u0105 powszechnie stosowane w wywrotkach, kt\u00f3re wymagaj\u0105 si\u0142ownik\u00f3w hydraulicznych do podnoszenia i pochylania skrzyni \u0142adunkowej w celu roz\u0142adunku. Si\u0142owniki te s\u0105 r\u00f3wnie\u017c stosowane w sprz\u0119cie budowlanym, takim jak koparki, do sterowania ruchem wysi\u0119gnika i ramienia.<\/p>\n<p>Si\u0142ownik hydrauliczny dwustronnego dzia\u0142ania to kolejny rodzaj si\u0142ownika hydraulicznego, kt\u00f3ry mo\u017ce by\u0107 stosowany w r\u00f3\u017cnych zastosowaniach wymagaj\u0105cych du\u017cej wytrzyma\u0142o\u015bci. Si\u0142ownik hydrauliczny dwustronnego dzia\u0142ania do wywrotek o ud\u017awigu 10 ton, dost\u0119pny w sprzeda\u017cy fabrycznej, to idealne rozwi\u0105zanie, gdy si\u0142ownik musi porusza\u0107 si\u0119 tam i z powrotem, na przyk\u0142ad w prasie hydraulicznej lub podno\u015bniku. Si\u0142owniki te sk\u0142adaj\u0105 si\u0119 z t\u0142oka, kt\u00f3ry mo\u017ce porusza\u0107 si\u0119 w obu kierunkach, a p\u0142yn hydrauliczny jest doprowadzany z obu stron t\u0142oka, aby kontrolowa\u0107 jego ruch.<\/p>\n<p>Odwr\u00f3cony si\u0142ownik teleskopowy jest niezb\u0119dnym elementem w r\u00f3\u017cnych zastosowaniach wymagaj\u0105cych du\u017cej wytrzyma\u0142o\u015bci, takich jak wywrotki i sprz\u0119t budowlany. Si\u0142owniki te oferuj\u0105 niezawodny i wydajny spos\u00f3b sterowania ruchem ci\u0119\u017ckich maszyn, zapewniaj\u0105c sta\u0142\u0105 wydajno\u015b\u0107 nawet w trudnych warunkach. Rozumiej\u0105c zasad\u0119 dzia\u0142ania tych si\u0142ownik\u00f3w i ich zastosowania, producenci mog\u0105 \u015bwiadomie decydowa\u0107 o wyborze odpowiedniego typu si\u0142ownika hydraulicznego do swoich potrzeb.<\/p>\n<p><img decoding=\"async\" src=\"https:\/\/hzpt.com\/wp-content\/uploads\/2023\/11\/Inverted-Telescopic-Cylinder-Manufacturers.webp\" alt=\"Fabryka maszyn hydraulicznych HZPT\" title=\"\"><\/p>\n<h3>O FMP<\/h3>\n<p>FMP to firma specjalizuj\u0105ca si\u0119 w produkcji i sprzeda\u017cy si\u0142ownik\u00f3w hydraulicznych. Koncentruj\u0105c si\u0119 na dostarczaniu wysokiej jako\u015bci cz\u0119\u015bci do maszyn budowlanych i kompletnych rozwi\u0105za\u0144 maszynowych, stali\u015bmy si\u0119 wiarygodnym partnerem w bran\u017cy. Z siedzib\u0105 we W\u0142oszech, nasze wieloletnie do\u015bwiadczenie i profesjonalny zesp\u00f3\u0142 gwarantuj\u0105 klientom produkty i us\u0142ugi najwy\u017cszej jako\u015bci.<\/p>\n<p><strong>Nasza oferta produkt\u00f3w:<\/strong><\/p>\n<ol>\n<li><strong>Przek\u0142adnie maszyn rolniczych:<\/strong> Oferujemy szerok\u0105 gam\u0119 przek\u0142adni zaprojektowanych specjalnie do maszyn rolniczych. Przek\u0142adnie te s\u0105 trwa\u0142e i wydajne, zapewniaj\u0105c p\u0142ynn\u0105 i niezawodn\u0105 prac\u0119.<\/li>\n<li><strong>Si\u0142owniki hydrauliczne:<\/strong> Nasze cylindry hydrauliczne s\u0105 produkowane zgodnie z najwy\u017cszymi standardami, aby zapewni\u0107 doskona\u0142\u0105 wydajno\u015b\u0107 i trwa\u0142o\u015b\u0107. Zaprojektowano je tak, aby wytrzymywa\u0142y du\u017ce obci\u0105\u017cenia i trudne warunki pracy, gwarantuj\u0105c optymaln\u0105 wydajno\u015b\u0107 i niezawodno\u015b\u0107.<\/li>\n<li><strong>Przek\u0142adnie planetarne:<\/strong> Oferujemy przek\u0142adnie planetarne zaprojektowane z my\u015bl\u0105 o precyzji i trwa\u0142o\u015bci. Przek\u0142adnie te charakteryzuj\u0105 si\u0119 wysokim momentem obrotowym i p\u0142ynn\u0105 prac\u0105, dzi\u0119ki czemu idealnie nadaj\u0105 si\u0119 do r\u00f3\u017cnych zastosowa\u0144 w przemy\u015ble maszyn budowlanych.<\/li>\n<li><strong>Przek\u0142adnie przemys\u0142owe:<\/strong> Nasza oferta przek\u0142adni przemys\u0142owych zosta\u0142a zaprojektowana tak, aby sprosta\u0107 zr\u00f3\u017cnicowanym potrzebom r\u00f3\u017cnych bran\u017c. Przek\u0142adnie te charakteryzuj\u0105 si\u0119 niezawodno\u015bci\u0105, wydajno\u015bci\u0105 i d\u0142ug\u0105 \u017cywotno\u015bci\u0105.<\/li>\n<li><strong>Cz\u0119\u015bci i akcesoria do maszyn rolniczych:<\/strong> Opr\u00f3cz przek\u0142adni i si\u0142ownik\u00f3w hydraulicznych oferujemy r\u00f3wnie\u017c szerok\u0105 gam\u0119 cz\u0119\u015bci i akcesori\u00f3w do maszyn rolniczych. Komponenty te s\u0105 starannie dobierane, aby zapewni\u0107 kompatybilno\u015b\u0107 i optymaln\u0105 wydajno\u015b\u0107.<\/li>\n<\/ol>\n<p><strong>Zalety naszej firmy:<\/strong><\/p>\n<ol>\n<li><strong>Surowe standardy jako\u015bci:<\/strong> Nawi\u0105zali\u015bmy d\u0142ugotrwa\u0142e i stabilne relacje z wysokiej jako\u015bci dostawcami zar\u00f3wno w kraju, jak i za granic\u0105. Dzi\u0119ki temu mo\u017cemy zagwarantowa\u0107, \u017ce wszystkie dostarczane przez nas cz\u0119\u015bci spe\u0142niaj\u0105 rygorystyczne standardy jako\u015bci.<\/li>\n<li><strong>Do\u015bwiadczony zesp\u00f3\u0142 sprzeda\u017cy:<\/strong> Nasz zesp\u00f3\u0142 sprzeda\u017cy posiada doskona\u0142\u0105 wiedz\u0119 na temat trend\u00f3w rozwojowych i potrzeb klient\u00f3w w bran\u017cy maszyn budowlanych. Zapewniamy profesjonalne konsultacje produktowe i trafne sugestie zakupowe, aby pom\u00f3c klientom w podejmowaniu \u015bwiadomych decyzji.<\/li>\n<li><strong>Efektywna dystrybucja logistyczna:<\/strong> Dysponujemy wydajnym systemem dystrybucji logistycznej, kt\u00f3ry gwarantuje, \u017ce klienci otrzymuj\u0105 potrzebne cz\u0119\u015bci terminowo i dok\u0142adnie. Pozwala to na minimalizacj\u0119 przestoj\u00f3w i maksymaln\u0105 wydajno\u015b\u0107.<\/li>\n<li><strong>Niezawodna obs\u0142uga:<\/strong> Priorytetem jest dla nas zadowolenie klienta i dok\u0142adamy wszelkich stara\u0144, aby zapewni\u0107 doskona\u0142\u0105 obs\u0142ug\u0119 przez ca\u0142y czas. Nasz zaanga\u017cowany zesp\u00f3\u0142 jest zawsze gotowy odpowiedzie\u0107 na wszelkie pytania i w\u0105tpliwo\u015bci, zapewniaj\u0105c naszym klientom p\u0142ynn\u0105 i bezproblemow\u0105 obs\u0142ug\u0119.<\/li>\n<li><strong>Ci\u0105g\u0142e doskonalenie:<\/strong> D\u0105\u017cymy do ci\u0105g\u0142ego doskonalenia i pod\u0105\u017cania za najnowszymi osi\u0105gni\u0119ciami w bran\u017cy. Dzi\u0119ki temu mo\u017cemy oferowa\u0107 innowacyjne rozwi\u0105zania i utrzymywa\u0107 pozycj\u0119 zaufanego dostawcy cz\u0119\u015bci do maszyn budowlanych i kompletnych maszyn.<\/li>\n<\/ol>\n<p><img decoding=\"async\" src=\"https:\/\/fmp-components.com\/wp-content\/uploads\/2024\/12\/Adjustable-Clevis-Type-Cylinders-6.webp\" alt=\"Regulowany cylinder typu wide\u0142kowego\" width=\"849\" title=\"\"><br \/>\nAutor:CX<\/p>","protected":false},"excerpt":{"rendered":"<p>Si\u0142ownik hydrauliczny dwustronnego dzia\u0142ania do wywrotek o ud\u017awigu 10 ton, sprzeda\u017c bezpo\u015brednia z fabryki. Si\u0142ownik hydrauliczny dwustronnego dzia\u0142ania to najwy\u017cszej klasy si\u0142ownik hydrauliczny przeznaczony do stosowania w wywrotkach. Dzi\u0119ki konstrukcji dwustronnego dzia\u0142ania, si\u0142ownik ten mo\u017ce by\u0107 u\u017cywany w wielu zastosowaniach, w tym do podnoszenia i opuszczania ci\u0119\u017ckich \u0142adunk\u00f3w, zapewniaj\u0105c p\u0142ynn\u0105 i precyzyjn\u0105 kontrol\u0119 w obu kierunkach. Wykonany z precyzj\u0105 [\u2026]<\/p>","protected":false},"featured_media":1696,"comment_status":"closed","ping_status":"closed","template":"","meta":{"_et_pb_use_builder":"","_et_pb_old_content":"","_et_gb_content_width":""},"product_brand":[],"product_cat":[45],"product_tag":[34,48],"class_list":{"0":"post-1695","1":"product","2":"type-product","3":"status-publish","4":"has-post-thumbnail","6":"product_cat-inverted-telescopic-cylinder","7":"product_tag-hydraulic-cylinder","8":"product_tag-inverted-telescopic-cylinder","10":"first","11":"instock","12":"product-type-simple"},"_links":{"self":[{"href":"https:\/\/fmp-components.com\/pl\/wp-json\/wp\/v2\/product\/1695","targetHints":{"allow":["GET"]}}],"collection":[{"href":"https:\/\/fmp-components.com\/pl\/wp-json\/wp\/v2\/product"}],"about":[{"href":"https:\/\/fmp-components.com\/pl\/wp-json\/wp\/v2\/types\/product"}],"replies":[{"embeddable":true,"href":"https:\/\/fmp-components.com\/pl\/wp-json\/wp\/v2\/comments?post=1695"}],"wp:featuredmedia":[{"embeddable":true,"href":"https:\/\/fmp-components.com\/pl\/wp-json\/wp\/v2\/media\/1696"}],"wp:attachment":[{"href":"https:\/\/fmp-components.com\/pl\/wp-json\/wp\/v2\/media?parent=1695"}],"wp:term":[{"taxonomy":"product_brand","embeddable":true,"href":"https:\/\/fmp-components.com\/pl\/wp-json\/wp\/v2\/product_brand?post=1695"},{"taxonomy":"product_cat","embeddable":true,"href":"https:\/\/fmp-components.com\/pl\/wp-json\/wp\/v2\/product_cat?post=1695"},{"taxonomy":"product_tag","embeddable":true,"href":"https:\/\/fmp-components.com\/pl\/wp-json\/wp\/v2\/product_tag?post=1695"}],"curies":[{"name":"wp","href":"https:\/\/api.w.org\/{rel}","templated":true}]}}