{"id":1687,"date":"2024-12-23T07:01:59","date_gmt":"2024-12-23T07:01:59","guid":{"rendered":"https:\/\/fmp-components.com\/product\/high-quality-long-stroke-customized-hydraulic-cylinder-for-dump-truck\/"},"modified":"2025-03-18T01:49:37","modified_gmt":"2025-03-18T01:49:37","slug":"high-quality-long-stroke-customized-hydraulic-cylinder-for-dump-truck","status":"publish","type":"product","link":"https:\/\/fmp-components.com\/pl\/product\/high-quality-long-stroke-customized-hydraulic-cylinder-for-dump-truck\/","title":{"rendered":"Wysokiej jako\u015bci, dostosowany si\u0142ownik hydrauliczny o d\u0142ugim skoku do wywrotek"},"content":{"rendered":"<h2>Przedstawiamy wysokiej jako\u015bci, dostosowany do potrzeb klienta si\u0142ownik hydrauliczny o d\u0142ugim skoku do wywrotek:<\/h2>\n<p>Wysokiej jako\u015bci, dostosowany si\u0142ownik hydrauliczny o d\u0142ugim skoku zosta\u0142 zaprojektowany specjalnie z my\u015bl\u0105 o potrzebach wywrotek. Ten si\u0142ownik hydrauliczny charakteryzuje si\u0119 najwy\u017csz\u0105 jako\u015bci\u0105 i wyj\u0105tkow\u0105 wydajno\u015bci\u0105, co czyni go idealnym wyborem do r\u00f3\u017cnych zastosowa\u0144 wymagaj\u0105cych du\u017cej wytrzyma\u0142o\u015bci.<\/p>\n<p>Dzi\u0119ki konstrukcji o d\u0142ugim skoku, ten si\u0142ownik hydrauliczny oferuje wi\u0119kszy zasi\u0119g i wi\u0119kszy ud\u017awig, gwarantuj\u0105c wydajn\u0105 i niezawodn\u0105 prac\u0119. Zosta\u0142 zaprojektowany tak, aby wytrzymywa\u0107 wysokie ci\u015bnienie i du\u017ce obci\u0105\u017cenia, zapewniaj\u0105c trwa\u0142o\u015b\u0107 i d\u0142ugowieczno\u015b\u0107 w wymagaj\u0105cych warunkach pracy.<\/p>\n<p><img decoding=\"async\" src=\"https:\/\/hzpt.com\/wp-content\/uploads\/2023\/11\/Inverted-Telescopic-Cylinder-10.webp\" alt=\"\" title=\"\"><\/p>\n<p>Dost\u0119pne opcje personalizacji tego si\u0142ownika hydraulicznego pozwalaj\u0105 na stworzenie rozwi\u0105zania dopasowanego do konkretnych wymaga\u0144. Od rozmiaru i d\u0142ugo\u015bci skoku, przez spos\u00f3b monta\u017cu, po ud\u017awig \u2013 ka\u017cdy aspekt mo\u017cna dostosowa\u0107, aby zapewni\u0107 optymaln\u0105 wydajno\u015b\u0107 i kompatybilno\u015b\u0107 z wywrotk\u0105.<\/p>\n<p>Zbudowany z precyzj\u0105 i profesjonalizmem, ten si\u0142ownik hydrauliczny gwarantuje p\u0142ynny i precyzyjny ruch, przyczyniaj\u0105c si\u0119 do poprawy wydajno\u015bci i efektywno\u015bci. Zaawansowana technologia uszczelnienia minimalizuje wycieki i zapewnia maksymaln\u0105 wydajno\u015b\u0107, nawet w trudnych warunkach.<\/p>\n<p>Wysokiej jako\u015bci, dostosowany si\u0142ownik hydrauliczny o d\u0142ugim skoku do wywrotek to niezb\u0119dny element zapewniaj\u0105cy p\u0142ynn\u0105 i wydajn\u0105 prac\u0119 wywrotek. Dzi\u0119ki wyj\u0105tkowej wytrzyma\u0142o\u015bci, trwa\u0142o\u015bci i mo\u017cliwo\u015bciom personalizacji, oferuje niezawodno\u015b\u0107 i wydajno\u015b\u0107 przewy\u017cszaj\u0105c\u0105 standardy bran\u017cowe.<\/p>\n<p>Wybierz wysokiej jako\u015bci, dostosowany do potrzeb klienta si\u0142ownik hydrauliczny o d\u0142ugim skoku do wywrotki i ciesz si\u0119 zwi\u0119kszon\u0105 produktywno\u015bci\u0105, doskona\u0142\u0105 wydajno\u015bci\u0105 i d\u0142ugotrwa\u0142\u0105 niezawodno\u015bci\u0105 podczas pracy wywrotki.<\/p>\n<table style=\"width: 100%;\" border=\"1\" width=\"100%\" cellspacing=\"0\" cellpadding=\"0\">\n<tbody>\n<tr>\n<th>Nazwa produktu<\/th>\n<td>Wysokiej jako\u015bci, dostosowany si\u0142ownik hydrauliczny o d\u0142ugim skoku<\/td>\n<\/tr>\n<tr>\n<th>Stan<\/th>\n<td>Nowy (2025)<\/td>\n<\/tr>\n<tr>\n<th>Typ<\/th>\n<td>Standardowy cylinder t\u0142okowy<\/td>\n<\/tr>\n<tr>\n<th>\u0179r\u00f3d\u0142o zasilania<\/th>\n<td>Hydrauliczny<\/td>\n<\/tr>\n<tr>\n<th>Tworzywo<\/th>\n<td>Wytrzyma\u0142a stal<\/td>\n<\/tr>\n<tr>\n<th>Maksymalny ci\u0105g<\/th>\n<td>3000<\/td>\n<\/tr>\n<tr>\n<th>Maksymalne poci\u0105gni\u0119cie<\/th>\n<td>20 ton<\/td>\n<\/tr>\n<tr>\n<th>G\u0142\u00f3wne komponenty<\/th>\n<td>\u0141o\u017cysko, cylinder t\u0142okowy<\/td>\n<\/tr>\n<tr>\n<th>Gwarancja<\/th>\n<td>1 rok<\/td>\n<\/tr>\n<tr>\n<th>Projekt<\/th>\n<td>D\u0142ugi skok, dostosowany do wywrotek<\/td>\n<\/tr>\n<tr>\n<th>Wydajno\u015b\u0107<\/th>\n<td>Zaprojektowane do du\u017cych obci\u0105\u017ce\u0144<\/td>\n<\/tr>\n<\/tbody>\n<\/table>\n<h2>Cechy cylindra hydraulicznego o d\u0142ugim skoku<\/h2>\n<p><img decoding=\"async\" src=\"https:\/\/hzpt.com\/wp-content\/uploads\/2023\/11\/Inverted-Telescopic-Cylinder-13.webp\" alt=\"\" title=\"\"><\/p>\n<ol>\n<li><strong>Standardowa struktura:<\/strong> Si\u0142ownik hydrauliczny charakteryzuje si\u0119 standardow\u0105 konstrukcj\u0105 cylindra t\u0142okowego, co zapewnia wydajn\u0105 prac\u0119.<\/li>\n<li><strong>Wysoka moc:<\/strong> Maksymalny ci\u0105g wynosi 3000, a maksymalna si\u0142a uci\u0105gu 20 ton, co gwarantuje optymaln\u0105 wydajno\u015b\u0107 podczas wykonywania ci\u0119\u017ckich zada\u0144.<\/li>\n<li><strong>Jako\u015b\u0107 materia\u0142u:<\/strong> Wykonany z trwa\u0142ej stali si\u0142ownik hydrauliczny gwarantuje d\u0142ugotrwa\u0142\u0105 trwa\u0142o\u015b\u0107 i solidno\u015b\u0107.<\/li>\n<li><strong>G\u0142\u00f3wne komponenty:<\/strong> G\u0142\u00f3wne elementy, \u0142o\u017cysko i cylinder t\u0142okowy s\u0105 obj\u0119te roczn\u0105 gwarancj\u0105.<\/li>\n<li><strong>Mo\u017cliwo\u015b\u0107 dostosowania:<\/strong> Cylinder mo\u017cna dostosowa\u0107 pod wzgl\u0119dem \u015brednicy otworu, rozmiaru t\u0142oczyska, rozmiaru skoku, rozmiaru sworznia, port\u00f3w i koloru.<\/li>\n<\/ol>\n<h2>Zastosowania cylindra hydraulicznego o d\u0142ugim skoku<\/h2>\n<p>Ten si\u0142ownik hydrauliczny idealnie nadaje si\u0119 do zastosowa\u0144 w nast\u0119puj\u0105cych ga\u0142\u0119ziach przemys\u0142u:<\/p>\n<ol>\n<li><strong>Zak\u0142ady produkcyjne:<\/strong> Doskonale nadaje si\u0119 do r\u00f3\u017cnego rodzaju maszyn i urz\u0105dze\u0144 w zak\u0142adach produkcyjnych.<\/li>\n<li><strong>Warsztaty naprawy maszyn:<\/strong> Mo\u017ce s\u0142u\u017cy\u0107 jako niezawodna cz\u0119\u015b\u0107 zamienna w warsztatach naprawczych maszyn.<\/li>\n<li><strong>Gospodarstwa:<\/strong> Nadaje si\u0119 do ci\u0119\u017ckiego sprz\u0119tu i maszyn rolniczych.<\/li>\n<li><strong>Energia i g\u00f3rnictwo:<\/strong> Stosowane w maszynach wykorzystywanych w przemy\u015ble energetycznym i g\u00f3rniczym.<\/li>\n<li><strong>Produkcja maszyn:<\/strong> Mo\u017cna go stosowa\u0107 w r\u00f3\u017cnych procesach produkcji maszyn.<\/li>\n<\/ol>\n<p><img decoding=\"async\" src=\"https:\/\/hzpt.com\/wp-content\/uploads\/2023\/11\/Inverted-Telescopic-Cylinder-Applications.webp\" alt=\"Zastosowania odwr\u00f3conego cylindra teleskopowego\" title=\"\"><\/p>\n<h2>Zasada dzia\u0142ania i konserwacja cylindra hydraulicznego<\/h2>\n<p>Zasada dzia\u0142ania si\u0142ownika hydraulicznego obejmuje trzy kluczowe aspekty: konfiguracj\u0119, dop\u0142yw p\u0142ynu hydraulicznego i si\u0142\u0119 wyj\u015bciow\u0105. Z punktu widzenia konserwacji wa\u017cne jest regularne sprawdzanie, czyszczenie, smarowanie i naprawy. Wymian\u0119 uszczelnie\u0144 nale\u017cy przeprowadza\u0107 zgodnie z wytycznymi zawartymi w instrukcji obs\u0142ugi.<\/p>\n<h2>Odwr\u00f3cony cylinder teleskopowy<\/h2>\n<p>Wysokiej jako\u015bci, dostosowany do potrzeb klienta si\u0142ownik hydrauliczny o d\u0142ugim skoku do wywrotek. Odwr\u00f3cony si\u0142ownik teleskopowy to zaawansowany si\u0142ownik hydrauliczny zaprojektowany do nowoczesnych wywrotek. Ten typ si\u0142ownika hydraulicznego sk\u0142ada si\u0119 z kilku zagnie\u017cd\u017conych stopni, kt\u00f3re wysuwaj\u0105 si\u0119 teleskopowo na zewn\u0105trz po wysuni\u0119ciu si\u0142ownika. Odwr\u00f3cenie stopni zapewnia d\u0142u\u017cszy skok i pozwala na skr\u00f3cenie d\u0142ugo\u015bci po zsuni\u0119ciu, co czyni go bardziej wydajn\u0105 konstrukcj\u0105 si\u0142ownika hydraulicznego.<\/p>\n<h3>Zalety odwr\u00f3conego cylindra teleskopowego<\/h3>\n<ul>\n<li><strong>D\u0142u\u017cszy skok:<\/strong> Odwr\u00f3cony cylinder teleskopowy charakteryzuje si\u0119 d\u0142u\u017cszym skokiem ni\u017c tradycyjne cylindry hydrauliczne ze wzgl\u0119du na zagnie\u017cd\u017cone stopnie, kt\u00f3re mo\u017cna wysuwa\u0107 teleskopowo na zewn\u0105trz.<\/li>\n<li><strong>Mniejsza d\u0142ugo\u015b\u0107 po z\u0142o\u017ceniu:<\/strong> Konstrukcja odwr\u00f3conego cylindra teleskopowego pozwala na mniejsz\u0105 d\u0142ugo\u015b\u0107 po zsuni\u0119ciu, co jest idealnym rozwi\u0105zaniem w przypadku nowoczesnych wywrotek wymagaj\u0105cych kompaktowej konstrukcji.<\/li>\n<li><strong>Poprawa efektywno\u015bci:<\/strong> Zagnie\u017cd\u017cone stopnie odwr\u00f3conego cylindra teleskopowego tworz\u0105 bardziej wydajn\u0105 konstrukcj\u0119, poniewa\u017c cylinder mo\u017cna wysun\u0105\u0107 dalej, nie trac\u0105c wytrzyma\u0142o\u015bci ani stabilno\u015bci.<\/li>\n<li><strong>Wi\u0119ksza \u0142adowno\u015b\u0107:<\/strong> Dzi\u0119ki swojej zaawansowanej konstrukcji odwr\u00f3cony cylinder teleskopowy wytrzymuje wi\u0119ksze obci\u0105\u017cenia, co czyni go idealnym rozwi\u0105zaniem dla ci\u0119\u017ckich wywrotek wymagaj\u0105cych wi\u0119kszej \u0142adowno\u015bci.<\/li>\n<li><strong>Mo\u017cliwo\u015b\u0107 dostosowania:<\/strong> Odwr\u00f3cony si\u0142ownik teleskopowy mo\u017cna dostosowa\u0107 do konkretnych potrzeb wywrotek, co czyni go wszechstronnym i praktycznym rozwi\u0105zaniem w zakresie si\u0142ownik\u00f3w hydraulicznych.<\/li>\n<\/ul>\n<h3>Zastosowania odwr\u00f3conego cylindra teleskopowego<\/h3>\n<p>Odwr\u00f3cony si\u0142ownik teleskopowy jest powszechnie stosowany w wywrotkach, kt\u00f3re wymagaj\u0105 si\u0142ownika hydraulicznego o d\u0142ugim skoku i mniejszej d\u0142ugo\u015bci po zsuni\u0119ciu. Si\u0142ownik ten mo\u017cna znale\u017a\u0107 w r\u00f3\u017cnych modelach wywrotek, w tym z tylnym, bocznym i dolnym wywrotem. Ponadto, odwr\u00f3cony si\u0142ownik teleskopowy mo\u017ce by\u0107 stosowany w innych ci\u0119\u017ckich zastosowaniach, wymagaj\u0105cych du\u017cej \u0142adowno\u015bci i si\u0142ownika hydraulicznego o d\u0142ugim skoku.<\/p>\n<p>Odwr\u00f3cony si\u0142ownik teleskopowy to zaawansowana konstrukcja si\u0142ownika hydraulicznego, kt\u00f3ra zapewnia d\u0142u\u017cszy skok i mniejsz\u0105 d\u0142ugo\u015b\u0107 po zsuni\u0119ciu ni\u017c tradycyjne si\u0142owniki hydrauliczne. Jego zaawansowana konstrukcja zapewnia r\u00f3wnie\u017c wi\u0119ksz\u0105 \u0142adowno\u015b\u0107 i lepsz\u0105 wydajno\u015b\u0107, co czyni go idealnym rozwi\u0105zaniem dla nowoczesnych wywrotek i innych ci\u0119\u017ckich zastosowa\u0144. Dzi\u0119ki mo\u017cliwo\u015bci personalizacji, odwr\u00f3cony si\u0142ownik teleskopowy to wszechstronny i praktyczny wyb\u00f3r dla ka\u017cdego, kto poszukuje wysokiej jako\u015bci si\u0142ownika hydraulicznego.<\/p>\n<h3>O FMP<\/h3>\n<p>W FMP specjalizujemy si\u0119 w sprzeda\u017cy i serwisie cz\u0119\u015bci oraz kompletnych maszyn budowlanych. Nasza oferta jest szeroka i obejmuje r\u00f3\u017cnego rodzaju maszyny budowlane, takie jak przek\u0142adnie do maszyn rolniczych, si\u0142owniki hydrauliczne, przek\u0142adnie planetarne, przek\u0142adnie przemys\u0142owe, cz\u0119\u015bci do maszyn rolniczych oraz szereg wysokiej jako\u015bci akcesori\u00f3w do nich. Jednym z naszych najpopularniejszych produkt\u00f3w jest si\u0142ownik hydrauliczny.<\/p>\n<p>Oto pi\u0119\u0107 powod\u00f3w, dla kt\u00f3rych si\u0142owniki hydrauliczne FMP s\u0105 najlepszym wyborem dla Twoich maszyn:<\/p>\n<p>1. Materia\u0142y wysokiej jako\u015bci: Nasze cylindry hydrauliczne s\u0105 produkowane z materia\u0142\u00f3w wysokiej jako\u015bci, co gwarantuje ich trwa\u0142o\u015b\u0107 i niezawodno\u015b\u0107.<\/p>\n<p>2. Mo\u017cliwo\u015b\u0107 dostosowania konstrukcji: Oferujemy regulowane cylindry typu wide\u0142kowego, kt\u00f3re mo\u017cna \u0142atwo dostosowa\u0107 do konkretnych potrzeb i wymaga\u0144.<\/p>\n<p>3. Zesp\u00f3\u0142 profesjonalist\u00f3w: Nasz do\u015bwiadczony i wykwalifikowany zesp\u00f3\u0142 sprzeda\u017cy posiada wiedz\u0119 na temat bran\u017cy maszyn budowlanych i mo\u017ce zapewni\u0107 profesjonalne doradztwo w zakresie produkt\u00f3w oraz inteligentne sugestie zakupowe.<\/p>\n<p>4. Surowe standardy jako\u015bci: Dzi\u0119ki nawi\u0105zaniu d\u0142ugoterminowych i stabilnych relacji wsp\u00f3\u0142pracy z wieloma wysokiej jako\u015bci dostawcami w kraju i za granic\u0105, mamy pewno\u015b\u0107, \u017ce wszystkie dostarczane cz\u0119\u015bci spe\u0142niaj\u0105 surowe standardy jako\u015bci.<\/p>\n<p>5. Wydajny system dystrybucji logistycznej: Dysponujemy wydajnym systemem dystrybucji logistycznej, kt\u00f3ry gwarantuje, \u017ce klienci otrzymaj\u0105 potrzebne cz\u0119\u015bci na czas i w odpowiedni spos\u00f3b.<\/p>\n<p>Nasze si\u0142owniki hydrauliczne idealnie nadaj\u0105 si\u0119 do r\u00f3\u017cnorodnych zastosowa\u0144, w tym do maszyn rolniczych, budowlanych i przemys\u0142owych. Z FMP mo\u017cesz mie\u0107 pewno\u015b\u0107, \u017ce otrzymasz produkty i us\u0142ugi najwy\u017cszej jako\u015bci, poparte wieloletnim do\u015bwiadczeniem w bran\u017cy i profesjonalnym zespo\u0142em. Przekonaj si\u0119 sam, dlaczego FMP to najlepszy wyb\u00f3r w zakresie cz\u0119\u015bci do maszyn budowlanych i kompletnych rozwi\u0105za\u0144.<\/p>\n<p><img decoding=\"async\" src=\"https:\/\/fmp-components.com\/wp-content\/uploads\/2024\/12\/Adjustable-Clevis-Type-Cylinders-6.webp\" alt=\"Regulowany cylinder typu wide\u0142kowego\" width=\"845\" title=\"\"><br \/>\nAutor:CX<\/p>","protected":false},"excerpt":{"rendered":"<p>Introducing High Quality Long Stroke Customized Hydraulic Cylinder for dump truck: The High Quality Long Stroke Customized Hydraulic Cylinder is specifically designed to meet the needs of dump trucks. This hydraulic cylinder boasts superior quality and exceptional performance, making it an ideal choice for various heavy-duty applications. With a long stroke design, this hydraulic cylinder [&hellip;]<\/p>","protected":false},"featured_media":1688,"comment_status":"closed","ping_status":"closed","template":"","meta":{"_et_pb_use_builder":"","_et_pb_old_content":"","_et_gb_content_width":""},"product_brand":[],"product_cat":[45],"product_tag":[34,48],"class_list":{"0":"post-1687","1":"product","2":"type-product","3":"status-publish","4":"has-post-thumbnail","6":"product_cat-inverted-telescopic-cylinder","7":"product_tag-hydraulic-cylinder","8":"product_tag-inverted-telescopic-cylinder","10":"first","11":"instock","12":"product-type-simple"},"_links":{"self":[{"href":"https:\/\/fmp-components.com\/pl\/wp-json\/wp\/v2\/product\/1687","targetHints":{"allow":["GET"]}}],"collection":[{"href":"https:\/\/fmp-components.com\/pl\/wp-json\/wp\/v2\/product"}],"about":[{"href":"https:\/\/fmp-components.com\/pl\/wp-json\/wp\/v2\/types\/product"}],"replies":[{"embeddable":true,"href":"https:\/\/fmp-components.com\/pl\/wp-json\/wp\/v2\/comments?post=1687"}],"wp:featuredmedia":[{"embeddable":true,"href":"https:\/\/fmp-components.com\/pl\/wp-json\/wp\/v2\/media\/1688"}],"wp:attachment":[{"href":"https:\/\/fmp-components.com\/pl\/wp-json\/wp\/v2\/media?parent=1687"}],"wp:term":[{"taxonomy":"product_brand","embeddable":true,"href":"https:\/\/fmp-components.com\/pl\/wp-json\/wp\/v2\/product_brand?post=1687"},{"taxonomy":"product_cat","embeddable":true,"href":"https:\/\/fmp-components.com\/pl\/wp-json\/wp\/v2\/product_cat?post=1687"},{"taxonomy":"product_tag","embeddable":true,"href":"https:\/\/fmp-components.com\/pl\/wp-json\/wp\/v2\/product_tag?post=1687"}],"curies":[{"name":"wp","href":"https:\/\/api.w.org\/{rel}","templated":true}]}}