{"id":1683,"date":"2024-12-23T07:01:59","date_gmt":"2024-12-23T07:01:59","guid":{"rendered":"https:\/\/fmp-components.com\/product\/factory-direct-sale-10-ton-hydraulic-cylinder-telescopic-hydraulic-cylinder-for-dump-truck\/"},"modified":"2025-03-11T06:03:41","modified_gmt":"2025-03-11T06:03:41","slug":"factory-direct-sale-10-ton-hydraulic-cylinder-telescopic-hydraulic-cylinder-for-dump-truck","status":"publish","type":"product","link":"https:\/\/fmp-components.com\/pl\/product\/factory-direct-sale-10-ton-hydraulic-cylinder-telescopic-hydraulic-cylinder-for-dump-truck\/","title":{"rendered":"Sprzeda\u017c bezpo\u015brednia z fabryki, 10-tonowy si\u0142ownik hydrauliczny teleskopowy do wywrotki"},"content":{"rendered":"<h2>Sprzeda\u017c bezpo\u015brednia z fabryki, 10-tonowy si\u0142ownik hydrauliczny teleskopowy do wywrotki<\/h2>\n<p>Teleskopowy si\u0142ownik hydrauliczny o ud\u017awigu 10 ton, sprzedawany bezpo\u015brednio w fabryce, do wywrotek, to wysokiej jako\u015bci si\u0142ownik hydrauliczny zaprojektowany z my\u015bl\u0105 o wytrzymywaniu du\u017cych obci\u0105\u017ce\u0144 i trudnych warunk\u00f3w pracy. Zosta\u0142 zaprojektowany specjalnie do wywrotek i innych ci\u0119\u017ckich zastosowa\u0144.<\/p>\n<p>Ten si\u0142ownik hydrauliczny charakteryzuje si\u0119 teleskopow\u0105 konstrukcj\u0105, kt\u00f3ra umo\u017cliwia p\u0142ynne i kontrolowane wysuwanie i wsuwanie, zapewniaj\u0105c doskona\u0142\u0105 si\u0142\u0119 podnoszenia i trzymania. Jest on r\u00f3wnie\u017c trwa\u0142y, wykonany z trwa\u0142ych materia\u0142\u00f3w i wysokiej jako\u015bci konstrukcji, co gwarantuje, \u017ce poradzi sobie nawet z najtrudniejszymi zadaniami.<\/p>\n<p><img decoding=\"async\" src=\"https:\/\/hzpt.com\/wp-content\/uploads\/2023\/11\/Inverted-Telescopic-Cylinder-22.webp\" alt=\"\" title=\"\"><\/p>\n<p>Niezale\u017cnie od tego, czy chcesz zmodernizowa\u0107 swoj\u0105 wywrotk\u0119, czy potrzebujesz niezawodnego si\u0142ownika hydraulicznego do nowej konstrukcji, teleskopowy si\u0142ownik hydrauliczny o ud\u017awigu 10 ton, oferowany w sprzeda\u017cy bezpo\u015bredniej w fabryce, to doskona\u0142y wyb\u00f3r. Dzi\u0119ki wyj\u0105tkowej wydajno\u015bci, wytrzyma\u0142o\u015bci i trwa\u0142o\u015bci, ten si\u0142ownik hydrauliczny z pewno\u015bci\u0105 zapewni lata niezawodnej pracy nawet w najbardziej wymagaj\u0105cych zastosowaniach.<\/p>\n<div>\n<p>Szukasz najlepszych maszyn hydraulicznych? Nie szukaj dalej \u2013 nasz 10-tonowy si\u0142ownik hydrauliczny sprzedawany bezpo\u015brednio z fabryki jest w\u0142a\u015bnie dla Ciebie!<\/p>\n<table style=\"width: 100%;\" border=\"1\" width=\"100%\" cellspacing=\"0\" cellpadding=\"0\">\n<tbody>\n<tr>\n<th>Nazwa produktu<\/th>\n<td>Najnowocze\u015bniejszy si\u0142ownik hydrauliczny do wywrotek<\/td>\n<\/tr>\n<tr>\n<th>Stan<\/th>\n<td>Nowy<\/td>\n<\/tr>\n<tr>\n<th>Gwarancja<\/th>\n<td>1 rok<\/td>\n<\/tr>\n<tr>\n<th>Waga (kg)<\/th>\n<td>48<\/td>\n<\/tr>\n<tr>\n<th>Projekt<\/th>\n<td>Dostosowane do wywrotek<\/td>\n<\/tr>\n<tr>\n<th>Zapewnienie jako\u015bci<\/th>\n<td>Raport z kontroli wyj\u015bciowej i testu maszyn w formie wideo<\/td>\n<\/tr>\n<tr>\n<th>Zastosowane bran\u017ce<\/th>\n<td>Zak\u0142ady produkcyjne, warsztaty naprawcze maszyn, gospodarstwa rolne, energetyka i g\u00f3rnictwo oraz wiele innych<\/td>\n<\/tr>\n<tr>\n<th>Wydajno\u015b\u0107<\/th>\n<td>Lekki i \u0142atwy w obs\u0142udze<\/td>\n<\/tr>\n<\/tbody>\n<\/table>\n<h2>Cechy cylindra hydraulicznego<\/h2>\n<p>Nasz si\u0142ownik hydrauliczny oferuje wiele imponuj\u0105cych funkcji, w tym:<\/p>\n<ul>\n<li>Korpus wykonany ze stali zapewniaj\u0105cej trwa\u0142o\u015b\u0107 i d\u0142ugotrwa\u0142\u0105 wydajno\u015b\u0107.<\/li>\n<li>Maksymalny ci\u0105g 3000 i maksymalny uci\u0105g 20 ton zapewniaj\u0105 wydajn\u0105 prac\u0119.<\/li>\n<li>Typ odwr\u00f3conego cylindra teleskopowego, odpowiedni do r\u00f3\u017cnych zastosowa\u0144.<\/li>\n<li>Wiele port\u00f3w (G\/SAE\/NPT\/M) zapewniaj\u0105cych wszechstronn\u0105 \u0142\u0105czno\u015b\u0107.<\/li>\n<li>Certyfikat ISO9001:2000, gwarantuj\u0105cy wysokie standardy jako\u015bci.<\/li>\n<\/ul>\n<h2>Zastosowania cylindra hydraulicznego<\/h2>\n<p>Ten si\u0142ownik hydrauliczny mo\u017ce by\u0107 stosowany w wielu dziedzinach, w tym:<\/p>\n<ul>\n<li>Zak\u0142ady produkcyjne zajmuj\u0105ce si\u0119 obs\u0142ug\u0105 maszyn ci\u0119\u017ckich.<\/li>\n<li>Warsztaty naprawcze maszyn zajmuj\u0105ce si\u0119 konserwacj\u0105 i remontami sprz\u0119tu.<\/li>\n<li>Gospodarstwa rolne do obs\u0142ugi ci\u0119\u017ckiego sprz\u0119tu rolniczego.<\/li>\n<li>Bran\u017ca energetyczna i g\u00f3rnicza do zarz\u0105dzania operacjami wysokiego ci\u015bnienia.<\/li>\n<li>Produkcja maszyn og\u00f3lnego przeznaczenia i fabryki do r\u00f3\u017cnych zastosowa\u0144.<\/li>\n<\/ul>\n<p><img decoding=\"async\" src=\"https:\/\/hzpt.com\/wp-content\/uploads\/2023\/11\/Inverted-Telescopic-Cylinder-Applications.webp\" alt=\"Zastosowania odwr\u00f3conego cylindra teleskopowego\" title=\"\"><\/p>\n<h2>Zasada dzia\u0142ania i konserwacja cylindra hydraulicznego<\/h2>\n<p>Si\u0142ownik hydrauliczny dzia\u0142a poprzez si\u0142\u0119 wlotow\u0105 i wylotow\u0105 p\u0142ynu hydraulicznego. Regularne kontrole, czyszczenie, smarowanie i wymiana uszczelnie\u0144 to podstawowe metody konserwacji, a tak\u017ce przestrzeganie instrukcji obs\u0142ugi. Regularne kontrole i naprawy pomagaj\u0105 utrzyma\u0107 si\u0142ownik w optymalnym stanie.<\/p>\n<p><img decoding=\"async\" src=\"https:\/\/hzpt.com\/wp-content\/uploads\/2023\/11\/Inverted-Telescopic-Cylinder-6.webp\" alt=\"\" title=\"\"><\/p>\n<\/div>\n<h2>Odwr\u00f3cony cylinder teleskopowy<\/h2>\n<ul>\n<li style=\"list-style-type: none;\">\n<ul>\n<li>Wst\u0119p<\/li>\n<\/ul>\n<\/li>\n<\/ul>\n<p>Odwr\u00f3cony si\u0142ownik teleskopowy to rodzaj si\u0142ownika hydraulicznego powszechnie stosowanego w wywrotkach i innych maszynach ci\u0119\u017ckich. Jego unikalna konstrukcja zapewnia kompaktow\u0105 i wydajn\u0105 prac\u0119, co czyni go popularnym wyborem w r\u00f3\u017cnych bran\u017cach. 10-tonowy si\u0142ownik hydrauliczny do wywrotek, sprzedawany bezpo\u015brednio z fabryki, to jedna z najpopularniejszych opcji na rynku.<\/p>\n<ul>\n<li style=\"list-style-type: none;\">\n<ul>\n<li>Struktura i projekt<\/li>\n<\/ul>\n<\/li>\n<\/ul>\n<p>Konstrukcja odwr\u00f3conego cylindra teleskopowego sk\u0142ada si\u0119 z szeregu zagnie\u017cd\u017conych rur, z kt\u00f3rych najwi\u0119ksza znajduje si\u0119 na dole, a najmniejsza na g\u00f3rze. Si\u0142ownik dzia\u0142a poprzez teleskopowe wysuwanie i wsuwanie tych rur. Zewn\u0119trzna rura jest po\u0142\u0105czona z ram\u0105 ci\u0119\u017car\u00f3wki, a wewn\u0119trzna z platform\u0105 wywrotki, co umo\u017cliwia podnoszenie i opuszczanie platformy w razie potrzeby.<\/p>\n<p>Jedn\u0105 z unikalnych cech odwr\u00f3conego cylindra teleskopowego jest jego zdolno\u015b\u0107 do samoczynnego zwijania, co czyni go znacznie bardziej kompaktowym i wydajnym ni\u017c inne typy cylindr\u00f3w hydraulicznych. Taka konstrukcja zapewnia r\u00f3wnie\u017c wi\u0119kszy ud\u017awig, poniewa\u017c ci\u0119\u017car \u0142adunku jest r\u00f3wnomiernie roz\u0142o\u017cony na ca\u0142ej d\u0142ugo\u015bci cylindra.<\/p>\n<ul>\n<li style=\"list-style-type: none;\">\n<ul>\n<li>Zasada dzia\u0142ania<\/li>\n<\/ul>\n<\/li>\n<\/ul>\n<p>Zasada dzia\u0142ania odwr\u00f3conego cylindra teleskopowego opiera si\u0119 na prawie Pascala dotycz\u0105cym przenoszenia ci\u015bnienia. Gdy p\u0142yn hydrauliczny jest pompowany do cylindra, wytwarzane jest ci\u015bnienie, kt\u00f3re powoduje wysuni\u0119cie rur i uniesienie skrzyni \u0142adunkowej. Po spuszczeniu p\u0142ynu ci\u015bnienie spada, a rury cofaj\u0105 si\u0119, obni\u017caj\u0105c skrzyni\u0119 \u0142adunkow\u0105 z powrotem do pierwotnej pozycji.<\/p>\n<ul>\n<li style=\"list-style-type: none;\">\n<ul>\n<li>Zalety<\/li>\n<\/ul>\n<\/li>\n<\/ul>\n<p>Jedn\u0105 z g\u0142\u00f3wnych zalet odwr\u00f3conego cylindra teleskopowego jest jego kompaktowa konstrukcja, kt\u00f3ra u\u0142atwia monta\u017c i oszcz\u0119dza miejsce. Dodatkowo, r\u00f3wnomierne roz\u0142o\u017cenie ci\u0119\u017caru na ca\u0142ej d\u0142ugo\u015bci cylindra zapewnia wi\u0119kszy ud\u017awig i bardziej wydajn\u0105 prac\u0119. 10-tonowy si\u0142ownik hydrauliczny do wywrotek, dost\u0119pny w sprzeda\u017cy fabrycznej, to doskona\u0142a opcja dla os\u00f3b poszukuj\u0105cych niezawodnego i wydajnego si\u0142ownika hydraulicznego.<\/p>\n<ul>\n<li style=\"list-style-type: none;\">\n<ul>\n<li>Aplikacje<\/li>\n<\/ul>\n<\/li>\n<\/ul>\n<p>Odwr\u00f3cony cylinder teleskopowy jest powszechnie stosowany w wywrotkach i innych maszynach ci\u0119\u017ckich, gdzie wymagany jest kompaktowy i wydajny mechanizm podnoszenia. Znajduje on r\u00f3wnie\u017c zastosowanie w wielu innych zastosowaniach, takich jak maszyny rolnicze, budowlane i g\u00f3rnicze.<\/p>\n<h3>O FMP<\/h3>\n<p>FMP to firma specjalizuj\u0105ca si\u0119 w produkcji i sprzeda\u017cy si\u0142ownik\u00f3w hydraulicznych. Dzi\u0119ki wieloletniemu do\u015bwiadczeniu w bran\u017cy i profesjonalnemu zespo\u0142owi, dostarczamy klientom wysokiej jako\u015bci i niezawodne si\u0142owniki hydrauliczne do maszyn budowlanych.<\/p>\n<p><img decoding=\"async\" src=\"https:\/\/fmp-components.com\/wp-content\/uploads\/2024\/12\/Adjustable-Clevis-Type-Cylinders-6.webp\" alt=\"Regulowany cylinder typu wide\u0142kowego\" width=\"843\" title=\"\"><\/p>\n<p>Oto pi\u0119\u0107 powod\u00f3w, dla kt\u00f3rych warto wybra\u0107 nasze cylindry hydrauliczne:<\/p>\n<ol>\n<li><strong>R\u00f3\u017cnorodna gama produkt\u00f3w:<\/strong> Oferujemy szerok\u0105 gam\u0119 si\u0142ownik\u00f3w hydraulicznych, kt\u00f3re zaspokajaj\u0105 zr\u00f3\u017cnicowane potrzeby bran\u017cy maszyn budowlanych. Nasza oferta obejmuje si\u0142owniki z regulowanym wide\u0142kiem, si\u0142owniki spawane, si\u0142owniki z dr\u0105\u017ckiem kierowniczym i wiele innych.<\/li>\n<li><strong>Najwy\u017csza jako\u015b\u0107:<\/strong> Dbamy o to, aby wszystkie nasze si\u0142owniki hydrauliczne spe\u0142nia\u0142y rygorystyczne standardy jako\u015bci. Ka\u017cdy si\u0142ownik jest wykonany z precyzj\u0105 i dba\u0142o\u015bci\u0105 o szczeg\u00f3\u0142y, co gwarantuje doskona\u0142\u0105 wydajno\u015b\u0107 i trwa\u0142o\u015b\u0107.<\/li>\n<li><strong>Niezawodna wydajno\u015b\u0107:<\/strong> Nasze si\u0142owniki hydrauliczne zosta\u0142y zaprojektowane tak, aby zapewnia\u0107 sta\u0142\u0105 i niezawodn\u0105 wydajno\u015b\u0107, nawet w trudnych warunkach pracy. S\u0105 one zbudowane tak, aby wytrzymywa\u0107 du\u017ce obci\u0105\u017cenia i zapewnia\u0107 p\u0142ynn\u0105 prac\u0119.<\/li>\n<li><strong>Zesp\u00f3\u0142 ekspert\u00f3w sprzeda\u017cy:<\/strong> Nasz do\u015bwiadczony zesp\u00f3\u0142 sprzeda\u017cy doskonale orientuje si\u0119 w bran\u017cy maszyn budowlanych i rozumie potrzeby klient\u00f3w. Zapewniamy profesjonalne doradztwo produktowe, odpowiadamy na wszelkie pytania i oferujemy przemy\u015blane propozycje zakupowe.<\/li>\n<li><strong>Efektywna logistyka:<\/strong> Dysponujemy wydajnym systemem dystrybucji logistycznej, aby zapewni\u0107 terminow\u0105 i precyzyjn\u0105 dostaw\u0119 potrzebnych cylindr\u00f3w hydraulicznych. Rozumiemy, jak wa\u017cne jest minimalizowanie przestoj\u00f3w i d\u0105\u017cymy do zapewnienia szybkiej dostawy.<\/li>\n<\/ol>\n<p>Wybierz FMP, je\u015bli szukasz wysokiej jako\u015bci cylindr\u00f3w hydraulicznych, kt\u00f3re spe\u0142ni\u0105 Twoje potrzeby w zakresie maszyn budowlanych. Skontaktuj si\u0119 z nami ju\u017c dzi\u015b, aby om\u00f3wi\u0107 swoje potrzeby i pozwoli\u0107 naszemu zespo\u0142owi pom\u00f3c Ci znale\u017a\u0107 idealne rozwi\u0105zanie w zakresie cylindr\u00f3w hydraulicznych.<\/p>\n<p>Autor:CX<\/p>","protected":false},"excerpt":{"rendered":"<p>Factory Direct Sale 10 Ton Hydraulic Cylinder Telescopic Hydraulic Cylinder For Dump Truck The Factory Direct Sale 10 Ton Hydraulic Cylinder Telescopic Hydraulic Cylinder For Dump Truck is a high-quality hydraulic cylinder designed to withstand heavy loads and harsh operating conditions. It is specifically engineered for dump trucks and other heavy-duty applications. This hydraulic cylinder [&hellip;]<\/p>","protected":false},"featured_media":1684,"comment_status":"closed","ping_status":"closed","template":"","meta":{"_et_pb_use_builder":"","_et_pb_old_content":"","_et_gb_content_width":""},"product_brand":[],"product_cat":[45],"product_tag":[34,48],"class_list":{"0":"post-1683","1":"product","2":"type-product","3":"status-publish","4":"has-post-thumbnail","6":"product_cat-inverted-telescopic-cylinder","7":"product_tag-hydraulic-cylinder","8":"product_tag-inverted-telescopic-cylinder","10":"first","11":"instock","12":"product-type-simple"},"_links":{"self":[{"href":"https:\/\/fmp-components.com\/pl\/wp-json\/wp\/v2\/product\/1683","targetHints":{"allow":["GET"]}}],"collection":[{"href":"https:\/\/fmp-components.com\/pl\/wp-json\/wp\/v2\/product"}],"about":[{"href":"https:\/\/fmp-components.com\/pl\/wp-json\/wp\/v2\/types\/product"}],"replies":[{"embeddable":true,"href":"https:\/\/fmp-components.com\/pl\/wp-json\/wp\/v2\/comments?post=1683"}],"wp:featuredmedia":[{"embeddable":true,"href":"https:\/\/fmp-components.com\/pl\/wp-json\/wp\/v2\/media\/1684"}],"wp:attachment":[{"href":"https:\/\/fmp-components.com\/pl\/wp-json\/wp\/v2\/media?parent=1683"}],"wp:term":[{"taxonomy":"product_brand","embeddable":true,"href":"https:\/\/fmp-components.com\/pl\/wp-json\/wp\/v2\/product_brand?post=1683"},{"taxonomy":"product_cat","embeddable":true,"href":"https:\/\/fmp-components.com\/pl\/wp-json\/wp\/v2\/product_cat?post=1683"},{"taxonomy":"product_tag","embeddable":true,"href":"https:\/\/fmp-components.com\/pl\/wp-json\/wp\/v2\/product_tag?post=1683"}],"curies":[{"name":"wp","href":"https:\/\/api.w.org\/{rel}","templated":true}]}}