{"id":1679,"date":"2024-12-23T07:01:59","date_gmt":"2024-12-23T07:01:59","guid":{"rendered":"https:\/\/fmp-components.com\/product\/the-latest-design-long-stroke-10-ton-hydraulic-cylinder-hydraulic-ram-cylinder-for-dump-truck\/"},"modified":"2025-03-11T06:03:13","modified_gmt":"2025-03-11T06:03:13","slug":"the-latest-design-long-stroke-10-ton-hydraulic-cylinder-hydraulic-ram-cylinder-for-dump-truck","status":"publish","type":"product","link":"https:\/\/fmp-components.com\/pl\/product\/the-latest-design-long-stroke-10-ton-hydraulic-cylinder-hydraulic-ram-cylinder-for-dump-truck\/","title":{"rendered":"Najnowszy projekt si\u0142ownika hydraulicznego o d\u0142ugim skoku i ud\u017awigu 10 ton do wywrotki"},"content":{"rendered":"<h2>Przedstawiamy najnowszy model si\u0142ownika hydraulicznego o d\u0142ugim skoku i ud\u017awigu 10 ton do wywrotek<\/h2>\n<p>Najnowszy model si\u0142ownika hydraulicznego o d\u0142ugim skoku i ud\u017awigu 10 ton do wywrotek to wysokiej jako\u015bci i wydajny si\u0142ownik hydrauliczny zaprojektowany specjalnie do wywrotek. Dzi\u0119ki zaawansowanym funkcjom i doskona\u0142ej wydajno\u015bci, ten produkt stanowi niezawodne rozwi\u0105zanie do r\u00f3\u017cnorodnych zastosowa\u0144 w budownictwie i g\u00f3rnictwie.<\/p>\n<p><img decoding=\"async\" src=\"https:\/\/hzpt.com\/wp-content\/uploads\/2023\/11\/Inverted-Telescopic-Cylinder-7.webp\" alt=\"\" title=\"\"><\/p>\n<p>G\u0142\u00f3wne cechy:<br \/>\n1. Wysoka no\u015bno\u015b\u0107: Si\u0142ownik hydrauliczny wytrzymuje maksymalne obci\u0105\u017cenie 10 ton, dzi\u0119ki czemu nadaje si\u0119 do ci\u0119\u017ckich prac.<br \/>\n2. Konstrukcja o d\u0142ugim skoku: Dzi\u0119ki konstrukcji o d\u0142ugim skoku ten cylinder zapewnia wi\u0119ksz\u0105 elastyczno\u015b\u0107 i wydajno\u015b\u0107 podczas podnoszenia i opr\u00f3\u017cniania.<br \/>\n3. Trwa\u0142a konstrukcja: Wykonany z materia\u0142\u00f3w najwy\u017cszej jako\u015bci, ten si\u0142ownik hydrauliczny jest odporny na trudne warunki i gwarantuje d\u0142ugotrwa\u0142\u0105 wydajno\u015b\u0107.<br \/>\n4. Si\u0142a hydrauliczna: Si\u0142ownik wykorzystuje si\u0142\u0119 hydrauliczn\u0105, aby zapewni\u0107 p\u0142ynne i precyzyjne ruchy, gwarantuj\u0105c optymaln\u0105 wydajno\u015b\u0107 i kontrol\u0119.<br \/>\n5. \u0141atwa instalacja: Dzi\u0119ki przyjaznej dla u\u017cytkownika konstrukcji ten si\u0142ownik hydrauliczny mo\u017cna z \u0142atwo\u015bci\u0105 zamontowa\u0107 w wywrotkach, co minimalizuje przestoje i maksymalizuje wydajno\u015b\u0107.<\/p>\n<p>Korzy\u015bci:<br \/>\n1. Zwi\u0119kszona wydajno\u015b\u0107: Najnowsza konstrukcja cylindra hydraulicznego o d\u0142ugim skoku i ud\u017awigu 10 ton umo\u017cliwia szybsze i bardziej wydajne zrzucanie materia\u0142\u00f3w, co przek\u0142ada si\u0119 na wi\u0119ksz\u0105 wydajno\u015b\u0107 na placach budowy.<br \/>\n2. Zwi\u0119kszone bezpiecze\u0144stwo: Dzi\u0119ki niezawodnemu uk\u0142adowi hydraulicznemu si\u0142ownik ten gwarantuje bezpieczne i kontrolowane podnoszenie i zrzucanie \u0142adunku, zmniejszaj\u0105c ryzyko wypadk\u00f3w.<br \/>\n3. Rozwi\u0105zanie ekonomiczne: Dzi\u0119ki optymalizacji procesu wysypywania ten si\u0142ownik hydrauliczny pomaga zaoszcz\u0119dzi\u0107 czas i zmniejszy\u0107 zu\u017cycie paliwa, co przek\u0142ada si\u0119 na oszcz\u0119dno\u015bci dla operator\u00f3w.<br \/>\n4. Wszechstronne zastosowanie: Si\u0142ownik hydrauliczny mo\u017cna stosowa\u0107 w r\u00f3\u017cnych modelach wywrotek, co czyni go wszechstronnym rozwi\u0105zaniem dla r\u00f3\u017cnych projekt\u00f3w.<\/p>\n<p>Podsumowuj\u0105c, najnowszy model si\u0142ownika hydraulicznego o d\u0142ugim skoku i ud\u017awigu 10 ton do wywrotek to doskona\u0142y wyb\u00f3r dla operator\u00f3w wywrotek poszukuj\u0105cych niezawodnego i wydajnego si\u0142ownika hydraulicznego. Dzi\u0119ki zaawansowanym funkcjom, trwa\u0142o\u015bci i wszechstronno\u015bci, produkt ten zapewnia zwi\u0119kszon\u0105 wydajno\u015b\u0107, bezpiecze\u0144stwo i op\u0142acalno\u015b\u0107 w eksploatacji wywrotek.<\/p>\n<div>\n<h2>Cechy cylindra hydraulicznego<\/h2>\n<ul>\n<li>\u015arednica otworu od 2 do 6 cali<\/li>\n<li>Rozmiar pr\u0119ta od 1,125 do 4 cali<\/li>\n<li>Rozmiar skoku od 6 do 48 cali<\/li>\n<li>Rozmiar szpilki od 0,5 do 2 cali<\/li>\n<li>R\u00f3\u017cne opcje port\u00f3w: G\/SAE\/NPT\/M<\/li>\n<\/ul>\n<h2>Zastosowania cylindra hydraulicznego<\/h2>\n<p>Si\u0142ownik hydrauliczny jest niezb\u0119dnym elementem w szerokiej gamie zastosowa\u0144 przemys\u0142owych, obejmuj\u0105cych:<\/p>\n<ul>\n<li>Wywrotki o du\u017cej \u0142adowno\u015bci<\/li>\n<li>Maszyny w zak\u0142adach produkcyjnych<\/li>\n<li>Maszyny rolnicze<\/li>\n<li>Sprz\u0119t g\u00f3rniczy<\/li>\n<li>Maszyny budowlane<\/li>\n<\/ul>\n<p><img decoding=\"async\" src=\"https:\/\/hzpt.com\/wp-content\/uploads\/2023\/11\/Inverted-Telescopic-Cylinder-Applications.webp\" alt=\"Zastosowania cylindr\u00f3w hydraulicznych\" title=\"\"><\/p>\n<h2>Zasada dzia\u0142ania i konserwacja cylindra hydraulicznego<\/h2>\n<p>Si\u0142ownik hydrauliczny dzia\u0142a na zasadzie si\u0142y wej\u015bciowej i wyj\u015bciowej p\u0142ynu hydraulicznego. Sk\u0142ada si\u0119 z cylindra, t\u0142oka i t\u0142oczyska. T\u0142ok dzieli wn\u0119trze cylindra na dwie komory. Gdy p\u0142yn hydrauliczny jest pompowany do jednej z nich, wytwarza si\u0142\u0119, kt\u00f3ra porusza t\u0142ok, wywieraj\u0105c nacisk na t\u0142oczysko i przenosz\u0105c obci\u0105\u017cenie. Regularna konserwacja jest niezb\u0119dna dla zapewnienia optymalnej wydajno\u015bci i trwa\u0142o\u015bci cylindra hydraulicznego. Obejmuje ona regularne kontrole, czyszczenie, smarowanie, wymian\u0119 uszczelnie\u0144 oraz przestrzeganie instrukcji obs\u0142ugi.<\/p>\n<p><img decoding=\"async\" src=\"https:\/\/hzpt.com\/wp-content\/uploads\/2023\/11\/Inverted-Telescopic-Cylinder-16.webp\" alt=\"\" title=\"\"><\/p>\n<\/div>\n<h2>Odwr\u00f3cony cylinder teleskopowy<\/h2>\n<p>Odwr\u00f3cony si\u0142ownik teleskopowy to unikalna konstrukcja si\u0142ownika hydraulicznego, kt\u00f3ra oferuje wyj\u0105tkow\u0105 wydajno\u015b\u0107 i wszechstronno\u015b\u0107 w r\u00f3\u017cnych zastosowaniach. Dzi\u0119ki swojej najnowszej konstrukcji, si\u0142ownikowi hydraulicznemu o d\u0142ugim skoku 10 ton do wywrotek, zrewolucjonizowa\u0142 on bran\u017c\u0119, oferuj\u0105c ulepszone funkcje i zwi\u0119kszon\u0105 wydajno\u015b\u0107.<\/p>\n<p>1. Zwi\u0119kszona no\u015bno\u015b\u0107 i stabilno\u015b\u0107:<\/p>\n<p>Najnowszy si\u0142ownik hydrauliczny o d\u0142ugim skoku i ud\u017awigu 10 ton do wywrotek zosta\u0142 zaprojektowany specjalnie z my\u015bl\u0105 o wytrzymywaniu du\u017cych obci\u0105\u017ce\u0144 i zapewnieniu niezawodnej stabilno\u015bci. Dzi\u0119ki zaawansowanej konstrukcji i materia\u0142om z \u0142atwo\u015bci\u0105 poradzi sobie z najtrudniejszymi zadaniami. Konstrukcja si\u0142ownika zapewnia maksymaln\u0105 no\u015bno\u015b\u0107, dzi\u0119ki czemu idealnie nadaje si\u0119 do ci\u0119\u017ckich zastosowa\u0144, takich jak wywrotki.<\/p>\n<p>2. Wyd\u0142u\u017cona d\u0142ugo\u015b\u0107 skoku:<\/p>\n<p>Jedn\u0105 z kluczowych cech odwr\u00f3conego cylindra teleskopowego jest jego d\u0142ugi skok. Najnowszy cylindryczny si\u0142ownik hydrauliczny o d\u0142ugim skoku i ud\u017awigu 10 ton do wywrotek oferuje d\u0142u\u017cszy skok, co pozwala na lepsz\u0105 kontrol\u0119 i precyzj\u0119 podczas r\u00f3\u017cnych operacji. Ta zwi\u0119kszona d\u0142ugo\u015b\u0107 skoku umo\u017cliwia wydajne wysypywanie materia\u0142\u00f3w, minimalizuj\u0105c czas i wysi\u0142ek potrzebny do ka\u017cdego cyklu.<\/p>\n<p>3. Zaawansowana technologia uszczelniania:<\/p>\n<p>Odwr\u00f3cony si\u0142ownik teleskopowy wykorzystuje najnowsz\u0105 technologi\u0119 uszczelnienia, aby zapewni\u0107 optymaln\u0105 wydajno\u015b\u0107 i trwa\u0142o\u015b\u0107. Najnowszy si\u0142ownik hydrauliczny o d\u0142ugim skoku i ud\u017awigu 10 ton do wywrotek wykorzystuje zaawansowane materia\u0142y i techniki uszczelniaj\u0105ce, aby zapobiega\u0107 wyciekom i utrzymywa\u0107 sta\u0142e ci\u015bnienie hydrauliczne. Ta zaawansowana technologia uszczelniania minimalizuje wymagania konserwacyjne i wyd\u0142u\u017ca \u017cywotno\u015b\u0107 si\u0142ownika, co przek\u0142ada si\u0119 na oszcz\u0119dno\u015bci dla u\u017cytkownika ko\u0144cowego.<\/p>\n<p>4. In\u017cynieria precyzyjna i produkcja:<\/p>\n<p>Najnowszy model si\u0142ownika hydraulicznego o d\u0142ugim skoku i ud\u017awigu 10 ton do wywrotek zosta\u0142 starannie zaprojektowany i wyprodukowany zgodnie z najwy\u017cszymi standardami. Si\u0142ownik przechodzi rygorystyczne procesy kontroli jako\u015bci, aby zapewni\u0107 doskona\u0142\u0105 wydajno\u015b\u0107 i niezawodno\u015b\u0107. Ka\u017cdy element jest precyzyjnie obrobiony i zmontowany z najwy\u017csz\u0105 dba\u0142o\u015bci\u0105 o szczeg\u00f3\u0142y, co gwarantuje p\u0142ynn\u0105 prac\u0119 i d\u0142ugotrwa\u0142\u0105 wydajno\u015b\u0107.<\/p>\n<p>5. Wszechstronne zastosowania:<\/p>\n<p>Odwr\u00f3cony si\u0142ownik teleskopowy znajduje zastosowanie w szerokim zakresie bran\u017c i maszyn. Jego wszechstronno\u015b\u0107 i wydajno\u015b\u0107 sprawiaj\u0105, \u017ce nadaje si\u0119 do wywrotek, d\u017awig\u00f3w, sprz\u0119tu rolniczego i innych ci\u0119\u017ckich maszyn. Najnowszy si\u0142ownik hydrauliczny o d\u0142ugim skoku i ud\u017awigu 10 ton do wywrotek oferuje niezr\u00f3wnan\u0105 wszechstronno\u015b\u0107, pozwalaj\u0105c sprosta\u0107 wymagaj\u0105cym wymaganiom r\u00f3\u017cnych zastosowa\u0144.<\/p>\n<p>Og\u00f3lnie rzecz bior\u0105c, odwr\u00f3cony si\u0142ownik teleskopowy, a konkretnie najnowszy 10-tonowy si\u0142ownik hydrauliczny o d\u0142ugim skoku do wywrotek, stanowi dow\u00f3d post\u0119pu w technologii si\u0142ownik\u00f3w hydraulicznych. Jego innowacyjne cechy, zwi\u0119kszona no\u015bno\u015b\u0107, wyd\u0142u\u017cony skok, zaawansowana technologia uszczelnie\u0144, precyzja wykonania i wszechstronne zastosowania sprawiaj\u0105, \u017ce jest to idealny wyb\u00f3r dla bran\u017c poszukuj\u0105cych wysokowydajnych rozwi\u0105za\u0144 hydraulicznych.<\/p>\n<h3>O FMP<\/h3>\n<p>FMP to firma specjalizuj\u0105ca si\u0119 w produkcji i sprzeda\u017cy cylindr\u00f3w hydraulicznych. Z siedzib\u0105 we W\u0142oszech, posiadamy wieloletnie do\u015bwiadczenie w bran\u017cy i profesjonalny zesp\u00f3\u0142, kt\u00f3ry dba o dostarczanie naszym klientom wysokiej jako\u015bci i niezawodnych cylindr\u00f3w hydraulicznych.<\/p>\n<p><img decoding=\"async\" src=\"https:\/\/fmp-components.com\/wp-content\/uploads\/2024\/12\/Adjustable-Clevis-Type-Cylinders-6.webp\" alt=\"Regulowany cylinder typu wide\u0142kowego\" width=\"841\" title=\"\"><\/p>\n<p>Oto pi\u0119\u0107 powod\u00f3w, dla kt\u00f3rych warto wybra\u0107 nasze cylindry hydrauliczne:<\/p>\n<ol>\n<li>Szeroki wyb\u00f3r opcji: Oferujemy szerok\u0105 gam\u0119 cylindr\u00f3w hydraulicznych, w tym regulowane cylindry typu wide\u0142kowego, kt\u00f3re zapewniaj\u0105 elastyczno\u015b\u0107 w r\u00f3\u017cnych zastosowaniach.<\/li>\n<li>Wyj\u0105tkowa jako\u015b\u0107: Wszystkie nasze cylindry hydrauliczne s\u0105 produkowane zgodnie z rygorystycznymi normami jako\u015bciowymi, co gwarantuje ich trwa\u0142o\u015b\u0107 i wydajno\u015b\u0107.<\/li>\n<li>Konsultacje ekspert\u00f3w: Nasz do\u015bwiadczony zesp\u00f3\u0142 sprzeda\u017cy posiada wiedz\u0119 na temat bran\u017cy maszyn budowlanych i mo\u017ce zapewni\u0107 profesjonalne konsultacje dotycz\u0105ce produkt\u00f3w, kt\u00f3re spe\u0142ni\u0105 Twoje szczeg\u00f3lne potrzeby.<\/li>\n<li>M\u0105dre sugestie zakupowe: Rozumiemy potrzeby klient\u00f3w i oferujemy m\u0105dre sugestie zakupowe, kt\u00f3re pomog\u0105 Ci podj\u0105\u0107 \u015bwiadome decyzje.<\/li>\n<li>Efektywna logistyka: Dzi\u0119ki naszemu efektywnemu systemowi dystrybucji i logistyki masz pewno\u015b\u0107, \u017ce otrzymasz potrzebne cylindry hydrauliczne terminowo i dok\u0142adnie.<\/li>\n<\/ol>\n<p>W FMP d\u0105\u017cymy do tego, aby przewy\u017csza\u0107 oczekiwania klient\u00f3w, oferuj\u0105c najwy\u017cszej jako\u015bci cylindry hydrauliczne i wyj\u0105tkow\u0105 obs\u0142ug\u0119. Skontaktuj si\u0119 z nami ju\u017c dzi\u015b, aby zaspokoi\u0107 wszystkie swoje potrzeby w zakresie cylindr\u00f3w hydraulicznych!<\/p>\n<p>Autor:CX<\/p>","protected":false},"excerpt":{"rendered":"<p>Introducing the Latest Design Long Stroke 10 Ton Hydraulic Cylinder Hydraulic Ram Cylinder For Dump Truck The Latest Design Long Stroke 10 Ton Hydraulic Cylinder Hydraulic Ram Cylinder For Dump Truck is a high-quality and efficient hydraulic cylinder specifically designed for dump trucks. With its advanced features and superior performance, this product is a reliable [&hellip;]<\/p>","protected":false},"featured_media":1680,"comment_status":"closed","ping_status":"closed","template":"","meta":{"_et_pb_use_builder":"","_et_pb_old_content":"","_et_gb_content_width":""},"product_brand":[],"product_cat":[45],"product_tag":[34,48],"class_list":{"0":"post-1679","1":"product","2":"type-product","3":"status-publish","4":"has-post-thumbnail","6":"product_cat-inverted-telescopic-cylinder","7":"product_tag-hydraulic-cylinder","8":"product_tag-inverted-telescopic-cylinder","10":"first","11":"instock","12":"product-type-simple"},"_links":{"self":[{"href":"https:\/\/fmp-components.com\/pl\/wp-json\/wp\/v2\/product\/1679","targetHints":{"allow":["GET"]}}],"collection":[{"href":"https:\/\/fmp-components.com\/pl\/wp-json\/wp\/v2\/product"}],"about":[{"href":"https:\/\/fmp-components.com\/pl\/wp-json\/wp\/v2\/types\/product"}],"replies":[{"embeddable":true,"href":"https:\/\/fmp-components.com\/pl\/wp-json\/wp\/v2\/comments?post=1679"}],"wp:featuredmedia":[{"embeddable":true,"href":"https:\/\/fmp-components.com\/pl\/wp-json\/wp\/v2\/media\/1680"}],"wp:attachment":[{"href":"https:\/\/fmp-components.com\/pl\/wp-json\/wp\/v2\/media?parent=1679"}],"wp:term":[{"taxonomy":"product_brand","embeddable":true,"href":"https:\/\/fmp-components.com\/pl\/wp-json\/wp\/v2\/product_brand?post=1679"},{"taxonomy":"product_cat","embeddable":true,"href":"https:\/\/fmp-components.com\/pl\/wp-json\/wp\/v2\/product_cat?post=1679"},{"taxonomy":"product_tag","embeddable":true,"href":"https:\/\/fmp-components.com\/pl\/wp-json\/wp\/v2\/product_tag?post=1679"}],"curies":[{"name":"wp","href":"https:\/\/api.w.org\/{rel}","templated":true}]}}