{"id":1665,"date":"2024-12-23T07:00:44","date_gmt":"2024-12-23T07:00:44","guid":{"rendered":"https:\/\/fmp-components.com\/product\/excellent-quality-10-ton-hydraulic-cylinder-telescopic-hydraulic-cylinder-for-dump-truck\/"},"modified":"2025-03-11T05:48:02","modified_gmt":"2025-03-11T05:48:02","slug":"excellent-quality-10-ton-hydraulic-cylinder-telescopic-hydraulic-cylinder-for-dump-truck","status":"publish","type":"product","link":"https:\/\/fmp-components.com\/pl\/product\/excellent-quality-10-ton-hydraulic-cylinder-telescopic-hydraulic-cylinder-for-dump-truck\/","title":{"rendered":"Wysokiej jako\u015bci 10-tonowy teleskopowy si\u0142ownik hydrauliczny do wywrotki"},"content":{"rendered":"<h2>Przedstawiamy doskona\u0142ej jako\u015bci teleskopowy si\u0142ownik hydrauliczny o ud\u017awigu 10 ton do wywrotek<\/h2>\n<p>Wysokiej jako\u015bci teleskopowy si\u0142ownik hydrauliczny o ud\u017awigu 10 ton do wywrotek to wydajny i trwa\u0142y si\u0142ownik hydrauliczny zaprojektowany specjalnie do wywrotek. Dzi\u0119ki zaawansowanej konstrukcji teleskopowej si\u0142ownik ten umo\u017cliwia p\u0142ynne i wydajne podnoszenie i opr\u00f3\u017cnianie ci\u0119\u017ckich \u0142adunk\u00f3w.<\/p>\n<p>Ten si\u0142ownik hydrauliczny zosta\u0142 wykonany z precyzj\u0105 i dba\u0142o\u015bci\u0105 o szczeg\u00f3\u0142y, co gwarantuje doskona\u0142\u0105 jako\u015b\u0107 i niezawodno\u015b\u0107. Wykonany jest z wysokiej jako\u015bci materia\u0142\u00f3w, kt\u00f3re wytrzymuj\u0105 du\u017ce obci\u0105\u017cenia i trudne warunki pracy, dzi\u0119ki czemu idealnie nadaje si\u0119 do stosowania w r\u00f3\u017cnych zastosowaniach wywrotek.<\/p>\n<p>Teleskopowa konstrukcja tego si\u0142ownika hydraulicznego zapewnia wi\u0119kszy zasi\u0119g i ud\u017awig. Sk\u0142ada si\u0119 on z kilku stopni, kt\u00f3re mo\u017cna wysuwa\u0107 i wsuwa\u0107, co zapewnia wi\u0119ksz\u0105 elastyczno\u015b\u0107 i mo\u017cliwo\u015b\u0107 adaptacji w r\u00f3\u017cnych scenariuszach za\u0142adunku i roz\u0142adunku.<\/p>\n<p>Wyposa\u017cony w zaawansowan\u0105 technologi\u0119 hydrauliczn\u0105, ten si\u0142ownik zapewnia doskona\u0142\u0105 kontrol\u0119 i stabilno\u015b\u0107 podczas pracy. Posiada niezawodny uk\u0142ad hydrauliczny, kt\u00f3ry gwarantuje precyzyjn\u0105 i stabiln\u0105 prac\u0119, co przek\u0142ada si\u0119 na wydajn\u0105 i bezpieczn\u0105 prac\u0119 wywrotki.<\/p>\n<p>Wysokiej jako\u015bci teleskopowy si\u0142ownik hydrauliczny o ud\u017awigu 10 ton do wywrotek zosta\u0142 zaprojektowany nie tylko z my\u015bl\u0105 o wyj\u0105tkowej wydajno\u015bci, ale tak\u017ce o \u0142atwej instalacji i konserwacji. Wyposa\u017cony jest w przyjazne dla u\u017cytkownika funkcje, kt\u00f3re upraszczaj\u0105 proces instalacji, oszcz\u0119dzaj\u0105c czas i wysi\u0142ek. Dodatkowo, ten si\u0142ownik hydrauliczny wymaga minimalnej konserwacji, co skraca przestoje i maksymalizuje wydajno\u015b\u0107.<\/p>\n<table style=\"width: 100%;\" border=\"1\" width=\"100%\" cellspacing=\"0\" cellpadding=\"0\">\n<tbody>\n<tr>\n<th>Nazwa produktu<\/th>\n<td>Wysokiej jako\u015bci 10-tonowy teleskopowy si\u0142ownik hydrauliczny do wywrotki<\/td>\n<\/tr>\n<tr>\n<th>Stan<\/th>\n<td>Nowy<\/td>\n<\/tr>\n<tr>\n<th>Gwarancja<\/th>\n<td>1 rok<\/td>\n<\/tr>\n<tr>\n<th>Waga (kg)<\/th>\n<td>48<\/td>\n<\/tr>\n<tr>\n<th>Maksymalny ci\u0105g<\/th>\n<td>3000<\/td>\n<\/tr>\n<tr>\n<th>Materia\u0142 korpusu<\/th>\n<td>Wytrzyma\u0142a stal<\/td>\n<\/tr>\n<tr>\n<th>Projekt<\/th>\n<td>Teleskopowy z konstrukcj\u0105 cylindra t\u0142okowego<\/td>\n<\/tr>\n<tr>\n<th>\u0179r\u00f3d\u0142o zasilania<\/th>\n<td>Hydrauliczny<\/td>\n<\/tr>\n<tr>\n<th>Orzecznictwo<\/th>\n<td>Certyfikat ISO9001:2000<\/td>\n<\/tr>\n<tr>\n<th>Wydajno\u015b\u0107<\/th>\n<td>Wyj\u0105tkowa wydajno\u015b\u0107 i niezawodno\u015b\u0107<\/td>\n<\/tr>\n<tr>\n<th>Zastosowane bran\u017ce<\/th>\n<td>Zak\u0142ady produkcyjne, warsztaty naprawcze maszyn, gospodarstwa rolne, energetyka i g\u00f3rnictwo, produkcja maszyn<\/td>\n<\/tr>\n<\/tbody>\n<\/table>\n<h2>Cechy cylindra hydraulicznego teleskopowego o ud\u017awigu 10 ton<\/h2>\n<p><img decoding=\"async\" src=\"https:\/\/hzpt.com\/wp-content\/uploads\/2023\/11\/Inverted-Telescopic-Cylinder-8.webp\" alt=\"\" title=\"\"><\/p>\n<p>Si\u0142ownik hydrauliczny jest wyposa\u017cony w funkcje, kt\u00f3re wyr\u00f3\u017cniaj\u0105 go w swojej kategorii. Oto kilka godnych uwagi:<\/p>\n<ol>\n<li>Standardowa konstrukcja t\u0142okowo-cylindrowa: gwarantuje wydajn\u0105 prac\u0119 i trwa\u0142o\u015b\u0107.<\/li>\n<li>\u0179r\u00f3d\u0142o zasilania hydraulicznego: zapewnia du\u017c\u0105 si\u0142\u0119 do podnoszenia ci\u0119\u017ckich \u0142adunk\u00f3w.<\/li>\n<li>Materia\u0142 korpusu wykonany ze stali: gwarantuje trwa\u0142o\u015b\u0107 i odporno\u015b\u0107 na zu\u017cycie.<\/li>\n<li>Maksymalny ci\u0105g 3000: zapewnia optymaln\u0105 wydajno\u015b\u0107 w zastosowaniach wymagaj\u0105cych du\u017cej wytrzyma\u0142o\u015bci.<\/li>\n<li>Roczna gwarancja: zapewnia spok\u00f3j ducha przy ka\u017cdym zakupie.<\/li>\n<\/ol>\n<h2>Zastosowania cylindra hydraulicznego teleskopowego o ud\u017awigu 10 ton<\/h2>\n<p>Wszechstronno\u015b\u0107 tego si\u0142ownika hydraulicznego pozwala na jego zastosowanie w r\u00f3\u017cnych zastosowaniach. Oto niekt\u00f3re z nich:<\/p>\n<ol>\n<li>Wywrotki: Idealne do podnoszenia ci\u0119\u017ckich \u0142adunk\u00f3w.<\/li>\n<li>Zak\u0142ad produkcyjny: Przydatny do produkcji ci\u0119\u017ckiego sprz\u0119tu i urz\u0105dze\u0144.<\/li>\n<li>Warsztaty naprawy maszyn: idealne do przeprowadzania powa\u017cniejszych napraw i konserwacji.<\/li>\n<li>Gospodarstwa rolne: Pomaga w podnoszeniu ci\u0119\u017ckiego sprz\u0119tu i maszyn rolniczych.<\/li>\n<li>Energetyka i g\u00f3rnictwo: Nadaje si\u0119 do wymagaj\u0105cych operacji g\u00f3rniczych.<\/li>\n<\/ol>\n<p><img decoding=\"async\" src=\"https:\/\/hzpt.com\/wp-content\/uploads\/2023\/11\/Inverted-Telescopic-Cylinder-Applications.webp\" alt=\"Zastosowania odwr\u00f3conego cylindra teleskopowego\" title=\"\"><\/p>\n<h2>Zasada dzia\u0142ania i konserwacja 10-tonowego cylindra hydraulicznego Teleskopowego cylindra hydraulicznego<\/h2>\n<p>Si\u0142ownik hydrauliczny dzia\u0142a na prostej zasadzie: p\u0142yn hydrauliczny jest pompowany do cylindra, kt\u00f3ry popycha t\u0142ok, generuj\u0105c si\u0142\u0119 przesuwaj\u0105c\u0105 \u0142adunek. Konserwacja tego produktu obejmuje regularne przegl\u0105dy, czyszczenie, smarowanie i wymian\u0119 uszczelnie\u0144, zgodnie z instrukcj\u0105 obs\u0142ugi. Regularne przegl\u0105dy i naprawy zapewniaj\u0105 d\u0142ug\u0105 \u017cywotno\u015b\u0107 si\u0142ownika i optymaln\u0105 wydajno\u015b\u0107.<\/p>\n<p><img decoding=\"async\" src=\"https:\/\/hzpt.com\/wp-content\/uploads\/2023\/11\/Inverted-Telescopic-Cylinder-2.webp\" alt=\"\" title=\"\"><\/p>\n<h2>Odwr\u00f3cony cylinder teleskopowy<\/h2>\n<p>Odwr\u00f3cony si\u0142ownik teleskopowy, znany r\u00f3wnie\u017c jako odwr\u00f3cony si\u0142ownik teleskopowy, to rodzaj si\u0142ownika hydraulicznego powszechnie stosowanego w wywrotkach i innym ci\u0119\u017ckim sprz\u0119cie. Zosta\u0142 zaprojektowany z my\u015bl\u0105 o zapewnieniu doskona\u0142ej jako\u015bci i niezawodnej pracy, szczeg\u00f3lnie w zastosowaniach wymagaj\u0105cych du\u017cego ud\u017awigu i trwa\u0142o\u015bci.<\/p>\n<p>Oto kilka kluczowych cech i zalet doskona\u0142ej jako\u015bci teleskopowego cylindra hydraulicznego o ud\u017awigu 10 ton do wywrotek:<\/p>\n<ol>\n<li><strong>Konstrukcja teleskopowa:<\/strong> Odwr\u00f3cony cylinder teleskopowy sk\u0142ada si\u0119 z wielu stopni lub sekcji, kt\u00f3re mo\u017cna sk\u0142ada\u0107 i rozk\u0142ada\u0107, co zapewnia wi\u0119kszy zakres ruchu i elastyczno\u015b\u0107. Taka konstrukcja pozwala cylindrowi osi\u0105gn\u0105\u0107 d\u0142u\u017cszy skok przy zachowaniu kompaktowych rozmiar\u00f3w.<\/li>\n<li><strong>Wysoka \u0142adowno\u015b\u0107:<\/strong> Dzi\u0119ki solidnej konstrukcji i zaawansowanej technologii, ten si\u0142ownik hydrauliczny ma ud\u017awig 10 ton, co czyni go idealnym do podnoszenia ci\u0119\u017ckich \u0142adunk\u00f3w w wywrotkach. Zapewnia niezawodne i wydajne podnoszenie, gwarantuj\u0105c p\u0142ynny i kontrolowany wy\u0142adunek materia\u0142\u00f3w.<\/li>\n<li><strong>Zwi\u0119kszona stabilno\u015b\u0107:<\/strong> Odwr\u00f3cony cylinder teleskopowy zosta\u0142 zaprojektowany z my\u015bl\u0105 o zapewnieniu doskona\u0142ej stabilno\u015bci podczas podnoszenia i opr\u00f3\u017cniania. Wyposa\u017cony jest w solidny t\u0142oczysko i korpus cylindra, a tak\u017ce wysokiej jako\u015bci uszczelki, kt\u00f3re zapobiegaj\u0105 wyciekom i utrzymuj\u0105 sta\u0142e ci\u015bnienie w ca\u0142ym cylindrze.<\/li>\n<li><strong>D\u0142uga \u017cywotno\u015b\u0107:<\/strong> Wykonany z trwa\u0142ych materia\u0142\u00f3w i przy u\u017cyciu precyzyjnych technik produkcyjnych, ten si\u0142ownik hydrauliczny oferuje wyj\u0105tkow\u0105 trwa\u0142o\u015b\u0107 i niezawodno\u015b\u0107. Wytrzymuje trudne warunki pracy, w tym du\u017ce obci\u0105\u017cenia, wysokie ci\u015bnienia i cz\u0119ste u\u017cytkowanie, bez uszczerbku dla jego wydajno\u015bci i integralno\u015bci konstrukcyjnej.<\/li>\n<li><strong>\u0141atwa konserwacja:<\/strong> Wysokiej jako\u015bci teleskopowy si\u0142ownik hydrauliczny o ud\u017awigu 10 ton do wywrotek zosta\u0142 zaprojektowany z my\u015bl\u0105 o \u0142atwej konserwacji. Posiada \u0142atwo dost\u0119pne komponenty i proste procedury serwisowe, co pozwala na szybk\u0105 kontrol\u0119, napraw\u0119 i wymian\u0119 w razie potrzeby.<\/li>\n<\/ol>\n<p>Podsumowuj\u0105c, odwr\u00f3cony si\u0142ownik teleskopowy jest niezb\u0119dnym elementem wywrotek, zapewniaj\u0105cym niezawodne podnoszenie i wy\u0142adunek. Dzi\u0119ki teleskopowej konstrukcji, wysokiemu ud\u017awigowi, stabilno\u015bci, trwa\u0142o\u015bci i \u0142atwo\u015bci konserwacji, oferuje on doskona\u0142\u0105 jako\u015b\u0107 i wydajno\u015b\u0107 w r\u00f3\u017cnych zastosowaniach wymagaj\u0105cych du\u017cej wytrzyma\u0142o\u015bci. Zainwestuj w wysokiej jako\u015bci si\u0142ownik hydrauliczny o ud\u017awigu 10 ton do wywrotek, aby zapewni\u0107 sobie wydajn\u0105 i niezawodn\u0105 prac\u0119 swojego sprz\u0119tu.<\/p>\n<h3>O FMP<\/h3>\n<p>FMP to wiod\u0105ca firma we W\u0142oszech specjalizuj\u0105ca si\u0119 w sprzeda\u017cy i serwisie cz\u0119\u015bci oraz kompletnych maszyn budowlanych. Dzi\u0119ki wieloletniemu do\u015bwiadczeniu w bran\u017cy i zespo\u0142owi profesjonalist\u00f3w oferujemy naszym klientom wysokiej jako\u015bci i niezawodne rozwi\u0105zania.<\/p>\n<h3>Si\u0142ownik hydrauliczny<\/h3>\n<p>Jednym z naszych g\u0142\u00f3wnych produkt\u00f3w jest si\u0142ownik hydrauliczny. Nasze si\u0142owniki s\u0105 wykonane z wysokiej jako\u015bci materia\u0142\u00f3w i zaprojektowane tak, aby wytrzymywa\u0107 ekstremalne ci\u015bnienie i du\u017ce obci\u0105\u017cenia. Oto pi\u0119\u0107 powod\u00f3w, dla kt\u00f3rych warto wybra\u0107 si\u0142ownik hydrauliczny FMP:<\/p>\n<ol>\n<li><strong>Materia\u0142y wysokiej jako\u015bci:<\/strong> Nasze cylindry hydrauliczne wykonane s\u0105 z wysokiej jako\u015bci materia\u0142\u00f3w, kt\u00f3re gwarantuj\u0105 trwa\u0142o\u015b\u0107 i d\u0142ugotrwa\u0142\u0105 wydajno\u015b\u0107. U\u017cywamy wy\u0142\u0105cznie najlepszych materia\u0142\u00f3w, aby nasze cylindry wytrzymywa\u0142y najtrudniejsze warunki.<\/li>\n<li><strong>Mo\u017cliwo\u015b\u0107 dostosowania:<\/strong> Oferujemy szerok\u0105 gam\u0119 si\u0142ownik\u00f3w hydraulicznych, kt\u00f3re mo\u017cna dostosowa\u0107 do indywidualnych potrzeb. Nasze si\u0142owniki s\u0105 dost\u0119pne w r\u00f3\u017cnych rozmiarach, kszta\u0142tach i konstrukcjach, a my pomo\u017cemy Ci wybra\u0107 idealny model do Twojego zastosowania.<\/li>\n<li><strong>Niezawodno\u015b\u0107:<\/strong> Nasze cylindry hydrauliczne zosta\u0142y zaprojektowane tak, aby zapewnia\u0107 niezawodn\u0105 prac\u0119 nawet w najtrudniejszych warunkach. Rozumiemy wag\u0119 niezawodno\u015bci i podejmujemy wszelkie niezb\u0119dne \u015brodki, aby zapewni\u0107, \u017ce nasze cylindry spe\u0142niaj\u0105 swoje zadanie.<\/li>\n<li><strong>Konsultacja ekspercka:<\/strong> Nasz zesp\u00f3\u0142 sprzeda\u017cy sk\u0142ada si\u0119 z ekspert\u00f3w w bran\u017cy maszyn budowlanych. Znaj\u0105 najnowsze trendy i ch\u0119tnie udziel\u0105 Pa\u0144stwu fachowej porady, kt\u00f3ry si\u0142ownik hydrauliczny b\u0119dzie dla Pa\u0144stwa odpowiedni.<\/li>\n<li><strong>Efektywna logistyka:<\/strong> Dysponujemy wydajnym systemem dystrybucji logistycznej, kt\u00f3ry gwarantuje terminow\u0105 i precyzyjn\u0105 dostaw\u0119 si\u0142ownik\u00f3w hydraulicznych. Rozumiemy wag\u0119 terminowej dostawy i podejmujemy wszelkie niezb\u0119dne kroki, aby zapewni\u0107 terminow\u0105 dostaw\u0119 zam\u00f3wienia.<\/li>\n<\/ol>\n<p>Je\u015bli szukasz niezawodnego i wysokiej jako\u015bci si\u0142ownika hydraulicznego, FMP jest w\u0142a\u015bnie dla Ciebie. Posiadamy do\u015bwiadczenie i wiedz\u0119, aby zapewni\u0107 Ci idealne rozwi\u0105zanie dopasowane do Twoich potrzeb.<\/p>\n<p><img decoding=\"async\" src=\"https:\/\/fmp-components.com\/wp-content\/uploads\/2024\/12\/Adjustable-Clevis-Type-Cylinders-6.webp\" alt=\"Regulowany cylinder typu wide\u0142kowego\" width=\"834\" title=\"\"><br \/>\nAutor:CX<\/p>","protected":false},"excerpt":{"rendered":"<p>Introducing the Excellent Quality 10 Ton Hydraulic Cylinder Telescopic Hydraulic Cylinder for Dump Truck The Excellent Quality 10 Ton Hydraulic Cylinder Telescopic Hydraulic Cylinder for Dump Truck is a high-performance and durable hydraulic cylinder designed specifically for dump trucks. With its advanced telescopic design, this hydraulic cylinder allows for smooth and efficient lifting and dumping [&hellip;]<\/p>","protected":false},"featured_media":1666,"comment_status":"closed","ping_status":"closed","template":"","meta":{"_et_pb_use_builder":"","_et_pb_old_content":"","_et_gb_content_width":""},"product_brand":[],"product_cat":[45],"product_tag":[34,48],"class_list":{"0":"post-1665","1":"product","2":"type-product","3":"status-publish","4":"has-post-thumbnail","6":"product_cat-inverted-telescopic-cylinder","7":"product_tag-hydraulic-cylinder","8":"product_tag-inverted-telescopic-cylinder","10":"first","11":"instock","12":"product-type-simple"},"_links":{"self":[{"href":"https:\/\/fmp-components.com\/pl\/wp-json\/wp\/v2\/product\/1665","targetHints":{"allow":["GET"]}}],"collection":[{"href":"https:\/\/fmp-components.com\/pl\/wp-json\/wp\/v2\/product"}],"about":[{"href":"https:\/\/fmp-components.com\/pl\/wp-json\/wp\/v2\/types\/product"}],"replies":[{"embeddable":true,"href":"https:\/\/fmp-components.com\/pl\/wp-json\/wp\/v2\/comments?post=1665"}],"wp:featuredmedia":[{"embeddable":true,"href":"https:\/\/fmp-components.com\/pl\/wp-json\/wp\/v2\/media\/1666"}],"wp:attachment":[{"href":"https:\/\/fmp-components.com\/pl\/wp-json\/wp\/v2\/media?parent=1665"}],"wp:term":[{"taxonomy":"product_brand","embeddable":true,"href":"https:\/\/fmp-components.com\/pl\/wp-json\/wp\/v2\/product_brand?post=1665"},{"taxonomy":"product_cat","embeddable":true,"href":"https:\/\/fmp-components.com\/pl\/wp-json\/wp\/v2\/product_cat?post=1665"},{"taxonomy":"product_tag","embeddable":true,"href":"https:\/\/fmp-components.com\/pl\/wp-json\/wp\/v2\/product_tag?post=1665"}],"curies":[{"name":"wp","href":"https:\/\/api.w.org\/{rel}","templated":true}]}}