{"id":1663,"date":"2024-12-23T07:00:44","date_gmt":"2024-12-23T07:00:44","guid":{"rendered":"https:\/\/fmp-components.com\/product\/hot-sale-hydraulic-telescopic-cylinder-dump-trailer-hydraulic-cylinder\/"},"modified":"2025-03-11T06:07:26","modified_gmt":"2025-03-11T06:07:26","slug":"hot-sale-hydraulic-telescopic-cylinder-dump-trailer-hydraulic-cylinder","status":"publish","type":"product","link":"https:\/\/fmp-components.com\/pl\/product\/hot-sale-hydraulic-telescopic-cylinder-dump-trailer-hydraulic-cylinder\/","title":{"rendered":"Gor\u0105ca sprzeda\u017c hydrauliczny teleskopowy cylinder wywrotka hydrauliczny cylinder przyczepy"},"content":{"rendered":"<p>Wyprzeda\u017c! Hydrauliczny si\u0142ownik teleskopowy do przyczep wywrotek to wysokiej jako\u015bci si\u0142ownik hydrauliczny przeznaczony do przyczep wywrotek. Wykonany z materia\u0142\u00f3w o wysokiej wytrzyma\u0142o\u015bci, wytrzymuje du\u017ce obci\u0105\u017cenia i trudne warunki pracy. Ten si\u0142ownik hydrauliczny zosta\u0142 zaprojektowany z wykorzystaniem zaawansowanych technologii, co gwarantuje niezawodn\u0105 prac\u0119 i d\u0142ug\u0105 \u017cywotno\u015b\u0107.<\/p>\n<p>Wyprzeda\u017cowy hydrauliczny si\u0142ownik teleskopowy do wywrotek charakteryzuje si\u0119 teleskopow\u0105 konstrukcj\u0105, kt\u00f3ra zapewnia d\u0142u\u017cszy skok i mniejsz\u0105 d\u0142ugo\u015b\u0107 po z\u0142o\u017ceniu, co czyni go idealnym wyborem do wywrotek o ograniczonej przestrzeni. Wyposa\u017cony jest r\u00f3wnie\u017c w uszczelnienie wysokoci\u015bnieniowe, kt\u00f3re zapobiega wyciekom oleju i zapewnia p\u0142ynn\u0105 prac\u0119.<\/p>\n<p>Ten si\u0142ownik hydrauliczny jest \u0142atwy w monta\u017cu i konserwacji, co czyni go ekonomicznym rozwi\u0105zaniem dla w\u0142a\u015bcicieli wywrotek, kt\u00f3rzy chc\u0105 poprawi\u0107 wydajno\u015b\u0107 swojego sprz\u0119tu. Jest dost\u0119pny w r\u00f3\u017cnych rozmiarach, aby spe\u0142ni\u0107 zr\u00f3\u017cnicowane wymagania, i mo\u017cna go dostosowa\u0107 do konkretnych potrzeb.<\/p>\n<p>Og\u00f3lnie rzecz bior\u0105c, si\u0142ownik hydrauliczny teleskopowy do wywrotek Hot Sale to niezawodny i wydajny si\u0142ownik hydrauliczny, kt\u00f3ry mo\u017ce pom\u00f3c w zwi\u0119kszeniu wydajno\u015bci wywrotek. To doskona\u0142a inwestycja dla ka\u017cdego, kto chce poprawi\u0107 funkcjonalno\u015b\u0107 i wydajno\u015b\u0107 swoich wywrotek.<\/p>\n<div>\n<h2>Najwy\u017cszej klasy hydrauliczny si\u0142ownik teleskopowy do przyczep wywrotek<\/h2>\n<table style=\"width: 100%;\" border=\"1\" width=\"100%\" cellspacing=\"0\" cellpadding=\"0\">\n<tbody>\n<tr>\n<th>Nazwa produktu<\/th>\n<td>Hydrauliczny si\u0142ownik teleskopowy do przyczepy wywrotki<\/td>\n<\/tr>\n<tr>\n<th>Stan<\/th>\n<td>Nowy<\/td>\n<\/tr>\n<tr>\n<th>Tworzywo<\/th>\n<td>Wytrzyma\u0142a stal<\/td>\n<\/tr>\n<tr>\n<th>Maksymalny ci\u0105g<\/th>\n<td>3000<\/td>\n<\/tr>\n<tr>\n<th>Maksymalne poci\u0105gni\u0119cie<\/th>\n<td>20 ton<\/td>\n<\/tr>\n<tr>\n<th>Orzecznictwo<\/th>\n<td>Certyfikat ISO9001:2000<\/td>\n<\/tr>\n<tr>\n<th>Rozmiar otworu<\/th>\n<td>2-6 cali<\/td>\n<\/tr>\n<tr>\n<th>Rozmiar pr\u0119ta<\/th>\n<td>1,125-4 cale<\/td>\n<\/tr>\n<tr>\n<th>Rozmiar poci\u0105gni\u0119cia<\/th>\n<td>6-48 cali<\/td>\n<\/tr>\n<tr>\n<th>Rozmiar szpilki<\/th>\n<td>0,5-2 cale<\/td>\n<\/tr>\n<tr>\n<th>Kolor<\/th>\n<td>Elegancka czer\u0144<\/td>\n<\/tr>\n<tr>\n<th>Zastosowane bran\u017ce<\/th>\n<td>Zak\u0142ady produkcyjne, warsztaty naprawcze maszyn, gospodarstwa rolne, energetyka i g\u00f3rnictwo, fabryki maszyn<\/td>\n<\/tr>\n<\/tbody>\n<\/table>\n<h2>G\u0142\u00f3wne cechy naszego hydraulicznego cylindra teleskopowego<\/h2>\n<ul>\n<li>Wysoce wszechstronny, znajduje zastosowanie w wielu ga\u0142\u0119ziach przemys\u0142u<\/li>\n<li>Wyj\u0105tkowa no\u015bno\u015b\u0107 z maksymalnym naciskiem 3000 i maksymalnym uci\u0105giem 20 ton<\/li>\n<li>Standardowa konstrukcja i moc hydrauliczna dla optymalnej wydajno\u015bci<\/li>\n<li>Wykonane z wytrzyma\u0142ej stali, co zapewnia trwa\u0142o\u015b\u0107 i d\u0142ugowieczno\u015b\u0107<\/li>\n<li>Certyfikat ISO9001:2000, gwarantuj\u0105cy jako\u015b\u0107 i zgodno\u015b\u0107 z normami mi\u0119dzynarodowymi<\/li>\n<\/ul>\n<p><img decoding=\"async\" src=\"https:\/\/hzpt.com\/wp-content\/uploads\/2023\/11\/Inverted-Telescopic-Cylinder-15.webp\" alt=\"\" title=\"\"><\/p>\n<h2>Zastosowania hydraulicznego cylindra teleskopowego Si\u0142ownik hydrauliczny przyczepy wywrotki<\/h2>\n<ul>\n<li>Zak\u0142ady produkcyjne do produkcji i monta\u017cu maszyn<\/li>\n<li>Warsztaty naprawcze maszyn do konserwacji i remont\u00f3w sprz\u0119tu<\/li>\n<li>Gospodarstwa dla ci\u0119\u017ckiego sprz\u0119tu rolniczego<\/li>\n<li>Bran\u017ca energetyczna i g\u00f3rnicza w zakresie sprz\u0119tu do wykop\u00f3w i wierce\u0144<\/li>\n<li>Fabryki maszyn do produkcji wysokiej klasy sprz\u0119tu przemys\u0142owego<\/li>\n<\/ul>\n<p><img decoding=\"async\" src=\"https:\/\/hzpt.com\/wp-content\/uploads\/2023\/11\/Inverted-Telescopic-Cylinder-Applications.webp\" alt=\"Zastosowania odwr\u00f3conego cylindra teleskopowego\" title=\"\"><\/p>\n<h2>Zasada dzia\u0142ania i konserwacja<\/h2>\n<p>Hydrauliczny si\u0142ownik teleskopowy dzia\u0142a w oparciu o prost\u0105 zasad\u0119 spr\u0119\u017cania cieczy. Po wprowadzeniu cieczy hydraulicznej do si\u0142ownika przez otw\u00f3r, wytwarzane jest ci\u015bnienie, kt\u00f3re wysuwa t\u0142oczysko i generuje si\u0142\u0119 wyj\u015bciow\u0105. Ta pot\u0119\u017cna si\u0142a mo\u017ce by\u0107 wykorzystana w wielu zastosowaniach, od podnoszenia ci\u0119\u017ckich \u0142adunk\u00f3w po obs\u0142ug\u0119 skomplikowanych maszyn.<\/p>\n<p>Regularna konserwacja jest kluczowa dla optymalnej wydajno\u015bci i trwa\u0142o\u015bci. Obejmuje ona regularne kontrole w celu wykrycia wszelkich oznak zu\u017cycia lub uszkodze\u0144, czyszczenie w celu usuni\u0119cia kurzu i zanieczyszcze\u0144, smarowanie w celu zmniejszenia tarcia i zapobiegania zu\u017cyciu, a tak\u017ce regularn\u0105 wymian\u0119 uszczelnie\u0144. Zawsze nale\u017cy zapozna\u0107 si\u0119 z instrukcj\u0105 obs\u0142ugi, aby uzyska\u0107 szczeg\u00f3\u0142owe instrukcje dotycz\u0105ce konserwacji.<\/p>\n<p><img decoding=\"async\" src=\"https:\/\/hzpt.com\/wp-content\/uploads\/2023\/11\/Inverted-Telescopic-Cylinder-3.webp\" alt=\"\" title=\"\"><\/p>\n<\/div>\n<h2>Odwr\u00f3cony cylinder teleskopowy<\/h2>\n<p>Odwr\u00f3cony si\u0142ownik teleskopowy, znany r\u00f3wnie\u017c jako hydrauliczny si\u0142ownik teleskopowy, to rodzaj si\u0142ownika hydraulicznego powszechnie stosowanego w r\u00f3\u017cnych ga\u0142\u0119ziach przemys\u0142u. Sk\u0142ada si\u0119 z szeregu zagnie\u017cd\u017conych sekcji cylindrycznych, kt\u00f3re wysuwaj\u0105 si\u0119 i chowaj\u0105, zapewniaj\u0105c ruch liniowy. Si\u0142owniki te s\u0105 szeroko stosowane w zastosowaniach, w kt\u00f3rych wymagany jest kompaktowy i wydajny uk\u0142ad hydrauliczny.<\/p>\n<p>Stosowanie odwr\u00f3conych cylindr\u00f3w teleskopowych ma kilka kluczowych cech i zalet:<\/p>\n<ol>\n<li style=\"list-style-type: none;\">\n<ol>\n<li>Wydajna konstrukcja: Zagnie\u017cd\u017cona konstrukcja cylindra pozwala na uzyskanie mniejszej d\u0142ugo\u015bci po z\u0142o\u017ceniu w por\u00f3wnaniu z innymi typami cylindr\u00f3w hydraulicznych. Ta kompaktowa konstrukcja jest szczeg\u00f3lnie korzystna w zastosowaniach o ograniczonej przestrzeni.<\/li>\n<\/ol>\n<\/li>\n<\/ol>\n<p>Sprzedam si\u0142ownik hydrauliczny teleskopowy<\/p>\n<ol>\n<li style=\"list-style-type: none;\">\n<ol>\n<li>Wyj\u0105tkowa wytrzyma\u0142o\u015b\u0107: Odwr\u00f3cone cylindry teleskopowe zosta\u0142y zaprojektowane tak, aby wytrzyma\u0107 du\u017ce obci\u0105\u017cenia i wysokie ci\u015bnienia. Zastosowanie wysokiej jako\u015bci materia\u0142\u00f3w i precyzyjnych technik produkcji gwarantuje ich trwa\u0142o\u015b\u0107 i niezawodno\u015b\u0107.<\/li>\n<li>Zwi\u0119kszona stabilno\u015b\u0107: Zagnie\u017cd\u017cone sekcje cylindra zapewniaj\u0105 wi\u0119ksz\u0105 stabilno\u015b\u0107 podczas pracy. Ta cecha jest kluczowa w zastosowaniach wymagaj\u0105cych precyzyjnych i kontrolowanych ruch\u00f3w.<\/li>\n<li>P\u0142ynna praca: Odwr\u00f3cone cylindry teleskopowe wykorzystuj\u0105 p\u0142yn hydrauliczny do wysuwania i wsuwania, co zapewnia p\u0142ynny i r\u00f3wnomierny ruch. Umo\u017cliwia to precyzyjne pozycjonowanie i zmniejsza zu\u017cycie systemu.<\/li>\n<li>Zmienna d\u0142ugo\u015b\u0107 skoku: Te cylindry oferuj\u0105 elastyczno\u015b\u0107 w dostosowywaniu d\u0142ugo\u015bci skoku do konkretnych wymaga\u0144 aplikacji. Ta mo\u017cliwo\u015b\u0107 regulacji pozwala na dostosowanie rozwi\u0105za\u0144 do indywidualnych potrzeb i zwi\u0119kszenie wydajno\u015bci.<\/li>\n<li>R\u00f3\u017cnorodne zastosowania: Odwr\u00f3cone cylindry teleskopowe znajduj\u0105 zastosowanie w r\u00f3\u017cnych ga\u0142\u0119ziach przemys\u0142u, w tym w budownictwie, rolnictwie, transporcie i transporcie. S\u0105 powszechnie stosowane w wywrotkach, prasach hydraulicznych i urz\u0105dzeniach d\u017awigowych.<\/li>\n<\/ol>\n<\/li>\n<\/ol>\n<p>Si\u0142ownik hydrauliczny przyczepy wywrotki<\/p>\n<ol>\n<li>\u0141atwa konserwacja: Konstrukcja odwr\u00f3conych cylindr\u00f3w teleskopowych upraszcza procedury konserwacyjne. Zagnie\u017cd\u017cone sekcje mo\u017cna \u0142atwo zdemontowa\u0107 w celu kontroli, naprawy lub wymiany podzespo\u0142\u00f3w, co skraca czas przestoju.<\/li>\n<\/ol>\n<p>Og\u00f3lnie rzecz bior\u0105c, odwr\u00f3cony si\u0142ownik teleskopowy to wszechstronny i wydajny si\u0142ownik hydrauliczny, oferuj\u0105cy liczne korzy\u015bci w r\u00f3\u017cnych zastosowaniach. Jego kompaktowa konstrukcja, wyj\u0105tkowa wytrzyma\u0142o\u015b\u0107 i p\u0142ynna praca sprawiaj\u0105, \u017ce jest popularnym wyborem w bran\u017cach wymagaj\u0105cych precyzyjnego ruchu liniowego. Niezale\u017cnie od tego, czy chodzi o si\u0142ownik hydrauliczny w wywrotce, czy o inne zastosowanie, si\u0142owniki te zapewniaj\u0105 niezawodn\u0105 prac\u0119 i przyczyniaj\u0105 si\u0119 do og\u00f3lnej wydajno\u015bci uk\u0142ad\u00f3w hydraulicznych.<\/p>\n<h3>O firmie FMP \u2013 profesjonalny producent i sprzedawca si\u0142ownik\u00f3w hydraulicznych<\/h3>\n<p>Szukasz niezawodnego i wysokiej jako\u015bci si\u0142ownika hydraulicznego do maszyn budowlanych? FMP to strza\u0142 w dziesi\u0105tk\u0119! Jako profesjonalny producent i sprzedawca cz\u0119\u015bci i kompletnych maszyn budowlanych, oferujemy szerok\u0105 gam\u0119 si\u0142ownik\u00f3w hydraulicznych zaprojektowanych z my\u015bl\u0105 o r\u00f3\u017cnorodnych zastosowaniach.<\/p>\n<p>Oto kilka powod\u00f3w, dla kt\u00f3rych warto wybra\u0107 si\u0142owniki hydrauliczne FMP:<\/p>\n<p>1. Materia\u0142y wysokiej jako\u015bci \u2013 Nasze cylindry hydrauliczne wykonane s\u0105 z materia\u0142\u00f3w najwy\u017cszej jako\u015bci, co gwarantuje trwa\u0142o\u015b\u0107, niezawodno\u015b\u0107 i d\u0142ug\u0105 \u017cywotno\u015b\u0107. Materia\u0142y pozyskujemy od wysokiej jako\u015bci dostawc\u00f3w z kraju i zagranicy, a nast\u0119pnie poddajemy je rygorystycznym standardom kontroli jako\u015bci.<\/p>\n<p>2. Konfigurowalne projekty \u2013 Oferujemy szerok\u0105 gam\u0119 konstrukcji si\u0142ownik\u00f3w hydraulicznych, a tak\u017ce mo\u017cemy dostosowa\u0107 je do potrzeb i specyfikacji klienta. Niezale\u017cnie od tego, czy potrzebujesz standardowego si\u0142ownika, czy niestandardowego rozwi\u0105zania, pomo\u017cemy Ci znale\u017a\u0107 odpowiedni produkt.<\/p>\n<p>3. Szeroki zakres zastosowa\u0144 \u2013 Nasze si\u0142owniki hydrauliczne nadaj\u0105 si\u0119 do szerokiej gamy maszyn budowlanych, w tym maszyn rolniczych, sprz\u0119tu przemys\u0142owego i innych. Od si\u0142ownik\u00f3w do sadzarek po si\u0142owniki do koparek \u2013 mamy odpowiedni produkt dla Twoich potrzeb.<\/p>\n<p>4. Profesjonalne doradztwo \u2013 Nasz do\u015bwiadczony zesp\u00f3\u0142 sprzeda\u017cy jest zawsze do dyspozycji, aby zapewni\u0107 profesjonalne doradztwo produktowe i trafne sugestie zakupowe. Jeste\u015bmy na bie\u017c\u0105co z najnowszymi trendami i potrzebami klient\u00f3w w bran\u017cy maszyn budowlanych, aby zapewni\u0107 naszym klientom najlepsz\u0105 obs\u0142ug\u0119.<\/p>\n<p>5. Efektywna logistyka \u2013 Dysponujemy wydajnym systemem dystrybucji logistycznej, aby zapewni\u0107 klientom terminowe i dok\u0142adne dostawy potrzebnych cz\u0119\u015bci. Rozumiemy, jak wa\u017cne jest minimalizowanie przestoj\u00f3w i zapewnienie p\u0142ynnej pracy maszyn.<\/p>\n<p>Dzi\u0119ki si\u0142ownikom hydraulicznym FMP mo\u017cesz by\u0107 pewien jako\u015bci i niezawodno\u015bci swoich maszyn budowlanych. Skontaktuj si\u0119 z nami ju\u017c dzi\u015b, aby dowiedzie\u0107 si\u0119 wi\u0119cej o naszych produktach i o tym, jak mo\u017cemy pom\u00f3c Ci znale\u017a\u0107 odpowiednie rozwi\u0105zanie dla Twoich potrzeb.<\/p>\n<p><img decoding=\"async\" src=\"https:\/\/fmp-components.com\/wp-content\/uploads\/2024\/12\/Adjustable-Clevis-Type-Cylinders-6.webp\" alt=\"Regulowany cylinder typu wide\u0142kowego\" width=\"833\" title=\"\"><br \/>\nAutor:CX<\/p>","protected":false},"excerpt":{"rendered":"<p>Hot Sale Hydraulic Telescopic Cylinder Dump Trailer Hydraulic Cylinder is a high-quality hydraulic cylinder designed for dump trailers. It is made of high-strength materials and is capable of withstanding heavy loads and harsh working conditions. This hydraulic cylinder is engineered with advanced technology, ensuring a reliable performance and long service life. The Hot Sale Hydraulic [&hellip;]<\/p>","protected":false},"featured_media":1664,"comment_status":"closed","ping_status":"closed","template":"","meta":{"_et_pb_use_builder":"","_et_pb_old_content":"","_et_gb_content_width":""},"product_brand":[],"product_cat":[45],"product_tag":[34,48],"class_list":{"0":"post-1663","1":"product","2":"type-product","3":"status-publish","4":"has-post-thumbnail","6":"product_cat-inverted-telescopic-cylinder","7":"product_tag-hydraulic-cylinder","8":"product_tag-inverted-telescopic-cylinder","10":"first","11":"instock","12":"product-type-simple"},"_links":{"self":[{"href":"https:\/\/fmp-components.com\/pl\/wp-json\/wp\/v2\/product\/1663","targetHints":{"allow":["GET"]}}],"collection":[{"href":"https:\/\/fmp-components.com\/pl\/wp-json\/wp\/v2\/product"}],"about":[{"href":"https:\/\/fmp-components.com\/pl\/wp-json\/wp\/v2\/types\/product"}],"replies":[{"embeddable":true,"href":"https:\/\/fmp-components.com\/pl\/wp-json\/wp\/v2\/comments?post=1663"}],"wp:featuredmedia":[{"embeddable":true,"href":"https:\/\/fmp-components.com\/pl\/wp-json\/wp\/v2\/media\/1664"}],"wp:attachment":[{"href":"https:\/\/fmp-components.com\/pl\/wp-json\/wp\/v2\/media?parent=1663"}],"wp:term":[{"taxonomy":"product_brand","embeddable":true,"href":"https:\/\/fmp-components.com\/pl\/wp-json\/wp\/v2\/product_brand?post=1663"},{"taxonomy":"product_cat","embeddable":true,"href":"https:\/\/fmp-components.com\/pl\/wp-json\/wp\/v2\/product_cat?post=1663"},{"taxonomy":"product_tag","embeddable":true,"href":"https:\/\/fmp-components.com\/pl\/wp-json\/wp\/v2\/product_tag?post=1663"}],"curies":[{"name":"wp","href":"https:\/\/api.w.org\/{rel}","templated":true}]}}