{"id":1661,"date":"2024-12-23T07:00:44","date_gmt":"2024-12-23T07:00:44","guid":{"rendered":"https:\/\/fmp-components.com\/product\/factory-customized-5-ton-dump-truck-4-stage-hydraulic-ram-cylinder\/"},"modified":"2025-03-11T05:49:55","modified_gmt":"2025-03-11T05:49:55","slug":"factory-customized-5-ton-dump-truck-4-stage-hydraulic-ram-cylinder","status":"publish","type":"product","link":"https:\/\/fmp-components.com\/pl\/product\/factory-customized-5-ton-dump-truck-4-stage-hydraulic-ram-cylinder\/","title":{"rendered":"Fabrycznie dostosowany 4-stopniowy si\u0142ownik hydrauliczny do wywrotki 5 ton"},"content":{"rendered":"<p>Fabrycznie dostosowany, 4-stopniowy si\u0142ownik hydrauliczny do wywrotek o ud\u017awigu 5 ton to wysokiej jako\u015bci si\u0142ownik hydrauliczny przeznaczony do wywrotek. To wszechstronny i niezawodny produkt, kt\u00f3ry wytrzymuje du\u017ce obci\u0105\u017cenia i trudne warunki pracy.<\/p>\n<p>Ten si\u0142ownik hydrauliczny zosta\u0142 zaprojektowany z my\u015bl\u0105 o wyj\u0105tkowej wydajno\u015bci i trwa\u0142o\u015bci. Dzi\u0119ki czterostopniowej konstrukcji zapewnia du\u017c\u0105 si\u0142\u0119 podnoszenia z doskona\u0142\u0105 precyzj\u0105 i kontrol\u0105. Zosta\u0142 r\u00f3wnie\u017c zaprojektowany tak, aby wytrzyma\u0107 trudne warunki pracy przy du\u017cym obci\u0105\u017ceniu, dzi\u0119ki wytrzyma\u0142ej pow\u0142oce zewn\u0119trznej, kt\u00f3ra chroni go przed korozj\u0105 i zu\u017cyciem.<\/p>\n<p>Ten si\u0142ownik hydrauliczny jest dostosowany do specyficznych potrzeb wywrotek, co czyni go doskona\u0142ym wyborem dla ka\u017cdego, kto pracuje w bran\u017cy budowlanej, g\u00f3rniczej lub transportowej. Jest \u0142atwy w monta\u017cu i konserwacji oraz zaprojektowany z my\u015bl\u0105 o d\u0142ugotrwa\u0142ej wydajno\u015bci.<\/p>\n<table style=\"width: 100%;\" border=\"1\" width=\"100%\" cellspacing=\"0\" cellpadding=\"0\">\n<tbody>\n<tr>\n<th>Nazwa produktu<\/th>\n<td>Fabrycznie dostosowany 4-stopniowy si\u0142ownik hydrauliczny do wywrotki 5 ton<\/td>\n<\/tr>\n<tr>\n<th>Stan<\/th>\n<td>Nowy<\/td>\n<\/tr>\n<tr>\n<th>Gwarancja<\/th>\n<td>1 rok<\/td>\n<\/tr>\n<tr>\n<th>Waga (kg)<\/th>\n<td>56<\/td>\n<\/tr>\n<tr>\n<th>Projekt<\/th>\n<td>4-stopniowy si\u0142ownik hydrauliczny<\/td>\n<\/tr>\n<tr>\n<th>Wydajno\u015b\u0107<\/th>\n<td>Radzi sobie z du\u017cymi obci\u0105\u017ceniami i trudnymi warunkami pracy<\/td>\n<\/tr>\n<tr>\n<th>Kontrola<\/th>\n<td>Dok\u0142adny raport z kontroli wyj\u015bciowej i test\u00f3w maszyn<\/td>\n<\/tr>\n<tr>\n<th>Zastosowane bran\u017ce<\/th>\n<td>Zak\u0142ady produkcyjne, warsztaty naprawcze maszyn, gospodarstwa rolne, energetyka i g\u00f3rnictwo, produkcja maszyn, fabryki maszyn<\/td>\n<\/tr>\n<\/tbody>\n<\/table>\n<p><img decoding=\"async\" src=\"https:\/\/hzpt.com\/wp-content\/uploads\/2023\/11\/Inverted-Telescopic-Cylinder-2.webp\" alt=\"\" title=\"\"><\/p>\n<h2>G\u0142\u00f3wne cechy si\u0142ownika hydraulicznego<\/h2>\n<ol>\n<li><strong>Standardowa i solidna konstrukcja:<\/strong> Si\u0142ownik hydrauliczny charakteryzuje si\u0119 standardow\u0105 i wytrzyma\u0142\u0105 konstrukcj\u0105 cylindra t\u0142okowego, dzi\u0119ki czemu jest bardzo wydajny i trwa\u0142y.<\/li>\n<li><strong>Du\u017ca moc i pojemno\u015b\u0107:<\/strong> Dzia\u0142a na zasadzie uk\u0142adu hydraulicznego, maks. si\u0142a ci\u0105gu 3000 i maks. si\u0142a uci\u0105gu 20 ton, co sprawia, \u017ce \u200b\u200bidealnie nadaje si\u0119 do ci\u0119\u017ckich prac.<\/li>\n<li><strong>Materia\u0142y wysokiej jako\u015bci:<\/strong> Korpus si\u0142ownika hydraulicznego wykonany jest ze stali, co zapewnia jego wytrzyma\u0142o\u015b\u0107 i trwa\u0142o\u015b\u0107.<\/li>\n<li><strong>G\u0142\u00f3wne komponenty:<\/strong> Wyposa\u017cony jest w wysokiej jako\u015bci g\u0142\u00f3wne komponenty, takie jak \u0142o\u017cyska i cylindry t\u0142okowe.<\/li>\n<li><strong>Orzecznictwo:<\/strong> Ten si\u0142ownik hydrauliczny posiada certyfikat ISO9001:2000, co potwierdza jego najwy\u017csz\u0105 jako\u015b\u0107 i zgodno\u015b\u0107 z normami mi\u0119dzynarodowymi.<\/li>\n<\/ol>\n<h2>Zastosowania cylindra hydraulicznego<\/h2>\n<ol>\n<li style=\"list-style-type: none;\">\n<ol>\n<li><strong>Zak\u0142ady produkcyjne:<\/strong> Si\u0142ownik hydrauliczny mo\u017ce by\u0107 stosowany w zak\u0142adach produkcyjnych do r\u00f3\u017cnych zastosowa\u0144 wymagaj\u0105cych du\u017cej wytrzyma\u0142o\u015bci.<\/li>\n<li><strong>Warsztaty naprawy maszyn:<\/strong> Mo\u017cna go r\u00f3wnie\u017c stosowa\u0107 w warsztatach naprawczych do naprawy i konserwacji ci\u0119\u017ckiego sprz\u0119tu.<\/li>\n<li><strong>Gospodarstwa:<\/strong> Si\u0142ownik hydrauliczny idealnie nadaje si\u0119 do stosowania w gospodarstwach rolnych, gdzie mo\u017ce by\u0107 pomocny przy r\u00f3\u017cnych pracach rolniczych.<\/li>\n<li><strong>Energia i g\u00f3rnictwo:<\/strong> Jego solidna konstrukcja i du\u017ca moc sprawiaj\u0105, \u017ce nadaje si\u0119 on do stosowania w przemy\u015ble energetycznym i g\u00f3rniczym.<\/li>\n<li><strong>Produkcja maszyn:<\/strong> Si\u0142ownik hydrauliczny mo\u017ce by\u0107 stosowany w produkcji maszyn do produkcji r\u00f3\u017cnego rodzaju ci\u0119\u017ckich maszyn.<\/li>\n<\/ol>\n<\/li>\n<\/ol>\n<p><img decoding=\"async\" src=\"https:\/\/hzpt.com\/wp-content\/uploads\/2023\/11\/Inverted-Telescopic-Cylinder-Applications.webp\" alt=\"Zastosowania cylindr\u00f3w hydraulicznych\" title=\"\"><\/p>\n<h2>Zasada dzia\u0142ania i metody konserwacji si\u0142ownika hydraulicznego<\/h2>\n<p>Si\u0142ownik hydrauliczny dzia\u0142a w oparciu o zasad\u0119 mechaniki p\u0142yn\u00f3w. P\u0142yn hydrauliczny jest doprowadzany do cylindra, co generuje si\u0142\u0119 wyj\u015bciow\u0105. Konfiguracja cylindra, dop\u0142yw p\u0142ynu hydraulicznego oraz si\u0142a wyj\u015bciowa to kluczowe elementy jego dzia\u0142ania.<\/p>\n<p>Konserwacja si\u0142ownika hydraulicznego obejmuje regularne kontrole, czyszczenie i smarowanie. Regularne kontrole i naprawy s\u0105 niezb\u0119dne dla zapewnienia prawid\u0142owego dzia\u0142ania si\u0142ownika. Wymiana uszczelnie\u0144 jest niezb\u0119dnym elementem procesu konserwacji. Wreszcie, kluczowe jest przestrzeganie instrukcji obs\u0142ugi, aby zapewni\u0107 d\u0142ug\u0105 \u017cywotno\u015b\u0107 si\u0142ownika i jego optymaln\u0105 wydajno\u015b\u0107.<\/p>\n<p><img decoding=\"async\" src=\"https:\/\/hzpt.com\/wp-content\/uploads\/2023\/11\/Inverted-Telescopic-Cylinder-22.webp\" alt=\"\" title=\"\"><\/p>\n<h2>Odwr\u00f3cony cylinder teleskopowy<\/h2>\n<p>Odwr\u00f3cony cylinder teleskopowy, znany r\u00f3wnie\u017c jako si\u0142ownik teleskopowy, to rodzaj cylindra hydraulicznego powszechnie stosowanego w r\u00f3\u017cnych ga\u0142\u0119ziach przemys\u0142u. Sk\u0142ada si\u0119 z wielu stopni lub sekcji, kt\u00f3re sk\u0142adaj\u0105 si\u0119 lub rozk\u0142adaj\u0105, zapewniaj\u0105c r\u00f3\u017cne poziomy si\u0142y i d\u0142ugo\u015bci skoku. Taka konstrukcja zapewnia kompaktow\u0105 i wydajn\u0105 prac\u0119, dzi\u0119ki czemu idealnie nadaje si\u0119 do zastosowa\u0144 w ograniczonej przestrzeni.<\/p>\n<p>Jedn\u0105 z kluczowych zalet odwr\u00f3conego cylindra teleskopowego jest jego zdolno\u015b\u0107 do zapewnienia du\u017cej si\u0142y wyj\u015bciowej przy stosunkowo niewielkich gabarytach. Dzi\u0119ki zastosowaniu wielu stopni, z kt\u00f3rych ka\u017cdy posiada w\u0142asny zesp\u00f3\u0142 t\u0142oka i t\u0142oczyska, cylinder mo\u017ce osi\u0105gn\u0105\u0107 du\u017c\u0105 si\u0142\u0119 przy zachowaniu kompaktowych rozmiar\u00f3w. To sprawia, \u017ce \u200b\u200bjest on szczeg\u00f3lnie przydatny w zastosowaniach takich jak wywrotki, gdzie wymagany jest du\u017cy ud\u017awig w ograniczonej przestrzeni.<\/p>\n<p>Fabrycznie dostosowany, 4-stopniowy si\u0142ownik hydrauliczny do wywrotek o ud\u017awigu 5 ton to specjalny typ odwr\u00f3conego si\u0142ownika teleskopowego, dostosowany do stosowania w wywrotkach. Zosta\u0142 zaprojektowany do obs\u0142ugi du\u017cych \u0142adunk\u00f3w i zapewnia precyzyjn\u0105 kontrol\u0119 nad procesem wy\u0142adunku. Czterostopniowy si\u0142ownik hydrauliczny zapewnia si\u0142\u0119 niezb\u0119dn\u0105 do podnoszenia i pochylania skrzyni \u0142adunkowej, umo\u017cliwiaj\u0105c wydajny roz\u0142adunek materia\u0142\u00f3w.<\/p>\n<p>Konstrukcja cylindra hydraulicznego 4-stopniowego do wywrotek 5-tonowych, dostosowanego fabrycznie, charakteryzuje si\u0119 wysok\u0105 jako\u015bci\u0105 materia\u0142\u00f3w i precyzj\u0105 wykonania. Ka\u017cdy stopie\u0144 cylindra zosta\u0142 starannie zaprojektowany, aby wytrzyma\u0107 si\u0142y wyst\u0119puj\u0105ce podczas pracy i zapewni\u0107 d\u0142ug\u0105 \u017cywotno\u015b\u0107. Dodatkowo, cylinder jest fabrycznie dostosowany do specyficznych wymaga\u0144 wywrotek, gwarantuj\u0105c optymaln\u0105 wydajno\u015b\u0107 i niezawodno\u015b\u0107.<\/p>\n<p>W dzia\u0142aniu odwr\u00f3conego cylindra teleskopowego kluczow\u0105 rol\u0119 odgrywa p\u0142yn hydrauliczny. Jest on pompowany do cylindra za pomoc\u0105 uk\u0142adu hydraulicznego, wytwarzaj\u0105c ci\u015bnienie, kt\u00f3re wysuwa lub wsuwa poszczeg\u00f3lne stopnie. Kontrola przep\u0142ywu tego p\u0142ynu pozwala na precyzyjne pozycjonowanie i ruch cylindra, co czyni go niezwykle wszechstronnym w r\u00f3\u017cnych zastosowaniach przemys\u0142owych.<\/p>\n<p>Podsumowuj\u0105c, fabrycznie dostosowany, 4-stopniowy si\u0142ownik hydrauliczny do wywrotek o ud\u017awigu 5 ton to specjalistyczny typ odwr\u00f3conego si\u0142ownika teleskopowego, kt\u00f3ry doskonale sprawdza si\u0119 w zastosowaniach z wywrotkami. Dzi\u0119ki kompaktowej konstrukcji, wysokiemu ud\u017awigowi i precyzyjnemu sterowaniu, zapewnia on wydajn\u0105 i niezawodn\u0105 prac\u0119. Niezale\u017cnie od tego, czy chodzi o budownictwo, g\u00f3rnictwo, czy gospodark\u0119 odpadami, ten si\u0142ownik hydrauliczny okazuje si\u0119 cennym atutem, kt\u00f3ry zwi\u0119ksza wydajno\u015b\u0107 i wydajno\u015b\u0107.<\/p>\n<h3>O FMP<\/h3>\n<p>FMP to wiod\u0105ca firma specjalizuj\u0105ca si\u0119 w produkcji i sprzeda\u017cy cylindr\u00f3w hydraulicznych. Dzi\u0119ki naszemu bogatemu do\u015bwiadczeniu w bran\u017cy i profesjonalnemu zespo\u0142owi, jeste\u015bmy zaanga\u017cowani w dostarczanie naszym klientom wysokiej jako\u015bci i niezawodnych rozwi\u0105za\u0144 w zakresie cylindr\u00f3w hydraulicznych.<\/p>\n<p>Oto 5 najwa\u017cniejszych zalet naszych produkt\u00f3w i firmy:<\/p>\n<p>1. Szeroka gama produkt\u00f3w: Oferujemy szerok\u0105 gam\u0119 cylindr\u00f3w hydraulicznych, w tym cylindry z regulowanym wide\u0142kiem, jak pokazano poni\u017cej:<\/p>\n<p><img decoding=\"async\" src=\"https:\/\/fmp-components.com\/wp-content\/uploads\/2024\/12\/Adjustable-Clevis-Type-Cylinders-6.webp\" alt=\"Regulowany cylinder typu wide\u0142kowego\" width=\"832\" title=\"\"><\/p>\n<p>2. Najwy\u017csza jako\u015b\u0107: Nawi\u0105zali\u015bmy d\u0142ugoterminow\u0105 i stabiln\u0105 wsp\u00f3\u0142prac\u0119 z wysokiej jako\u015bci dostawcami, co gwarantuje, \u017ce wszystkie nasze cylindry hydrauliczne spe\u0142niaj\u0105 surowe standardy jako\u015bci. Nasze zaanga\u017cowanie w jako\u015b\u0107 wyr\u00f3\u017cnia nas na tle konkurencji.<\/p>\n<p>3. Profesjonalny zesp\u00f3\u0142 sprzeda\u017cy: Nasz do\u015bwiadczony i wykwalifikowany zesp\u00f3\u0142 sprzeda\u017cy doskonale orientuje si\u0119 w trendach rozwojowych i potrzebach klient\u00f3w w bran\u017cy cylindr\u00f3w hydraulicznych. Zapewniamy profesjonalne doradztwo produktowe i trafne sugestie zakupowe.<\/p>\n<p>4. Efektywna dystrybucja logistyczna: Rozumiemy, jak wa\u017cna jest terminowo\u015b\u0107 i dok\u0142adno\u015b\u0107 dostaw. Dzi\u0119ki naszemu efektywnemu systemowi dystrybucji logistycznej zapewniamy klientom terminowe dostarczenie potrzebnych cylindr\u00f3w hydraulicznych.<\/p>\n<p>5. Kompleksowe rozwi\u0105zania: Opr\u00f3cz si\u0142ownik\u00f3w hydraulicznych oferujemy szerok\u0105 gam\u0119 cz\u0119\u015bci do maszyn budowlanych i kompletnych rozwi\u0105za\u0144 maszynowych. Dzi\u0119ki temu nasi klienci mog\u0105 znale\u017a\u0107 wszystkie niezb\u0119dne komponenty i akcesoria w jednym miejscu, oszcz\u0119dzaj\u0105c czas i wysi\u0142ek.<\/p>\n<p>Zapraszamy do wsp\u00f3\u0142pracy i poznania doskona\u0142o\u015bci cylindr\u00f3w hydraulicznych FMP. Skontaktuj si\u0119 z nami ju\u017c dzi\u015b, aby om\u00f3wi\u0107 swoje specyficzne wymagania i pozwoli\u0107 naszemu zespo\u0142owi pom\u00f3c Ci znale\u017a\u0107 idealne rozwi\u0105zanie w zakresie cylindr\u00f3w hydraulicznych, dopasowane do Twoich potrzeb.<\/p>\n<p>Autor:CX<\/p>","protected":false},"excerpt":{"rendered":"<p>Factory Customized 5 Ton Dump Truck 4 Stage Hydraulic Ram Cylinder is a high-quality hydraulic cylinder designed for dump truck applications. It is a versatile and reliable product that can withstand heavy loads and tough working conditions. This hydraulic cylinder is designed to provide exceptional performance and durability. With its 4 stage design, it is [&hellip;]<\/p>","protected":false},"featured_media":1662,"comment_status":"closed","ping_status":"closed","template":"","meta":{"_et_pb_use_builder":"","_et_pb_old_content":"","_et_gb_content_width":""},"product_brand":[],"product_cat":[45],"product_tag":[34,48],"class_list":{"0":"post-1661","1":"product","2":"type-product","3":"status-publish","4":"has-post-thumbnail","6":"product_cat-inverted-telescopic-cylinder","7":"product_tag-hydraulic-cylinder","8":"product_tag-inverted-telescopic-cylinder","10":"first","11":"instock","12":"product-type-simple"},"_links":{"self":[{"href":"https:\/\/fmp-components.com\/pl\/wp-json\/wp\/v2\/product\/1661","targetHints":{"allow":["GET"]}}],"collection":[{"href":"https:\/\/fmp-components.com\/pl\/wp-json\/wp\/v2\/product"}],"about":[{"href":"https:\/\/fmp-components.com\/pl\/wp-json\/wp\/v2\/types\/product"}],"replies":[{"embeddable":true,"href":"https:\/\/fmp-components.com\/pl\/wp-json\/wp\/v2\/comments?post=1661"}],"wp:featuredmedia":[{"embeddable":true,"href":"https:\/\/fmp-components.com\/pl\/wp-json\/wp\/v2\/media\/1662"}],"wp:attachment":[{"href":"https:\/\/fmp-components.com\/pl\/wp-json\/wp\/v2\/media?parent=1661"}],"wp:term":[{"taxonomy":"product_brand","embeddable":true,"href":"https:\/\/fmp-components.com\/pl\/wp-json\/wp\/v2\/product_brand?post=1661"},{"taxonomy":"product_cat","embeddable":true,"href":"https:\/\/fmp-components.com\/pl\/wp-json\/wp\/v2\/product_cat?post=1661"},{"taxonomy":"product_tag","embeddable":true,"href":"https:\/\/fmp-components.com\/pl\/wp-json\/wp\/v2\/product_tag?post=1661"}],"curies":[{"name":"wp","href":"https:\/\/api.w.org\/{rel}","templated":true}]}}