{"id":1653,"date":"2024-12-23T07:00:44","date_gmt":"2024-12-23T07:00:44","guid":{"rendered":"https:\/\/fmp-components.com\/product\/factory-direct-supply-4-stage-hydraulic-telescopic-ram-cylinder-for-trailer\/"},"modified":"2025-03-11T06:11:06","modified_gmt":"2025-03-11T06:11:06","slug":"factory-direct-supply-4-stage-hydraulic-telescopic-ram-cylinder-for-trailer","status":"publish","type":"product","link":"https:\/\/fmp-components.com\/pl\/product\/factory-direct-supply-4-stage-hydraulic-telescopic-ram-cylinder-for-trailer\/","title":{"rendered":"Dostawa bezpo\u015brednio z fabryki, 4-stopniowy hydrauliczny si\u0142ownik teleskopowy do przyczep"},"content":{"rendered":"<p>Factory Direct Supply oferuje najwy\u017cszej klasy, 4-stopniowy hydrauliczny si\u0142ownik teleskopowy do przyczep, kt\u00f3ry stanowi niezawodne i trwa\u0142e rozwi\u0105zanie do ci\u0119\u017ckich zastosowa\u0144. Si\u0142ownik ten zosta\u0142 zaprojektowany z my\u015bl\u0105 o p\u0142ynnej i wydajnej pracy, zapewniaj\u0105c sta\u0142\u0105 wydajno\u015b\u0107 nawet pod wysokim ci\u015bnieniem.<\/p>\n<p>Wykonany z wysokiej jako\u015bci materia\u0142\u00f3w, 4-stopniowy hydrauliczny si\u0142ownik teleskopowy do przyczep zosta\u0142 zaprojektowany tak, aby sprosta\u0107 ekstremalnym warunkom i intensywnemu u\u017cytkowaniu. Si\u0142ownik charakteryzuje si\u0119 precyzyjnie zaprojektowan\u0105 konstrukcj\u0105, kt\u00f3ra zapewnia maksymaln\u0105 wytrzyma\u0142o\u015b\u0107 i stabilno\u015b\u0107, dzi\u0119ki czemu idealnie nadaje si\u0119 do stosowania w wymagaj\u0105cych warunkach przemys\u0142owych.<\/p>\n<table style=\"width: 100%;\" border=\"1\" width=\"100%\" cellspacing=\"0\" cellpadding=\"0\">\n<tbody>\n<tr>\n<th>Nazwa produktu<\/th>\n<td>4-stopniowy hydrauliczny si\u0142ownik teleskopowy do przyczepy<\/td>\n<\/tr>\n<tr>\n<th>Stan<\/th>\n<td>Nowy<\/td>\n<\/tr>\n<tr>\n<th>Gwarancja<\/th>\n<td>1 rok<\/td>\n<\/tr>\n<tr>\n<th>Waga (kg)<\/th>\n<td>45<\/td>\n<\/tr>\n<tr>\n<th>Maksymalny ci\u0105g<\/th>\n<td>3000<\/td>\n<\/tr>\n<tr>\n<th>Maksymalne poci\u0105gni\u0119cie<\/th>\n<td>20 ton<\/td>\n<\/tr>\n<tr>\n<th>Materia\u0142 korpusu<\/th>\n<td>Stal<\/td>\n<\/tr>\n<tr>\n<th>\u0179r\u00f3d\u0142o zasilania<\/th>\n<td>Hydrauliczny<\/td>\n<\/tr>\n<tr>\n<th>Projekt<\/th>\n<td>4-stopniowy ze standardow\u0105 konstrukcj\u0105 cylindra t\u0142okowego<\/td>\n<\/tr>\n<tr>\n<th>G\u0142\u00f3wne komponenty<\/th>\n<td>\u0141o\u017cysko, cylinder t\u0142okowy<\/td>\n<\/tr>\n<tr>\n<th>Orzecznictwo<\/th>\n<td>Certyfikat ISO9001:2000<\/td>\n<\/tr>\n<tr>\n<th>Kolor<\/th>\n<td>Czarny<\/td>\n<\/tr>\n<tr>\n<th>Zastosowane bran\u017ce<\/th>\n<td>Budownictwo, Rolnictwo, Zak\u0142ady produkcyjne, Warsztaty naprawy maszyn, Gospodarstwa rolne, Energetyka i g\u00f3rnictwo, Produkcja maszyn, Fabryki maszyn<\/td>\n<\/tr>\n<tr>\n<th>Wydajno\u015b\u0107<\/th>\n<td>Niezawodna wydajno\u015b\u0107 i d\u0142ugotrwa\u0142a trwa\u0142o\u015b\u0107<\/td>\n<\/tr>\n<\/tbody>\n<\/table>\n<h2>Cechy hydraulicznego si\u0142ownika teleskopowego<\/h2>\n<p><img decoding=\"async\" src=\"https:\/\/hzpt.com\/wp-content\/uploads\/2023\/11\/Inverted-Telescopic-Cylinder-1.webp\" alt=\"\" title=\"\"><\/p>\n<p>1. <b>Funkcje standardowe:<\/b> Si\u0142ownik hydrauliczny ma standardowe cechy, takie jak konstrukcja cylindra t\u0142okowego, uk\u0142ad hydrauliczny i korpus wykonany ze stali.<\/p>\n<p>2. <b>Maksymalny ci\u0105g:<\/b> Si\u0142ownik hydrauliczny ma maksymaln\u0105 si\u0142\u0119 ci\u0105gu 3000.<\/p>\n<p>3. <b>Maksymalne przyci\u0105ganie:<\/b> Si\u0142ownik hydrauliczny ma maksymalny ud\u017awig 20 ton.<\/p>\n<p>4. <b>Orzecznictwo:<\/b> Produkt posiada certyfikat ISO9001:2000, co gwarantuje jego jako\u015b\u0107 i bezpiecze\u0144stwo.<\/p>\n<p>5. <b>Kolor:<\/b> Produkt ma elegancki i profesjonalny czarny kolor.<\/p>\n<h2>Zastosowania hydraulicznego si\u0142ownika teleskopowego<\/h2>\n<p>1. <b>Zak\u0142ady produkcyjne:<\/b> Si\u0142ownik hydrauliczny przeznaczony do stosowania w zak\u0142adach produkcyjnych.<\/p>\n<p>2. <b>Warsztaty naprawy maszyn:<\/b> Mo\u017cna go r\u00f3wnie\u017c stosowa\u0107 w warsztatach zajmuj\u0105cych si\u0119 napraw\u0105 maszyn.<\/p>\n<p>3. <b>Gospodarstwa:<\/b> Si\u0142ownik hydrauliczny ma zastosowanie w gospodarstwach rolnych.<\/p>\n<p>4. <b>Energia i g\u00f3rnictwo:<\/b> Mo\u017cna go stosowa\u0107 w energetyce i g\u00f3rnictwie.<\/p>\n<p>5. <b>Produkcja maszyn:<\/b> Si\u0142ownik hydrauliczny nadaje si\u0119 r\u00f3wnie\u017c do stosowania w produkcji maszyn.<\/p>\n<p><img decoding=\"async\" src=\"https:\/\/hzpt.com\/wp-content\/uploads\/2023\/11\/Inverted-Telescopic-Cylinder-Applications.webp\" alt=\"\" title=\"\"><\/p>\n<h2>Zasada dzia\u0142ania i konserwacja si\u0142ownika hydraulicznego si\u0142ownika teleskopowego<\/h2>\n<h3>Zasada dzia\u0142ania<\/h3>\n<p>1. <b>Konfiguracja:<\/b> Si\u0142ownik hydrauliczny ma konstrukcj\u0119 cylindra t\u0142okowego.<\/p>\n<p>2. <b>Wej\u015bcie p\u0142ynu hydraulicznego:<\/b> \u0179r\u00f3d\u0142o zasilania hydraulicznego steruje prac\u0105 cylindra.<\/p>\n<p>3. <b>Si\u0142a wyj\u015bciowa:<\/b> Si\u0142ownik hydrauliczny ma maksymaln\u0105 si\u0142\u0119 ci\u0105gu i uci\u0105gu wynosz\u0105c\u0105 odpowiednio 3000 i 20 ton.<\/p>\n<h3>Metody konserwacji<\/h3>\n<p>1. <b>Regularne kontrole:<\/b> Aby mie\u0107 pewno\u015b\u0107, \u017ce cylinder dzia\u0142a wydajnie, konieczne jest przeprowadzanie regularnych kontroli.<\/p>\n<p>2. <b>Czyszczenie:<\/b> Si\u0142ownik hydrauliczny nale\u017cy regularnie czy\u015bci\u0107, aby zapobiec gromadzeniu si\u0119 brudu i pozosta\u0142o\u015bci.<\/p>\n<p>3. <b>Smarowanie:<\/b> Regularne smarowanie zapewnia p\u0142ynn\u0105 prac\u0119 cylindra.<\/p>\n<p>4. <b>Regularne kontrole i naprawy:<\/b> Regularne kontrole i naprawy w razie potrzeby zapewniaj\u0105 d\u0142ugowieczno\u015b\u0107 produktu.<\/p>\n<p>5. <b>Wymiana uszczelki:<\/b> Aby zapewni\u0107 optymaln\u0105 wydajno\u015b\u0107, uszczelk\u0119 cylindra nale\u017cy wymienia\u0107 zgodnie z zaleceniami podanymi w instrukcji obs\u0142ugi.<\/p>\n<p><img decoding=\"async\" src=\"https:\/\/hzpt.com\/wp-content\/uploads\/2023\/11\/Inverted-Telescopic-Cylinder-20.webp\" alt=\"\" title=\"\"><\/p>\n<h2>Odwr\u00f3cony cylinder teleskopowy<\/h2>\n<p>Si\u0142ownik hydrauliczny to si\u0142ownik mechaniczny, kt\u00f3ry zapewnia si\u0142\u0119 jednokierunkow\u0105 poprzez jednokierunkowy skok. Odwr\u00f3cony si\u0142ownik teleskopowy, znany r\u00f3wnie\u017c jako odwr\u00f3cony si\u0142ownik hydrauliczny, to rodzaj si\u0142ownika hydraulicznego, w kt\u00f3rym zesp\u00f3\u0142 t\u0142oka i t\u0142oczyska jest zamontowany \u201edo g\u00f3ry nogami\u201d. Oznacza to, \u017ce t\u0142oczysko jest przymocowane do t\u0142oka i wystaje w d\u00f3\u0142 z korpusu cylindra, a nie w g\u00f3r\u0119.<\/p>\n<h3>Dostawa bezpo\u015brednio z fabryki, 4-stopniowy hydrauliczny si\u0142ownik teleskopowy do przyczep<\/h3>\n<p>Odwr\u00f3cony si\u0142ownik teleskopowy jest szeroko stosowany w r\u00f3\u017cnych ga\u0142\u0119ziach przemys\u0142u, w tym w budownictwie, rolnictwie, g\u00f3rnictwie i transporcie. Jednym z najpopularniejszych zastosowa\u0144 tego typu si\u0142ownika jest przemys\u0142 przyczep. Dostarczany bezpo\u015brednio z fabryki, 4-stopniowy hydrauliczny si\u0142ownik teleskopowy do przyczep jest doskona\u0142ym przyk\u0142adem praktycznego zastosowania tej technologii. Oto niekt\u00f3re z g\u0142\u00f3wnych cech i zalet tego si\u0142ownika hydraulicznego:<\/p>\n<h4>1. Czterostopniowa konstrukcja zapewniaj\u0105ca maksymalne wyd\u0142u\u017cenie<\/h4>\n<p>Czterostopniowa konstrukcja tego si\u0142ownika hydraulicznego umo\u017cliwia maksymalne wysuni\u0119cie, co jest niezb\u0119dne w wielu zastosowaniach z przyczepami. Taka konstrukcja stanowi r\u00f3wnie\u017c kompaktowe i wydajne rozwi\u0105zanie, idealne do instalacji o ograniczonej przestrzeni. Poszczeg\u00f3lne stopnie si\u0142ownika zosta\u0142y zaprojektowane tak, aby p\u0142ynnie ze sob\u0105 wsp\u00f3\u0142pracowa\u0107, zapewniaj\u0105c p\u0142ynn\u0105 i sp\u00f3jn\u0105 prac\u0119.<\/p>\n<h4>2. Wysokiej jako\u015bci materia\u0142y zapewniaj\u0105ce trwa\u0142o\u015b\u0107<\/h4>\n<p>Dostarczany bezpo\u015brednio z fabryki, 4-stopniowy teleskopowy si\u0142ownik hydrauliczny do przyczep jest wykonany z wysokiej jako\u015bci materia\u0142\u00f3w, w tym stali i chromowanych pr\u0119t\u00f3w. Gwarantuje to trwa\u0142o\u015b\u0107 i d\u0142ug\u0105 \u017cywotno\u015b\u0107 si\u0142ownika, nawet w trudnych warunkach pracy. Chromowane pr\u0119ty zapewniaj\u0105 r\u00f3wnie\u017c ochron\u0119 przed korozj\u0105 i zu\u017cyciem, co jest niezb\u0119dne do utrzymania wydajno\u015bci si\u0142ownika przez d\u0142ugi czas.<\/p>\n<h4>3. Precyzyjna in\u017cynieria dla niezawodnej wydajno\u015bci<\/h4>\n<p>Ten si\u0142ownik hydrauliczny zosta\u0142 precyzyjnie zaprojektowany, aby zapewni\u0107 niezawodn\u0105 i stabiln\u0105 prac\u0119. Zesp\u00f3\u0142 t\u0142oka i t\u0142oczyska jest obrabiany z zachowaniem \u015bcis\u0142ych tolerancji, co gwarantuje ich idealne dopasowanie i p\u0142ynn\u0105 prac\u0119. Uszczelnienia i \u0142o\u017cyska zosta\u0142y zaprojektowane tak, aby zapewni\u0107 d\u0142ugotrwa\u0142\u0105 wydajno\u015b\u0107, nawet przy du\u017cych obci\u0105\u017ceniach i cz\u0119stym u\u017cytkowaniu.<\/p>\n<h4>4. \u0141atwy w instalacji i konserwacji<\/h4>\n<p>Dostarczany bezpo\u015brednio z fabryki, 4-stopniowy hydrauliczny si\u0142ownik teleskopowy do przyczep zosta\u0142 zaprojektowany z my\u015bl\u0105 o \u0142atwym monta\u017cu i konserwacji. Si\u0142ownik jest dostarczany ze wszystkimi niezb\u0119dnymi elementami monta\u017cowymi, a proces instalacji jest prosty i nieskomplikowany. Si\u0142ownik jest r\u00f3wnie\u017c \u0142atwy w konserwacji, a g\u0142\u00f3wnym wymogiem s\u0105 regularne kontrole i smarowanie.<\/p>\n<p>Og\u00f3lnie rzecz bior\u0105c, odwr\u00f3cony si\u0142ownik teleskopowy to wysoce wydajna i wszechstronna technologia, wykorzystywana w szerokim zakresie zastosowa\u0144. Dostarczany bezpo\u015brednio z fabryki, 4-stopniowy hydrauliczny si\u0142ownik teleskopowy do przyczep to doskona\u0142y przyk\u0142ad tego, jak t\u0119 technologi\u0119 mo\u017cna wdro\u017cy\u0107 w praktyce, aby zapewni\u0107 wydajno\u015b\u0107 i niezawodno\u015b\u0107.<\/p>\n<h3>O firmie FMP \u2013 Profesjonalna sprzeda\u017c i serwis si\u0142ownik\u00f3w hydraulicznych<\/h3>\n<p>FMP to uznana firma z siedzib\u0105 we W\u0142oszech, specjalizuj\u0105ca si\u0119 w sprzeda\u017cy i serwisie cz\u0119\u015bci oraz kompletnych maszyn budowlanych. Dzi\u0119ki wieloletniemu do\u015bwiadczeniu w bran\u017cy i zespo\u0142owi wykwalifikowanych specjalist\u00f3w, zapewniamy naszym klientom wysokiej jako\u015bci i niezawodne si\u0142owniki hydrauliczne oraz kompletne rozwi\u0105zania maszynowe.<\/p>\n<p>Oto pi\u0119\u0107 powod\u00f3w, dla kt\u00f3rych warto wybra\u0107 FMP do produkcji cylindr\u00f3w hydraulicznych:<\/p>\n<p>1. Szeroka gama produkt\u00f3w: FMP oferuje szerok\u0105 gam\u0119 si\u0142ownik\u00f3w hydraulicznych, w tym si\u0142owniki z regulowanym wide\u0142kiem, takie jak <img decoding=\"async\" src=\"https:\/\/fmp-components.com\/wp-content\/uploads\/2024\/12\/Adjustable-Clevis-Type-Cylinders-6.webp\" alt=\"Regulowany cylinder typu wide\u0142kowego\" width=\"828\" title=\"\">, a tak\u017ce dr\u0105\u017cki kierownicze i cylindry spawane. Oferujemy r\u00f3wnie\u017c us\u0142ugi personalizacji, aby spe\u0142ni\u0107 specyficzne potrzeby klient\u00f3w.<\/p>\n<p>2. Cz\u0119\u015bci najwy\u017cszej jako\u015bci: Nawi\u0105zali\u015bmy d\u0142ugoterminow\u0105 i stabiln\u0105 wsp\u00f3\u0142prac\u0119 z wieloma wysokiej jako\u015bci dostawcami zar\u00f3wno krajowymi, jak i zagranicznymi, co gwarantuje, \u017ce wszystkie dostarczane cz\u0119\u015bci spe\u0142niaj\u0105 rygorystyczne standardy jako\u015bci.<\/p>\n<p>3. Do\u015bwiadczony zesp\u00f3\u0142 sprzeda\u017cy: Nasz zesp\u00f3\u0142 sprzeda\u017cy posiada wiedz\u0119 na temat trend\u00f3w rozwojowych i potrzeb klient\u00f3w w bran\u017cy maszyn budowlanych. Zapewniamy profesjonalne doradztwo produktowe i trafne sugestie zakupowe, aby pom\u00f3c Pa\u0144stwu dokona\u0107 najlepszego wyboru.<\/p>\n<p>4. Efektywna logistyka dystrybucji: Dysponujemy efektywnym systemem dystrybucji logistycznej, kt\u00f3ry gwarantuje, \u017ce klienci otrzymaj\u0105 potrzebne cz\u0119\u015bci na czas i w odpowiedni spos\u00f3b.<\/p>\n<p>5. Profesjonalny serwis posprzeda\u017cowy: FMP zapewnia profesjonalny serwis posprzeda\u017cowy, aby zagwarantowa\u0107 naszym klientom bezstresowe korzystanie z naszych produkt\u00f3w.<\/p>\n<p>Wybieraj\u0105c FMP jako dostawc\u0119 cylindr\u00f3w hydraulicznych, mo\u017cesz by\u0107 pewien wysokiej jako\u015bci produkt\u00f3w, profesjonalnej obs\u0142ugi i niezawodnego partnera w Twoim sukcesie. Skontaktuj si\u0119 z nami ju\u017c dzi\u015b, aby dowiedzie\u0107 si\u0119 wi\u0119cej o tym, jak mo\u017cemy pom\u00f3c Ci w zaspokojeniu Twoich potrzeb w zakresie cylindr\u00f3w hydraulicznych.<\/p>\n<p>Autor:CX<\/p>","protected":false},"excerpt":{"rendered":"<p>Factory Direct Supply offers a top-of-the-line 4 Stage Hydraulic Telescopic Ram Cylinder for Trailer that is a reliable and durable solution for heavy-duty applications. This cylinder is designed to operate smoothly and efficiently, providing consistent performance even under high pressure. Constructed from high-quality materials, the 4 Stage Hydraulic Telescopic Ram Cylinder for Trailer is built [&hellip;]<\/p>","protected":false},"featured_media":1654,"comment_status":"closed","ping_status":"closed","template":"","meta":{"_et_pb_use_builder":"","_et_pb_old_content":"","_et_gb_content_width":""},"product_brand":[],"product_cat":[45],"product_tag":[34,48],"class_list":{"0":"post-1653","1":"product","2":"type-product","3":"status-publish","4":"has-post-thumbnail","6":"product_cat-inverted-telescopic-cylinder","7":"product_tag-hydraulic-cylinder","8":"product_tag-inverted-telescopic-cylinder","10":"first","11":"instock","12":"product-type-simple"},"_links":{"self":[{"href":"https:\/\/fmp-components.com\/pl\/wp-json\/wp\/v2\/product\/1653","targetHints":{"allow":["GET"]}}],"collection":[{"href":"https:\/\/fmp-components.com\/pl\/wp-json\/wp\/v2\/product"}],"about":[{"href":"https:\/\/fmp-components.com\/pl\/wp-json\/wp\/v2\/types\/product"}],"replies":[{"embeddable":true,"href":"https:\/\/fmp-components.com\/pl\/wp-json\/wp\/v2\/comments?post=1653"}],"wp:featuredmedia":[{"embeddable":true,"href":"https:\/\/fmp-components.com\/pl\/wp-json\/wp\/v2\/media\/1654"}],"wp:attachment":[{"href":"https:\/\/fmp-components.com\/pl\/wp-json\/wp\/v2\/media?parent=1653"}],"wp:term":[{"taxonomy":"product_brand","embeddable":true,"href":"https:\/\/fmp-components.com\/pl\/wp-json\/wp\/v2\/product_brand?post=1653"},{"taxonomy":"product_cat","embeddable":true,"href":"https:\/\/fmp-components.com\/pl\/wp-json\/wp\/v2\/product_cat?post=1653"},{"taxonomy":"product_tag","embeddable":true,"href":"https:\/\/fmp-components.com\/pl\/wp-json\/wp\/v2\/product_tag?post=1653"}],"curies":[{"name":"wp","href":"https:\/\/api.w.org\/{rel}","templated":true}]}}