{"id":1651,"date":"2024-12-23T07:00:44","date_gmt":"2024-12-23T07:00:44","guid":{"rendered":"https:\/\/fmp-components.com\/product\/low-price-10-ton-4-stage-hydraulic-telescopic-ram-cylinder\/"},"modified":"2025-03-11T06:10:58","modified_gmt":"2025-03-11T06:10:58","slug":"low-price-10-ton-4-stage-hydraulic-telescopic-ram-cylinder","status":"publish","type":"product","link":"https:\/\/fmp-components.com\/pl\/product\/low-price-10-ton-4-stage-hydraulic-telescopic-ram-cylinder\/","title":{"rendered":"Niska cena 10-tonowego 4-stopniowego hydraulicznego si\u0142ownika teleskopowego"},"content":{"rendered":"<h2>Przedstawiamy tani 10-tonowy, 4-stopniowy hydrauliczny si\u0142ownik teleskopowy:<\/h2>\n<p>Niedrogi, 10-tonowy, 4-stopniowy hydrauliczny si\u0142ownik teleskopowy to niezwykle wszechstronny i trwa\u0142y produkt, zaprojektowany z my\u015bl\u0105 o spe\u0142nieniu wymagaj\u0105cych potrzeb r\u00f3\u017cnych bran\u017c. Dzi\u0119ki zaawansowanej technologii hydraulicznej si\u0142ownik ten oferuje wyj\u0105tkow\u0105 wydajno\u015b\u0107 i efektywno\u015b\u0107.<\/p>\n<p>Dzi\u0119ki ud\u017awigowi 10 ton ten si\u0142ownik hydrauliczny z \u0142atwo\u015bci\u0105 radzi sobie z du\u017cymi obci\u0105\u017ceniami. 4-stopniowa konstrukcja teleskopowa zwi\u0119ksza ca\u0142kowit\u0105 d\u0142ugo\u015b\u0107 skoku, zapewniaj\u0105c wi\u0119ksz\u0105 elastyczno\u015b\u0107 i zasi\u0119g. Oznacza to, \u017ce mo\u017cna wykonywa\u0107 precyzyjne i kontrolowane ruchy, nawet w ciasnych przestrzeniach.<\/p>\n<p>Jedn\u0105 z kluczowych zalet tego si\u0142ownika hydraulicznego jest jego niska cena. Pomimo wysokiej jako\u015bci wykonania i niezawodnej pracy, jest on dost\u0119pny w konkurencyjnej cenie, co czyni go doskona\u0142ym wyborem dla klient\u00f3w dbaj\u0105cych o bud\u017cet.<\/p>\n<p>Niedrogi, 10-tonowy, 4-stopniowy hydrauliczny si\u0142ownik teleskopowy zosta\u0142 zaprojektowany tak, aby wytrzyma\u0107 intensywne u\u017cytkowanie i trudne warunki pracy. Wykonany jest z wytrzyma\u0142ych materia\u0142\u00f3w, kt\u00f3re zapewniaj\u0105 d\u0142ugowieczno\u015b\u0107 i trwa\u0142o\u015b\u0107. Oznacza to, \u017ce mo\u017cesz polega\u0107 na tym si\u0142owniku przez lata, zmniejszaj\u0105c potrzeb\u0119 cz\u0119stych wymian i konserwacji.<\/p>\n<p>Co wi\u0119cej, ten si\u0142ownik hydrauliczny jest \u0142atwy w monta\u017cu i obs\u0142udze. Dostarczany jest z przejrzyst\u0105 instrukcj\u0105 i mo\u017cna go bezproblemowo zintegrowa\u0107 z istniej\u0105cymi systemami. Jego przyjazna dla u\u017cytkownika konstrukcja umo\u017cliwia wygodn\u0105 konserwacj\u0119 i rozwi\u0105zywanie problem\u00f3w, minimalizuj\u0105c przestoje i maksymalizuj\u0105c wydajno\u015b\u0107.<\/p>\n<table style=\"width: 100%;\" border=\"1\" width=\"100%\" cellspacing=\"0\" cellpadding=\"0\">\n<tbody>\n<tr>\n<th>Nazwa produktu<\/th>\n<td>Niska cena 10-tonowego 4-stopniowego hydraulicznego si\u0142ownika teleskopowego<\/td>\n<\/tr>\n<tr>\n<th>Stan<\/th>\n<td>Nowy<\/td>\n<\/tr>\n<tr>\n<th>Waga (kg)<\/th>\n<td>50<\/td>\n<\/tr>\n<tr>\n<th>Maksymalny ci\u0105g<\/th>\n<td>3000<\/td>\n<\/tr>\n<tr>\n<th>Maksymalne poci\u0105gni\u0119cie<\/th>\n<td>20 ton<\/td>\n<\/tr>\n<tr>\n<th>Materia\u0142 korpusu<\/th>\n<td>Wytrzyma\u0142a stal<\/td>\n<\/tr>\n<tr>\n<th>\u0179r\u00f3d\u0142o zasilania<\/th>\n<td>Hydrauliczny<\/td>\n<\/tr>\n<tr>\n<th>Projekt<\/th>\n<td>4-stopniowy teleskopowy ze standardowym cylindrem t\u0142okowym<\/td>\n<\/tr>\n<tr>\n<th>Orzecznictwo<\/th>\n<td>Certyfikat ISO9001:2000<\/td>\n<\/tr>\n<tr>\n<th>Zastosowane bran\u017ce<\/th>\n<td>Zak\u0142ady produkcyjne, warsztaty naprawy maszyn, gospodarstwa rolne, energetyka i g\u00f3rnictwo itp.<\/td>\n<\/tr>\n<tr>\n<th>Wydajno\u015b\u0107<\/th>\n<td>Ekonomiczne i niezawodne rozwi\u0105zanie do precyzyjnych system\u00f3w hydraulicznych<\/td>\n<\/tr>\n<\/tbody>\n<\/table>\n<h2>Cechy hydraulicznego si\u0142ownika teleskopowego<\/h2>\n<p>Si\u0142ownik hydrauliczny teleskopowy wyposa\u017cony jest w kilka godnych uwagi cech:<\/p>\n<p><img decoding=\"async\" src=\"https:\/\/hzpt.com\/wp-content\/uploads\/2023\/11\/Inverted-Telescopic-Cylinder-8.webp\" alt=\"\" title=\"\"><\/p>\n<ol>\n<li>Cylinder ma standardowe wymiary, co zapewnia kompatybilno\u015b\u0107 z szerok\u0105 gam\u0105 maszyn.<\/li>\n<li>Posiada konstrukcj\u0119 t\u0142okowo-cylindrow\u0105 zapewniaj\u0105c\u0105 wydajn\u0105 i niezawodn\u0105 prac\u0119.<\/li>\n<li>Jego hydrauliczne \u017ar\u00f3d\u0142o zasilania zapewnia solidn\u0105 i stabiln\u0105 prac\u0119.<\/li>\n<li>Materia\u0142 korpusu wykonany jest ze stali, co gwarantuje trwa\u0142o\u015b\u0107 i wytrzyma\u0142o\u015b\u0107.<\/li>\n<li>Si\u0142ownik zapewnia maksymaln\u0105 si\u0142\u0119 ci\u0105gu 3000 i maksymaln\u0105 si\u0142\u0119 uci\u0105gu 20 ton, dzi\u0119ki czemu nadaje si\u0119 do ci\u0119\u017ckich operacji.<\/li>\n<\/ol>\n<h2>Zastosowania hydraulicznego si\u0142ownika teleskopowego<\/h2>\n<p>Ten wszechstronny hydrauliczny si\u0142ownik teleskopowy znajduje zastosowanie w r\u00f3\u017cnych ga\u0142\u0119ziach przemys\u0142u:<\/p>\n<ol>\n<li>Zak\u0142ady produkcyjne: Do monta\u017cu i obs\u0142ugi ci\u0119\u017ckich maszyn.<\/li>\n<li>Warsztaty naprawy maszyn: Do prac konserwacyjnych i naprawczych wymagaj\u0105cych podnoszenia ci\u0119\u017ckich przedmiot\u00f3w.<\/li>\n<li>Gospodarstwa rolne: Do obs\u0142ugi maszyn i urz\u0105dze\u0144 rolniczych.<\/li>\n<li>Energetyka i g\u00f3rnictwo: Stosowany w ci\u0119\u017ckim sprz\u0119cie g\u00f3rniczym i maszynach do wytwarzania energii.<\/li>\n<li>Produkcja maszyn: Nieod\u0142\u0105czna cz\u0119\u015b\u0107 produkcji r\u00f3\u017cnorodnych maszyn.<\/li>\n<\/ol>\n<p><img decoding=\"async\" src=\"https:\/\/hzpt.com\/wp-content\/uploads\/2023\/11\/Inverted-Telescopic-Cylinder-Applications.webp\" alt=\"Zastosowania hydraulicznego si\u0142ownika teleskopowego\" title=\"\"><\/p>\n<h2>Zasada dzia\u0142ania i konserwacja si\u0142ownika hydraulicznego si\u0142ownika teleskopowego<\/h2>\n<p>Si\u0142ownik hydrauliczny si\u0142ownika teleskopowego dzia\u0142a poprzez dop\u0142yw p\u0142ynu hydraulicznego, kt\u00f3ry wytwarza si\u0142\u0119 wyj\u015bciow\u0105. Konfiguracja cylindra wraz z dynamik\u0105 p\u0142ynu generuje niezb\u0119dny ruch mechaniczny. Regularna konserwacja obejmuje kontrol\u0119, czyszczenie, smarowanie i wymian\u0119 uszczelnie\u0144. Przestrzeganie instrukcji obs\u0142ugi jest niezb\u0119dne dla zapewnienia d\u0142ugiej \u017cywotno\u015bci podzespo\u0142u.<\/p>\n<p><img decoding=\"async\" src=\"https:\/\/hzpt.com\/wp-content\/uploads\/2023\/11\/Inverted-Telescopic-Cylinder-21.webp\" alt=\"\" title=\"\"><\/p>\n<h2>Odwr\u00f3cony cylinder teleskopowy<\/h2>\n<p>Odwr\u00f3cony cylinder teleskopowy, znany r\u00f3wnie\u017c jako cylinder teleskopowy jednostronnego dzia\u0142ania, to cylinder hydrauliczny sk\u0142adaj\u0105cy si\u0119 z kilku zagnie\u017cd\u017conych stopni o r\u00f3\u017cnych \u015brednicach. Cylinder jest zaprojektowany tak, aby wysuwa\u0142 si\u0119 i wsuwa\u0142 pod wp\u0142ywem ci\u015bnienia p\u0142ynu hydraulicznego. Odwr\u00f3cony cylinder teleskopowy jest powszechnie stosowany w zastosowaniach wymagaj\u0105cych du\u017cej wytrzyma\u0142o\u015bci, takich jak sprz\u0119t budowlany, maszyny g\u00f3rnicze i maszyny przemys\u0142owe.<\/p>\n<h3>Kluczowe cechy<\/h3>\n<ul>\n<li><b>Pojedynczego dzia\u0142ania:<\/b> Odwr\u00f3cony cylinder teleskopowy jest cylindrem jednostronnego dzia\u0142ania, co oznacza, \u017ce \u200b\u200bmo\u017ce wywiera\u0107 si\u0142\u0119 tylko w jednym kierunku (wysuwa\u0107 lub wsuwa\u0107) i polega na si\u0142ach zewn\u0119trznych, aby powr\u00f3ci\u0107 do pierwotnego po\u0142o\u017cenia.<\/li>\n<li><b>Wiele etap\u00f3w:<\/b> Cylinder sk\u0142ada si\u0119 z kilku zagnie\u017cd\u017conych stopni o r\u00f3\u017cnych \u015brednicach, co pozwala na uzyskanie d\u0142ugiego skoku przy zachowaniu zwartej konstrukcji.<\/li>\n<li><b>Odwr\u00f3cony projekt:<\/b> T\u0142oczysko jest przymocowane do najwi\u0119kszego stopnia cylindra, a mniejsze stopnie s\u0105 w nim zagnie\u017cd\u017cone. Ta odwr\u00f3cona konstrukcja pozwala na bardziej efektywne wykorzystanie przestrzeni i wi\u0119ksz\u0105 stabilno\u015b\u0107 cylindra.<\/li>\n<li><b>Sterowanie hydrauliczne:<\/b> Si\u0142ownik jest sterowany za pomoc\u0105 spr\u0119\u017conego p\u0142ynu hydraulicznego, kt\u00f3ry dostaje si\u0119 przez otw\u00f3r u podstawy cylindra i wytwarza ci\u015bnienie, aby poruszy\u0107 cylinder w po\u017c\u0105danym kierunku.<\/li>\n<\/ul>\n<h3>Aplikacje<\/h3>\n<p>Odwr\u00f3cony cylinder teleskopowy jest powszechnie stosowany w zastosowaniach wymagaj\u0105cych du\u017cej wytrzyma\u0142o\u015bci, gdzie wymagany jest du\u017cy skok i kompaktowa konstrukcja. Niekt\u00f3re typowe zastosowania obejmuj\u0105:<\/p>\n<ul>\n<li>Sprz\u0119t budowlany, taki jak koparki i koparko-\u0142adowarki<\/li>\n<li>Maszyny g\u00f3rnicze, takie jak \u0142adowarki i wozy wydobywcze<\/li>\n<li>Maszyny przemys\u0142owe, takie jak prasy hydrauliczne i wtryskarki<\/li>\n<\/ul>\n<p>Przyk\u0142adem odwr\u00f3conego cylindra teleskopowego jest tani, 10-tonowy, 4-stopniowy hydrauliczny si\u0142ownik teleskopowy. Ten si\u0142ownik zosta\u0142 zaprojektowany do u\u017cytku w r\u00f3\u017cnych zastosowaniach wymagaj\u0105cych du\u017cej wytrzyma\u0142o\u015bci i charakteryzuje si\u0119 kompaktow\u0105 konstrukcj\u0105 oraz d\u0142ugim skokiem. Jest wykonany z wysokiej jako\u015bci materia\u0142\u00f3w i skonstruowany tak, aby wytrzyma\u0107 trudy intensywnego u\u017cytkowania.<\/p>\n<p>Odwr\u00f3cony si\u0142ownik teleskopowy jest wa\u017cnym elementem w wielu zastosowaniach wymagaj\u0105cych du\u017cej wytrzyma\u0142o\u015bci. Jego unikalna konstrukcja pozwala na uzyskanie du\u017cego skoku przy zachowaniu kompaktowych rozmiar\u00f3w, co czyni go idealnym wyborem do zastosowa\u0144 w ograniczonej przestrzeni. Niezale\u017cnie od tego, czy pracujesz w budownictwie, g\u00f3rnictwie, czy w maszynach przemys\u0142owych, odwr\u00f3cony si\u0142ownik teleskopowy to niezawodny i wydajny wyb\u00f3r, kt\u00f3ry spe\u0142ni Twoje potrzeby w zakresie si\u0142ownik\u00f3w hydraulicznych.<\/p>\n<h3>O FMP<\/h3>\n<p>FMP to firma specjalizuj\u0105ca si\u0119 w produkcji i sprzeda\u017cy cylindr\u00f3w hydraulicznych. Z siedzib\u0105 we W\u0142oszech, posiadamy wieloletnie do\u015bwiadczenie w bran\u017cy i profesjonalny zesp\u00f3\u0142, kt\u00f3ry dba o dostarczanie klientom wysokiej jako\u015bci i niezawodnych rozwi\u0105za\u0144 w zakresie cylindr\u00f3w hydraulicznych.<\/p>\n<p><img decoding=\"async\" src=\"https:\/\/fmp-components.com\/wp-content\/uploads\/2024\/12\/Adjustable-Clevis-Type-Cylinders-6.webp\" alt=\"Regulowany cylinder typu wide\u0142kowego\" width=\"827\" title=\"\"><\/p>\n<h4>Nasze produkty i zalety firmy:<\/h4>\n<ol>\n<li>Szeroka gama si\u0142ownik\u00f3w hydraulicznych: Oferujemy szerok\u0105 gam\u0119 si\u0142ownik\u00f3w hydraulicznych, w tym si\u0142owniki z regulowanym wide\u0142kiem, si\u0142owniki teleskopowe, si\u0142owniki z dr\u0105\u017ckiem kierowniczym i wiele innych. Nasz bogaty asortyment gwarantuje, \u017ce mamy odpowiedni si\u0142ownik do r\u00f3\u017cnych zastosowa\u0144.<\/li>\n<li>Wysoka jako\u015b\u0107 wykonania: Nasze cylindry hydrauliczne s\u0105 produkowane z najwy\u017cszej jako\u015bci materia\u0142\u00f3w i przy u\u017cyciu zaawansowanych technik produkcji. Gwarantuje to ich trwa\u0142o\u015b\u0107, niezawodno\u015b\u0107 i d\u0142ug\u0105 \u017cywotno\u015b\u0107, nawet w trudnych warunkach pracy.<\/li>\n<li>\u015acis\u0142a kontrola jako\u015bci: W FMP nawi\u0105zali\u015bmy d\u0142ugotrwa\u0142e i stabilne relacje z dostawcami wysokiej jako\u015bci. Dok\u0142adnie sprawdzamy i testujemy wszystkie dostarczane cz\u0119\u015bci, aby upewni\u0107 si\u0119, \u017ce spe\u0142niaj\u0105 nasze surowe standardy jako\u015bci. To gwarantuje, \u017ce nasze si\u0142owniki hydrauliczne niezmiennie zapewniaj\u0105 doskona\u0142\u0105 wydajno\u015b\u0107.<\/li>\n<li>Zesp\u00f3\u0142 ekspert\u00f3w ds. sprzeda\u017cy: Nasz do\u015bwiadczony i wykwalifikowany zesp\u00f3\u0142 sprzeda\u017cy doskonale orientuje si\u0119 w trendach rozwojowych i potrzebach klient\u00f3w bran\u017cy maszyn budowlanych. Zapewniamy profesjonalne doradztwo produktowe i trafne sugestie zakupowe, dzi\u0119ki czemu nasi klienci mog\u0105 podejmowa\u0107 \u015bwiadome decyzje.<\/li>\n<li>Efektywna dystrybucja logistyczna: Dysponujemy efektywnym systemem dystrybucji logistycznej, kt\u00f3ry gwarantuje terminow\u0105 i precyzyjn\u0105 dostaw\u0119 naszych cylindr\u00f3w hydraulicznych. Klienci mog\u0105 liczy\u0107 na nasz\u0105 szybk\u0105 i bezproblemow\u0105 obs\u0142ug\u0119, co pozwala im zminimalizowa\u0107 przestoje i zmaksymalizowa\u0107 wydajno\u015b\u0107.<\/li>\n<\/ol>\n<p>Wybierz FMP jako zaufanego partnera w zakresie wszystkich potrzeb zwi\u0105zanych z si\u0142ownikami hydraulicznymi. Dzi\u0119ki naszej szerokiej ofercie wysokiej jako\u015bci produkt\u00f3w, \u015bcis\u0142ej kontroli jako\u015bci, kompetentnemu zespo\u0142owi sprzeda\u017cy i sprawnej logistyce, jeste\u015bmy gotowi pom\u00f3c Ci osi\u0105gn\u0105\u0107 sukces w Twoich projektach zwi\u0105zanych z maszynami budowlanymi.<\/p>\n<p>Autor:CX<\/p>","protected":false},"excerpt":{"rendered":"<p>Introducing the Low Price 10 Ton 4 Stage Hydraulic Telescopic Ram Cylinder: The Low Price 10 Ton 4 Stage Hydraulic Telescopic Ram Cylinder is a highly versatile and durable product designed to meet the demanding needs of various industries. With its advanced hydraulic technology, this cylinder offers exceptional performance and efficiency. Featuring a 10-ton capacity, [&hellip;]<\/p>","protected":false},"featured_media":1652,"comment_status":"closed","ping_status":"closed","template":"","meta":{"_et_pb_use_builder":"","_et_pb_old_content":"","_et_gb_content_width":""},"product_brand":[],"product_cat":[45],"product_tag":[34,48],"class_list":{"0":"post-1651","1":"product","2":"type-product","3":"status-publish","4":"has-post-thumbnail","6":"product_cat-inverted-telescopic-cylinder","7":"product_tag-hydraulic-cylinder","8":"product_tag-inverted-telescopic-cylinder","10":"first","11":"instock","12":"product-type-simple"},"_links":{"self":[{"href":"https:\/\/fmp-components.com\/pl\/wp-json\/wp\/v2\/product\/1651","targetHints":{"allow":["GET"]}}],"collection":[{"href":"https:\/\/fmp-components.com\/pl\/wp-json\/wp\/v2\/product"}],"about":[{"href":"https:\/\/fmp-components.com\/pl\/wp-json\/wp\/v2\/types\/product"}],"replies":[{"embeddable":true,"href":"https:\/\/fmp-components.com\/pl\/wp-json\/wp\/v2\/comments?post=1651"}],"wp:featuredmedia":[{"embeddable":true,"href":"https:\/\/fmp-components.com\/pl\/wp-json\/wp\/v2\/media\/1652"}],"wp:attachment":[{"href":"https:\/\/fmp-components.com\/pl\/wp-json\/wp\/v2\/media?parent=1651"}],"wp:term":[{"taxonomy":"product_brand","embeddable":true,"href":"https:\/\/fmp-components.com\/pl\/wp-json\/wp\/v2\/product_brand?post=1651"},{"taxonomy":"product_cat","embeddable":true,"href":"https:\/\/fmp-components.com\/pl\/wp-json\/wp\/v2\/product_cat?post=1651"},{"taxonomy":"product_tag","embeddable":true,"href":"https:\/\/fmp-components.com\/pl\/wp-json\/wp\/v2\/product_tag?post=1651"}],"curies":[{"name":"wp","href":"https:\/\/api.w.org\/{rel}","templated":true}]}}