{"id":1649,"date":"2024-12-23T07:00:44","date_gmt":"2024-12-23T07:00:44","guid":{"rendered":"https:\/\/fmp-components.com\/product\/quality-assurance-trailer-dump-truck-telescope-hydraulic-cylinder\/"},"modified":"2025-03-11T06:10:45","modified_gmt":"2025-03-11T06:10:45","slug":"quality-assurance-trailer-dump-truck-telescope-hydraulic-cylinder","status":"publish","type":"product","link":"https:\/\/fmp-components.com\/pl\/product\/quality-assurance-trailer-dump-truck-telescope-hydraulic-cylinder\/","title":{"rendered":"Zapewnienie jako\u015bci Przyczepa Wywrotka Teleskop Si\u0142ownik hydrauliczny"},"content":{"rendered":"<p>Teleskopowy si\u0142ownik hydrauliczny do przyczep i wywrotek to najnowocze\u015bniejszy produkt, kt\u00f3ry gwarantuje doskona\u0142\u0105 wydajno\u015b\u0107 i niezawodno\u015b\u0107. Produkt zosta\u0142 starannie zaprojektowany i przetestowany, aby spe\u0142nia\u0107 najbardziej rygorystyczne standardy jako\u015bci w bran\u017cy.<\/p>\n<p>Jedn\u0105 z kluczowych cech tego si\u0142ownika hydraulicznego jest mo\u017cliwo\u015b\u0107 p\u0142ynnego i wydajnego wysuwania i chowania. Teleskopowa konstrukcja pozwala na maksymalne wysuni\u0119cie si\u0142ownika przy jednoczesnym zachowaniu stabilno\u015bci i kontroli, co czyni go idealnym do stosowania w przyczepach wywrotek.<\/p>\n<p>Opr\u00f3cz wyj\u0105tkowej wydajno\u015bci, ten produkt jest r\u00f3wnie\u017c trwa\u0142y. Jego trwa\u0142a konstrukcja i wysokiej jako\u015bci materia\u0142y gwarantuj\u0105, \u017ce wytrzyma nawet najtrudniejsze warunki pracy i b\u0119dzie dzia\u0142a\u0142 bez zarzutu przez wiele lat.<\/p>\n<p>Je\u015bli chodzi o jako\u015b\u0107 i wydajno\u015b\u0107, teleskopowy si\u0142ownik hydrauliczny do wywrotki Quality Assurance Trailer Dump Truck nie ma sobie r\u00f3wnych. Niezale\u017cnie od tego, czy szukasz niezawodnego i wydajnego rozwi\u0105zania do swojej wywrotki, czy po prostu najlepszego si\u0142ownika hydraulicznego na rynku, ten produkt b\u0119dzie idealnym wyborem.<\/p>\n<div>\n<h2>Przedstawiamy nasz najwy\u017cszej klasy teleskopowy si\u0142ownik hydrauliczny do wywrotek przyczepowych<\/h2>\n<p>Nasz nowy teleskopowy si\u0142ownik hydrauliczny do wywrotek z przyczep\u0105 jest obj\u0119ty roczn\u0105 gwarancj\u0105 i zosta\u0142 zaprojektowany z my\u015bl\u0105 o zapewnieniu jako\u015bci. Jest to standardowy si\u0142ownik t\u0142okowy z nap\u0119dem hydraulicznym, idealny do stosowania w r\u00f3\u017cnych ga\u0142\u0119ziach przemys\u0142u ci\u0119\u017ckiego, w tym w zak\u0142adach produkcyjnych, warsztatach naprawy maszyn, gospodarstwach rolnych, energetyce i g\u00f3rnictwie oraz fabrykach maszyn. Jego solidna stalowa obudowa wytrzymuje maksymalny nacisk 3000 i maksymalny uci\u0105g 20 ton, co czyni go niezb\u0119dnym elementem ci\u0119\u017ckiego sprz\u0119tu. Ten si\u0142ownik hydrauliczny jest cz\u0119\u015bci\u0105 naszej nowej linii produkt\u00f3w na rok 2023.<\/p>\n<h2>Cechy naszego teleskopowego cylindra hydraulicznego do wywrotki<\/h2>\n<p>Standardowa konstrukcja cylindra t\u0142okowego: Nasz cylinder hydrauliczny zosta\u0142 zaprojektowany zgodnie ze standardowymi specyfikacjami, co zapewnia bezproblemow\u0105 integracj\u0119 z r\u00f3\u017cnymi typami maszyn.<\/p>\n<ol>\n<li style=\"list-style-type: none;\">\n<ol>\n<li>Si\u0142a hydrauliczna: Wykorzystuje si\u0142\u0119 hydrauliczn\u0105, zapewniaj\u0105c wydajn\u0105 i niezawodn\u0105 moc.<\/li>\n<li>Trwa\u0142a obudowa stalowa: Nasz cylinder hydrauliczny posiada wytrzyma\u0142\u0105 obudow\u0119 stalow\u0105, co zapewnia maksymaln\u0105 trwa\u0142o\u015b\u0107 i d\u0142ugowieczno\u015b\u0107.<\/li>\n<li>Cylindry teleskopowe odwr\u00f3cone: Nasz cylinder hydrauliczny zosta\u0142 zaprojektowany z my\u015bl\u0105 o maksymalnej wszechstronno\u015bci i wydajno\u015bci dzia\u0142ania.<\/li>\n<li>Certyfikat ISO9001:2000: Produkt spe\u0142nia wymagania certyfikatu ISO9001:2000, co gwarantuje jako\u015b\u0107 i niezawodno\u015b\u0107.<\/li>\n<\/ol>\n<\/li>\n<\/ol>\n<p><img decoding=\"async\" src=\"https:\/\/hzpt.com\/wp-content\/uploads\/2023\/11\/Inverted-Telescopic-Cylinder-24.webp\" alt=\"\" title=\"\"><\/p>\n<h2>Zastosowania naszego teleskopowego si\u0142ownika hydraulicznego do wywrotek przyczepowych<\/h2>\n<ol>\n<li>Zak\u0142ady produkcyjne: Nasze si\u0142owniki hydrauliczne mo\u017cna integrowa\u0107 z r\u00f3\u017cnymi maszynami w r\u00f3\u017cnych procesach produkcyjnych.<\/li>\n<li>Warsztaty naprawy maszyn: S\u0105 niezb\u0119dne do napraw i konserwacji r\u00f3\u017cnych typ\u00f3w maszyn.<\/li>\n<li>Gospodarstwa rolne: Nasz si\u0142ownik hydrauliczny idealnie nadaje si\u0119 do stosowania w ci\u0119\u017ckich maszynach rolniczych.<\/li>\n<li>Energetyka i g\u00f3rnictwo: Mo\u017cna go stosowa\u0107 w maszynach wykorzystywanych w produkcji energii i operacjach g\u00f3rniczych.<\/li>\n<li>Produkcja maszyn: Nasze si\u0142owniki hydrauliczne stanowi\u0105 kluczowy element w produkcji r\u00f3\u017cnego rodzaju maszyn.<\/li>\n<\/ol>\n<p><img decoding=\"async\" src=\"https:\/\/hzpt.com\/wp-content\/uploads\/2023\/11\/Inverted-Telescopic-Cylinder-Applications.webp\" alt=\"Zastosowania odwr\u00f3conego cylindra teleskopowego\" title=\"\"><\/p>\n<h2>Zasada dzia\u0142ania i konserwacja naszego cylindra hydraulicznego<\/h2>\n<p>Nasz si\u0142ownik hydrauliczny dzia\u0142a na zasadzie multiplikacji si\u0142y poprzez ci\u015bnienie p\u0142ynu hydraulicznego. Ci\u015bnienie wywierane przez p\u0142yn hydrauliczny wewn\u0105trz si\u0142ownika wytwarza si\u0142\u0119, kt\u00f3ra porusza t\u0142ok, generuj\u0105c w ten spos\u00f3b pot\u0119\u017cn\u0105 si\u0142\u0119 ci\u0105gu. Konserwacja naszego si\u0142ownika hydraulicznego obejmuje regularne kontrole, czyszczenie, smarowanie, przegl\u0105dy i naprawy, wymian\u0119 uszczelnie\u0144 oraz przestrzeganie instrukcji obs\u0142ugi.<\/p>\n<p><img decoding=\"async\" src=\"https:\/\/hzpt.com\/wp-content\/uploads\/2023\/11\/Inverted-Telescopic-Cylinder-15.webp\" alt=\"\" title=\"\"><\/p>\n<\/div>\n<h2>Odwr\u00f3cony cylinder teleskopowy<\/h2>\n<p>Si\u0142ownik hydrauliczny teleskopowy do przyczep i wywrotek to innowacyjny i wszechstronny element hydrauliczny, kt\u00f3ry odgrywa kluczow\u0105 rol\u0119 w r\u00f3\u017cnych bran\u017cach, takich jak budownictwo, transport i produkcja. Dzi\u0119ki unikalnej konstrukcji i zaawansowanym funkcjom oferuje wyj\u0105tkow\u0105 wydajno\u015b\u0107 i niezawodno\u015b\u0107 w szerokim zakresie zastosowa\u0144.<\/p>\n<h3>1. Projekt i funkcjonalno\u015b\u0107<\/h3>\n<p>Odwr\u00f3cony cylinder teleskopowy zosta\u0142 specjalnie zaprojektowany, aby zapewni\u0107 zwi\u0119kszon\u0105 stabilno\u015b\u0107 i ud\u017awig. Jego konstrukcja sk\u0142ada si\u0119 z wielu stopni teleskopowych, gdzie ka\u017cdy stopie\u0144 jest zagnie\u017cd\u017cony w poprzednim. Takie rozwi\u0105zanie pozwala na kompaktowe wsuwanie i wyd\u0142u\u017cenie skoku, dzi\u0119ki czemu idealnie nadaje si\u0119 do zastosowa\u0144 wymagaj\u0105cych zar\u00f3wno podnoszenia, jak i si\u0119gania.<\/p>\n<p>Sercem tego si\u0142ownika hydraulicznego jest wysokiej jako\u015bci t\u0142ok, uszczelki i p\u0142yn hydrauliczny, kt\u00f3re wsp\u00f3\u0142pracuj\u0105 ze sob\u0105, generuj\u0105c si\u0142\u0119 niezb\u0119dn\u0105 do podnoszenia du\u017cych ci\u0119\u017car\u00f3w. Odwr\u00f3cona konstrukcja zapewnia ochron\u0119 si\u0142ownika przed czynnikami zewn\u0119trznymi, takimi jak kurz, zanieczyszczenia i potencjalne uszkodzenia, zapewniaj\u0105c optymaln\u0105 wydajno\u015b\u0107 i trwa\u0142o\u015b\u0107.<\/p>\n<h3>2. Wy\u017csza wydajno\u015b\u0107<\/h3>\n<p>Jedn\u0105 z kluczowych zalet odwr\u00f3conego cylindra teleskopowego jest jego wyj\u0105tkowa zdolno\u015b\u0107 do podnoszenia przy minimalnym wysi\u0142ku. Zagnie\u017cd\u017cona konstrukcja i zaawansowany uk\u0142ad hydrauliczny umo\u017cliwiaj\u0105 efektywne przenoszenie si\u0142y, gwarantuj\u0105c p\u0142ynn\u0105 i precyzyjn\u0105 prac\u0119. Ten cylinder z \u0142atwo\u015bci\u0105 radzi sobie z du\u017cymi obci\u0105\u017ceniami, co czyni go popularnym wyborem w zastosowaniach wymagaj\u0105cych niezawodnego i mocnego podnoszenia.<\/p>\n<p>Co wi\u0119cej, odwr\u00f3cony si\u0142ownik teleskopowy zapewnia doskona\u0142\u0105 stabilno\u015b\u0107 i kontrol\u0119 podczas pracy. Jego unikalna konstrukcja minimalizuje ruchy boczne, zmniejszaj\u0105c ryzyko przesuni\u0119cia si\u0119 lub przewr\u00f3cenia \u0142adunku. Jest to szczeg\u00f3lnie istotne w bran\u017cach takich jak budownictwo i transport, gdzie bezpiecze\u0144stwo i stabilno\u015b\u0107 s\u0105 priorytetem.<\/p>\n<h3>3. Obszary zastosowa\u0144<\/h3>\n<p>Odwr\u00f3cony cylinder teleskopowy znajduje szerokie zastosowanie w r\u00f3\u017cnych bran\u017cach i zastosowaniach. Oto kilka typowych obszar\u00f3w, w kt\u00f3rych ten cylinder hydrauliczny sprawdza si\u0119 znakomicie:<\/p>\n<ul>\n<li>Wywrotki: Ud\u017awig i stabilno\u015b\u0107 cylindra sprawiaj\u0105, \u017ce jest to idealny wyb\u00f3r do wywrotek, umo\u017cliwiaj\u0105cy wydajny roz\u0142adunek materia\u0142\u00f3w.<\/li>\n<li>Sprz\u0119t do transportu materia\u0142\u00f3w: Odwr\u00f3cone cylindry teleskopowe s\u0105 powszechnie stosowane w w\u00f3zkach wid\u0142owych i innym sprz\u0119cie do transportu materia\u0142\u00f3w, zapewniaj\u0105c niezawodne podnoszenie i zasi\u0119g.<\/li>\n<li>Maszyny budowlane: Od d\u017awig\u00f3w po podno\u015bniki koszowe, d\u0142ugi skok si\u0142ownika i jego stabilno\u015b\u0107 sprawiaj\u0105, \u017ce jest on cennym elementem maszyn budowlanych.<\/li>\n<\/ul>\n<p>Podsumowuj\u0105c, odwr\u00f3cony si\u0142ownik teleskopowy to wyj\u0105tkowy element hydrauliczny, kt\u00f3ry oferuje doskona\u0142\u0105 wydajno\u015b\u0107, stabilno\u015b\u0107 i ud\u017awig. Jego unikalna konstrukcja i zaawansowane funkcje sprawiaj\u0105, \u017ce jest on niezb\u0119dnym elementem w wielu bran\u017cach. Niezale\u017cnie od tego, czy chodzi o podnoszenie ci\u0119\u017ckich \u0142adunk\u00f3w, czy docieranie do trudno dost\u0119pnych miejsc, ten si\u0142ownik hydrauliczny wielokrotnie dowodzi swojej wszechstronno\u015bci i niezawodno\u015bci.<\/p>\n<h3>O FMP<\/h3>\n<p>FMP to firma specjalizuj\u0105ca si\u0119 w produkcji i sprzeda\u017cy si\u0142ownik\u00f3w hydraulicznych. Jako lider w bran\u017cy maszyn budowlanych, dok\u0142adamy wszelkich stara\u0144, aby dostarcza\u0107 naszym klientom wysokiej jako\u015bci i niezawodne rozwi\u0105zania w zakresie si\u0142ownik\u00f3w hydraulicznych.<\/p>\n<p><img decoding=\"async\" src=\"https:\/\/fmp-components.com\/wp-content\/uploads\/2024\/12\/Adjustable-Clevis-Type-Cylinders-6.webp\" alt=\"Regulowany cylinder typu wide\u0142kowego\" width=\"826\" title=\"\"><\/p>\n<p>Oto pi\u0119\u0107 najwa\u017cniejszych zalet naszych cylindr\u00f3w hydraulicznych:<\/p>\n<ol>\n<li>Trwa\u0142e i solidne: Nasze cylindry hydrauliczne s\u0105 zaprojektowane tak, aby sprosta\u0107 trudnym warunkom pracy i trudnym warunkom. Wykonane s\u0105 z wysokiej jako\u015bci materia\u0142\u00f3w i zaprojektowane tak, aby zapewni\u0107 d\u0142ugotrwa\u0142\u0105 wydajno\u015b\u0107.<\/li>\n<li>Precyzja i wydajno\u015b\u0107: Nasze cylindry hydrauliczne zosta\u0142y zaprojektowane z my\u015bl\u0105 o precyzji i wydajno\u015bci. Zapewniaj\u0105 p\u0142ynny i precyzyjny ruch, umo\u017cliwiaj\u0105c optymaln\u0105 kontrol\u0119 i dzia\u0142anie.<\/li>\n<li>Szeroki wyb\u00f3r opcji: Oferujemy szerok\u0105 gam\u0119 si\u0142ownik\u00f3w hydraulicznych, aby sprosta\u0107 zr\u00f3\u017cnicowanym wymaganiom. Od regulowanych si\u0142ownik\u00f3w wide\u0142kowych po si\u0142owniki teleskopowe dwustronnego dzia\u0142ania, mamy odpowiednie rozwi\u0105zanie do r\u00f3\u017cnych zastosowa\u0144.<\/li>\n<li>Surowe standardy jako\u015bci: W FMP nawi\u0105zali\u015bmy d\u0142ugoterminow\u0105 wsp\u00f3\u0142prac\u0119 z renomowanymi dostawcami, aby zapewni\u0107, \u017ce wszystkie nasze cylindry hydrauliczne spe\u0142niaj\u0105 surowe standardy jako\u015bci. Nasze zaanga\u017cowanie w jako\u015b\u0107 gwarantuje niezawodno\u015b\u0107 i wydajno\u015b\u0107 naszych produkt\u00f3w.<\/li>\n<li>Konsultacje i wsparcie ekspert\u00f3w: Nasz do\u015bwiadczony zesp\u00f3\u0142 sprzeda\u017cy doskonale orientuje si\u0119 w bran\u017cy maszyn budowlanych. Posiada dog\u0142\u0119bn\u0105 wiedz\u0119 na temat si\u0142ownik\u00f3w hydraulicznych i s\u0142u\u017cy fachow\u0105 porad\u0105, pomagaj\u0105c w wyborze odpowiedniego produktu do Pa\u0144stwa potrzeb.<\/li>\n<\/ol>\n<p>Z FMP mo\u017cesz by\u0107 pewien, \u017ce otrzymujesz najwy\u017cszej jako\u015bci si\u0142owniki hydrauliczne, kt\u00f3re zapewniaj\u0105 wyj\u0105tkow\u0105 wydajno\u015b\u0107 i niezawodno\u015b\u0107. Skontaktuj si\u0119 z nami ju\u017c dzi\u015b, aby om\u00f3wi\u0107 swoje potrzeby w zakresie si\u0142ownik\u00f3w hydraulicznych i pozw\u00f3l nam sta\u0107 si\u0119 Twoim zaufanym partnerem w bran\u017cy maszyn budowlanych.<\/p>\n<p>Autor:CX<\/p>","protected":false},"excerpt":{"rendered":"<p>The Quality Assurance Trailer Dump Truck Telescope Hydraulic Cylinder is a state-of-the-art product that guarantees superior performance and reliability. This product has been meticulously designed and tested to meet the most stringent quality standards in the industry. One of the key features of this hydraulic cylinder is its ability to extend and retract smoothly and [&hellip;]<\/p>","protected":false},"featured_media":1650,"comment_status":"closed","ping_status":"closed","template":"","meta":{"_et_pb_use_builder":"","_et_pb_old_content":"","_et_gb_content_width":""},"product_brand":[],"product_cat":[45],"product_tag":[34,48],"class_list":{"0":"post-1649","1":"product","2":"type-product","3":"status-publish","4":"has-post-thumbnail","6":"product_cat-inverted-telescopic-cylinder","7":"product_tag-hydraulic-cylinder","8":"product_tag-inverted-telescopic-cylinder","10":"first","11":"instock","12":"product-type-simple"},"_links":{"self":[{"href":"https:\/\/fmp-components.com\/pl\/wp-json\/wp\/v2\/product\/1649","targetHints":{"allow":["GET"]}}],"collection":[{"href":"https:\/\/fmp-components.com\/pl\/wp-json\/wp\/v2\/product"}],"about":[{"href":"https:\/\/fmp-components.com\/pl\/wp-json\/wp\/v2\/types\/product"}],"replies":[{"embeddable":true,"href":"https:\/\/fmp-components.com\/pl\/wp-json\/wp\/v2\/comments?post=1649"}],"wp:featuredmedia":[{"embeddable":true,"href":"https:\/\/fmp-components.com\/pl\/wp-json\/wp\/v2\/media\/1650"}],"wp:attachment":[{"href":"https:\/\/fmp-components.com\/pl\/wp-json\/wp\/v2\/media?parent=1649"}],"wp:term":[{"taxonomy":"product_brand","embeddable":true,"href":"https:\/\/fmp-components.com\/pl\/wp-json\/wp\/v2\/product_brand?post=1649"},{"taxonomy":"product_cat","embeddable":true,"href":"https:\/\/fmp-components.com\/pl\/wp-json\/wp\/v2\/product_cat?post=1649"},{"taxonomy":"product_tag","embeddable":true,"href":"https:\/\/fmp-components.com\/pl\/wp-json\/wp\/v2\/product_tag?post=1649"}],"curies":[{"name":"wp","href":"https:\/\/api.w.org\/{rel}","templated":true}]}}