{"id":1647,"date":"2024-12-23T07:00:44","date_gmt":"2024-12-23T07:00:44","guid":{"rendered":"https:\/\/fmp-components.com\/product\/china-factory-supply-telescopic-truck-hydraulic-ram-cylinder\/"},"modified":"2025-03-11T06:10:26","modified_gmt":"2025-03-11T06:10:26","slug":"italy-factory-supply-telescopic-truck-hydraulic-ram-cylinder","status":"publish","type":"product","link":"https:\/\/fmp-components.com\/pl\/product\/italy-factory-supply-telescopic-truck-hydraulic-ram-cylinder\/","title":{"rendered":"W\u0142ochy Dostawa fabryczna Teleskopowy si\u0142ownik hydrauliczny do ci\u0119\u017car\u00f3wek"},"content":{"rendered":"<p>Teleskopowy si\u0142ownik hydrauliczny do ci\u0119\u017car\u00f3wek Factory Supply to wysokiej jako\u015bci si\u0142ownik hydrauliczny zaprojektowany z my\u015bl\u0105 o zapewnieniu niezawodnej i wydajnej pracy w szerokim zakresie zastosowa\u0144. Si\u0142ownik ten zosta\u0142 zaprojektowany tak, aby wytrzyma\u0107 trudy intensywnego u\u017cytkowania i idealnie nadaje si\u0119 do stosowania w r\u00f3\u017cnych zastosowaniach przemys\u0142owych i komercyjnych.<\/p>\n<p>Jedn\u0105 z kluczowych cech tego si\u0142ownika hydraulicznego jest jego teleskopowa konstrukcja. Zapewnia ona wi\u0119kszy zakres ruchu i elastyczno\u015b\u0107, dzi\u0119ki czemu idealnie nadaje si\u0119 do zastosowa\u0144 w miejscach o ograniczonej przestrzeni. Dodatkowo si\u0142ownik wykonany jest z wysokiej jako\u015bci materia\u0142\u00f3w, co gwarantuje jego trwa\u0142o\u015b\u0107 i d\u0142ug\u0105 \u017cywotno\u015b\u0107.<\/p>\n<p>Kolejn\u0105 zalet\u0105 tego si\u0142ownika hydraulicznego jest \u0142atwo\u015b\u0107 obs\u0142ugi. Zosta\u0142 zaprojektowany z my\u015bl\u0105 o \u0142atwym monta\u017cu i konserwacji, co czyni go idealnym wyborem dla os\u00f3b poszukuj\u0105cych niezawodnego i \u0142atwego w utrzymaniu si\u0142ownika hydraulicznego. Ponadto, jest kompatybilny z szerok\u0105 gam\u0105 uk\u0142ad\u00f3w hydraulicznych, co czyni go wszechstronnym wyborem do wielu zastosowa\u0144.<\/p>\n<table style=\"width: 100%;\" border=\"1\" width=\"100%\" cellspacing=\"0\" cellpadding=\"0\">\n<tbody>\n<tr>\n<th>Nazwa produktu<\/th>\n<td>Si\u0142ownik hydrauliczny teleskopowy do samochod\u00f3w ci\u0119\u017carowych dostarczany fabrycznie<\/td>\n<\/tr>\n<tr>\n<th>Stan<\/th>\n<td>Nowy<\/td>\n<\/tr>\n<tr>\n<th>Gwarancja<\/th>\n<td>1 rok<\/td>\n<\/tr>\n<tr>\n<th>Waga (kg)<\/th>\n<td>56<\/td>\n<\/tr>\n<tr>\n<th>Maksymalny ci\u0105g<\/th>\n<td>3000<\/td>\n<\/tr>\n<tr>\n<th>Maksymalne poci\u0105gni\u0119cie<\/th>\n<td>20 ton<\/td>\n<\/tr>\n<tr>\n<th>Materia\u0142 korpusu<\/th>\n<td>Stal<\/td>\n<\/tr>\n<tr>\n<th>Rozmiar otworu<\/th>\n<td>2-6 cali<\/td>\n<\/tr>\n<tr>\n<th>Rozmiar pr\u0119ta<\/th>\n<td>1,125-4 cale<\/td>\n<\/tr>\n<tr>\n<th>Rozmiar poci\u0105gni\u0119cia<\/th>\n<td>6-48 cali<\/td>\n<\/tr>\n<tr>\n<th>Rozmiar szpilki<\/th>\n<td>0,5-2 cale<\/td>\n<\/tr>\n<tr>\n<th>Zastosowane bran\u017ce<\/th>\n<td>Zak\u0142ady produkcyjne, warsztaty naprawcze maszyn, gospodarstwa rolne, energetyka, g\u00f3rnictwo, fabryki maszyn<\/td>\n<\/tr>\n<tr>\n<th>Projekt<\/th>\n<td>Teleskopowy dla lepszej wydajno\u015bci<\/td>\n<\/tr>\n<tr>\n<th>Wydajno\u015b\u0107<\/th>\n<td>Niezawodny i wydajny<\/td>\n<\/tr>\n<\/tbody>\n<\/table>\n<h2>Cechy si\u0142ownika hydraulicznego si\u0142ownika teleskopowego do samochod\u00f3w ci\u0119\u017carowych<\/h2>\n<p>Ten si\u0142ownik hydrauliczny wyr\u00f3\u017cnia si\u0119 szeregiem funkcji, kt\u00f3re wyr\u00f3\u017cniaj\u0105 go na tle konkurencji:<\/p>\n<p><img decoding=\"async\" src=\"https:\/\/hzpt.com\/wp-content\/uploads\/2023\/11\/Inverted-Telescopic-Cylinder-21.webp\" alt=\"\" title=\"\"><\/p>\n<ul>\n<li><strong>Nowy stan:<\/strong> Produkt jest fabrycznie nowy, co gwarantuje optymaln\u0105 wydajno\u015b\u0107.<\/li>\n<li><strong>1-letnia gwarancja:<\/strong> Gwarantujemy jako\u015b\u0107 naszych produkt\u00f3w, udzielaj\u0105c na nie rocznej gwarancji.<\/li>\n<li><strong>Certyfikacja ISO9001:2000:<\/strong> Produkt spe\u0142nia mi\u0119dzynarodowe standardy jako\u015bci i bezpiecze\u0144stwa.<\/li>\n<li><strong>Odwr\u00f3cone cylindry teleskopowe:<\/strong> Produkt charakteryzuje si\u0119 odwr\u00f3conymi cylindrami teleskopowymi, co zwi\u0119ksza funkcjonalno\u015b\u0107 i niezawodno\u015b\u0107.<\/li>\n<li><strong>Trwa\u0142a obudowa ze stali:<\/strong> Produkt wykonany z wytrzyma\u0142ej stali gwarantuje d\u0142ugotrwa\u0142\u0105 wydajno\u015b\u0107.<\/li>\n<\/ul>\n<h2>Zastosowania si\u0142ownika hydraulicznego si\u0142ownika teleskopowego<\/h2>\n<p>Nasz si\u0142ownik hydrauliczny jest wszechstronny i mo\u017ce by\u0107 stosowany w r\u00f3\u017cnych ga\u0142\u0119ziach przemys\u0142u i zastosowaniach:<\/p>\n<ul>\n<li><strong>Zak\u0142ady produkcyjne:<\/strong> Doskonale nadaje si\u0119 do stosowania w zak\u0142adach produkuj\u0105cych maszyny.<\/li>\n<li><strong>Warsztaty naprawy maszyn:<\/strong> Niezb\u0119dne do napraw i konserwacji maszyn.<\/li>\n<li><strong>Gospodarstwa:<\/strong> Zapewnia niezawodn\u0105 obs\u0142ug\u0119 w sektorze rolniczym.<\/li>\n<li><strong>Energia i g\u00f3rnictwo:<\/strong> Wystarczaj\u0105co wytrzyma\u0142e, by sprosta\u0107 wymagaj\u0105cym operacjom energetycznym i g\u00f3rniczym.<\/li>\n<li><strong>Fabryki maszyn:<\/strong> Kluczowy element fabryk maszyn.<\/li>\n<\/ul>\n<p><img decoding=\"async\" src=\"https:\/\/hzpt.com\/wp-content\/uploads\/2023\/11\/Inverted-Telescopic-Cylinder-Applications.webp\" alt=\"Zastosowania si\u0142ownik\u00f3w hydraulicznych do ci\u0119\u017car\u00f3wek teleskopowych\" title=\"\"><\/p>\n<h2>Zasada dzia\u0142ania i konserwacja si\u0142ownika hydraulicznego podno\u015bnika teleskopowego<\/h2>\n<p>Ten si\u0142ownik hydrauliczny dzia\u0142a poprzez przekszta\u0142canie ci\u015bnienia p\u0142ynu hydraulicznego w si\u0142\u0119, umo\u017cliwiaj\u0105c podnoszenie ci\u0119\u017ckich \u0142adunk\u00f3w. Konserwacja jest kluczowa dla d\u0142ugowieczno\u015bci i obejmuje regularne kontrole, czyszczenie, smarowanie, wymian\u0119 uszczelnie\u0144 oraz przestrzeganie instrukcji obs\u0142ugi.<img decoding=\"async\" src=\"https:\/\/hzpt.com\/wp-content\/uploads\/2023\/11\/Inverted-Telescopic-Cylinder-3.webp\" alt=\"\" title=\"\"><\/p>\n<h2>Odwr\u00f3cony cylinder teleskopowy<\/h2>\n<p>Odwr\u00f3cony cylinder teleskopowy, znany r\u00f3wnie\u017c jako cylinder teleskopowy o odwr\u00f3conym dzia\u0142aniu, to rodzaj cylindra hydraulicznego, w kt\u00f3rym t\u0142oczysko jest przymocowane do t\u0142oka i wysuwa si\u0119 z podstawy cylindra. Jest on powszechnie stosowany w zastosowaniach wymagaj\u0105cych du\u017cej si\u0142y w kompaktowej przestrzeni, na przyk\u0142ad w maszynach budowlanych i podno\u015bnikach koszowych. W tym artykule om\u00f3wimy cechy i zasady dzia\u0142ania odwr\u00f3conego cylindra teleskopowego.<\/p>\n<h3>Konstrukcja i cechy odwr\u00f3conego cylindra teleskopowego<\/h3>\n<p>W przeciwie\u0144stwie do tradycyjnych cylindr\u00f3w teleskopowych, odwr\u00f3cony cylinder teleskopowy ma mniejsz\u0105 \u015brednic\u0119 u do\u0142u i wi\u0119ksz\u0105 u g\u00f3ry. Podstawa cylindra jest przymocowana do maszyny, a t\u0142oczysko wystaje w d\u00f3\u0142 od spodu cylindra.<\/p>\n<p>G\u0142\u00f3wn\u0105 zalet\u0105 odwr\u00f3conego cylindra teleskopowego jest to, \u017ce dzi\u0119ki kompaktowej konstrukcji zapewnia wi\u0119kszy skok w mniejszej przestrzeni. Jest on r\u00f3wnie\u017c trwalszy ni\u017c tradycyjne cylindry teleskopowe, poniewa\u017c jest mniej podatny na wyginanie lub skr\u0119canie pod wp\u0142ywem nacisku.<\/p>\n<p>Odwr\u00f3cony cylinder teleskopowy sk\u0142ada si\u0119 z kilku stopni, z kt\u00f3rych ka\u017cdy sk\u0142ada si\u0119 z t\u0142oka i cylindra. Stopnie s\u0105 po\u0142\u0105czone pr\u0119tami gwintowanymi, co umo\u017cliwia \u0142atwy demonta\u017c i konserwacj\u0119.<\/p>\n<h3>Zasady dzia\u0142ania odwr\u00f3conego cylindra teleskopowego<\/h3>\n<p>Odwr\u00f3cony cylinder teleskopowy dzia\u0142a w oparciu o prawo Pascala, kt\u00f3re g\u0142osi, \u017ce zmiana ci\u015bnienia w zamkni\u0119tej cieczy jest r\u00f3wnomiernie rozprowadzana po ca\u0142ej cieczy. Gdy ciecz hydrauliczna jest pompowana do cylindra, wywiera ona ci\u015bnienie na t\u0142ok, powoduj\u0105c jego ruch w d\u00f3\u0142. Wraz z ruchem t\u0142oka, t\u0142oczysko do niego przymocowane r\u00f3wnie\u017c porusza si\u0119 w d\u00f3\u0142.<\/p>\n<p>Gdy t\u0142ok przesuwa si\u0119 w d\u00f3\u0142, p\u0142yn hydrauliczny jest t\u0142oczony przez otwory do kolejnego stopnia cylindra. Proces ten trwa, a\u017c t\u0142ok dotrze do dna cylindra, w kt\u00f3rym to momencie ca\u0142y cylinder zostanie ca\u0142kowicie wysuni\u0119ty.<\/p>\n<p>Gdy cylinder musi si\u0119 cofn\u0105\u0107, p\u0142yn hydrauliczny jest pompowany do g\u00f3rnej cz\u0119\u015bci cylindra, powoduj\u0105c ruch t\u0142oka w g\u00f3r\u0119. Podczas ruchu t\u0142oka p\u0142yn hydrauliczny jest wt\u0142aczany z powrotem do cylindra w poprzednim po\u0142o\u017ceniu, a\u017c ca\u0142y cylinder zostanie ca\u0142kowicie cofni\u0119ty.<\/p>\n<h3>Zastosowanie odwr\u00f3conego cylindra teleskopowego<\/h3>\n<p>Odwr\u00f3cony cylinder teleskopowy jest powszechnie stosowany w maszynach budowlanych, takich jak koparki i koparko-\u0142adowarki, ze wzgl\u0119du na swoj\u0105 kompaktow\u0105 konstrukcj\u0119 i mo\u017cliwo\u015b\u0107 zapewnienia du\u017cej si\u0142y w ma\u0142ej przestrzeni. Z tych samych powod\u00f3w jest on r\u00f3wnie\u017c stosowany w podno\u015bnikach koszowych, takich jak podno\u015bniki koszowe, podno\u015bniki no\u017cycowe i podno\u015bniki wysi\u0119gnikowe.<\/p>\n<p>Odwr\u00f3cony si\u0142ownik teleskopowy to innowacyjna konstrukcja si\u0142ownika hydraulicznego, kt\u00f3ra zapewnia du\u017c\u0105 si\u0142\u0119 w kompaktowej obudowie. Jego unikalna konstrukcja i zasada dzia\u0142ania sprawiaj\u0105, \u017ce jest to idealny wyb\u00f3r do stosowania w maszynach budowlanych i podno\u015bnikach koszowych. Jako niezawodny i trwa\u0142y element, stanowi cenn\u0105 inwestycj\u0119 w ka\u017cdym zastosowaniu przemys\u0142owym.<\/p>\n<h3>O FMP<\/h3>\n<p>FMP to wiod\u0105ca firma specjalizuj\u0105ca si\u0119 w produkcji i sprzeda\u017cy cylindr\u00f3w hydraulicznych. Z siedzib\u0105 g\u0142\u00f3wn\u0105 we W\u0142oszech, dok\u0142adamy wszelkich stara\u0144, aby dostarcza\u0107 klientom wysokiej jako\u015bci i niezawodne cylindry hydrauliczne, wsparte wieloletnim do\u015bwiadczeniem w bran\u017cy i profesjonalnym zespo\u0142em.<\/p>\n<p><img decoding=\"async\" src=\"https:\/\/fmp-components.com\/wp-content\/uploads\/2024\/12\/Adjustable-Clevis-Type-Cylinders-6.webp\" alt=\"Regulowany cylinder typu wide\u0142kowego\" width=\"825\" title=\"\"><\/p>\n<p>Z dum\u0105 oferujemy szerok\u0105 gam\u0119 wysokiej jako\u015bci si\u0142ownik\u00f3w hydraulicznych i akcesori\u00f3w, kt\u00f3re zaspokajaj\u0105 zr\u00f3\u017cnicowane potrzeby bran\u017cy maszyn budowlanych. Oto pi\u0119\u0107 kluczowych zalet i cech naszych produkt\u00f3w i firmy:<\/p>\n<ol>\n<li>Wyj\u0105tkowa jako\u015b\u0107: Nasze cylindry hydrauliczne s\u0105 produkowane z precyzj\u0105, przy u\u017cyciu najlepszych materia\u0142\u00f3w, co gwarantuje trwa\u0142o\u015b\u0107 i wydajno\u015b\u0107.<\/li>\n<li>Szeroka gama produkt\u00f3w: Oferujemy kompleksowy wyb\u00f3r si\u0142ownik\u00f3w hydraulicznych, w tym si\u0142owniki z regulowanym wide\u0142kiem, si\u0142owniki z dr\u0105\u017ckiem \u0142\u0105cz\u0105cym, si\u0142owniki teleskopowe i wiele innych, zapewniaj\u0105c rozwi\u0105zania do r\u00f3\u017cnych zastosowa\u0144.<\/li>\n<li>Niezawodna sie\u0107 dostawc\u00f3w: Dzi\u0119ki d\u0142ugoterminowej wsp\u00f3\u0142pracy z renomowanymi dostawcami krajowymi i zagranicznymi gwarantujemy pozyskiwanie najwy\u017cszej jako\u015bci komponent\u00f3w, kt\u00f3re spe\u0142niaj\u0105 rygorystyczne standardy jako\u015bci.<\/li>\n<li>Zesp\u00f3\u0142 ekspert\u00f3w ds. sprzeda\u017cy: Nasz do\u015bwiadczony zesp\u00f3\u0142 ds. sprzeda\u017cy posiada dog\u0142\u0119bn\u0105 wiedz\u0119 na temat bran\u017cy maszyn budowlanych, co pozwala mu na zapewnienie profesjonalnych konsultacji produktowych i cennych rekomendacji zakupowych dostosowanych do konkretnych wymaga\u0144 naszych klient\u00f3w.<\/li>\n<li>Efektywna logistyka: Wprowadzili\u015bmy efektywny system dystrybucji logistycznej, aby zagwarantowa\u0107 szybk\u0105 i dok\u0142adn\u0105 dostaw\u0119 niezb\u0119dnych cylindr\u00f3w hydraulicznych bezpo\u015brednio do naszych klient\u00f3w, minimalizuj\u0105c przestoje i maksymalizuj\u0105c wydajno\u015b\u0107.<\/li>\n<\/ol>\n<p>Wybierz FMP jako zaufanego partnera w zakresie wszystkich potrzeb zwi\u0105zanych z si\u0142ownikami hydraulicznymi. Skontaktuj si\u0119 z nami ju\u017c dzi\u015b, aby om\u00f3wi\u0107, jak mo\u017cemy wesprze\u0107 Twoje projekty zwi\u0105zane z maszynami budowlanymi.<\/p>\n<p>Autor:CX<\/p>","protected":false},"excerpt":{"rendered":"<p>Factory Supply Telescopic Truck Hydraulic Ram Cylinder is a high-quality hydraulic cylinder that is designed to provide reliable and efficient performance for a wide range of applications. This cylinder is designed to withstand the rigors of heavy use and is ideal for use in a variety of industrial and commercial settings. One of the key [&hellip;]<\/p>","protected":false},"featured_media":1648,"comment_status":"closed","ping_status":"closed","template":"","meta":{"_et_pb_use_builder":"","_et_pb_old_content":"","_et_gb_content_width":""},"product_brand":[],"product_cat":[45],"product_tag":[34,48],"class_list":{"0":"post-1647","1":"product","2":"type-product","3":"status-publish","4":"has-post-thumbnail","6":"product_cat-inverted-telescopic-cylinder","7":"product_tag-hydraulic-cylinder","8":"product_tag-inverted-telescopic-cylinder","10":"first","11":"instock","12":"product-type-simple"},"_links":{"self":[{"href":"https:\/\/fmp-components.com\/pl\/wp-json\/wp\/v2\/product\/1647","targetHints":{"allow":["GET"]}}],"collection":[{"href":"https:\/\/fmp-components.com\/pl\/wp-json\/wp\/v2\/product"}],"about":[{"href":"https:\/\/fmp-components.com\/pl\/wp-json\/wp\/v2\/types\/product"}],"replies":[{"embeddable":true,"href":"https:\/\/fmp-components.com\/pl\/wp-json\/wp\/v2\/comments?post=1647"}],"wp:featuredmedia":[{"embeddable":true,"href":"https:\/\/fmp-components.com\/pl\/wp-json\/wp\/v2\/media\/1648"}],"wp:attachment":[{"href":"https:\/\/fmp-components.com\/pl\/wp-json\/wp\/v2\/media?parent=1647"}],"wp:term":[{"taxonomy":"product_brand","embeddable":true,"href":"https:\/\/fmp-components.com\/pl\/wp-json\/wp\/v2\/product_brand?post=1647"},{"taxonomy":"product_cat","embeddable":true,"href":"https:\/\/fmp-components.com\/pl\/wp-json\/wp\/v2\/product_cat?post=1647"},{"taxonomy":"product_tag","embeddable":true,"href":"https:\/\/fmp-components.com\/pl\/wp-json\/wp\/v2\/product_tag?post=1647"}],"curies":[{"name":"wp","href":"https:\/\/api.w.org\/{rel}","templated":true}]}}