{"id":1645,"date":"2024-12-23T07:00:44","date_gmt":"2024-12-23T07:00:44","guid":{"rendered":"https:\/\/fmp-components.com\/product\/factory-price-long-stroke-hydraulic-cylinder-for-truck\/"},"modified":"2025-03-11T05:50:23","modified_gmt":"2025-03-11T05:50:23","slug":"factory-price-long-stroke-hydraulic-cylinder-for-truck","status":"publish","type":"product","link":"https:\/\/fmp-components.com\/pl\/product\/factory-price-long-stroke-hydraulic-cylinder-for-truck\/","title":{"rendered":"Cena fabryczna D\u0142ugi skok si\u0142ownika hydraulicznego do ci\u0119\u017car\u00f3wki"},"content":{"rendered":"<p>Si\u0142ownik hydrauliczny o d\u0142ugim skoku w cenie fabrycznej do samochod\u00f3w ci\u0119\u017carowych to niezwykle niezawodny i wydajny si\u0142ownik hydrauliczny zaprojektowany specjalnie do stosowania w samochodach ci\u0119\u017carowych. Wykonany z najwy\u017cszej jako\u015bci materia\u0142\u00f3w, ten si\u0142ownik hydrauliczny zapewnia d\u0142ug\u0105 \u017cywotno\u015b\u0107 i wysok\u0105 wydajno\u015b\u0107 nawet w najbardziej wymagaj\u0105cych warunkach.<\/p>\n<p>Wyposa\u017cony w konstrukcj\u0119 o d\u0142ugim skoku, ten si\u0142ownik hydrauliczny jest w stanie zapewni\u0107 du\u017c\u0105 i r\u00f3wnomiern\u0105 si\u0142\u0119 na ca\u0142ej d\u0142ugo\u015bci skoku, co czyni go idealnym do zastosowa\u0144 wymagaj\u0105cych du\u017cej wytrzyma\u0142o\u015bci, takich jak za\u0142adunek i roz\u0142adunek ci\u0119\u017car\u00f3wek.<\/p>\n<p>Opr\u00f3cz wyj\u0105tkowej wydajno\u015bci, ten si\u0142ownik hydrauliczny jest r\u00f3wnie\u017c bardzo ekonomiczny, dzi\u0119ki czemu stanowi doskona\u0142y wyb\u00f3r dla firm i os\u00f3b prywatnych poszukuj\u0105cych wysokiej jako\u015bci si\u0142ownika hydraulicznego, kt\u00f3ry nie zrujnuje ich bud\u017cetu.<\/p>\n<table style=\"width: 100%;\" border=\"1\" width=\"100%\" cellspacing=\"0\" cellpadding=\"0\">\n<tbody>\n<tr>\n<th>Nazwa produktu<\/th>\n<td>Cena fabryczna D\u0142ugi skok si\u0142ownika hydraulicznego do ci\u0119\u017car\u00f3wki<\/td>\n<\/tr>\n<tr>\n<th>Stan<\/th>\n<td>Nowy<\/td>\n<\/tr>\n<tr>\n<th>Gwarancja<\/th>\n<td>1 rok<\/td>\n<\/tr>\n<tr>\n<th>Maksymalny ci\u0105g<\/th>\n<td>3000<\/td>\n<\/tr>\n<tr>\n<th>Ud\u017awig<\/th>\n<td>20 ton<\/td>\n<\/tr>\n<tr>\n<th>Projekt<\/th>\n<td>Odwr\u00f3cony cylinder teleskopowy<\/td>\n<\/tr>\n<tr>\n<th>Tworzywo<\/th>\n<td>Trwa\u0142a stal<\/td>\n<\/tr>\n<tr>\n<th>Zasilacz<\/th>\n<td>Hydrauliczny<\/td>\n<\/tr>\n<tr>\n<th>Orzecznictwo<\/th>\n<td>Certyfikat ISO9001:2000<\/td>\n<\/tr>\n<tr>\n<th>Wydajno\u015b\u0107<\/th>\n<td>Niezawodne i wydajne do wymagaj\u0105cych zastosowa\u0144<\/td>\n<\/tr>\n<tr>\n<th>Zastosowane bran\u017ce<\/th>\n<td>Zak\u0142ady produkcyjne, warsztaty naprawcze maszyn, gospodarstwa rolne, energetyka i g\u00f3rnictwo, produkcja maszyn, fabryki maszyn<\/td>\n<\/tr>\n<\/tbody>\n<\/table>\n<h2>G\u0142\u00f3wne cechy naszego cylindra hydraulicznego o d\u0142ugim skoku<\/h2>\n<p>Nasz si\u0142ownik hydrauliczny do samochod\u00f3w ci\u0119\u017carowych charakteryzuje si\u0119 kilkoma wyj\u0105tkowymi cechami:<\/p>\n<ol>\n<li style=\"list-style-type: none;\">\n<ol>\n<li>Standardowa konstrukcja t\u0142okowo-cylindrowa zapewniaj\u0105ca wydajn\u0105 prac\u0119.<\/li>\n<\/ol>\n<\/li>\n<\/ol>\n<p><img decoding=\"async\" src=\"https:\/\/hzpt.com\/wp-content\/uploads\/2023\/11\/Inverted-Telescopic-Cylinder-16.webp\" alt=\"\" title=\"\"><\/p>\n<ol>\n<li>Zasilanie hydrauliczne zapewniaj\u0105ce bezproblemow\u0105 prac\u0119.<\/li>\n<li>Trwa\u0142o\u015b\u0107 dzi\u0119ki obudowie wykonanej ze stali.<\/li>\n<li>Wysoka si\u0142a ci\u0105gu, dochodz\u0105ca do 3000.<\/li>\n<li>Zdolno\u015b\u0107 do wytrzymania du\u017cej si\u0142y uci\u0105gu, dochodz\u0105cej do 20 ton.<\/li>\n<\/ol>\n<h2>Zastosowania cylindra hydraulicznego o d\u0142ugim skoku<\/h2>\n<p>Wszechstronny si\u0142ownik hydrauliczny znajduje zastosowanie w r\u00f3\u017cnych ga\u0142\u0119ziach przemys\u0142u. Oto niekt\u00f3re z nich:<\/p>\n<ol>\n<li>Zak\u0142ady produkcyjne<\/li>\n<li>Warsztaty naprawy maszyn<\/li>\n<li>Gospodarstwa<\/li>\n<li>Przemys\u0142 energetyczny i g\u00f3rniczy<\/li>\n<li>Fabryki maszyn<\/li>\n<\/ol>\n<p><img decoding=\"async\" src=\"https:\/\/hzpt.com\/wp-content\/uploads\/2023\/11\/Inverted-Telescopic-Cylinder-Applications.webp\" alt=\"Zastosowania odwr\u00f3conego cylindra teleskopowego\" title=\"\"><\/p>\n<h2>Zasada dzia\u0142ania i konserwacja cylindra hydraulicznego<\/h2>\n<p>Si\u0142ownik hydrauliczny dzia\u0142a na zasadzie r\u00f3\u017cnicy ci\u015bnie\u0144. P\u0142yn hydrauliczny jest wt\u0142aczany do cylindra, co powoduje r\u00f3\u017cnic\u0119 ci\u015bnie\u0144 i liniowy ruch t\u0142oka. Si\u0142a wyj\u015bciowa jest wprost proporcjonalna do r\u00f3\u017cnicy ci\u015bnie\u0144.<\/p>\n<p>Do konserwacji cylindra hydraulicznego:<\/p>\n<ol>\n<li>Regularne kontrole s\u0105 kluczowe. Sprawd\u017a, czy nie ma wyciek\u00f3w ani uszkodze\u0144.<\/li>\n<li>Regularnie czy\u015b\u0107 cylinder, aby zapobiec gromadzeniu si\u0119 brudu i zanieczyszcze\u0144.<\/li>\n<li>Nasmaruj ruchome cz\u0119\u015bci zgodnie z instrukcj\u0105 obs\u0142ugi.<\/li>\n<li>Regularna kontrola i naprawa uk\u0142adu hydraulicznego mo\u017ce zapobiec powa\u017cniejszym awariom.<\/li>\n<li>Aby zapewni\u0107 optymaln\u0105 wydajno\u015b\u0107, nale\u017cy okresowo wymienia\u0107 uszczelki.<\/li>\n<\/ol>\n<p><img decoding=\"async\" src=\"https:\/\/hzpt.com\/wp-content\/uploads\/2023\/11\/Inverted-Telescopic-Cylinder-7.webp\" alt=\"\" title=\"\"><\/p>\n<h2>Odwr\u00f3cony cylinder teleskopowy<\/h2>\n<p>Cena fabryczna D\u0142ugi skok si\u0142ownika hydraulicznego do ci\u0119\u017car\u00f3wki<\/p>\n<ol>\n<li style=\"list-style-type: none;\">\n<ol>\n<li><strong>Czym jest odwr\u00f3cony cylinder teleskopowy?<\/strong><\/li>\n<\/ol>\n<\/li>\n<\/ol>\n<p>Odwr\u00f3cony si\u0142ownik teleskopowy to rodzaj si\u0142ownika hydraulicznego, kt\u00f3ry znajduje zastosowanie w r\u00f3\u017cnych zastosowaniach, takich jak wywrotki, d\u017awigi i sprz\u0119t g\u00f3rniczy. Jak sama nazwa wskazuje, si\u0142ownik ten jest odwr\u00f3cony, co oznacza, \u017ce \u200b\u200bt\u0142oczysko znajduje si\u0119 u do\u0142u, a lufa u g\u00f3ry. Taka konstrukcja zapewnia d\u0142u\u017cszy skok t\u0142oka, co czyni go idealnym do ci\u0119\u017ckich zastosowa\u0144 wymagaj\u0105cych du\u017cej si\u0142y.<\/p>\n<ol>\n<li style=\"list-style-type: none;\">\n<ol>\n<li><strong>Jak dzia\u0142a odwr\u00f3cony cylinder teleskopowy?<\/strong><\/li>\n<\/ol>\n<\/li>\n<\/ol>\n<p>Cylinder sk\u0142ada si\u0119 z szeregu zagnie\u017cd\u017conych rur, kt\u00f3re przesuwaj\u0105 si\u0119 do wewn\u0105trz i na zewn\u0105trz, gdy t\u0142oczysko wysuwa si\u0119 i chowa. Zewn\u0119trzna rura jest zazwyczaj przymocowana do powierzchni monta\u017cowej, a wewn\u0119trzna rura jest przymocowana do t\u0142oczyska. Po przy\u0142o\u017ceniu ci\u015bnienia hydraulicznego do cylindra t\u0142oczysko wysuwa si\u0119, powoduj\u0105c teleskopowe rozsuni\u0119cie rur. I odwrotnie, po zwolnieniu ci\u015bnienia t\u0142oczysko si\u0119 chowa, powoduj\u0105c wsuwanie si\u0119 rur z powrotem do cylindra.<\/p>\n<ol>\n<li style=\"list-style-type: none;\">\n<ol>\n<li><strong>Jakie s\u0105 zalety stosowania odwr\u00f3conego cylindra teleskopowego?<\/strong><\/li>\n<\/ol>\n<\/li>\n<\/ol>\n<p>Jedn\u0105 z g\u0142\u00f3wnych zalet stosowania odwr\u00f3conego cylindra teleskopowego jest jego zdolno\u015b\u0107 do zapewnienia d\u0142ugiego skoku przy zachowaniu stosunkowo kr\u00f3tkiej d\u0142ugo\u015bci po zsuni\u0119ciu. Dzi\u0119ki temu idealnie nadaje si\u0119 do zastosowa\u0144 w ograniczonej przestrzeni. Ponadto cylindry te s\u0105 bardziej odporne na obci\u0105\u017cenia boczne ni\u017c konwencjonalne cylindry teleskopowe, co pomaga zapobiega\u0107 uszkodzeniom cylindra i jego podzespo\u0142\u00f3w. Odwr\u00f3cone cylindry teleskopowe s\u0105 r\u00f3wnie\u017c bardziej wydajne ni\u017c inne typy cylindr\u00f3w, co oznacza, \u017ce \u200b\u200bwymagaj\u0105 mniej energii do dzia\u0142ania i mog\u0105 z czasem obni\u017cy\u0107 koszty eksploatacji.<\/p>\n<ol>\n<li style=\"list-style-type: none;\">\n<ol>\n<li><strong>Jakie s\u0105 zastosowania odwr\u00f3conych cylindr\u00f3w teleskopowych?<\/strong><\/li>\n<\/ol>\n<\/li>\n<\/ol>\n<p>Odwr\u00f3cone cylindry teleskopowe s\u0105 powszechnie stosowane w ci\u0119\u017ckich zastosowaniach wymagaj\u0105cych du\u017cej si\u0142y, takich jak wywrotki, d\u017awigi i sprz\u0119t g\u00f3rniczy. Mog\u0105 by\u0107 r\u00f3wnie\u017c stosowane w innych zastosowaniach, takich jak budowa most\u00f3w, prze\u0142adunek materia\u0142\u00f3w i sprz\u0119t rolniczy. Odwr\u00f3cone cylindry teleskopowe idealnie sprawdzaj\u0105 si\u0119 w zastosowaniach, w kt\u00f3rych wymagany jest d\u0142ugi skok, ale przestrze\u0144 jest ograniczona.<\/p>\n<ol>\n<li style=\"list-style-type: none;\">\n<ol>\n<li><strong>Jak wybra\u0107 odpowiedni odwr\u00f3cony cylinder teleskopowy do danego zastosowania?<\/strong><\/li>\n<\/ol>\n<\/li>\n<\/ol>\n<p>Wybieraj\u0105c odwr\u00f3cony si\u0142ownik teleskopowy, nale\u017cy wzi\u0105\u0107 pod uwag\u0119 kilka czynnik\u00f3w, takich jak maksymalne obci\u0105\u017cenie, d\u0142ugo\u015b\u0107 skoku i opcje monta\u017cu. Wa\u017cne jest r\u00f3wnie\u017c uwzgl\u0119dnienie \u015brodowiska, w kt\u00f3rym si\u0142ownik b\u0119dzie u\u017cywany, poniewa\u017c mo\u017ce to wp\u0142yn\u0105\u0107 na dob\u00f3r materia\u0142\u00f3w i opcji uszczelnienia. Konsultacja ze specjalist\u0105 w dziedzinie si\u0142ownik\u00f3w hydraulicznych pomo\u017ce Ci wybra\u0107 odpowiedni si\u0142ownik do konkretnego zastosowania.<\/p>\n<h3>O firmie FMP \u2013 profesjonalnym producencie i dostawcy cylindr\u00f3w hydraulicznych<\/h3>\n<p>FMP to firma specjalizuj\u0105ca si\u0119 w produkcji i sprzeda\u017cy wysokiej jako\u015bci i niezawodnych cz\u0119\u015bci oraz kompletnych maszyn budowlanych. Posiadamy wieloletnie do\u015bwiadczenie w bran\u017cy i profesjonalny zesp\u00f3\u0142, kt\u00f3ry zapewnia naszym klientom najlepsze produkty i us\u0142ugi.<\/p>\n<p>Nasz si\u0142ownik hydrauliczny jest jednym z naszych najpopularniejszych produkt\u00f3w i nie bez powodu. Oto kilka powod\u00f3w, dla kt\u00f3rych warto wybra\u0107 FMP jako dostawc\u0119 si\u0142ownik\u00f3w hydraulicznych:<\/p>\n<p>1. Materia\u0142y wysokiej jako\u015bci \u2013 Do produkcji naszych cylindr\u00f3w hydraulicznych u\u017cywamy wy\u0142\u0105cznie materia\u0142\u00f3w najwy\u017cszej jako\u015bci. Dzi\u0119ki temu s\u0105 one trwa\u0142e, niezawodne i d\u0142ugowieczne.<\/p>\n<p>2. R\u00f3\u017cnorodno\u015b\u0107 opcji \u2013 Oferujemy szeroki wyb\u00f3r cylindr\u00f3w hydraulicznych, w tym cylindry z regulowanym wide\u0142kiem, cylindry hydrauliczne dwustronnego dzia\u0142ania oraz cylindry hydrauliczne spawane. Dzi\u0119ki temu klienci mog\u0105 wybra\u0107 cylinder, kt\u00f3ry najlepiej odpowiada ich potrzebom.<\/p>\n<p>3. Personalizacja \u2013 rozumiemy, \u017ce ka\u017cdy klient ma wyj\u0105tkowe wymagania, dlatego oferujemy niestandardowe cylindry hydrauliczne, kt\u00f3re spe\u0142niaj\u0105 konkretne potrzeby.<\/p>\n<p>4. Profesjonalny zesp\u00f3\u0142 sprzeda\u017cy \u2013 Nasz do\u015bwiadczony i wykwalifikowany zesp\u00f3\u0142 sprzeda\u017cy jest zawsze gotowy, aby udzieli\u0107 klientom profesjonalnej konsultacji w zakresie produkt\u00f3w i przedstawi\u0107 im przemy\u015blane sugestie zakupowe.<\/p>\n<p>5. Wydajny system dystrybucji logistycznej \u2013 Posiadamy wydajny system dystrybucji logistycznej, kt\u00f3ry gwarantuje, \u017ce klienci otrzymuj\u0105 potrzebne im cylindry hydrauliczne terminowo i dok\u0142adnie.<\/p>\n<p><img decoding=\"async\" src=\"https:\/\/fmp-components.com\/wp-content\/uploads\/2024\/12\/Adjustable-Clevis-Type-Cylinders-6.webp\" alt=\"Regulowany cylinder typu wide\u0142kowego\" width=\"824\" title=\"\"><\/p>\n<p>Opr\u00f3cz tych korzy\u015bci, FMP anga\u017cuje si\u0119 w budowanie d\u0142ugoterminowych i stabilnych relacji wsp\u00f3\u0142pracy z wysokiej jako\u015bci dostawcami w kraju i za granic\u0105, aby zapewni\u0107, \u017ce wszystkie dostarczane cz\u0119\u015bci spe\u0142niaj\u0105 surowe standardy jako\u015bci. Dlatego gwarantujemy, \u017ce nasze cylindry hydrauliczne s\u0105 najwy\u017cszej jako\u015bci i spe\u0142ni\u0105 Pa\u0144stwa potrzeby.<\/p>\n<p>Wybierz FMP jako producenta i dostawc\u0119 cylindr\u00f3w hydraulicznych. Skontaktuj si\u0119 z nami ju\u017c dzi\u015b, aby dowiedzie\u0107 si\u0119 wi\u0119cej o naszych produktach i us\u0142ugach.<br \/>\nAutor:CX<\/p>","protected":false},"excerpt":{"rendered":"<p>Factory Price Long Stroke Hydraulic Cylinder for Truck is a highly reliable and efficient hydraulic cylinder designed specifically for use in trucks. Manufactured using superior quality materials, this hydraulic cylinder is designed to provide a long service life and high performance even under the most demanding conditions. Equipped with a long stroke design, this hydraulic [&hellip;]<\/p>","protected":false},"featured_media":1646,"comment_status":"closed","ping_status":"closed","template":"","meta":{"_et_pb_use_builder":"","_et_pb_old_content":"","_et_gb_content_width":""},"product_brand":[],"product_cat":[45],"product_tag":[34,48],"class_list":{"0":"post-1645","1":"product","2":"type-product","3":"status-publish","4":"has-post-thumbnail","6":"product_cat-inverted-telescopic-cylinder","7":"product_tag-hydraulic-cylinder","8":"product_tag-inverted-telescopic-cylinder","10":"first","11":"instock","12":"product-type-simple"},"_links":{"self":[{"href":"https:\/\/fmp-components.com\/pl\/wp-json\/wp\/v2\/product\/1645","targetHints":{"allow":["GET"]}}],"collection":[{"href":"https:\/\/fmp-components.com\/pl\/wp-json\/wp\/v2\/product"}],"about":[{"href":"https:\/\/fmp-components.com\/pl\/wp-json\/wp\/v2\/types\/product"}],"replies":[{"embeddable":true,"href":"https:\/\/fmp-components.com\/pl\/wp-json\/wp\/v2\/comments?post=1645"}],"wp:featuredmedia":[{"embeddable":true,"href":"https:\/\/fmp-components.com\/pl\/wp-json\/wp\/v2\/media\/1646"}],"wp:attachment":[{"href":"https:\/\/fmp-components.com\/pl\/wp-json\/wp\/v2\/media?parent=1645"}],"wp:term":[{"taxonomy":"product_brand","embeddable":true,"href":"https:\/\/fmp-components.com\/pl\/wp-json\/wp\/v2\/product_brand?post=1645"},{"taxonomy":"product_cat","embeddable":true,"href":"https:\/\/fmp-components.com\/pl\/wp-json\/wp\/v2\/product_cat?post=1645"},{"taxonomy":"product_tag","embeddable":true,"href":"https:\/\/fmp-components.com\/pl\/wp-json\/wp\/v2\/product_tag?post=1645"}],"curies":[{"name":"wp","href":"https:\/\/api.w.org\/{rel}","templated":true}]}}