{"id":1643,"date":"2024-12-23T07:00:44","date_gmt":"2024-12-23T07:00:44","guid":{"rendered":"https:\/\/fmp-components.com\/product\/factory-direct-supply-long-stroke-trailer-hydraulic-ram-cylinder\/"},"modified":"2025-03-11T06:10:14","modified_gmt":"2025-03-11T06:10:14","slug":"factory-direct-supply-long-stroke-trailer-hydraulic-ram-cylinder","status":"publish","type":"product","link":"https:\/\/fmp-components.com\/pl\/product\/factory-direct-supply-long-stroke-trailer-hydraulic-ram-cylinder\/","title":{"rendered":"Si\u0142ownik hydrauliczny do przyczep o d\u0142ugim skoku, dostarczany bezpo\u015brednio z fabryki"},"content":{"rendered":"<p>Dostarczany bezpo\u015brednio z fabryki si\u0142ownik hydrauliczny o d\u0142ugim skoku do przyczep to wysokiej jako\u015bci si\u0142ownik hydrauliczny przeznaczony do stosowania w przyczepach. Posiada d\u0142ugi skok, kt\u00f3ry zapewnia \u0142atwo\u015b\u0107 i wydajno\u015b\u0107 obs\u0142ugi du\u017cych obci\u0105\u017ce\u0144. Si\u0142ownik wykonany jest z najwy\u017cszej jako\u015bci materia\u0142\u00f3w, dzi\u0119ki czemu jest trwa\u0142y i odporny na zu\u017cycie.<\/p>\n<p>Jedn\u0105 z kluczowych cech tego si\u0142ownika hydraulicznego jest jego precyzyjna konstrukcja. Zosta\u0142 zaprojektowany z my\u015bl\u0105 o p\u0142ynnej i niezawodnej pracy, gwarantuj\u0105c optymaln\u0105 wydajno\u015b\u0107 za ka\u017cdym razem. Jego solidna konstrukcja gwarantuje r\u00f3wnie\u017c, \u017ce mo\u017ce on pracowa\u0107 w warunkach wysokiego ci\u015bnienia bez wyboczenia lub awarii.<\/p>\n<p>Ten si\u0142ownik hydrauliczny jest \u0142atwy w monta\u017cu i konserwacji, co czyni go idealnym wyborem dla zapracowanych profesjonalist\u00f3w, kt\u00f3rzy potrzebuj\u0105 niezawodnego i wydajnego sprz\u0119tu. Jest r\u00f3wnie\u017c niezwykle wszechstronny, dzi\u0119ki czemu nadaje si\u0119 do stosowania w wielu r\u00f3\u017cnych bran\u017cach i zastosowaniach.<\/p>\n<table style=\"width: 100%;\" border=\"1\" width=\"100%\" cellspacing=\"0\" cellpadding=\"0\">\n<tbody>\n<tr>\n<th>Nazwa produktu<\/th>\n<td>Si\u0142ownik hydrauliczny do przyczep o d\u0142ugim skoku, dostarczany bezpo\u015brednio z fabryki<\/td>\n<\/tr>\n<tr>\n<th>Stan<\/th>\n<td>Nowy<\/td>\n<\/tr>\n<tr>\n<th>Gwarancja<\/th>\n<td>1 rok<\/td>\n<\/tr>\n<tr>\n<th>Waga (kg)<\/th>\n<td>63<\/td>\n<\/tr>\n<tr>\n<th>Maksymalny ci\u0105g<\/th>\n<td>3000<\/td>\n<\/tr>\n<tr>\n<th>Maksymalne poci\u0105gni\u0119cie<\/th>\n<td>20 ton<\/td>\n<\/tr>\n<tr>\n<th>Materia\u0142 korpusu<\/th>\n<td>Trwa\u0142a stal<\/td>\n<\/tr>\n<tr>\n<th>\u0179r\u00f3d\u0142o zasilania<\/th>\n<td>Hydrauliczny<\/td>\n<\/tr>\n<tr>\n<th>G\u0142\u00f3wne komponenty<\/th>\n<td>\u0141o\u017cysko, cylinder t\u0142okowy<\/td>\n<\/tr>\n<tr>\n<th>Struktura<\/th>\n<td>Standardowy cylinder t\u0142okowy<\/td>\n<\/tr>\n<tr>\n<th>Orzecznictwo<\/th>\n<td>Certyfikat ISO9001:2000<\/td>\n<\/tr>\n<tr>\n<th>Zastosowane bran\u017ce<\/th>\n<td>Zak\u0142ady produkcyjne, warsztaty naprawcze maszyn, gospodarstwa rolne, energetyka, g\u00f3rnictwo, produkcja maszyn<\/td>\n<\/tr>\n<tr>\n<th>Zapewnienie jako\u015bci<\/th>\n<td>Raport z kontroli wyj\u015bciowej i bada\u0144 maszyn<\/td>\n<\/tr>\n<tr>\n<th>Wydajno\u015b\u0107<\/th>\n<td>Precyzyjna in\u017cynieria, trwa\u0142o\u015b\u0107 i \u0142atwo\u015b\u0107 u\u017cytkowania<\/td>\n<\/tr>\n<\/tbody>\n<\/table>\n<p><img decoding=\"async\" src=\"https:\/\/hzpt.com\/wp-content\/uploads\/2023\/11\/Inverted-Telescopic-Cylinder-6.webp\" alt=\"\" title=\"\"><\/p>\n<h2>Cechy si\u0142ownika hydraulicznego o d\u0142ugim skoku do przyczep<\/h2>\n<p>Si\u0142ownik hydrauliczny o d\u0142ugim skoku do przyczep charakteryzuje si\u0119 szeregiem funkcji:<\/p>\n<ul>\n<li><strong>Standardowa struktura:<\/strong> Cylinder ma konstrukcj\u0119 t\u0142okow\u0105, nap\u0119dzan\u0105 energi\u0105 hydrauliczn\u0105.<\/li>\n<li><strong>Trwa\u0142y materia\u0142:<\/strong> Jego korpus wykonany jest z wytrzyma\u0142ej stali, kt\u00f3ra wytrzymuje intensywne u\u017cytkowanie.<\/li>\n<li><strong>Wysoka moc:<\/strong> Maksymalna si\u0142a ci\u0105gu wynosi 3000, a ci\u0119\u017car do 20 ton.<\/li>\n<li><strong>Atestowany:<\/strong> Produkt ten posiada certyfikat ISO9001:2000, co gwarantuje jego jako\u015b\u0107 i niezawodno\u015b\u0107.<\/li>\n<li><strong>Wszechstronny:<\/strong> Nadaje si\u0119 do zastosowania w wielu ga\u0142\u0119ziach przemys\u0142u, od przemys\u0142u wytw\u00f3rczego po rolnictwo.<\/li>\n<\/ul>\n<h2>Zastosowania si\u0142ownika hydraulicznego o d\u0142ugim skoku do przyczep<\/h2>\n<p>Si\u0142ownik hydrauliczny o d\u0142ugim skoku do przyczep znajduje zastosowanie w wielu sektorach:<\/p>\n<ul>\n<li><strong>Zak\u0142ady produkcyjne:<\/strong> Jest to kluczowy komponent ci\u0119\u017ckich maszyn wykorzystywanych w procesach produkcyjnych.<\/li>\n<li><strong>Warsztaty naprawy maszyn:<\/strong> Cylinder jest niezb\u0119dnym elementem przy naprawie i konserwacji r\u00f3\u017cnego rodzaju maszyn.<\/li>\n<li><strong>Gospodarstwa:<\/strong> Pomaga w obs\u0142udze maszyn rolniczych.<\/li>\n<li><strong>Energia i g\u00f3rnictwo:<\/strong> Cylinder jest stosowany w urz\u0105dzeniach wytwarzaj\u0105cych energi\u0119 i g\u00f3rniczych.<\/li>\n<li><strong>Produkcja maszyn:<\/strong> Jest kluczowym elementem w produkcji maszyn przemys\u0142owych.<\/li>\n<\/ul>\n<p><img decoding=\"async\" src=\"https:\/\/hzpt.com\/wp-content\/uploads\/2023\/11\/Inverted-Telescopic-Cylinder-Applications.webp\" alt=\"Zastosowania odwr\u00f3conego cylindra teleskopowego\" title=\"\"><\/p>\n<h2>Zasada dzia\u0142ania i konserwacja si\u0142ownika hydraulicznego przyczepy o d\u0142ugim skoku<\/h2>\n<p>Si\u0142ownik hydrauliczny o d\u0142ugim skoku do przyczep dzia\u0142a na zasadzie si\u0142y wej\u015bciowej\/wyj\u015bciowej p\u0142ynu hydraulicznego. Jego moc pochodzi z energii hydraulicznej i dzia\u0142a poprzez wywieranie du\u017cej si\u0142y wyj\u015bciowej pomimo niskiej si\u0142y wej\u015bciowej. Ten wysoki stosunek mocy do si\u0142y sprawia, \u017ce \u200b\u200bjest on integralnym elementem wielu zastosowa\u0144 wymagaj\u0105cych du\u017cej wytrzyma\u0142o\u015bci.<\/p>\n<p>Aby zapewni\u0107 jego d\u0142ugowieczno\u015b\u0107 i optymaln\u0105 wydajno\u015b\u0107, cylinder wymaga regularnej konserwacji. Metody konserwacji obejmuj\u0105:<\/p>\n<ul>\n<li style=\"list-style-type: none;\">\n<ul>\n<li><strong>Regularne kontrole:<\/strong> Regularne kontrole pozwalaj\u0105 na wczesn\u0105 identyfikacj\u0119 i napraw\u0119 potencjalnych problem\u00f3w.<\/li>\n<li><strong>Czyszczenie:<\/strong> Utrzymywanie cylindra w czysto\u015bci zapobiega gromadzeniu si\u0119 kurzu i zanieczyszcze\u0144, kt\u00f3re mog\u0142yby negatywnie wp\u0142yn\u0105\u0107 na jego dzia\u0142anie.<\/li>\n<li><strong>Smarowanie:<\/strong> Regularne smarowanie zapewnia p\u0142ynn\u0105 prac\u0119 i zmniejsza zu\u017cycie.<\/li>\n<li><strong>Wymiana uszczelki:<\/strong> Uszkodzone uszczelki nale\u017cy bezzw\u0142ocznie wymieni\u0107, aby zapobiec przeciekom i utrzyma\u0107 ci\u015bnienie.<\/li>\n<\/ul>\n<\/li>\n<\/ul>\n<ul>\n<li><strong>Zgodnie z instrukcj\u0105 obs\u0142ugi:<\/strong> Przestrzeganie instrukcji i wytycznych zawartych w podr\u0119czniku operatora gwarantuje bezpieczne i efektywne u\u017cytkowanie butli.<\/li>\n<\/ul>\n<p><img decoding=\"async\" src=\"https:\/\/hzpt.com\/wp-content\/uploads\/2023\/11\/Inverted-Telescopic-Cylinder-20.webp\" alt=\"\" title=\"\"><\/p>\n<h2>Odwr\u00f3cony cylinder teleskopowy<\/h2>\n<p>Si\u0142ownik teleskopowy to rodzaj si\u0142ownika hydraulicznego, kt\u00f3ry sk\u0142ada si\u0119 z wielu zagnie\u017cd\u017conych stopni, co pozwala na d\u0142u\u017cszy skok przy zachowaniu kompaktowych rozmiar\u00f3w. Spo\u015br\u00f3d r\u00f3\u017cnych typ\u00f3w si\u0142ownik\u00f3w teleskopowych, si\u0142ownik teleskopowy odwr\u00f3cony wyr\u00f3\u017cnia si\u0119 unikaln\u0105 konstrukcj\u0105 i funkcjonalno\u015bci\u0105. W tym artykule przyjrzymy si\u0119 bli\u017cej cechom i zastosowaniom si\u0142ownika teleskopowego odwr\u00f3conego, podkre\u015blaj\u0105c jego zalety w r\u00f3\u017cnych bran\u017cach.<\/p>\n<h3>G\u0142\u00f3wne cechy:<\/h3>\n<p>1. Dostawa bezpo\u015brednio z fabryki: Odwr\u00f3cony cylinder teleskopowy jest produkowany i dostarczany bezpo\u015brednio z fabryki, co gwarantuje wysok\u0105 jako\u015b\u0107 produkt\u00f3w i konkurencyjne ceny. Ten bezpo\u015bredni \u0142a\u0144cuch dostaw eliminuje zb\u0119dnych po\u015brednik\u00f3w, co przek\u0142ada si\u0119 na oszcz\u0119dno\u015bci dla klient\u00f3w.<\/p>\n<p>2. D\u0142ugi skok: Odwr\u00f3cony cylinder teleskopowy zosta\u0142 specjalnie zaprojektowany, aby zapewni\u0107 d\u0142u\u017cszy skok w por\u00f3wnaniu z tradycyjnymi cylindrami. Dzi\u0119ki zagnie\u017cd\u017conym stopniom mo\u017ce osi\u0105gn\u0105\u0107 znacznie d\u0142u\u017cszy skok, co umo\u017cliwia bardziej wszechstronne zastosowania w r\u00f3\u017cnych bran\u017cach.<\/p>\n<p>3. Si\u0142ownik hydrauliczny przyczepy: Jednym z g\u0142\u00f3wnych zastosowa\u0144 odwr\u00f3conego si\u0142ownika teleskopowego s\u0105 uk\u0142ady hydrauliczne przyczep. Jest on powszechnie stosowany jako si\u0142ownik hydrauliczny w przyczepach, umo\u017cliwiaj\u0105c p\u0142ynne i wydajne podnoszenie i wywrot. Jego d\u0142ugi skok jest szczeg\u00f3lnie korzystny w tym kontek\u015bcie, poniewa\u017c pozwala na wi\u0119kszy k\u0105t zrzutu i wi\u0119ksz\u0105 \u0142adowno\u015b\u0107.<\/p>\n<h3>Zastosowania:<\/h3>\n<p>1. Wywrotki: W bran\u017cy budowlanej i g\u00f3rniczej wywrotki s\u0105 niezb\u0119dne do transportu i roz\u0142adunku materia\u0142\u00f3w. Odwr\u00f3cony si\u0142ownik teleskopowy odgrywa kluczow\u0105 rol\u0119 w mechanizmie podnoszenia i wywrotu tych wywrotek, zapewniaj\u0105c wydajn\u0105 i niezawodn\u0105 prac\u0119. Jego d\u0142ugi skok pozwala na wi\u0119kszy k\u0105t podnoszenia, umo\u017cliwiaj\u0105c dok\u0142adny i kontrolowany roz\u0142adunek materia\u0142u.<\/p>\n<p>2. Sprz\u0119t rolniczy: Odwr\u00f3cony cylinder teleskopowy znajduje zastosowanie w r\u00f3\u017cnych maszynach rolniczych, takich jak przyczepy zbo\u017cowe i rozsiewacze nawoz\u00f3w. U\u0142atwia kontrolowany roz\u0142adunek materia\u0142\u00f3w, zapewniaj\u0105c precyzyjn\u0105 dystrybucj\u0119 i minimalizuj\u0105c straty. D\u0142ugi skok cylindra zwi\u0119ksza wydajno\u015b\u0107 tych operacji, umo\u017cliwiaj\u0105c transport wi\u0119kszych ilo\u015bci w jednym cyklu.<\/p>\n<p>3. Systemy gospodarki odpadami: W zastosowaniach zwi\u0105zanych z gospodark\u0105 odpadami, odwr\u00f3cony cylinder teleskopowy jest stosowany w \u015bmieciarkach do efektywnego zbierania i utylizacji odpad\u00f3w. Wyd\u0142u\u017cony skok umo\u017cliwia uzyskanie wy\u017cszego stopnia zag\u0119szczenia, zmniejszaj\u0105c cz\u0119stotliwo\u015b\u0107 wyjazd\u00f3w na wysypiska i optymalizuj\u0105c procesy gospodarki odpadami.<\/p>\n<p>4. Maszyny przemys\u0142owe: Odwr\u00f3cony si\u0142ownik teleskopowy jest r\u00f3wnie\u017c stosowany w maszynach przemys\u0142owych, w tym w sprz\u0119cie budowlanym i systemach transportu bliskiego. Jego d\u0142ugi skok i kompaktowa konstrukcja sprawiaj\u0105, \u017ce nadaje si\u0119 on do r\u00f3\u017cnych zada\u0144 podnoszenia i pchania, zwi\u0119kszaj\u0105c og\u00f3ln\u0105 wydajno\u015b\u0107 i produktywno\u015b\u0107 tych maszyn.<\/p>\n<p>Podsumowuj\u0105c, odwr\u00f3cony si\u0142ownik teleskopowy to specjalistyczny si\u0142ownik hydrauliczny oferuj\u0105cy wyj\u0105tkowe zalety w zakresie d\u0142ugiego skoku i kompaktowej konstrukcji. Dzi\u0119ki dostawom bezpo\u015brednio z fabryki, gwarantuje on wysok\u0105 jako\u015b\u0107 produkt\u00f3w w konkurencyjnych cenach. Jego zastosowania w uk\u0142adach hydraulicznych przyczep, wywrotkach, sprz\u0119cie rolniczym, gospodarce odpadami i maszynach przemys\u0142owych dowodz\u0105 jego wszechstronno\u015bci i wydajno\u015bci w r\u00f3\u017cnych bran\u017cach. Niezale\u017cnie od tego, czy chodzi o podnoszenie, wywrot, czy pchanie, odwr\u00f3cony si\u0142ownik teleskopowy okazuje si\u0119 niezawodnym i niezb\u0119dnym elementem wielu uk\u0142ad\u00f3w hydraulicznych.<\/p>\n<h3>O cylindrze hydraulicznym FMP<\/h3>\n<p>FMP to wiod\u0105ca firma we W\u0142oszech specjalizuj\u0105ca si\u0119 w sprzeda\u017cy i serwisie cz\u0119\u015bci oraz kompletnych maszyn budowlanych. Nasz si\u0142ownik hydrauliczny jest jednym z naszych najlepiej sprzedaj\u0105cych si\u0119 produkt\u00f3w, a my jeste\u015bmy dumni z jego najwy\u017cszej jako\u015bci i funkcjonalno\u015bci. Oto pi\u0119\u0107 powod\u00f3w, dla kt\u00f3rych warto wybra\u0107 si\u0142ownik hydrauliczny FMP:<\/p>\n<ol>\n<li><strong>Najwy\u017csza jako\u015b\u0107:<\/strong> Si\u0142ownik hydrauliczny FMP jest wykonany z wysokiej jako\u015bci materia\u0142\u00f3w, kt\u00f3re gwarantuj\u0105 trwa\u0142o\u015b\u0107 i niezawodno\u015b\u0107. Materia\u0142y pozyskujemy od zaufanych dostawc\u00f3w, kt\u00f3rzy spe\u0142niaj\u0105 nasze rygorystyczne standardy jako\u015bci, co gwarantuje najwy\u017csz\u0105 jako\u015b\u0107 naszych produkt\u00f3w.<\/li>\n<li><strong>R\u00f3\u017cne specyfikacje:<\/strong> Nasze si\u0142owniki hydrauliczne s\u0105 dost\u0119pne w r\u00f3\u017cnych rozmiarach i specyfikacjach, aby spe\u0142ni\u0107 Pa\u0144stwa indywidualne potrzeby. Oferujemy szerok\u0105 gam\u0119 produkt\u00f3w, w tym si\u0142owniki z regulowanym wide\u0142kiem, si\u0142owniki z dr\u0105\u017ckiem kierowniczym oraz si\u0142owniki hydrauliczne spawane.<\/li>\n<li><strong>Konsultacja profesjonalna:<\/strong> Nasz do\u015bwiadczony zesp\u00f3\u0142 sprzeda\u017cy posiada wiedz\u0119 na temat bran\u017cy maszyn budowlanych i s\u0142u\u017cy profesjonaln\u0105 porad\u0105 w zakresie produkt\u00f3w. Pomo\u017cemy Ci dobra\u0107 odpowiedni si\u0142ownik hydrauliczny do Twojego projektu, zapewniaj\u0105c Ci \u015bwiadom\u0105 decyzj\u0119.<\/li>\n<li><strong>Efektywna logistyka:<\/strong> Rozumiemy, \u017ce czas jest najwa\u017cniejszy, dlatego wdro\u017cyli\u015bmy sprawny system dystrybucji logistycznej. Dbamy o to, aby Pa\u0144stwa si\u0142owniki hydrauliczne zosta\u0142y dostarczone terminowo i dok\u0142adnie.<\/li>\n<li><strong>Doskona\u0142a obs\u0142uga klienta:<\/strong> W FMP cenimy naszych klient\u00f3w i d\u0105\u017cymy do zapewnienia im doskona\u0142ej obs\u0142ugi. Zale\u017cy nam na spe\u0142nianiu, a nawet przekraczaniu Pa\u0144stwa oczekiwa\u0144 i zawsze jeste\u015bmy gotowi pom\u00f3c w przypadku jakichkolwiek pyta\u0144 lub w\u0105tpliwo\u015bci.<\/li>\n<\/ol>\n<p>W FMP z dum\u0105 dostarczamy naszym klientom wysokiej jako\u015bci i niezawodne rozwi\u0105zania w zakresie si\u0142ownik\u00f3w hydraulicznych. Nasze produkty i us\u0142ugi oparte s\u0105 na wieloletnim do\u015bwiadczeniu w bran\u017cy i profesjonalnym zespole. Wybierz si\u0142ownik hydrauliczny FMP do swojego kolejnego projektu i poczuj r\u00f3\u017cnic\u0119.<\/p>\n<p><img decoding=\"async\" src=\"https:\/\/fmp-components.com\/wp-content\/uploads\/2024\/12\/Adjustable-Clevis-Type-Cylinders-6.webp\" alt=\"Regulowany cylinder typu wide\u0142kowego\" width=\"823\" title=\"\"><br \/>\nAutor:CX<\/p>","protected":false},"excerpt":{"rendered":"<p>Factory Direct Supply Long Stroke Trailer Hydraulic Ram Cylinder is a high-quality hydraulic cylinder designed for use in trailers. It has a long stroke, which ensures that it can handle heavy loads with ease and efficiency. The cylinder is made from top-grade materials, making it durable and able to withstand wear and tear. One of [&hellip;]<\/p>","protected":false},"featured_media":1644,"comment_status":"closed","ping_status":"closed","template":"","meta":{"_et_pb_use_builder":"","_et_pb_old_content":"","_et_gb_content_width":""},"product_brand":[],"product_cat":[45],"product_tag":[34,48],"class_list":{"0":"post-1643","1":"product","2":"type-product","3":"status-publish","4":"has-post-thumbnail","6":"product_cat-inverted-telescopic-cylinder","7":"product_tag-hydraulic-cylinder","8":"product_tag-inverted-telescopic-cylinder","10":"first","11":"instock","12":"product-type-simple"},"_links":{"self":[{"href":"https:\/\/fmp-components.com\/pl\/wp-json\/wp\/v2\/product\/1643","targetHints":{"allow":["GET"]}}],"collection":[{"href":"https:\/\/fmp-components.com\/pl\/wp-json\/wp\/v2\/product"}],"about":[{"href":"https:\/\/fmp-components.com\/pl\/wp-json\/wp\/v2\/types\/product"}],"replies":[{"embeddable":true,"href":"https:\/\/fmp-components.com\/pl\/wp-json\/wp\/v2\/comments?post=1643"}],"wp:featuredmedia":[{"embeddable":true,"href":"https:\/\/fmp-components.com\/pl\/wp-json\/wp\/v2\/media\/1644"}],"wp:attachment":[{"href":"https:\/\/fmp-components.com\/pl\/wp-json\/wp\/v2\/media?parent=1643"}],"wp:term":[{"taxonomy":"product_brand","embeddable":true,"href":"https:\/\/fmp-components.com\/pl\/wp-json\/wp\/v2\/product_brand?post=1643"},{"taxonomy":"product_cat","embeddable":true,"href":"https:\/\/fmp-components.com\/pl\/wp-json\/wp\/v2\/product_cat?post=1643"},{"taxonomy":"product_tag","embeddable":true,"href":"https:\/\/fmp-components.com\/pl\/wp-json\/wp\/v2\/product_tag?post=1643"}],"curies":[{"name":"wp","href":"https:\/\/api.w.org\/{rel}","templated":true}]}}