{"id":1639,"date":"2024-12-23T07:00:44","date_gmt":"2024-12-23T07:00:44","guid":{"rendered":"https:\/\/fmp-components.com\/product\/premium-quality-customized-telescopic-hydraulic-cylinder-for-dump-truck\/"},"modified":"2025-03-11T06:10:04","modified_gmt":"2025-03-11T06:10:04","slug":"premium-quality-customized-telescopic-hydraulic-cylinder-for-dump-truck","status":"publish","type":"product","link":"https:\/\/fmp-components.com\/pl\/product\/premium-quality-customized-telescopic-hydraulic-cylinder-for-dump-truck\/","title":{"rendered":"Najwy\u017cszej jako\u015bci, dostosowany teleskopowy si\u0142ownik hydrauliczny do wywrotek"},"content":{"rendered":"<h2>Przedstawiamy najwy\u017cszej jako\u015bci, dostosowany teleskopowy si\u0142ownik hydrauliczny do wywrotek.<\/h2>\n<p>Si\u0142ownik hydrauliczny odgrywa kluczow\u0105 rol\u0119 w sprawnym funkcjonowaniu wywrotki. Wysokiej jako\u015bci, spersonalizowany teleskopowy si\u0142ownik hydrauliczny to najnowocze\u015bniejszy produkt zaprojektowany w celu zwi\u0119kszenia wydajno\u015bci i produktywno\u015bci wywrotek.<\/p>\n<p>Dzi\u0119ki zaawansowanej konstrukcji teleskopowej ten si\u0142ownik hydrauliczny oferuje wyj\u0105tkow\u0105 moc i trwa\u0142o\u015b\u0107. Zosta\u0142 on specjalnie dostosowany do specyficznych wymaga\u0144 wywrotek, zapewniaj\u0105c bezproblemow\u0105 prac\u0119 nawet w najbardziej wymagaj\u0105cych warunkach.<\/p>\n<p>Wysokiej jako\u015bci, dostosowywany teleskopowy si\u0142ownik hydrauliczny zosta\u0142 zaprojektowany z precyzj\u0105 i dba\u0142o\u015bci\u0105 o szczeg\u00f3\u0142y. Wykonany jest z wysokiej jako\u015bci materia\u0142\u00f3w, kt\u00f3re gwarantuj\u0105 trwa\u0142o\u015b\u0107 i niezawodno\u015b\u0107. Zapewnia to minimaln\u0105 konserwacj\u0119 i maksymaln\u0105 wydajno\u015b\u0107 operatorom wywrotek.<\/p>\n<p>Teleskopowa konstrukcja tego si\u0142ownika hydraulicznego zapewnia wi\u0119kszy zakres ruchu, dzi\u0119ki czemu idealnie nadaje si\u0119 do wywrotek przewo\u017c\u0105cych ci\u0119\u017ckie \u0142adunki. Zapewnia p\u0142ynny i kontrolowany ruch, umo\u017cliwiaj\u0105c wydajny wy\u0142adunek materia\u0142\u00f3w bez uszczerbku dla bezpiecze\u0144stwa i stabilno\u015bci.<\/p>\n<p>Jedn\u0105 z kluczowych zalet tego si\u0142ownika hydraulicznego jest jego odporno\u015b\u0107 na ekstremalne ci\u015bnienia i du\u017ce obci\u0105\u017cenia. Zosta\u0142 on zaprojektowany do pracy z du\u017cymi si\u0142ami hydraulicznymi, umo\u017cliwiaj\u0105c wywrotkom prac\u0119 z optymaln\u0105 wydajno\u015bci\u0105 i skuteczno\u015bci\u0105.<\/p>\n<p>Dodatkowo, najwy\u017cszej jako\u015bci, dostosowywany teleskopowy si\u0142ownik hydrauliczny jest produkowany zgodnie z najwy\u017cszymi standardami bran\u017cowymi. Poddawany jest rygorystycznym testom i kontrolom jako\u015bci, aby zapewni\u0107 doskona\u0142\u0105 wydajno\u015b\u0107 i niezawodno\u015b\u0107. Gwarantuje to, \u017ce operatorzy wywrotek mog\u0105 polega\u0107 na tym produkcie, zapewniaj\u0105c jego p\u0142ynn\u0105 i bezproblemow\u0105 prac\u0119.<\/p>\n<p>Podsumowuj\u0105c, najwy\u017cszej jako\u015bci, dostosowywany teleskopowy si\u0142ownik hydrauliczny do wywrotek to najnowocze\u015bniejszy produkt oferuj\u0105cy wyj\u0105tkow\u0105 wydajno\u015b\u0107 i trwa\u0142o\u015b\u0107. Jego spersonalizowana konstrukcja, zaawansowane funkcje i wysoka jako\u015b\u0107 wykonania sprawiaj\u0105, \u017ce jest to idealny wyb\u00f3r dla operator\u00f3w wywrotek, kt\u00f3rzy chc\u0105 zwi\u0119kszy\u0107 produktywno\u015b\u0107 i wydajno\u015b\u0107.<\/p>\n<h2>Przedstawiamy nasz najwy\u017cszej klasy teleskopowy si\u0142ownik hydrauliczny przeznaczony do wywrotek<\/h2>\n<p>Nasz nowy teleskopowy si\u0142ownik hydrauliczny to idealne rozwi\u0105zanie dla wywrotek. Jest on dostosowany do indywidualnych potrzeb i obj\u0119ty roczn\u0105 gwarancj\u0105. Dzi\u0119ki maksymalnej sile ci\u0105gu 3000 i wadze 78 kg, ten si\u0142ownik hydrauliczny charakteryzuje si\u0119 stalow\u0105 obudow\u0105 o d\u0142ugiej \u017cywotno\u015bci.<\/p>\n<h3>Cechy naszego teleskopowego cylindra hydraulicznego<\/h3>\n<p>Nasz cylinder charakteryzuje si\u0119 szeregiem kluczowych cech, w tym:<\/p>\n<ul>\n<li>Standardowa konstrukcja i moc hydrauliczna<\/li>\n<li>Typ odwr\u00f3conego cylindra teleskopowego<\/li>\n<li>Maksymalna no\u015bno\u015b\u0107 20 ton<\/li>\n<li>Certyfikacja ISO9001:2000<\/li>\n<li>Elegancki czarny kolor zapewniaj\u0105cy profesjonalny wygl\u0105d<\/li>\n<\/ul>\n<h3>Zastosowania naszego teleskopowego cylindra hydraulicznego<\/h3>\n<p>Nasz si\u0142ownik hydrauliczny doskonale nadaje si\u0119 do wielu zastosowa\u0144, w tym:<\/p>\n<ul>\n<li>Zak\u0142ady produkcyjne<\/li>\n<li>Warsztaty naprawcze maszyn<\/li>\n<li>Gospodarstwa<\/li>\n<li>Przemys\u0142 energetyczny i g\u00f3rniczy<\/li>\n<li>Fabryki maszyn<\/li>\n<\/ul>\n<p><img decoding=\"async\" src=\"https:\/\/hzpt.com\/wp-content\/uploads\/2023\/11\/Inverted-Telescopic-Cylinder-Applications.webp\" alt=\"Zastosowania odwr\u00f3conego cylindra teleskopowego\" title=\"\"><\/p>\n<h3>Zasada dzia\u0142ania i konserwacja naszego teleskopowego cylindra hydraulicznego<\/h3>\n<p>Nasz si\u0142ownik hydrauliczny dzia\u0142a poprzez si\u0142\u0119 wlotow\u0105 i wylotow\u0105 p\u0142ynu hydraulicznego. Wymaga regularnych przegl\u0105d\u00f3w, czyszczenia i smarowania. Regularne przegl\u0105dy i naprawy, wymiana uszczelnie\u0144 oraz przestrzeganie instrukcji obs\u0142ugi s\u0105 niezb\u0119dne dla d\u0142ugiej \u017cywotno\u015bci si\u0142ownika i jego optymalnej wydajno\u015bci.<\/p>\n<p><img decoding=\"async\" src=\"https:\/\/hzpt.com\/wp-content\/uploads\/2023\/11\/Inverted-Telescopic-Cylinder-24.webp\" alt=\"Odwr\u00f3cony cylinder teleskopowy 24\" title=\"\"><\/p>\n<h2>Odwr\u00f3cony cylinder teleskopowy<\/h2>\n<p>Teleskopowy si\u0142ownik hydrauliczny, znany r\u00f3wnie\u017c jako si\u0142ownik wielostopniowy lub teleskopowy, to rodzaj si\u0142ownika hydraulicznego sk\u0142adaj\u0105cego si\u0119 z wielu stopni lub sekcji, kt\u00f3re zachodz\u0105 na siebie. W tym artykule skupimy si\u0119 na jednym konkretnym typie si\u0142ownika teleskopowego \u2013 si\u0142owniku teleskopowym odwr\u00f3conym.<\/p>\n<h3>Przegl\u0105d<\/h3>\n<p>Odwr\u00f3cony cylinder teleskopowy to specjalistyczny typ cylindra teleskopowego, powszechnie stosowany w wywrotkach. Jego zadaniem jest zapewnienie si\u0142y podnoszenia i wywrotu niezb\u0119dnej do roz\u0142adunku materia\u0142\u00f3w z platformy ci\u0119\u017car\u00f3wki. Ten typ cylindra charakteryzuje si\u0119 unikaln\u0105 konfiguracj\u0105, w kt\u00f3rej mniejsze stopnie znajduj\u0105 si\u0119 wewn\u0105trz wi\u0119kszych, co nadaje mu charakterystyczny wygl\u0105d.<\/p>\n<h3>Budowa<\/h3>\n<p>Budowa odwr\u00f3conego cylindra teleskopowego obejmuje kilka kluczowych komponent\u00f3w:<\/p>\n<ul>\n<li>Cylinder zewn\u0119trzny: Cylinder zewn\u0119trzny jest najwi\u0119ksz\u0105 cz\u0119\u015bci\u0105 cylindra i zapewnia wsparcie konstrukcyjne. Zazwyczaj jest wykonany z wysokowytrzyma\u0142ej stali, aby wytrzyma\u0107 du\u017ce obci\u0105\u017cenia i trudne warunki pracy.<\/li>\n<li>T\u0142oki wewn\u0119trzne: Wewn\u0105trz cylindra zewn\u0119trznego znajduje si\u0119 wiele mniejszych stopni, z kt\u00f3rych ka\u017cdy zawiera t\u0142ok. T\u0142oki te s\u0105 po\u0142\u0105czone z platform\u0105 ci\u0119\u017car\u00f3wki i poruszaj\u0105 si\u0119 synchronicznie, aby zapewni\u0107 niezb\u0119dn\u0105 si\u0142\u0119 unoszenia.<\/li>\n<li>Uszczelnienia: Uszczelnienia zapobiegaj\u0105 wyciekom p\u0142ynu hydraulicznego mi\u0119dzy stopniami. Maj\u0105 kluczowe znaczenie dla utrzymania wydajno\u015bci i niezawodno\u015bci cylindra.<\/li>\n<li>P\u0142yn hydrauliczny: Odwr\u00f3cony cylinder teleskopowy dzia\u0142a z wykorzystaniem p\u0142ynu hydraulicznego, kt\u00f3ry jest pod ci\u015bnieniem, aby wysuwa\u0107 lub wsuwa\u0107 stopnie cylindra.<\/li>\n<\/ul>\n<h3>Funkcjonalno\u015b\u0107<\/h3>\n<p>Odwr\u00f3cony si\u0142ownik teleskopowy odgrywa kluczow\u0105 rol\u0119 w dzia\u0142aniu wywrotki. Gdy ci\u0119\u017car\u00f3wka musi roz\u0142adowa\u0107 \u0142adunek, uk\u0142ad hydrauliczny podaje ci\u015bnienie do p\u0142ynu hydraulicznego, kt\u00f3ry z kolei wysuwa poszczeg\u00f3lne stopnie si\u0142ownika. W miar\u0119 wysuwania si\u0119 stopni, podnosz\u0105 one skrzyni\u0119 \u0142adunkow\u0105, umo\u017cliwiaj\u0105c roz\u0142adunek materia\u0142\u00f3w.<\/p>\n<h3>Najwy\u017cszej jako\u015bci, dostosowany teleskopowy si\u0142ownik hydrauliczny do wywrotek<\/h3>\n<p>Wybieraj\u0105c teleskopowy si\u0142ownik hydrauliczny do wywrotki, wyb\u00f3r wysokiej jako\u015bci, spersonalizowanego si\u0142ownika jest kluczowy. Si\u0142ownik najwy\u017cszej jako\u015bci zapewnia trwa\u0142o\u015b\u0107, niezawodno\u015b\u0107 i optymaln\u0105 wydajno\u015b\u0107 w wymagaj\u0105cych zastosowaniach.<\/p>\n<p>W naszej firmie specjalizujemy si\u0119 w produkcji najwy\u017cszej jako\u015bci, niestandardowych teleskopowych si\u0142ownik\u00f3w hydraulicznych, zaprojektowanych specjalnie do wywrotek. Nasze si\u0142owniki s\u0105 projektowane tak, aby spe\u0142nia\u0107 indywidualne wymagania ka\u017cdego klienta, zapewniaj\u0105c idealne dopasowanie i maksymaln\u0105 wydajno\u015b\u0107.<\/p>\n<p>Dzi\u0119ki naszym najnowocze\u015bniejszym zak\u0142adom produkcyjnym i do\u015bwiadczonemu zespo\u0142owi in\u017cynier\u00f3w jeste\u015bmy w stanie dostarcza\u0107 cylindry przewy\u017cszaj\u0105ce standardy bran\u017cowe. Nasze zaanga\u017cowanie w stosowanie wysokiej jako\u015bci materia\u0142\u00f3w, zaawansowanych technik produkcji i rygorystycznych proces\u00f3w kontroli jako\u015bci gwarantuje, \u017ce nasi klienci otrzymuj\u0105 cylindry teleskopowe o d\u0142ugiej \u017cywotno\u015bci.<\/p>\n<p>Podsumowuj\u0105c, odwr\u00f3cony si\u0142ownik teleskopowy jest kluczowym elementem wywrotek, zapewniaj\u0105cym si\u0142\u0119 podnoszenia i wywrotu niezb\u0119dn\u0105 do roz\u0142adunku materia\u0142\u00f3w. Jego unikalna konstrukcja i funkcjonalno\u015b\u0107 czyni\u0105 go niezb\u0119dnym elementem uk\u0142adu hydraulicznego. Wybieraj\u0105c si\u0142ownik teleskopowy do wywrotki, warto postawi\u0107 na wysokiej jako\u015bci, spersonalizowany si\u0142ownik, kt\u00f3ry zapewni optymaln\u0105 wydajno\u015b\u0107 i trwa\u0142o\u015b\u0107. Zaufaj naszej firmie, a dostarczymy Ci najwy\u017cszej jako\u015bci teleskopowe si\u0142owniki hydrauliczne, kt\u00f3re spe\u0142ni\u0105 Twoje specyficzne wymagania dotycz\u0105ce wywrotki.<\/p>\n<h3>O FMP<\/h3>\n<p>FMP to zaufane \u017ar\u00f3d\u0142o wysokiej jako\u015bci si\u0142ownik\u00f3w hydraulicznych dla bran\u017cy maszyn budowlanych. Dzi\u0119ki wieloletniemu do\u015bwiadczeniu w bran\u017cy i profesjonalnemu zespo\u0142owi, z zaanga\u017cowaniem dostarczamy naszym cenionym klientom najwy\u017cszej jako\u015bci cz\u0119\u015bci do maszyn budowlanych i kompletne rozwi\u0105zania.<\/p>\n<p>Oto pi\u0119\u0107 powod\u00f3w, dla kt\u00f3rych powiniene\u015b wybra\u0107 firm\u0119 FMP w zakresie cylindr\u00f3w hydraulicznych:<\/p>\n<ol>\n<li><strong>Szeroki wyb\u00f3r opcji:<\/strong> Nasza oferta obejmuje szeroki wyb\u00f3r si\u0142ownik\u00f3w hydraulicznych odpowiednich do r\u00f3\u017cnych typ\u00f3w maszyn budowlanych. Niezale\u017cnie od tego, czy potrzebujesz si\u0142ownik\u00f3w jednostronnego czy dwustronnego dzia\u0142ania, si\u0142ownik\u00f3w teleskopowych czy z dr\u0105\u017ckiem kierowniczym, mamy odpowiednie rozwi\u0105zanie, kt\u00f3re spe\u0142ni Twoje wymagania.<\/li>\n<li><strong>Najwy\u017csza jako\u015b\u0107:<\/strong> Nawi\u0105zali\u015bmy d\u0142ugotrwa\u0142e i stabilne relacje z wysokiej jako\u015bci dostawcami, zar\u00f3wno krajowymi, jak i zagranicznymi. Dzi\u0119ki temu wszystkie nasze si\u0142owniki hydrauliczne spe\u0142niaj\u0105 surowe standardy jako\u015bci, dostarczaj\u0105c Pa\u0144stwu niezawodne i trwa\u0142e komponenty, kt\u00f3re sprostaj\u0105 wymaganiom Pa\u0144stwa projekt\u00f3w.<\/li>\n<li><strong>Zesp\u00f3\u0142 ekspert\u00f3w ds. sprzeda\u017cy:<\/strong> Nasz do\u015bwiadczony i kompetentny zesp\u00f3\u0142 sprzeda\u017cy doskonale zna najnowsze trendy i potrzeby klient\u00f3w w bran\u017cy maszyn budowlanych. Jeste\u015bmy gotowi zapewni\u0107 Pa\u0144stwu profesjonalne doradztwo produktowe i trafne sugestie zakupowe, pomagaj\u0105c w podejmowaniu \u015bwiadomych decyzji.<\/li>\n<li><strong>Efektywna logistyka:<\/strong> Rozumiemy, jak wa\u017cna jest terminowa dostawa. Dzi\u0119ki naszemu sprawnemu systemowi dystrybucji logistycznej gwarantujemy terminow\u0105 i precyzyjn\u0105 dostaw\u0119 potrzebnych cylindr\u00f3w hydraulicznych. Mo\u017cesz na nas polega\u0107, \u017ce dotrzymamy termin\u00f3w realizacji Twoich projekt\u00f3w.<\/li>\n<li><strong>Wyj\u0105tkowa obs\u0142uga klienta:<\/strong> W FMP cenimy naszych klient\u00f3w i d\u0105\u017cymy do zapewnienia wyj\u0105tkowej obs\u0142ugi. Nasz oddany zesp\u00f3\u0142 dok\u0142ada wszelkich stara\u0144, aby szybko odpowiada\u0107 na Pa\u0144stwa zapytania i w\u0105tpliwo\u015bci, zapewniaj\u0105c p\u0142ynn\u0105 i satysfakcjonuj\u0105c\u0105 wsp\u00f3\u0142prac\u0119 z nami.<\/li>\n<\/ol>\n<p>Przyjrzyj si\u0119 bli\u017cej naszym regulowanym cylindrom typu wide\u0142kowego:<\/p>\n<p><img decoding=\"async\" src=\"https:\/\/fmp-components.com\/wp-content\/uploads\/2024\/12\/Adjustable-Clevis-Type-Cylinders-6.webp\" alt=\"Regulowany cylinder typu wide\u0142kowego\" width=\"821\" title=\"\"><br \/>\nAutor:CX<\/p>","protected":false},"excerpt":{"rendered":"<p>Introducing the Premium Quality Customized Telescopic Hydraulic Cylinder for Dump Truck. A hydraulic cylinder plays a crucial role in the efficient functioning of a dump truck. The Premium Quality Customized Telescopic Hydraulic Cylinder is a state-of-the-art product designed to enhance the performance and productivity of dump trucks. With its advanced telescopic design, this hydraulic cylinder [&hellip;]<\/p>","protected":false},"featured_media":1640,"comment_status":"closed","ping_status":"closed","template":"","meta":{"_et_pb_use_builder":"","_et_pb_old_content":"","_et_gb_content_width":""},"product_brand":[],"product_cat":[45],"product_tag":[34,48],"class_list":{"0":"post-1639","1":"product","2":"type-product","3":"status-publish","4":"has-post-thumbnail","6":"product_cat-inverted-telescopic-cylinder","7":"product_tag-hydraulic-cylinder","8":"product_tag-inverted-telescopic-cylinder","10":"first","11":"instock","12":"product-type-simple"},"_links":{"self":[{"href":"https:\/\/fmp-components.com\/pl\/wp-json\/wp\/v2\/product\/1639","targetHints":{"allow":["GET"]}}],"collection":[{"href":"https:\/\/fmp-components.com\/pl\/wp-json\/wp\/v2\/product"}],"about":[{"href":"https:\/\/fmp-components.com\/pl\/wp-json\/wp\/v2\/types\/product"}],"replies":[{"embeddable":true,"href":"https:\/\/fmp-components.com\/pl\/wp-json\/wp\/v2\/comments?post=1639"}],"wp:featuredmedia":[{"embeddable":true,"href":"https:\/\/fmp-components.com\/pl\/wp-json\/wp\/v2\/media\/1640"}],"wp:attachment":[{"href":"https:\/\/fmp-components.com\/pl\/wp-json\/wp\/v2\/media?parent=1639"}],"wp:term":[{"taxonomy":"product_brand","embeddable":true,"href":"https:\/\/fmp-components.com\/pl\/wp-json\/wp\/v2\/product_brand?post=1639"},{"taxonomy":"product_cat","embeddable":true,"href":"https:\/\/fmp-components.com\/pl\/wp-json\/wp\/v2\/product_cat?post=1639"},{"taxonomy":"product_tag","embeddable":true,"href":"https:\/\/fmp-components.com\/pl\/wp-json\/wp\/v2\/product_tag?post=1639"}],"curies":[{"name":"wp","href":"https:\/\/api.w.org\/{rel}","templated":true}]}}