{"id":1637,"date":"2024-12-23T07:00:44","date_gmt":"2024-12-23T07:00:44","guid":{"rendered":"https:\/\/fmp-components.com\/product\/excellent-quality-dump-truck-4-stage-hydraulic-cylinder-for-trailer\/"},"modified":"2025-05-10T13:01:20","modified_gmt":"2025-05-10T13:01:20","slug":"excellent-quality-dump-truck-4-stage-hydraulic-cylinder-for-trailer","status":"publish","type":"product","link":"https:\/\/fmp-components.com\/pl\/product\/excellent-quality-dump-truck-4-stage-hydraulic-cylinder-for-trailer\/","title":{"rendered":"Wysokiej jako\u015bci 4-stopniowy si\u0142ownik hydrauliczny do wywrotki do przyczepy"},"content":{"rendered":"<h2>Przedstawiamy innowacyjny 4-stopniowy si\u0142ownik hydrauliczny do maszyn ci\u0119\u017ckich<\/h2>\n<p>Nasz najwy\u017cszej jako\u015bci, 4-stopniowy si\u0142ownik hydrauliczny zosta\u0142 zaprojektowany specjalnie do wywrotek i przyczep i gwarantuje wyj\u0105tkow\u0105 wydajno\u015b\u0107 w r\u00f3\u017cnych bran\u017cach, w tym w zak\u0142adach produkcyjnych, warsztatach naprawczych maszyn, gospodarstwach rolnych, energetyce i g\u00f3rnictwie oraz fabrykach maszyn. Ten nowy, ulepszony si\u0142ownik hydrauliczny to prze\u0142om w bran\u017cy maszyn ci\u0119\u017ckich, dzi\u0119ki wytrzyma\u0142emu stalowemu korpusowi i maksymalnej sile ci\u0105gu 3000.<\/p>\n<h2>Cechy cylindra hydraulicznego 4-stopniowego<\/h2>\n<p>4-stopniowy si\u0142ownik hydrauliczny wyr\u00f3\u017cnia si\u0119 na tle konkurencji dzi\u0119ki swoim cechom, kt\u00f3re gwarantuj\u0105 najlepsz\u0105 wydajno\u015b\u0107 w ka\u017cdych warunkach:<\/p>\n<p><img decoding=\"async\" src=\"https:\/\/hzpt.com\/wp-content\/uploads\/2023\/11\/Inverted-Telescopic-Cylinder-16.webp\" alt=\"\" title=\"\"><\/p>\n<ol>\n<li><b>Trwa\u0142o\u015b\u0107:<\/b> Ten si\u0142ownik hydrauliczny ma solidn\u0105 konstrukcj\u0119 stalow\u0105 i jest przystosowany do intensywnego u\u017cytkowania.<\/li>\n<li><b>Wysoka wydajno\u015b\u0107:<\/b> Maksymalna si\u0142a ci\u0105gu 3000 i maksymalny uci\u0105g 20 ton umo\u017cliwiaj\u0105 mu wydajne wykonywanie ci\u0119\u017ckich zada\u0144.<\/li>\n<li><b>Mo\u017cliwo\u015b\u0107 dostosowania:<\/b> Dzi\u0119ki \u015brednicom otworu od 2 do 6 cali, rozmiarom t\u0142oczyska od 1,125 do 4 cali i skokowi t\u0142oka od 6 do 48 cali, cylinder ten mo\u017cna dostosowa\u0107 do konkretnych wymaga\u0144.<\/li>\n<li><b>Zapewnienie jako\u015bci:<\/b> Produkt obj\u0119ty jest roczn\u0105 gwarancj\u0105 na g\u0142\u00f3wne podzespo\u0142y i posiada certyfikat ISO9001:2000, co potwierdza wysokie standardy jako\u015bci.<\/li>\n<li><b>Innowacyjny projekt:<\/b> Konstrukcja odwr\u00f3conego cylindra teleskopowego pozwala na efektywniejsze wykorzystanie przestrzeni i zwi\u0119ksza d\u0142ugo\u015b\u0107 skoku cylindra.<\/li>\n<\/ol>\n<h2>Zastosowania cylindra hydraulicznego 4-stopniowego<\/h2>\n<p>Czterostopniowy si\u0142ownik hydrauliczny ma szerokie zastosowanie:<\/p>\n<ol>\n<li><b>Zak\u0142ady produkcyjne:<\/b> Mo\u017cna go stosowa\u0107 w r\u00f3\u017cnych maszynach do cel\u00f3w produkcyjnych.<\/li>\n<li><b>Warsztaty naprawy maszyn:<\/b> Jest to niezb\u0119dne narz\u0119dzie przy naprawach ci\u0119\u017ckiego sprz\u0119tu.<\/li>\n<li><b>Gospodarstwa:<\/b> Mo\u017cna go stosowa\u0107 w sprz\u0119cie rolniczym w celu zwi\u0119kszenia efektywno\u015bci pracy.<\/li>\n<li><b>Energia i g\u00f3rnictwo:<\/b> Cylinder idealnie nadaje si\u0119 do ci\u0119\u017ckich zada\u0144 w sektorze energetycznym i g\u00f3rniczym.<\/li>\n<li><b>Produkcja maszyn:<\/b> Stanowi integralny element w procesie produkcji ci\u0119\u017ckiego sprz\u0119tu.<\/li>\n<\/ol>\n<p><img decoding=\"async\" src=\"https:\/\/hzpt.com\/wp-content\/uploads\/2023\/11\/Inverted-Telescopic-Cylinder-Applications.webp\" alt=\"\" title=\"\"><\/p>\n<h2>Zasada dzia\u0142ania i konserwacja cylindra hydraulicznego 4-stopniowego<\/h2>\n<p>Czterostopniowy si\u0142ownik hydrauliczny dzia\u0142a w oparciu o zasad\u0119 mechaniki p\u0142yn\u00f3w. P\u0142yn hydrauliczny jest pompowany do si\u0142ownika, co generuje si\u0142\u0119 poruszaj\u0105c\u0105 t\u0142ok. Wytworzona si\u0142a jest nast\u0119pnie wykorzystywana do nap\u0119dzania maszyn. Konserwacja si\u0142ownika obejmuje:<\/p>\n<ol>\n<li><b>Regularne kontrole:<\/b> Bardzo wa\u017cne jest okresowe sprawdzanie cylindra pod k\u0105tem zu\u017cycia i uszkodze\u0144.<\/li>\n<li><b>Czyszczenie:<\/b> Prawid\u0142owe czyszczenie cylindra wyd\u0142u\u017ca jego \u017cywotno\u015b\u0107 i zapewnia wydajn\u0105 prac\u0119.<\/li>\n<li><b>Smarowanie:<\/b> Regularne smarowanie zmniejsza tarcie i zapobiega uszkodzeniom cylindra.<\/li>\n<li><b>Wymiana uszczelki:<\/b> Aby zapobiec wyciekowi p\u0142ynu hydraulicznego, konieczna jest okresowa wymiana uszczelek.<\/li>\n<li><b>Zgodnie z instrukcj\u0105 obs\u0142ugi:<\/b> Instrukcja obs\u0142ugi zawiera szczeg\u00f3\u0142owe wskaz\u00f3wki dotycz\u0105ce obs\u0142ugi i konserwacji cylindra.<\/li>\n<\/ol>\n<p><img decoding=\"async\" class=\"aligncenter\" src=\"https:\/\/hzpt.com\/wp-content\/uploads\/2023\/11\/Inverted-Telescopic-Cylinder-19.webp\" alt=\"\" title=\"\"><\/p>\n<h2>Odwr\u00f3cony cylinder teleskopowy<\/h2>\n<p>Odwr\u00f3cony si\u0142ownik teleskopowy to specjalistyczny si\u0142ownik hydrauliczny powszechnie stosowany w bran\u017cy budowlanej, szczeg\u00f3lnie w wywrotkach i przyczepach. Zosta\u0142 zaprojektowany z my\u015bl\u0105 o zapewnieniu doskona\u0142ej jako\u015bci i wydajno\u015bci, gwarantuj\u0105c p\u0142ynn\u0105 i wydajn\u0105 prac\u0119 w ci\u0119\u017ckich zastosowaniach. W tym artykule om\u00f3wiono funkcje, funkcjonalno\u015b\u0107 i zalety doskona\u0142ej jako\u015bci 4-stopniowego si\u0142ownika hydraulicznego do wywrotek i przyczep.<\/p>\n<h3>1. Budowa i projektowanie<\/h3>\n<p>Wysokiej jako\u015bci, 4-stopniowy si\u0142ownik hydrauliczny do wywrotek do przyczep zosta\u0142 starannie wykonany, aby sprosta\u0107 rygorystycznym wymaganiom zwi\u0105zanym z podnoszeniem i wy\u0142adunkiem ci\u0119\u017ckich \u0142adunk\u00f3w. Sk\u0142ada si\u0119 z czterech niezale\u017cnych stopni, z kt\u00f3rych ka\u017cdy posiada w\u0142asny zesp\u00f3\u0142 t\u0142oka i t\u0142oczyska. Taka konstrukcja pozwala na uzyskanie d\u0142u\u017cszego skoku przy zachowaniu kompaktowych rozmiar\u00f3w. Si\u0142ownik wykonany jest z wysokiej jako\u015bci materia\u0142\u00f3w, takich jak hartowana stal, co gwarantuje trwa\u0142o\u015b\u0107 i d\u0142ugowieczno\u015b\u0107.<\/p>\n<h3>2. Funkcjonalno\u015b\u0107 i dzia\u0142anie<\/h3>\n<p>Pod wzgl\u0119dem funkcjonalno\u015bci, odwr\u00f3cony si\u0142ownik teleskopowy zachwyca. Dzia\u0142a on na zasadzie ci\u015bnienia hydraulicznego, wykorzystuj\u0105c p\u0142yn hydrauliczny do generowania si\u0142y. Si\u0142ownik wysuwa si\u0119 i chowa teleskopowo, a ka\u017cdy stopie\u0144 porusza si\u0119 synchronicznie, zapewniaj\u0105c p\u0142ynny i kontrolowany ruch. Taka konstrukcja umo\u017cliwia precyzyjn\u0105 kontrol\u0119 nad procesem podnoszenia i opr\u00f3\u017cniania, umo\u017cliwiaj\u0105c operatorom \u0142atwe podnoszenie ci\u0119\u017ckich \u0142adunk\u00f3w.<\/p>\n<h3>3. Zalety i korzy\u015bci<\/h3>\n<p>Wysokiej jako\u015bci, 4-stopniowy si\u0142ownik hydrauliczny do wywrotek do przyczep oferuje szereg zalet w por\u00f3wnaniu z tradycyjnymi si\u0142ownikami hydraulicznymi. Po pierwsze, jego odwr\u00f3cona konstrukcja zmniejsza ryzyko uszkodze\u0144 spowodowanych czynnikami zewn\u0119trznymi, takimi jak brud, zanieczyszczenia i wilgo\u0107. Zapewnia to d\u0142u\u017csz\u0105 \u017cywotno\u015b\u0107 i minimalizuje wymagania konserwacyjne. Dodatkowo, czterostopniowa konfiguracja zapewnia wi\u0119kszy zakres ruchu, dzi\u0119ki czemu idealnie nadaje si\u0119 do zastosowa\u0144 wymagaj\u0105cych d\u0142u\u017cszego skoku.<\/p>\n<p>Co wi\u0119cej, wyj\u0105tkowa jako\u015b\u0107 tego si\u0142ownika hydraulicznego gwarantuje niezawodn\u0105 prac\u0119 nawet w trudnych warunkach. Jego solidna konstrukcja i precyzja wykonania przyczyniaj\u0105 si\u0119 do zwi\u0119kszenia bezpiecze\u0144stwa i wydajno\u015bci na placu budowy. Niezale\u017cnie od tego, czy chodzi o podnoszenie ci\u0119\u017ckich \u0142adunk\u00f3w, czy zrzucanie materia\u0142\u00f3w, 4-stopniowy si\u0142ownik hydrauliczny zapewnia optymaln\u0105 moc i kontrol\u0119.<\/p>\n<p>Podsumowuj\u0105c, si\u0142ownik hydrauliczny 4-stopniowy do wywrotek Excellent Quality Dump Truck do przyczep to najwy\u017cszej klasy komponent hydrauliczny, kt\u00f3ry sprawdza si\u0119 w bran\u017cy budowlanej. Jego odwr\u00f3cona teleskopowa konstrukcja, w po\u0142\u0105czeniu z zastosowaniem wysokiej jako\u015bci materia\u0142\u00f3w, gwarantuje trwa\u0142o\u015b\u0107, wydajno\u015b\u0107 i bezpiecze\u0144stwo. Dzi\u0119ki niezawodnej pracy i wyd\u0142u\u017conemu skokowi, ten si\u0142ownik hydrauliczny jest cennym atutem ka\u017cdej wywrotki lub przyczepy. Zaufaj si\u0142ownikowi hydraulicznemu 4-stopniowemu do wywrotek Excellent Quality Dump Truck do przyczep, aby wykona\u0107 zadanie z precyzj\u0105 i doskona\u0142o\u015bci\u0105.<\/p>\n<h3>O FMP \u2013 cylindrze hydraulicznym<\/h3>\n<p>FMP to wiod\u0105ca firma specjalizuj\u0105ca si\u0119 w sprzeda\u017cy i serwisie cz\u0119\u015bci oraz kompletnych maszyn budowlanych. Dostarczamy wysokiej jako\u015bci i niezawodne cz\u0119\u015bci oraz kompletne rozwi\u0105zania maszynowe, bazuj\u0105c na wieloletnim do\u015bwiadczeniu w bran\u017cy i profesjonalnym zespole zlokalizowanym we W\u0142oszech. Nasza firma oferuje szerok\u0105 gam\u0119 produkt\u00f3w, w tym przek\u0142adnie do maszyn rolniczych, przek\u0142adnie planetarne, przek\u0142adnie przemys\u0142owe oraz r\u00f3\u017cnego rodzaju cz\u0119\u015bci do maszyn budowlanych.<\/p>\n<p>Oto niekt\u00f3re zalety i cechy naszego cylindra hydraulicznego:<\/p>\n<p>1. Materia\u0142y wysokiej jako\u015bci: Nasze cylindry hydrauliczne s\u0105 produkowane z wysokiej jako\u015bci materia\u0142\u00f3w, kt\u00f3re s\u0105 wytrzyma\u0142e, trwa\u0142e i d\u0142ugotrwa\u0142e. Dbamy o to, aby nasze produkty spe\u0142nia\u0142y surowe standardy jako\u015bci i by\u0142y projektowane tak, aby zapewni\u0107 klientom optymaln\u0105 wydajno\u015b\u0107.<\/p>\n<p>2. Mo\u017cliwo\u015b\u0107 dostosowania: Oferujemy cylindry hydrauliczne z mo\u017cliwo\u015bci\u0105 dostosowania do indywidualnych potrzeb naszych klient\u00f3w. Mo\u017cesz wybra\u0107 odpowiedni rozmiar, skok i \u015brednic\u0119 otworu do swojego zastosowania.<\/p>\n<p>3. Szeroki zakres zastosowa\u0144: Nasze si\u0142owniki hydrauliczne mo\u017cna stosowa\u0107 w wielu zastosowaniach, m.in. w maszynach rolniczych, maszynach budowlanych i maszynach przemys\u0142owych.<\/p>\n<p>4. M\u0105dre sugestie zakupowe: Nasz do\u015bwiadczony zesp\u00f3\u0142 sprzeda\u017cy zna trendy rozwojowe i potrzeby klient\u00f3w w bran\u017cy maszyn budowlanych. Zapewniamy profesjonalne doradztwo produktowe i trafne sugestie zakupowe.<\/p>\n<p>5. Efektywna logistyka: Dysponujemy efektywnym systemem dystrybucji logistycznej, kt\u00f3ry gwarantuje, \u017ce klienci otrzymaj\u0105 potrzebne cz\u0119\u015bci na czas i w odpowiedni spos\u00f3b.<\/p>\n<p>W FMP dok\u0142adamy wszelkich stara\u0144, aby dostarcza\u0107 wysokiej jako\u015bci, niezawodne i dostosowane do indywidualnych potrzeb cylindry hydrauliczne, spe\u0142niaj\u0105ce specyficzne potrzeby naszych klient\u00f3w. Nasz zesp\u00f3\u0142 jest zawsze gotowy, aby zapewni\u0107 Pa\u0144stwu profesjonaln\u0105 i sprawn\u0105 obs\u0142ug\u0119. Wybierz FMP jako swojego dostawc\u0119 cylindr\u00f3w hydraulicznych, a zapewnimy Ci najlepsze produkty i us\u0142ugi.<\/p>\n<p><img decoding=\"async\" class=\"aligncenter\" src=\"https:\/\/fmp-components.com\/wp-content\/uploads\/2024\/12\/Adjustable-Clevis-Type-Cylinders-6.webp\" alt=\"Regulowany cylinder typu wide\u0142kowego\" width=\"820\" title=\"\"><br \/>\nAutor:CX<\/p>","protected":false},"excerpt":{"rendered":"<p>Introducing the Innovative 4-Stage Hydraulic Cylinder for Heavy-Duty Machinery Our superior quality, 4-stage hydraulic cylinder is designed explicitly for dump trucks and trailers and is guaranteed to provide exceptional performance in various industries, including manufacturing plants, machinery repair shops, farms, energy &amp; mining, and machinery factories. This new and improved hydraulic cylinder is a game-changer [&hellip;]<\/p>","protected":false},"featured_media":1638,"comment_status":"closed","ping_status":"closed","template":"","meta":{"_et_pb_use_builder":"","_et_pb_old_content":"","_et_gb_content_width":""},"product_brand":[],"product_cat":[45],"product_tag":[34,48],"class_list":{"0":"post-1637","1":"product","2":"type-product","3":"status-publish","4":"has-post-thumbnail","6":"product_cat-inverted-telescopic-cylinder","7":"product_tag-hydraulic-cylinder","8":"product_tag-inverted-telescopic-cylinder","10":"first","11":"instock","12":"product-type-simple"},"_links":{"self":[{"href":"https:\/\/fmp-components.com\/pl\/wp-json\/wp\/v2\/product\/1637","targetHints":{"allow":["GET"]}}],"collection":[{"href":"https:\/\/fmp-components.com\/pl\/wp-json\/wp\/v2\/product"}],"about":[{"href":"https:\/\/fmp-components.com\/pl\/wp-json\/wp\/v2\/types\/product"}],"replies":[{"embeddable":true,"href":"https:\/\/fmp-components.com\/pl\/wp-json\/wp\/v2\/comments?post=1637"}],"wp:featuredmedia":[{"embeddable":true,"href":"https:\/\/fmp-components.com\/pl\/wp-json\/wp\/v2\/media\/1638"}],"wp:attachment":[{"href":"https:\/\/fmp-components.com\/pl\/wp-json\/wp\/v2\/media?parent=1637"}],"wp:term":[{"taxonomy":"product_brand","embeddable":true,"href":"https:\/\/fmp-components.com\/pl\/wp-json\/wp\/v2\/product_brand?post=1637"},{"taxonomy":"product_cat","embeddable":true,"href":"https:\/\/fmp-components.com\/pl\/wp-json\/wp\/v2\/product_cat?post=1637"},{"taxonomy":"product_tag","embeddable":true,"href":"https:\/\/fmp-components.com\/pl\/wp-json\/wp\/v2\/product_tag?post=1637"}],"curies":[{"name":"wp","href":"https:\/\/api.w.org\/{rel}","templated":true}]}}