{"id":1635,"date":"2024-12-23T06:59:20","date_gmt":"2024-12-23T06:59:20","guid":{"rendered":"https:\/\/fmp-components.com\/product\/professional-double-acting-dump-trailer-telescopic-hydraulic-cylinder\/"},"modified":"2024-12-23T08:40:15","modified_gmt":"2024-12-23T08:40:15","slug":"professional-double-acting-dump-trailer-telescopic-hydraulic-cylinder","status":"publish","type":"product","link":"https:\/\/fmp-components.com\/pl\/product\/professional-double-acting-dump-trailer-telescopic-hydraulic-cylinder\/","title":{"rendered":"Profesjonalny teleskopowy si\u0142ownik hydrauliczny do przyczepy wywrotki dwustronnego dzia\u0142ania"},"content":{"rendered":"<p>Profesjonalny teleskopowy si\u0142ownik hydrauliczny dwustronnego dzia\u0142ania do przyczep wywrotek to wysokiej jako\u015bci si\u0142ownik hydrauliczny zaprojektowany specjalnie do przyczep wywrotek. Dzi\u0119ki zaawansowanej technologii i trwa\u0142ej konstrukcji, si\u0142ownik ten zapewnia niezawodn\u0105 i wydajn\u0105 prac\u0119 r\u00f3\u017cnych uk\u0142ad\u00f3w hydraulicznych.<\/p>\n<p>Jedn\u0105 z kluczowych cech tego produktu jest konstrukcja dwustronnego dzia\u0142ania. Oznacza to, \u017ce mo\u017ce on generowa\u0107 si\u0142\u0119 w obu kierunkach, umo\u017cliwiaj\u0105c p\u0142ynny i kontrolowany ruch podczas wysuwania i wsuwania si\u0142ownika. Funkcja ta jest szczeg\u00f3lnie przydatna w przypadku przyczep wywrotek, poniewa\u017c umo\u017cliwia \u0142atwe podnoszenie i opuszczanie ci\u0119\u017ckich \u0142adunk\u00f3w.<\/p>\n<p>Teleskopowa konstrukcja tego si\u0142ownika hydraulicznego dodatkowo zwi\u0119ksza jego funkcjonalno\u015b\u0107. Dzi\u0119ki wielu stopniom lub sekcjom si\u0142ownik mo\u017cna wysuwa\u0107 i wsuwa\u0107 na r\u00f3\u017cne d\u0142ugo\u015bci, zapewniaj\u0105c wszechstronne mo\u017cliwo\u015bci podnoszenia. Dzi\u0119ki temu nadaje si\u0119 do szerokiego zakresu zastosowa\u0144, w tym do przyczep wywrotek o r\u00f3\u017cnych rozmiarach i pojemno\u015bciach.<\/p>\n<p>Profesjonalny teleskopowy si\u0142ownik hydrauliczny dwustronnego dzia\u0142ania do wywrotek zosta\u0142 zaprojektowany z my\u015bl\u0105 o pracy w trudnych warunkach. Wykonany z wysokiej jako\u015bci materia\u0142\u00f3w, oferuje doskona\u0142\u0105 odporno\u015b\u0107 na korozj\u0119, zu\u017cycie i uderzenia. Gwarantuje to jego d\u0142ugowieczno\u015b\u0107 i niezawodn\u0105 prac\u0119 nawet w trudnych warunkach.<\/p>\n<p>Monta\u017c i konserwacja tego si\u0142ownika hydraulicznego s\u0105 r\u00f3wnie\u017c bezproblemowe. Do zestawu do\u0142\u0105czona jest przejrzysta instrukcja, umo\u017cliwiaj\u0105ca szybk\u0105 i sprawn\u0105 konfiguracj\u0119. Regularna konserwacja, taka jak smarowanie i przegl\u0105dy, pomo\u017ce zapewni\u0107 optymaln\u0105 wydajno\u015b\u0107 i wyd\u0142u\u017cy\u0107 jego \u017cywotno\u015b\u0107.<\/p>\n<p>Podsumowuj\u0105c, profesjonalny teleskopowy si\u0142ownik hydrauliczny dwustronnego dzia\u0142ania do wywrotek to niezawodne i wydajne rozwi\u0105zanie dla wywrotek. Dzi\u0119ki dwustronnemu dzia\u0142aniu, teleskopowej funkcjonalno\u015bci i trwa\u0142ej konstrukcji zapewnia p\u0142ynne i kontrolowane podnoszenie i opuszczanie. Zar\u00f3wno do u\u017cytku komercyjnego, jak i osobistego, ten si\u0142ownik hydrauliczny oferuje wydajno\u015b\u0107 i trwa\u0142o\u015b\u0107 niezb\u0119dne w r\u00f3\u017cnych uk\u0142adach hydraulicznych.<\/p>\n<h2>Przedstawiamy nasz najwy\u017cszej klasy profesjonalny teleskopowy si\u0142ownik hydrauliczny do przyczep wywrotek dwustronnego dzia\u0142ania<\/h2>\n<p>Ten zupe\u0142nie nowy produkt zosta\u0142 wykonany z precyzj\u0105 i zaprojektowany z my\u015bl\u0105 o szerokim spektrum bran\u017c. Dzi\u0119ki wadze 78 kg i kluczowym komponentom, takim jak \u0142o\u017cysko i cylinder t\u0142okowy, produkt ten zapewnia wyj\u0105tkow\u0105 wydajno\u015b\u0107. Ten si\u0142ownik hydrauliczny to standardowy odwr\u00f3cony si\u0142ownik teleskopowy ze stalowym korpusem i wydajnym uk\u0142adem hydraulicznym. Oferuje maksymaln\u0105 si\u0142\u0119 ci\u0105gu 3000 i uci\u0105g 20 ton, co czyni go niezawodnym wyborem do ci\u0119\u017ckich zastosowa\u0144.<\/p>\n<h2>Cechy teleskopowego cylindra hydraulicznego<\/h2>\n<ul>\n<li>1 rok gwarancji na g\u0142\u00f3wne komponenty<\/li>\n<li>Certyfikacja ISO9001:2000<\/li>\n<li>Materia\u0142 korpusu wykonany ze stali zapewniaj\u0105cy wytrzyma\u0142o\u015b\u0107<\/li>\n<li>Maksymalna si\u0142a ci\u0105gu 3000 i maksymalny uci\u0105g 20 ton<\/li>\n<li>Zakres \u015brednicy otworu od 2 do 6 cali i \u015brednica pr\u0119ta od 1,125 do 4 cali<\/li>\n<\/ul>\n<p><img decoding=\"async\" src=\"https:\/\/hzpt.com\/wp-content\/uploads\/2023\/11\/Inverted-Telescopic-Cylinder-7.webp\" alt=\"\" title=\"\"><\/p>\n<h2>Zastosowania teleskopowego cylindra hydraulicznego<\/h2>\n<ul>\n<li>Zak\u0142ady produkcyjne<\/li>\n<li>Warsztaty naprawy maszyn<\/li>\n<li>Gospodarstwa<\/li>\n<li>Firmy energetyczne i g\u00f3rnicze<\/li>\n<li>Produkcja maszyn i fabryki maszyn<\/li>\n<\/ul>\n<p><img decoding=\"async\" src=\"https:\/\/hzpt.com\/wp-content\/uploads\/2023\/11\/Inverted-Telescopic-Cylinder-Applications.webp\" alt=\"Zastosowania odwr\u00f3conego cylindra teleskopowego\" title=\"\"><\/p>\n<h2>Zasada dzia\u0142ania i konserwacja cylindra hydraulicznego<\/h2>\n<p>Si\u0142ownik hydrauliczny dzia\u0142a w oparciu o zasad\u0119 mno\u017cenia si\u0142y poprzez ci\u015bnienie p\u0142ynu hydraulicznego. P\u0142yn hydrauliczny jest wprowadzany do \u015brodka, co skutkuje si\u0142\u0105 wyj\u015bciow\u0105. Konserwacja wymaga regularnych przegl\u0105d\u00f3w, czyszczenia i smarowania. Regularne przegl\u0105dy i naprawy zapewniaj\u0105 d\u0142ug\u0105 \u017cywotno\u015b\u0107 produktu, a wymiana uszczelnie\u0144 gwarantuje integralno\u015b\u0107 systemu. Przestrzeganie instrukcji obs\u0142ugi ma kluczowe znaczenie dla utrzymania wydajno\u015bci i trwa\u0142o\u015bci produktu.<\/p>\n<p><img decoding=\"async\" src=\"https:\/\/hzpt.com\/wp-content\/uploads\/2023\/11\/Inverted-Telescopic-Cylinder-24.webp\" alt=\"\" title=\"\"><\/p>\n<h2>Odwr\u00f3cony cylinder teleskopowy<\/h2>\n<p>Si\u0142ownik hydrauliczny to si\u0142ownik mechaniczny, kt\u00f3ry s\u0142u\u017cy do generowania si\u0142y liniowej za pomoc\u0105 p\u0142ynu hydraulicznego. Jednym z rodzaj\u00f3w si\u0142ownik\u00f3w hydraulicznych jest odwr\u00f3cony si\u0142ownik teleskopowy, powszechnie stosowany w zastosowaniach takich jak przyczepy wywrotki. W tym wpisie na blogu om\u00f3wimy cechy i funkcje odwr\u00f3conego si\u0142ownika teleskopowego oraz szczeg\u00f3\u0142owo om\u00f3wimy jego zalety i zastosowania.<\/p>\n<p><strong>Cechy:<\/strong><\/p>\n<ul>\n<li>Odwr\u00f3cony cylinder teleskopowy, znany r\u00f3wnie\u017c jako dwustronnego dzia\u0142ania teleskopowy cylinder hydrauliczny wywrotki, sk\u0142ada si\u0119 z wielu stopni lub sekcji, kt\u00f3re wsuwaj\u0105 si\u0119 jedna w drug\u0105.<\/li>\n<li>Ka\u017cda sekcja cylindra nazywana jest stopniem i zazwyczaj jest wykonana z wysokiej jako\u015bci stali, co zapewnia jej wytrzyma\u0142o\u015b\u0107 i trwa\u0142o\u015b\u0107.<\/li>\n<li>Cylinder zaprojektowano tak, aby chowa\u0142 si\u0119 do \u015brodka, co pozwala na uzyskanie kompaktowej i oszcz\u0119dzaj\u0105cej miejsce konstrukcji.<\/li>\n<li>Mo\u017ce zar\u00f3wno pcha\u0107, jak i ci\u0105gn\u0105\u0107 \u0142adunki, co czyni go wszechstronnym rozwi\u0105zaniem do r\u00f3\u017cnych zastosowa\u0144.<\/li>\n<\/ul>\n<p><strong>Funkcje:<\/strong><\/p>\n<p>Odwr\u00f3cony cylinder teleskopowy dzia\u0142a poprzez wykorzystanie ci\u015bnienia hydraulicznego do wysuwania i wsuwania stopni. Gdy p\u0142yn hydrauliczny jest pompowany do cylindra, wytwarza ci\u015bnienie, kt\u00f3re naciska na t\u0142ok, powoduj\u0105c wysuwanie stopni. I odwrotnie, gdy p\u0142yn jest uwalniany lub pompowany w przeciwnym kierunku, stopnie wsuwaj\u0105 si\u0119 z powrotem do cylindra. Ten ruch posuwisto-zwrotny umo\u017cliwia precyzyjn\u0105 kontrol\u0119 i p\u0142ynn\u0105 prac\u0119 cylindra.<\/p>\n<p><strong>Korzy\u015bci:<\/strong><\/p>\n<ul>\n<li>Odwr\u00f3cony cylinder teleskopowy zapewnia wysoki stosunek mocy do masy, dzi\u0119ki czemu idealnie nadaje si\u0119 do zastosowa\u0144, w kt\u00f3rych masa i przestrze\u0144 s\u0105 ograniczone.<\/li>\n<li>Zapewnia doskona\u0142\u0105 no\u015bno\u015b\u0107, umo\u017cliwiaj\u0105c sprawne podnoszenie i opuszczanie ci\u0119\u017ckich \u0142adunk\u00f3w.<\/li>\n<li>Dzi\u0119ki kompaktowej konstrukcji mo\u017cna go \u0142atwo zainstalowa\u0107 i zintegrowa\u0107 z r\u00f3\u017cnymi systemami lub urz\u0105dzeniami.<\/li>\n<li>Dwustronne dzia\u0142anie cylindra pozwala mu wykonywa\u0107 zadania w obu kierunkach, co zwi\u0119ksza jego og\u00f3ln\u0105 wydajno\u015b\u0107 i produktywno\u015b\u0107.<\/li>\n<\/ul>\n<p><strong>Zastosowania:<\/strong><\/p>\n<p>Odwr\u00f3cony si\u0142ownik teleskopowy znajduje szerokie zastosowanie w przyczepach wywrotkach, gdzie odpowiada za podnoszenie i opuszczanie skrzyni \u0142adunkowej w celu roz\u0142adunku materia\u0142\u00f3w. Jego zdolno\u015b\u0107 do generowania du\u017cej si\u0142y i wytrzymywania du\u017cych obci\u0105\u017ce\u0144 sprawia, \u017ce \u200b\u200bjest idealnym wyborem do tego zastosowania. Ponadto, jest on r\u00f3wnie\u017c stosowany w wielu innych bran\u017cach, w tym w budownictwie, rolnictwie i gospodarce odpadami, gdzie wymagane jest podnoszenie i pozycjonowanie.<\/p>\n<p>Podsumowuj\u0105c, odwr\u00f3cony si\u0142ownik teleskopowy, znany r\u00f3wnie\u017c jako teleskopowy si\u0142ownik hydrauliczny dwustronnego dzia\u0142ania do wywrotek, oferuje kompaktow\u0105 konstrukcj\u0119, doskona\u0142\u0105 no\u015bno\u015b\u0107 i wszechstronn\u0105 funkcjonalno\u015b\u0107. Jego zastosowanie w wywrotkach i innych ga\u0142\u0119ziach przemys\u0142u \u015bwiadczy o jego wydajno\u015bci i niezawodno\u015bci. Niezale\u017cnie od tego, czy chodzi o podnoszenie ci\u0119\u017ckich \u0142adunk\u00f3w, czy o zapewnienie precyzyjnej kontroli, ten si\u0142ownik hydrauliczny stanowi kluczowy element r\u00f3\u017cnych uk\u0142ad\u00f3w hydraulicznych.<\/p>\n<h3>O FMP<\/h3>\n<p><img decoding=\"async\" src=\"https:\/\/fmp-components.com\/wp-content\/uploads\/2024\/12\/Adjustable-Clevis-Type-Cylinders-6.webp\" alt=\"Regulowany cylinder typu wide\u0142kowego\" width=\"819\" title=\"\"><\/p>\n<p>FMP to wiod\u0105ca firma specjalizuj\u0105ca si\u0119 w produkcji i sprzeda\u017cy si\u0142ownik\u00f3w hydraulicznych. Dzi\u0119ki naszemu bogatemu do\u015bwiadczeniu w bran\u017cy i profesjonalnemu zespo\u0142owi, jeste\u015bmy w stanie dostarcza\u0107 naszym klientom wysokiej jako\u015bci i niezawodne si\u0142owniki hydrauliczne do r\u00f3\u017cnorodnych zastosowa\u0144 w maszynach budowlanych.<\/p>\n<p>1. Szeroki asortyment produkt\u00f3w:<br \/>\nOferujemy szerok\u0105 gam\u0119 si\u0142ownik\u00f3w hydraulicznych, kt\u00f3re zaspokoj\u0105 zr\u00f3\u017cnicowane potrzeby maszyn budowlanych. Nasza oferta obejmuje si\u0142owniki z regulowanym wide\u0142kiem, si\u0142owniki spawane, si\u0142owniki teleskopowe i wiele innych. Ta szeroka gama produkt\u00f3w gwarantuje, \u017ce znajdziemy odpowiedni si\u0142ownik hydrauliczny, kt\u00f3ry spe\u0142ni Pa\u0144stwa indywidualne wymagania.<\/p>\n<p>2. Najwy\u017csza jako\u015b\u0107:<br \/>\nW FMP priorytetowo traktujemy jako\u015b\u0107 i dbamy o to, aby wszystkie nasze cylindry hydrauliczne spe\u0142nia\u0142y surowe standardy jako\u015bci. Nawi\u0105zali\u015bmy d\u0142ugotrwa\u0142e i stabilne relacje z wysokiej jako\u015bci dostawcami, zar\u00f3wno krajowymi, jak i zagranicznymi. Dzi\u0119ki temu pozyskujemy najwy\u017cszej jako\u015bci materia\u0142y i komponenty, co przek\u0142ada si\u0119 na trwa\u0142o\u015b\u0107, wydajno\u015b\u0107 i niezawodno\u015b\u0107 cylindr\u00f3w hydraulicznych.<\/p>\n<p>3. Profesjonalny zesp\u00f3\u0142 sprzeda\u017cy:<br \/>\nNasz do\u015bwiadczony i wykwalifikowany zesp\u00f3\u0142 sprzeda\u017cy posiada dog\u0142\u0119bn\u0105 wiedz\u0119 na temat bran\u017cy maszyn budowlanych. S\u0105 na bie\u017c\u0105co z najnowszymi trendami w bran\u017cy i rozumiej\u0105 specyficzne potrzeby naszych klient\u00f3w. Dzi\u0119ki swojej wiedzy i do\u015bwiadczeniu zapewniaj\u0105 profesjonalne doradztwo produktowe, pomagaj\u0105c w wyborze si\u0142ownika hydraulicznego, kt\u00f3ry najlepiej odpowiada Pa\u0144stwa potrzebom.<\/p>\n<p>4. M\u0105dre sugestie zakupowe:<br \/>\nRozumiej\u0105c, \u017ce ka\u017cdy klient ma unikalne potrzeby, nasz zesp\u00f3\u0142 sprzeda\u017cy dok\u0142ada wszelkich stara\u0144, aby oferowa\u0107 przemy\u015blane sugestie zakupowe. Uwzgl\u0119dniaj\u0105 oni takie czynniki, jak wymagania dotycz\u0105ce zastosowania, ograniczenia bud\u017cetowe i wymagania projektu, aby zarekomendowa\u0107 najbardziej odpowiedni si\u0142ownik hydrauliczny. To spersonalizowane podej\u015bcie gwarantuje podj\u0119cie \u015bwiadomej decyzji i znalezienie odpowiedniego rozwi\u0105zania.<\/p>\n<p>5. Efektywna dystrybucja logistyczna:<br \/>\nJeste\u015bmy dumni z naszego sprawnego systemu dystrybucji logistycznej, kt\u00f3ry zapewnia terminow\u0105 i precyzyjn\u0105 dostaw\u0119 cylindr\u00f3w hydraulicznych do naszych klient\u00f3w. Dzi\u0119ki naszemu dobrze zorganizowanemu \u0142a\u0144cuchowi dostaw gwarantujemy szybk\u0105 dostaw\u0119 potrzebnych cylindr\u00f3w hydraulicznych, minimalizuj\u0105c wszelkie op\u00f3\u017anienia i zak\u0142\u00f3cenia w realizacji Pa\u0144stwa projekt\u00f3w budowlanych.<\/p>\n<p>Wsp\u00f3\u0142pracuj z FMP, aby uzyska\u0107 najwy\u017cszej jako\u015bci si\u0142owniki hydrauliczne, kt\u00f3re s\u0105 wspierane przez bran\u017cowe do\u015bwiadczenie, najwy\u017csz\u0105 jako\u015b\u0107 i sprawn\u0105 obs\u0142ug\u0119. Skontaktuj si\u0119 z nami ju\u017c dzi\u015b, aby om\u00f3wi\u0107 swoje potrzeby w zakresie maszyn budowlanych i przekona\u0107 si\u0119, jaka jest r\u00f3\u017cnica mi\u0119dzy FMP a innymi.<\/p>\n<p>Autor:CX<\/p>","protected":false},"excerpt":{"rendered":"<p>The Professional Double Acting Dump Trailer Telescopic Hydraulic Cylinder is a high-quality hydraulic cylinder designed specifically for dump trailers. With its advanced engineering and durable construction, this hydraulic cylinder provides reliable and efficient operation for various hydraulic systems. One of the key features of this product is its double-acting design. This means that it can [&hellip;]<\/p>","protected":false},"featured_media":1636,"comment_status":"closed","ping_status":"closed","template":"","meta":{"_et_pb_use_builder":"","_et_pb_old_content":"","_et_gb_content_width":""},"product_brand":[],"product_cat":[45],"product_tag":[34,48],"class_list":{"0":"post-1635","1":"product","2":"type-product","3":"status-publish","4":"has-post-thumbnail","6":"product_cat-inverted-telescopic-cylinder","7":"product_tag-hydraulic-cylinder","8":"product_tag-inverted-telescopic-cylinder","10":"first","11":"instock","12":"product-type-simple"},"_links":{"self":[{"href":"https:\/\/fmp-components.com\/pl\/wp-json\/wp\/v2\/product\/1635","targetHints":{"allow":["GET"]}}],"collection":[{"href":"https:\/\/fmp-components.com\/pl\/wp-json\/wp\/v2\/product"}],"about":[{"href":"https:\/\/fmp-components.com\/pl\/wp-json\/wp\/v2\/types\/product"}],"replies":[{"embeddable":true,"href":"https:\/\/fmp-components.com\/pl\/wp-json\/wp\/v2\/comments?post=1635"}],"wp:featuredmedia":[{"embeddable":true,"href":"https:\/\/fmp-components.com\/pl\/wp-json\/wp\/v2\/media\/1636"}],"wp:attachment":[{"href":"https:\/\/fmp-components.com\/pl\/wp-json\/wp\/v2\/media?parent=1635"}],"wp:term":[{"taxonomy":"product_brand","embeddable":true,"href":"https:\/\/fmp-components.com\/pl\/wp-json\/wp\/v2\/product_brand?post=1635"},{"taxonomy":"product_cat","embeddable":true,"href":"https:\/\/fmp-components.com\/pl\/wp-json\/wp\/v2\/product_cat?post=1635"},{"taxonomy":"product_tag","embeddable":true,"href":"https:\/\/fmp-components.com\/pl\/wp-json\/wp\/v2\/product_tag?post=1635"}],"curies":[{"name":"wp","href":"https:\/\/api.w.org\/{rel}","templated":true}]}}