{"id":1633,"date":"2024-12-23T06:59:20","date_gmt":"2024-12-23T06:59:20","guid":{"rendered":"https:\/\/fmp-components.com\/product\/hot-sale-dump-truck-4-stage-hydraulic-cylinder-trailer-hydraulic-cylinder\/"},"modified":"2024-12-23T08:34:41","modified_gmt":"2024-12-23T08:34:41","slug":"hot-sale-dump-truck-4-stage-hydraulic-cylinder-trailer-hydraulic-cylinder","status":"publish","type":"product","link":"https:\/\/fmp-components.com\/pl\/product\/hot-sale-dump-truck-4-stage-hydraulic-cylinder-trailer-hydraulic-cylinder\/","title":{"rendered":"Gor\u0105ca sprzeda\u017c wywrotka 4-stopniowy si\u0142ownik hydrauliczny przyczepa si\u0142ownik hydrauliczny"},"content":{"rendered":"<p>Wyprzeda\u017c! Czterostopniowy si\u0142ownik hydrauliczny do wywrotek. Si\u0142ownik hydrauliczny do przyczep to wyj\u0105tkowy produkt, kt\u00f3ry zapewnia niezr\u00f3wnan\u0105 moc i wydajno\u015b\u0107 hydrauliczn\u0105. To wysoce wydajny i niezawodny si\u0142ownik hydrauliczny, idealny do stosowania w wywrotkach, przyczepach i innych zastosowaniach wymagaj\u0105cych du\u017cej wytrzyma\u0142o\u015bci.<\/p>\n<p>Ten si\u0142ownik hydrauliczny charakteryzuje si\u0119 4-stopniow\u0105 konstrukcj\u0105 zoptymalizowan\u0105 pod k\u0105tem maksymalnej mocy i wydajno\u015bci. Si\u0142ownik wykonany jest z wysokiej jako\u015bci materia\u0142\u00f3w, kt\u00f3re wytrzymuj\u0105 ekstremalne ci\u015bnienie i du\u017ce obci\u0105\u017cenia. Wyposa\u017cony jest r\u00f3wnie\u017c w szereg zaawansowanych funkcji, kt\u00f3re u\u0142atwiaj\u0105 jego u\u017cytkowanie i konserwacj\u0119.<\/p>\n<p>Jedn\u0105 z kluczowych zalet cylindra hydraulicznego do wywrotek 4-stopniowych jest jego wyj\u0105tkowa trwa\u0142o\u015b\u0107. Cylinder jest trwa\u0142y i ma solidn\u0105 konstrukcj\u0119, kt\u00f3ra wytrzymuje nawet najtrudniejsze warunki pracy. Jest r\u00f3wnie\u017c wysoce odporny na zu\u017cycie, co gwarantuje niezawodn\u0105 prac\u0119 przez wiele lat.<\/p>\n<p>Opr\u00f3cz wytrzyma\u0142o\u015bci, ten si\u0142ownik hydrauliczny jest r\u00f3wnie\u017c niezwykle wszechstronny. Mo\u017ce by\u0107 stosowany w szerokim zakresie zastosowa\u0144, od wywrotek i przyczep, po d\u017awigi i ci\u0119\u017cki sprz\u0119t. Jego zaawansowana konstrukcja i funkcje u\u0142atwiaj\u0105 personalizacj\u0119 i adaptacj\u0119 do r\u00f3\u017cnych \u015brodowisk pracy i wymaga\u0144.<\/p>\n<p>Podsumowuj\u0105c, si\u0142ownik hydrauliczny do wywrotek 4-stopniowych Hot Sale Dump Truck to wyj\u0105tkowy produkt, kt\u00f3ry oferuje niezr\u00f3wnan\u0105 moc i wydajno\u015b\u0107 hydrauliczn\u0105. Je\u015bli szukasz niezawodnego i wydajnego si\u0142ownika hydraulicznego do ci\u0119\u017ckich zastosowa\u0144, ten produkt b\u0119dzie idealnym wyborem.<\/p>\n<h2>Przedstawiamy nowy, gor\u0105cy model wywrotki z 4-stopniowym si\u0142ownikiem hydraulicznym do przyczepy<\/h2>\n<p>Odkryj najnowszy produkt w naszej ofercie \u2013 4-stopniowy si\u0142ownik hydrauliczny do przyczep, idealny do wywrotek. Ten wytrzyma\u0142y i wysokiej jako\u015bci si\u0142ownik hydrauliczny obj\u0119ty jest roczn\u0105 gwarancj\u0105, co czyni go niezawodnym wyborem dla bran\u017c takich jak produkcja, naprawa maszyn, rolnictwo, energetyka i g\u00f3rnictwo. To nowo\u015b\u0107 na rok 2023, wyposa\u017cona w kluczowe komponenty, takie jak \u0142o\u017cyska i si\u0142ownik t\u0142okowy, zamkni\u0119te w solidnej stalowej obudowie. Urz\u0105dzenie wa\u017cy \u0142\u0105cznie 78 kg i jest dostarczane ze szczeg\u00f3\u0142owym nagraniem wideo z inspekcji wyj\u015bciowej oraz raportem z test\u00f3w maszyn, co gwarantuje spe\u0142nienie najwy\u017cszych standard\u00f3w.<\/p>\n<h2>Cechy 4-stopniowego cylindra hydraulicznego do przyczepy<\/h2>\n<p><img decoding=\"async\" src=\"https:\/\/hzpt.com\/wp-content\/uploads\/2023\/11\/Inverted-Telescopic-Cylinder-6.webp\" alt=\"4-stopniowy si\u0142ownik hydrauliczny Si\u0142ownik hydrauliczny przyczepy\" title=\"\"><\/p>\n<p>Ten si\u0142ownik hydrauliczny wyr\u00f3\u017cnia si\u0119 wieloma cechami:<\/p>\n<ul>\n<li>Standardowa konstrukcja cylindra t\u0142okowego nap\u0119dzana hydraulicznie<\/li>\n<li>Maksymalny ci\u0105g 3000<\/li>\n<li>Odwr\u00f3cone cylindry teleskopowe<\/li>\n<li>Dost\u0119pne porty G\/SAE\/NPT\/M<\/li>\n<li>Maksymalna no\u015bno\u015b\u0107 20 ton<\/li>\n<\/ul>\n<h2>Zastosowania 4-stopniowego cylindra hydraulicznego do przyczep<\/h2>\n<p><img decoding=\"async\" src=\"https:\/\/hzpt.com\/wp-content\/uploads\/2023\/11\/Inverted-Telescopic-Cylinder-Applications.webp\" alt=\"Zastosowania odwr\u00f3conego cylindra teleskopowego\" title=\"\"><\/p>\n<p>Dzi\u0119ki solidnej konstrukcji i licznym funkcjom, 4-stopniowy si\u0142ownik hydrauliczny do przyczep nadaje si\u0119 do szerokiej gamy sektor\u00f3w, w tym:<\/p>\n<ul>\n<li>Zak\u0142ady produkcyjne<\/li>\n<li>Warsztaty naprawcze maszyn<\/li>\n<li>Gospodarstwa<\/li>\n<li>Przemys\u0142 energetyczny i g\u00f3rniczy<\/li>\n<li>Fabryki maszyn<\/li>\n<\/ul>\n<p><img decoding=\"async\" src=\"https:\/\/hzpt.com\/wp-content\/uploads\/2023\/11\/Inverted-Telescopic-Cylinder-24.webp\" alt=\"Maszyny hydrauliczne HZPT\" title=\"\"><\/p>\n<h2>Odwr\u00f3cony cylinder teleskopowy<\/h2>\n<p>Odwr\u00f3cony si\u0142ownik teleskopowy, znany r\u00f3wnie\u017c jako si\u0142ownik hydrauliczny, to si\u0142ownik hydrauliczny powszechnie stosowany w r\u00f3\u017cnych ga\u0142\u0119ziach przemys\u0142u do ci\u0119\u017ckich zastosowa\u0144. Ten typ si\u0142ownika charakteryzuje si\u0119 unikaln\u0105 konstrukcj\u0105, kt\u00f3ra umo\u017cliwia zar\u00f3wno wysuwanie, jak i wsuwanie, dzi\u0119ki czemu idealnie nadaje si\u0119 do zada\u0144 wymagaj\u0105cych precyzyjnej kontroli i du\u017cej si\u0142y.<\/p>\n<p>Jedn\u0105 z kluczowych zalet odwr\u00f3conego cylindra teleskopowego jest jego zdolno\u015b\u0107 do generowania du\u017cej si\u0142y przy zachowaniu kompaktowej konstrukcji. Osi\u0105ga si\u0119 to dzi\u0119ki zastosowaniu wielu stopni, z kt\u00f3rych ka\u017cdy sk\u0142ada si\u0119 z t\u0142oka i cylindra. Stopnie s\u0105 zagnie\u017cd\u017cone jeden w drugim, przy czym najwi\u0119kszy stopie\u0144 znajduje si\u0119 na dole, a najmniejszy na g\u00f3rze. Po przy\u0142o\u017ceniu ci\u015bnienia hydraulicznego t\u0142oczysko wysuwa si\u0119, a stopnie rozk\u0142adaj\u0105, co powoduje ruch teleskopowy.<\/p>\n<p>Wyprzeda\u017c! Czterostopniowy si\u0142ownik hydrauliczny do wywrotek. Si\u0142owniki hydrauliczne do przyczep s\u0105 powszechnie stosowane w wywrotkach, gdzie odgrywaj\u0105 kluczow\u0105 rol\u0119 w mechanizmie przechy\u0142u. Si\u0142ownik jest zamontowany poziomo z boku skrzyni \u0142adunkowej i po\u0142\u0105czony z ram\u0105 oraz skrzyni\u0105. Po doprowadzeniu p\u0142ynu hydraulicznego do si\u0142ownika, t\u0142oczysko wysuwa si\u0119, unosz\u0105c skrzyni\u0119 \u0142adunkow\u0105 i umo\u017cliwiaj\u0105c roz\u0142adunek.<\/p>\n<p>Opr\u00f3cz wywrotek, odwr\u00f3cone cylindry teleskopowe s\u0105 r\u00f3wnie\u017c wykorzystywane w innych zastosowaniach, takich jak sprz\u0119t budowlany i maszyny rolnicze. Ich wszechstronno\u015b\u0107 i wysoki stosunek si\u0142y do \u200b\u200brozmiaru sprawiaj\u0105, \u017ce nadaj\u0105 si\u0119 do zada\u0144 wymagaj\u0105cych podnoszenia, pchania lub ci\u0105gni\u0119cia ci\u0119\u017ckich \u0142adunk\u00f3w.<\/p>\n<p>Konstrukcja i wykonanie odwr\u00f3conego cylindra teleskopowego maj\u0105 kluczowe znaczenie dla jego wydajno\u015bci i niezawodno\u015bci. Zazwyczaj jest on wykonany z wysokiej jako\u015bci materia\u0142\u00f3w, takich jak stal lub aluminium, aby sprosta\u0107 wymagaj\u0105cym warunkom pracy. Cylinder jest uszczelniony, aby zapobiec wyciekom p\u0142ynu hydraulicznego, i wyposa\u017cony w przy\u0142\u0105cza hydrauliczne, kt\u00f3re u\u0142atwiaj\u0105 integracj\u0119 z uk\u0142adami hydraulicznymi.<\/p>\n<p>Og\u00f3lnie rzecz bior\u0105c, odwr\u00f3cony si\u0142ownik teleskopowy to mocny si\u0142ownik hydrauliczny, kt\u00f3ry oferuje precyzyjn\u0105 kontrol\u0119, du\u017c\u0105 si\u0142\u0119 i kompaktow\u0105 konstrukcj\u0119. Jego unikalny ruch teleskopowy pozwala na wydajn\u0105 prac\u0119 w r\u00f3\u017cnych zastosowaniach. Niezale\u017cnie od tego, czy jest stosowany w wywrotkach, sprz\u0119cie budowlanym, czy maszynach rolniczych, odwr\u00f3cony si\u0142ownik teleskopowy jest niezb\u0119dnym elementem, kt\u00f3ry przyczynia si\u0119 do p\u0142ynnej i wydajnej pracy tych maszyn.<\/p>\n<h3>O FMP<\/h3>\n<p>FMP to firma specjalizuj\u0105ca si\u0119 w produkcji i sprzeda\u017cy cylindr\u00f3w hydraulicznych. Maj\u0105c siedzib\u0119 we W\u0142oszech, mamy wieloletnie do\u015bwiadczenie w bran\u017cy maszyn budowlanych i profesjonalny zesp\u00f3\u0142 oddany dostarczaniu wysokiej jako\u015bci i niezawodnych produkt\u00f3w i us\u0142ug.<\/p>\n<p><img decoding=\"async\" src=\"https:\/\/fmp-components.com\/wp-content\/uploads\/2024\/12\/Adjustable-Clevis-Type-Cylinders-6.webp\" alt=\"Regulowany cylinder typu wide\u0142kowego\" width=\"818\" title=\"\"><\/p>\n<p>Oto pi\u0119\u0107 powod\u00f3w, dla kt\u00f3rych powiniene\u015b wybra\u0107 firm\u0119 FMP w zakresie cylindr\u00f3w hydraulicznych:<\/p>\n<ol>\n<li>Szeroka gama produkt\u00f3w: Oferujemy kompleksow\u0105 gam\u0119 cylindr\u00f3w hydraulicznych, w tym regulowane cylindry typu wide\u0142kowego, cylindry z dr\u0105\u017ckiem kierowniczym, cylindry spawane i wiele innych. Bez wzgl\u0119du na Twoje szczeg\u00f3lne wymagania, mamy odpowiedni cylinder dla Ciebie.<\/li>\n<li>Wyj\u0105tkowa jako\u015b\u0107: Wszystkie nasze cylindry hydrauliczne s\u0105 produkowane przy u\u017cyciu materia\u0142\u00f3w najwy\u017cszej jako\u015bci i najnowocze\u015bniejszej technologii. Przestrzegamy \u015bcis\u0142ych standard\u00f3w jako\u015bci, aby zapewni\u0107, \u017ce nasze produkty spe\u0142niaj\u0105 lub przekraczaj\u0105 oczekiwania klient\u00f3w.<\/li>\n<li>Niezawodna wydajno\u015b\u0107: Nasze cylindry hydrauliczne s\u0105 zaprojektowane tak, aby zapewnia\u0107 niezawodn\u0105 i sta\u0142\u0105 wydajno\u015b\u0107 nawet w wymagaj\u0105cych warunkach. S\u0105 zbudowane tak, aby wytrzyma\u0107 du\u017ce obci\u0105\u017cenia i zapewni\u0107 p\u0142ynn\u0105 i wydajn\u0105 prac\u0119.<\/li>\n<li>Konsultacje ekspert\u00f3w: Nasz do\u015bwiadczony zesp\u00f3\u0142 sprzeda\u017cy jest dobrze zorientowany w bran\u017cy maszyn budowlanych. Posiada wiedz\u0119 na temat najnowszych trend\u00f3w i potrzeb klient\u00f3w oraz mo\u017ce zapewni\u0107 profesjonalne konsultacje produktowe, aby pom\u00f3c Ci dokona\u0107 w\u0142a\u015bciwego wyboru dla Twoich projekt\u00f3w.<\/li>\n<li>Efektywna dostawa: Rozumiemy znaczenie terminowej dostawy. Dzi\u0119ki naszemu wydajnemu systemowi dystrybucji logistycznej zapewniamy, \u017ce wymagane cylindry hydrauliczne zostan\u0105 dostarczone do Ciebie terminowo i dok\u0142adnie, minimalizuj\u0105c przestoje i utrzymuj\u0105c Twoje projekty na w\u0142a\u015bciwej drodze.<\/li>\n<\/ol>\n<p>Wsp\u00f3\u0142pracuj z FMP w zakresie potrzeb zwi\u0105zanych z si\u0142ownikami hydraulicznymi i poczuj r\u00f3\u017cnic\u0119. Skontaktuj si\u0119 z nami ju\u017c dzi\u015b, aby om\u00f3wi\u0107 swoje wymagania i znale\u017a\u0107 idealne rozwi\u0105zanie dla swoich maszyn budowlanych.<\/p>\n<p>Autor:CX<\/p>","protected":false},"excerpt":{"rendered":"<p>Hot Sale Dump Truck 4 Stage Hydraulic Cylinder Trailer Hydraulic Cylinder is an exceptional product that is designed to offer unparalleled hydraulic power and performance. It is a highly efficient and reliable hydraulic cylinder that is perfect for use in dump trucks, trailers, and other heavy-duty applications. This hydraulic cylinder features a 4-stage design that [&hellip;]<\/p>","protected":false},"featured_media":1634,"comment_status":"closed","ping_status":"closed","template":"","meta":{"_et_pb_use_builder":"","_et_pb_old_content":"","_et_gb_content_width":""},"product_brand":[],"product_cat":[45],"product_tag":[34,48],"class_list":{"0":"post-1633","1":"product","2":"type-product","3":"status-publish","4":"has-post-thumbnail","6":"product_cat-inverted-telescopic-cylinder","7":"product_tag-hydraulic-cylinder","8":"product_tag-inverted-telescopic-cylinder","10":"first","11":"instock","12":"product-type-simple"},"_links":{"self":[{"href":"https:\/\/fmp-components.com\/pl\/wp-json\/wp\/v2\/product\/1633","targetHints":{"allow":["GET"]}}],"collection":[{"href":"https:\/\/fmp-components.com\/pl\/wp-json\/wp\/v2\/product"}],"about":[{"href":"https:\/\/fmp-components.com\/pl\/wp-json\/wp\/v2\/types\/product"}],"replies":[{"embeddable":true,"href":"https:\/\/fmp-components.com\/pl\/wp-json\/wp\/v2\/comments?post=1633"}],"wp:featuredmedia":[{"embeddable":true,"href":"https:\/\/fmp-components.com\/pl\/wp-json\/wp\/v2\/media\/1634"}],"wp:attachment":[{"href":"https:\/\/fmp-components.com\/pl\/wp-json\/wp\/v2\/media?parent=1633"}],"wp:term":[{"taxonomy":"product_brand","embeddable":true,"href":"https:\/\/fmp-components.com\/pl\/wp-json\/wp\/v2\/product_brand?post=1633"},{"taxonomy":"product_cat","embeddable":true,"href":"https:\/\/fmp-components.com\/pl\/wp-json\/wp\/v2\/product_cat?post=1633"},{"taxonomy":"product_tag","embeddable":true,"href":"https:\/\/fmp-components.com\/pl\/wp-json\/wp\/v2\/product_tag?post=1633"}],"curies":[{"name":"wp","href":"https:\/\/api.w.org\/{rel}","templated":true}]}}