{"id":1631,"date":"2024-12-23T06:59:20","date_gmt":"2024-12-23T06:59:20","guid":{"rendered":"https:\/\/fmp-components.com\/product\/durable-10-ton-hydraulic-telescopic-cylinder-for-trailer\/"},"modified":"2024-12-23T08:38:42","modified_gmt":"2024-12-23T08:38:42","slug":"durable-10-ton-hydraulic-telescopic-cylinder-for-trailer","status":"publish","type":"product","link":"https:\/\/fmp-components.com\/pl\/product\/durable-10-ton-hydraulic-telescopic-cylinder-for-trailer\/","title":{"rendered":"Wytrzyma\u0142y 10-tonowy hydrauliczny si\u0142ownik teleskopowy do przyczepy"},"content":{"rendered":"<h2>Przedstawiamy wytrzyma\u0142y 10-tonowy hydrauliczny si\u0142ownik teleskopowy do przyczep:<\/h2>\n<p>Wytrzyma\u0142y, 10-tonowy hydrauliczny si\u0142ownik teleskopowy do przyczep to wysokiej jako\u015bci i niezawodny produkt, zaprojektowany z my\u015bl\u0105 o zapewnieniu doskona\u0142ej wydajno\u015bci w r\u00f3\u017cnych zastosowaniach przyczep. Dzi\u0119ki solidnej konstrukcji i zaawansowanej technologii hydraulicznej si\u0142ownik ten oferuje wyj\u0105tkow\u0105 ud\u017awig i stabilno\u015b\u0107.<\/p>\n<p>G\u0142\u00f3wne cechy:<br \/>\n1. Wyj\u0105tkowa wytrzyma\u0142o\u015b\u0107: Cylinder zosta\u0142 zaprojektowany tak, aby wytrzyma\u0107 du\u017ce obci\u0105\u017cenia, o maksymalnym ud\u017awigu 10 ton. Gwarantuje to optymaln\u0105 wydajno\u015b\u0107 nawet w trudnych warunkach pracy.<\/p>\n<p>2. Konstrukcja teleskopowa: Funkcja teleskopowa pozwala na \u0142atw\u0105 regulacj\u0119 d\u0142ugo\u015bci cylindra, zapewniaj\u0105c elastyczno\u015b\u0107 i mo\u017cliwo\u015b\u0107 dostosowania do r\u00f3\u017cnych wysoko\u015bci przyczep i wymaga\u0144 dotycz\u0105cych \u0142adunku.<\/p>\n<p>3. Precyzyjna in\u017cynieria: Cylinder zosta\u0142 zaprojektowany z precyzj\u0105, aby zapewni\u0107 p\u0142ynne i kontrolowane ruchy. Zapewnia precyzyjne pozycjonowanie i kontrolowane podnoszenie, zwi\u0119kszaj\u0105c og\u00f3ln\u0105 wydajno\u015b\u0107 operacyjn\u0105.<\/p>\n<p>4. Trwa\u0142a konstrukcja: Wykonany z wysokiej jako\u015bci materia\u0142\u00f3w, cylinder jest odporny na intensywne i ci\u0105g\u0142e u\u017cytkowanie. Jest odporny na korozj\u0119, zu\u017cycie i uszkodzenia, co zapewnia d\u0142ugotrwa\u0142\u0105 trwa\u0142o\u015b\u0107.<\/p>\n<p>5. \u0141atwa instalacja: Cylinder zosta\u0142 zaprojektowany z my\u015bl\u0105 o \u0142atwej instalacji, wymagaj\u0105cej minimalnego czasu i wysi\u0142ku. W zestawie znajduj\u0105 si\u0119 wszystkie niezb\u0119dne akcesoria monta\u017cowe i przejrzysta instrukcja, co u\u0142atwia konfiguracj\u0119.<\/p>\n<p>6. Wszechstronne zastosowanie: Cylinder nadaje si\u0119 do r\u00f3\u017cnych typ\u00f3w przyczep, w tym przyczep z p\u0142ask\u0105 platform\u0105, wywrotek i przyczep u\u017cytkowych. Zosta\u0142 zaprojektowany tak, aby sprosta\u0107 zr\u00f3\u017cnicowanym potrzebom w zakresie podnoszenia i transportu w takich bran\u017cach jak budownictwo, rolnictwo i transport.<\/p>\n<p>7. \u015arodki bezpiecze\u0144stwa: Cylinder jest wyposa\u017cony w zabezpieczenia gwarantuj\u0105ce bezpieczn\u0105 i niezawodn\u0105 prac\u0119. Obejmuje on zabezpieczenie przed przeci\u0105\u017ceniem, uszczelki zabezpieczaj\u0105ce przed wyciekami oraz wbudowany system blokady bezpiecze\u0144stwa dla wi\u0119kszego bezpiecze\u0144stwa.<\/p>\n<table style=\"width: 100%;\" border=\"1\" width=\"100%\" cellspacing=\"0\" cellpadding=\"0\">\n<tbody>\n<tr>\n<th>Nazwa produktu<\/th>\n<td>Wytrzyma\u0142y 10-tonowy hydrauliczny si\u0142ownik teleskopowy do przyczepy<\/td>\n<\/tr>\n<tr>\n<th>Stan<\/th>\n<td>Nowy<\/td>\n<\/tr>\n<tr>\n<th>Gwarancja<\/th>\n<td>1 rok<\/td>\n<\/tr>\n<tr>\n<th>Waga (kg)<\/th>\n<td>78<\/td>\n<\/tr>\n<tr>\n<th>Maksymalny ci\u0105g<\/th>\n<td>3000<\/td>\n<\/tr>\n<tr>\n<th>Maksymalne poci\u0105gni\u0119cie<\/th>\n<td>20 ton<\/td>\n<\/tr>\n<tr>\n<th>Wydajno\u015b\u0107<\/th>\n<td>Wyj\u0105tkowa wydajno\u015b\u0107 i trwa\u0142o\u015b\u0107<\/td>\n<\/tr>\n<tr>\n<th>Wszechstronno\u015b\u0107<\/th>\n<td>Idealny do zastosowa\u0144 o du\u017cej wytrzyma\u0142o\u015bci<\/td>\n<\/tr>\n<tr>\n<th>Zastosowane bran\u017ce<\/th>\n<td>Zak\u0142ady produkcyjne, warsztaty naprawcze maszyn, gospodarstwa rolne, energetyka i g\u00f3rnictwo, produkcja maszyn, fabryki maszyn<\/td>\n<\/tr>\n<\/tbody>\n<\/table>\n<h2>G\u0142\u00f3wne cechy hydraulicznego cylindra teleskopowego<\/h2>\n<p><img decoding=\"async\" src=\"https:\/\/hzpt.com\/wp-content\/uploads\/2023\/11\/Inverted-Telescopic-Cylinder-23.webp\" alt=\"\" title=\"\"><\/p>\n<ul>\n<li>Standardowa konstrukcja cylindra t\u0142okowego z nap\u0119dem hydraulicznym.<\/li>\n<li>Wykonany z wysokiej jako\u015bci stali, co zapewnia wi\u0119ksz\u0105 trwa\u0142o\u015b\u0107.<\/li>\n<li>Posiada odwr\u00f3cone cylindry teleskopowe.<\/li>\n<li>Oferuje maksymalny uci\u0105g 20 ton i maksymalny ci\u0105g 3000.<\/li>\n<li>Certyfikat ISO9001:2000, gwarancja jako\u015bci i niezawodno\u015bci.<\/li>\n<\/ul>\n<h2>Zastosowania hydraulicznego cylindra teleskopowego<\/h2>\n<ul>\n<li>Doskonale nadaje si\u0119 do stosowania w zak\u0142adach produkcyjnych i fabrykach maszyn.<\/li>\n<li>Mo\u017cna go stosowa\u0107 w warsztatach naprawczych maszyn do napraw ci\u0119\u017ckich.<\/li>\n<li>Stosowane w gospodarstwach rolnych do r\u00f3\u017cnych maszyn rolniczych.<\/li>\n<li>Nadaje si\u0119 do zastosowa\u0144 w przemy\u015ble energetycznym i g\u00f3rniczym.<\/li>\n<li>Mo\u017cna go stosowa\u0107 w przemy\u015ble maszynowym do r\u00f3\u017cnych zastosowa\u0144.<\/li>\n<\/ul>\n<p><img decoding=\"async\" src=\"https:\/\/hzpt.com\/wp-content\/uploads\/2023\/11\/Inverted-Telescopic-Cylinder-Applications.webp\" alt=\"Zastosowania cylindra teleskopowego\" title=\"\"><\/p>\n<h2>Zasada dzia\u0142ania i konserwacja hydraulicznego cylindra teleskopowego<\/h2>\n<p>Zasada dzia\u0142ania hydraulicznego si\u0142ownika teleskopowego jest prosta. Do si\u0142ownika pompowany jest p\u0142yn hydrauliczny, kt\u00f3ry naciska na t\u0142ok, generuj\u0105c si\u0142\u0119 na wyj\u015bciu si\u0142ownika. Si\u0142a ta mo\u017ce by\u0107 wykorzystywana do wykonywania r\u00f3\u017cnych zada\u0144, takich jak podnoszenie ci\u0119\u017ckich \u0142adunk\u00f3w czy obs\u0142uga maszyn.<\/p>\n<ul>\n<li>Konfiguracja: Cylinder posiada standardow\u0105 konstrukcj\u0119 t\u0142oka zasilanego p\u0142ynem hydraulicznym.<\/li>\n<li>Dop\u0142yw p\u0142ynu hydraulicznego: Cylinder dzia\u0142a poprzez pompowanie p\u0142ynu hydraulicznego do komory t\u0142oka.<\/li>\n<li>Si\u0142a wyj\u015bciowa: P\u0142yn hydrauliczny generuje si\u0142\u0119, kt\u00f3ra mo\u017ce by\u0107 wykorzystana do wykonywania r\u00f3\u017cnych zada\u0144.<\/li>\n<li>Konserwacja: Regularna kontrola, czyszczenie i smarowanie si\u0142ownika hydraulicznego ma kluczowe znaczenie dla jego optymalnej wydajno\u015bci i d\u0142ugowieczno\u015bci.<\/li>\n<li>Wymiana uszczelek: Z biegiem czasu uszczelki w cylindrze mog\u0105 si\u0119 zu\u017cywa\u0107 i wymaga\u0107 wymiany, aby zapobiec wyciekom i zachowa\u0107 wydajno\u015b\u0107.<\/li>\n<\/ul>\n<p><img decoding=\"async\" src=\"https:\/\/hzpt.com\/wp-content\/uploads\/2023\/11\/Inverted-Telescopic-Cylinder-18.webp\" alt=\"\" title=\"\"><\/p>\n<h2>Odwr\u00f3cony cylinder teleskopowy<\/h2>\n<p>Wytrzyma\u0142y, 10-tonowy hydrauliczny si\u0142ownik teleskopowy do przyczep to kluczowy element odpowiedzialny za podnoszenie i opuszczanie ci\u0119\u017ckich \u0142adunk\u00f3w. Odwr\u00f3cony si\u0142ownik teleskopowy to innowacyjna konstrukcja si\u0142ownik\u00f3w teleskopowych, zapewniaj\u0105ca wy\u017csz\u0105 wydajno\u015b\u0107 i trwa\u0142o\u015b\u0107 w por\u00f3wnaniu z innymi konstrukcjami. W tym artykule przyjrzymy si\u0119 konstrukcji i cechom odwr\u00f3conego si\u0142ownika teleskopowego.<\/p>\n<h3>Cechy konstrukcyjne<\/h3>\n<p>Odwr\u00f3cony cylinder teleskopowy ma unikaln\u0105 konstrukcj\u0119, kt\u00f3ra obejmuje t\u0142oczysko przymocowane do podstawy cylindra. Podstawa cylindra jest przymocowana do przyczepy, a t\u0142oczysko si\u0119ga do g\u00f3ry, do wn\u0119trza cylindra. T\u0142oczysko jest po\u0142\u0105czone z t\u0142okiem, kt\u00f3ry porusza si\u0119 wewn\u0105trz cylindra. Cylinder sk\u0142ada si\u0119 z wielu stopni, co pozwala na jego wysuwanie i wsuwanie na r\u00f3\u017cne d\u0142ugo\u015bci. Stopnie s\u0105 po\u0142\u0105czone uszczelnionymi po\u0142\u0105czeniami, kt\u00f3re zapobiegaj\u0105 wyciekom p\u0142ynu i utrzymuj\u0105 ci\u015bnienie.<\/p>\n<p>Jedn\u0105 z kluczowych cech konstrukcyjnych odwr\u00f3conego cylindra teleskopowego jest zastosowanie jednostronnego dzia\u0142ania uk\u0142adu hydraulicznego. System ten wykorzystuje ci\u015bnienie cieczy do wysuwania cylindra, ale dzia\u0142a na zasadzie grawitacji, aby go schowa\u0107. Taka konstrukcja eliminuje potrzeb\u0119 stosowania przewodu powrotnego, co upraszcza uk\u0142ad hydrauliczny i zmniejsza ryzyko wyciek\u00f3w. Ponadto odwr\u00f3cona konstrukcja cylindra zapewnia doskona\u0142\u0105 stabilno\u015b\u0107 i zmniejsza ryzyko przewr\u00f3cenia, co jest kluczowe podczas podnoszenia ci\u0119\u017ckich \u0142adunk\u00f3w.<\/p>\n<h3>Korzy\u015bci wydajno\u015bciowe<\/h3>\n<p>Odwr\u00f3cony si\u0142ownik teleskopowy zapewnia szereg korzy\u015bci w por\u00f3wnaniu z innymi konstrukcjami. Zastosowanie jednostronnego dzia\u0142ania hydraulicznego zmniejsza ryzyko wyciek\u00f3w i upraszcza system, co przek\u0142ada si\u0119 na wi\u0119ksz\u0105 niezawodno\u015b\u0107 i ni\u017csze koszty konserwacji. Odwr\u00f3cona konstrukcja si\u0142ownika zapewnia doskona\u0142\u0105 stabilno\u015b\u0107 i zmniejsza ryzyko przewr\u00f3cenia, co jest kluczowe podczas podnoszenia ci\u0119\u017ckich \u0142adunk\u00f3w. Dodatkowo, zastosowanie wielostopniowej regulacji pozwala na wysuwanie i wsuwanie si\u0142ownika na r\u00f3\u017cne d\u0142ugo\u015bci, co zapewnia elastyczno\u015b\u0107 w podnoszeniu i transporcie \u0142adunk\u00f3w.<\/p>\n<p>Uszczelnione po\u0142\u0105czenia w cylindrze zapobiegaj\u0105 wyciekom p\u0142ynu i utrzymuj\u0105 ci\u015bnienie, co poprawia og\u00f3ln\u0105 wydajno\u015b\u0107 uk\u0142adu hydraulicznego. Zastosowanie wysokiej jako\u015bci materia\u0142\u00f3w i precyzyjnych technik produkcji gwarantuje trwa\u0142o\u015b\u0107 cylindra i jego odporno\u015b\u0107 na intensywne u\u017cytkowanie przez d\u0142ugi czas. Odwr\u00f3cony cylinder teleskopowy zosta\u0142 zaprojektowany z my\u015bl\u0105 o niezawodnej pracy w trudnych warunkach, co czyni go idealnym rozwi\u0105zaniem dla budownictwa, g\u00f3rnictwa i transportu.<\/p>\n<p>Odwr\u00f3cony si\u0142ownik teleskopowy to innowacyjna konstrukcja si\u0142ownik\u00f3w teleskopowych, zapewniaj\u0105ca wy\u017csz\u0105 wydajno\u015b\u0107 i trwa\u0142o\u015b\u0107 w por\u00f3wnaniu z innymi konstrukcjami. Zastosowanie jednostronnego dzia\u0142ania uk\u0142adu hydraulicznego, uszczelnionych z\u0142\u0105czy oraz precyzyjnych technik produkcji gwarantuje niezawodno\u015b\u0107 i trwa\u0142o\u015b\u0107 si\u0142ownika. Dodatkowo, odwr\u00f3cona konstrukcja si\u0142ownika zapewnia doskona\u0142\u0105 stabilno\u015b\u0107 i zmniejsza ryzyko przewr\u00f3cenia, co jest kluczowe podczas podnoszenia ci\u0119\u017ckich \u0142adunk\u00f3w. Odwr\u00f3cony si\u0142ownik teleskopowy to idealny wyb\u00f3r dla ka\u017cdego, kto potrzebuje trwa\u0142ego i niezawodnego si\u0142ownika hydraulicznego do podnoszenia i transportu ci\u0119\u017ckich \u0142adunk\u00f3w.<\/p>\n<h3>O FMP<\/h3>\n<p>FMP to firma specjalizuj\u0105ca si\u0119 w produkcji i sprzeda\u017cy cylindr\u00f3w hydraulicznych. Z siedzib\u0105 we W\u0142oszech, oferujemy wysokiej jako\u015bci i niezawodne cylindry hydrauliczne, bazuj\u0105c na naszym wieloletnim do\u015bwiadczeniu w bran\u017cy i profesjonalnym zespole.<\/p>\n<p><img decoding=\"async\" src=\"https:\/\/fmp-components.com\/wp-content\/uploads\/2024\/12\/Adjustable-Clevis-Type-Cylinders-6.webp\" alt=\"Regulowany cylinder typu wide\u0142kowego\" width=\"817\" title=\"\"><\/p>\n<ol>\n<li>Szeroka gama produkt\u00f3w: Oferujemy szerok\u0105 gam\u0119 si\u0142ownik\u00f3w hydraulicznych przeznaczonych do r\u00f3\u017cnych zastosowa\u0144 w przemy\u015ble maszyn budowlanych.<\/li>\n<li>Najwy\u017csza jako\u015b\u0107: Wszystkie nasze cylindry hydrauliczne s\u0105 produkowane z materia\u0142\u00f3w najwy\u017cszej jako\u015bci i przechodz\u0105 rygorystyczne kontrole jako\u015bci, aby zagwarantowa\u0107 ich trwa\u0142o\u015b\u0107 i wydajno\u015b\u0107.<\/li>\n<li>Opcje dostosowywania: Oferujemy us\u0142ugi dostosowywania, aby spe\u0142ni\u0107 szczeg\u00f3lne wymagania naszych klient\u00f3w, dostarczaj\u0105c rozwi\u0105zania dostosowane do ich potrzeb w zakresie maszyn budowlanych.<\/li>\n<li>Zesp\u00f3\u0142 ekspert\u00f3w ds. sprzeda\u017cy: Nasz do\u015bwiadczony zesp\u00f3\u0142 ds. sprzeda\u017cy posiada dog\u0142\u0119bn\u0105 wiedz\u0119 na temat bran\u017cy maszyn budowlanych i mo\u017ce zapewni\u0107 profesjonalne konsultacje produktowe, aby pom\u00f3c klientom w podejmowaniu \u015bwiadomych decyzji zakupowych.<\/li>\n<li>Efektywna logistyka: Dzi\u0119ki naszemu efektywnemu systemowi dystrybucji i logistyki gwarantujemy terminow\u0105 i dok\u0142adn\u0105 dostaw\u0119 cylindr\u00f3w hydraulicznych do naszych klient\u00f3w, zapewniaj\u0105c p\u0142ynn\u0105 realizacj\u0119 ich projekt\u00f3w bez op\u00f3\u017anie\u0144.<\/li>\n<\/ol>\n<p>Nawi\u0105\u017c wsp\u00f3\u0142prac\u0119 z FMP w zakresie wszystkich potrzeb zwi\u0105zanych z si\u0142ownikami hydraulicznymi i przekonaj si\u0119 o niezawodno\u015bci, jako\u015bci i profesjonalizmie, kt\u00f3re wyr\u00f3\u017cniaj\u0105 nas w bran\u017cy maszyn budowlanych.<\/p>\n<p>Autor:CX<\/p>","protected":false},"excerpt":{"rendered":"<p>Introducing the Durable 10 Ton Hydraulic Telescopic Cylinder for Trailer: The Durable 10 Ton Hydraulic Telescopic Cylinder for Trailer is a high-quality and reliable product designed to provide superior performance in various trailer applications. With its sturdy construction and advanced hydraulic technology, this cylinder offers exceptional lifting capacity and stability. Key Features: 1. Superior Strength: [&hellip;]<\/p>","protected":false},"featured_media":1632,"comment_status":"closed","ping_status":"closed","template":"","meta":{"_et_pb_use_builder":"","_et_pb_old_content":"","_et_gb_content_width":""},"product_brand":[],"product_cat":[45],"product_tag":[34,48],"class_list":{"0":"post-1631","1":"product","2":"type-product","3":"status-publish","4":"has-post-thumbnail","6":"product_cat-inverted-telescopic-cylinder","7":"product_tag-hydraulic-cylinder","8":"product_tag-inverted-telescopic-cylinder","10":"first","11":"instock","12":"product-type-simple"},"_links":{"self":[{"href":"https:\/\/fmp-components.com\/pl\/wp-json\/wp\/v2\/product\/1631","targetHints":{"allow":["GET"]}}],"collection":[{"href":"https:\/\/fmp-components.com\/pl\/wp-json\/wp\/v2\/product"}],"about":[{"href":"https:\/\/fmp-components.com\/pl\/wp-json\/wp\/v2\/types\/product"}],"replies":[{"embeddable":true,"href":"https:\/\/fmp-components.com\/pl\/wp-json\/wp\/v2\/comments?post=1631"}],"wp:featuredmedia":[{"embeddable":true,"href":"https:\/\/fmp-components.com\/pl\/wp-json\/wp\/v2\/media\/1632"}],"wp:attachment":[{"href":"https:\/\/fmp-components.com\/pl\/wp-json\/wp\/v2\/media?parent=1631"}],"wp:term":[{"taxonomy":"product_brand","embeddable":true,"href":"https:\/\/fmp-components.com\/pl\/wp-json\/wp\/v2\/product_brand?post=1631"},{"taxonomy":"product_cat","embeddable":true,"href":"https:\/\/fmp-components.com\/pl\/wp-json\/wp\/v2\/product_cat?post=1631"},{"taxonomy":"product_tag","embeddable":true,"href":"https:\/\/fmp-components.com\/pl\/wp-json\/wp\/v2\/product_tag?post=1631"}],"curies":[{"name":"wp","href":"https:\/\/api.w.org\/{rel}","templated":true}]}}