{"id":1629,"date":"2024-12-23T06:59:20","date_gmt":"2024-12-23T06:59:20","guid":{"rendered":"https:\/\/fmp-components.com\/product\/factory-provide-long-stroke-tow-truck-dump-truck-4-stage-hydraulic-cylinder\/"},"modified":"2025-05-10T12:32:36","modified_gmt":"2025-05-10T12:32:36","slug":"factory-provide-long-stroke-tow-truck-dump-truck-4-stage-hydraulic-cylinder","status":"publish","type":"product","link":"https:\/\/fmp-components.com\/pl\/product\/factory-provide-long-stroke-tow-truck-dump-truck-4-stage-hydraulic-cylinder\/","title":{"rendered":"Fabryka dostarcza holownik o d\u0142ugim skoku, wywrotk\u0119, 4-stopniowy si\u0142ownik hydrauliczny"},"content":{"rendered":"<h2>Fabryka dostarcza holownik o d\u0142ugim skoku i wywrotk\u0119 z 4-stopniowym si\u0142ownikiem hydraulicznym<\/h2>\n<p>Dostarczany fabrycznie, 4-stopniowy si\u0142ownik hydrauliczny o d\u0142ugim skoku do holownika, wywrotki to nowy produkt, zaprojektowany do u\u017cytku w r\u00f3\u017cnych ga\u0142\u0119ziach przemys\u0142u, w tym w zak\u0142adach produkcyjnych, warsztatach naprawczych maszyn, gospodarstwach rolnych, a tak\u017ce w sektorze energetycznym i g\u00f3rniczym. Ten odwr\u00f3cony si\u0142ownik teleskopowy ma solidn\u0105 stalow\u0105 obudow\u0119 i wa\u017cy 56 kg. Jego maksymalny nacisk wynosi 3000 i mo\u017ce ud\u017awign\u0105\u0107 do 20 ton. G\u0142\u00f3wne elementy obejmuj\u0105 \u0142o\u017cysko i si\u0142ownik t\u0142okowy.<\/p>\n<h2>Cechy cylindra hydraulicznego 4-stopniowego<\/h2>\n<p><img decoding=\"async\" src=\"https:\/\/hzpt.com\/wp-content\/uploads\/2023\/11\/Inverted-Telescopic-Cylinder-11.webp\" alt=\"\" title=\"\"><\/p>\n<p>Cylinder ma nast\u0119puj\u0105ce cechy:<\/p>\n<ul>\n<li>\u015arednica otworu od 2 do 6 cali<\/li>\n<li>Rozmiar pr\u0119ta od 1,125 do 4 cali<\/li>\n<li>Rozmiar skoku od 6 do 48 cali<\/li>\n<li>Rozmiar szpilki od 0,5 do 2 cali<\/li>\n<li>Dost\u0119pne w standardowym czarnym kolorze<\/li>\n<\/ul>\n<h2>Zastosowania cylindra hydraulicznego 4-stopniowego<\/h2>\n<p>4-stopniowy si\u0142ownik hydrauliczny ma szeroki zakres zastosowa\u0144, w tym:<\/p>\n<ul>\n<li>Zak\u0142ady produkcyjne: do obs\u0142ugi ci\u0119\u017ckich maszyn i narz\u0119dzi.<\/li>\n<li>Warsztaty naprawy maszyn: wykorzystywane do konserwacji i naprawy r\u00f3\u017cnych typ\u00f3w maszyn.<\/li>\n<li>Gospodarstwa rolne: Przydatne w ci\u0119\u017ckim sprz\u0119cie rolniczym do wydajnej pracy w rolnictwie.<\/li>\n<li>Energetyka i g\u00f3rnictwo: Niezb\u0119dne dla sprz\u0119tu g\u00f3rniczego i maszyn wytwarzaj\u0105cych energi\u0119.<\/li>\n<li>Fabryka maszyn: integralna cz\u0119\u015b\u0107 produkcji i monta\u017cu nowych maszyn.<\/li>\n<\/ul>\n<p><img decoding=\"async\" src=\"https:\/\/hzpt.com\/wp-content\/uploads\/2023\/11\/Inverted-Telescopic-Cylinder-Applications.webp\" alt=\"Zastosowania cylindr\u00f3w hydraulicznych\" title=\"\"><\/p>\n<h2>Zasada dzia\u0142ania i konserwacja cylindra hydraulicznego 4-stopniowego<\/h2>\n<p>Czterostopniowy si\u0142ownik hydrauliczny dzia\u0142a na zasadzie si\u0142y hydraulicznej, gdzie do generowania si\u0142y wykorzystywany jest p\u0142yn hydrauliczny. Regularna konserwacja jest kluczowa dla wydajnego dzia\u0142ania si\u0142ownika. Obejmuje ona regularne kontrole w celu wykrycia wszelkich oznak zu\u017cycia, czyszczenie w celu upewnienia si\u0119, \u017ce kurz i zanieczyszczenia nie zak\u0142\u00f3caj\u0105 pracy si\u0142ownika, smarowanie w celu zminimalizowania tarcia oraz wymian\u0119 uszczelnie\u0144 w razie potrzeby.<\/p>\n<p><img decoding=\"async\" src=\"https:\/\/hzpt.com\/wp-content\/uploads\/2023\/11\/Inverted-Telescopic-Cylinder-24.webp\" alt=\"\" title=\"\"><\/p>\n<h2>Odwr\u00f3cony cylinder teleskopowy<\/h2>\n<p>Si\u0142owniki hydrauliczne s\u0105 niezb\u0119dnymi elementami w r\u00f3\u017cnych zastosowaniach, takich jak maszyny budowlane, maszyny przemys\u0142owe i pojazdy u\u017cytkowe. Jednym z rodzaj\u00f3w si\u0142ownik\u00f3w hydraulicznych, kt\u00f3ry zyska\u0142 na popularno\u015bci w ostatnich latach, jest si\u0142ownik teleskopowy odwr\u00f3cony. Ten typ si\u0142ownika jest powszechnie stosowany w wywrotkach, holownikach i innych pojazdach ci\u0119\u017carowych.<\/p>\n<h3>Przegl\u0105d<\/h3>\n<p>Odwr\u00f3cony cylinder teleskopowy zosta\u0142 zaprojektowany w taki spos\u00f3b, \u017ce t\u0142oczysko znajduje si\u0119 u do\u0142u cylindra, a t\u0142ok u g\u00f3ry. Takie rozwi\u0105zanie pozwala na uzyskanie d\u0142u\u017cszego skoku w mniejszej przestrzeni, co czyni go idealnym rozwi\u0105zaniem w zastosowaniach o ograniczonej przestrzeni. Cylinder sk\u0142ada si\u0119 z kilku stopni, kt\u00f3re po wsuni\u0119ciu zachodz\u0105 na siebie, przy czym najwi\u0119kszy stopie\u0144 jest najbardziej zewn\u0119trzny, a najmniejszy \u2013 najbardziej wewn\u0119trzny.<\/p>\n<h3>Budowa<\/h3>\n<p>Odwr\u00f3cony cylinder teleskopowy jest zazwyczaj wykonany z wysokowytrzyma\u0142ej stali, kt\u00f3ra wytrzymuje du\u017ce obci\u0105\u017cenia i ekstremalne temperatury. Cylinder sk\u0142ada si\u0119 z kilku stopni, z kt\u00f3rych ka\u017cdy ma w\u0142asny t\u0142ok i t\u0142oczysko. Stopnie s\u0105 po\u0142\u0105czone ze sob\u0105 za pomoc\u0105 gwintowanych ko\u0142nierzy, co umo\u017cliwia \u0142atwy monta\u017c i demonta\u017c.<\/p>\n<p>U podstawy cylindra znajduje si\u0119 p\u0142yta monta\u017cowa, kt\u00f3ra mocuje cylinder do pojazdu. T\u0142oczysko jest po\u0142\u0105czone z wide\u0142kami lub oczkiem na ko\u0144cu, co zapewnia bezpieczne po\u0142\u0105czenie z \u0142adunkiem lub pojazdem.<\/p>\n<h3>Funkcjonowa\u0107<\/h3>\n<p>Odwr\u00f3cony cylinder teleskopowy dzia\u0142a poprzez wykorzystanie p\u0142ynu hydraulicznego do wytworzenia ci\u015bnienia, kt\u00f3re nast\u0119pnie popycha t\u0142ok w g\u00f3r\u0119 i w d\u00f3\u0142. T\u0142oczysko wysuwa si\u0119 i chowa, gdy stopnie zachodz\u0105 na siebie. Cylinder zapewnia d\u0142ugi skok, co jest niezb\u0119dne w zastosowaniach wymagaj\u0105cych du\u017cego zakresu ruchu.<\/p>\n<p>Odwr\u00f3cony cylinder teleskopowy jest powszechnie stosowany w wywrotkach i holownikach. W wywrotkach cylinder s\u0142u\u017cy do podnoszenia skrzyni \u0142adunkowej i wysypywania \u0142adunku z pojazdu. W holownikach cylinder s\u0142u\u017cy do wysuwania wysi\u0119gnika i podnoszenia holowanego pojazdu.<\/p>\n<h3>Fabryka dostarcza holownik o d\u0142ugim skoku, wywrotk\u0119, 4-stopniowy si\u0142ownik hydrauliczny<\/h3>\n<p>Fabrycznie dostarczany, 4-stopniowy si\u0142ownik hydrauliczny o d\u0142ugim skoku do holownik\u00f3w i wywrotek to specjalny typ odwr\u00f3conego si\u0142ownika teleskopowego, przeznaczony do stosowania w holownikach i wywrotkach. Si\u0142ownik ten sk\u0142ada si\u0119 z czterech stopni i zapewnia d\u0142ugi skok, co czyni go idealnym do tego typu zastosowa\u0144.<\/p>\n<p>Cylinder wykonany jest z wysokowytrzyma\u0142ej stali i posiada p\u0142yt\u0119 monta\u017cow\u0105 u podstawy, u\u0142atwiaj\u0105c\u0105 monta\u017c do pojazdu. T\u0142oczysko jest po\u0142\u0105czone z wide\u0142kami lub oczkiem, co zapewnia bezpieczne mocowanie do \u0142adunku lub pojazdu.<\/p>\n<p>Dostarczany fabrycznie, 4-stopniowy si\u0142ownik hydrauliczny o d\u0142ugim skoku do wywrotek holowniczych to niezawodny i wydajny element, niezb\u0119dny do prawid\u0142owego dzia\u0142ania wywrotek i lawet. Jego d\u0142ugi skok w kompaktowej obudowie sprawia, \u017ce \u200b\u200bjest idealnym wyborem do tego typu zastosowa\u0144.<\/p>\n<h3>O FMP<\/h3>\n<p>FMP to firma specjalizuj\u0105ca si\u0119 w produkcji i sprzeda\u017cy si\u0142ownik\u00f3w hydraulicznych. Dzi\u0119ki wieloletniemu do\u015bwiadczeniu w bran\u017cy i profesjonalnemu zespo\u0142owi, dostarczamy klientom wysokiej jako\u015bci i niezawodne si\u0142owniki hydrauliczne do maszyn budowlanych.<\/p>\n<p><img decoding=\"async\" class=\"aligncenter\" src=\"https:\/\/fmp-components.com\/wp-content\/uploads\/2024\/12\/Adjustable-Clevis-Type-Cylinders-6.webp\" alt=\"Regulowany cylinder typu wide\u0142kowego\" width=\"816\" title=\"\"><\/p>\n<p>Oto pi\u0119\u0107 powod\u00f3w, dla kt\u00f3rych warto wybra\u0107 nasze cylindry hydrauliczne:<\/p>\n<ol>\n<li>Szeroki wyb\u00f3r opcji: Oferujemy szerok\u0105 gam\u0119 si\u0142ownik\u00f3w hydraulicznych, w tym si\u0142owniki z regulowanym wide\u0142kiem, si\u0142owniki z dr\u0105\u017ckiem kierowniczym, si\u0142owniki spawane, si\u0142owniki teleskopowe i si\u0142owniki kompaktowe. Niezale\u017cnie od potrzeb Twoich maszyn budowlanych, mamy idealny si\u0142ownik dla Ciebie.<\/li>\n<li>Najwy\u017csza jako\u015b\u0107: Wszystkie nasze cylindry hydrauliczne s\u0105 produkowane z wysokiej jako\u015bci materia\u0142\u00f3w i przechodz\u0105 rygorystyczne kontrole jako\u015bci. Dbamy o to, aby ka\u017cdy cylinder spe\u0142nia\u0142 surowe standardy bran\u017cowe, zapewniaj\u0105c Pa\u0144stwu niezawodn\u0105 i trwa\u0142\u0105 prac\u0119.<\/li>\n<li>Personalizacja: Rozumiemy, \u017ce ka\u017cdy projekt budowlany ma unikalne wymagania. Dlatego oferujemy opcje personalizacji naszych si\u0142ownik\u00f3w hydraulicznych. Niezale\u017cnie od rozmiaru, sposobu monta\u017cu czy ci\u015bnienia roboczego, mo\u017cemy dostosowa\u0107 si\u0142ownik do Pa\u0144stwa indywidualnych potrzeb.<\/li>\n<li>Porady ekspert\u00f3w: Nasz do\u015bwiadczony zesp\u00f3\u0142 sprzeda\u017cy doskonale zna bran\u017c\u0119 maszyn budowlanych. Zapewniamy profesjonalne doradztwo produktowe, pomagaj\u0105c w doborze odpowiedniego si\u0142ownika hydraulicznego do Pa\u0144stwa sprz\u0119tu. Zale\u017cy nam na znalezieniu najlepszych rozwi\u0105za\u0144 dla naszych klient\u00f3w.<\/li>\n<li>Efektywna dystrybucja: Dysponujemy wydajnym systemem dystrybucji logistycznej, aby zapewni\u0107 terminow\u0105 i precyzyjn\u0105 dostaw\u0119 cylindr\u00f3w hydraulicznych. Mo\u017cesz na nas polega\u0107 \u2013 dostarczymy Ci potrzebne cz\u0119\u015bci wtedy, kiedy ich potrzebujesz, minimalizuj\u0105c przestoje Twoich maszyn.<\/li>\n<\/ol>\n<p>Wybierz FMP, je\u015bli potrzebujesz cylindr\u00f3w hydraulicznych i poczuj r\u00f3\u017cnic\u0119. Skontaktuj si\u0119 z nami ju\u017c dzi\u015b, aby om\u00f3wi\u0107, jak mo\u017cemy spe\u0142ni\u0107 Twoje wymagania dotycz\u0105ce maszyn budowlanych.<\/p>\n<p>Autor:CX<\/p>","protected":false},"excerpt":{"rendered":"<p>The Factory Provide Long Stroke Tow Truck Dump Truck 4 Stage Hydraulic Cylinder The Factory Provide Long Stroke Tow Truck Dump Truck 4 Stage Hydraulic Cylinder is a newly launched product designed for use in various industries, including manufacturing plants, machinery repair shops, farms, and energy and mining sectors. This inverted telescopic type cylinder has [&hellip;]<\/p>","protected":false},"featured_media":1630,"comment_status":"closed","ping_status":"closed","template":"","meta":{"_et_pb_use_builder":"","_et_pb_old_content":"","_et_gb_content_width":""},"product_brand":[],"product_cat":[45],"product_tag":[34,48],"class_list":{"0":"post-1629","1":"product","2":"type-product","3":"status-publish","4":"has-post-thumbnail","6":"product_cat-inverted-telescopic-cylinder","7":"product_tag-hydraulic-cylinder","8":"product_tag-inverted-telescopic-cylinder","10":"first","11":"instock","12":"product-type-simple"},"_links":{"self":[{"href":"https:\/\/fmp-components.com\/pl\/wp-json\/wp\/v2\/product\/1629","targetHints":{"allow":["GET"]}}],"collection":[{"href":"https:\/\/fmp-components.com\/pl\/wp-json\/wp\/v2\/product"}],"about":[{"href":"https:\/\/fmp-components.com\/pl\/wp-json\/wp\/v2\/types\/product"}],"replies":[{"embeddable":true,"href":"https:\/\/fmp-components.com\/pl\/wp-json\/wp\/v2\/comments?post=1629"}],"wp:featuredmedia":[{"embeddable":true,"href":"https:\/\/fmp-components.com\/pl\/wp-json\/wp\/v2\/media\/1630"}],"wp:attachment":[{"href":"https:\/\/fmp-components.com\/pl\/wp-json\/wp\/v2\/media?parent=1629"}],"wp:term":[{"taxonomy":"product_brand","embeddable":true,"href":"https:\/\/fmp-components.com\/pl\/wp-json\/wp\/v2\/product_brand?post=1629"},{"taxonomy":"product_cat","embeddable":true,"href":"https:\/\/fmp-components.com\/pl\/wp-json\/wp\/v2\/product_cat?post=1629"},{"taxonomy":"product_tag","embeddable":true,"href":"https:\/\/fmp-components.com\/pl\/wp-json\/wp\/v2\/product_tag?post=1629"}],"curies":[{"name":"wp","href":"https:\/\/api.w.org\/{rel}","templated":true}]}}