{"id":1623,"date":"2024-12-23T06:59:20","date_gmt":"2024-12-23T06:59:20","guid":{"rendered":"https:\/\/fmp-components.com\/product\/new-design-5-ton-telescopic-hydraulic-cylinder-dump-truck-hydraulic-cylinder\/"},"modified":"2024-12-23T08:34:10","modified_gmt":"2024-12-23T08:34:10","slug":"new-design-5-ton-telescopic-hydraulic-cylinder-dump-truck-hydraulic-cylinder","status":"publish","type":"product","link":"https:\/\/fmp-components.com\/pl\/product\/new-design-5-ton-telescopic-hydraulic-cylinder-dump-truck-hydraulic-cylinder\/","title":{"rendered":"Nowy projekt 5-tonowego teleskopowego cylindra hydraulicznego do wywrotki"},"content":{"rendered":"<h2>Przedstawiamy nowy, teleskopowy si\u0142ownik hydrauliczny o ud\u017awigu 5 ton przeznaczony do wywrotek:<\/h2>\n<p>Nowy, teleskopowy si\u0142ownik hydrauliczny o ud\u017awigu 5 ton to najnowocze\u015bniejszy produkt zaprojektowany specjalnie do wywrotek. Dzi\u0119ki innowacyjnym funkcjom i zaawansowanej technologii, ten si\u0142ownik hydrauliczny oferuje niezr\u00f3wnan\u0105 wydajno\u015b\u0107 i niezawodno\u015b\u0107.<\/p>\n<p>G\u0142\u00f3wne cechy:<br \/>\n1. Wi\u0119kszy ud\u017awig: 5-tonowy ud\u017awig tego si\u0142ownika hydraulicznego gwarantuje wydajne i \u0142atwe opr\u00f3\u017cnianie ci\u0119\u017ckich \u0142adunk\u00f3w, dzi\u0119ki czemu idealnie nadaje si\u0119 do r\u00f3\u017cnych zastosowa\u0144 przemys\u0142owych.<\/p>\n<p>2. Konstrukcja teleskopowa: Teleskopowa konstrukcja pozwala na kompaktowe i oszcz\u0119dzaj\u0105ce miejsce rozwi\u0105zanie bez utraty mocy. Zapewnia wielostopniowe wysuwanie, umo\u017cliwiaj\u0105c precyzyjn\u0105 kontrol\u0119 nad procesem opr\u00f3\u017cniania.<\/p>\n<p>3. Wysoka trwa\u0142o\u015b\u0107: Ten si\u0142ownik hydrauliczny zosta\u0142 wykonany z wysokiej jako\u015bci materia\u0142\u00f3w, co zapewnia d\u0142ugotrwa\u0142\u0105 wydajno\u015b\u0107 i minimalne wymagania konserwacyjne. Zaprojektowany tak, aby wytrzymywa\u0107 trudne warunki pracy.<\/p>\n<p>4. P\u0142ynna praca: Wyposa\u017cony w precyzyjnie zaprojektowany uk\u0142ad hydrauliczny, nowy teleskopowy si\u0142ownik hydrauliczny o ud\u017awigu 5 ton gwarantuje p\u0142ynn\u0105 i bezproblemow\u0105 prac\u0119, redukuj\u0105c napr\u0119\u017cenia w konstrukcji pojazdu ci\u0119\u017carowego i wyd\u0142u\u017caj\u0105c jego \u017cywotno\u015b\u0107.<\/p>\n<p>5. Funkcje bezpiecze\u0144stwa: Si\u0142ownik hydrauliczny wyposa\u017cony jest w mechanizmy bezpiecze\u0144stwa, takie jak zabezpieczenie przed przeci\u0105\u017ceniem i zawory bezpiecze\u0144stwa, co gwarantuje bezpieczn\u0105 i niezawodn\u0105 prac\u0119 nawet w trudnych warunkach.<\/p>\n<p>6. \u0141atwa instalacja: Ten si\u0142ownik hydrauliczny zosta\u0142 zaprojektowany z my\u015bl\u0105 o bezproblemowej instalacji. Dostarczany jest ze wszystkimi niezb\u0119dnymi akcesoriami monta\u017cowymi i czyteln\u0105 instrukcj\u0105, co u\u0142atwia prac\u0119 producentom ci\u0119\u017car\u00f3wek i instalatorom uk\u0142ad\u00f3w hydraulicznych.<\/p>\n<p>Zastosowania:<br \/>\nNowy, teleskopowy si\u0142ownik hydrauliczny o ud\u017awigu 5 ton jest szeroko stosowany w wywrotkach w r\u00f3\u017cnych ga\u0142\u0119ziach przemys\u0142u, w tym w budownictwie, g\u00f3rnictwie, rolnictwie i gospodarce odpadami. Jego wszechstronno\u015b\u0107 i wytrzyma\u0142o\u015b\u0107 sprawiaj\u0105, \u017ce jest to idealny wyb\u00f3r do podnoszenia i wy\u0142adunku ci\u0119\u017ckich \u0142adunk\u00f3w.<\/p>\n<p>Podsumowuj\u0105c, teleskopowy si\u0142ownik hydrauliczny New Design 5 ton to prze\u0142om w uk\u0142adach hydraulicznych wywrotek. Jego zaawansowane funkcje, trwa\u0142o\u015b\u0107 i \u0142atwo\u015b\u0107 monta\u017cu sprawiaj\u0105, \u017ce jest to doskona\u0142y wyb\u00f3r dla bran\u017c, kt\u00f3re opieraj\u0105 si\u0119 na wydajnym i niezawodnym wy\u0142adunku. Zmodernizuj swoj\u0105 wywrotk\u0119, dodaj\u0105c ten si\u0142ownik hydrauliczny i ciesz si\u0119 niespotykan\u0105 dot\u0105d wydajno\u015bci\u0105.<\/p>\n<div>\n<h2>Przedstawiamy nasz 5-tonowy teleskopowy si\u0142ownik hydrauliczny do wywrotek<\/h2>\n<table style=\"width: 100%;\" border=\"1\" width=\"100%\" cellspacing=\"0\" cellpadding=\"0\">\n<tbody>\n<tr>\n<th>Nazwa produktu<\/th>\n<td>5-tonowy teleskopowy si\u0142ownik hydrauliczny do wywrotki<\/td>\n<\/tr>\n<tr>\n<th>Stan<\/th>\n<td>Nowy<\/td>\n<\/tr>\n<tr>\n<th>Gwarancja<\/th>\n<td>1 rok<\/td>\n<\/tr>\n<tr>\n<th>Maksymalne obci\u0105\u017cenie<\/th>\n<td>5 ton<\/td>\n<\/tr>\n<tr>\n<th>G\u0142\u00f3wne komponenty<\/th>\n<td>\u0141o\u017cyska i cylindry t\u0142okowe<\/td>\n<\/tr>\n<tr>\n<th>Tworzywo<\/th>\n<td>Wytrzyma\u0142a stal<\/td>\n<\/tr>\n<tr>\n<th>Testowanie<\/th>\n<td>Raport z test\u00f3w maszyn w zestawie<\/td>\n<\/tr>\n<tr>\n<th>Wydajno\u015b\u0107<\/th>\n<td>Najnowocze\u015bniejsza technologia<\/td>\n<\/tr>\n<tr>\n<th>Zastosowane bran\u017ce<\/th>\n<td>Zak\u0142ady produkcyjne, warsztaty naprawcze maszyn, gospodarstwa rolne, energetyka i g\u00f3rnictwo<\/td>\n<\/tr>\n<tr>\n<th>Rok premiery<\/th>\n<td>2024<\/td>\n<\/tr>\n<\/tbody>\n<\/table>\n<p><img decoding=\"async\" class=\"aligncenter\" src=\"https:\/\/hzpt.com\/wp-content\/uploads\/2023\/11\/Inverted-Telescopic-Cylinder-18.webp\" alt=\"\" title=\"\"><\/p>\n<h2>Cechy 5-tonowego teleskopowego cylindra hydraulicznego do wywrotek<\/h2>\n<ul>\n<li>Standardowa konstrukcja z konstrukcj\u0105 t\u0142okowo-cylindrow\u0105.<\/li>\n<li>Moc hydrauliczna i maksymalny ci\u0105g 3000.<\/li>\n<li>Cylindry teleskopowe odwr\u00f3cone, z portami G\/SAE\/NPT\/M.<\/li>\n<li>Maksymalny uci\u0105g 20 ton i certyfikat ISO9001:2000.<\/li>\n<li>\u015arednica otworu 2-6 cali, \u015brednica pr\u0119ta 1,125-4 cale, skok t\u0142oka 6-48 cali i \u015brednica sworznia 0,5-2 cale.<\/li>\n<\/ul>\n<h2>Zastosowania 5-tonowego teleskopowego cylindra hydraulicznego do wywrotek<\/h2>\n<p>Ten wszechstronny si\u0142ownik hydrauliczny mo\u017cna stosowa\u0107 w wielu zastosowaniach:<\/p>\n<ul>\n<li>Zak\u0142ady produkcyjne zajmuj\u0105ce si\u0119 produkcj\u0105 r\u00f3\u017cnorodnych maszyn.<\/li>\n<li>Warsztaty naprawcze maszyn zajmuj\u0105ce si\u0119 konserwacj\u0105 i napraw\u0105 r\u00f3\u017cnego sprz\u0119tu.<\/li>\n<li>Gospodarstwa zajmuj\u0105ce si\u0119 ci\u0119\u017ckimi pracami rolniczymi.<\/li>\n<li>Przemys\u0142 energetyczny i g\u00f3rniczy do zada\u0144 wydobywczych i przetw\u00f3rczych.<\/li>\n<li>Produkcja maszyn do wytwarzania r\u00f3\u017cnorodnych maszyn i urz\u0105dze\u0144.<\/li>\n<\/ul>\n<p><img decoding=\"async\" src=\"https:\/\/hzpt.com\/wp-content\/uploads\/2023\/11\/Inverted-Telescopic-Cylinder-Applications.webp\" alt=\"\" title=\"\"><\/p>\n<h2>Zasada dzia\u0142ania i metody konserwacji<\/h2>\n<p>Si\u0142ownik hydrauliczny teleskopowy o ud\u017awigu 5 ton dzia\u0142a poprzez przekszta\u0142canie p\u0142ynu hydraulicznego w si\u0142\u0119 wyj\u015bciow\u0105. Sk\u0142ada si\u0119 z kluczowych element\u00f3w, takich jak \u0142o\u017cyska i cylindry t\u0142okowe. Aby zapewni\u0107 d\u0142ugowieczno\u015b\u0107 tego produktu, niezb\u0119dne s\u0105 regularne przegl\u0105dy, czyszczenie i smarowanie. Wymiana uszczelnie\u0144 i przestrzeganie instrukcji obs\u0142ugi s\u0105 r\u00f3wnie\u017c kluczowe dla jego konserwacji. Ponadto, regularne przegl\u0105dy i naprawy powinny by\u0107 przeprowadzane w celu zapewnienia optymalnej wydajno\u015bci.<\/p>\n<p><img decoding=\"async\" src=\"https:\/\/hzpt.com\/wp-content\/uploads\/2023\/11\/Inverted-Telescopic-Cylinder-21.webp\" alt=\"\" title=\"\"><\/p>\n<\/div>\n<h2>Odwr\u00f3cony cylinder teleskopowy<\/h2>\n<p>Odwr\u00f3cony cylinder teleskopowy, znany r\u00f3wnie\u017c jako odwr\u00f3cony cylinder teleskopowy, to cylinder hydrauliczny, w kt\u00f3rym t\u0142oczysko wystaje z do\u0142u, a nie z g\u00f3ry. Ta unikalna konstrukcja oferuje szereg zalet w por\u00f3wnaniu z tradycyjnymi cylindrami teleskopowymi, co czyni j\u0105 idealnym wyborem do r\u00f3\u017cnorodnych zastosowa\u0144 hydraulicznych.<\/p>\n<h3>Nowy projekt 5-tonowego teleskopowego cylindra hydraulicznego do wywrotki<\/h3>\n<p>Nowy, 5-tonowy teleskopowy si\u0142ownik hydrauliczny do wywrotek to doskona\u0142y przyk\u0142ad zastosowania odwr\u00f3conego si\u0142ownika teleskopowego do poprawy wydajno\u015bci i osi\u0105g\u00f3w uk\u0142ad\u00f3w hydraulicznych. Oto kilka kluczowych zalet tej innowacyjnej konstrukcji:<\/p>\n<ul>\n<li><strong>Zwi\u0119kszona \u0142adowno\u015b\u0107:<\/strong> Odwr\u00f3cona konstrukcja cylindra pozwala na zastosowanie wi\u0119kszej \u015brednicy t\u0142oka, co przek\u0142ada si\u0119 na wi\u0119kszy ud\u017awig. Oznacza to, \u017ce wywrotka mo\u017ce ud\u017awign\u0105\u0107 wi\u0119kszy ci\u0119\u017car, co czyni j\u0105 bardziej wydajn\u0105 i ekonomiczn\u0105.<\/li>\n<li><strong>Lepsza stabilno\u015b\u0107:<\/strong> Poniewa\u017c t\u0142oczysko znajduje si\u0119 u do\u0142u cylindra, wywrotka ma ni\u017cej po\u0142o\u017cony \u015brodek ci\u0119\u017cko\u015bci. Dzi\u0119ki temu jest bardziej stabilna i mniej podatna na przewr\u00f3cenie, co jest szczeg\u00f3lnie wa\u017cne podczas transportu ci\u0119\u017ckich \u0142adunk\u00f3w.<\/li>\n<li><strong>Zwi\u0119kszona trwa\u0142o\u015b\u0107:<\/strong> Odwr\u00f3cone cylindry teleskopowe s\u0105 mniej podatne na uszkodzenia spowodowane czynnikami zewn\u0119trznymi, takimi jak brud, zanieczyszczenia i woda. Dzi\u0119ki temu s\u0105 trwalsze i bardziej niezawodne, co przek\u0142ada si\u0119 na ni\u017csze koszty konserwacji i kr\u00f3tszy czas przestoju.<\/li>\n<li><strong>Zwi\u0119kszona wydajno\u015b\u0107:<\/strong> Odwr\u00f3cona konstrukcja cylindra pozwala na bardziej bezpo\u015bredni przep\u0142yw p\u0142ynu hydraulicznego, co zmniejsza tarcie i poprawia og\u00f3ln\u0105 wydajno\u015b\u0107. Oznacza to, \u017ce wywrotka mo\u017ce pracowa\u0107 p\u0142ynniej i zu\u017cywa\u0107 mniej energii, co przek\u0142ada si\u0119 na ni\u017csze zu\u017cycie paliwa i koszty eksploatacji.<\/li>\n<\/ul>\n<p>Og\u00f3lnie rzecz bior\u0105c, odwr\u00f3cony si\u0142ownik teleskopowy to wszechstronny i wydajny element hydrauliczny, oferuj\u0105cy liczne korzy\u015bci w por\u00f3wnaniu z tradycyjnymi konstrukcjami. Niezale\u017cnie od tego, czy projektujesz uk\u0142ad hydrauliczny do wywrotki, czy innego rodzaju urz\u0105dzenia hydraulicznego, odwr\u00f3cony si\u0142ownik teleskopowy zdecydowanie warto rozwa\u017cy\u0107.<\/p>\n<h3>O FMP<\/h3>\n<p>FMP to firma specjalizuj\u0105ca si\u0119 w produkcji i sprzeda\u017cy si\u0142ownik\u00f3w hydraulicznych. Dzi\u0119ki wieloletniemu do\u015bwiadczeniu w bran\u017cy i profesjonalnemu zespo\u0142owi, jeste\u015bmy w stanie dostarcza\u0107 naszym klientom wysokiej jako\u015bci i niezawodne si\u0142owniki hydrauliczne do maszyn budowlanych.<\/p>\n<p><img decoding=\"async\" src=\"https:\/\/fmp-components.com\/wp-content\/uploads\/2024\/12\/Adjustable-Clevis-Type-Cylinders-6.webp\" alt=\"Regulowany cylinder typu wide\u0142kowego\" width=\"813\" title=\"\"><\/p>\n<p>Oto pi\u0119\u0107 kluczowych zalet naszych produkt\u00f3w i firmy:<\/p>\n<ol>\n<li>Szeroka gama produkt\u00f3w: Oferujemy szerok\u0105 gam\u0119 si\u0142ownik\u00f3w hydraulicznych do r\u00f3\u017cnych typ\u00f3w maszyn budowlanych, w tym przek\u0142adnie do maszyn rolniczych, przek\u0142adnie planetarne, przek\u0142adnie przemys\u0142owe oraz cz\u0119\u015bci do maszyn rolniczych. Dzi\u0119ki temu nasi klienci mog\u0105 znale\u017a\u0107 idealny si\u0142ownik hydrauliczny, kt\u00f3ry spe\u0142ni ich indywidualne potrzeby.<\/li>\n<li>Surowe standardy jako\u015bci: Dzi\u0119ki nawi\u0105zywaniu d\u0142ugoterminowych i stabilnych partnerstw z wysokiej jako\u015bci dostawcami w kraju i za granic\u0105, gwarantujemy, \u017ce wszystkie dostarczane przez nas si\u0142owniki hydrauliczne spe\u0142niaj\u0105 surowe standardy jako\u015bci. Gwarantuje to trwa\u0142o\u015b\u0107, wydajno\u015b\u0107 i niezawodno\u015b\u0107 naszych produkt\u00f3w.<\/li>\n<li>Do\u015bwiadczony Zesp\u00f3\u0142 Sprzeda\u017cy: Nasz do\u015bwiadczony zesp\u00f3\u0142 sprzeda\u017cy doskonale orientuje si\u0119 w trendach rozwojowych i potrzebach klient\u00f3w bran\u017cy maszyn budowlanych. Zapewniamy profesjonalne doradztwo produktowe i oferujemy przemy\u015blane sugestie zakupowe, dopasowane do potrzeb ka\u017cdego klienta.<\/li>\n<li>Efektywna dystrybucja logistyczna: Wdro\u017cyli\u015bmy efektywny system dystrybucji logistycznej, aby zapewni\u0107 naszym klientom terminowe i dok\u0142adne dostawy niezb\u0119dnych cylindr\u00f3w hydraulicznych. Minimalizuje to wszelkie op\u00f3\u017anienia i zak\u0142\u00f3cenia w ich projektach budowlanych.<\/li>\n<li>Satysfakcja klienta: W FMP priorytetowo traktujemy satysfakcj\u0119 klienta. Dok\u0142adamy wszelkich stara\u0144, aby zapewni\u0107 doskona\u0142\u0105 obs\u0142ug\u0119 klienta, oferuj\u0105c niezawodne produkty, szybk\u0105 pomoc i skuteczne rozwi\u0105zania wszelkich pyta\u0144 i w\u0105tpliwo\u015bci naszych klient\u00f3w.<\/li>\n<\/ol>\n<p>Wsp\u00f3\u0142praca z FMP oznacza dost\u0119p do najwy\u017cszej jako\u015bci cylindr\u00f3w hydraulicznych i zaufanego partnera w bran\u017cy maszyn budowlanych. Skontaktuj si\u0119 z nami ju\u017c dzi\u015b, aby om\u00f3wi\u0107 swoje potrzeby w zakresie cylindr\u00f3w hydraulicznych i przekona\u0107 si\u0119 o korzy\u015bciach p\u0142yn\u0105cych ze wsp\u00f3\u0142pracy z FMP.<\/p>\n<p>Autor:CX<\/p>","protected":false},"excerpt":{"rendered":"<p>Introducing the New Design 5 Ton Telescopic Hydraulic Cylinder for Dump Truck Hydraulic Cylinder: The New Design 5 Ton Telescopic Hydraulic Cylinder is a cutting-edge product specifically designed for dump trucks. With its innovative features and advanced technology, this hydraulic cylinder offers unparalleled performance and reliability. Key Features: 1. Enhanced Lifting Capacity: The 5-ton lifting [&hellip;]<\/p>","protected":false},"featured_media":1624,"comment_status":"closed","ping_status":"closed","template":"","meta":{"_et_pb_use_builder":"","_et_pb_old_content":"","_et_gb_content_width":""},"product_brand":[],"product_cat":[45],"product_tag":[34,48],"class_list":{"0":"post-1623","1":"product","2":"type-product","3":"status-publish","4":"has-post-thumbnail","6":"product_cat-inverted-telescopic-cylinder","7":"product_tag-hydraulic-cylinder","8":"product_tag-inverted-telescopic-cylinder","10":"first","11":"instock","12":"product-type-simple"},"_links":{"self":[{"href":"https:\/\/fmp-components.com\/pl\/wp-json\/wp\/v2\/product\/1623","targetHints":{"allow":["GET"]}}],"collection":[{"href":"https:\/\/fmp-components.com\/pl\/wp-json\/wp\/v2\/product"}],"about":[{"href":"https:\/\/fmp-components.com\/pl\/wp-json\/wp\/v2\/types\/product"}],"replies":[{"embeddable":true,"href":"https:\/\/fmp-components.com\/pl\/wp-json\/wp\/v2\/comments?post=1623"}],"wp:featuredmedia":[{"embeddable":true,"href":"https:\/\/fmp-components.com\/pl\/wp-json\/wp\/v2\/media\/1624"}],"wp:attachment":[{"href":"https:\/\/fmp-components.com\/pl\/wp-json\/wp\/v2\/media?parent=1623"}],"wp:term":[{"taxonomy":"product_brand","embeddable":true,"href":"https:\/\/fmp-components.com\/pl\/wp-json\/wp\/v2\/product_brand?post=1623"},{"taxonomy":"product_cat","embeddable":true,"href":"https:\/\/fmp-components.com\/pl\/wp-json\/wp\/v2\/product_cat?post=1623"},{"taxonomy":"product_tag","embeddable":true,"href":"https:\/\/fmp-components.com\/pl\/wp-json\/wp\/v2\/product_tag?post=1623"}],"curies":[{"name":"wp","href":"https:\/\/api.w.org\/{rel}","templated":true}]}}