{"id":1617,"date":"2024-12-23T06:59:20","date_gmt":"2024-12-23T06:59:20","guid":{"rendered":"https:\/\/fmp-components.com\/product\/guaranteed-quality-small-hydraulic-cylinder-telescopic-hydraulic-cylinder-for-dump-trailer\/"},"modified":"2024-12-23T08:35:54","modified_gmt":"2024-12-23T08:35:54","slug":"guaranteed-quality-small-hydraulic-cylinder-telescopic-hydraulic-cylinder-for-dump-trailer","status":"publish","type":"product","link":"https:\/\/fmp-components.com\/pl\/product\/guaranteed-quality-small-hydraulic-cylinder-telescopic-hydraulic-cylinder-for-dump-trailer\/","title":{"rendered":"Gwarantowana jako\u015b\u0107 Ma\u0142y si\u0142ownik hydrauliczny Teleskopowy si\u0142ownik hydrauliczny do przyczepy wywrotki"},"content":{"rendered":"<p>Ma\u0142y, teleskopowy si\u0142ownik hydrauliczny o gwarantowanej jako\u015bci do przyczep wywrotek to produkt najwy\u017cszej klasy, oferuj\u0105cy niezr\u00f3wnan\u0105 wydajno\u015b\u0107 i trwa\u0142o\u015b\u0107. Zaprojektowany, aby wytrzyma\u0107 nawet najtrudniejsze warunki pracy, ten si\u0142ownik hydrauliczny idealnie nadaje si\u0119 do przyczep wywrotek i innych ci\u0119\u017ckich zastosowa\u0144.<\/p>\n<p>Jedn\u0105 z kluczowych cech tego produktu jest teleskopowa konstrukcja, kt\u00f3ra zapewnia wi\u0119kszy zakres ruchu i wi\u0119kszy ud\u017awig. Oznacza to, \u017ce u\u017cytkownicy mog\u0105 \u0142atwo podnosi\u0107 i roz\u0142adowywa\u0107 ci\u0119\u017ckie \u0142adunki bez obaw o awarie mechaniczne.<\/p>\n<p>Dodatkowo, ma\u0142y teleskopowy si\u0142ownik hydrauliczny o gwarantowanej jako\u015bci do przyczep wywrotek jest wykonany z wysokiej jako\u015bci materia\u0142\u00f3w, kt\u00f3re gwarantuj\u0105 trwa\u0142o\u015b\u0107. Si\u0142ownik jest wykonany z trwa\u0142ej stali i zaprojektowany tak, aby by\u0142 odporny na zu\u017cycie i uszkodzenia, nawet w najbardziej wymagaj\u0105cych zastosowaniach.<\/p>\n<table style=\"width: 100%;\" border=\"1\" width=\"100%\" cellspacing=\"0\" cellpadding=\"0\">\n<tbody>\n<tr>\n<th>Nazwa produktu<\/th>\n<td>Ma\u0142y si\u0142ownik hydrauliczny i teleskopowy si\u0142ownik hydrauliczny do przyczep wywrotek<\/td>\n<\/tr>\n<tr>\n<th>Stan<\/th>\n<td>Nowy<\/td>\n<\/tr>\n<tr>\n<th>Gwarancja<\/th>\n<td>1 rok<\/td>\n<\/tr>\n<tr>\n<th>Waga (kg)<\/th>\n<td>48<\/td>\n<\/tr>\n<tr>\n<th>Cechy<\/th>\n<td>Najwy\u017cszej klasy konstrukcja i zaawansowane funkcje<\/td>\n<\/tr>\n<tr>\n<th>Testowanie<\/th>\n<td>W zestawie wideo z inspekcji wyj\u015bciowej i raport z test\u00f3w maszyn<\/td>\n<\/tr>\n<tr>\n<th>Wydajno\u015b\u0107<\/th>\n<td>Niezawodny i wysokiej jako\u015bci<\/td>\n<\/tr>\n<tr>\n<th>Zastosowane bran\u017ce<\/th>\n<td>Zak\u0142ady produkcyjne, warsztaty naprawcze maszyn, gospodarstwa rolne, energetyka i g\u00f3rnictwo, produkcja maszyn, fabryki maszyn<\/td>\n<\/tr>\n<\/tbody>\n<\/table>\n<h2>Cechy teleskopowego cylindra hydraulicznego<\/h2>\n<p>Nasz teleskopowy si\u0142ownik hydrauliczny zosta\u0142 wykonany z najwy\u017csz\u0105 staranno\u015bci\u0105 i wyr\u00f3\u017cnia si\u0119 wieloma wyj\u0105tkowymi cechami. Nale\u017c\u0105 do nich:<\/p>\n<p><img decoding=\"async\" src=\"https:\/\/hzpt.com\/wp-content\/uploads\/2023\/11\/Inverted-Telescopic-Cylinder-24.webp\" alt=\"\" title=\"\"><\/p>\n<ul>\n<li>1 rok gwarancji na g\u0142\u00f3wne podzespo\u0142y.<\/li>\n<li>G\u0142\u00f3wne elementy: \u0142o\u017cysko, cylinder t\u0142okowy.<\/li>\n<li>Standardowa konstrukcja: t\u0142ok-cylinder.<\/li>\n<li>Si\u0142ownik hydrauliczny z korpusem stalowym.<\/li>\n<li>Maksymalny ci\u0105g 3000.<\/li>\n<\/ul>\n<h2>Zastosowania teleskopowego cylindra hydraulicznego<\/h2>\n<p>Ten wszechstronny si\u0142ownik hydrauliczny mo\u017cna wykorzysta\u0107 w wielu obszarach, takich jak:<\/p>\n<ul>\n<li>Zak\u0142ady produkcyjne: Do produkcji ci\u0119\u017ckich maszyn i urz\u0105dze\u0144.<\/li>\n<li>Warsztaty naprawy maszyn: zajmuj\u0105 si\u0119 napraw\u0105 i konserwacj\u0105 r\u00f3\u017cnych maszyn.<\/li>\n<li>Gospodarstwa rolne: Do obs\u0142ugi ci\u0119\u017ckiego sprz\u0119tu rolniczego.<\/li>\n<li>Energetyka i g\u00f3rnictwo: Wsparcie proces\u00f3w wykopaliskowych i produkcji energii.<\/li>\n<li>Produkcja maszyn: Do produkcji r\u00f3\u017cnych typ\u00f3w maszyn.<\/li>\n<\/ul>\n<p><img decoding=\"async\" src=\"https:\/\/hzpt.com\/wp-content\/uploads\/2023\/11\/Inverted-Telescopic-Cylinder-Applications.webp\" alt=\"Zastosowania cylindr\u00f3w teleskopowych\" title=\"\"><\/p>\n<h2>Zasada dzia\u0142ania i metody konserwacji<\/h2>\n<p>Odwr\u00f3cony cylinder teleskopowy dzia\u0142a dzi\u0119ki nap\u0119dowi hydraulicznemu. Regularna konserwacja jest kluczowa dla jego optymalnego dzia\u0142ania i obejmuje:<\/p>\n<ul>\n<li>Regularna kontrola: w celu upewnienia si\u0119, \u017ce cylinder jest w dobrym stanie technicznym.<\/li>\n<li>Czyszczenie: Aby usun\u0105\u0107 wszelkie zabrudzenia i zanieczyszczenia, kt\u00f3re mog\u0105 zak\u0142\u00f3ca\u0107 dzia\u0142anie urz\u0105dzenia.<\/li>\n<li>Smarowanie: Aby zmniejszy\u0107 tarcie i zapewni\u0107 p\u0142ynn\u0105 prac\u0119.<\/li>\n<li>Regularne kontrole i naprawy: w celu wczesnego wykrycia i rozwi\u0105zania problem\u00f3w.<\/li>\n<li>Wymiana uszczelki: Aby zapobiec przeciekom i utrzyma\u0107 ci\u015bnienie.<\/li>\n<li>Post\u0119powanie zgodnie z instrukcj\u0105 obs\u0142ugi: Aby zrozumie\u0107 prawid\u0142owe instrukcje dotycz\u0105ce u\u017cytkowania i konserwacji.<\/li>\n<\/ul>\n<p><img decoding=\"async\" src=\"https:\/\/hzpt.com\/wp-content\/uploads\/2023\/11\/Inverted-Telescopic-Cylinder-9.webp\" alt=\"\" title=\"\"><\/p>\n<h2>Odwr\u00f3cony cylinder teleskopowy<\/h2>\n<p>Si\u0142ownik teleskopowy to si\u0142ownik hydrauliczny, w kt\u00f3rym t\u0142oczysko jest zamontowane w jednej lub kilku rurach, zwanych tulejami. Tuleje wsuwaj\u0105 si\u0119 jedna w drug\u0105, zapewniaj\u0105c kr\u00f3tsz\u0105 d\u0142ugo\u015b\u0107 po zsuni\u0119ciu i d\u0142u\u017cszy skok. Odwr\u00f3cone cylindry teleskopowe to specyficzny rodzaj cylindra teleskopowego, w kt\u00f3rym podstawa cylindra jest po\u0142\u0105czona z punktem sta\u0142ym, a koniec t\u0142oczyska stanowi cz\u0119\u015b\u0107 ruchom\u0105.<\/p>\n<h3>Budowa<\/h3>\n<p>Odwr\u00f3cone cylindry teleskopowe s\u0105 powszechnie stosowane w przyczepach wywrotkach, gdzie cylinder jest przymocowany do podwozia przyczepy, a koniec t\u0142oczyska do jej skrzyni \u0142adunkowej. Cylinder jest zazwyczaj wykonany z rur stalowych, z najwi\u0119ksz\u0105 rur\u0105 u podstawy, a najmniejsz\u0105 rur\u0105 u ko\u0144ca t\u0142oczyska. Rury s\u0105 po\u0142\u0105czone za pomoc\u0105 \u015brub gwintowanych lub po\u0142\u0105cze\u0144 spawanych. T\u0142oczysko jest przymocowane do ko\u0144ca t\u0142oczyska cylindra i przechodzi przez rury.<\/p>\n<h3>Zasada dzia\u0142ania<\/h3>\n<p>Zasada dzia\u0142ania odwr\u00f3conego cylindra teleskopowego opiera si\u0119 na prawie Pascala, kt\u00f3re g\u0142osi, \u017ce ci\u015bnienie wywierane na ciecz jest r\u00f3wnomiernie rozprowadzane we wszystkich kierunkach. Gdy ciecz hydrauliczna jest pompowana do cylindra, wywiera ona ci\u015bnienie na t\u0142ok, powoduj\u0105c jego ruch. W miar\u0119 jak t\u0142ok si\u0119 porusza, ciecz jest wt\u0142aczana do kolejnej, mniejszej rurki, kt\u00f3ra r\u00f3wnie\u017c si\u0119 porusza. Proces ten trwa, a\u017c t\u0142ok dotrze do ko\u0144ca najmniejszej rurki i osi\u0105gnie pe\u0142n\u0105 d\u0142ugo\u015b\u0107 skoku.<\/p>\n<h3>Zalety<\/h3>\n<p>Jedn\u0105 z g\u0142\u00f3wnych zalet odwr\u00f3conych cylindr\u00f3w teleskopowych jest ich kompaktowy rozmiar. Dzi\u0119ki zastosowaniu wielu rur, cylinder mo\u017ce zapewni\u0107 d\u0142u\u017cszy skok bez zwi\u0119kszania d\u0142ugo\u015bci po zsuni\u0119ciu. Jest to szczeg\u00f3lnie przydatne w zastosowaniach o ograniczonej przestrzeni. Ponadto, zastosowanie p\u0142ynu hydraulicznego pozwala na precyzyjn\u0105 kontrol\u0119 ruchu cylindra.<\/p>\n<p>Kolejn\u0105 zalet\u0105 odwr\u00f3conych cylindr\u00f3w teleskopowych jest ich trwa\u0142o\u015b\u0107. Zazwyczaj s\u0105 one wykonane z wysokiej jako\u015bci materia\u0142\u00f3w, takich jak stal, kt\u00f3ra wytrzymuje wysokie ci\u015bnienie i du\u017ce obci\u0105\u017cenia. Dzi\u0119ki temu idealnie nadaj\u0105 si\u0119 do zastosowa\u0144 wymagaj\u0105cych du\u017cej wytrzyma\u0142o\u015bci, takich jak wywrotki.<\/p>\n<h3>Aplikacje<\/h3>\n<p>Jak wspomniano wcze\u015bniej, odwr\u00f3cone si\u0142owniki teleskopowe s\u0105 powszechnie stosowane w przyczepach wywrotkach. Przyczepy wywrotki s\u0142u\u017c\u0105 do transportu materia\u0142\u00f3w sypkich, takich jak piasek, \u017cwir i gruz budowlany. Si\u0142ownik hydrauliczny umo\u017cliwia podnoszenie i przechylanie skrzyni \u0142adunkowej przyczepy, co pozwala na szybki i wydajny roz\u0142adunek materia\u0142\u00f3w.<\/p>\n<p>Opr\u00f3cz przyczep wywrotek, odwr\u00f3cone si\u0142owniki teleskopowe znajduj\u0105 zastosowanie r\u00f3wnie\u017c w innych zastosowaniach, takich jak sprz\u0119t budowlany, maszyny rolnicze i sprz\u0119t g\u00f3rniczy. Znajduj\u0105 zastosowanie wsz\u0119dzie tam, gdzie wymagana jest precyzyjna kontrola ruchu i gdzie przestrze\u0144 jest ograniczona.<\/p>\n<h3>Gwarantowana jako\u015b\u0107 ma\u0142ego cylindra hydraulicznego<\/h3>\n<p>Ma\u0142y si\u0142ownik hydrauliczny to rodzaj si\u0142ownika przeznaczonego do zastosowa\u0144 w ograniczonej przestrzeni. Si\u0142owniki te s\u0105 zazwyczaj wykonane z wysokiej jako\u015bci materia\u0142\u00f3w, takich jak stal, i zaprojektowane tak, aby wytrzymywa\u0142y wysokie ci\u015bnienie i du\u017ce obci\u0105\u017cenia. S\u0105 powszechnie stosowane w takich zastosowaniach jak obrabiarki, urz\u0105dzenia automatyki i sprz\u0119t medyczny.<\/p>\n<h3>Teleskopowy si\u0142ownik hydrauliczny do przyczepy wywrotki<\/h3>\n<p>Teleskopowy si\u0142ownik hydrauliczny do przyczep wywrotek to specjalny rodzaj si\u0142ownika przeznaczony do stosowania w przyczepach wywrotkach. Si\u0142owniki te s\u0105 zazwyczaj zbudowane z wielu rur, jak opisano wcze\u015bniej, aby zapewni\u0107 d\u0142u\u017cszy skok bez zwi\u0119kszania d\u0142ugo\u015bci po zsuni\u0119ciu. S\u0105 one zaprojektowane tak, aby wytrzymywa\u0107 wysokie ci\u015bnienie i du\u017ce obci\u0105\u017cenia i idealnie nadaj\u0105 si\u0119 do zastosowa\u0144 wymagaj\u0105cych du\u017cej wytrzyma\u0142o\u015bci, takich jak przyczepy wywrotki.<\/p>\n<h3>O firmie FMP \u2013 Wysokiej jako\u015bci si\u0142owniki hydrauliczne do maszyn budowlanych<\/h3>\n<p>Szukasz wysokiej jako\u015bci si\u0142ownik\u00f3w hydraulicznych do maszyn budowlanych? Nie szukaj dalej ni\u017c FMP, wiod\u0105ca firma z siedzib\u0105 we W\u0142oszech, kt\u00f3ra specjalizuje si\u0119 w sprzeda\u017cy i serwisie cz\u0119\u015bci maszyn budowlanych i kompletnych maszyn.<\/p>\n<p>W FMP jeste\u015bmy zobowi\u0105zani do dostarczania naszym klientom niezawodnych i wydajnych rozwi\u0105za\u0144 dla ich potrzeb w zakresie maszyn budowlanych. Nasza oferta obejmuje szerok\u0105 gam\u0119 maszyn budowlanych, przek\u0142adni maszyn rolniczych, przek\u0142adni planetarnych, przek\u0142adni przemys\u0142owych i najwy\u017cszej klasy akcesori\u00f3w, kt\u00f3re do nich pasuj\u0105.<\/p>\n<p>Oto niekt\u00f3re zalety wyboru FMP w zakresie cylindr\u00f3w hydraulicznych:<\/p>\n<p>1. Produkty wysokiej jako\u015bci: Wszystkie nasze produkty pochodz\u0105 od sprawdzonych dostawc\u00f3w, co gwarantuje, \u017ce nasi klienci otrzymuj\u0105 wy\u0142\u0105cznie produkty najwy\u017cszej jako\u015bci, spe\u0142niaj\u0105ce rygorystyczne standardy jako\u015bci.<\/p>\n<p>2. Zesp\u00f3\u0142 profesjonalist\u00f3w: Nasz do\u015bwiadczony i profesjonalny zesp\u00f3\u0142 sprzeda\u017cy zna trendy rozwojowe i potrzeby klient\u00f3w w bran\u017cy maszyn budowlanych i mo\u017ce zapewni\u0107 kompleksowe doradztwo w zakresie produkt\u00f3w oraz udzieli\u0107 przemy\u015blanych sugestii dotycz\u0105cych zakup\u00f3w.<\/p>\n<p>3. Wydajny system dystrybucji logistycznej: Posiadamy wydajny system dystrybucji logistycznej, kt\u00f3ry gwarantuje terminow\u0105 i dok\u0142adn\u0105 dostaw\u0119 produkt\u00f3w do naszych klient\u00f3w.<\/p>\n<p>4. Konkurencyjne ceny: Oferujemy konkurencyjne ceny naszych produkt\u00f3w, nie rezygnuj\u0105c przy tym z jako\u015bci.<\/p>\n<p>5. Personalizacja: Oferujemy opcje personalizacji naszych cylindr\u00f3w hydraulicznych, aby spe\u0142ni\u0107 wyj\u0105tkowe potrzeby naszych klient\u00f3w.<\/p>\n<p>Nasze cylindry hydrauliczne, takie jak Adjustable Clevis Type Cylinder (przedstawiony poni\u017cej), s\u0105 idealne do szerokiej gamy zastosowa\u0144 w maszynach budowlanych. Dzi\u0119ki naszemu zaanga\u017cowaniu w jako\u015b\u0107 i zadowolenie klienta mo\u017cesz zaufa\u0107 FMP w zakresie wszystkich potrzeb zwi\u0105zanych z cylindrami hydraulicznymi.<\/p>\n<p><img decoding=\"async\" src=\"https:\/\/fmp-components.com\/wp-content\/uploads\/2024\/12\/Adjustable-Clevis-Type-Cylinders-6.webp\" alt=\"Regulowany cylinder typu wide\u0142kowego\" width=\"810\" title=\"\"><br \/>\nAutor:CX<\/p>","protected":false},"excerpt":{"rendered":"<p>The Guaranteed Quality Small Hydraulic Cylinder Telescopic Hydraulic Cylinder For Dump Trailer is a top-of-the-line product that offers unmatched performance and durability. Designed to withstand even the toughest working conditions, this hydraulic cylinder is perfect for dump trailers and other heavy-duty applications. One of the key features of this product is its telescopic design, which [&hellip;]<\/p>","protected":false},"featured_media":1618,"comment_status":"closed","ping_status":"closed","template":"","meta":{"_et_pb_use_builder":"","_et_pb_old_content":"","_et_gb_content_width":""},"product_brand":[],"product_cat":[45],"product_tag":[34,48],"class_list":{"0":"post-1617","1":"product","2":"type-product","3":"status-publish","4":"has-post-thumbnail","6":"product_cat-inverted-telescopic-cylinder","7":"product_tag-hydraulic-cylinder","8":"product_tag-inverted-telescopic-cylinder","10":"first","11":"instock","12":"product-type-simple"},"_links":{"self":[{"href":"https:\/\/fmp-components.com\/pl\/wp-json\/wp\/v2\/product\/1617","targetHints":{"allow":["GET"]}}],"collection":[{"href":"https:\/\/fmp-components.com\/pl\/wp-json\/wp\/v2\/product"}],"about":[{"href":"https:\/\/fmp-components.com\/pl\/wp-json\/wp\/v2\/types\/product"}],"replies":[{"embeddable":true,"href":"https:\/\/fmp-components.com\/pl\/wp-json\/wp\/v2\/comments?post=1617"}],"wp:featuredmedia":[{"embeddable":true,"href":"https:\/\/fmp-components.com\/pl\/wp-json\/wp\/v2\/media\/1618"}],"wp:attachment":[{"href":"https:\/\/fmp-components.com\/pl\/wp-json\/wp\/v2\/media?parent=1617"}],"wp:term":[{"taxonomy":"product_brand","embeddable":true,"href":"https:\/\/fmp-components.com\/pl\/wp-json\/wp\/v2\/product_brand?post=1617"},{"taxonomy":"product_cat","embeddable":true,"href":"https:\/\/fmp-components.com\/pl\/wp-json\/wp\/v2\/product_cat?post=1617"},{"taxonomy":"product_tag","embeddable":true,"href":"https:\/\/fmp-components.com\/pl\/wp-json\/wp\/v2\/product_tag?post=1617"}],"curies":[{"name":"wp","href":"https:\/\/api.w.org\/{rel}","templated":true}]}}