{"id":1615,"date":"2024-12-23T06:59:20","date_gmt":"2024-12-23T06:59:20","guid":{"rendered":"https:\/\/fmp-components.com\/product\/factory-customized-hydraulic-cylinder-double-acting-telescopic-hydraulic-cylinder-for-sale\/"},"modified":"2024-12-23T08:41:39","modified_gmt":"2024-12-23T08:41:39","slug":"factory-customized-hydraulic-cylinder-double-acting-telescopic-hydraulic-cylinder-for-sale","status":"publish","type":"product","link":"https:\/\/fmp-components.com\/pl\/product\/factory-customized-hydraulic-cylinder-double-acting-telescopic-hydraulic-cylinder-for-sale\/","title":{"rendered":"Sprzedam fabrycznie dostosowany si\u0142ownik hydrauliczny dwustronnego dzia\u0142ania, teleskopowy si\u0142ownik hydrauliczny"},"content":{"rendered":"<h2>Sprzedam fabrycznie dostosowany si\u0142ownik hydrauliczny dwustronnego dzia\u0142ania, teleskopowy si\u0142ownik hydrauliczny<\/h2>\n<p>Cylinder hydrauliczny dostosowany fabrycznie to wysokiej jako\u015bci produkt zaprojektowany z my\u015bl\u0105 o specyficznych potrzebach r\u00f3\u017cnych bran\u017c. Jest to teleskopowy cylinder hydrauliczny dwustronnego dzia\u0142ania, kt\u00f3ry oferuje wyj\u0105tkow\u0105 wydajno\u015b\u0107 i niezawodno\u015b\u0107.<\/p>\n<p>Dzi\u0119ki zaawansowanej konstrukcji i wykonaniu, ten si\u0142ownik hydrauliczny zapewnia p\u0142ynny i precyzyjny ruch zar\u00f3wno w fazie wysuwania, jak i wsuwania. Zosta\u0142 zaprojektowany tak, aby wytrzyma\u0107 du\u017ce obci\u0105\u017cenia i trudne warunki pracy, dzi\u0119ki czemu nadaje si\u0119 do szerokiego zakresu zastosowa\u0144.<\/p>\n<p>Si\u0142ownik hydrauliczny na zam\u00f3wienie klienta jest produkowany z najwy\u017cszej jako\u015bci materia\u0142\u00f3w, co gwarantuje trwa\u0142o\u015b\u0107 i d\u0142ugowieczno\u015b\u0107. Poddawany jest rygorystycznym testom i kontrolom jako\u015bci, aby spe\u0142nia\u0107 mi\u0119dzynarodowe standardy, gwarantuj\u0105c wyj\u0105tkow\u0105 wydajno\u015b\u0107 i bezpiecze\u0144stwo.<\/p>\n<p>Ten si\u0142ownik hydrauliczny jest wysoce konfigurowalny, co pozwala klientom na dopasowanie go do indywidualnych wymaga\u0144. Niezale\u017cnie od d\u0142ugo\u015bci skoku, \u015brednicy cylindra, sposobu monta\u017cu czy innych parametr\u00f3w, si\u0142ownik hydrauliczny Factory Customized mo\u017cna idealnie dostosowa\u0107 do ka\u017cdego zastosowania.<\/p>\n<p>Opr\u00f3cz wyj\u0105tkowej wydajno\u015bci, ten si\u0142ownik hydrauliczny charakteryzuje si\u0119 r\u00f3wnie\u017c \u0142atwo\u015bci\u0105 monta\u017cu i konserwacji. Zosta\u0142 zaprojektowany z my\u015bl\u0105 o bezproblemowej obs\u0142udze, minimalizuj\u0105c przestoje i maksymalizuj\u0105c wydajno\u015b\u0107.<\/p>\n<p>Je\u015bli chodzi o niezawodno\u015b\u0107, wydajno\u015b\u0107 i mo\u017cliwo\u015bci personalizacji, fabrycznie dostosowany si\u0142ownik hydrauliczny to idealny wyb\u00f3r. Dzi\u0119ki swoim wyj\u0105tkowym cechom i zaletom, jest on cennym atutem dla bran\u017c wymagaj\u0105cych wydajnej i precyzyjnej mocy hydraulicznej.<\/p>\n<p>Aby uzyska\u0107 wi\u0119cej informacji lub zada\u0107 pytania dotycz\u0105ce fabrycznie dostosowanego teleskopowego si\u0142ownika hydraulicznego dwustronnego dzia\u0142ania, prosimy o kontakt. Nasz zesp\u00f3\u0142 ekspert\u00f3w jest gotowy pom\u00f3c Pa\u0144stwu i zapewni\u0107 najlepsze rozwi\u0105zanie dla Pa\u0144stwa potrzeb w zakresie hydrauliki si\u0142owej.<\/p>\n<table style=\"width: 100%;\" border=\"1\" width=\"100%\" cellspacing=\"0\" cellpadding=\"0\">\n<tbody>\n<tr>\n<th>Nazwa produktu<\/th>\n<td>Dostosowany fabrycznie teleskopowy si\u0142ownik hydrauliczny dwustronnego dzia\u0142ania<\/td>\n<\/tr>\n<tr>\n<th>Stan<\/th>\n<td>Nowy<\/td>\n<\/tr>\n<tr>\n<th>Gwarancja<\/th>\n<td>1 rok<\/td>\n<\/tr>\n<tr>\n<th>Waga (kg)<\/th>\n<td>48<\/td>\n<\/tr>\n<tr>\n<th>\u0179r\u00f3d\u0142o zasilania<\/th>\n<td>Hydrauliczny<\/td>\n<\/tr>\n<tr>\n<th>Tworzywo<\/th>\n<td>Stal<\/td>\n<\/tr>\n<tr>\n<th>Maksymalny ci\u0105g<\/th>\n<td>3000<\/td>\n<\/tr>\n<tr>\n<th>Maksymalne poci\u0105gni\u0119cie<\/th>\n<td>20 ton<\/td>\n<\/tr>\n<tr>\n<th>Typ cylindra<\/th>\n<td>Odwr\u00f3cony cylinder teleskopowy<\/td>\n<\/tr>\n<tr>\n<th>Porty<\/th>\n<td>G\/SAE\/NPT\/M<\/td>\n<\/tr>\n<tr>\n<th>Rozmiar otworu<\/th>\n<td>2-6 cali<\/td>\n<\/tr>\n<tr>\n<th>Rozmiar pr\u0119ta<\/th>\n<td>1,125-4 cale<\/td>\n<\/tr>\n<tr>\n<th>Rozmiar poci\u0105gni\u0119cia<\/th>\n<td>6-48 cali<\/td>\n<\/tr>\n<tr>\n<th>Rozmiar szpilki<\/th>\n<td>0,5-2 cale<\/td>\n<\/tr>\n<tr>\n<th>Kolor<\/th>\n<td>Czarny<\/td>\n<\/tr>\n<tr>\n<th>Orzecznictwo<\/th>\n<td>Certyfikat ISO9001:2000<\/td>\n<\/tr>\n<tr>\n<th>Testowanie<\/th>\n<td>W zestawie wideo z inspekcji wyj\u015bciowej i raport z testu maszyn<\/td>\n<\/tr>\n<tr>\n<th>Zastosowane bran\u017ce<\/th>\n<td>Zak\u0142ady produkcyjne, warsztaty naprawcze maszyn, gospodarstwa rolne, energetyka i g\u00f3rnictwo, produkcja maszyn<\/td>\n<\/tr>\n<\/tbody>\n<\/table>\n<h2>Przedstawiamy nasze fabrycznie dostosowane cylindry hydrauliczne<\/h2>\n<p>&nbsp;<\/p>\n<p><img decoding=\"async\" src=\"https:\/\/hzpt.com\/wp-content\/uploads\/2023\/11\/Inverted-Telescopic-Cylinder-19.webp\" alt=\"\" title=\"\"><\/p>\n<h2>Cechy teleskopowego cylindra hydraulicznego<\/h2>\n<ul>\n<li>Dwustronne dzia\u0142anie: umo\u017cliwia zastosowanie si\u0142y w obu kierunkach, co zwi\u0119ksza jego wszechstronno\u015b\u0107.<\/li>\n<li>Teleskopowy: Cylinder mo\u017cna rozci\u0105ga\u0107 i skraca\u0107 na r\u00f3\u017cn\u0105 d\u0142ugo\u015b\u0107, co zapewnia wi\u0119ksz\u0105 elastyczno\u015b\u0107 zastosowa\u0144.<\/li>\n<li>Du\u017ca si\u0142a ci\u0105gu i uci\u0105gu: Maksymalna si\u0142a ci\u0105gu wynosz\u0105ca 3000 i maksymalna si\u0142a uci\u0105gu wynosz\u0105ca 20 ton umo\u017cliwiaj\u0105 wydajne wykonywanie ci\u0119\u017ckich prac.<\/li>\n<li>Certyfikat ISO9001:2000: Produkt spe\u0142nia mi\u0119dzynarodowe normy, co gwarantuje jego jako\u015b\u0107 i bezpiecze\u0144stwo.<\/li>\n<li>Trwa\u0142y materia\u0142: Korpus cylindra wykonany jest ze stali, co gwarantuje jego trwa\u0142o\u015b\u0107 i d\u0142ugowieczno\u015b\u0107.<\/li>\n<\/ul>\n<h2>Zastosowania teleskopowego cylindra hydraulicznego<\/h2>\n<p><img decoding=\"async\" src=\"https:\/\/hzpt.com\/wp-content\/uploads\/2023\/11\/Inverted-Telescopic-Cylinder-Applications.webp\" alt=\"Zastosowania odwr\u00f3conego cylindra teleskopowego\" title=\"\"><\/p>\n<h2>Zasada dzia\u0142ania i metody konserwacji<\/h2>\n<p>Teleskopowy si\u0142ownik hydrauliczny dzia\u0142a na zasadzie ci\u015bnienia hydraulicznego. P\u0142yn pod ci\u015bnieniem wewn\u0105trz si\u0142ownika wytwarza si\u0142\u0119, kt\u00f3ra porusza t\u0142ok, co z kolei zmienia d\u0142ugo\u015b\u0107 si\u0142ownika. Aby zapewni\u0107 d\u0142ug\u0105 \u017cywotno\u015b\u0107 si\u0142ownika, nale\u017cy przestrzega\u0107 nast\u0119puj\u0105cych metod konserwacji:<\/p>\n<ul>\n<li>Regularna kontrola: Nale\u017cy regularnie sprawdza\u0107 cylinder pod k\u0105tem oznak uszkodze\u0144 lub zu\u017cycia.<\/li>\n<li>Czyszczenie: Utrzymuj cylinder w czysto\u015bci, aby zapobiec przedostawaniu si\u0119 do niego zanieczyszcze\u0144, kt\u00f3re mog\u0142yby zak\u0142\u00f3ci\u0107 jego dzia\u0142anie.<\/li>\n<li>Smarowanie: Aby zapewni\u0107 p\u0142ynn\u0105 prac\u0119 cylindra, nale\u017cy go regularnie smarowa\u0107.<\/li>\n<li>Regularne kontrole i naprawy: Zaplanuj regularne kontrole i natychmiastowe naprawy, aby utrzyma\u0107 cylinder w najlepszym stanie technicznym.<\/li>\n<li>Wymiana uszczelek: Aby zapobiec wyciekom i zapewni\u0107 wydajn\u0105 prac\u0119 urz\u0105dzenia, nale\u017cy wymieni\u0107 uszczelki zgodnie z instrukcj\u0105 obs\u0142ugi.<\/li>\n<\/ul>\n<p><img decoding=\"async\" src=\"https:\/\/hzpt.com\/wp-content\/uploads\/2023\/11\/Inverted-Telescopic-Cylinder-16.webp\" alt=\"\" title=\"\"><\/p>\n<h2>Odwr\u00f3cony cylinder teleskopowy<\/h2>\n<p>Si\u0142ownik hydrauliczny dwustronnego dzia\u0142ania, fabrycznie dostosowany, teleskopowy si\u0142ownik hydrauliczny na sprzeda\u017c: Odwr\u00f3cony si\u0142ownik teleskopowy to rodzaj si\u0142ownika hydraulicznego wykorzystywanego w r\u00f3\u017cnych zastosowaniach przemys\u0142owych. Jest to rodzaj si\u0142ownika, kt\u00f3rego t\u0142oczysko jest skierowane w d\u00f3\u0142, a nie w g\u00f3r\u0119, jak w tradycyjnym si\u0142owniku teleskopowym. Ta unikalna konstrukcja zapewnia wi\u0119ksz\u0105 elastyczno\u015b\u0107 u\u017cytkowania i umo\u017cliwia wykorzystanie si\u0142ownika w wielu r\u00f3\u017cnych zastosowaniach.<\/p>\n<h3>Projekt<\/h3>\n<p>Odwr\u00f3cony cylinder teleskopowy sk\u0142ada si\u0119 z szeregu rurek zagnie\u017cd\u017conych jedna w drugiej. Rurka wewn\u0119trzna jest przymocowana do t\u0142oczyska i porusza si\u0119 w g\u00f3r\u0119 i w d\u00f3\u0142 podczas pracy. Rurki zewn\u0119trzne s\u0105 zamocowane na sta\u0142e i zapewniaj\u0105 podparcie dla rury wewn\u0119trznej. Ka\u017cda rurka jest nieco wi\u0119ksza od otaczaj\u0105cej j\u0105, co pozwala im na przesuwanie si\u0119 jedna w drug\u0105 podczas pracy.<\/p>\n<p>Si\u0142ownik zosta\u0142 zaprojektowany jako dwustronnego dzia\u0142ania, co oznacza, \u017ce \u200b\u200bp\u0142yn hydrauliczny s\u0142u\u017cy do popychania t\u0142oczyska w obu kierunkach. Dzi\u0119ki temu si\u0142ownik mo\u017ce by\u0107 u\u017cywany w wielu r\u00f3\u017cnych zastosowaniach, takich jak podnoszenie ci\u0119\u017ckich \u0142adunk\u00f3w, pchanie i ci\u0105gni\u0119cie obiekt\u00f3w i wiele innych.<\/p>\n<h3>Aplikacje<\/h3>\n<p>Odwr\u00f3cony cylinder teleskopowy jest wykorzystywany w szerokim zakresie zastosowa\u0144 przemys\u0142owych, w tym w budownictwie, rolnictwie i produkcji. Do typowych zastosowa\u0144 nale\u017c\u0105:<\/p>\n<ul>\n<li>Podnoszenie i opuszczanie ci\u0119\u017ckich \u0142adunk\u00f3w<\/li>\n<li>Przenoszenie du\u017cych obiekt\u00f3w<\/li>\n<li>Sprz\u0119t pchaj\u0105cy i ci\u0105gn\u0105cy<\/li>\n<li>Sterowanie ruchem maszyn<\/li>\n<\/ul>\n<p>Ze wzgl\u0119du na swoj\u0105 unikaln\u0105 konstrukcj\u0119 i wszechstronno\u015b\u0107, odwr\u00f3cone cylindry teleskopowe s\u0105 cz\u0119sto dostosowywane do specyficznych potrzeb ka\u017cdego zastosowania. Takie dostosowanie mo\u017ce obejmowa\u0107 modyfikacje rozmiaru, d\u0142ugo\u015bci skoku i innych kluczowych parametr\u00f3w, aby zapewni\u0107 optymaln\u0105 wydajno\u015b\u0107 w ka\u017cdej sytuacji.<\/p>\n<h3>Zalety<\/h3>\n<p>Jedn\u0105 z g\u0142\u00f3wnych zalet odwr\u00f3conego cylindra teleskopowego jest jego kompaktowa konstrukcja. Poniewa\u017c cylinder sk\u0142ada si\u0119 do wewn\u0105trz, zajmuje mniej miejsca ni\u017c tradycyjne cylindry. Dzi\u0119ki temu idealnie nadaje si\u0119 do stosowania w ciasnych przestrzeniach lub w zastosowaniach o ograniczonej przestrzeni.<\/p>\n<p>Odwr\u00f3cony cylinder teleskopowy jest r\u00f3wnie\u017c niezwykle wytrzyma\u0142y i odporny na zu\u017cycie. Wynika to z jego unikalnej konstrukcji, kt\u00f3ra umo\u017cliwia r\u00f3wnomierne roz\u0142o\u017cenie obci\u0105\u017cenia na ca\u0142y cylinder. Oznacza to, \u017ce cylinder jest mniej podatny na awarie lub uszkodzenia z up\u0142ywem czasu, nawet w zastosowaniach wymagaj\u0105cych du\u017cej wytrzyma\u0142o\u015bci.<\/p>\n<h3>Wniosek<\/h3>\n<p>Odwr\u00f3cony si\u0142ownik teleskopowy to wszechstronny i wysoce wydajny si\u0142ownik hydrauliczny, kt\u00f3ry znajduje zastosowanie w szerokim zakresie zastosowa\u0144 przemys\u0142owych. Dzi\u0119ki unikalnej konstrukcji i mo\u017cliwo\u015bci dostosowania do konkretnych potrzeb, jest to idealny wyb\u00f3r dla os\u00f3b poszukuj\u0105cych niezawodnego, trwa\u0142ego i ekonomicznego rozwi\u0105zania w zakresie si\u0142ownik\u00f3w hydraulicznych.<\/p>\n<h3>O firmie FMP \u2013 Profesjonalna sprzeda\u017c i serwis cz\u0119\u015bci do maszyn budowlanych i maszyn kompletnych<\/h3>\n<p>FMP to wiod\u0105ca firma z siedzib\u0105 we W\u0142oszech, specjalizuj\u0105ca si\u0119 w sprzeda\u017cy i serwisie cz\u0119\u015bci oraz kompletnych maszyn budowlanych. Dzi\u0119ki wieloletniemu do\u015bwiadczeniu w bran\u017cy i profesjonalnemu zespo\u0142owi, zapewniamy klientom wysokiej jako\u015bci i niezawodne rozwi\u0105zania.<\/p>\n<h3>Si\u0142ownik hydrauliczny \u2013 nasz produkt najwy\u017cszej jako\u015bci<\/h3>\n<p>Jednym z naszych najwy\u017cszej jako\u015bci produkt\u00f3w jest si\u0142ownik hydrauliczny. Oto kilka powod\u00f3w, dla kt\u00f3rych warto wybra\u0107 FMP do swoich potrzeb w zakresie si\u0142ownik\u00f3w hydraulicznych:<\/p>\n<ol>\n<li><strong>Materia\u0142y wysokiej jako\u015bci<\/strong>Nasze cylindry hydrauliczne wykonane s\u0105 z materia\u0142\u00f3w najwy\u017cszej jako\u015bci, co gwarantuje trwa\u0142o\u015b\u0107 i niezawodno\u015b\u0107.<\/li>\n<li><strong>Opcje dostosowywania<\/strong>:Oferujemy szereg opcji dostosowywanych do Twoich konkretnych potrzeb, w tym regulowane cylindry typu wide\u0142kowego, takie jak ten poni\u017cej.<\/li>\n<li><strong>Konsultacja ekspercka<\/strong>Nasz do\u015bwiadczony zesp\u00f3\u0142 sprzeda\u017cy zna trendy rozwojowe i potrzeby klient\u00f3w w bran\u017cy maszyn budowlanych. Zapewniamy profesjonalne doradztwo produktowe i trafne sugestie zakupowe.<\/li>\n<li><strong>Wydajny system dystrybucji logistycznej<\/strong>:Posiadamy wydajny system dystrybucji logistycznej, aby mie\u0107 pewno\u015b\u0107, \u017ce klienci otrzymaj\u0105 potrzebne cz\u0119\u015bci na czas i w odpowiedni spos\u00f3b.<\/li>\n<li><strong>Surowe standardy jako\u015bci<\/strong>:Nawi\u0105zuj\u0105c d\u0142ugotrwa\u0142e i stabilne relacje wsp\u00f3\u0142pracy z wieloma wysokiej jako\u015bci dostawcami w kraju i za granic\u0105, zapewniamy, \u017ce wszystkie dostarczane cz\u0119\u015bci spe\u0142niaj\u0105 rygorystyczne standardy jako\u015bci.<\/li>\n<\/ol>\n<p>Je\u015bli potrzebujesz cylindr\u00f3w hydraulicznych, wybierz FMP i przekonaj si\u0119 o r\u00f3\u017cnicy w jako\u015bci i obs\u0142udze.<\/p>\n<p><img decoding=\"async\" src=\"https:\/\/fmp-components.com\/wp-content\/uploads\/2024\/12\/Adjustable-Clevis-Type-Cylinders-6.webp\" alt=\"Regulowany cylinder typu wide\u0142kowego\" width=\"809\" title=\"\"><br \/>\nAutor:CX<\/p>","protected":false},"excerpt":{"rendered":"<p>Factory Customized Hydraulic Cylinder Double Acting Telescopic Hydraulic Cylinder For Sale The Factory Customized Hydraulic Cylinder is a high-quality product designed to meet the specific needs of various industries. It is a double-acting telescopic hydraulic cylinder that offers exceptional performance and reliability. With its advanced design and construction, this hydraulic cylinder provides smooth and precise [&hellip;]<\/p>","protected":false},"featured_media":1616,"comment_status":"closed","ping_status":"closed","template":"","meta":{"_et_pb_use_builder":"","_et_pb_old_content":"","_et_gb_content_width":""},"product_brand":[],"product_cat":[45],"product_tag":[34,48],"class_list":{"0":"post-1615","1":"product","2":"type-product","3":"status-publish","4":"has-post-thumbnail","6":"product_cat-inverted-telescopic-cylinder","7":"product_tag-hydraulic-cylinder","8":"product_tag-inverted-telescopic-cylinder","10":"first","11":"instock","12":"product-type-simple"},"_links":{"self":[{"href":"https:\/\/fmp-components.com\/pl\/wp-json\/wp\/v2\/product\/1615","targetHints":{"allow":["GET"]}}],"collection":[{"href":"https:\/\/fmp-components.com\/pl\/wp-json\/wp\/v2\/product"}],"about":[{"href":"https:\/\/fmp-components.com\/pl\/wp-json\/wp\/v2\/types\/product"}],"replies":[{"embeddable":true,"href":"https:\/\/fmp-components.com\/pl\/wp-json\/wp\/v2\/comments?post=1615"}],"wp:featuredmedia":[{"embeddable":true,"href":"https:\/\/fmp-components.com\/pl\/wp-json\/wp\/v2\/media\/1616"}],"wp:attachment":[{"href":"https:\/\/fmp-components.com\/pl\/wp-json\/wp\/v2\/media?parent=1615"}],"wp:term":[{"taxonomy":"product_brand","embeddable":true,"href":"https:\/\/fmp-components.com\/pl\/wp-json\/wp\/v2\/product_brand?post=1615"},{"taxonomy":"product_cat","embeddable":true,"href":"https:\/\/fmp-components.com\/pl\/wp-json\/wp\/v2\/product_cat?post=1615"},{"taxonomy":"product_tag","embeddable":true,"href":"https:\/\/fmp-components.com\/pl\/wp-json\/wp\/v2\/product_tag?post=1615"}],"curies":[{"name":"wp","href":"https:\/\/api.w.org\/{rel}","templated":true}]}}