{"id":1613,"date":"2024-12-23T06:59:20","date_gmt":"2024-12-23T06:59:20","guid":{"rendered":"https:\/\/fmp-components.com\/product\/factory-serving-small-dump-truck-double-acting-hydraulic-cylinder\/"},"modified":"2024-12-23T08:23:17","modified_gmt":"2024-12-23T08:23:17","slug":"factory-serving-small-dump-truck-double-acting-hydraulic-cylinder","status":"publish","type":"product","link":"https:\/\/fmp-components.com\/pl\/product\/factory-serving-small-dump-truck-double-acting-hydraulic-cylinder\/","title":{"rendered":"Fabryka obs\u0142uguj\u0105ca ma\u0142e wywrotki z podw\u00f3jnym dzia\u0142aniem si\u0142ownik\u00f3w hydraulicznych"},"content":{"rendered":"<h2>Przedstawiamy fabrycznie obs\u0142ugiwany si\u0142ownik hydrauliczny dwustronnego dzia\u0142ania do ma\u0142ych wywrotek<\/h2>\n<p>Si\u0142ownik hydrauliczny dwustronnego dzia\u0142ania Factory Serving Small Dump Truck to wysokiej jako\u015bci i wszechstronny komponent zaprojektowany specjalnie do ma\u0142ych wywrotek. Dzi\u0119ki zaawansowanym funkcjom i niezawodnej pracy, ten si\u0142ownik hydrauliczny jest niezb\u0119dnym elementem ka\u017cdego systemu wywrotki.<\/p>\n<p>Jedn\u0105 z kluczowych zalet tego si\u0142ownika hydraulicznego jest jego dwustronne dzia\u0142anie. Oznacza to, \u017ce mo\u017ce on generowa\u0107 si\u0142\u0119 w obu kierunkach, umo\u017cliwiaj\u0105c wydajn\u0105 i precyzyjn\u0105 kontrol\u0119 ruchu wywrotki. Niezale\u017cnie od tego, czy podnosi, czy opuszcza skrzyni\u0119 \u0142adunkow\u0105, si\u0142ownik ten zapewnia p\u0142ynn\u0105 i niezawodn\u0105 prac\u0119.<\/p>\n<p>Ten si\u0142ownik hydrauliczny, zaprojektowany z my\u015bl\u0105 o pracy w trudnych warunkach, jest wykonany z trwa\u0142ych materia\u0142\u00f3w i poddawany rygorystycznym testom, aby zapewni\u0107 jego wytrzyma\u0142o\u015b\u0107 i trwa\u0142o\u015b\u0107. Mo\u017ce on obs\u0142ugiwa\u0107 du\u017ce obci\u0105\u017cenia i dzia\u0142a\u0107 bez zarzutu nawet w trudnych warunkach.<\/p>\n<p>Si\u0142ownik hydrauliczny dwustronnego dzia\u0142ania do ma\u0142ych wywrotek Factory Serving zosta\u0142 zaprojektowany z my\u015bl\u0105 o bezpiecze\u0144stwie. Wyposa\u017cony jest w zaawansowane funkcje, takie jak zawory bezpiecze\u0144stwa i uszczelnienia, zapobiegaj\u0105ce wyciekom i zapewniaj\u0105ce optymaln\u0105 wydajno\u015b\u0107. Jego solidna konstrukcja i niezawodne mechanizmy uszczelniaj\u0105ce minimalizuj\u0105 konserwacj\u0119 i przestoje, maksymalizuj\u0105c wydajno\u015b\u0107.<\/p>\n<p>Dzi\u0119ki kompaktowym rozmiarom ten si\u0142ownik hydrauliczny zosta\u0142 specjalnie zaprojektowany do ma\u0142ych wywrotek. Jego doskona\u0142y stosunek mocy do rozmiaru pozwala na efektywne wykorzystanie przestrzeni w uk\u0142adzie hydraulicznym wywrotki. To nie tylko poprawia og\u00f3ln\u0105 wydajno\u015b\u0107 wywrotki, ale r\u00f3wnie\u017c przyczynia si\u0119 do oszcz\u0119dno\u015bci paliwa.<\/p>\n<p>Podsumowuj\u0105c, si\u0142ownik hydrauliczny dwustronnego dzia\u0142ania Factory Serving Small Dump Truck to najwy\u017cszej klasy komponent, kt\u00f3ry zapewnia wyj\u0105tkow\u0105 wydajno\u015b\u0107 w ma\u0142ych wywrotkach. Jego funkcjonalno\u015b\u0107 dwustronnego dzia\u0142ania, trwa\u0142o\u015b\u0107 i funkcje bezpiecze\u0144stwa sprawiaj\u0105, \u017ce jest to idealny wyb\u00f3r do zwi\u0119kszenia wydajno\u015bci i produktywno\u015bci wywrotek.<\/p>\n<h2>Cechy si\u0142ownika hydraulicznego dwustronnego dzia\u0142ania<\/h2>\n<ul>\n<li>Standardowy si\u0142ownik t\u0142okowy z nap\u0119dem hydraulicznym zapewniaj\u0105cy optymaln\u0105 wydajno\u015b\u0107<\/li>\n<li>Korpus wykonany ze stali dla zwi\u0119kszonej trwa\u0142o\u015bci<\/li>\n<li>Maksymalny ci\u0105g 3000 i maksymalny uci\u0105g 20 ton do ci\u0119\u017ckich operacji<\/li>\n<li>R\u00f3\u017cne rozmiary otworu, t\u0142oczyska, skoku i sworznia, aby spe\u0142ni\u0107 r\u00f3\u017cne wymagania<\/li>\n<li>Certyfikat ISO9001:2000, gwarancja jako\u015bci i niezawodno\u015bci<\/li>\n<\/ul>\n<p><img decoding=\"async\" src=\"https:\/\/hzpt.com\/wp-content\/uploads\/2023\/11\/Inverted-Telescopic-Cylinder-15.webp\" alt=\"\" title=\"\"><\/p>\n<h2>Zastosowania si\u0142ownika hydraulicznego dwustronnego dzia\u0142ania<\/h2>\n<p>Si\u0142owniki hydrauliczne dwustronnego dzia\u0142ania to wszechstronne urz\u0105dzenia powszechnie stosowane w r\u00f3\u017cnych zastosowaniach, w kt\u00f3rych wymagany jest kontrolowany ruch liniowy i si\u0142a. Dzia\u0142aj\u0105 one wykorzystuj\u0105c ci\u015bnienie hydrauliczne do poruszania t\u0142oka w prz\u00f3d i w ty\u0142 wewn\u0105trz cylindra, zapewniaj\u0105c si\u0142\u0119 w obu kierunkach. Oto kilka zastosowa\u0144, w kt\u00f3rych cz\u0119sto wykorzystuje si\u0119 si\u0142owniki hydrauliczne dwustronnego dzia\u0142ania:<\/p>\n<h3>Sprz\u0119t budowlany<\/h3>\n<p>Si\u0142owniki hydrauliczne dwustronnego dzia\u0142ania s\u0105 szeroko stosowane w maszynach budowlanych, takich jak koparki, \u0142adowarki, spychacze i d\u017awigi. Pomagaj\u0105 w takich zadaniach jak podnoszenie, pchanie, kopanie i przemieszczanie ci\u0119\u017ckich \u0142adunk\u00f3w, zapewniaj\u0105c niezb\u0119dn\u0105 si\u0142\u0119 do tych operacji.<\/p>\n<h3>Maszyny przemys\u0142owe<\/h3>\n<p>Si\u0142owniki hydrauliczne znajduj\u0105 zastosowanie w szerokiej gamie maszyn przemys\u0142owych. S\u0105 stosowane w prasach, urz\u0105dzeniach do obr\u00f3bki metali, systemach transportu bliskiego oraz obrabiarkach, aby zapewni\u0107 kontrolowan\u0105 si\u0142\u0119 podczas gi\u0119cia, ci\u0119cia, wykrawania, formowania i innych proces\u00f3w produkcyjnych.<\/p>\n<h3>Maszyny rolnicze<\/h3>\n<p>Si\u0142owniki hydrauliczne odgrywaj\u0105 kluczow\u0105 rol\u0119 w sprz\u0119cie rolniczym, takim jak ci\u0105gniki, kombajny i opryskiwacze. S\u0142u\u017c\u0105 one do r\u00f3\u017cnych funkcji, takich jak sterowanie ramionami i osprz\u0119tem, sterowanie narz\u0119dziami, regulacja wysoko\u015bci i k\u0105ta nachylenia sprz\u0119tu oraz wspomaganie mechanizm\u00f3w kierowniczych.<\/p>\n<p><img decoding=\"async\" src=\"https:\/\/hzpt.com\/wp-content\/uploads\/2023\/11\/Inverted-Telescopic-Cylinder-Applications.webp\" alt=\"Zastosowania odwr\u00f3conego cylindra teleskopowego\" title=\"\"><\/p>\n<h2>Zasada dzia\u0142ania i metody konserwacji<\/h2>\n<ul>\n<li>Regularne kontrole: Regularne kontrole zapewniaj\u0105 prawid\u0142owe dzia\u0142anie cylindra i pozwalaj\u0105 na wczesne wykrycie potencjalnych problem\u00f3w.<\/li>\n<li>Czyszczenie: Regularne czyszczenie zapobiega gromadzeniu si\u0119 kurzu i brudu, kt\u00f3re mog\u0105 mie\u0107 wp\u0142yw na wydajno\u015b\u0107 cylindra.<\/li>\n<li>Smarowanie: Prawid\u0142owe smarowanie zapewnia p\u0142ynne funkcjonowanie i zmniejsza zu\u017cycie.<\/li>\n<li>Regularne kontrole i naprawy: Regularna konserwacja pomaga przed\u0142u\u017cy\u0107 \u017cywotno\u015b\u0107 cylindra.<\/li>\n<li>Wymiana uszczelek: Regularna wymiana uszczelek pomaga zapobiega\u0107 wyciekom i zapewnia wydajno\u015b\u0107 cylindra.<\/li>\n<\/ul>\n<p><img decoding=\"async\" src=\"https:\/\/hzpt.com\/wp-content\/uploads\/2023\/11\/Inverted-Telescopic-Cylinder-14.webp\" alt=\"\" title=\"\"><\/p>\n<h2>Odwr\u00f3cony cylinder teleskopowy<\/h2>\n<h3>Wst\u0119p<\/h3>\n<p>Odwr\u00f3cony cylinder teleskopowy to rodzaj cylindra hydraulicznego wykorzystywanego w r\u00f3\u017cnych zastosowaniach przemys\u0142owych. Jest to dwustronnego dzia\u0142ania cylinder hydrauliczny, zaprojektowany do zastosowa\u0144 w ograniczonej przestrzeni. Cylinder zbudowany jest z szeregu koncentrycznych rur, umieszczonych jedna w drugiej. Rura zewn\u0119trzna jest nieruchoma, a rura wewn\u0119trzna porusza si\u0119 w rurze zewn\u0119trznej. Cylinder jest powszechnie stosowany w ma\u0142ych wywrotkach, sprz\u0119cie fabrycznym i innych maszynach.<\/p>\n<h3>Cechy odwr\u00f3conego cylindra teleskopowego<\/h3>\n<p>Odwr\u00f3cony cylinder teleskopowy zosta\u0142 zaprojektowany z wieloma funkcjami, kt\u00f3re czyni\u0105 go idealnym do zastosowania w r\u00f3\u017cnych zastosowaniach przemys\u0142owych. Oto niekt\u00f3re z nich:<\/p>\n<ul>\n<li>Kompaktowa konstrukcja u\u0142atwiaj\u0105ca monta\u017c w ciasnych przestrzeniach<\/li>\n<li>Si\u0142ownik dwustronnego dzia\u0142ania zapewniaj\u0105cy p\u0142ynny i kontrolowany ruch w obu kierunkach<\/li>\n<li>Bardzo trwa\u0142e i odporne na zu\u017cycie i rozdarcie<\/li>\n<li>Efektywne wykorzystanie p\u0142ynu hydraulicznego, co pomaga obni\u017cy\u0107 koszty eksploatacji<\/li>\n<li>\u0141atwe w utrzymaniu i naprawie, co pomaga ograniczy\u0107 przestoje i koszty napraw<\/li>\n<\/ul>\n<h3>Zastosowania odwr\u00f3conego cylindra teleskopowego<\/h3>\n<p>Odwr\u00f3cony cylinder teleskopowy jest powszechnie stosowany w r\u00f3\u017cnych zastosowaniach przemys\u0142owych. Do najcz\u0119stszych zastosowa\u0144 nale\u017c\u0105:<\/p>\n<ol>\n<li>Ma\u0142e wywrotki \u2013 Cylinder s\u0142u\u017cy do podnoszenia i opuszczania skrzyni \u0142adunkowej ma\u0142ych wywrotek. Kompaktowa konstrukcja cylindra sprawia, \u017ce \u200b\u200bidealnie nadaje si\u0119 on do stosowania w tego typu pojazdach.<\/li>\n<li>Sprz\u0119t fabryczny \u2013 Si\u0142ownik jest stosowany w r\u00f3\u017cnych urz\u0105dzeniach fabrycznych, takich jak systemy przeno\u015bnik\u00f3w, sto\u0142y podno\u015bne i maszyny pakuj\u0105ce. P\u0142ynny i kontrolowany ruch si\u0142ownika sprawia, \u017ce \u200b\u200bidealnie nadaje si\u0119 on do tych zastosowa\u0144.<\/li>\n<li>Sprz\u0119t budowlany \u2013 Si\u0142ownik jest stosowany w r\u00f3\u017cnych maszynach budowlanych, takich jak koparki, koparko-\u0142adowarki i d\u017awigi. Trwa\u0142o\u015b\u0107 i odporno\u015b\u0107 si\u0142ownika na zu\u017cycie sprawiaj\u0105, \u017ce idealnie nadaje si\u0119 on do tego typu zastosowa\u0144.<\/li>\n<li>Sprz\u0119t do transportu bliskiego \u2013 Si\u0142ownik jest stosowany w r\u00f3\u017cnych urz\u0105dzeniach do transportu bliskiego, takich jak w\u00f3zki wid\u0142owe, w\u00f3zki paletowe i podno\u015bniki no\u017cycowe. Efektywne wykorzystanie p\u0142ynu hydraulicznego przez si\u0142ownik sprawia, \u017ce \u200b\u200bidealnie nadaje si\u0119 on do tych zastosowa\u0144.<\/li>\n<\/ol>\n<p>Odwr\u00f3cony si\u0142ownik teleskopowy to niezwykle wszechstronny i wydajny si\u0142ownik hydrauliczny, wykorzystywany w r\u00f3\u017cnych zastosowaniach przemys\u0142owych. Jego kompaktowa konstrukcja, si\u0142ownik dwustronnego dzia\u0142ania, trwa\u0142o\u015b\u0107 i efektywne wykorzystanie p\u0142ynu hydraulicznego sprawiaj\u0105, \u017ce idealnie nadaje si\u0119 do stosowania w ma\u0142ych wywrotkach, sprz\u0119cie fabrycznym, sprz\u0119cie budowlanym i sprz\u0119cie do transportu materia\u0142\u00f3w. Je\u015bli szukasz niezawodnego i wydajnego si\u0142ownika hydraulicznego do zastosowa\u0144 przemys\u0142owych, odwr\u00f3cony si\u0142ownik teleskopowy to doskona\u0142y wyb\u00f3r. Dzi\u0119ki zaawansowanym funkcjom i wysokiej wydajno\u015bci z pewno\u015bci\u0105 spe\u0142ni Twoje specyficzne potrzeby i wymagania.<\/p>\n<h3>O FMP<\/h3>\n<p><img decoding=\"async\" src=\"https:\/\/fmp-components.com\/wp-content\/uploads\/2024\/12\/Adjustable-Clevis-Type-Cylinders-6.webp\" alt=\"Regulowany cylinder typu wide\u0142kowego\" width=\"808\" title=\"\"><\/p>\n<p>FMP to wiod\u0105ca firma specjalizuj\u0105ca si\u0119 w produkcji i sprzeda\u017cy si\u0142ownik\u00f3w hydraulicznych. Dzi\u0119ki wieloletniemu do\u015bwiadczeniu w bran\u017cy i profesjonalnemu zespo\u0142owi, jeste\u015bmy w stanie dostarcza\u0107 naszym klientom wysokiej jako\u015bci i niezawodne si\u0142owniki hydrauliczne do r\u00f3\u017cnorodnych zastosowa\u0144 w przemy\u015ble maszyn budowlanych.<\/p>\n<p>1. Szeroka gama produkt\u00f3w: Oferujemy szerok\u0105 gam\u0119 si\u0142ownik\u00f3w hydraulicznych, w tym si\u0142owniki z regulowanym wide\u0142kiem, si\u0142owniki teleskopowe, si\u0142owniki spawane, si\u0142owniki z dr\u0105\u017ckiem \u015bci\u0105gaj\u0105cym i wiele innych. Niezale\u017cnie od Twoich indywidualnych potrzeb, mamy dla Ciebie odpowiednie rozwi\u0105zanie w zakresie si\u0142ownik\u00f3w hydraulicznych.<\/p>\n<p>2. Najwy\u017csza jako\u015b\u0107: W FMP priorytetowo traktujemy jako\u015b\u0107 i dbamy o to, aby wszystkie nasze si\u0142owniki hydrauliczne spe\u0142nia\u0142y surowe standardy jako\u015bci. Nawi\u0105zali\u015bmy d\u0142ugotrwa\u0142e i stabilne relacje z wysokiej jako\u015bci dostawcami, zar\u00f3wno krajowymi, jak i mi\u0119dzynarodowymi, aby zagwarantowa\u0107 trwa\u0142o\u015b\u0107 i wydajno\u015b\u0107 naszych produkt\u00f3w.<\/p>\n<p>3. Zesp\u00f3\u0142 ekspert\u00f3w ds. sprzeda\u017cy: Nasz do\u015bwiadczony i wykwalifikowany zesp\u00f3\u0142 sprzeda\u017cy doskonale zna najnowsze trendy bran\u017cowe i potrzeby klient\u00f3w. Ch\u0119tnie udzielimy profesjonalnej konsultacji produktowej i doradzimy w wyborze, aby pom\u00f3c Pa\u0144stwu dokona\u0107 najlepszego wyboru w zakresie maszyn budowlanych.<\/p>\n<p>4. Efektywna dystrybucja logistyczna: Rozumiemy wag\u0119 terminowych dostaw. Dzi\u0119ki naszemu efektywnemu systemowi dystrybucji logistycznej zapewniamy klientom terminowe i dok\u0142adne dostawy wymaganych cylindr\u00f3w hydraulicznych. Mo\u017cesz liczy\u0107 na nasz\u0105 szybk\u0105 i niezawodn\u0105 obs\u0142ug\u0119.<\/p>\n<p>5. Rozwi\u0105zania dostosowane do indywidualnych potrzeb: Rozumiemy, \u017ce ka\u017cdy projekt zwi\u0105zany z maszynami budowlanymi jest wyj\u0105tkowy. Dlatego oferujemy rozwi\u0105zania z zakresu si\u0142ownik\u00f3w hydraulicznych, kt\u00f3re mo\u017cna dostosowa\u0107 do indywidualnych potrzeb. Niezale\u017cnie od tego, czy potrzebujesz si\u0142ownika o okre\u015blonej d\u0142ugo\u015bci skoku, rodzaju mocowania, czy innych indywidualnych potrzeb, mo\u017cemy dostarczy\u0107 Ci rozwi\u0105zania dostosowane do Twoich potrzeb.<\/p>\n<p>Wsp\u00f3\u0142praca z FMP oznacza dost\u0119p do wysokiej jako\u015bci si\u0142ownik\u00f3w hydraulicznych, do\u015bwiadczonego zespo\u0142u sprzeda\u017cy, sprawnej logistyki i rozwi\u0105za\u0144 dostosowanych do indywidualnych potrzeb. Zaufaj nam \u2013 dostarczymy niezawodne i trwa\u0142e si\u0142owniki hydrauliczne, kt\u00f3rych potrzebujesz do swoich projekt\u00f3w zwi\u0105zanych z maszynami budowlanymi.<br \/>\nAutor:CX<\/p>","protected":false},"excerpt":{"rendered":"<p>Introducing the Factory Serving Small Dump Truck Double Acting Hydraulic Cylinder The Factory Serving Small Dump Truck Double Acting Hydraulic Cylinder is a high-quality and versatile component designed specifically for small dump trucks. With its advanced features and reliable performance, this hydraulic cylinder is an essential part of any dump truck system. One of the [&hellip;]<\/p>","protected":false},"featured_media":1614,"comment_status":"closed","ping_status":"closed","template":"","meta":{"_et_pb_use_builder":"","_et_pb_old_content":"","_et_gb_content_width":""},"product_brand":[],"product_cat":[45],"product_tag":[34,48],"class_list":{"0":"post-1613","1":"product","2":"type-product","3":"status-publish","4":"has-post-thumbnail","6":"product_cat-inverted-telescopic-cylinder","7":"product_tag-hydraulic-cylinder","8":"product_tag-inverted-telescopic-cylinder","10":"first","11":"instock","12":"product-type-simple"},"_links":{"self":[{"href":"https:\/\/fmp-components.com\/pl\/wp-json\/wp\/v2\/product\/1613","targetHints":{"allow":["GET"]}}],"collection":[{"href":"https:\/\/fmp-components.com\/pl\/wp-json\/wp\/v2\/product"}],"about":[{"href":"https:\/\/fmp-components.com\/pl\/wp-json\/wp\/v2\/types\/product"}],"replies":[{"embeddable":true,"href":"https:\/\/fmp-components.com\/pl\/wp-json\/wp\/v2\/comments?post=1613"}],"wp:featuredmedia":[{"embeddable":true,"href":"https:\/\/fmp-components.com\/pl\/wp-json\/wp\/v2\/media\/1614"}],"wp:attachment":[{"href":"https:\/\/fmp-components.com\/pl\/wp-json\/wp\/v2\/media?parent=1613"}],"wp:term":[{"taxonomy":"product_brand","embeddable":true,"href":"https:\/\/fmp-components.com\/pl\/wp-json\/wp\/v2\/product_brand?post=1613"},{"taxonomy":"product_cat","embeddable":true,"href":"https:\/\/fmp-components.com\/pl\/wp-json\/wp\/v2\/product_cat?post=1613"},{"taxonomy":"product_tag","embeddable":true,"href":"https:\/\/fmp-components.com\/pl\/wp-json\/wp\/v2\/product_tag?post=1613"}],"curies":[{"name":"wp","href":"https:\/\/api.w.org\/{rel}","templated":true}]}}