{"id":1611,"date":"2024-12-23T06:59:20","date_gmt":"2024-12-23T06:59:20","guid":{"rendered":"https:\/\/fmp-components.com\/product\/factory-direct-sale-long-stroke-hydraulic-cylinder-telescopic-hydraulic-cylinder-for-dump-trailer\/"},"modified":"2024-12-23T08:31:12","modified_gmt":"2024-12-23T08:31:12","slug":"factory-direct-sale-long-stroke-hydraulic-cylinder-telescopic-hydraulic-cylinder-for-dump-trailer","status":"publish","type":"product","link":"https:\/\/fmp-components.com\/pl\/product\/factory-direct-sale-long-stroke-hydraulic-cylinder-telescopic-hydraulic-cylinder-for-dump-trailer\/","title":{"rendered":"Sprzeda\u017c bezpo\u015brednia z fabryki, si\u0142ownik hydrauliczny o d\u0142ugim skoku, teleskopowy si\u0142ownik hydrauliczny do przyczepy wywrotki"},"content":{"rendered":"<h2>Sprzeda\u017c bezpo\u015brednia z fabryki, si\u0142ownik hydrauliczny o d\u0142ugim skoku, teleskopowy si\u0142ownik hydrauliczny do przyczepy wywrotki<\/h2>\n<p>Przedstawiamy fabryczny, teleskopowy si\u0142ownik hydrauliczny o d\u0142ugim skoku do przyczep wywrotek:<\/p>\n<p>Potrzebujesz wysokiej jako\u015bci si\u0142ownika hydraulicznego do swojej wywrotki? Nie szukaj dalej \u2013 nasz teleskopowy si\u0142ownik hydrauliczny o d\u0142ugim skoku, dost\u0119pny w sprzeda\u017cy bezpo\u015bredniej z fabryki, jest idealnym wyborem. Dzi\u0119ki najwy\u017cszej jako\u015bci konstrukcji i wyj\u0105tkowej wydajno\u015bci, ten si\u0142ownik hydrauliczny zosta\u0142 zaprojektowany, aby sprosta\u0107 wszystkim potrzebom zwi\u0105zanym z podnoszeniem i wy\u0142adunkiem przyczepy.<\/p>\n<p>Dzi\u0119ki konstrukcji o d\u0142ugim skoku, nasz si\u0142ownik hydrauliczny oferuje wi\u0119kszy zasi\u0119g i maksymalny ud\u017awig. Oznacza to, \u017ce mo\u017cesz bez wysi\u0142ku podnosi\u0107 i opuszcza\u0107 wywrotk\u0119, umo\u017cliwiaj\u0105c sprawny za\u0142adunek i roz\u0142adunek materia\u0142\u00f3w. Teleskopowa konstrukcja zapewnia p\u0142ynn\u0105 i precyzyjn\u0105 prac\u0119, umo\u017cliwiaj\u0105c precyzyjn\u0105 kontrol\u0119 nad procesem wy\u0142adunku.<\/p>\n<p>Nasz si\u0142ownik hydrauliczny jest produkowany z najwy\u017cszej jako\u015bci materia\u0142\u00f3w, co gwarantuje trwa\u0142o\u015b\u0107 i d\u0142ugowieczno\u015b\u0107. Dzi\u0119ki solidnej konstrukcji wytrzymuje du\u017ce obci\u0105\u017cenia i trudne warunki pracy, zapewniaj\u0105c niezawodn\u0105 wydajno\u015b\u0107 nawet w najtrudniejszych warunkach. Ponadto jest odporny na korozj\u0119 i zu\u017cycie, co czyni go op\u0142acaln\u0105 inwestycj\u0105 na d\u0142ugi czas.<\/p>\n<p><img decoding=\"async\" src=\"https:\/\/hzpt.com\/wp-content\/uploads\/2023\/11\/Inverted-Telescopic-Cylinder-2.webp\" alt=\"\" title=\"\"><\/p>\n<p>Zaprojektowane do sprzeda\u017cy bezpo\u015bredniej, nasze si\u0142owniki hydrauliczne eliminuj\u0105 potrzeb\u0119 po\u015brednik\u00f3w, zapewniaj\u0105c konkurencyjne ceny bez kompromis\u00f3w w zakresie jako\u015bci. Eliminuj\u0105c po\u015brednik\u00f3w, mo\u017cemy zaoferowa\u0107 Pa\u0144stwu najlepszy stosunek jako\u015bci do ceny, dzi\u0119ki czemu nasz produkt jest doskona\u0142ym wyborem zar\u00f3wno dla os\u00f3b prywatnych, jak i firm.<\/p>\n<p>Podsumowuj\u0105c, sprzedawany bezpo\u015brednio w fabryce, teleskopowy si\u0142ownik hydrauliczny o d\u0142ugim skoku do wywrotek to idealne rozwi\u0105zanie dla os\u00f3b poszukuj\u0105cych niezawodnego i wydajnego si\u0142ownika hydraulicznego do swoich wywrotek. Jego d\u0142ugi skok, teleskopowa konstrukcja, trwa\u0142o\u015b\u0107 i konkurencyjna cena wyr\u00f3\u017cniaj\u0105 go na rynku. Zainwestuj w ten si\u0142ownik hydrauliczny i do\u015bwiadcz zwi\u0119kszonej wydajno\u015bci i wygody w obs\u0142udze wywrotek. Zainwestuj w nasz teleskopowy si\u0142ownik hydrauliczny o d\u0142ugim skoku do wywrotek, sprzedawany bezpo\u015brednio w fabryce i do\u015bwiadcz doskona\u0142ej wydajno\u015bci hydraulicznej. Ten wszechstronny produkt doskonale sprawdzi si\u0119 w wielu bran\u017cach, w tym w zak\u0142adach produkcyjnych, warsztatach naprawczych maszyn, gospodarstwach rolnych, energetyce i g\u00f3rnictwie oraz fabrykach maszyn. Jego g\u0142\u00f3wne elementy, \u0142o\u017cysko i cylinder t\u0142okowy, zapewniaj\u0105 trwa\u0142o\u015b\u0107 i wydajno\u015b\u0107. Wytrzyma\u0142a stal i konstrukcja cylindra t\u0142okowego, zasilana si\u0142\u0105 hydrauliczn\u0105, sprawiaj\u0105, \u017ce produkt jest niezawodny i trwa\u0142y.<\/p>\n<p>Nasz odwr\u00f3cony cylinder teleskopowy zachwyca najnowocze\u015bniejszymi rozwi\u0105zaniami, takimi jak standardowa konstrukcja i uk\u0142ad hydrauliczny zapewniaj\u0105cy niezawodn\u0105 prac\u0119, wytrzyma\u0142y stalowy korpus zapewniaj\u0105cy d\u0142ug\u0105 \u017cywotno\u015b\u0107 oraz maksymalny nacisk 3000 i uci\u0105g 20 ton do zada\u0144 wymagaj\u0105cych du\u017cej wytrzyma\u0142o\u015bci. Dodatkowo, jest kompatybilny z r\u00f3\u017cnymi typami port\u00f3w: G\/SAE\/NPT\/M i posiada certyfikat ISO9001:2000, co gwarantuje jako\u015b\u0107 i bezpiecze\u0144stwo.<\/p>\n<p>Ten si\u0142ownik hydrauliczny jest wszechstronny i znajduje zastosowanie w wielu ga\u0142\u0119ziach przemys\u0142u, takich jak zak\u0142ady produkcyjne, warsztaty naprawy maszyn, gospodarstwa rolne, energetyka i g\u00f3rnictwo, produkcja maszyn oraz fabryki maszyn.<\/p>\n<p>Zrozumienie zasady dzia\u0142ania i metod konserwacji si\u0142ownika hydraulicznego jest kluczowe. Do kluczowych punkt\u00f3w, kt\u00f3re nale\u017cy wzi\u0105\u0107 pod uwag\u0119, nale\u017c\u0105: regularna kontrola cylindra pod k\u0105tem zu\u017cycia, czyszczenie cylindra w celu zapobiegania gromadzeniu si\u0119 zanieczyszcze\u0144 i zapewnienia p\u0142ynnej pracy oraz smarowanie cz\u0119\u015bci ruchomych w celu zmniejszenia tarcia. Ponadto nale\u017cy regularnie przeprowadza\u0107 kontrole i naprawy w celu wykrycia potencjalnych problem\u00f3w, w razie potrzeby wymienia\u0107 uszczelki i zawsze przestrzega\u0107 instrukcji obs\u0142ugi, aby zapewni\u0107 bezpieczne i efektywne u\u017cytkowanie.<\/p>\n<h2>Odwr\u00f3cony cylinder teleskopowy<\/h2>\n<p>Si\u0142ownik hydrauliczny to urz\u0105dzenie mechaniczne, kt\u00f3re zamienia energi\u0119 hydrauliczn\u0105 na ruch liniowy. Jednym z rodzaj\u00f3w si\u0142ownik\u00f3w hydraulicznych jest odwr\u00f3cony si\u0142ownik teleskopowy, kt\u00f3ry jest szeroko stosowany w r\u00f3\u017cnych ga\u0142\u0119ziach przemys\u0142u ze wzgl\u0119du na swoj\u0105 unikaln\u0105 konstrukcj\u0119 i funkcjonalno\u015b\u0107. W tym wpisie na blogu om\u00f3wimy cechy i zastosowania odwr\u00f3conego si\u0142ownika teleskopowego, koncentruj\u0105c si\u0119 na jego zaletach i korzy\u015bciach, jakie przynosi r\u00f3\u017cnym uk\u0142adom hydraulicznym.<\/p>\n<h3>Sprzeda\u017c bezpo\u015brednio z fabryki<\/h3>\n<p>Odwr\u00f3cony cylinder teleskopowy jest dost\u0119pny w sprzeda\u017cy bezpo\u015brednio z fabryki, co gwarantuje klientom mo\u017cliwo\u015b\u0107 zakupu bezpo\u015brednio, bez po\u015brednik\u00f3w. To nie tylko obni\u017ca koszty, ale tak\u017ce gwarantuje autentyczno\u015b\u0107 i jako\u015b\u0107 produktu. Eliminuj\u0105c po\u015brednik\u00f3w, klienci mog\u0105 korzysta\u0107 z konkurencyjnych cen i bezpo\u015bredniego kontaktu z producentem, co pozwala na lepsz\u0105 personalizacj\u0119 i obs\u0142ug\u0119 posprzeda\u017cow\u0105.<\/p>\n<h3>D\u0142ugi skok<\/h3>\n<p>Odwr\u00f3cony si\u0142ownik teleskopowy znany jest ze swojego du\u017cego skoku. Dzi\u0119ki unikalnej konstrukcji mo\u017ce osi\u0105gn\u0105\u0107 d\u0142u\u017cszy skok bez utraty stabilno\u015bci i wydajno\u015bci. Dzi\u0119ki temu idealnie nadaje si\u0119 do zastosowa\u0144 wymagaj\u0105cych du\u017cego zakresu ruchu, takich jak wywrotki, d\u017awigi i sprz\u0119t budowlany. Du\u017cy skok odwr\u00f3conego si\u0142ownika teleskopowego zwi\u0119ksza wydajno\u015b\u0107 i produktywno\u015b\u0107, umo\u017cliwiaj\u0105c p\u0142ynniejsz\u0105 i bardziej precyzyjn\u0105 prac\u0119.<\/p>\n<h3>Si\u0142ownik hydrauliczny do przyczepy wywrotki<\/h3>\n<p>Jednym z g\u0142\u00f3wnych zastosowa\u0144 odwr\u00f3conego cylindra teleskopowego s\u0105 przyczepy wywrotki. Solidna konstrukcja cylindra i materia\u0142y o wysokiej wytrzyma\u0142o\u015bci sprawiaj\u0105, \u017ce nadaje si\u0119 on do podnoszenia i wy\u0142adunku ci\u0119\u017ckich \u0142adunk\u00f3w. D\u0142ugi skok i wyj\u0105tkowa no\u015bno\u015b\u0107 cylindra zapewniaj\u0105 p\u0142ynny i kontrolowany wywr\u00f3t przyczepy, umo\u017cliwiaj\u0105c efektywny roz\u0142adunek materia\u0142\u00f3w. Niezawodno\u015b\u0107 i trwa\u0142o\u015b\u0107 odwr\u00f3conego cylindra teleskopowego sprawiaj\u0105, \u017ce jest on preferowanym wyborem producent\u00f3w przyczep wywrotek.<\/p>\n<h3>Teleskopowy si\u0142ownik hydrauliczny<\/h3>\n<p>Teleskopowa konstrukcja odwr\u00f3conego cylindra umo\u017cliwia wielostopniowe wysuwanie, co zapewnia dodatkow\u0105 elastyczno\u015b\u0107 i wszechstronno\u015b\u0107. Ka\u017cdy stopie\u0144 cylindra mo\u017cna indywidualnie regulowa\u0107, co pozwala na precyzyjn\u0105 regulacj\u0119 i optymalizacj\u0119 wydajno\u015bci w r\u00f3\u017cnych warunkach pracy. Teleskopowy si\u0142ownik hydrauliczny jest szeroko stosowany w zastosowaniach o ograniczonej przestrzeni, poniewa\u017c mo\u017ce osi\u0105gn\u0105\u0107 znaczn\u0105 d\u0142ugo\u015b\u0107 skoku nawet w ograniczonych przestrzeniach. Jego kompaktowe rozmiary i wydajna praca sprawiaj\u0105, \u017ce nadaje si\u0119 on do szerokiego zakresu bran\u017c, w tym rolnictwa, budownictwa i transportu materia\u0142\u00f3w.<\/p>\n<p>Podsumowuj\u0105c, odwr\u00f3cony si\u0142ownik teleskopowy oferuje unikalne zalety i korzy\u015bci w uk\u0142adach hydraulicznych. Dost\u0119pno\u015b\u0107 bezpo\u015brednio z fabryki gwarantuje op\u0142acalno\u015b\u0107, a d\u0142ugi skok t\u0142oka zwi\u0119ksza wydajno\u015b\u0107. Zaprojektowany specjalnie do wywrotek, si\u0142ownik zapewnia niezawodne podnoszenie i wysypywanie. Teleskopowa konstrukcja si\u0142ownika dodatkowo zwi\u0119ksza jego elastyczno\u015b\u0107 i mo\u017cliwo\u015bci adaptacyjne. Niezale\u017cnie od tego, czy jest stosowany w sprz\u0119cie budowlanym, czy w maszynach do transportu materia\u0142\u00f3w, odwr\u00f3cony si\u0142ownik teleskopowy okazuje si\u0119 cennym elementem w r\u00f3\u017cnych ga\u0142\u0119ziach przemys\u0142u.<\/p>\n<h3>O FMP \u2013 cylindrze hydraulicznym<\/h3>\n<p>FMP to wiod\u0105ca firma w sprzeda\u017cy i serwisie cz\u0119\u015bci oraz kompletnych maszyn budowlanych. Posiadamy wieloletnie do\u015bwiadczenie w bran\u017cy i zesp\u00f3\u0142 profesjonalnych ekspert\u00f3w, kt\u00f3rzy zapewniaj\u0105 wysokiej jako\u015bci i niezawodne cz\u0119\u015bci oraz kompletne rozwi\u0105zania do maszyn budowlanych. Nasza szeroka oferta produkt\u00f3w obejmuje przek\u0142adnie do maszyn rolniczych, przek\u0142adnie planetarne, przek\u0142adnie przemys\u0142owe, cz\u0119\u015bci do maszyn rolniczych oraz szereg wysokiej jako\u015bci akcesori\u00f3w do nich. Zale\u017cy nam na dostarczaniu klientom najlepszych produkt\u00f3w i us\u0142ug. Oto kilka powod\u00f3w, dla kt\u00f3rych warto wybra\u0107 si\u0142owniki hydrauliczne FMP:<\/p>\n<ol>\n<li><strong>Produkty wysokiej jako\u015bci i niezawodne:<\/strong> W FMP priorytetowo traktujemy jako\u015b\u0107 naszych produkt\u00f3w. Nawi\u0105zujemy d\u0142ugoterminowe i stabilne relacje z wysokiej jako\u015bci dostawcami z ca\u0142ego \u015bwiata. Wszystkie dostarczane przez nas cz\u0119\u015bci spe\u0142niaj\u0105 surowe standardy jako\u015bci.<\/li>\n<li><strong>Szeroka gama produkt\u00f3w:<\/strong> Oferujemy szerok\u0105 gam\u0119 si\u0142ownik\u00f3w hydraulicznych, zar\u00f3wno standardowych, jak i niestandardowych. Nasz regulowany si\u0142ownik wide\u0142kowy to popularny produkt, charakteryzuj\u0105cy si\u0119 wysok\u0105 wytrzyma\u0142o\u015bci\u0105 i mo\u017cliwo\u015bci\u0105 regulacji, co pozwala na dostosowanie go do r\u00f3\u017cnych potrzeb.<\/li>\n<li><strong>Profesjonalny zesp\u00f3\u0142 sprzeda\u017cy:<\/strong> Nasz zesp\u00f3\u0142 sprzeda\u017cy to do\u015bwiadczeni i wykwalifikowani specjali\u015bci w bran\u017cy maszyn budowlanych. Znaj\u0105 najnowsze trendy rozwojowe i potrzeby klient\u00f3w, oferuj\u0105c profesjonalne doradztwo produktowe i trafne sugestie zakupowe.<\/li>\n<li><strong>Efektywna dystrybucja logistyczna:<\/strong> Rozumiemy, \u017ce terminowa dostawa jest kluczowa dla naszych klient\u00f3w. Dlatego stworzyli\u015bmy wydajny system dystrybucji logistycznej, aby zapewni\u0107 klientom terminowe i dok\u0142adne dostawy potrzebnych cz\u0119\u015bci.<\/li>\n<li><strong>Konkurencyjne ceny:<\/strong> W FMP oferujemy konkurencyjne ceny bez kompromis\u00f3w w kwestii jako\u015bci. Dok\u0142adamy wszelkich stara\u0144, aby zapewni\u0107 klientom najlepszy stosunek jako\u015bci do ceny.<\/li>\n<\/ol>\n<p><img decoding=\"async\" src=\"https:\/\/fmp-components.com\/wp-content\/uploads\/2024\/12\/Adjustable-Clevis-Type-Cylinders-6.webp\" alt=\"Regulowany cylinder typu wide\u0142kowego\" width=\"807\" title=\"\"><\/p>\n<p>Zale\u017cy nam na dostarczaniu naszym klientom wysokiej jako\u015bci produkt\u00f3w i us\u0142ug. Jeste\u015bmy przekonani, \u017ce mo\u017cemy sprosta\u0107 Pa\u0144stwa potrzebom w zakresie cylindr\u00f3w hydraulicznych. Zach\u0119camy do kontaktu w celu uzyskania dalszych informacji lub z\u0142o\u017cenia zam\u00f3wienia.<\/p>\n<p>Autor:CX<\/p>","protected":false},"excerpt":{"rendered":"<p>Factory Direct Sale Long Stroke Hydraulic Cylinder Telescopic Hydraulic Cylinder For Dump Trailer Introducing the Factory Direct Sale Long Stroke Hydraulic Cylinder Telescopic Hydraulic Cylinder For Dump Trailer: Are you in need of a high-quality hydraulic cylinder for your dump trailer? Look no further than our Factory Direct Sale Long Stroke Hydraulic Cylinder Telescopic Hydraulic [&hellip;]<\/p>","protected":false},"featured_media":1612,"comment_status":"closed","ping_status":"closed","template":"","meta":{"_et_pb_use_builder":"","_et_pb_old_content":"","_et_gb_content_width":""},"product_brand":[],"product_cat":[45],"product_tag":[34,48],"class_list":{"0":"post-1611","1":"product","2":"type-product","3":"status-publish","4":"has-post-thumbnail","6":"product_cat-inverted-telescopic-cylinder","7":"product_tag-hydraulic-cylinder","8":"product_tag-inverted-telescopic-cylinder","10":"first","11":"instock","12":"product-type-simple"},"_links":{"self":[{"href":"https:\/\/fmp-components.com\/pl\/wp-json\/wp\/v2\/product\/1611","targetHints":{"allow":["GET"]}}],"collection":[{"href":"https:\/\/fmp-components.com\/pl\/wp-json\/wp\/v2\/product"}],"about":[{"href":"https:\/\/fmp-components.com\/pl\/wp-json\/wp\/v2\/types\/product"}],"replies":[{"embeddable":true,"href":"https:\/\/fmp-components.com\/pl\/wp-json\/wp\/v2\/comments?post=1611"}],"wp:featuredmedia":[{"embeddable":true,"href":"https:\/\/fmp-components.com\/pl\/wp-json\/wp\/v2\/media\/1612"}],"wp:attachment":[{"href":"https:\/\/fmp-components.com\/pl\/wp-json\/wp\/v2\/media?parent=1611"}],"wp:term":[{"taxonomy":"product_brand","embeddable":true,"href":"https:\/\/fmp-components.com\/pl\/wp-json\/wp\/v2\/product_brand?post=1611"},{"taxonomy":"product_cat","embeddable":true,"href":"https:\/\/fmp-components.com\/pl\/wp-json\/wp\/v2\/product_cat?post=1611"},{"taxonomy":"product_tag","embeddable":true,"href":"https:\/\/fmp-components.com\/pl\/wp-json\/wp\/v2\/product_tag?post=1611"}],"curies":[{"name":"wp","href":"https:\/\/api.w.org\/{rel}","templated":true}]}}