{"id":1609,"date":"2024-12-23T06:59:20","date_gmt":"2024-12-23T06:59:20","guid":{"rendered":"https:\/\/fmp-components.com\/product\/factory-direct-sale-2-stage-hydraulic-cylinder-dump-truck-hydraulic-hoist-cylinder\/"},"modified":"2024-12-23T08:27:51","modified_gmt":"2024-12-23T08:27:51","slug":"factory-direct-sale-2-stage-hydraulic-cylinder-dump-truck-hydraulic-hoist-cylinder","status":"publish","type":"product","link":"https:\/\/fmp-components.com\/pl\/product\/factory-direct-sale-2-stage-hydraulic-cylinder-dump-truck-hydraulic-hoist-cylinder\/","title":{"rendered":"Sprzeda\u017c bezpo\u015brednio z fabryki, 2-stopniowy si\u0142ownik hydrauliczny do wywrotek, si\u0142ownik hydrauliczny podno\u015bnika"},"content":{"rendered":"<p>Dwustopniowy si\u0142ownik hydrauliczny do wywrotek, sprzeda\u017c bezpo\u015brednia z fabryki, to wysokiej jako\u015bci si\u0142ownik hydrauliczny zaprojektowany specjalnie do wywrotek. Jest produkowany z wykorzystaniem zaawansowanej technologii i materia\u0142\u00f3w najwy\u017cszej jako\u015bci, co gwarantuje trwa\u0142o\u015b\u0107 i wydajno\u015b\u0107.<\/p>\n<p>Ten si\u0142ownik hydrauliczny charakteryzuje si\u0119 dwustopniow\u0105 konstrukcj\u0105, umo\u017cliwiaj\u0105c\u0105 wydajne i p\u0142ynne podnoszenie i opuszczanie skrzyni \u0142adunkowej wywrotki. Wyposa\u017cony jest w wydajny uk\u0142ad hydrauliczny, kt\u00f3ry zapewnia precyzyjn\u0105 kontrol\u0119 i stabilno\u015b\u0107 podczas pracy.<\/p>\n<p>Dwustopniowy si\u0142ownik hydrauliczny sprzedawany bezpo\u015brednio w fabryce zosta\u0142 zaprojektowany tak, aby wytrzyma\u0107 du\u017ce obci\u0105\u017cenia i trudne warunki pracy. Jego solidna konstrukcja i doskona\u0142e w\u0142a\u015bciwo\u015bci uszczelniaj\u0105ce gwarantuj\u0105 minimalne wycieki i maksymaln\u0105 wydajno\u015b\u0107. Si\u0142ownik ten zosta\u0142 r\u00f3wnie\u017c zaprojektowany tak, aby zmniejszy\u0107 tarcie i zu\u017cycie, zapewniaj\u0105c d\u0142u\u017csz\u0105 \u017cywotno\u015b\u0107.<\/p>\n<p>Dzi\u0119ki niezawodnej pracy i doskona\u0142ej funkcjonalno\u015bci, ten si\u0142ownik hydrauliczny jest idealnym wyborem dla w\u0142a\u015bcicieli i operator\u00f3w wywrotek. Pomaga zwi\u0119kszy\u0107 wydajno\u015b\u0107 i efektywno\u015b\u0107, przyspieszaj\u0105c i uprzyjemniaj\u0105c proces wysypywania.<\/p>\n<table style=\"width: 100%;\" border=\"1\" width=\"100%\" cellspacing=\"0\" cellpadding=\"0\">\n<tbody>\n<tr>\n<th>Nazwa produktu<\/th>\n<td>Sprzeda\u017c bezpo\u015brednio z fabryki, 2-stopniowy si\u0142ownik hydrauliczny do wywrotek, si\u0142ownik hydrauliczny podno\u015bnika<\/td>\n<\/tr>\n<tr>\n<th>Stan<\/th>\n<td>Nowy<\/td>\n<\/tr>\n<tr>\n<th>Gwarancja<\/th>\n<td>1 rok<\/td>\n<\/tr>\n<tr>\n<th>Waga (kg)<\/th>\n<td>48<\/td>\n<\/tr>\n<tr>\n<th>Projekt<\/th>\n<td>2-stopniowy si\u0142ownik hydrauliczny<\/td>\n<\/tr>\n<tr>\n<th>Wydajno\u015b\u0107<\/th>\n<td>Wyj\u0105tkowa trwa\u0142o\u015b\u0107 i wydajno\u015b\u0107<\/td>\n<\/tr>\n<tr>\n<th>Kontrola<\/th>\n<td>Rygorystyczna kontrola wychodz\u0105ca<\/td>\n<\/tr>\n<tr>\n<th>Orzecznictwo<\/th>\n<td>Certyfikat ISO9001:2000<\/td>\n<\/tr>\n<tr>\n<th>Zastosowane bran\u017ce<\/th>\n<td>Zak\u0142ady produkcyjne, warsztaty naprawcze maszyn, gospodarstwa rolne, energetyka i g\u00f3rnictwo, produkcja maszyn<\/td>\n<\/tr>\n<\/tbody>\n<\/table>\n<p><img decoding=\"async\" src=\"https:\/\/hzpt.com\/wp-content\/uploads\/2023\/11\/Inverted-Telescopic-Cylinder-17.webp\" alt=\"\" title=\"\"><\/p>\n<h2>Cechy cylindra podno\u015bnika hydraulicznego<\/h2>\n<ul>\n<li><b>Standardowa struktura:<\/b> Produkt ten jest standaryzowany i ma konstrukcj\u0119 t\u0142okowo-cylindrow\u0105, co zapewnia doskona\u0142\u0105 wydajno\u015b\u0107.<\/li>\n<li><b>Moc hydrauliczna:<\/b> Dzia\u0142a na zasadzie nap\u0119du hydraulicznego i jest wykonany z wytrzyma\u0142ej stali, co zapewnia mu trwa\u0142o\u015b\u0107.<\/li>\n<li><b>Maksymalna si\u0142a ci\u0105gu i ci\u0105gni\u0119cia:<\/b> Oferuje maksymaln\u0105 si\u0142\u0119 ci\u0105gu 3000 i uci\u0105g do 20 ton.<\/li>\n<li><b>Typ i rozmiar:<\/b> Si\u0142ownik hydrauliczny jest odwr\u00f3conym si\u0142ownikiem teleskopowym o \u015brednicy otworu od 2 do 6 cali, \u015brednicy t\u0142oczyska od 1,125 do 4 cali, skoku od 6 do 48 cali i \u015brednicy sworznia od 0,5 do 2 cali.<\/li>\n<li><b>Kolor:<\/b> Dost\u0119pny jest w standardowym czarnym kolorze, dzi\u0119ki czemu Twoje maszyny nabior\u0105 eleganckiego i profesjonalnego wygl\u0105du.<\/li>\n<\/ul>\n<h2>Zastosowania cylindra podno\u015bnika hydraulicznego<\/h2>\n<p><img decoding=\"async\" src=\"https:\/\/hzpt.com\/wp-content\/uploads\/2023\/11\/Inverted-Telescopic-Cylinder-Applications.webp\" alt=\"Zastosowania cylindr\u00f3w podno\u015bnik\u00f3w hydraulicznych\" title=\"\"><\/p>\n<p>Si\u0142ownik hydrauliczny podno\u015bnika jest wszechstronny i znajduje zastosowanie w wielu bran\u017cach. Jest szeroko stosowany w zak\u0142adach produkcyjnych, warsztatach naprawczych maszyn, gospodarstwach rolnych, a tak\u017ce w sektorze energetycznym i g\u00f3rniczym. Jest nieocenionym elementem w produkcji maszyn, odgrywaj\u0105c kluczow\u0105 rol\u0119 w obs\u0142udze wywrotek i urz\u0105dze\u0144 d\u017awigowych.<\/p>\n<h2>Zasada dzia\u0142ania i konserwacja cylindra podno\u015bnika hydraulicznego<\/h2>\n<ul>\n<li><b>Zasada dzia\u0142ania:<\/b> Si\u0142ownik hydrauliczny dzia\u0142a w oparciu o zasad\u0119 mechaniki p\u0142yn\u00f3w, w kt\u00f3rej ci\u015bnienie przy\u0142o\u017cone w jednym punkcie jest przenoszone do innego punktu za pomoc\u0105 nie\u015bci\u015bliwego p\u0142ynu, zwykle oleju.<\/li>\n<li><b>Regularne kontrole:<\/b> Regularne kontrole s\u0105 kluczowe dla utrzymania optymalnej wydajno\u015bci si\u0142ownika hydraulicznego podno\u015bnika. Obejmuj\u0105 one sprawdzenie szczelno\u015bci i uszkodze\u0144.<\/li>\n<li><b>Czyszczenie:<\/b> Utrzymywanie cylindra w czysto\u015bci przyczynia si\u0119 do jego p\u0142ynnej pracy i wyd\u0142u\u017ca jego \u017cywotno\u015b\u0107.<\/li>\n<li><b>Smarowanie:<\/b> Regularne smarowanie jest konieczne w celu zmniejszenia tarcia i zapobiegania zu\u017cyciu ruchomych cz\u0119\u015bci.<\/li>\n<li><b>Wymiana uszczelki:<\/b> Z biegiem czasu uszczelki cylindra ulegaj\u0105 zu\u017cyciu i wymagaj\u0105 wymiany, aby zapobiec wyciekom i zachowa\u0107 wydajno\u015b\u0107.<\/li>\n<\/ul>\n<p><img decoding=\"async\" src=\"https:\/\/hzpt.com\/wp-content\/uploads\/2023\/11\/Inverted-Telescopic-Cylinder-16.webp\" alt=\"\" title=\"\"><\/p>\n<h2>Odwr\u00f3cony cylinder teleskopowy<\/h2>\n<p>Si\u0142ownik hydrauliczny jest niezb\u0119dnym elementem w r\u00f3\u017cnych zastosowaniach przemys\u0142owych, zapewniaj\u0105c si\u0142\u0119 i ruch liniowy. Jednym z rodzaj\u00f3w si\u0142ownik\u00f3w hydraulicznych, kt\u00f3ry zyska\u0142 znaczn\u0105 popularno\u015b\u0107, jest si\u0142ownik teleskopowy odwr\u00f3cony. W tym artykule zag\u0142\u0119bimy si\u0119 w szczeg\u00f3\u0142y dotycz\u0105ce si\u0142ownika teleskopowego odwr\u00f3conego, jego konstrukcji, zasady dzia\u0142ania i zastosowa\u0144.<\/p>\n<h3>Budowa<\/h3>\n<p>Odwr\u00f3cony cylinder teleskopowy, znany r\u00f3wnie\u017c jako cylinder teleskopowy dwustronnego dzia\u0142ania, sk\u0142ada si\u0119 z wielu stopni lub sekcji, kt\u00f3re wysuwaj\u0105 si\u0119 i chowaj\u0105 jedna w drugiej. Cylinder zazwyczaj sk\u0142ada si\u0119 z podstawy lub rury zewn\u0119trznej, w kt\u00f3rej mieszcz\u0105 si\u0119 stopnie wewn\u0119trzne. Ka\u017cdy stopie\u0144 jest wyposa\u017cony w zesp\u00f3\u0142 t\u0142oka i t\u0142oczyska, umo\u017cliwiaj\u0105cy wysuwanie i chowanie cylindra.<\/p>\n<p>Zastosowanie wielu stopni zapewnia odwr\u00f3conym cylindrom teleskopowym kompaktow\u0105 konstrukcj\u0119, dzi\u0119ki czemu nadaj\u0105 si\u0119 do zastosowa\u0144 w ograniczonej przestrzeni. Ponadto, wielostopniowa konstrukcja pozwala na uzyskanie d\u0142u\u017cszego skoku przy zachowaniu stosunkowo kr\u00f3tkiej d\u0142ugo\u015bci po zsuni\u0119ciu.<\/p>\n<h3>Zasada dzia\u0142ania<\/h3>\n<p>Zasada dzia\u0142ania odwr\u00f3conego cylindra teleskopowego opiera si\u0119 na ci\u015bnieniu hydraulicznym, kt\u00f3re wywo\u0142uje ruch liniowy. Po doprowadzeniu p\u0142ynu hydraulicznego do cylindra, wp\u0142ywa on do rury podstawy i dzia\u0142a na t\u0142oki stopni wewn\u0119trznych. Ci\u015bnienie to powoduje wysuni\u0119cie stopni na zewn\u0105trz, wyd\u0142u\u017caj\u0105c w ten spos\u00f3b ca\u0142kowit\u0105 d\u0142ugo\u015b\u0107 cylindra.<\/p>\n<p>I odwrotnie, gdy p\u0142yn hydrauliczny jest kierowany na przeciwn\u0105 stron\u0119 t\u0142ok\u00f3w, wytwarza si\u0142\u0119, kt\u00f3ra cofa stopnie z powrotem do rury bazowej. To cofni\u0119cie pozwala cylindrowi powr\u00f3ci\u0107 do pierwotnej, kr\u00f3tszej d\u0142ugo\u015bci. Dwustronne dzia\u0142anie odwr\u00f3conego cylindra teleskopowego umo\u017cliwia mu wykonywanie ruch\u00f3w wysuwania i cofania z r\u00f3wn\u0105 wydajno\u015bci\u0105.<\/p>\n<h3>Aplikacje<\/h3>\n<p>Odwr\u00f3cony si\u0142ownik teleskopowy znajduje szerokie zastosowanie w r\u00f3\u017cnych ga\u0142\u0119ziach przemys\u0142u dzi\u0119ki swojej unikalnej konstrukcji i funkcjonalno\u015bci. Jednym z jego g\u0142\u00f3wnych zastosowa\u0144 s\u0105 wywrotki i przyczepy. Si\u0142ownik jest wykorzystywany w hydraulicznym systemie podnoszenia do podnoszenia i opuszczania skrzyni \u0142adunkowej, umo\u017cliwiaj\u0105c \u0142atwy za\u0142adunek i roz\u0142adunek materia\u0142\u00f3w.<\/p>\n<p>Ponadto, odwr\u00f3cony si\u0142ownik teleskopowy jest stosowany w dwustopniowych si\u0142ownikach hydraulicznych sprzedawanych bezpo\u015brednio w fabryce, powszechnie stosowanych w ci\u0119\u017ckich maszynach i sprz\u0119cie. Si\u0142owniki te zapewniaj\u0105 niezawodne i mocne podnoszenie, co czyni je niezb\u0119dnymi w budownictwie, g\u00f3rnictwie, rolnictwie i innych podobnych ga\u0142\u0119ziach przemys\u0142u.<\/p>\n<p>Ponadto, odwr\u00f3cony si\u0142ownik teleskopowy jest stosowany w prasach hydraulicznych, gdzie zapewnia niezb\u0119dn\u0105 si\u0142\u0119 do prasowania, wykrawania i formowania. Jego kompaktowa konstrukcja i wysoka no\u015bno\u015b\u0107 sprawiaj\u0105, \u017ce jest to idealny wyb\u00f3r do tych zastosowa\u0144.<\/p>\n<p>Podsumowuj\u0105c, odwr\u00f3cony si\u0142ownik teleskopowy to wszechstronny element hydrauliczny, kt\u00f3ry oferuje kompaktowo\u015b\u0107, wydajno\u015b\u0107 i niezawodno\u015b\u0107. Jego wielostopniowa konstrukcja i funkcja dwustronnego dzia\u0142ania sprawiaj\u0105, \u017ce nadaje si\u0119 on do szerokiego zakresu zastosowa\u0144, w tym do wywrotek, ci\u0119\u017ckich maszyn i pras hydraulicznych. Zrozumienie budowy, zasady dzia\u0142ania i zastosowa\u0144 odwr\u00f3conego si\u0142ownika teleskopowego pozwala doceni\u0107 jego znacz\u0105c\u0105 rol\u0119 w r\u00f3\u017cnych ga\u0142\u0119ziach przemys\u0142u.<\/p>\n<h3>O firmie FMP \u2013 Twoje rozwi\u0105zanie w zakresie wysokiej jako\u015bci cylindr\u00f3w hydraulicznych<\/h3>\n<p>Szukasz niezawodnych i wysokiej jako\u015bci si\u0142ownik\u00f3w hydraulicznych, kt\u00f3re sprawdz\u0105 si\u0119 nawet w najtrudniejszych warunkach? FMP to strza\u0142 w dziesi\u0105tk\u0119! Jako wiod\u0105cy dostawca cz\u0119\u015bci i kompletnych maszyn budowlanych, specjalizujemy si\u0119 w produkcji najwy\u017cszej klasy si\u0142ownik\u00f3w hydraulicznych, spe\u0142niaj\u0105cych wszelkie potrzeby budowlane.<\/p>\n<p>Oto kilka powod\u00f3w, dla kt\u00f3rych warto wybra\u0107 firm\u0119 FMP w zakresie cylindr\u00f3w hydraulicznych:<\/p>\n<p>1. <strong>Bezkonkurencyjna jako\u015b\u0107:<\/strong> W FMP traktujemy jako\u015b\u0107 powa\u017cnie. Pozyskujemy materia\u0142y wy\u0142\u0105cznie od renomowanych dostawc\u00f3w i dbamy o to, aby ka\u017cda butla opuszczaj\u0105ca nasz magazyn spe\u0142nia\u0142a nasze surowe standardy jako\u015bci.<\/p>\n<p>2. <strong>Szeroka gama produkt\u00f3w:<\/strong> Nasza oferta produkt\u00f3w jest szeroka i zr\u00f3\u017cnicowana, obejmuj\u0105c regulowane si\u0142owniki wide\u0142kowe, si\u0142owniki jednostronnego dzia\u0142ania, si\u0142owniki teleskopowe i wiele innych. Niezale\u017cnie od Twoich konkretnych potrzeb, mamy si\u0142ownik hydrauliczny, kt\u00f3ry spe\u0142ni Twoje oczekiwania.<\/p>\n<p>3. <strong>Zesp\u00f3\u0142 Profesjonalny:<\/strong> Nasz zesp\u00f3\u0142 ekspert\u00f3w ma du\u017ce do\u015bwiadczenie w bran\u017cy maszyn budowlanych i mo\u017ce zaoferowa\u0107 dostosowane do indywidualnych potrzeb konsultacje dotycz\u0105ce produkt\u00f3w oraz sugestie dotycz\u0105ce zakupu, aby mie\u0107 pewno\u015b\u0107, \u017ce otrzymasz odpowiedni si\u0142ownik hydrauliczny do swojego projektu.<\/p>\n<p>4. <strong>Efektywna logistyka:<\/strong> Rozumiemy, \u017ce w bran\u017cy budowlanej czas to pieni\u0105dz. Dlatego wdro\u017cyli\u015bmy wydajny system dystrybucji logistycznej, aby zapewni\u0107 terminow\u0105 i dok\u0142adn\u0105 dostaw\u0119 cylindr\u00f3w hydraulicznych.<\/p>\n<p>5. <strong>Konkurencyjne ceny:<\/strong> W FMP wierzymy, \u017ce jako\u015b\u0107 nie powinna by\u0107 na wag\u0119 z\u0142ota. Oferujemy konkurencyjne ceny wszystkich naszych cylindr\u00f3w hydraulicznych, nie rezygnuj\u0105c z jako\u015bci ani niezawodno\u015bci.<\/p>\n<p>Niezale\u017cnie od tego, czy szukasz regulowanych si\u0142ownik\u00f3w wide\u0142kowych, czy innych si\u0142ownik\u00f3w hydraulicznych do swoich potrzeb budowlanych, zaufaj FMP \u2013 dostarczymy Ci najlepsze produkty i us\u0142ugi w bran\u017cy. Skontaktuj si\u0119 z nami ju\u017c dzi\u015b, aby dowiedzie\u0107 si\u0119 wi\u0119cej i rozpocz\u0105\u0107!<\/p>\n<p><img decoding=\"async\" src=\"https:\/\/fmp-components.com\/wp-content\/uploads\/2024\/12\/Adjustable-Clevis-Type-Cylinders-6.webp\" alt=\"Regulowany cylinder typu wide\u0142kowego\" width=\"806\" title=\"\"><br \/>\nAutor:CX<\/p>","protected":false},"excerpt":{"rendered":"<p>Factory Direct Sale 2 Stage Hydraulic Cylinder Dump Truck Hydraulic Hoist Cylinder is a high-quality hydraulic cylinder designed specifically for dump trucks. It is manufactured using advanced technology and top-grade materials to ensure durability and performance. This hydraulic cylinder features a two-stage design, allowing for efficient and smooth lifting and lowering of the dump truck [&hellip;]<\/p>","protected":false},"featured_media":1610,"comment_status":"closed","ping_status":"closed","template":"","meta":{"_et_pb_use_builder":"","_et_pb_old_content":"","_et_gb_content_width":""},"product_brand":[],"product_cat":[45],"product_tag":[34,48],"class_list":{"0":"post-1609","1":"product","2":"type-product","3":"status-publish","4":"has-post-thumbnail","6":"product_cat-inverted-telescopic-cylinder","7":"product_tag-hydraulic-cylinder","8":"product_tag-inverted-telescopic-cylinder","10":"first","11":"instock","12":"product-type-simple"},"_links":{"self":[{"href":"https:\/\/fmp-components.com\/pl\/wp-json\/wp\/v2\/product\/1609","targetHints":{"allow":["GET"]}}],"collection":[{"href":"https:\/\/fmp-components.com\/pl\/wp-json\/wp\/v2\/product"}],"about":[{"href":"https:\/\/fmp-components.com\/pl\/wp-json\/wp\/v2\/types\/product"}],"replies":[{"embeddable":true,"href":"https:\/\/fmp-components.com\/pl\/wp-json\/wp\/v2\/comments?post=1609"}],"wp:featuredmedia":[{"embeddable":true,"href":"https:\/\/fmp-components.com\/pl\/wp-json\/wp\/v2\/media\/1610"}],"wp:attachment":[{"href":"https:\/\/fmp-components.com\/pl\/wp-json\/wp\/v2\/media?parent=1609"}],"wp:term":[{"taxonomy":"product_brand","embeddable":true,"href":"https:\/\/fmp-components.com\/pl\/wp-json\/wp\/v2\/product_brand?post=1609"},{"taxonomy":"product_cat","embeddable":true,"href":"https:\/\/fmp-components.com\/pl\/wp-json\/wp\/v2\/product_cat?post=1609"},{"taxonomy":"product_tag","embeddable":true,"href":"https:\/\/fmp-components.com\/pl\/wp-json\/wp\/v2\/product_tag?post=1609"}],"curies":[{"name":"wp","href":"https:\/\/api.w.org\/{rel}","templated":true}]}}