{"id":1607,"date":"2024-12-23T06:59:20","date_gmt":"2024-12-23T06:59:20","guid":{"rendered":"https:\/\/fmp-components.com\/product\/guaranteed-quality-hydraulic-cylinder-double-acting-small-dump-truck-hydraulic-cylinder\/"},"modified":"2024-12-23T08:37:08","modified_gmt":"2024-12-23T08:37:08","slug":"guaranteed-quality-hydraulic-cylinder-double-acting-small-dump-truck-hydraulic-cylinder","status":"publish","type":"product","link":"https:\/\/fmp-components.com\/pl\/product\/guaranteed-quality-hydraulic-cylinder-double-acting-small-dump-truck-hydraulic-cylinder\/","title":{"rendered":"Gwarantowana jako\u015b\u0107, si\u0142ownik hydrauliczny dwustronnego dzia\u0142ania, ma\u0142y si\u0142ownik hydrauliczny do wywrotek"},"content":{"rendered":"<h2>Przedstawiamy gwarantowanej jako\u015bci si\u0142ownik hydrauliczny dwustronnego dzia\u0142ania do ma\u0142ych wywrotek:<\/h2>\n<p>Gwarantowana jako\u015b\u0107, dwustronnego dzia\u0142ania si\u0142ownik hydrauliczny do ma\u0142ych wywrotek, to wysokiej jako\u015bci produkt zaprojektowany specjalnie do wywrotek. Dzi\u0119ki dwustronnemu dzia\u0142aniu, ten si\u0142ownik hydrauliczny oferuje doskona\u0142\u0105 wydajno\u015b\u0107 i niezawodno\u015b\u0107.<\/p>\n<p>Ten si\u0142ownik hydrauliczny zosta\u0142 wykonany z najwy\u017cszej jako\u015bci materia\u0142\u00f3w, co gwarantuje jego trwa\u0142o\u015b\u0107 i d\u0142ugowieczno\u015b\u0107. Zosta\u0142 zaprojektowany tak, aby wytrzyma\u0107 du\u017ce obci\u0105\u017cenia i trudne warunki pracy, dzi\u0119ki czemu idealnie nadaje si\u0119 do stosowania w ma\u0142ych wywrotkach.<\/p>\n<p>Si\u0142ownik hydrauliczny dwustronnego dzia\u0142ania o gwarantowanej jako\u015bci do ma\u0142ych wywrotek zosta\u0142 zaprojektowany z my\u015bl\u0105 o optymalnej wydajno\u015bci. Zapewnia p\u0142ynne i wydajne ruchy, umo\u017cliwiaj\u0105c precyzyjn\u0105 kontrol\u0119 podczas wy\u0142adunku. Si\u0142ownik ten gwarantuje niezawodn\u0105 i stabiln\u0105 prac\u0119, zmniejszaj\u0105c ryzyko przestoj\u00f3w i zwi\u0119kszaj\u0105c wydajno\u015b\u0107.<\/p>\n<p>Dzi\u0119ki gwarantowanej jako\u015bci, ten si\u0142ownik hydrauliczny zapewnia u\u017cytkownikom spok\u00f3j ducha. Poddawany jest rygorystycznym testom i kontrolom jako\u015bci, aby zagwarantowa\u0107 spe\u0142nienie najwy\u017cszych standard\u00f3w bran\u017cowych. Jego konstrukcja i wykonanie spe\u0142niaj\u0105 surowe wytyczne jako\u015bciowe, co czyni go niezawodnym i trwa\u0142ym produktem.<\/p>\n<p>Podsumowuj\u0105c, si\u0142ownik hydrauliczny dwustronnego dzia\u0142ania do ma\u0142ych wywrotek o gwarantowanej jako\u015bci to produkt najwy\u017cszej jako\u015bci do wywrotek. Jego trwa\u0142a konstrukcja, wydajna praca i gwarantowana jako\u015b\u0107 sprawiaj\u0105, \u017ce jest to doskona\u0142y wyb\u00f3r dla os\u00f3b poszukuj\u0105cych niezawodnego si\u0142ownika hydraulicznego.<\/p>\n<table style=\"width: 100%;\" border=\"1\" width=\"100%\" cellspacing=\"0\" cellpadding=\"0\">\n<tbody>\n<tr>\n<th>Nazwa produktu<\/th>\n<td>Gwarantowana jako\u015b\u0107, si\u0142ownik hydrauliczny dwustronnego dzia\u0142ania, ma\u0142y si\u0142ownik hydrauliczny do wywrotek<\/td>\n<\/tr>\n<tr>\n<th>Stan<\/th>\n<td>Nowy<\/td>\n<\/tr>\n<tr>\n<th>Gwarancja<\/th>\n<td>1 rok<\/td>\n<\/tr>\n<tr>\n<th>Waga (kg)<\/th>\n<td>48<\/td>\n<\/tr>\n<tr>\n<th>G\u0142\u00f3wne komponenty<\/th>\n<td>\u0141o\u017cyska i cylinder t\u0142okowy<\/td>\n<\/tr>\n<tr>\n<th>Struktura<\/th>\n<td>Standardowa konstrukcja t\u0142oka<\/td>\n<\/tr>\n<tr>\n<th>\u0179r\u00f3d\u0142o zasilania<\/th>\n<td>Moc hydrauliczna<\/td>\n<\/tr>\n<tr>\n<th>Testowanie<\/th>\n<td>W zestawie wideo z inspekcji wyj\u015bciowej i raport z testu maszyn<\/td>\n<\/tr>\n<tr>\n<th>Wydajno\u015b\u0107<\/th>\n<td>Mocny i niezawodny<\/td>\n<\/tr>\n<tr>\n<th>Zastosowane bran\u017ce<\/th>\n<td>Zak\u0142ady produkcyjne, warsztaty naprawcze maszyn, gospodarstwa rolne, energetyka i g\u00f3rnictwo, fabryki maszyn<\/td>\n<\/tr>\n<tr>\n<th>Rok premiery<\/th>\n<td>2024<\/td>\n<\/tr>\n<\/tbody>\n<\/table>\n<div><img decoding=\"async\" src=\"https:\/\/hzpt.com\/wp-content\/uploads\/2023\/11\/Inverted-Telescopic-Cylinder-21.webp\" alt=\"\" title=\"\"><\/div>\n<h2>G\u0142\u00f3wne cechy cylindra hydraulicznego do ma\u0142ej wywrotki<\/h2>\n<p>Si\u0142ownik hydrauliczny jest wyposa\u017cony w szereg funkcji zapewniaj\u0105cych jego wydajno\u015b\u0107 i trwa\u0142o\u015b\u0107:<\/p>\n<ul>\n<li>\n<ul>\n<li>Materia\u0142 korpusu: Cylinder wykonany z wysokiej jako\u015bci stali gwarantuje d\u0142ugotrwa\u0142\u0105 trwa\u0142o\u015b\u0107 i solidn\u0105 wydajno\u015b\u0107.<\/li>\n<li>Maksymalny ci\u0105g: Przy maksymalnym ci\u0105gu wynosz\u0105cym 3000, cylinder mo\u017ce z \u0142atwo\u015bci\u0105 poradzi\u0107 sobie z ci\u0119\u017ckimi zadaniami.<\/li>\n<li>Typ: Jest to odwr\u00f3cony cylinder teleskopowy, znany ze swojej kompaktowej konstrukcji i wysokiej wydajno\u015bci.<\/li>\n<\/ul>\n<\/li>\n<\/ul>\n<ul>\n<li>Maksymalna si\u0142a uci\u0105gu: Si\u0142ownik ma maksymaln\u0105 si\u0142\u0119 uci\u0105gu wynosz\u0105c\u0105 20 ton, co sprawia, \u017ce \u200b\u200bnadaje si\u0119 do ci\u0119\u017ckich operacji.<\/li>\n<li>Rozmiar standardowy: Cylinder ma \u015brednic\u0119 otworu 2-6 cali, rozmiar t\u0142oczyska 1,125-4 cali, skok t\u0142oka 6-48 cali i rozmiar sworznia 0,5-2 cali.<\/li>\n<\/ul>\n<h2>Zastosowania cylindra hydraulicznego do ma\u0142ych wywrotek<\/h2>\n<div><img decoding=\"async\" src=\"https:\/\/hzpt.com\/wp-content\/uploads\/2023\/11\/Inverted-Telescopic-Cylinder-Applications.webp\" alt=\"Zastosowania cylindr\u00f3w hydraulicznych\" title=\"\"><\/div>\n<div>Si\u0142ownik hydrauliczny idealnie nadaje si\u0119 do zastosowa\u0144 w r\u00f3\u017cnych bran\u017cach, takich jak produkcja, naprawa maszyn, rolnictwo, energetyka i g\u00f3rnictwo oraz fabryki maszyn. Doskonale sprawdza si\u0119 w zadaniach wymagaj\u0105cych du\u017cej mocy i precyzji.<\/div>\n<h2>Zasada dzia\u0142ania i metody konserwacji<\/h2>\n<div>Si\u0142ownik hydrauliczny dzia\u0142a na zasadzie zamiany ci\u015bnienia hydraulicznego na si\u0142\u0119 mechaniczn\u0105. Pozwala to na obs\u0142ug\u0119 du\u017cych obci\u0105\u017ce\u0144 przy minimalnym wysi\u0142ku. Aby zapewni\u0107 optymaln\u0105 wydajno\u015b\u0107, si\u0142ownik wymaga:<\/div>\n<ol>\n<li>Regularna kontrola: Nale\u017cy regularnie sprawdza\u0107 cylinder pod k\u0105tem oznak zu\u017cycia lub uszkodze\u0144.<\/li>\n<li>Czyszczenie: Utrzymuj cylinder w czysto\u015bci, aby unikn\u0105\u0107 potencjalnych zator\u00f3w lub usterek.<\/li>\n<li>Smarowanie: Regularne smarowanie zapewnia p\u0142ynne dzia\u0142anie i zmniejsza zu\u017cycie.<\/li>\n<li>Regularne kontrole i naprawy: Nale\u017cy regularnie sprawdza\u0107 cylinder i przeprowadza\u0107 wszelkie niezb\u0119dne naprawy.<\/li>\n<li>Wymiana uszczelek: Aby zachowa\u0107 wydajno\u015b\u0107 cylindra, nale\u017cy regularnie wymienia\u0107 uszczelki.<\/li>\n<\/ol>\n<div><img decoding=\"async\" src=\"https:\/\/hzpt.com\/wp-content\/uploads\/2023\/11\/Inverted-Telescopic-Cylinder-24.webp\" alt=\"\" title=\"\"><\/div>\n<h2>Odwr\u00f3cony cylinder teleskopowy<\/h2>\n<p>Odwr\u00f3cony cylinder teleskopowy, znany r\u00f3wnie\u017c jako cylinder t\u0142okowy, to rodzaj cylindra hydraulicznego powszechnie stosowanego w r\u00f3\u017cnych zastosowaniach przemys\u0142owych i komercyjnych. Jego celem jest zapewnienie precyzyjnego i mocnego ruchu liniowego poprzez zamian\u0119 energii hydraulicznej na si\u0142\u0119 mechaniczn\u0105.<\/p>\n<h3>Gwarantowana jako\u015b\u0107 si\u0142ownika hydraulicznego<\/h3>\n<p>W przypadku si\u0142ownik\u00f3w hydraulicznych, zapewnienie gwarantowanej jako\u015bci jest kwesti\u0105 priorytetow\u0105. Si\u0142ownik hydrauliczny o gwarantowanej jako\u015bci, taki jak si\u0142ownik teleskopowy odwr\u00f3cony, przechodzi rygorystyczne testy i kontrole, aby spe\u0142nia\u0107 najwy\u017csze standardy bran\u017cowe. Gwarantuje to jego niezawodno\u015b\u0107, trwa\u0142o\u015b\u0107 i og\u00f3ln\u0105 wydajno\u015b\u0107. Zastosowanie wysokiej jako\u015bci materia\u0142\u00f3w, zaawansowanych technik produkcji oraz rygorystycznych procedur kontroli jako\u015bci przyczynia si\u0119 do jego doskona\u0142ej wydajno\u015bci i trwa\u0142o\u015bci.<\/p>\n<h3>Podw\u00f3jne dzia\u0142anie<\/h3>\n<p>Dwustronne dzia\u0142anie odwr\u00f3conego si\u0142ownika teleskopowego wyr\u00f3\u017cnia go spo\u015br\u00f3d innych typ\u00f3w si\u0142ownik\u00f3w hydraulicznych. Oznacza to, \u017ce mo\u017ce on wywiera\u0107 si\u0142\u0119 w obu kierunkach, co zapewnia wi\u0119ksz\u0105 wszechstronno\u015b\u0107 i wydajno\u015b\u0107. Niezale\u017cnie od tego, czy si\u0142ownik jest wysuwany, czy wsuwany, zapewnia on sta\u0142\u0105 moc i kontrol\u0119. Dzi\u0119ki temu idealnie nadaje si\u0119 do zastosowa\u0144 wymagaj\u0105cych precyzyjnego i odwracalnego ruchu liniowego, takich jak podnoszenie, pchanie, ci\u0105gni\u0119cie i przechylanie.<\/p>\n<h3>Ma\u0142y si\u0142ownik hydrauliczny wywrotki<\/h3>\n<p>Jednym z konkretnych zastosowa\u0144, w kt\u00f3rym odwr\u00f3cony si\u0142ownik teleskopowy sprawdza si\u0119 znakomicie, s\u0105 ma\u0142e wywrotki. Si\u0142owniki te zosta\u0142y zaprojektowane tak, aby zapewni\u0107 si\u0142\u0119 niezb\u0119dn\u0105 do podnoszenia i opuszczania skrzyni \u0142adunkowej, umo\u017cliwiaj\u0105c efektywny za\u0142adunek i roz\u0142adunek materia\u0142\u00f3w. Dzi\u0119ki kompaktowym rozmiarom i wysokiemu ud\u017awigowi, si\u0142owniki hydrauliczne do ma\u0142ych wywrotek oferuj\u0105 optymaln\u0105 wydajno\u015b\u0107 w ograniczonej przestrzeni. Zastosowanie innowacyjnej technologii uszczelnie\u0144 i materia\u0142\u00f3w odpornych na korozj\u0119 gwarantuje ich trwa\u0142o\u015b\u0107 i d\u0142ugowieczno\u015b\u0107, nawet w trudnych warunkach pracy.<\/p>\n<h3>Korzy\u015bci i funkcje<\/h3>\n<p>Odwr\u00f3cony cylinder teleskopowy oferuje szereg kluczowych korzy\u015bci i cech, kt\u00f3re czyni\u0105 go preferowanym wyborem w r\u00f3\u017cnych bran\u017cach. Nale\u017c\u0105 do nich:<\/p>\n<ol>\n<li>Wysoka precyzja i kontrola: Konstrukcja cylindra umo\u017cliwia dok\u0142adn\u0105 kontrol\u0119 ruchu liniowego, gwarantuj\u0105c dok\u0142adne pozycjonowanie i p\u0142ynn\u0105 prac\u0119.<\/li>\n<li>Wyj\u0105tkowa wytrzyma\u0142o\u015b\u0107 i trwa\u0142o\u015b\u0107: Zastosowanie materia\u0142\u00f3w o wysokiej wytrzyma\u0142o\u015bci i zaawansowanych technik in\u017cynieryjnych pozwoli\u0142o na stworzenie cylindra, kt\u00f3ry wytrzymuje du\u017ce obci\u0105\u017cenia i ekstremalne warunki pracy.<\/li>\n<li>Efektywne wykorzystanie przestrzeni: Kompaktowa konstrukcja cylindra pozwala na optymalne wykorzystanie przestrzeni, dzi\u0119ki czemu nadaje si\u0119 on do zastosowa\u0144 z ograniczon\u0105 przestrzeni\u0105 monta\u017cow\u0105.<\/li>\n<li>\u0141atwa instalacja i konserwacja: Konstrukcja i wykonanie cylindra upraszczaj\u0105 proces instalacji i minimalizuj\u0105 potrzeb\u0119 cz\u0119stej konserwacji, co zmniejsza przestoje i maksymalizuje wydajno\u015b\u0107.<\/li>\n<\/ol>\n<p>Podsumowuj\u0105c, odwr\u00f3cony si\u0142ownik teleskopowy to niezawodny i wszechstronny si\u0142ownik hydrauliczny, kt\u00f3ry oferuje gwarantowan\u0105 jako\u015b\u0107, funkcjonalno\u015b\u0107 dwustronnego dzia\u0142ania i doskona\u0142\u0105 wydajno\u015b\u0107 w zastosowaniach takich jak ma\u0142e wywrotki. Jego unikalne cechy i zalety sprawiaj\u0105, \u017ce jest on cennym elementem w r\u00f3\u017cnych zastosowaniach przemys\u0142owych i komercyjnych, zapewniaj\u0105c precyzyjny i mocny ruch liniowy w szerokim zakresie zastosowa\u0144.<\/p>\n<h3>O FMP<\/h3>\n<p>FMP to firma specjalizuj\u0105ca si\u0119 w produkcji i sprzeda\u017cy cylindr\u00f3w hydraulicznych. Dzi\u0119ki wieloletniemu do\u015bwiadczeniu w bran\u017cy i profesjonalnemu zespo\u0142owi, jeste\u015bmy w stanie dostarcza\u0107 klientom wysokiej jako\u015bci i niezawodne cylindry hydrauliczne.<\/p>\n<p>Nasze cylindry hydrauliczne s\u0105 projektowane i produkowane zgodnie z najwy\u017cszymi standardami bran\u017cowymi. Oto pi\u0119\u0107 kluczowych zalet naszych produkt\u00f3w i firmy:<\/p>\n<p><strong>1. Szeroki wyb\u00f3r opcji:<\/strong> Oferujemy szerok\u0105 gam\u0119 si\u0142ownik\u00f3w hydraulicznych, dostosowanych do r\u00f3\u017cnych potrzeb. Niezale\u017cnie od tego, czy potrzebujesz si\u0142ownik\u00f3w standardowych, czy rozwi\u0105za\u0144 niestandardowych, posiadamy wiedz\u0119 i do\u015bwiadczenie, aby dostarczy\u0107 rozwi\u0105zanie idealnie dopasowane do Twojego zastosowania.<\/p>\n<p><strong>2. Wyj\u0105tkowa jako\u015b\u0107:<\/strong> W FMP priorytetowo traktujemy jako\u015b\u0107 w ka\u017cdym aspekcie procesu produkcyjnego. Nasze cylindry hydrauliczne s\u0105 wykonane z najwy\u017cszej jako\u015bci materia\u0142\u00f3w i poddawane rygorystycznym testom, aby zapewni\u0107 trwa\u0142o\u015b\u0107 i niezawodno\u015b\u0107.<\/p>\n<p><strong>3. Zaawansowana technologia:<\/strong> Wykorzystujemy najnowsze osi\u0105gni\u0119cia technologiczne w naszych procesach produkcyjnych. Dzi\u0119ki temu mo\u017cemy dostarcza\u0107 cylindry hydrauliczne b\u0119d\u0105ce w czo\u0142\u00f3wce innowacji, charakteryzuj\u0105ce si\u0119 zwi\u0119kszon\u0105 wydajno\u015bci\u0105 i efektywno\u015bci\u0105.<\/p>\n<p><strong>4. Konsultacja ekspercka:<\/strong> Nasz do\u015bwiadczony zesp\u00f3\u0142 sprzeda\u017cy doskonale zna bran\u017c\u0119 maszyn budowlanych. S\u0142u\u017cymy profesjonaln\u0105 porad\u0105 produktow\u0105, pomagaj\u0105c w doborze odpowiedniego si\u0142ownika hydraulicznego do Pa\u0144stwa specyficznych potrzeb.<\/p>\n<p><strong>5. Efektywna logistyka:<\/strong> Rozumiemy, jak wa\u017cna jest terminowa dostawa. Nasz wydajny system dystrybucji logistycznej gwarantuje terminow\u0105 i precyzyjn\u0105 dostaw\u0119 potrzebnych cylindr\u00f3w hydraulicznych, minimalizuj\u0105c przestoje i maksymalizuj\u0105c wydajno\u015b\u0107.<\/p>\n<p><img decoding=\"async\" src=\"https:\/\/fmp-components.com\/wp-content\/uploads\/2024\/12\/Adjustable-Clevis-Type-Cylinders-6.webp\" alt=\"Regulowany cylinder typu wide\u0142kowego\" width=\"805\" title=\"\"><\/p>\n<p>Autor:CX<\/p>","protected":false},"excerpt":{"rendered":"<p>Introducing the Guaranteed Quality Hydraulic Cylinder Double Acting Small Dump Truck Hydraulic Cylinder: The Guaranteed Quality Hydraulic Cylinder Double Acting Small Dump Truck Hydraulic Cylinder is a high-quality product that is specifically designed for dump trucks. With its double-acting functionality, this hydraulic cylinder offers excellent performance and reliability. This hydraulic cylinder is manufactured using top-grade [&hellip;]<\/p>","protected":false},"featured_media":1608,"comment_status":"closed","ping_status":"closed","template":"","meta":{"_et_pb_use_builder":"","_et_pb_old_content":"","_et_gb_content_width":""},"product_brand":[],"product_cat":[45],"product_tag":[34,48],"class_list":{"0":"post-1607","1":"product","2":"type-product","3":"status-publish","4":"has-post-thumbnail","6":"product_cat-inverted-telescopic-cylinder","7":"product_tag-hydraulic-cylinder","8":"product_tag-inverted-telescopic-cylinder","10":"first","11":"instock","12":"product-type-simple"},"_links":{"self":[{"href":"https:\/\/fmp-components.com\/pl\/wp-json\/wp\/v2\/product\/1607","targetHints":{"allow":["GET"]}}],"collection":[{"href":"https:\/\/fmp-components.com\/pl\/wp-json\/wp\/v2\/product"}],"about":[{"href":"https:\/\/fmp-components.com\/pl\/wp-json\/wp\/v2\/types\/product"}],"replies":[{"embeddable":true,"href":"https:\/\/fmp-components.com\/pl\/wp-json\/wp\/v2\/comments?post=1607"}],"wp:featuredmedia":[{"embeddable":true,"href":"https:\/\/fmp-components.com\/pl\/wp-json\/wp\/v2\/media\/1608"}],"wp:attachment":[{"href":"https:\/\/fmp-components.com\/pl\/wp-json\/wp\/v2\/media?parent=1607"}],"wp:term":[{"taxonomy":"product_brand","embeddable":true,"href":"https:\/\/fmp-components.com\/pl\/wp-json\/wp\/v2\/product_brand?post=1607"},{"taxonomy":"product_cat","embeddable":true,"href":"https:\/\/fmp-components.com\/pl\/wp-json\/wp\/v2\/product_cat?post=1607"},{"taxonomy":"product_tag","embeddable":true,"href":"https:\/\/fmp-components.com\/pl\/wp-json\/wp\/v2\/product_tag?post=1607"}],"curies":[{"name":"wp","href":"https:\/\/api.w.org\/{rel}","templated":true}]}}