{"id":1605,"date":"2024-12-23T06:59:20","date_gmt":"2024-12-23T06:59:20","guid":{"rendered":"https:\/\/fmp-components.com\/product\/durable-long-stroke-2-stage-hydraulic-cylinder-telescopic-hydraulic-cylinder\/"},"modified":"2024-12-23T08:24:34","modified_gmt":"2024-12-23T08:24:34","slug":"durable-long-stroke-2-stage-hydraulic-cylinder-telescopic-hydraulic-cylinder","status":"publish","type":"product","link":"https:\/\/fmp-components.com\/pl\/product\/durable-long-stroke-2-stage-hydraulic-cylinder-telescopic-hydraulic-cylinder\/","title":{"rendered":"Wytrzyma\u0142y, dwustopniowy si\u0142ownik hydrauliczny o d\u0142ugim skoku, teleskopowy si\u0142ownik hydrauliczny"},"content":{"rendered":"<p>Wytrzyma\u0142y, dwustopniowy si\u0142ownik hydrauliczny teleskopowy o d\u0142ugim skoku to wysokiej jako\u015bci produkt zaprojektowany z my\u015bl\u0105 o doskona\u0142ej wydajno\u015bci w r\u00f3\u017cnych zastosowaniach hydraulicznych. Dzi\u0119ki trwa\u0142ej konstrukcji i zaawansowanej konstrukcji, si\u0142ownik ten oferuje niezawodn\u0105 prac\u0119 i d\u0142ugotrwa\u0142\u0105 trwa\u0142o\u015b\u0107.<\/p>\n<p>Jedn\u0105 z kluczowych cech tego si\u0142ownika hydraulicznego jest jego d\u0142ugi skok. Dzi\u0119ki dwustopniowej konstrukcji si\u0142ownik ten mo\u017ce si\u0119 wysuwa\u0107 i wsuwa\u0107 na wi\u0119ksz\u0105 odleg\u0142o\u015b\u0107, co czyni go idealnym do zastosowa\u0144 wymagaj\u0105cych wi\u0119kszego zakresu ruchu. Niezale\u017cnie od tego, czy jest stosowany w sprz\u0119cie budowlanym, rolniczym czy przemys\u0142owym, ten si\u0142ownik hydrauliczny zapewnia moc i precyzj\u0119 niezb\u0119dn\u0105 do wykonania zadania.<\/p>\n<p>Opr\u00f3cz du\u017cego skoku t\u0142oka, ten si\u0142ownik hydrauliczny charakteryzuje si\u0119 r\u00f3wnie\u017c wyj\u0105tkow\u0105 wytrzyma\u0142o\u015bci\u0105 i stabilno\u015bci\u0105. Dzi\u0119ki teleskopowej konstrukcji mo\u017ce obs\u0142ugiwa\u0107 du\u017ce obci\u0105\u017cenia i sprosta\u0107 trudom trudnych warunk\u00f3w pracy. Wysokiej jako\u015bci materia\u0142y u\u017cyte do jego konstrukcji gwarantuj\u0105 odporno\u015b\u0107 na obci\u0105\u017cenia i napr\u0119\u017cenia wyst\u0119puj\u0105ce podczas codziennego u\u017cytkowania, bez uszczerbku dla jego wydajno\u015bci.<\/p>\n<p>Co wi\u0119cej, ten si\u0142ownik hydrauliczny zapewnia p\u0142ynn\u0105 prac\u0119 i precyzyjn\u0105 kontrol\u0119. Zaawansowany uk\u0142ad hydrauliczny zapewnia p\u0142ynny i r\u00f3wnomierny ruch si\u0142ownika, umo\u017cliwiaj\u0105c precyzyjne pozycjonowanie i wydajn\u0105 prac\u0119. Dzi\u0119ki niezawodnej pracy si\u0142ownik ten przyczynia si\u0119 do poprawy wydajno\u015bci i efektywno\u015bci w r\u00f3\u017cnych zastosowaniach.<\/p>\n<p>Podsumowuj\u0105c, wytrzyma\u0142y, dwustopniowy si\u0142ownik hydrauliczny teleskopowy o d\u0142ugim skoku to doskona\u0142y wyb\u00f3r dla os\u00f3b poszukuj\u0105cych wysokiej jako\u015bci si\u0142ownika hydraulicznego. Dzi\u0119ki trwa\u0142ej konstrukcji, du\u017cemu skokowi i precyzyjnej kontroli, oferuje niezawodn\u0105 wydajno\u015b\u0107 i d\u0142ugotrwa\u0142\u0105 trwa\u0142o\u015b\u0107. Niezale\u017cnie od tego, czy jest stosowany w budownictwie, rolnictwie, czy przemy\u015ble, ten si\u0142ownik hydrauliczny z pewno\u015bci\u0105 sprosta wymaganiom nawet najbardziej wymagaj\u0105cych zastosowa\u0144.<\/p>\n<h2>Wytrzyma\u0142y, dwustopniowy si\u0142ownik hydrauliczny o d\u0142ugim skoku, teleskopowy si\u0142ownik hydrauliczny<\/h2>\n<p>Ten produkt zosta\u0142 zaprojektowany tak, aby spe\u0142nia\u0107 najwy\u017csze standardy trwa\u0142o\u015bci i niezawodno\u015bci cylindr\u00f3w hydraulicznych. Wykonany jest w oparciu o standardow\u0105 konstrukcj\u0119 cylindra t\u0142okowego, co umo\u017cliwia \u0142atw\u0105 integracj\u0119 i kompatybilno\u015b\u0107 z istniej\u0105cymi systemami. Nap\u0119dzany hydraulicznie, zapewnia wysok\u0105 wydajno\u015b\u0107 i niezawodno\u015b\u0107 w r\u00f3\u017cnych zastosowaniach. Wykonany ze stali, ten si\u0142ownik hydrauliczny jest trwa\u0142y i wytrzymuje maksymalny nacisk 3000 i maksymalny uci\u0105g 20 ton, zapewniaj\u0105c wysok\u0105 wydajno\u015b\u0107.<\/p>\n<p><img decoding=\"async\" src=\"https:\/\/hzpt.com\/wp-content\/uploads\/2023\/11\/Inverted-Telescopic-Cylinder-17.webp\" alt=\"\" title=\"\"><\/p>\n<h3>Cechy<\/h3>\n<ul>\n<li>Standardowa konstrukcja t\u0142okowo-cylindrowa zapewniaj\u0105ca \u0142atw\u0105 integracj\u0119 i kompatybilno\u015b\u0107 z istniej\u0105cymi systemami.<\/li>\n<li>Si\u0142a hydrauliczna zapewniaj\u0105ca wysok\u0105 wydajno\u015b\u0107 i niezawodno\u015b\u0107 w r\u00f3\u017cnych zastosowaniach.<\/li>\n<li>Wykonane z wytrzyma\u0142ej stali, co zapewnia wi\u0119ksz\u0105 trwa\u0142o\u015b\u0107 i \u017cywotno\u015b\u0107.<\/li>\n<li>Wytrzymuje maksymalny ci\u0105g 3000 i maksymalny uci\u0105g 20 ton, zapewniaj\u0105c du\u017c\u0105 wydajno\u015b\u0107.<\/li>\n<li>Certyfikat ISO9001:2000 gwarantuje jako\u015b\u0107 i niezawodno\u015b\u0107 produktu.<\/li>\n<\/ul>\n<h3>Aplikacje<\/h3>\n<p>Ten si\u0142ownik hydrauliczny idealnie nadaje si\u0119 do zastosowa\u0144 wymagaj\u0105cych du\u017cej wytrzyma\u0142o\u015bci w r\u00f3\u017cnych ga\u0142\u0119ziach przemys\u0142u, takich jak zak\u0142ady produkcyjne, warsztaty naprawy maszyn, gospodarstwa rolne, energetyka i g\u00f3rnictwo, produkcja maszyn oraz fabryki maszyn.<\/p>\n<p><img decoding=\"async\" src=\"https:\/\/hzpt.com\/wp-content\/uploads\/2023\/11\/Inverted-Telescopic-Cylinder-Applications.webp\" alt=\"Zastosowania odwr\u00f3conego cylindra teleskopowego\" title=\"\"><\/p>\n<h3>Zasada dzia\u0142ania i konserwacja<\/h3>\n<ul>\n<li>Si\u0142ownik hydrauliczny dzia\u0142a na zasadzie spr\u0119\u017conego p\u0142ynu, kt\u00f3ry wytwarza si\u0142\u0119.<\/li>\n<li>Aby mie\u0107 pewno\u015b\u0107, \u017ce cylinder dzia\u0142a optymalnie, nale\u017cy przeprowadza\u0107 regularne kontrole.<\/li>\n<li>Prawid\u0142owe czyszczenie si\u0142ownika hydraulicznego jest konieczne, aby zapobiec gromadzeniu si\u0119 brudu i zanieczyszcze\u0144.<\/li>\n<li>Smarowanie cylindra hydraulicznego jest niezb\u0119dne do jego p\u0142ynnej pracy i zapobiegania zu\u017cyciu.<\/li>\n<li>Aby zapobiec przeciekom, uszczelki nale\u017cy wymienia\u0107 w regularnych odst\u0119pach czasu.<\/li>\n<\/ul>\n<p><img decoding=\"async\" src=\"https:\/\/hzpt.com\/wp-content\/uploads\/2023\/11\/Inverted-Telescopic-Cylinder-25.webp\" alt=\"\" title=\"\"><\/p>\n<h2>Odwr\u00f3cony cylinder teleskopowy<\/h2>\n<p>Odwr\u00f3cony cylinder teleskopowy to rodzaj cylindra hydraulicznego wykorzystywanego w r\u00f3\u017cnych zastosowaniach przemys\u0142owych do ruchu liniowego. Ten cylinder zosta\u0142 specjalnie zaprojektowany, aby zapewni\u0107 trwa\u0142o\u015b\u0107 i d\u0142ugi skok, i jest uwa\u017cany za dwustopniowy cylinder hydrauliczny. W tym artykule om\u00f3wimy cechy i zalety odwr\u00f3conego cylindra teleskopowego.<\/p>\n<h3>Cechy:<\/h3>\n<ul>\n<li>Wysoka no\u015bno\u015b\u0107<\/li>\n<li>Wysoka trwa\u0142o\u015b\u0107<\/li>\n<li>Kompaktowa konstrukcja<\/li>\n<li>Wysoka odporno\u015b\u0107 na zu\u017cycie i rozdarcie<\/li>\n<li>Niskie koszty utrzymania<\/li>\n<\/ul>\n<h3>Korzy\u015bci:<\/h3>\n<p>Jedn\u0105 z g\u0142\u00f3wnych zalet odwr\u00f3conego cylindra teleskopowego jest jego zdolno\u015b\u0107 do zapewnienia trwa\u0142ego, d\u0142ugiego skoku. Jest to mo\u017cliwe dzi\u0119ki unikalnej konstrukcji cylindra, sk\u0142adaj\u0105cej si\u0119 z wielu stopni umieszczonych jeden w drugim. Taka konstrukcja pozwala na bardziej efektywne wysuwanie i chowanie cylindra, co z kolei przyczynia si\u0119 do wyd\u0142u\u017cenia jego \u017cywotno\u015bci.<\/p>\n<p>Kolejn\u0105 zalet\u0105 odwr\u00f3conego cylindra teleskopowego jest jego wysoka no\u015bno\u015b\u0107. Wynika to z faktu, \u017ce cylinder jest w stanie r\u00f3wnomiernie roz\u0142o\u017cy\u0107 obci\u0105\u017cenie na wszystkie stopnie, co pomaga zapobiega\u0107 przeci\u0105\u017ceniu kt\u00f3regokolwiek ze stopni. Dodatkowo, kompaktowa konstrukcja cylindra pozwala na jego zastosowanie w zastosowaniach o ograniczonej przestrzeni, co czyni go wszechstronnym rozwi\u0105zaniem dla wielu bran\u017c.<\/p>\n<p>Teleskopowe si\u0142owniki hydrauliczne charakteryzuj\u0105 si\u0119 r\u00f3wnie\u017c wysok\u0105 odporno\u015bci\u0105 na zu\u017cycie. Osi\u0105ga si\u0119 to dzi\u0119ki zastosowaniu wysokiej jako\u015bci materia\u0142\u00f3w i precyzyjnym procesom produkcyjnym. Dzi\u0119ki temu si\u0142owniki te s\u0105 w stanie sprosta\u0107 najbardziej wymagaj\u0105cym zastosowaniom przemys\u0142owym bez ryzyka przedwczesnej awarii lub spadku wydajno\u015bci z up\u0142ywem czasu.<\/p>\n<p>Podsumowuj\u0105c, odwr\u00f3cony si\u0142ownik teleskopowy to wszechstronne i wydajne rozwi\u0105zanie do zastosowa\u0144 w ruchu liniowym. Jego unikalna konstrukcja zapewnia trwa\u0142o\u015b\u0107, d\u0142ugi skok i wysok\u0105 no\u015bno\u015b\u0107, a kompaktowa konstrukcja pozwala na jego zastosowanie w r\u00f3\u017cnorodnych zastosowaniach przemys\u0142owych. Dzi\u0119ki wysokiej odporno\u015bci na zu\u017cycie i niskim wymaganiom konserwacyjnym, si\u0142ownik ten stanowi doskona\u0142y wyb\u00f3r dla firm wymagaj\u0105cych niezawodnych i wydajnych rozwi\u0105za\u0144 hydraulicznych.<\/p>\n<h3>O firmie FMP \u2013 Twoim profesjonalnym dostawcy cylindr\u00f3w hydraulicznych<\/h3>\n<p>Szukasz niezawodnych i wysokiej jako\u015bci si\u0142ownik\u00f3w hydraulicznych do maszyn budowlanych? FMP to strza\u0142 w dziesi\u0105tk\u0119! Jako firma z wieloletnim do\u015bwiadczeniem w bran\u017cy i profesjonalnym zespo\u0142em, specjalizujemy si\u0119 w sprzeda\u017cy i serwisie cz\u0119\u015bci oraz kompletnych maszyn budowlanych. Nasza szeroka oferta produkt\u00f3w obejmuje przek\u0142adnie do maszyn rolniczych, przek\u0142adnie przemys\u0142owe, przek\u0142adnie planetarne, cz\u0119\u015bci do maszyn rolniczych oraz szereg wysokiej jako\u015bci akcesori\u00f3w do nich.<\/p>\n<p>Oto kilka powod\u00f3w, dla kt\u00f3rych warto wybra\u0107 firm\u0119 FMP jako dostawc\u0119 cylindr\u00f3w hydraulicznych:<\/p>\n<p>1. Produkty wysokiej jako\u015bci \u2013 Wsp\u00f3\u0142pracujemy z wieloma wysokiej jako\u015bci dostawcami w kraju i za granic\u0105, aby zapewni\u0107, \u017ce wszystkie nasze cylindry hydrauliczne spe\u0142niaj\u0105 surowe standardy jako\u015bci. Nasze produkty s\u0105 trwa\u0142e, niezawodne i trwa\u0142e.<\/p>\n<p>2. Profesjonalny zesp\u00f3\u0142 sprzeda\u017cy \u2013 Nasz do\u015bwiadczony i wykwalifikowany zesp\u00f3\u0142 sprzeda\u017cy zna trendy rozwojowe i potrzeby klient\u00f3w w bran\u017cy maszyn budowlanych. S\u0142u\u017cymy profesjonaln\u0105 porad\u0105 produktow\u0105 i trafnymi sugestiami zakupowymi, aby pom\u00f3c Ci znale\u017a\u0107 odpowiedni si\u0142ownik hydrauliczny do Twoich potrzeb.<\/p>\n<p>3. Efektywna dystrybucja logistyczna \u2013 Dysponujemy efektywnym systemem dystrybucji logistycznej, kt\u00f3ry gwarantuje, \u017ce klienci otrzymuj\u0105 potrzebne cz\u0119\u015bci terminowo i dok\u0142adnie. Mo\u017cesz nam zaufa\u0107, \u017ce dostarczymy Ci cylindry hydrauliczne wtedy, kiedy ich potrzebujesz.<\/p>\n<p>4. Opcje personalizacji \u2013 W FMP rozumiemy, \u017ce ka\u017cdy klient ma unikalne potrzeby w zakresie cylindr\u00f3w hydraulicznych. Dlatego oferujemy opcje personalizacji, aby spe\u0142ni\u0107 Twoje specyficzne wymagania.<\/p>\n<p>5. Szeroki asortyment produkt\u00f3w \u2013 Oferujemy szeroki wyb\u00f3r si\u0142ownik\u00f3w hydraulicznych, w tym si\u0142owniki z regulowanym wide\u0142kiem, si\u0142owniki spawane, si\u0142owniki z dr\u0105\u017ckiem kierowniczym i wiele innych. Dzi\u0119ki temu mo\u017cesz znale\u017a\u0107 idealny si\u0142ownik hydrauliczny, kt\u00f3ry spe\u0142ni Twoje potrzeby w zakresie maszyn budowlanych.<\/p>\n<p>Co wi\u0119cej, dzi\u0119ki FMP mo\u017cesz cieszy\u0107 si\u0119 spokojem ducha, jaki daje wsp\u00f3\u0142praca z zaufanym i niezawodnym dostawc\u0105. Po co wi\u0119c czeka\u0107? Skontaktuj si\u0119 z nami ju\u017c dzi\u015b, aby dowiedzie\u0107 si\u0119 wi\u0119cej o naszych si\u0142ownikach hydraulicznych i o tym, jak mo\u017cemy pom\u00f3c Ci zaspokoi\u0107 Twoje potrzeby w zakresie maszyn budowlanych.<\/p>\n<p><img decoding=\"async\" src=\"https:\/\/fmp-components.com\/wp-content\/uploads\/2024\/12\/Adjustable-Clevis-Type-Cylinders-6.webp\" alt=\"Regulowany cylinder typu wide\u0142kowego\" width=\"804\" title=\"\"><br \/>\nAutor:CX<\/p>","protected":false},"excerpt":{"rendered":"<p>The Durable Long Stroke 2 Stage Hydraulic Cylinder Telescopic Hydraulic Cylinder is a high-quality product that is designed to provide excellent performance in various hydraulic applications. With its durable construction and advanced design, this hydraulic cylinder offers reliable operation and long-lasting durability. One of the key features of this hydraulic cylinder is its long stroke [&hellip;]<\/p>","protected":false},"featured_media":1606,"comment_status":"closed","ping_status":"closed","template":"","meta":{"_et_pb_use_builder":"","_et_pb_old_content":"","_et_gb_content_width":""},"product_brand":[],"product_cat":[45],"product_tag":[34,48],"class_list":{"0":"post-1605","1":"product","2":"type-product","3":"status-publish","4":"has-post-thumbnail","6":"product_cat-inverted-telescopic-cylinder","7":"product_tag-hydraulic-cylinder","8":"product_tag-inverted-telescopic-cylinder","10":"first","11":"instock","12":"product-type-simple"},"_links":{"self":[{"href":"https:\/\/fmp-components.com\/pl\/wp-json\/wp\/v2\/product\/1605","targetHints":{"allow":["GET"]}}],"collection":[{"href":"https:\/\/fmp-components.com\/pl\/wp-json\/wp\/v2\/product"}],"about":[{"href":"https:\/\/fmp-components.com\/pl\/wp-json\/wp\/v2\/types\/product"}],"replies":[{"embeddable":true,"href":"https:\/\/fmp-components.com\/pl\/wp-json\/wp\/v2\/comments?post=1605"}],"wp:featuredmedia":[{"embeddable":true,"href":"https:\/\/fmp-components.com\/pl\/wp-json\/wp\/v2\/media\/1606"}],"wp:attachment":[{"href":"https:\/\/fmp-components.com\/pl\/wp-json\/wp\/v2\/media?parent=1605"}],"wp:term":[{"taxonomy":"product_brand","embeddable":true,"href":"https:\/\/fmp-components.com\/pl\/wp-json\/wp\/v2\/product_brand?post=1605"},{"taxonomy":"product_cat","embeddable":true,"href":"https:\/\/fmp-components.com\/pl\/wp-json\/wp\/v2\/product_cat?post=1605"},{"taxonomy":"product_tag","embeddable":true,"href":"https:\/\/fmp-components.com\/pl\/wp-json\/wp\/v2\/product_tag?post=1605"}],"curies":[{"name":"wp","href":"https:\/\/api.w.org\/{rel}","templated":true}]}}