{"id":1601,"date":"2024-12-23T06:59:20","date_gmt":"2024-12-23T06:59:20","guid":{"rendered":"https:\/\/fmp-components.com\/product\/quality-manufacturing-dump-truck-hydraulic-hoist-cylinder-double-acting-telescopic-hydraulic-cylinder\/"},"modified":"2024-12-23T08:29:13","modified_gmt":"2024-12-23T08:29:13","slug":"quality-manufacturing-dump-truck-hydraulic-hoist-cylinder-double-acting-telescopic-hydraulic-cylinder","status":"publish","type":"product","link":"https:\/\/fmp-components.com\/pl\/product\/quality-manufacturing-dump-truck-hydraulic-hoist-cylinder-double-acting-telescopic-hydraulic-cylinder\/","title":{"rendered":"Wysokiej jako\u015bci hydrauliczny si\u0142ownik podno\u015bnika do wywrotek, dwustronnego dzia\u0142ania, teleskopowy si\u0142ownik hydrauliczny"},"content":{"rendered":"<h2>Przedstawiamy wysokiej jako\u015bci hydrauliczny si\u0142ownik podno\u015bnika do wywrotek, dwustronnego dzia\u0142ania, teleskopowy si\u0142ownik hydrauliczny:<\/h2>\n<p>Si\u0142ownik hydrauliczny do wywrotek Quality Manufacturing to teleskopowy si\u0142ownik hydrauliczny dwustronnego dzia\u0142ania, zaprojektowany specjalnie do wywrotek. Jest produkowany zgodnie z najwy\u017cszymi standardami jako\u015bci i wydajno\u015bci.<\/p>\n<p>Ten si\u0142ownik hydrauliczny zosta\u0142 zaprojektowany tak, aby wytrzymywa\u0107 du\u017ce obci\u0105\u017cenia i dzia\u0142a\u0107 wydajnie w wymagaj\u0105cych warunkach. Jego dwustronne dzia\u0142anie umo\u017cliwia zar\u00f3wno wysuwanie, jak i wsuwanie si\u0142ownika, zapewniaj\u0105c precyzyjn\u0105 kontrol\u0119 i elastyczno\u015b\u0107 podczas podnoszenia i opr\u00f3\u017cniania.<\/p>\n<p>Teleskopowa konstrukcja tego si\u0142ownika hydraulicznego pozwala na uzyskanie kompaktowego, a jednocze\u015bnie wydajnego rozwi\u0105zania. Dzi\u0119ki wielostopniowej konstrukcji, si\u0142ownik mo\u017ce osi\u0105gn\u0105\u0107 d\u0142u\u017cszy skok przy jednoczesnym zachowaniu mniejszej d\u0142ugo\u015bci po zsuni\u0119ciu, co czyni go idealnym rozwi\u0105zaniem do zastosowa\u0144 w ograniczonej przestrzeni.<\/p>\n<p>Si\u0142ownik hydrauliczny do wywrotek Quality Manufacturing zosta\u0142 zaprojektowany z my\u015bl\u0105 o trwa\u0142o\u015bci i niezawodno\u015bci. Wykonany z wysokiej jako\u015bci materia\u0142\u00f3w, przeszed\u0142 rygorystyczne testy, aby zapewni\u0107 odporno\u015b\u0107 na zu\u017cycie, korozj\u0119 i przecieki. Gwarantuje to d\u0142ug\u0105 \u017cywotno\u015b\u0107 i minimalizuje wymagania konserwacyjne.<\/p>\n<p>Dzi\u0119ki zaawansowanej konstrukcji hydraulicznej, ten si\u0142ownik zapewnia p\u0142ynne i r\u00f3wnomierne podnoszenie i roz\u0142adowywanie. Zapewnia doskona\u0142y ud\u017awig i kontrol\u0119, umo\u017cliwiaj\u0105c wywrotkom efektywny transport i roz\u0142adunek ci\u0119\u017ckich \u0142adunk\u00f3w.<\/p>\n<table style=\"width: 100%;\" border=\"1\" width=\"100%\" cellspacing=\"0\" cellpadding=\"0\">\n<tbody>\n<tr>\n<th>Nazwa produktu<\/th>\n<td>Wysokiej jako\u015bci hydrauliczny si\u0142ownik podno\u015bnika do wywrotek, dwustronnego dzia\u0142ania, teleskopowy si\u0142ownik hydrauliczny<\/td>\n<\/tr>\n<tr>\n<th>Stan<\/th>\n<td>Nowy<\/td>\n<\/tr>\n<tr>\n<th>Gwarancja<\/th>\n<td>1 rok<\/td>\n<\/tr>\n<tr>\n<th>Waga (kg)<\/th>\n<td>48<\/td>\n<\/tr>\n<tr>\n<th>Projekt<\/th>\n<td>Si\u0142ownik hydrauliczny teleskopowy dwustronnego dzia\u0142ania<\/td>\n<\/tr>\n<tr>\n<th>G\u0142\u00f3wne komponenty<\/th>\n<td>\u0141o\u017cysko i cylinder t\u0142okowy<\/td>\n<\/tr>\n<tr>\n<th>Struktura<\/th>\n<td>Standardowy cylinder t\u0142okowy z nap\u0119dem hydraulicznym<\/td>\n<\/tr>\n<tr>\n<th>Wydajno\u015b\u0107<\/th>\n<td>Solidna konstrukcja i precyzyjna kontrola<\/td>\n<\/tr>\n<tr>\n<th>Zastosowane bran\u017ce<\/th>\n<td>Zak\u0142ady produkcyjne, warsztaty naprawcze maszyn, gospodarstwa rolne, energetyka i g\u00f3rnictwo, fabryki maszyn<\/td>\n<\/tr>\n<\/tbody>\n<\/table>\n<p><img decoding=\"async\" src=\"https:\/\/hzpt.com\/wp-content\/uploads\/2023\/11\/Inverted-Telescopic-Cylinder-4.webp\" alt=\"\" title=\"\"><\/p>\n<h2>Cechy cylindra podno\u015bnika hydraulicznego<\/h2>\n<p>Si\u0142ownik hydrauliczny wyr\u00f3\u017cnia si\u0119 swoimi wyj\u0105tkowymi w\u0142a\u015bciwo\u015bciami. Oto pi\u0119\u0107 kluczowych punkt\u00f3w:<\/p>\n<ol>\n<li>Posiada korpus wykonany ze stali, co zapewnia trwa\u0142o\u015b\u0107 i odporno\u015b\u0107.<\/li>\n<li>Si\u0142ownik hydrauliczny ma maksymaln\u0105 si\u0142\u0119 nacisku 3000 i mo\u017ce uci\u0105gn\u0105\u0107 ci\u0119\u017car do 20 ton.<\/li>\n<li>Produkt ten posiada certyfikat ISO9001:2000, co gwarantuje jego jako\u015b\u0107 i niezawodno\u015b\u0107.<\/li>\n<li>Si\u0142ownik hydrauliczny jest standardowo dost\u0119pny w czarnym kolorze, dzi\u0119ki czemu idealnie pasuje do ka\u017cdego sprz\u0119tu przemys\u0142owego.<\/li>\n<li>Dost\u0119pne s\u0105 w r\u00f3\u017cnych \u015brednicach otwor\u00f3w, t\u0142oczysk, skoku i sworzni, co pozwala sprosta\u0107 zr\u00f3\u017cnicowanym potrzebom przemys\u0142u.<\/li>\n<\/ol>\n<h2>Zastosowania cylindra podno\u015bnika hydraulicznego<\/h2>\n<p>Dzi\u0119ki solidnej konstrukcji i wszechstronnym funkcjom, si\u0142ownik hydrauliczny mo\u017ce by\u0107 stosowany w wielu ga\u0142\u0119ziach przemys\u0142u. Jest szczeg\u00f3lnie przydatny w zak\u0142adach produkcyjnych, warsztatach naprawczych maszyn i gospodarstwach rolnych. Ponadto, sprawdza si\u0119 w sektorze energetycznym i g\u00f3rniczym, produkcji maszyn i fabrykach maszyn.<br \/>\n<img decoding=\"async\" src=\"https:\/\/hzpt.com\/wp-content\/uploads\/2023\/11\/Inverted-Telescopic-Cylinder-Applications.webp\" alt=\"Zastosowania cylindr\u00f3w hydraulicznych\" title=\"\"><\/p>\n<h2>Zasada dzia\u0142ania i metody konserwacji<\/h2>\n<p>Si\u0142ownik hydrauliczny podno\u015bnika dzia\u0142a poprzez wpuszczenie cieczy do cylindra i popchni\u0119cie t\u0142oka w \u017c\u0105danym kierunku. Konstrukcja dwustronnego dzia\u0142ania zapewnia wydajn\u0105 prac\u0119, umo\u017cliwiaj\u0105c wlot cieczy z obu stron t\u0142oka. Konserwacja obejmuje:<\/p>\n<ol>\n<li>Regularne kontrole w celu zapewnienia optymalnego dzia\u0142ania si\u0142ownika hydraulicznego.<\/li>\n<li>Czyszczenie cylindra hydraulicznego w celu zapobiegania gromadzeniu si\u0119 brudu i zanieczyszcze\u0144.<\/li>\n<li>Smarowanie w celu zmniejszenia tarcia i zu\u017cycia.<\/li>\n<li>Wymiana uszczelek w razie konieczno\u015bci w celu zapobie\u017cenia wyciekowi p\u0142ynu.<\/li>\n<li>Post\u0119powanie zgodnie z wytycznymi dotycz\u0105cymi prawid\u0142owego u\u017cytkowania i konserwacji zawartymi w instrukcji obs\u0142ugi.<\/li>\n<\/ol>\n<p><img decoding=\"async\" src=\"https:\/\/hzpt.com\/wp-content\/uploads\/2023\/11\/Inverted-Telescopic-Cylinder-22.webp\" alt=\"\" title=\"\"><\/p>\n<h2>Odwr\u00f3cony cylinder teleskopowy<\/h2>\n<p>Odwr\u00f3cony si\u0142ownik teleskopowy, znany r\u00f3wnie\u017c jako dwustronnego dzia\u0142ania teleskopowy si\u0142ownik hydrauliczny, jest niezb\u0119dnym elementem w wysokiej jako\u015bci systemach hydraulicznych podno\u015bnik\u00f3w wywrotek. Jego unikalna konstrukcja i funkcjonalno\u015b\u0107 sprawiaj\u0105, \u017ce stanowi on integraln\u0105 cz\u0119\u015b\u0107 uk\u0142adu hydraulicznego, zapewniaj\u0105c wydajno\u015b\u0107 i niezawodno\u015b\u0107 w r\u00f3\u017cnych zastosowaniach przemys\u0142owych.<\/p>\n<p>Odwr\u00f3cony si\u0142ownik teleskopowy sk\u0142ada si\u0119 z wielu stopni lub sekcji, kt\u00f3re chowaj\u0105 si\u0119 i wysuwaj\u0105, zapewniaj\u0105c maksymaln\u0105 d\u0142ugo\u015b\u0107 skoku przy minimalnej zajmowanej przestrzeni. Taka konstrukcja pozwala na stworzenie kompaktowego i wydajnego uk\u0142adu hydraulicznego, dzi\u0119ki czemu nadaje si\u0119 on do wywrotek i innych ci\u0119\u017ckich maszyn.<\/p>\n<p>Jedn\u0105 z kluczowych zalet odwr\u00f3conego cylindra teleskopowego jest jego zdolno\u015b\u0107 do generowania du\u017cej si\u0142y przy zachowaniu niewielkiej d\u0142ugo\u015bci po zsuni\u0119ciu. Dzi\u0119ki temu idealnie nadaje si\u0119 do hydraulicznych system\u00f3w podnoszenia wywrotek, gdzie cylinder musi zmie\u015bci\u0107 si\u0119 w ograniczonej przestrzeni, a jednocze\u015bnie by\u0107 w stanie podnosi\u0107 ci\u0119\u017ckie \u0142adunki.<\/p>\n<p>Wysokiej jako\u015bci si\u0142ownik hydrauliczny podno\u015bnika wywrotki wykonany jest z wysokiej jako\u015bci materia\u0142\u00f3w, takich jak stal, co gwarantuje trwa\u0142o\u015b\u0107 i odporno\u015b\u0107 na zu\u017cycie. Si\u0142ownik zosta\u0142 zaprojektowany tak, aby wytrzymywa\u0142 wysokie ci\u015bnienia i zapewnia\u0142 p\u0142ynn\u0105 i precyzyjn\u0105 prac\u0119 nawet w trudnych warunkach.<\/p>\n<p>Teleskopowe si\u0142owniki hydrauliczne dwustronnego dzia\u0142ania oferuj\u0105 znacz\u0105ce zalety w por\u00f3wnaniu z innymi typami si\u0142ownik\u00f3w. Dzi\u0119ki konstrukcji dwustronnego dzia\u0142ania, do wysuwania i wsuwania si\u0142ownika wykorzystywany jest p\u0142yn hydrauliczny, co zapewnia wi\u0119ksz\u0105 kontrol\u0119 i elastyczno\u015b\u0107 dzia\u0142ania. Pozwala to na precyzyjne pozycjonowanie \u0142adunku i wydajn\u0105 prac\u0119 uk\u0142adu podno\u015bnika hydraulicznego wywrotki.<\/p>\n<p>Teleskopowa konstrukcja cylindra zapewnia wi\u0119kszy skok w por\u00f3wnaniu z tradycyjnymi cylindrami. Ka\u017cdy stopie\u0144 cylindra wysuwa si\u0119 i chowa niezale\u017cnie, zapewniaj\u0105c d\u0142u\u017cszy skok ca\u0142kowity. Ten zwi\u0119kszony skok umo\u017cliwia wywrotkom podnoszenie \u0142adunk\u00f3w na wi\u0119ksz\u0105 wysoko\u015b\u0107, zwi\u0119kszaj\u0105c ich wydajno\u015b\u0107 i wszechstronno\u015b\u0107 na placach budowy i w innych zastosowaniach przemys\u0142owych.<\/p>\n<p>Wysokiej jako\u015bci cylindry hydrauliczne do podno\u015bnik\u00f3w wywrotek s\u0105 projektowane z precyzj\u0105, aby zapewni\u0107 niezawodno\u015b\u0107 i sta\u0142\u0105 wydajno\u015b\u0107. Poddawane s\u0105 rygorystycznym testom i kontrolom jako\u015bci, aby spe\u0142nia\u0107 standardy bran\u017cowe i wymagania klient\u00f3w. Cylindry te zosta\u0142y zaprojektowane tak, aby wytrzymywa\u0142y trudne warunki pracy i zapewnia\u0142y d\u0142ug\u0105 \u017cywotno\u015b\u0107, minimalizuj\u0105c przestoje i koszty konserwacji.<\/p>\n<p>Podsumowuj\u0105c, odwr\u00f3cony si\u0142ownik teleskopowy, znany r\u00f3wnie\u017c jako hydrauliczny si\u0142ownik teleskopowy dwustronnego dzia\u0142ania, jest kluczowym elementem wysokiej jako\u015bci system\u00f3w hydraulicznych podno\u015bnik\u00f3w wywrotek. Jego kompaktowa konstrukcja, zdolno\u015b\u0107 do generowania du\u017cych si\u0142 i wydajna praca czyni\u0105 go niezb\u0119dnym elementem w r\u00f3\u017cnych zastosowaniach przemys\u0142owych. Dzi\u0119ki teleskopowej konstrukcji i dwustronnemu dzia\u0142aniu, oferuje on doskona\u0142\u0105 d\u0142ugo\u015b\u0107 skoku i kontrol\u0119, zwi\u0119kszaj\u0105c wydajno\u015b\u0107 i produktywno\u015b\u0107 wywrotek. Dzi\u0119ki wysokiej jako\u015bci produkcji i precyzyjnej konstrukcji, si\u0142owniki te zapewniaj\u0105 niezawodn\u0105 i trwa\u0142\u0105 prac\u0119, gwarantuj\u0105c p\u0142ynne funkcjonowanie hydraulicznych system\u00f3w podno\u015bnik\u00f3w wywrotek.<\/p>\n<h3>O cylindrze hydraulicznym FMP<\/h3>\n<p><img decoding=\"async\" src=\"https:\/\/fmp-components.com\/wp-content\/uploads\/2024\/12\/Adjustable-Clevis-Type-Cylinders-6.webp\" alt=\"Regulowany cylinder typu wide\u0142kowego\" width=\"802\" title=\"\"><\/p>\n<p>W FMP specjalizujemy si\u0119 w produkcji i sprzeda\u017cy wysokiej jako\u015bci si\u0142ownik\u00f3w hydraulicznych. Dzi\u0119ki naszemu bogatemu do\u015bwiadczeniu w bran\u017cy i profesjonalnemu zespo\u0142owi, jeste\u015bmy zaanga\u017cowani w dostarczanie naszym klientom niezawodnych i wydajnych rozwi\u0105za\u0144 w zakresie maszyn budowlanych. Oto pi\u0119\u0107 kluczowych zalet naszych produkt\u00f3w i firmy:<\/p>\n<p>1. Szeroki asortyment si\u0142ownik\u00f3w hydraulicznych: Oferujemy szerok\u0105 gam\u0119 si\u0142ownik\u00f3w hydraulicznych, dostosowanych do r\u00f3\u017cnorodnych wymaga\u0144 maszyn budowlanych. Od si\u0142ownik\u00f3w standardowych po rozwi\u0105zania niestandardowe \u2013 posiadamy wiedz\u0119 i do\u015bwiadczenie, aby sprosta\u0107 Pa\u0144stwa specyficznym potrzebom.<\/p>\n<p>2. Najwy\u017csza jako\u015b\u0107: Nasze cylindry hydrauliczne s\u0105 produkowane z wykorzystaniem najwy\u017cszej jako\u015bci materia\u0142\u00f3w i zaawansowanej technologii, co gwarantuje wyj\u0105tkow\u0105 trwa\u0142o\u015b\u0107 i wydajno\u015b\u0107. Ka\u017cdy cylinder przechodzi rygorystyczn\u0105 kontrol\u0119 jako\u015bci, aby spe\u0142nia\u0107 najwy\u017csze standardy bran\u017cowe.<\/p>\n<p>3. Zesp\u00f3\u0142 ekspert\u00f3w ds. sprzeda\u017cy: Nasz do\u015bwiadczony zesp\u00f3\u0142 sprzeda\u017cy doskonale orientuje si\u0119 w najnowszych trendach i wymaganiach klient\u00f3w w bran\u017cy maszyn budowlanych. Zapewniamy profesjonalne konsultacje produktowe i cenne sugestie zakupowe, aby pom\u00f3c Pa\u0144stwu w podejmowaniu \u015bwiadomych decyzji.<\/p>\n<p>4. Efektywna dystrybucja logistyczna: Rozumiemy wag\u0119 terminowych dostaw. Nasz efektywny system dystrybucji logistycznej gwarantuje szybk\u0105 i precyzyjn\u0105 dostaw\u0119 potrzebnych cylindr\u00f3w hydraulicznych, minimalizuj\u0105c przestoje i maksymalizuj\u0105c wydajno\u015b\u0107.<\/p>\n<p>5. Silne partnerstwa z dostawcami: Nawi\u0105zali\u015bmy d\u0142ugotrwa\u0142e i stabilne relacje z wysokiej jako\u015bci dostawcami na ca\u0142ym \u015bwiecie. Dzi\u0119ki temu mo\u017cemy pozyskiwa\u0107 i dostarcza\u0107 cz\u0119\u015bci do maszyn budowlanych spe\u0142niaj\u0105ce surowe standardy jako\u015bci, gwarantuj\u0105c niezawodno\u015b\u0107 i d\u0142ugowieczno\u015b\u0107 naszych cylindr\u00f3w hydraulicznych.<\/p>\n<p>Wybierz si\u0142ownik hydrauliczny FMP, aby cieszy\u0107 si\u0119 wyj\u0105tkow\u0105 jako\u015bci\u0105, niezawodn\u0105 wydajno\u015bci\u0105 i doskona\u0142\u0105 obs\u0142ug\u0105 klienta. Zosta\u0144 naszym partnerem ju\u017c dzi\u015b i poczuj r\u00f3\u017cnic\u0119 w dzia\u0142aniu maszyn budowlanych.<br \/>\nAutor:CX<\/p>","protected":false},"excerpt":{"rendered":"<p>Introducing the Quality Manufacturing Dump Truck Hydraulic Hoist Cylinder Double Acting Telescopic Hydraulic Cylinder: The Quality Manufacturing Dump Truck Hydraulic Hoist Cylinder is a double-acting telescopic hydraulic cylinder designed specifically for dump trucks. It is manufactured to the highest standards of quality and performance. This hydraulic cylinder is built to withstand heavy loads and operate [&hellip;]<\/p>","protected":false},"featured_media":1602,"comment_status":"closed","ping_status":"closed","template":"","meta":{"_et_pb_use_builder":"","_et_pb_old_content":"","_et_gb_content_width":""},"product_brand":[],"product_cat":[45],"product_tag":[34,48],"class_list":{"0":"post-1601","1":"product","2":"type-product","3":"status-publish","4":"has-post-thumbnail","6":"product_cat-inverted-telescopic-cylinder","7":"product_tag-hydraulic-cylinder","8":"product_tag-inverted-telescopic-cylinder","10":"first","11":"instock","12":"product-type-simple"},"_links":{"self":[{"href":"https:\/\/fmp-components.com\/pl\/wp-json\/wp\/v2\/product\/1601","targetHints":{"allow":["GET"]}}],"collection":[{"href":"https:\/\/fmp-components.com\/pl\/wp-json\/wp\/v2\/product"}],"about":[{"href":"https:\/\/fmp-components.com\/pl\/wp-json\/wp\/v2\/types\/product"}],"replies":[{"embeddable":true,"href":"https:\/\/fmp-components.com\/pl\/wp-json\/wp\/v2\/comments?post=1601"}],"wp:featuredmedia":[{"embeddable":true,"href":"https:\/\/fmp-components.com\/pl\/wp-json\/wp\/v2\/media\/1602"}],"wp:attachment":[{"href":"https:\/\/fmp-components.com\/pl\/wp-json\/wp\/v2\/media?parent=1601"}],"wp:term":[{"taxonomy":"product_brand","embeddable":true,"href":"https:\/\/fmp-components.com\/pl\/wp-json\/wp\/v2\/product_brand?post=1601"},{"taxonomy":"product_cat","embeddable":true,"href":"https:\/\/fmp-components.com\/pl\/wp-json\/wp\/v2\/product_cat?post=1601"},{"taxonomy":"product_tag","embeddable":true,"href":"https:\/\/fmp-components.com\/pl\/wp-json\/wp\/v2\/product_tag?post=1601"}],"curies":[{"name":"wp","href":"https:\/\/api.w.org\/{rel}","templated":true}]}}