{"id":1599,"date":"2024-12-23T06:59:20","date_gmt":"2024-12-23T06:59:20","guid":{"rendered":"https:\/\/fmp-components.com\/product\/customized-double-acting-telescopic-hydraulic-cylinder-for-dump-trailer\/"},"modified":"2024-12-23T08:26:07","modified_gmt":"2024-12-23T08:26:07","slug":"customized-double-acting-telescopic-hydraulic-cylinder-for-dump-trailer","status":"publish","type":"product","link":"https:\/\/fmp-components.com\/pl\/product\/customized-double-acting-telescopic-hydraulic-cylinder-for-dump-trailer\/","title":{"rendered":"Dostosowany teleskopowy si\u0142ownik hydrauliczny dwustronnego dzia\u0142ania do przyczepy wywrotki"},"content":{"rendered":"<h2>Przedstawiamy dostosowany teleskopowy si\u0142ownik hydrauliczny dwustronnego dzia\u0142ania do przyczep wywrotek:<\/h2>\n<p>Dostosowany teleskopowy si\u0142ownik hydrauliczny dwustronnego dzia\u0142ania zosta\u0142 zaprojektowany specjalnie do przyczep wywrotek, zapewniaj\u0105c doskona\u0142\u0105 wydajno\u015b\u0107 i trwa\u0142o\u015b\u0107. Ten wysokiej jako\u015bci si\u0142ownik hydrauliczny zosta\u0142 zaprojektowany tak, aby wytrzymywa\u0107 du\u017ce obci\u0105\u017cenia i trudne warunki pracy.<\/p>\n<p>G\u0142\u00f3wne cechy:<\/p>\n<p>1. Dwustronnego dzia\u0142ania: Si\u0142ownik zaprojektowano tak, aby m\u00f3g\u0142 pracowa\u0107 zar\u00f3wno w pozycji wysuwanej, jak i wsuwanej, co zapewnia wydajn\u0105 i wszechstronn\u0105 prac\u0119.<\/p>\n<p>2. Konstrukcja teleskopowa: Dzi\u0119ki teleskopowej konstrukcji ten si\u0142ownik hydrauliczny oferuje wiele etap\u00f3w wysuwania, co zwi\u0119ksza mo\u017cliwo\u015bci podnoszenia i poprawia kontrol\u0119.<\/p>\n<p>3. Mo\u017cliwo\u015b\u0107 dostosowania: Si\u0142ownik mo\u017cna dostosowa\u0107 do konkretnych wymaga\u0144, w tym d\u0142ugo\u015bci skoku, opcji monta\u017cu i ci\u015bnienia znamionowego. Ta elastyczno\u015b\u0107 zapewnia bezproblemow\u0105 integracj\u0119 z r\u00f3\u017cnymi zastosowaniami wywrotek.<\/p>\n<p>4. Wyj\u0105tkowa wytrzyma\u0142o\u015b\u0107: Wykonany z materia\u0142\u00f3w najwy\u017cszej jako\u015bci cylinder charakteryzuje si\u0119 wyj\u0105tkow\u0105 wytrzyma\u0142o\u015bci\u0105 i odporno\u015bci\u0105, zapewniaj\u0105c optymaln\u0105 wydajno\u015b\u0107 nawet przy ekstremalnych obci\u0105\u017ceniach.<\/p>\n<p>5. Precyzyjna konstrukcja: Ka\u017cdy cylinder zosta\u0142 starannie wykonany, aby zapewni\u0107 precyzyjny ruch i p\u0142ynn\u0105 prac\u0119, gwarantuj\u0105c niezawodn\u0105 i sta\u0142\u0105 wydajno\u015b\u0107.<\/p>\n<p>6. \u0141atwa instalacja: Cylinder zaprojektowano z my\u015bl\u0105 o \u0142atwej instalacji, co minimalizuje przestoje i maksymalizuje wydajno\u015b\u0107.<\/p>\n<p>Zastosowania:<\/p>\n<p>Dostosowany teleskopowy si\u0142ownik hydrauliczny dwustronnego dzia\u0142ania nadaje si\u0119 do szerokiej gamy zastosowa\u0144 w przyczepach wywrotkach, w tym na placach budowy, w g\u00f3rnictwie, rolnictwie i transporcie. Jego solidna konstrukcja i niezawodna wydajno\u015b\u0107 sprawiaj\u0105, \u017ce jest to idealny wyb\u00f3r do ci\u0119\u017ckich prac.<\/p>\n<table style=\"width: 100%;\" border=\"1\" width=\"100%\" cellspacing=\"0\" cellpadding=\"0\">\n<tbody>\n<tr>\n<th>Nazwa produktu<\/th>\n<td>Niestandardowy teleskopowy si\u0142ownik hydrauliczny dwustronnego dzia\u0142ania do przyczepy wywrotki<\/td>\n<\/tr>\n<tr>\n<th>Stan<\/th>\n<td>Nowy<\/td>\n<\/tr>\n<tr>\n<th>Gwarancja<\/th>\n<td>1 rok<\/td>\n<\/tr>\n<tr>\n<th>Maksymalny ci\u0105g<\/th>\n<td>3000<\/td>\n<\/tr>\n<tr>\n<th>Maksymalne poci\u0105gni\u0119cie<\/th>\n<td>20 ton<\/td>\n<\/tr>\n<tr>\n<th>Projekt<\/th>\n<td>Si\u0142ownik teleskopowy dwustronnego dzia\u0142ania<\/td>\n<\/tr>\n<tr>\n<th>G\u0142\u00f3wne komponenty<\/th>\n<td>\u0141o\u017cysko i cylinder t\u0142okowy<\/td>\n<\/tr>\n<tr>\n<th>Tworzywo<\/th>\n<td>Wytrzyma\u0142a stal<\/td>\n<\/tr>\n<tr>\n<th>Zasilacz<\/th>\n<td>Hydrauliczny<\/td>\n<\/tr>\n<tr>\n<th>Orzecznictwo<\/th>\n<td>Certyfikat ISO9001:2000<\/td>\n<\/tr>\n<tr>\n<th>Wydajno\u015b\u0107<\/th>\n<td>Wyj\u0105tkowa trwa\u0142o\u015b\u0107 i wszechstronno\u015b\u0107<\/td>\n<\/tr>\n<tr>\n<th>Zastosowane bran\u017ce<\/th>\n<td>Zak\u0142ady produkcyjne, warsztaty naprawcze maszyn, gospodarstwa rolne, energetyka i g\u00f3rnictwo, produkcja maszyn, fabryki maszyn<\/td>\n<\/tr>\n<\/tbody>\n<\/table>\n<p><img decoding=\"async\" src=\"https:\/\/hzpt.com\/wp-content\/uploads\/2023\/11\/Inverted-Telescopic-Cylinder-10.webp\" alt=\"\" title=\"\"><\/p>\n<h2>Cechy teleskopowego si\u0142ownika hydraulicznego dwustronnego dzia\u0142ania<\/h2>\n<p>Ten innowacyjny si\u0142ownik hydrauliczny wyposa\u017cony jest w szereg najwy\u017cszej klasy funkcji, kt\u00f3re czyni\u0105 go wyj\u0105tkowym produktem:<\/p>\n<ul>\n<li><b>Standardowa struktura:<\/b> Produkt jest wyposa\u017cony w standardow\u0105 konstrukcj\u0119 t\u0142okowo-cylindrow\u0105, co gwarantuje niezawodn\u0105 prac\u0119.<\/li>\n<li><b>Maksymalna si\u0142a ci\u0105gu i ci\u0105gni\u0119cia:<\/b> Oferuje maksymaln\u0105 si\u0142\u0119 ci\u0105gu 3000 i maksymaln\u0105 si\u0142\u0119 uci\u0105gu 20 ton, co gwarantuje wytrzyma\u0142o\u015b\u0107 przy du\u017cych obci\u0105\u017ceniach.<\/li>\n<li><b>Materia\u0142y wysokiej jako\u015bci:<\/b> Wykonany z wytrzyma\u0142ej stali cylinder gwarantuje trwa\u0142o\u015b\u0107 i d\u0142ugotrwa\u0142e u\u017cytkowanie.<\/li>\n<li><b>Personalizacja:<\/b> Cylinder jest w kolorze czarnym, z mo\u017cliwo\u015bci\u0105 dostosowania \u015brednicy otworu, rozmiaru t\u0142oczyska, skoku i rozmiaru sworznia.<\/li>\n<li><b>Atestowany:<\/b> Cylinder posiada certyfikat ISO9001:2000, kt\u00f3ry gwarantuje jako\u015b\u0107 i zgodno\u015b\u0107 z normami bran\u017cowymi.<\/li>\n<\/ul>\n<h2>Zastosowania cylindra hydraulicznego<\/h2>\n<p>Teleskopowy si\u0142ownik hydrauliczny dwustronnego dzia\u0142ania idealnie nadaje si\u0119 do wielu bran\u017c i zastosowa\u0144. Szczeg\u00f3lnie przydatny jest w zak\u0142adach produkcyjnych, warsztatach naprawy maszyn, gospodarstwach rolnych, sektorze energetycznym i g\u00f3rniczym, a tak\u017ce w produkcji maszyn i fabrykach.<\/p>\n<p><img decoding=\"async\" src=\"https:\/\/hzpt.com\/wp-content\/uploads\/2023\/11\/Inverted-Telescopic-Cylinder-Applications.webp\" alt=\"Zastosowania odwr\u00f3conego cylindra teleskopowego\" title=\"\"><\/p>\n<h2>Zasada dzia\u0142ania i konserwacja cylindra hydraulicznego<\/h2>\n<p>Si\u0142ownik hydrauliczny teleskopowy dwustronnego dzia\u0142ania dzia\u0142a w oparciu o zasady mechaniki p\u0142yn\u00f3w, gdzie ci\u015bnienie hydrauliczne wytwarza si\u0142\u0119, kt\u00f3ra porusza t\u0142ok cylindra. Dzia\u0142anie to mo\u017ce generowa\u0107 du\u017c\u0105 si\u0142\u0119 pchni\u0119cia lub ci\u0105gni\u0119cia, co sprawdza si\u0119 w r\u00f3\u017cnych zastosowaniach przemys\u0142owych. Oto kilka kluczowych wskaz\u00f3wek dotycz\u0105cych konserwacji, aby zapewni\u0107 d\u0142ugowieczno\u015b\u0107 si\u0142ownika:<\/p>\n<p><img decoding=\"async\" src=\"https:\/\/hzpt.com\/wp-content\/uploads\/2023\/11\/Inverted-Telescopic-Cylinder-17.webp\" alt=\"\" title=\"\"><\/p>\n<ul>\n<li><b>Regularne kontrole:<\/b> Regularnie sprawdzaj cylinder pod k\u0105tem zu\u017cycia, p\u0119kni\u0119\u0107 lub uszkodze\u0144. Wczesne wykrycie mo\u017ce zapobiec dalszym problemom.<\/li>\n<li><b>Czyszczenie:<\/b> Utrzymuj cylinder w czysto\u015bci, aby unikn\u0105\u0107 nagromadzenia zanieczyszcze\u0144, kt\u00f3re mog\u0142yby negatywnie wp\u0142yn\u0105\u0107 na jego dzia\u0142anie.<\/li>\n<li><b>Smarowanie:<\/b> Regularnie smaruj cylinder, aby zapewni\u0107 jego p\u0142ynn\u0105 prac\u0119 i zmniejszy\u0107 tarcie.<\/li>\n<li><b>Naprawa i wymiana:<\/b> W przypadku jakichkolwiek uszkodze\u0144 nale\u017cy dokona\u0107 terminowej naprawy lub wymiany, aby unikn\u0105\u0107 zak\u0142\u00f3ce\u0144 w dzia\u0142alno\u015bci.<\/li>\n<li><b>Post\u0119puj zgodnie z instrukcj\u0105:<\/b> Zawsze nale\u017cy przestrzega\u0107 instrukcji obs\u0142ugi, kt\u00f3ra zawiera dok\u0142adne wytyczne dotycz\u0105ce obs\u0142ugi i konserwacji.<\/li>\n<\/ul>\n<h2>Odwr\u00f3cony cylinder teleskopowy<\/h2>\n<p>Niestandardowy teleskopowy si\u0142ownik hydrauliczny dwustronnego dzia\u0142ania do wywrotek to specyficzny typ si\u0142ownika hydraulicznego, kt\u00f3ry jest szeroko stosowany w r\u00f3\u017cnych ga\u0142\u0119ziach przemys\u0142u, zw\u0142aszcza w budownictwie i transporcie. Ta innowacyjna konstrukcja si\u0142ownika oferuje liczne korzy\u015bci, w tym zwi\u0119kszony ud\u017awig, lepsz\u0105 stabilno\u015b\u0107 i lepsz\u0105 kontrol\u0119 nad ruchem ci\u0119\u017ckich \u0142adunk\u00f3w.<\/p>\n<p>Jedn\u0105 z kluczowych cech dostosowanego dwustronnego dzia\u0142ania teleskopowego si\u0142ownika hydraulicznego do przyczep wywrotek jest jego odwr\u00f3cona konstrukcja teleskopowa. Oznacza to, \u017ce najbardziej wysuni\u0119ty stopie\u0144 si\u0142ownika jest najwi\u0119kszy, a ka\u017cdy kolejny stopie\u0144 jest stopniowo mniejszy. Ta unikalna konstrukcja pozwala na uzyskanie kompaktowej d\u0142ugo\u015bci po zsuni\u0119ciu, zapewniaj\u0105c jednocze\u015bnie d\u0142u\u017cszy skok w razie potrzeby. Odwr\u00f3cona konstrukcja teleskopowa przyczynia si\u0119 r\u00f3wnie\u017c do og\u00f3lnej stabilno\u015bci i trwa\u0142o\u015bci si\u0142ownika.<\/p>\n<p>Przyjrzyjmy si\u0119 teraz zaletom dostosowanego dwustronnego dzia\u0142ania teleskopowego cylindra hydraulicznego do przyczep wywrotek:<\/p>\n<ol>\n<li><strong>Zwi\u0119kszona \u0142adowno\u015b\u0107:<\/strong> Odwr\u00f3cona konstrukcja teleskopowa umo\u017cliwia si\u0142ownikowi podtrzymywanie wi\u0119kszych obci\u0105\u017ce\u0144 w por\u00f3wnaniu z konwencjonalnymi si\u0142ownikami hydraulicznymi. Wynika to ze zwi\u0119kszonej powierzchni wi\u0119kszego stopnia zewn\u0119trznego, co przek\u0142ada si\u0119 na lepszy rozk\u0142ad masy i lepsz\u0105 no\u015bno\u015b\u0107.<\/li>\n<li><strong>Ulepszona kontrola:<\/strong> Dostosowany teleskopowy si\u0142ownik hydrauliczny dwustronnego dzia\u0142ania do wywrotek zapewnia wyj\u0105tkow\u0105 kontrol\u0119 nad ruchem wywrotki. Wielostopniowa konstrukcja umo\u017cliwia precyzyjne pozycjonowanie i p\u0142ynn\u0105 prac\u0119, gwarantuj\u0105c bezpieczny i wydajny za\u0142adunek i roz\u0142adunek materia\u0142\u00f3w.<\/li>\n<li><strong>Poprawiona stabilno\u015b\u0107:<\/strong> Odwr\u00f3cony uk\u0142ad teleskopowy zapewnia lepsz\u0105 stabilno\u015b\u0107 podczas podnoszenia i opuszczania. Wi\u0119ksza, zewn\u0119trzna platforma zapewnia solidn\u0105 podstaw\u0119, minimalizuj\u0105c ryzyko przechylenia lub przewr\u00f3cenia podczas podnoszenia ci\u0119\u017ckich \u0142adunk\u00f3w.<\/li>\n<li><strong>Opcje personalizacji:<\/strong> Niestandardowy teleskopowy si\u0142ownik hydrauliczny dwustronnego dzia\u0142ania do przyczep wywrotek mo\u017cna dostosowa\u0107 do indywidualnych wymaga\u0144. Obejmuje to dostosowanie d\u0142ugo\u015bci skoku, \u015brednicy otworu i konfiguracji monta\u017cu. Opcje te zapewniaj\u0105 kompatybilno\u015b\u0107 z r\u00f3\u017cnymi konstrukcjami i zastosowaniami przyczep wywrotek.<\/li>\n<\/ol>\n<p>Podsumowuj\u0105c, dostosowany, teleskopowy si\u0142ownik hydrauliczny dwustronnego dzia\u0142ania do wywrotek to wszechstronne i niezawodne rozwi\u0105zanie. Jego odwr\u00f3cona konstrukcja teleskopowa, zwi\u0119kszony ud\u017awig, ulepszona kontrola, poprawiona stabilno\u015b\u0107 i mo\u017cliwo\u015bci personalizacji sprawiaj\u0105, \u017ce jest to idealny wyb\u00f3r dla r\u00f3\u017cnych bran\u017c. Zar\u00f3wno w sektorze budowlanym, jak i transportowym, si\u0142ownik ten oferuje doskona\u0142\u0105 wydajno\u015b\u0107 i efektywno\u015b\u0107, gwarantuj\u0105c optymaln\u0105 wydajno\u015b\u0107 i bezpiecze\u0144stwo podczas obs\u0142ugi wywrotek.<\/p>\n<h3>O cylindrze hydraulicznym FMP<\/h3>\n<p>FMP to wiod\u0105ca firma specjalizuj\u0105ca si\u0119 w sprzeda\u017cy i serwisie wysokiej jako\u015bci cz\u0119\u015bci i kompletnych maszyn budowlanych. Nasz si\u0142ownik hydrauliczny jest jednym z naszych najlepiej sprzedaj\u0105cych si\u0119 produkt\u00f3w i z dum\u0105 prezentujemy naszym klientom jego cechy i zalety:<\/p>\n<ol>\n<li><strong>Wytrzyma\u0142e i trwa\u0142e:<\/strong> Nasz si\u0142ownik hydrauliczny wykonany jest z wysokiej jako\u015bci materia\u0142\u00f3w, kt\u00f3re zapewniaj\u0105 jego trwa\u0142o\u015b\u0107 i d\u0142ugowieczno\u015b\u0107. Zosta\u0142 zaprojektowany z my\u015bl\u0105 o pracy w trudnych warunkach i przy intensywnych obci\u0105\u017ceniach, co czyni go idealnym wyborem do maszyn budowlanych.<\/li>\n<li><strong>Mo\u017cliwo\u015b\u0107 dostosowania:<\/strong> Oferujemy szerok\u0105 gam\u0119 typ\u00f3w si\u0142ownik\u00f3w hydraulicznych, w tym si\u0142owniki z regulowanym wide\u0142kiem, si\u0142owniki z dr\u0105\u017ckiem kierowniczym oraz si\u0142owniki spawane. Nasz zesp\u00f3\u0142 ekspert\u00f3w mo\u017ce r\u00f3wnie\u017c dostosowa\u0107 si\u0142owniki do Pa\u0144stwa indywidualnych wymaga\u0144 i specyfikacji.<\/li>\n<li><strong>P\u0142ynnie i wydajnie:<\/strong> Nasz si\u0142ownik hydrauliczny wyposa\u017cony jest w wysokiej jako\u015bci uszczelnienie t\u0142oka i t\u0142oczyska, kt\u00f3re zapewnia p\u0142ynn\u0105 i wydajn\u0105 prac\u0119. Ma r\u00f3wnie\u017c kompaktow\u0105 konstrukcj\u0119, kt\u00f3ra oszcz\u0119dza miejsce i zmniejsza zu\u017cycie energii.<\/li>\n<li><strong>Op\u0142acalno\u015b\u0107:<\/strong> Nasze si\u0142owniki hydrauliczne charakteryzuj\u0105 si\u0119 konkurencyjn\u0105 cen\u0105, przy jednoczesnym zachowaniu wysokich standard\u00f3w jako\u015bci. Ich niskie wymagania konserwacyjne i d\u0142uga \u017cywotno\u015b\u0107 dodatkowo obni\u017caj\u0105 koszty operacyjne dla naszych klient\u00f3w.<\/li>\n<li><strong>Doskona\u0142a obs\u0142uga klienta:<\/strong> W FMP zatrudniamy zesp\u00f3\u0142 do\u015bwiadczonych i profesjonalnych przedstawicieli handlowych, kt\u00f3rzy zapewniaj\u0105 fachowe doradztwo produktowe i trafne sugestie zakupowe. Dysponujemy r\u00f3wnie\u017c sprawnym systemem dystrybucji logistycznej, kt\u00f3ry gwarantuje terminow\u0105 i precyzyjn\u0105 dostaw\u0119 naszych produkt\u00f3w do klient\u00f3w.<\/li>\n<\/ol>\n<p>Jako firma dzia\u0142aj\u0105ca w bran\u017cy od wielu lat, dok\u0142adamy wszelkich stara\u0144, aby dostarcza\u0107 naszym klientom najlepsze produkty i us\u0142ugi. Dzi\u0119ki si\u0142ownikom hydraulicznym FMP mo\u017cesz mie\u0107 pewno\u015b\u0107 niezawodnego i wydajnego uk\u0142adu hydraulicznego, kt\u00f3ry spe\u0142ni Twoje potrzeby w zakresie maszyn budowlanych.<\/p>\n<p><img decoding=\"async\" src=\"https:\/\/fmp-components.com\/wp-content\/uploads\/2024\/12\/Adjustable-Clevis-Type-Cylinders-6.webp\" alt=\"Regulowany cylinder typu wide\u0142kowego\" width=\"801\" title=\"\"><br \/>\nAutor:CX<\/p>","protected":false},"excerpt":{"rendered":"<p>Introducing the Customized Double Acting Telescopic Hydraulic Cylinder For Dump Trailer: The Customized Double Acting Telescopic Hydraulic Cylinder is specifically designed for dump trailers, providing excellent performance and durability. This high-quality hydraulic cylinder is engineered to withstand heavy loads and harsh working conditions. Key Features: 1. Double Acting: The cylinder is designed to function in [&hellip;]<\/p>","protected":false},"featured_media":1600,"comment_status":"closed","ping_status":"closed","template":"","meta":{"_et_pb_use_builder":"","_et_pb_old_content":"","_et_gb_content_width":""},"product_brand":[],"product_cat":[45],"product_tag":[34,48],"class_list":{"0":"post-1599","1":"product","2":"type-product","3":"status-publish","4":"has-post-thumbnail","6":"product_cat-inverted-telescopic-cylinder","7":"product_tag-hydraulic-cylinder","8":"product_tag-inverted-telescopic-cylinder","10":"first","11":"instock","12":"product-type-simple"},"_links":{"self":[{"href":"https:\/\/fmp-components.com\/pl\/wp-json\/wp\/v2\/product\/1599","targetHints":{"allow":["GET"]}}],"collection":[{"href":"https:\/\/fmp-components.com\/pl\/wp-json\/wp\/v2\/product"}],"about":[{"href":"https:\/\/fmp-components.com\/pl\/wp-json\/wp\/v2\/types\/product"}],"replies":[{"embeddable":true,"href":"https:\/\/fmp-components.com\/pl\/wp-json\/wp\/v2\/comments?post=1599"}],"wp:featuredmedia":[{"embeddable":true,"href":"https:\/\/fmp-components.com\/pl\/wp-json\/wp\/v2\/media\/1600"}],"wp:attachment":[{"href":"https:\/\/fmp-components.com\/pl\/wp-json\/wp\/v2\/media?parent=1599"}],"wp:term":[{"taxonomy":"product_brand","embeddable":true,"href":"https:\/\/fmp-components.com\/pl\/wp-json\/wp\/v2\/product_brand?post=1599"},{"taxonomy":"product_cat","embeddable":true,"href":"https:\/\/fmp-components.com\/pl\/wp-json\/wp\/v2\/product_cat?post=1599"},{"taxonomy":"product_tag","embeddable":true,"href":"https:\/\/fmp-components.com\/pl\/wp-json\/wp\/v2\/product_tag?post=1599"}],"curies":[{"name":"wp","href":"https:\/\/api.w.org\/{rel}","templated":true}]}}