{"id":1544,"date":"2024-12-23T05:51:36","date_gmt":"2024-12-23T05:51:36","guid":{"rendered":"https:\/\/fmp-components.com\/product\/high-quality-double-acting-hydraulic-cylinder-hydraulic-ram-cylinder-snow-plow-hydraulic-cylinder\/"},"modified":"2025-03-18T02:08:49","modified_gmt":"2025-03-18T02:08:49","slug":"high-quality-double-acting-hydraulic-cylinder-hydraulic-ram-cylinder-snow-plow-hydraulic-cylinder","status":"publish","type":"product","link":"https:\/\/fmp-components.com\/pl\/product\/high-quality-double-acting-hydraulic-cylinder-hydraulic-ram-cylinder-snow-plow-hydraulic-cylinder\/","title":{"rendered":"Wysokiej jako\u015bci dwustronnego dzia\u0142ania si\u0142ownik hydrauliczny si\u0142ownik hydrauliczny si\u0142ownik hydrauliczny p\u0142ugu \u015bnie\u017cnego"},"content":{"rendered":"<p>Wysokiej jako\u015bci dwustronnego dzia\u0142ania si\u0142ownik hydrauliczny si\u0142ownik hydrauliczny si\u0142ownik hydrauliczny p\u0142ugu \u015bnie\u017cnegoWprowadzenie produktu: Wysokiej jako\u015bci dwustronnego dzia\u0142ania si\u0142ownik hydrauliczny si\u0142ownik hydrauliczny p\u0142ugu \u015bnie\u017cnego<\/p>\n<p>Wysokiej jako\u015bci si\u0142ownik hydrauliczny dwustronnego dzia\u0142ania do p\u0142uga \u015bnie\u017cnego to niezawodny i trwa\u0142y produkt przeznaczony do ci\u0119\u017ckich zastosowa\u0144. Ten si\u0142ownik hydrauliczny jest wykonany z wysokiej jako\u015bci materia\u0142\u00f3w, co gwarantuje jego wytrzyma\u0142o\u015b\u0107 i trwa\u0142o\u015b\u0107 w trudnych warunkach.<\/p>\n<p>Jedn\u0105 z g\u0142\u00f3wnych cech tego produktu jest konstrukcja dwustronnego dzia\u0142ania, kt\u00f3ra umo\u017cliwia wydajn\u0105 prac\u0119 w obu kierunkach. Si\u0142ownik hydrauliczny jest r\u00f3wnie\u017c wyposa\u017cony w si\u0142ownik hydrauliczny, kt\u00f3ry zapewnia wi\u0119ksz\u0105 si\u0142\u0119 i pr\u0119dko\u015b\u0107, dzi\u0119ki czemu idealnie nadaje si\u0119 do zastosowa\u0144 na du\u017c\u0105 skal\u0119, takich jak p\u0142ugi \u015bnie\u017cne.<\/p>\n<p>Ponadto ten si\u0142ownik hydrauliczny zosta\u0142 zaprojektowany tak, aby by\u0142 \u0142atwy w utrzymaniu, co skraca przestoje i zwi\u0119ksza wydajno\u015b\u0107. Jego \u0142atwa w monta\u017cu konstrukcja oszcz\u0119dza czas i wysi\u0142ek w procesie monta\u017cu, co czyni go idealnym wyborem do zastosowa\u0144 przemys\u0142owych i komercyjnych.<\/p>\n<p>Og\u00f3lnie rzecz bior\u0105c, wysokiej jako\u015bci si\u0142ownik hydrauliczny dwustronnego dzia\u0142ania, si\u0142ownik hydrauliczny do p\u0142uga \u015bnie\u017cnego, to produkt najwy\u017cszej klasy, kt\u00f3ry zapewnia niezawodn\u0105 wydajno\u015b\u0107 i trwa\u0142o\u015b\u0107, dzi\u0119ki czemu jest niezb\u0119dnym narz\u0119dziem do zastosowa\u0144 wymagaj\u0105cych du\u017cej wytrzyma\u0142o\u015bci.<\/p>\n<div>\n<h2>Cechy produktu<\/h2>\n<ul>\n<li>Maksymalny ci\u0105g: 3000<\/li>\n<li>Maksymalna si\u0142a uci\u0105gu: 20 ton<\/li>\n<li>\u015arednica otworu: 2-6 cali<\/li>\n<li>Rozmiar pr\u0119ta: 1,125-4 cale<\/li>\n<li>Rozmiar skoku: 4-100 cali<\/li>\n<li>Rozmiar szpilki: 0,5-2 cale<\/li>\n<li>Kolor: elegancki czarny<\/li>\n<li>Porty: dost\u0119pne modele G\/SAE\/NPT\/M<\/li>\n<li>Certyfikat ISO9001:2000 potwierdzaj\u0105cy wysok\u0105 jako\u015b\u0107 i niezawodno\u015b\u0107<\/li>\n<\/ul>\n<h2>Zastosowanie i konserwacja<\/h2>\n<p>Si\u0142ownik hydrauliczny do p\u0142uga \u015bnie\u017cnego idealnie nadaje si\u0119 do r\u00f3\u017cnych ga\u0142\u0119zi przemys\u0142u, takich jak warsztaty naprawcze maszyn, gospodarstwa rolne, energetyka i g\u00f3rnictwo, produkcja maszyn oraz fabryki maszyn. Jest \u0142atwy w utrzymaniu i dostarczany z kompleksowym raportem z test\u00f3w maszyn oraz wideokontrol\u0105 wyj\u015bciow\u0105. G\u0142\u00f3wne elementy si\u0142ownika to \u0142o\u017cysko i sam si\u0142ownik hydrauliczny.<\/p>\n<p><img decoding=\"async\" src=\"https:\/\/hzpt.com\/wp-content\/uploads\/2023\/11\/Snow-Plow-Hydraulic-Cylinder-4Factory.webp\" alt=\"Ever-Power Transmission Factory\" title=\"\"><\/p>\n<\/div>\n<h2>Zalety regulowanych cylindr\u00f3w typu wide\u0142kowego<\/h2>\n<p>Regulowane si\u0142owniki wide\u0142kowe, takie jak wysokiej jako\u015bci si\u0142owniki hydrauliczne dwustronnego dzia\u0142ania, s\u0105 szeroko stosowane w r\u00f3\u017cnych ga\u0142\u0119ziach przemys\u0142u ze wzgl\u0119du na swoje liczne zalety. Te si\u0142owniki hydrauliczne oferuj\u0105 doskona\u0142\u0105 wydajno\u015b\u0107 i niezawodno\u015b\u0107, co czyni je doskona\u0142ym wyborem do zastosowa\u0144 takich jak si\u0142owniki hydrauliczne p\u0142ug\u00f3w \u015bnie\u017cnych. W tym artykule szczeg\u00f3\u0142owo om\u00f3wimy kluczowe zalety regulowanych si\u0142ownik\u00f3w wide\u0142kowych.<\/p>\n<h3>1. Zwi\u0119kszona elastyczno\u015b\u0107<\/h3>\n<p>Jedn\u0105 z g\u0142\u00f3wnych zalet regulowanych si\u0142ownik\u00f3w wide\u0142kowych jest ich zwi\u0119kszona elastyczno\u015b\u0107 w r\u00f3\u017cnych zastosowaniach. Si\u0142owniki te umo\u017cliwiaj\u0105 precyzyjn\u0105 regulacj\u0119 mocowania wide\u0142kowego, umo\u017cliwiaj\u0105c u\u017cytkownikowi uzyskanie po\u017c\u0105danej d\u0142ugo\u015bci skoku i pozycji monta\u017cowej. Ta elastyczno\u015b\u0107 zapewnia optymaln\u0105 wydajno\u015b\u0107 i wszechstronno\u015b\u0107, dzi\u0119ki czemu nadaj\u0105 si\u0119 do szerokiej gamy uk\u0142ad\u00f3w hydraulicznych.<\/p>\n<h3>2. Poprawa wydajno\u015bci<\/h3>\n<p>Regulowane cylindry z wide\u0142kami zosta\u0142y zaprojektowane tak, aby zapewni\u0107 wy\u017csz\u0105 wydajno\u015b\u0107 w por\u00f3wnaniu z innymi typami cylindr\u00f3w. Regulowane mocowanie wide\u0142kowe umo\u017cliwia prawid\u0142owe ustawienie cylindra wzgl\u0119dem obci\u0105\u017cenia, zmniejszaj\u0105c straty energii i maksymalizuj\u0105c przenoszenie mocy. To wydajne dzia\u0142anie przek\u0142ada si\u0119 na mniejsze zu\u017cycie energii i zwi\u0119kszon\u0105 wydajno\u015b\u0107, co czyni je niezwykle po\u017c\u0105danymi w uk\u0142adach hydraulicznych.<\/p>\n<h3>3. Optymalny rozk\u0142ad obci\u0105\u017cenia<\/h3>\n<p>Kolejn\u0105 istotn\u0105 zalet\u0105 regulowanych si\u0142ownik\u00f3w wide\u0142kowych jest ich zdolno\u015b\u0107 do zapewnienia optymalnego rozk\u0142adu obci\u0105\u017cenia. Si\u0142owniki te s\u0105 zaprojektowane tak, aby r\u00f3wnomiernie roz\u0142o\u017cy\u0107 obci\u0105\u017cenie na punkty mocowania, minimalizuj\u0105c koncentracj\u0119 napr\u0119\u017ce\u0144 i zapewniaj\u0105c r\u00f3wnomierny rozk\u0142ad si\u0142. Ta cecha nie tylko wyd\u0142u\u017ca \u017cywotno\u015b\u0107 si\u0142ownika, ale tak\u017ce poprawia og\u00f3ln\u0105 wydajno\u015b\u0107 i bezpiecze\u0144stwo systemu.<\/p>\n<h3>4. \u0141atwa instalacja i konserwacja<\/h3>\n<p>Regulowane si\u0142owniki wide\u0142kowe zosta\u0142y zaprojektowane z my\u015bl\u0105 o \u0142atwej instalacji i konserwacji. Mocowanie wide\u0142kowe umo\u017cliwia szybkie i bezproblemowe pod\u0142\u0105czenie do uk\u0142adu hydraulicznego, oszcz\u0119dzaj\u0105c cenny czas i wysi\u0142ek. Dodatkowo, si\u0142owniki te cz\u0119sto wyposa\u017cone s\u0105 w przyjazne dla u\u017cytkownika funkcje, takie jak \u0142atwo dost\u0119pne smarowniczki i uszczelki, co upraszcza rutynowe czynno\u015bci konserwacyjne i skraca czas przestoju.<\/p>\n<h3>5. Wysoka trwa\u0142o\u015b\u0107<\/h3>\n<p>Wysokiej jako\u015bci cylindry hydrauliczne dwustronnego dzia\u0142ania, w tym cylindry z regulowanym wide\u0142kiem, znane s\u0105 ze swojej wyj\u0105tkowej trwa\u0142o\u015bci. Cylindry te s\u0105 wykonane z najwy\u017cszej jako\u015bci materia\u0142\u00f3w, co gwarantuje ich odporno\u015b\u0107 na trudne warunki pracy i du\u017ce obci\u0105\u017cenia. Przy odpowiedniej konserwacji cylindry te zapewniaj\u0105 niezawodn\u0105 i d\u0142ugotrwa\u0142\u0105 prac\u0119, minimalizuj\u0105c potrzeb\u0119 cz\u0119stych wymian i redukuj\u0105c og\u00f3lne koszty.<\/p>\n<p>Podsumowuj\u0105c, regulowane si\u0142owniki wide\u0142kowe, takie jak wysokiej jako\u015bci si\u0142ownik hydrauliczny dwustronnego dzia\u0142ania, oferuj\u0105 liczne korzy\u015bci pod wzgl\u0119dem elastyczno\u015bci, wydajno\u015bci, rozk\u0142adu obci\u0105\u017cenia, monta\u017cu i trwa\u0142o\u015bci. Si\u0142owniki te s\u0105 niezb\u0119dnymi elementami r\u00f3\u017cnych uk\u0142ad\u00f3w hydraulicznych, w tym si\u0142ownik\u00f3w hydraulicznych p\u0142ug\u00f3w \u015bnie\u017cnych, dzi\u0119ki ich zdolno\u015bci do zapewnienia optymalnej wydajno\u015bci i niezawodno\u015bci. W\u0142\u0105czenie ich do uk\u0142adu hydraulicznego mo\u017ce znacznie zwi\u0119kszy\u0107 og\u00f3ln\u0105 wydajno\u015b\u0107 i produktywno\u015b\u0107 Twojej dzia\u0142alno\u015bci.<\/p>\n<h3>O FMP<\/h3>\n<p>FMP to renomowana firma specjalizuj\u0105ca si\u0119 w produkcji i sprzeda\u017cy si\u0142ownik\u00f3w hydraulicznych. Naszym celem jest dostarczanie naszym klientom wysokiej jako\u015bci i niezawodnych si\u0142ownik\u00f3w hydraulicznych do maszyn budowlanych. Dzi\u0119ki wieloletniemu do\u015bwiadczeniu w bran\u017cy i profesjonalnemu zespo\u0142owi, FMP jest Twoim zaufanym partnerem w zakresie wszystkich potrzeb zwi\u0105zanych z si\u0142ownikami hydraulicznymi.<\/p>\n<p><img decoding=\"async\" src=\"https:\/\/fmp-components.com\/wp-content\/uploads\/2024\/12\/Adjustable-Clevis-Type-Cylinders-6.webp\" alt=\"Regulowany cylinder typu wide\u0142kowego\" width=\"850\" title=\"\"><\/p>\n<p>Oto 5 powod\u00f3w, dla kt\u00f3rych warto wybra\u0107 FMP do produkcji cylindr\u00f3w hydraulicznych:<\/p>\n<p>1. Szeroka gama produkt\u00f3w: FMP oferuje szerok\u0105 gam\u0119 si\u0142ownik\u00f3w hydraulicznych, kt\u00f3re zaspokajaj\u0105 zr\u00f3\u017cnicowane potrzeby maszyn budowlanych. Od si\u0142ownik\u00f3w standardowych po rozwi\u0105zania na zam\u00f3wienie \u2013 mamy odpowiedni produkt, kt\u00f3ry spe\u0142ni Twoje specyficzne wymagania.<\/p>\n<p>2. Najwy\u017csza jako\u015b\u0107: Jako\u015b\u0107 jest dla nas priorytetem we wszystkim, co robimy. Wszystkie nasze cylindry hydrauliczne s\u0105 produkowane z najwy\u017cszej jako\u015bci materia\u0142\u00f3w i spe\u0142niaj\u0105 surowe standardy jako\u015bci. Dzi\u0119ki temu nasze produkty s\u0105 trwa\u0142e, niezawodne i dzia\u0142aj\u0105 optymalnie w wymagaj\u0105cych warunkach.<\/p>\n<p>3. Wiedza specjalistyczna i do\u015bwiadczenie: Dzi\u0119ki naszej rozleg\u0142ej wiedzy bran\u017cowej i do\u015bwiadczeniu rozumiemy wyj\u0105tkowe wyzwania i wymagania sektora maszyn budowlanych. Nasz zesp\u00f3\u0142 ekspert\u00f3w jest doskonale przygotowany do zapewnienia profesjonalnego doradztwa i rozwi\u0105za\u0144 dostosowanych do Pa\u0144stwa indywidualnych potrzeb.<\/p>\n<p>4. Silne relacje z dostawcami: FMP nawi\u0105za\u0142o d\u0142ugotrwa\u0142e i stabilne partnerstwa z renomowanymi dostawcami zar\u00f3wno w kraju, jak i za granic\u0105. Pozwala nam to na pozyskiwanie wysokiej jako\u015bci komponent\u00f3w i materia\u0142\u00f3w, gwarantuj\u0105c niezawodno\u015b\u0107 i wydajno\u015b\u0107 naszych cylindr\u00f3w hydraulicznych.<\/p>\n<p>5. Sprawna logistyka i terminowa dostawa: Zdajemy sobie spraw\u0119, jak wa\u017cna jest terminowa dostawa dla p\u0142ynnej realizacji Pa\u0144stwa projekt\u00f3w. FMP posiada sprawny system dystrybucji logistycznej, kt\u00f3ry gwarantuje terminow\u0105 i dok\u0142adn\u0105 dostaw\u0119 wymaganych cylindr\u00f3w hydraulicznych, minimalizuj\u0105c przestoje i maksymalizuj\u0105c wydajno\u015b\u0107.<\/p>\n<p>Wybierz FMP, je\u015bli potrzebujesz cylindr\u00f3w hydraulicznych i przekonaj si\u0119 o r\u00f3\u017cnicy w jako\u015bci, niezawodno\u015bci i zadowoleniu klienta. Zosta\u0144 naszym partnerem ju\u017c dzi\u015b, aby zapewni\u0107 sobie bezproblemow\u0105 obs\u0142ug\u0119 maszyn budowlanych.<\/p>\n<h2>Cz\u0119sto zadawane pytania<\/h2>\n<h3>P: Jak d\u0142ugi jest czas dostawy?<\/h3>\n<p>A: Zazwyczaj czas dostawy wynosi 25\u201335 dni.<\/p>\n<h3>P: Czy udost\u0119pniacie pr\u00f3bki? Czy s\u0105 one bezp\u0142atne, czy dodatkowo p\u0142atne?<\/h3>\n<p>A: Tak, udost\u0119pniamy pr\u00f3bki, ale nie s\u0105 one darmowe.<\/p>\n<h3>P: Czy mo\u017cecie produkowa\u0107 na podstawie pr\u00f3bek?<\/h3>\n<p>O: Tak, mo\u017cemy wykona\u0107 produkt na podstawie Pa\u0144stwa pr\u00f3bek lub rysunk\u00f3w technicznych. Mo\u017cemy r\u00f3wnie\u017c zbudowa\u0107 formy i oprzyrz\u0105dowanie.<\/p>\n<p><img decoding=\"async\" title=\"Si\u0142ownik hydrauliczny p\u0142ugu \u015bnie\u017cnego\" src=\"https:\/\/hzpt.com\/wp-content\/uploads\/2023\/11\/Snow-Plow-Hydraulic-Cylinder-3.webp\" alt=\"Si\u0142ownik hydrauliczny p\u0142ugu \u015bnie\u017cnego\" \/><\/p>\n<p>Autor: CX<\/p>","protected":false},"excerpt":{"rendered":"<p>High Quality Double Acting Hydraulic Cylinder Hydraulic Ram Cylinder Snow Plow Hydraulic CylinderProduct Introduction: High Quality Double Acting Hydraulic Cylinder Hydraulic Ram Cylinder Snow Plow Hydraulic Cylinder High Quality Double Acting Hydraulic Cylinder Hydraulic Ram Cylinder Snow Plow Hydraulic Cylinder is a reliable and durable product designed for heavy-duty applications. This hydraulic cylinder is made [&hellip;]<\/p>","protected":false},"featured_media":1545,"comment_status":"closed","ping_status":"closed","template":"","meta":{"_et_pb_use_builder":"","_et_pb_old_content":"","_et_gb_content_width":""},"product_brand":[],"product_cat":[42],"product_tag":[34,44],"class_list":{"0":"post-1544","1":"product","2":"type-product","3":"status-publish","4":"has-post-thumbnail","6":"product_cat-snow-plow-hydraulic-cylinder","7":"product_tag-hydraulic-cylinder","8":"product_tag-snow-plow-hydraulic-cylinder","10":"first","11":"instock","12":"product-type-simple"},"_links":{"self":[{"href":"https:\/\/fmp-components.com\/pl\/wp-json\/wp\/v2\/product\/1544","targetHints":{"allow":["GET"]}}],"collection":[{"href":"https:\/\/fmp-components.com\/pl\/wp-json\/wp\/v2\/product"}],"about":[{"href":"https:\/\/fmp-components.com\/pl\/wp-json\/wp\/v2\/types\/product"}],"replies":[{"embeddable":true,"href":"https:\/\/fmp-components.com\/pl\/wp-json\/wp\/v2\/comments?post=1544"}],"wp:featuredmedia":[{"embeddable":true,"href":"https:\/\/fmp-components.com\/pl\/wp-json\/wp\/v2\/media\/1545"}],"wp:attachment":[{"href":"https:\/\/fmp-components.com\/pl\/wp-json\/wp\/v2\/media?parent=1544"}],"wp:term":[{"taxonomy":"product_brand","embeddable":true,"href":"https:\/\/fmp-components.com\/pl\/wp-json\/wp\/v2\/product_brand?post=1544"},{"taxonomy":"product_cat","embeddable":true,"href":"https:\/\/fmp-components.com\/pl\/wp-json\/wp\/v2\/product_cat?post=1544"},{"taxonomy":"product_tag","embeddable":true,"href":"https:\/\/fmp-components.com\/pl\/wp-json\/wp\/v2\/product_tag?post=1544"}],"curies":[{"name":"wp","href":"https:\/\/api.w.org\/{rel}","templated":true}]}}