{"id":1540,"date":"2024-12-23T05:51:36","date_gmt":"2024-12-23T05:51:36","guid":{"rendered":"https:\/\/fmp-components.com\/product\/premium-quality-double-acting-mini-hydraulic-cylinder-for-snow-plow\/"},"modified":"2025-05-10T13:04:30","modified_gmt":"2025-05-10T13:04:30","slug":"premium-quality-double-acting-mini-hydraulic-cylinder-for-snow-plow","status":"publish","type":"product","link":"https:\/\/fmp-components.com\/pl\/product\/premium-quality-double-acting-mini-hydraulic-cylinder-for-snow-plow\/","title":{"rendered":"Wysokiej jako\u015bci miniaturowy si\u0142ownik hydrauliczny dwustronnego dzia\u0142ania do p\u0142uga \u015bnie\u017cnego"},"content":{"rendered":"<p>&nbsp;<\/p>\n<p><img decoding=\"async\" class=\"aligncenter\" title=\"Si\u0142ownik hydrauliczny p\u0142ugu \u015bnie\u017cnego\" src=\"https:\/\/hzpt.com\/wp-content\/uploads\/2023\/11\/Snow-Plow-Hydraulic-Cylinder-3.webp\" alt=\"Si\u0142ownik hydrauliczny p\u0142ugu \u015bnie\u017cnego\" \/><\/p>\n<p>Miniaturowy si\u0142ownik hydrauliczny do p\u0142uga od\u015bnie\u017cnego zosta\u0142 zaprojektowany z my\u015bl\u0105 o \u0142atwej instalacji i konserwacji. Jego przyjazna dla u\u017cytkownika konstrukcja pozwala na szybk\u0105 konfiguracj\u0119 i bezproblemow\u0105 obs\u0142ug\u0119. Przy odpowiedniej piel\u0119gnacji i regularnej konserwacji si\u0142ownik ten b\u0119dzie zapewnia\u0142 doskona\u0142\u0105 wydajno\u015b\u0107 przez ca\u0142y sezon.<\/p>\n<p>Inwestycja w wysokiej jako\u015bci mini si\u0142ownik hydrauliczny dwustronnego dzia\u0142ania do p\u0142uga \u015bnie\u017cnego oznacza inwestycj\u0119 w niezawodne i wydajne rozwi\u0105zanie do od\u015bnie\u017cania. Niezale\u017cnie od tego, czy jeste\u015b profesjonalnym us\u0142ugodawc\u0105 od\u015bnie\u017cania, czy w\u0142a\u015bcicielem domu od\u015bnie\u017caj\u0105cym podjazd, ten si\u0142ownik hydrauliczny z pewno\u015bci\u0105 spe\u0142ni Twoje potrzeby i przewy\u017cszy Twoje oczekiwania. Po\u017cegnaj przeszkody zwi\u0105zane ze \u015bniegiem i ciesz si\u0119 p\u0142ynniejszym i wydajniejszym od\u015bnie\u017caniem.<\/p>\n<h1>Wysokiej jako\u015bci miniaturowy si\u0142ownik hydrauliczny dwustronnego dzia\u0142ania do p\u0142uga \u015bnie\u017cnego<\/h1>\n<p>Przedstawiamy produkt najwy\u017cszej jako\u015bci, zaprojektowany z my\u015bl\u0105 o wydajno\u015bci i trwa\u0142o\u015bci. Wysokiej jako\u015bci mini si\u0142ownik hydrauliczny dwustronnego dzia\u0142ania do p\u0142uga \u015bnie\u017cnego to nowy produkt, kt\u00f3ry gwarantuje wyj\u0105tkow\u0105 wydajno\u015b\u0107 i niezawodno\u015b\u0107. Produkt ten zosta\u0142 zaprojektowany i wyprodukowany przez ekspert\u00f3w, aby spe\u0142nia\u0107 najwy\u017csze standardy jako\u015bci i funkcjonalno\u015bci.<\/p>\n<h2>Przegl\u0105d produktu<\/h2>\n<p>Nasz mini si\u0142ownik hydrauliczny dwustronnego dzia\u0142ania to standardowy si\u0142ownik t\u0142okowy nap\u0119dzany si\u0142\u0105 hydrauliczn\u0105. Wykonany jest z wytrzyma\u0142ej stali, co gwarantuje jego wytrzyma\u0142o\u015b\u0107 w najbardziej wymagaj\u0105cych warunkach. Dzi\u0119ki maksymalnej sile ci\u0105gu 3000 i maksymalnej sile uci\u0105gu 20 ton, si\u0142ownik ten jest wystarczaj\u0105co mocny, aby sprosta\u0107 ci\u0119\u017ckim zastosowaniom. Si\u0142ownik posiada certyfikat ISO9001:2000, co gwarantuje jego najwy\u017csz\u0105 jako\u015b\u0107.<\/p>\n<h3>Specyfikacja produktu<\/h3>\n<ul>\n<li>\u015arednica otworu: 2-6 cali<\/li>\n<li>Rozmiar pr\u0119ta: 1,125-4 cale<\/li>\n<li>Rozmiar skoku: 4-100 cali<\/li>\n<li>Rozmiar szpilki: 0,5-2 cale<\/li>\n<li>Porty: G\/SAE\/NPT\/M<\/li>\n<\/ul>\n<p><img decoding=\"async\" src=\"https:\/\/hzpt.com\/wp-content\/uploads\/2023\/11\/Snow-Plow-Hydraulic-Cylinder-4Factory.webp\" alt=\"Nasza fabryka\" title=\"\"><\/p>\n<h2>Zalety regulowanych cylindr\u00f3w typu wide\u0142kowego<\/h2>\n<p>Cylindry z regulowanym wide\u0142kiem, takie jak <em>Wysokiej jako\u015bci miniaturowy si\u0142ownik hydrauliczny dwustronnego dzia\u0142ania do p\u0142uga \u015bnie\u017cnego<\/em>, oferuj\u0105 szereg korzy\u015bci i s\u0105 szeroko stosowane w r\u00f3\u017cnych bran\u017cach. W tym artykule szczeg\u00f3\u0142owo om\u00f3wimy zalety tych cylindr\u00f3w.<\/p>\n<h3>1. Wi\u0119ksza elastyczno\u015b\u0107 i zdolno\u015b\u0107 adaptacji<\/h3>\n<p>Jedn\u0105 z kluczowych zalet regulowanych si\u0142ownik\u00f3w wide\u0142kowych jest ich zwi\u0119kszona elastyczno\u015b\u0107 i mo\u017cliwo\u015b\u0107 adaptacji w r\u00f3\u017cnych zastosowaniach. Si\u0142owniki te posiadaj\u0105 regulowane mocowanie wide\u0142kowe, co umo\u017cliwia \u0142atw\u0105 regulacj\u0119 i precyzyjne pozycjonowanie. Ta elastyczno\u015b\u0107 gwarantuje \u0142atw\u0105 integracj\u0119 si\u0142ownika z r\u00f3\u017cnymi systemami, co czyni go wszechstronnym wyborem do r\u00f3\u017cnych zastosowa\u0144 hydraulicznych.<\/p>\n<h3>2. Optymalna wydajno\u015b\u0107 i efektywno\u015b\u0107<\/h3>\n<p>Dzi\u0119ki zaawansowanej konstrukcji i wykonaniu, regulowane si\u0142owniki wide\u0142kowe oferuj\u0105 optymaln\u0105 wydajno\u015b\u0107 i efektywno\u015b\u0107. Si\u0142owniki te zosta\u0142y zaprojektowane tak, aby zapewni\u0107 p\u0142ynne i precyzyjne ruchy, gwarantuj\u0105c niezawodn\u0105 prac\u0119 w trudnych warunkach. Zastosowanie wysokiej jako\u015bci materia\u0142\u00f3w i precyzyjnych technik produkcji pozwala na stworzenie si\u0142ownika, kt\u00f3ry zapewnia sta\u0142\u0105 wydajno\u015b\u0107, skracaj\u0105c przestoje i maksymalizuj\u0105c wydajno\u015b\u0107.<\/p>\n<h3>3. Zwi\u0119kszona trwa\u0142o\u015b\u0107 i d\u0142ugowieczno\u015b\u0107<\/h3>\n<p>Kolejn\u0105 istotn\u0105 zalet\u0105 regulowanych si\u0142ownik\u00f3w wide\u0142kowych jest ich zwi\u0119kszona trwa\u0142o\u015b\u0107 i \u017cywotno\u015b\u0107. Si\u0142owniki te s\u0105 zaprojektowane tak, aby wytrzyma\u0107 du\u017ce obci\u0105\u017cenia, trudne warunki i cz\u0119ste u\u017cytkowanie. Materia\u0142y najwy\u017cszej jako\u015bci zastosowane w ich konstrukcji, wraz z zaawansowanymi technologiami uszczelnie\u0144, zapewniaj\u0105 doskona\u0142\u0105 odporno\u015b\u0107 na zu\u017cycie, korozj\u0119 i przecieki. Ta trwa\u0142o\u015b\u0107 przek\u0142ada si\u0119 na d\u0142u\u017csz\u0105 \u017cywotno\u015b\u0107 i ni\u017csze koszty konserwacji.<\/p>\n<h3>4. Ulepszone funkcje bezpiecze\u0144stwa<\/h3>\n<p>Regulowane si\u0142owniki wide\u0142kowe cz\u0119sto s\u0105 wyposa\u017cone w zaawansowane zabezpieczenia, co czyni je niezawodnym wyborem do zastosowa\u0144 krytycznych. Zabezpieczenia te mog\u0105 obejmowa\u0107 zabezpieczenie przed nadmiernym ci\u015bnieniem, zawory podtrzymuj\u0105ce obci\u0105\u017cenie oraz funkcje zatrzymania awaryjnego. Takie zabezpieczenia nie tylko chroni\u0105 sam si\u0142ownik, ale tak\u017ce zapewniaj\u0105 bezpiecze\u0144stwo personelu i sprz\u0119tu w otoczeniu.<\/p>\n<h3>5. \u0141atwa instalacja i konserwacja<\/h3>\n<p>Dzi\u0119ki przyjaznej dla u\u017cytkownika konstrukcji, regulowane si\u0142owniki wide\u0142kowe zapewniaj\u0105 \u0142atw\u0105 instalacj\u0119 i konserwacj\u0119. Regulowany system mocowania wide\u0142kowego pozwala na szybk\u0105 i bezproblemow\u0105 instalacj\u0119, oszcz\u0119dzaj\u0105c czas i wysi\u0142ek. Dodatkowo si\u0142owniki te cz\u0119sto posiadaj\u0105 wygodne punkty dost\u0119pu do konserwacji i kontroli, co u\u0142atwia regularne serwisowanie i minimalizuje przestoje.<\/p>\n<p>Regulowane si\u0142owniki wide\u0142kowe, takie jak wysokiej jako\u015bci miniaturowy si\u0142ownik hydrauliczny dwustronnego dzia\u0142ania do p\u0142ug\u00f3w \u015bnie\u017cnych, zapewniaj\u0105 liczne korzy\u015bci pod wzgl\u0119dem elastyczno\u015bci, wydajno\u015bci, trwa\u0142o\u015bci, bezpiecze\u0144stwa i \u0142atwo\u015bci u\u017cytkowania. Si\u0142owniki te stanowi\u0105 niezawodny wyb\u00f3r do szerokiej gamy zastosowa\u0144 hydraulicznych, oferuj\u0105c zwi\u0119kszon\u0105 funkcjonalno\u015b\u0107 i wydajno\u015b\u0107.<\/p>\n<h3>O FMP \u2013 cylindrze hydraulicznym<\/h3>\n<p>Je\u015bli szukasz niezawodnych i wysokiej jako\u015bci si\u0142ownik\u00f3w hydraulicznych, to trafi\u0142e\u015b we w\u0142a\u015bciwe miejsce. FMP to renomowana firma specjalizuj\u0105ca si\u0119 w sprzeda\u017cy i serwisie cz\u0119\u015bci oraz kompletnych maszyn budowlanych. Dzi\u0119ki wieloletniemu do\u015bwiadczeniu w bran\u017cy i profesjonalnemu zespo\u0142owi, dostarczamy naszym klientom si\u0142owniki hydrauliczne najwy\u017cszej jako\u015bci, zaprojektowane z my\u015bl\u0105 o ich indywidualnych potrzebach.<\/p>\n<p>Oto pi\u0119\u0107 powod\u00f3w, dla kt\u00f3rych warto wybra\u0107 FMP do produkcji cylindr\u00f3w hydraulicznych:<\/p>\n<p>1. Szeroka gama produkt\u00f3w: W FMP oferujemy szerok\u0105 gam\u0119 si\u0142ownik\u00f3w hydraulicznych, w tym si\u0142owniki z regulowanym wide\u0142kiem, si\u0142owniki z wide\u0142kiem spawanym i wiele innych. Nasze produkty nadaj\u0105 si\u0119 do r\u00f3\u017cnych typ\u00f3w maszyn budowlanych, w tym maszyn rolniczych, przemys\u0142owych i innych.<\/p>\n<p>2. Materia\u0142y najwy\u017cszej jako\u015bci: W naszych produktach u\u017cywamy wy\u0142\u0105cznie materia\u0142\u00f3w najwy\u017cszej jako\u015bci, co gwarantuje spe\u0142nienie rygorystycznych norm jako\u015bciowych. Nasze cylindry hydrauliczne wykonane s\u0105 z wysokiej jako\u015bci stali, co zapewnia trwa\u0142o\u015b\u0107 i d\u0142ugotrwa\u0142\u0105 wydajno\u015b\u0107.<\/p>\n<p>3. Profesjonalne konsultacje: Nasz do\u015bwiadczony zesp\u00f3\u0142 sprzeda\u017cy jest zawsze gotowy do udzielenia profesjonalnych konsultacji i porad. Rozumiemy trendy rozwojowe i potrzeby klient\u00f3w w bran\u017cy maszyn budowlanych i pomo\u017cemy Ci dobra\u0107 odpowiedni si\u0142ownik hydrauliczny do Twoich potrzeb.<\/p>\n<p>4. Sprawny system dystrybucji logistycznej: Dysponujemy sprawnym systemem dystrybucji logistycznej, kt\u00f3ry gwarantuje, \u017ce nasi klienci otrzymuj\u0105 potrzebne im cz\u0119\u015bci terminowo i dok\u0142adnie. Oznacza to, \u017ce mo\u017cesz na nas liczy\u0107, \u017ce dostarczymy Ci si\u0142ownik hydrauliczny, kiedy go potrzebujesz.<\/p>\n<p>5. Konkurencyjne ceny: W FMP oferujemy nasze produkty w konkurencyjnych cenach, bez kompromis\u00f3w w zakresie jako\u015bci. Wierzymy, \u017ce ka\u017cdy powinien mie\u0107 dost\u0119p do wysokiej jako\u015bci cylindr\u00f3w hydraulicznych w przyst\u0119pnej cenie.<\/p>\n<p>Je\u015bli szukasz niezawodnego i profesjonalnego dostawcy si\u0142ownik\u00f3w hydraulicznych, FMP jest w\u0142a\u015bnie dla Ciebie. Skontaktuj si\u0119 z nami ju\u017c dzi\u015b, aby dowiedzie\u0107 si\u0119 wi\u0119cej o naszych produktach i us\u0142ugach.<\/p>\n<p><img decoding=\"async\" class=\"aligncenter\" src=\"https:\/\/fmp-components.com\/wp-content\/uploads\/2024\/12\/Adjustable-Clevis-Type-Cylinders-6.webp\" alt=\"Regulowany cylinder typu wide\u0142kowego\" width=\"848\" title=\"\"><\/p>\n<h2>Cz\u0119sto zadawane pytania<\/h2>\n<ol>\n<li><b>P: Jak wygl\u0105da proces produkcji Pa\u0144stwa cylindr\u00f3w hydraulicznych?<\/b><br \/>\nA: Nasze cylindry produkowane s\u0105 zgodnie z rygorystycznymi normami ISO9001:2000, co gwarantuje ich jako\u015b\u0107 i niezawodno\u015b\u0107.<\/li>\n<li><b>P: Czy \u015bwiadczycie us\u0142ugi posprzeda\u017cowe?<\/b><br \/>\nA: Tak, zapewniamy doskona\u0142\u0105 obs\u0142ug\u0119 posprzeda\u017cow\u0105, obejmuj\u0105c\u0105 roczn\u0105 gwarancj\u0119 na g\u0142\u00f3wne podzespo\u0142y.<\/li>\n<li><b>P: Czy mo\u017cna dostosowa\u0107 si\u0142ownik hydrauliczny do konkretnych wymaga\u0144?<\/b><br \/>\nA: Tak, mo\u017cemy dostosowa\u0107 produkt do Twoich potrzeb w oparciu o pr\u00f3bki lub rysunki techniczne.<\/li>\n<\/ol>\n<p>Autor: CX<\/p>","protected":false},"excerpt":{"rendered":"<p>&nbsp; The Mini Hydraulic Cylinder for Snow Plow is engineered for easy installation and maintenance. Its user-friendly design allows for quick setup and hassle-free operation. With proper care and regular maintenance, this cylinder will continue to deliver excellent performance season after season. Investing in the Premium Quality Double Acting Mini Hydraulic Cylinder for Snow Plow [&hellip;]<\/p>","protected":false},"featured_media":1541,"comment_status":"closed","ping_status":"closed","template":"","meta":{"_et_pb_use_builder":"","_et_pb_old_content":"","_et_gb_content_width":""},"product_brand":[],"product_cat":[42],"product_tag":[34,44],"class_list":{"0":"post-1540","1":"product","2":"type-product","3":"status-publish","4":"has-post-thumbnail","6":"product_cat-snow-plow-hydraulic-cylinder","7":"product_tag-hydraulic-cylinder","8":"product_tag-snow-plow-hydraulic-cylinder","10":"first","11":"instock","12":"product-type-simple"},"_links":{"self":[{"href":"https:\/\/fmp-components.com\/pl\/wp-json\/wp\/v2\/product\/1540","targetHints":{"allow":["GET"]}}],"collection":[{"href":"https:\/\/fmp-components.com\/pl\/wp-json\/wp\/v2\/product"}],"about":[{"href":"https:\/\/fmp-components.com\/pl\/wp-json\/wp\/v2\/types\/product"}],"replies":[{"embeddable":true,"href":"https:\/\/fmp-components.com\/pl\/wp-json\/wp\/v2\/comments?post=1540"}],"wp:featuredmedia":[{"embeddable":true,"href":"https:\/\/fmp-components.com\/pl\/wp-json\/wp\/v2\/media\/1541"}],"wp:attachment":[{"href":"https:\/\/fmp-components.com\/pl\/wp-json\/wp\/v2\/media?parent=1540"}],"wp:term":[{"taxonomy":"product_brand","embeddable":true,"href":"https:\/\/fmp-components.com\/pl\/wp-json\/wp\/v2\/product_brand?post=1540"},{"taxonomy":"product_cat","embeddable":true,"href":"https:\/\/fmp-components.com\/pl\/wp-json\/wp\/v2\/product_cat?post=1540"},{"taxonomy":"product_tag","embeddable":true,"href":"https:\/\/fmp-components.com\/pl\/wp-json\/wp\/v2\/product_tag?post=1540"}],"curies":[{"name":"wp","href":"https:\/\/api.w.org\/{rel}","templated":true}]}}