{"id":1536,"date":"2024-12-23T05:51:36","date_gmt":"2024-12-23T05:51:36","guid":{"rendered":"https:\/\/fmp-components.com\/product\/factory-price-double-acting-hydraulic-ram-cylinder-for-snow-plow\/"},"modified":"2024-12-23T06:09:04","modified_gmt":"2024-12-23T06:09:04","slug":"factory-price-double-acting-hydraulic-ram-cylinder-for-snow-plow","status":"publish","type":"product","link":"https:\/\/fmp-components.com\/pl\/product\/factory-price-double-acting-hydraulic-ram-cylinder-for-snow-plow\/","title":{"rendered":"Cena fabryczna Si\u0142ownik hydrauliczny dwustronnego dzia\u0142ania do p\u0142uga \u015bnie\u017cnego"},"content":{"rendered":"<h2>Cena fabryczna Si\u0142ownik hydrauliczny dwustronnego dzia\u0142ania do p\u0142uga \u015bnie\u017cnego<\/h2>\n<p>Si\u0142ownik hydrauliczny dwustronnego dzia\u0142ania w cenie fabrycznej do p\u0142uga \u015bnie\u017cnego to niezb\u0119dny element zapewniaj\u0105cy wydajn\u0105 i niezawodn\u0105 prac\u0119 podczas od\u015bnie\u017cania. Ten wysokiej jako\u015bci si\u0142ownik zosta\u0142 zaprojektowany z my\u015bl\u0105 o trudnych warunkach od\u015bnie\u017cania, zapewniaj\u0105c trwa\u0142e i d\u0142ugotrwa\u0142e rozwi\u0105zanie.<\/p>\n<p>Ten hydrauliczny si\u0142ownik o podw\u00f3jnym dzia\u0142aniu zapewnia precyzyjn\u0105 kontrol\u0119 i zwi\u0119kszon\u0105 funkcjonalno\u015b\u0107. Wysuwa si\u0119 i wsuwa z r\u00f3wn\u0105 si\u0142\u0105, zapewniaj\u0105c p\u0142ynn\u0105 i wydajn\u0105 prac\u0119. Ta wszechstronno\u015b\u0107 pozwala p\u0142ugowi skutecznie od\u015bnie\u017ca\u0107 drogi, podjazdy i inne powierzchnie.<\/p>\n<p><img decoding=\"async\" title=\"Si\u0142ownik hydrauliczny p\u0142ugu \u015bnie\u017cnego\" src=\"https:\/\/hzpt.com\/wp-content\/uploads\/2023\/11\/Snow-Plow-Hydraulic-Cylinder-2.webp\" alt=\"Si\u0142ownik hydrauliczny p\u0142ugu \u015bnie\u017cnego\" \/><\/p>\n<p>Si\u0142ownik hydrauliczny dwustronnego dzia\u0142ania w cenie fabrycznej do p\u0142ug\u00f3w \u015bnie\u017cnych jest wykonany z wytrzyma\u0142ych materia\u0142\u00f3w, aby wytrzyma\u0107 intensywne u\u017cytkowanie i niekorzystne warunki pogodowe. Dzi\u0119ki wyj\u0105tkowej wytrzyma\u0142o\u015bci i trwa\u0142o\u015bci, si\u0142ownik ten jest w stanie wytrzyma\u0107 trudne warunki, w jakich pracuj\u0105 p\u0142ugi \u015bnie\u017cne.<\/p>\n<p>Opr\u00f3cz imponuj\u0105cej wydajno\u015bci, ten si\u0142ownik hydrauliczny zosta\u0142 zaprojektowany z my\u015bl\u0105 o \u0142atwo\u015bci monta\u017cu i konserwacji. Jego przyjazna dla u\u017cytkownika konstrukcja pozwala na szybki i bezproblemowy monta\u017c, minimalizuj\u0105c przestoje i maksymalizuj\u0105c wydajno\u015b\u0107. Regularna konserwacja jest r\u00f3wnie\u017c wygodna, zapewniaj\u0105c optymalny stan si\u0142ownika przez d\u0142ugi czas.<\/p>\n<p>Niezale\u017cnie od tego, czy jeste\u015b profesjonalnym od\u015bnie\u017caczem, czy w\u0142a\u015bcicielem domu, kt\u00f3ry samodzielnie od\u015bnie\u017ca swoj\u0105 posesj\u0119, hydrauliczny si\u0142ownik dwustronnego dzia\u0142ania Factory Price do p\u0142uga \u015bnie\u017cnego to niezast\u0105pione narz\u0119dzie. Dzi\u0119ki swojej niezawodno\u015bci, trwa\u0142o\u015bci i \u0142atwo\u015bci u\u017cytkowania zapewnia wydajne od\u015bnie\u017canie i pomaga utrzyma\u0107 drogi i nawierzchnie w czysto\u015bci w sezonie zimowym.<\/p>\n<h2>Cechy produktu<\/h2>\n<p>Nasz si\u0142ownik hydrauliczny dwustronnego dzia\u0142ania zosta\u0142 zaprojektowany z now\u0105, standardow\u0105 konstrukcj\u0105, dzi\u0119ki czemu jest si\u0142ownikiem t\u0142okowym, dzia\u0142aj\u0105cym w oparciu o si\u0142\u0119 hydrauliczn\u0105. Dzi\u0119ki solidnemu, stalowemu korpusowi, ten si\u0142ownik hydrauliczny charakteryzuje si\u0119 trwa\u0142o\u015bci\u0105 i d\u0142ugowieczno\u015bci\u0105. Maksymalna si\u0142a ci\u0105gu wynosi 3000 i mo\u017ce uci\u0105gn\u0105\u0107 do 20 ton, co zapewnia mu moc i wydajno\u015b\u0107. Dodatkowo, posiada certyfikat ISO9001:2000, kt\u00f3ry gwarantuje jego jako\u015b\u0107 i niezawodno\u015b\u0107.<\/p>\n<h3>Wymiary<\/h3>\n<ul>\n<li>\u015arednica otworu: 2-6 cali<\/li>\n<li>Rozmiar pr\u0119ta: 1,125-4 cale<\/li>\n<li>Rozmiar skoku: 4-100 cali<\/li>\n<li>Rozmiar szpilki: 0,5-2 cale<\/li>\n<\/ul>\n<p>Czarny si\u0142ownik hydrauliczny jest dost\u0119pny w r\u00f3\u017cnych rozmiarach, co u\u0142atwia znalezienie idealnego rozwi\u0105zania dopasowanego do Twoich potrzeb. Niezale\u017cnie od tego, czy u\u017cywasz go w warsztatach naprawczych maszyn, gospodarstwach rolnych, energetyce i g\u00f3rnictwie, produkcji maszyn czy fabrykach maszyn, ten si\u0142ownik hydrauliczny z pewno\u015bci\u0105 spe\u0142ni Twoje oczekiwania.<\/p>\n<p><img decoding=\"async\" src=\"https:\/\/hzpt.com\/wp-content\/uploads\/2023\/11\/Snow-Plow-Hydraulic-Cylinder-4Factory.webp\" alt=\"Ever-Power Transmission Factory\" title=\"\"><\/p>\n<h2>Zalety regulowanych cylindr\u00f3w typu wide\u0142kowego<\/h2>\n<p>W dziedzinie uk\u0142ad\u00f3w hydraulicznych, regulowane si\u0142owniki wide\u0142kowe sta\u0142y si\u0119 rewolucyjnym rozwi\u0105zaniem, oferuj\u0105cym liczne korzy\u015bci i poprawiaj\u0105cym og\u00f3ln\u0105 wydajno\u015b\u0107 w r\u00f3\u017cnych zastosowaniach. Dzi\u0119ki unikalnej konstrukcji i zaawansowanej funkcjonalno\u015bci, si\u0142owniki te oferuj\u0105 szereg zalet, kt\u00f3re wyr\u00f3\u017cniaj\u0105 je na tle konwencjonalnych rozwi\u0105za\u0144. W tym wpisie na blogu om\u00f3wimy kluczowe zalety regulowanych si\u0142ownik\u00f3w wide\u0142kowych i ich niezr\u00f3wnane mo\u017cliwo\u015bci.<\/p>\n<h3>1. Elastyczno\u015b\u0107 i zdolno\u015b\u0107 adaptacji<\/h3>\n<p>Jedn\u0105 z g\u0142\u00f3wnych zalet regulowanych si\u0142ownik\u00f3w wide\u0142kowych jest ich wyj\u0105tkowa elastyczno\u015b\u0107 i wszechstronno\u015b\u0107. Si\u0142owniki te zosta\u0142y zaprojektowane z my\u015bl\u0105 o r\u00f3\u017cnych pozycjach monta\u017cu, co umo\u017cliwia \u0142atw\u0105 instalacj\u0119 i integracj\u0119 z r\u00f3\u017cnymi uk\u0142adami hydraulicznymi. Niezale\u017cnie od tego, czy chodzi o p\u0142ug \u015bnie\u017cny, maszyny rolnicze, czy urz\u0105dzenia przemys\u0142owe, regulowane si\u0142owniki wide\u0142kowe mo\u017cna \u0142atwo dostosowa\u0107 do konkretnych wymaga\u0144, zapewniaj\u0105c rozwi\u0105zanie dostosowane do ka\u017cdego zastosowania.<\/p>\n<h3>2. Precyzyjna kontrola i pozycjonowanie<\/h3>\n<p>Regulowane si\u0142owniki wide\u0142kowe wyr\u00f3\u017cniaj\u0105 si\u0119 precyzj\u0105 sterowania i mo\u017cliwo\u015bci pozycjonowania. Dzi\u0119ki zaawansowanej konstrukcji si\u0142owniki te umo\u017cliwiaj\u0105 precyzyjn\u0105 regulacj\u0119, zapewniaj\u0105c optymaln\u0105 wydajno\u015b\u0107 w r\u00f3\u017cnych warunkach pracy. Mo\u017cliwo\u015b\u0107 precyzyjnego dostrojenia d\u0142ugo\u015bci skoku si\u0142ownika i pozycji monta\u017cowej pozwala operatorom uzyska\u0107 precyzyjn\u0105 kontrol\u0119 nad ruchem uk\u0142adu hydraulicznego, co przek\u0142ada si\u0119 na zwi\u0119kszon\u0105 wydajno\u015b\u0107 i efektywno\u015b\u0107.<\/p>\n<h3>3. Zwi\u0119kszona trwa\u0142o\u015b\u0107 i niezawodno\u015b\u0107<\/h3>\n<p>Je\u015bli chodzi o trwa\u0142o\u015b\u0107 i niezawodno\u015b\u0107, si\u0142owniki z regulowanym wide\u0142kiem g\u00f3ruj\u0105 nad wieloma innymi alternatywami. Si\u0142owniki te s\u0105 wykonane z wysokiej jako\u015bci materia\u0142\u00f3w i poddawane rygorystycznym testom, aby zapewni\u0107 ich wytrzyma\u0142o\u015b\u0107 i d\u0142ugowieczno\u015b\u0107. Dzi\u0119ki solidnej konstrukcji i zaawansowanej technologii uszczelnie\u0144, wytrzymuj\u0105 du\u017ce obci\u0105\u017cenia, ekstremalne temperatury i trudne warunki pracy bez uszczerbku dla wydajno\u015bci. To sprawia, \u017ce \u200b\u200bs\u0105 niezawodnym wyborem do wymagaj\u0105cych zastosowa\u0144, wymagaj\u0105cych niezawodnej i niezawodnej pracy.<\/p>\n<h3>4. Optymalna wydajno\u015b\u0107 i efektywno\u015b\u0107<\/h3>\n<p>Regulowane si\u0142owniki wide\u0142kowe zosta\u0142y zaprojektowane tak, aby zapewni\u0107 optymaln\u0105 wydajno\u015b\u0107 i efektywno\u015b\u0107. Wykorzystuj\u0105c zaawansowane zasady hydrauliki i innowacyjne rozwi\u0105zania konstrukcyjne, si\u0142owniki te minimalizuj\u0105 straty energii i maksymalizuj\u0105 transmisj\u0119 mocy, co przek\u0142ada si\u0119 na popraw\u0119 og\u00f3lnej wydajno\u015bci systemu. To nie tylko obni\u017ca koszty eksploatacji, ale tak\u017ce minimalizuje wp\u0142yw na \u015brodowisko poprzez oszcz\u0119dzanie zasob\u00f3w energii. Dzi\u0119ki mo\u017cliwo\u015bci optymalizacji wydajno\u015bci systemu, regulowane si\u0142owniki wide\u0142kowe przyczyniaj\u0105 si\u0119 do zwi\u0119kszenia wydajno\u015bci i skr\u00f3cenia przestoj\u00f3w.<\/p>\n<h3>5. Op\u0142acalno\u015b\u0107<\/h3>\n<p>Kolejn\u0105 istotn\u0105 zalet\u0105 regulowanych si\u0142ownik\u00f3w wide\u0142kowych jest ich ekonomiczno\u015b\u0107. W por\u00f3wnaniu z innymi typami si\u0142ownik\u00f3w hydraulicznych, si\u0142owniki te oferuj\u0105 doskona\u0142y stosunek jako\u015bci do ceny, bez kompromis\u00f3w w zakresie jako\u015bci i wydajno\u015bci. Ich wszechstronno\u015b\u0107 i adaptowalno\u015b\u0107 eliminuj\u0105 potrzeb\u0119 stosowania si\u0142ownik\u00f3w na zam\u00f3wienie, oszcz\u0119dzaj\u0105c czas i pieni\u0105dze w procesie instalacji i konserwacji. Dodatkowo, regulowana konstrukcja umo\u017cliwia \u0142atw\u0105 wymian\u0119 i rekonfiguracj\u0119, co skraca przestoje i zwi\u0105zane z nimi koszty.<\/p>\n<p>Podsumowuj\u0105c, regulowane si\u0142owniki wide\u0142kowe oferuj\u0105 szereg zalet, kt\u00f3re czyni\u0105 je idealnym wyborem do szerokiej gamy zastosowa\u0144 hydraulicznych. Ich elastyczno\u015b\u0107, precyzja, trwa\u0142o\u015b\u0107, wydajno\u015b\u0107 i ekonomiczno\u015b\u0107 wyr\u00f3\u017cniaj\u0105 je w bran\u017cy, zapewniaj\u0105c optymalne rezultaty i zadowolenie klienta. Je\u015bli chodzi o si\u0142owniki hydrauliczne dwustronnego dzia\u0142ania do p\u0142ug\u00f3w \u015bnie\u017cnych w cenie fabrycznej, regulowane si\u0142owniki wide\u0142kowe wyr\u00f3\u017cniaj\u0105 si\u0119 doskona\u0142\u0105 wydajno\u015bci\u0105, niezawodno\u015bci\u0105 i efektywno\u015bci\u0105.<\/p>\n<h3>O cylindrze hydraulicznym FMP<\/h3>\n<p>FMP to wiod\u0105ca firma specjalizuj\u0105ca si\u0119 w sprzeda\u017cy i serwisie cz\u0119\u015bci oraz kompletnych maszyn budowlanych. Z dum\u0105 oferujemy naszym klientom na ca\u0142ym \u015bwiecie wysokiej jako\u015bci rozwi\u0105zania w zakresie si\u0142ownik\u00f3w hydraulicznych.<\/p>\n<p>Oto kilka najwa\u017cniejszych zalet wyboru si\u0142ownika hydraulicznego FMP:<\/p>\n<ul>\n<li><strong>Materia\u0142y wysokiej jako\u015bci:<\/strong> Do produkcji naszych cylindr\u00f3w hydraulicznych u\u017cywamy wy\u0142\u0105cznie materia\u0142\u00f3w wysokiej jako\u015bci, co gwarantuje ich trwa\u0142o\u015b\u0107 i niezawodno\u015b\u0107 przez d\u0142ugi czas u\u017cytkowania. Nasze produkty s\u0105 projektowane tak, aby wytrzymywa\u0142y nawet najtrudniejsze warunki pracy.<\/li>\n<li><strong>Szeroki wyb\u00f3r opcji:<\/strong> Nasza oferta si\u0142ownik\u00f3w hydraulicznych obejmuje r\u00f3\u017cne rodzaje si\u0142ownik\u00f3w, takie jak si\u0142owniki z pr\u0119tem \u015bci\u0105gaj\u0105cym, si\u0142owniki spawane, si\u0142owniki z regulowanym wide\u0142kiem itp. Dostarczamy r\u00f3wnie\u017c rozwi\u0105zania dostosowane do indywidualnych potrzeb klient\u00f3w.<\/li>\n<li><strong>\u015acis\u0142a kontrola jako\u015bci:<\/strong> Nawi\u0105zali\u015bmy d\u0142ugotrwa\u0142\u0105 i stabiln\u0105 wsp\u00f3\u0142prac\u0119 z wieloma wysokiej jako\u015bci dostawcami w kraju i za granic\u0105, co gwarantuje, \u017ce wszystkie dostarczane cz\u0119\u015bci spe\u0142niaj\u0105 surowe standardy jako\u015bci. Ponadto, nasze cylindry hydrauliczne przechodz\u0105 rygorystyczne testy, aby zagwarantowa\u0107, \u017ce spe\u0142niaj\u0105 nasze rygorystyczne wymagania jako\u015bciowe przed dostaw\u0105.<\/li>\n<li><strong>Do\u015bwiadczony zesp\u00f3\u0142 sprzeda\u017cy:<\/strong> Nasz zesp\u00f3\u0142 sprzeda\u017cy jest do\u015bwiadczony i posiada wiedz\u0119 na temat bran\u017cy maszyn budowlanych. Mo\u017ce zapewni\u0107 klientom profesjonalne konsultacje i trafne sugestie zakupowe.<\/li>\n<li><strong>Efektywna dystrybucja logistyczna:<\/strong> Dysponujemy wydajnym systemem dystrybucji logistycznej, aby zapewni\u0107 klientom terminowe i dok\u0142adne dostawy potrzebnych cz\u0119\u015bci. Nasza niezawodna us\u0142uga dostaw gwarantuje p\u0142ynn\u0105 realizacj\u0119 projekt\u00f3w naszych klient\u00f3w.<\/li>\n<\/ul>\n<p>W FMP wierzymy w dostarczanie naszym klientom wysokiej jako\u015bci i niezawodnych rozwi\u0105za\u0144 w zakresie si\u0142ownik\u00f3w hydraulicznych. Dzi\u0119ki naszemu wieloletniemu do\u015bwiadczeniu w bran\u017cy i profesjonalnemu zespo\u0142owi, mo\u017cemy zaoferowa\u0107 klientom spersonalizowane rozwi\u0105zania, dopasowane do ich indywidualnych potrzeb. Skontaktuj si\u0119 z nami ju\u017c dzi\u015b, aby dowiedzie\u0107 si\u0119 wi\u0119cej o naszych produktach i us\u0142ugach!<\/p>\n<p><img decoding=\"async\" src=\"https:\/\/fmp-components.com\/wp-content\/uploads\/2024\/12\/Adjustable-Clevis-Type-Cylinders-6.webp\" alt=\"Regulowany cylinder typu wide\u0142kowego\" width=\"846\" title=\"\"><\/p>\n<h2>Cz\u0119sto zadawane pytania<\/h2>\n<h3>P: Czy jeste\u015b firm\u0105 handlow\u0105 lub produkcyjn\u0105?<\/h3>\n<p>A: Jeste\u015bmy fabryk\u0105.<\/p>\n<h3>P: Jak d\u0142ugi jest czas dostawy?<\/h3>\n<p>A: Zazwyczaj trwa to 25\u201335 dni.<\/p>\n<h3>P: Czy dostarczacie pr\u00f3bki? Czy s\u0105 darmowe czy dodatkowe?<\/h3>\n<p>A: Tak, mogliby\u015bmy zaoferowa\u0107 pr\u00f3bk\u0119, ale nie jest ona darmowa.<\/p>\n<p><img decoding=\"async\" title=\"Si\u0142ownik hydrauliczny p\u0142ugu \u015bnie\u017cnego\" src=\"https:\/\/hzpt.com\/wp-content\/uploads\/2023\/11\/Snow-Plow-Hydraulic-Cylinder-3.webp\" alt=\"Si\u0142ownik hydrauliczny p\u0142ugu \u015bnie\u017cnego\" \/><\/p>\n<p>Autor: CX<\/p>","protected":false},"excerpt":{"rendered":"<p>Factory Price Double Acting Hydraulic Ram Cylinder for Snow Plow The Factory Price Double Acting Hydraulic Ram Cylinder for Snow Plow is an essential component that ensures efficient and reliable performance in snow plowing operations. This high-quality cylinder is designed to withstand the demanding conditions of snow removal, providing a durable and long-lasting solution. Featuring [&hellip;]<\/p>","protected":false},"featured_media":1537,"comment_status":"closed","ping_status":"closed","template":"","meta":{"_et_pb_use_builder":"","_et_pb_old_content":"","_et_gb_content_width":""},"product_brand":[],"product_cat":[42],"product_tag":[34,44],"class_list":{"0":"post-1536","1":"product","2":"type-product","3":"status-publish","4":"has-post-thumbnail","6":"product_cat-snow-plow-hydraulic-cylinder","7":"product_tag-hydraulic-cylinder","8":"product_tag-snow-plow-hydraulic-cylinder","10":"first","11":"instock","12":"product-type-simple"},"_links":{"self":[{"href":"https:\/\/fmp-components.com\/pl\/wp-json\/wp\/v2\/product\/1536","targetHints":{"allow":["GET"]}}],"collection":[{"href":"https:\/\/fmp-components.com\/pl\/wp-json\/wp\/v2\/product"}],"about":[{"href":"https:\/\/fmp-components.com\/pl\/wp-json\/wp\/v2\/types\/product"}],"replies":[{"embeddable":true,"href":"https:\/\/fmp-components.com\/pl\/wp-json\/wp\/v2\/comments?post=1536"}],"wp:featuredmedia":[{"embeddable":true,"href":"https:\/\/fmp-components.com\/pl\/wp-json\/wp\/v2\/media\/1537"}],"wp:attachment":[{"href":"https:\/\/fmp-components.com\/pl\/wp-json\/wp\/v2\/media?parent=1536"}],"wp:term":[{"taxonomy":"product_brand","embeddable":true,"href":"https:\/\/fmp-components.com\/pl\/wp-json\/wp\/v2\/product_brand?post=1536"},{"taxonomy":"product_cat","embeddable":true,"href":"https:\/\/fmp-components.com\/pl\/wp-json\/wp\/v2\/product_cat?post=1536"},{"taxonomy":"product_tag","embeddable":true,"href":"https:\/\/fmp-components.com\/pl\/wp-json\/wp\/v2\/product_tag?post=1536"}],"curies":[{"name":"wp","href":"https:\/\/api.w.org\/{rel}","templated":true}]}}