{"id":1534,"date":"2024-12-23T05:51:36","date_gmt":"2024-12-23T05:51:36","guid":{"rendered":"https:\/\/fmp-components.com\/product\/china-supplier-two-way-hydraulic-piston-cylinder-welded-hydraulic-cylinder\/"},"modified":"2024-12-23T08:46:15","modified_gmt":"2024-12-23T08:46:15","slug":"italy-supplier-two-way-hydraulic-piston-cylinder-welded-hydraulic-cylinder","status":"publish","type":"product","link":"https:\/\/fmp-components.com\/pl\/product\/italy-supplier-two-way-hydraulic-piston-cylinder-welded-hydraulic-cylinder\/","title":{"rendered":"W\u0142ochy Dostawca Dwukierunkowy hydrauliczny cylinder t\u0142okowy Spawany hydrauliczny cylinder"},"content":{"rendered":"<h2>W\u0142ochy Dostawca Dwukierunkowy hydrauliczny cylinder t\u0142okowy Spawany hydrauliczny cylinder<\/h2>\n<p>Dwukierunkowy si\u0142ownik hydrauliczny z t\u0142okiem spawanym od w\u0142oskiego dostawcy to wysokiej jako\u015bci si\u0142ownik hydrauliczny przeznaczony do ci\u0119\u017ckich zastosowa\u0144. Ten si\u0142ownik hydrauliczny zosta\u0142 specjalnie zaprojektowany, aby wytrzyma\u0107 wysokie ci\u015bnienie, wysok\u0105 temperatur\u0119 i trudne warunki \u015brodowiskowe.<\/p>\n<p>Cylinder t\u0142okowy wykonany jest z wysokiej jako\u015bci materia\u0142\u00f3w, kt\u00f3re zapewniaj\u0105 trwa\u0142o\u015b\u0107 i wytrzyma\u0142o\u015b\u0107. Cylinder jest spawany przy u\u017cyciu zaawansowanych technik, kt\u00f3re gwarantuj\u0105 precyzj\u0119 i niezawodno\u015b\u0107. Dzi\u0119ki dwukierunkowej konstrukcji, ten cylinder hydrauliczny zapewnia p\u0142ynny i r\u00f3wnomierny ruch w obu kierunkach.<\/p>\n<p>Ten hydrauliczny si\u0142ownik t\u0142okowy idealnie nadaje si\u0119 do zastosowa\u0144 w budownictwie, g\u00f3rnictwie, rolnictwie i innych ga\u0142\u0119ziach przemys\u0142u ci\u0119\u017ckiego. Zosta\u0142 zaprojektowany specjalnie do pracy w trudnych warunkach i charakteryzuje si\u0119 d\u0142ug\u0105 \u017cywotno\u015bci\u0105.<\/p>\n<p><img decoding=\"async\" title=\"Si\u0142ownik hydrauliczny p\u0142ugu \u015bnie\u017cnego\" src=\"https:\/\/hzpt.com\/wp-content\/uploads\/2023\/11\/Snow-Plow-Hydraulic-Cylinder-2.webp\" alt=\"Si\u0142ownik hydrauliczny p\u0142ugu \u015bnie\u017cnego\" \/><\/p>\n<p>Podsumowuj\u0105c, spawany cylinder hydrauliczny dwukierunkowy z t\u0142okiem firmy Italy Supplier to najwy\u017cszej klasy si\u0142ownik hydrauliczny, kt\u00f3ry oferuje wyj\u0105tkow\u0105 wydajno\u015b\u0107 i niezawodno\u015b\u0107. Niezale\u017cnie od tego, czy szukasz si\u0142ownika hydraulicznego do ci\u0119\u017ckich maszyn lub urz\u0105dze\u0144, ten produkt b\u0119dzie doskona\u0142ym wyborem.<\/p>\n<h2>O produkcie<\/h2>\n<p>Jako wiod\u0105cy dostawca z W\u0142och, z dum\u0105 prezentujemy nasz nowy, standardowy, dwukierunkowy si\u0142ownik hydrauliczny z t\u0142okiem. Ten wysokiej jako\u015bci, spawany si\u0142ownik hydrauliczny zosta\u0142 zaprojektowany z my\u015bl\u0105 o potrzebach warsztat\u00f3w naprawczych maszyn, gospodarstw rolnych, firm energetycznych i g\u00f3rniczych, producent\u00f3w maszyn i innych. Wa\u017c\u0105c zaledwie 6,4 kg, jest on lekki i wytrzyma\u0142y, zapewniaj\u0105c niezawodn\u0105 prac\u0119 nawet w trudnych warunkach.<\/p>\n<h3>Cechy produktu<\/h3>\n<ul>\n<li>\n<ul>\n<li><strong>Pot\u0119\u017cne pchni\u0119cie i ci\u0105gni\u0119cie:<\/strong> Nasz cylinder t\u0142okowy charakteryzuje si\u0119 maksymaln\u0105 si\u0142\u0105 ci\u0105gu 3000 i maksymaln\u0105 si\u0142\u0105 uci\u0105gu 20 ton, co gwarantuje wyj\u0105tkow\u0105 wydajno\u015b\u0107 w r\u00f3\u017cnych zastosowaniach.<\/li>\n<li><strong>Jako\u015b\u0107 materia\u0142u:<\/strong> Korpus cylindra wykonany jest ze stali, co zapewnia d\u0142ugotrwa\u0142\u0105 wytrzyma\u0142o\u015b\u0107 i odporno\u015b\u0107 na zu\u017cycie.<\/li>\n<li><strong>Wszechstronny:<\/strong> Specjalnie zaprojektowany jako si\u0142ownik hydrauliczny do p\u0142uga \u015bnie\u017cnego, wyposa\u017cony w porty G\/SAE\/NPT\/M, dzi\u0119ki czemu nadaje si\u0119 do szerokiej gamy zastosowa\u0144.<\/li>\n<li><strong>Gwarantowana jako\u015b\u0107:<\/strong> Produkt obj\u0119ty jest roczn\u0105 gwarancj\u0105 i zawiera kluczowe komponenty, takie jak \u0142o\u017cyska i cylindry hydrauliczne. Dodatkowo posiada certyfikat ISO9001:2000, co gwarantuje najwy\u017csz\u0105 jako\u015b\u0107.<\/li>\n<\/ul>\n<\/li>\n<\/ul>\n<p><img decoding=\"async\" src=\"https:\/\/hzpt.com\/wp-content\/uploads\/2023\/11\/Snow-Plow-Hydraulic-Cylinder-4Factory.webp\" alt=\"Obraz fabryczny\" title=\"\"><\/p>\n<h2>Zalety regulowanych cylindr\u00f3w typu wide\u0142kowego<\/h2>\n<p>Regulowane si\u0142owniki wide\u0142kowe to urz\u0105dzenia hydrauliczne wykorzystywane w r\u00f3\u017cnych zastosowaniach przemys\u0142owych. Si\u0142owniki te oferuj\u0105 szereg zalet w por\u00f3wnaniu z innymi typami si\u0142ownik\u00f3w hydraulicznych, co czyni je preferowanym wyborem w wielu bran\u017cach. W tym artykule om\u00f3wimy zalety regulowanych si\u0142ownik\u00f3w wide\u0142kowych i ich przydatno\u015b\u0107 w r\u00f3\u017cnych zastosowaniach.<\/p>\n<p>1. Wi\u0119ksza elastyczno\u015b\u0107:<br \/>\nRegulowane si\u0142owniki wide\u0142kowe zapewniaj\u0105 wi\u0119ksz\u0105 elastyczno\u015b\u0107 w zakresie regulacji d\u0142ugo\u015bci skoku. Dzi\u0119ki regulowanym mocowaniom wide\u0142kowym si\u0142owniki te umo\u017cliwiaj\u0105 \u0142atw\u0105 personalizacj\u0119 i adaptacj\u0119 do r\u00f3\u017cnych wymaga\u0144 instalacyjnych. Ta elastyczno\u015b\u0107 sprawia, \u017ce \u200b\u200bnadaj\u0105 si\u0119 do szerokiego zakresu zastosowa\u0144, w tym w budownictwie, transporcie materia\u0142\u00f3w i przemy\u015ble wytw\u00f3rczym.<\/p>\n<p>2. Precyzyjne pozycjonowanie:<br \/>\nJedn\u0105 z kluczowych zalet regulowanych si\u0142ownik\u00f3w wide\u0142kowych jest ich zdolno\u015b\u0107 do precyzyjnego pozycjonowania. Regulowane mocowania wide\u0142kowe umo\u017cliwiaj\u0105 precyzyjn\u0105 regulacj\u0119 d\u0142ugo\u015bci skoku si\u0142ownika, co pozwala na precyzyjn\u0105 kontrol\u0119 jego ruchu wysuwania i wsuwania. Ta precyzyjna mo\u017cliwo\u015b\u0107 pozycjonowania jest niezb\u0119dna w zastosowaniach, w kt\u00f3rych precyzja i kontrola s\u0105 kluczowe, takich jak robotyka i systemy automatyki.<\/p>\n<p>3. Trwa\u0142o\u015b\u0107 i wytrzyma\u0142o\u015b\u0107:<br \/>\nRegulowane si\u0142owniki wide\u0142kowe zosta\u0142y zaprojektowane tak, aby wytrzyma\u0107 du\u017ce obci\u0105\u017cenia i trudne warunki pracy. Si\u0142owniki te s\u0105 wykonane z wysokiej jako\u015bci materia\u0142\u00f3w i poddawane rygorystycznym testom, aby zapewni\u0107 ich trwa\u0142o\u015b\u0107 i wytrzyma\u0142o\u015b\u0107. Dzi\u0119ki solidnej konstrukcji wytrzymuj\u0105 one wysokie ci\u015bnienie i powtarzalne u\u017cytkowanie bez uszczerbku dla wydajno\u015bci, co czyni je idealnymi do wymagaj\u0105cych zastosowa\u0144 w bran\u017cach takich jak g\u00f3rnictwo i rolnictwo.<\/p>\n<p>4. Efektywna konwersja energii:<br \/>\nKolejn\u0105 zalet\u0105 regulowanych si\u0142ownik\u00f3w wide\u0142kowych jest ich efektywna konwersja energii. Si\u0142owniki te wykorzystuj\u0105 ci\u015bnienie hydrauliczne do przekszta\u0142cania energii mechanicznej w ruch liniowy. Wykorzystuj\u0105c si\u0142\u0119 p\u0142yn\u00f3w, si\u0142owniki mog\u0105 generowa\u0107 znaczn\u0105 si\u0142\u0119 przy stosunkowo niewielkim nak\u0142adzie mocy. Ta energooszcz\u0119dna praca zmniejsza zu\u017cycie energii i przyczynia si\u0119 do og\u00f3lnych oszcz\u0119dno\u015bci koszt\u00f3w operacyjnych.<\/p>\n<p>5. \u0141atwa konserwacja:<br \/>\nRegulowane si\u0142owniki wide\u0142kowe zosta\u0142y zaprojektowane z my\u015bl\u0105 o \u0142atwej konserwacji i obs\u0142udze. Cz\u0119sto s\u0105 wyposa\u017cone w takie funkcje, jak wyjmowane sworznie wide\u0142kowe i zestawy uszczelnie\u0144, co u\u0142atwia wykonywanie rutynowych czynno\u015bci konserwacyjnych. Ponadto si\u0142owniki te charakteryzuj\u0105 si\u0119 d\u0142u\u017csz\u0105 \u017cywotno\u015bci\u0105 w por\u00f3wnaniu z innymi typami, co zmniejsza cz\u0119stotliwo\u015b\u0107 wymian i zwi\u0105zane z nimi przestoje.<\/p>\n<p>Podsumowuj\u0105c, regulowane si\u0142owniki wide\u0142kowe oferuj\u0105 szereg zalet, kt\u00f3re czyni\u0105 je niezawodnym wyborem w r\u00f3\u017cnych zastosowaniach przemys\u0142owych. Ich zwi\u0119kszona elastyczno\u015b\u0107, precyzyjne pozycjonowanie, trwa\u0142o\u015b\u0107 i wytrzyma\u0142o\u015b\u0107, efektywne przetwarzanie energii oraz \u0142atwa konserwacja przyczyniaj\u0105 si\u0119 do poprawy wydajno\u015bci i ekonomiczno\u015bci. Zar\u00f3wno w budownictwie, transporcie materia\u0142\u00f3w, jak i w przemy\u015ble wytw\u00f3rczym, si\u0142owniki te zapewniaj\u0105 niezb\u0119dn\u0105 moc i kontrol\u0119, aby spe\u0142ni\u0107 specyficzne wymagania aplikacji. Warto rozwa\u017cy\u0107 wyb\u00f3r w\u0142oskiego dostawcy regulowanych si\u0142ownik\u00f3w wide\u0142kowych, takich jak dwukierunkowy si\u0142ownik hydrauliczny z t\u0142okiem lub spawany si\u0142ownik hydrauliczny, aby zagwarantowa\u0107 wysok\u0105 jako\u015b\u0107 produkt\u00f3w i niezawodno\u015b\u0107 dzia\u0142ania.<\/p>\n<h3>O FMP<\/h3>\n<p>W FMP specjalizujemy si\u0119 w sprzeda\u017cy i serwisie cz\u0119\u015bci oraz kompletnych maszyn budowlanych. Nasza oferta jest szeroka i obejmuje r\u00f3\u017cnego rodzaju maszyny budowlane, takie jak przek\u0142adnie do maszyn rolniczych, si\u0142owniki hydrauliczne, przek\u0142adnie planetarne, przek\u0142adnie przemys\u0142owe, cz\u0119\u015bci do maszyn rolniczych oraz szereg wysokiej jako\u015bci akcesori\u00f3w do nich. Jednym z naszych najpopularniejszych produkt\u00f3w jest si\u0142ownik hydrauliczny.<\/p>\n<p>Oto pi\u0119\u0107 powod\u00f3w, dla kt\u00f3rych si\u0142owniki hydrauliczne FMP s\u0105 najlepszym wyborem dla Twoich maszyn:<\/p>\n<p>1. Materia\u0142y wysokiej jako\u015bci: Nasze cylindry hydrauliczne s\u0105 produkowane z materia\u0142\u00f3w wysokiej jako\u015bci, co gwarantuje ich trwa\u0142o\u015b\u0107 i niezawodno\u015b\u0107.<\/p>\n<p>2. Mo\u017cliwo\u015b\u0107 dostosowania konstrukcji: Oferujemy regulowane cylindry typu wide\u0142kowego, kt\u00f3re mo\u017cna \u0142atwo dostosowa\u0107 do konkretnych potrzeb i wymaga\u0144.<\/p>\n<p>3. Zesp\u00f3\u0142 profesjonalist\u00f3w: Nasz do\u015bwiadczony i wykwalifikowany zesp\u00f3\u0142 sprzeda\u017cy posiada wiedz\u0119 na temat bran\u017cy maszyn budowlanych i mo\u017ce zapewni\u0107 profesjonalne doradztwo w zakresie produkt\u00f3w oraz inteligentne sugestie zakupowe.<\/p>\n<p>4. Surowe standardy jako\u015bci: Dzi\u0119ki nawi\u0105zaniu d\u0142ugoterminowych i stabilnych relacji wsp\u00f3\u0142pracy z wieloma wysokiej jako\u015bci dostawcami w kraju i za granic\u0105, mamy pewno\u015b\u0107, \u017ce wszystkie dostarczane cz\u0119\u015bci spe\u0142niaj\u0105 surowe standardy jako\u015bci.<\/p>\n<p>5. Wydajny system dystrybucji logistycznej: Dysponujemy wydajnym systemem dystrybucji logistycznej, kt\u00f3ry gwarantuje, \u017ce klienci otrzymaj\u0105 potrzebne cz\u0119\u015bci na czas i w odpowiedni spos\u00f3b.<\/p>\n<p>Nasze si\u0142owniki hydrauliczne idealnie nadaj\u0105 si\u0119 do r\u00f3\u017cnorodnych zastosowa\u0144, w tym do maszyn rolniczych, budowlanych i przemys\u0142owych. Z FMP mo\u017cesz mie\u0107 pewno\u015b\u0107, \u017ce otrzymasz produkty i us\u0142ugi najwy\u017cszej jako\u015bci, poparte wieloletnim do\u015bwiadczeniem w bran\u017cy i profesjonalnym zespo\u0142em. Przekonaj si\u0119 sam, dlaczego FMP to najlepszy wyb\u00f3r w zakresie cz\u0119\u015bci do maszyn budowlanych i kompletnych rozwi\u0105za\u0144.<\/p>\n<p><img decoding=\"async\" src=\"https:\/\/fmp-components.com\/wp-content\/uploads\/2024\/12\/Adjustable-Clevis-Type-Cylinders-6.webp\" alt=\"Regulowany cylinder typu wide\u0142kowego\" width=\"845\" title=\"\"><\/p>\n<h2>Cz\u0119sto zadawane pytania<\/h2>\n<ol>\n<li><strong>P: Czy jeste\u015b firm\u0105 handlow\u0105 lub produkcyjn\u0105?<\/strong><br \/>\nA: Jeste\u015bmy producentem.<\/li>\n<li><strong>P: Jak d\u0142ugi jest czas dostawy?<\/strong><br \/>\nA: Zazwyczaj trwa to 25\u201335 dni.<\/li>\n<li><strong>P: Czy dostarczacie pr\u00f3bki? Czy s\u0105 darmowe czy dodatkowe?<\/strong><br \/>\nA: Tak, oferujemy pr\u00f3bki, ale nie s\u0105 one darmowe.<\/li>\n<\/ol>\n<p>Autor: CX<\/p>","protected":false},"excerpt":{"rendered":"<p>Italy Supplier Two Way Hydraulic Piston Cylinder Welded Hydraulic Cylinder Italy Supplier Two Way Hydraulic Piston Cylinder Welded Hydraulic Cylinder is a high-quality hydraulic cylinder designed for heavy-duty applications. This hydraulic cylinder is specifically designed to withstand high pressure, high temperature, and harsh environmental conditions. The piston cylinder is made of high-quality materials that ensure [&hellip;]<\/p>","protected":false},"featured_media":1535,"comment_status":"closed","ping_status":"closed","template":"","meta":{"_et_pb_use_builder":"","_et_pb_old_content":"","_et_gb_content_width":""},"product_brand":[],"product_cat":[42],"product_tag":[34,44],"class_list":{"0":"post-1534","1":"product","2":"type-product","3":"status-publish","4":"has-post-thumbnail","6":"product_cat-snow-plow-hydraulic-cylinder","7":"product_tag-hydraulic-cylinder","8":"product_tag-snow-plow-hydraulic-cylinder","10":"first","11":"instock","12":"product-type-simple"},"_links":{"self":[{"href":"https:\/\/fmp-components.com\/pl\/wp-json\/wp\/v2\/product\/1534","targetHints":{"allow":["GET"]}}],"collection":[{"href":"https:\/\/fmp-components.com\/pl\/wp-json\/wp\/v2\/product"}],"about":[{"href":"https:\/\/fmp-components.com\/pl\/wp-json\/wp\/v2\/types\/product"}],"replies":[{"embeddable":true,"href":"https:\/\/fmp-components.com\/pl\/wp-json\/wp\/v2\/comments?post=1534"}],"wp:featuredmedia":[{"embeddable":true,"href":"https:\/\/fmp-components.com\/pl\/wp-json\/wp\/v2\/media\/1535"}],"wp:attachment":[{"href":"https:\/\/fmp-components.com\/pl\/wp-json\/wp\/v2\/media?parent=1534"}],"wp:term":[{"taxonomy":"product_brand","embeddable":true,"href":"https:\/\/fmp-components.com\/pl\/wp-json\/wp\/v2\/product_brand?post=1534"},{"taxonomy":"product_cat","embeddable":true,"href":"https:\/\/fmp-components.com\/pl\/wp-json\/wp\/v2\/product_cat?post=1534"},{"taxonomy":"product_tag","embeddable":true,"href":"https:\/\/fmp-components.com\/pl\/wp-json\/wp\/v2\/product_tag?post=1534"}],"curies":[{"name":"wp","href":"https:\/\/api.w.org\/{rel}","templated":true}]}}