{"id":1532,"date":"2024-12-23T05:51:36","date_gmt":"2024-12-23T05:51:36","guid":{"rendered":"https:\/\/fmp-components.com\/product\/customized-two-way-double-effect-hydraulic-piston-cylinder\/"},"modified":"2024-12-23T06:02:52","modified_gmt":"2024-12-23T06:02:52","slug":"customized-two-way-double-effect-hydraulic-piston-cylinder","status":"publish","type":"product","link":"https:\/\/fmp-components.com\/pl\/product\/customized-two-way-double-effect-hydraulic-piston-cylinder\/","title":{"rendered":"Niestandardowy dwukierunkowy si\u0142ownik hydrauliczny z podw\u00f3jnym efektem"},"content":{"rendered":"<p>Dostosowany, dwukierunkowy, dwukierunkowy si\u0142ownik hydrauliczny z t\u0142okiem. Dostosowany, dwukierunkowy, dwukierunkowy si\u0142ownik hydrauliczny z t\u0142okiem to wysokiej jako\u015bci produkt zaprojektowany z my\u015bl\u0105 o spe\u0142nieniu wymaga\u0144 r\u00f3\u017cnorodnych zastosowa\u0144 przemys\u0142owych. Dzi\u0119ki zaawansowanej technologii hydraulicznej, ten si\u0142ownik t\u0142okowy oferuje doskona\u0142\u0105 wydajno\u015b\u0107 i niezawodno\u015b\u0107.<\/p>\n<p>Ten hydrauliczny si\u0142ownik t\u0142okowy o dwukierunkowej konstrukcji i podw\u00f3jnym dzia\u0142aniu umo\u017cliwia wydajne i precyzyjne sterowanie uk\u0142adami hydraulicznymi. Umo\u017cliwia zar\u00f3wno wysuwanie, jak i wsuwanie t\u0142oka, zapewniaj\u0105c p\u0142ynny i precyzyjny ruch.<\/p>\n<p>Cylinder wykonany jest z trwa\u0142ych materia\u0142\u00f3w, kt\u00f3re zapewniaj\u0105 d\u0142ugowieczno\u015b\u0107 i odporno\u015b\u0107 na zu\u017cycie. Zosta\u0142 zaprojektowany tak, aby wytrzyma\u0107 wysokie ci\u015bnienie i du\u017ce obci\u0105\u017cenia, dzi\u0119ki czemu nadaje si\u0119 do wymagaj\u0105cych warunk\u00f3w przemys\u0142owych.<\/p>\n<p><img loading=\"lazy\" decoding=\"async\" class=\"\" title=\"Si\u0142ownik hydrauliczny p\u0142ugu \u015bnie\u017cnego\" src=\"https:\/\/hzpt.com\/wp-content\/uploads\/2023\/11\/Snow-Plow-Hydraulic-Cylinder-3.webp\" alt=\"Si\u0142ownik hydrauliczny p\u0142ugu \u015bnie\u017cnego\" width=\"922\" height=\"922\" \/><\/p>\n<p>Dwukierunkowy si\u0142ownik hydrauliczny z podw\u00f3jnym dzia\u0142aniem, dostosowany do indywidualnych potrzeb, jest wysoce konfigurowalny. Mo\u017cna go dostosowa\u0107 do r\u00f3\u017cnych d\u0142ugo\u015bci skoku, \u015brednicy cylindra i opcji monta\u017cu. Ta wszechstronno\u015b\u0107 pozwala na bezproblemow\u0105 integracj\u0119 z istniej\u0105cymi uk\u0142adami hydraulicznymi lub tworzenie nowych.<\/p>\n<p>Opr\u00f3cz wyj\u0105tkowej wydajno\u015bci, ten cylinder t\u0142okowy zosta\u0142 zaprojektowany z my\u015bl\u0105 o bezpiecze\u0144stwie. Wyposa\u017cony jest w uszczelki i amortyzatory, kt\u00f3re zapobiegaj\u0105 wyciekom i minimalizuj\u0105 wibracje, zapewniaj\u0105c bezpieczn\u0105 i stabiln\u0105 prac\u0119.<\/p>\n<p>Podsumowuj\u0105c, dostosowany, dwukierunkowy si\u0142ownik hydrauliczny z podw\u00f3jnym dzia\u0142aniem to niezawodne i wydajne rozwi\u0105zanie do r\u00f3\u017cnych zastosowa\u0144 przemys\u0142owych. Jego mo\u017cliwo\u015bci personalizacji, doskona\u0142a wydajno\u015b\u0107 i funkcje bezpiecze\u0144stwa sprawiaj\u0105, \u017ce jest to idealny wyb\u00f3r dla firm poszukuj\u0105cych udoskonalenia swoich system\u00f3w hydraulicznych.<\/p>\n<div>\n<p>Zmodernizuj swoje maszyny dzi\u0119ki dwukierunkowemu si\u0142ownikowi hydraulicznemu o podw\u00f3jnym dzia\u0142aniu, aby uzyska\u0107 maksymaln\u0105 personalizacj\u0119 i wydajno\u015b\u0107. Zbudowany z precyzj\u0105 i wiedz\u0105 specjalistyczn\u0105, ten si\u0142ownik hydrauliczny gwarantuje najwy\u017csz\u0105 wydajno\u015b\u0107 i niezawodno\u015b\u0107.<\/p>\n<p><img decoding=\"async\" title=\"Si\u0142ownik hydrauliczny p\u0142ugu \u015bnie\u017cnego\" src=\"https:\/\/hzpt.com\/wp-content\/uploads\/2023\/11\/Snow-Plow-Hydraulic-Cylinder-2.webp\" alt=\"Si\u0142ownik hydrauliczny p\u0142ugu \u015bnie\u017cnego\" \/><\/p>\n<h2>Cechy produktu<\/h2>\n<table style=\"width: 100%;\" border=\"1\" width=\"100%\" cellspacing=\"0\" cellpadding=\"0\">\n<tbody>\n<tr>\n<th>Nazwa produktu<\/th>\n<td>Si\u0142ownik hydrauliczny p\u0142ugu \u015bnie\u017cnego<\/td>\n<\/tr>\n<tr>\n<th>Stan<\/th>\n<td>Nowy<\/td>\n<\/tr>\n<tr>\n<th>Gwarancja<\/th>\n<td>1 rok<\/td>\n<\/tr>\n<tr>\n<th>Zastosowane bran\u017ce<\/th>\n<td>Warsztaty naprawy maszyn, gospodarstwa rolne, energetyka i g\u00f3rnictwo, produkcja maszyn, fabryki maszyn<\/td>\n<\/tr>\n<tr>\n<th>Waga (kg)<\/th>\n<td>6.4<\/td>\n<\/tr>\n<tr>\n<th>Typ marketingu<\/th>\n<td>Nowy produkt 2023<\/td>\n<\/tr>\n<tr>\n<th>G\u0142\u00f3wne komponenty<\/th>\n<td>\u0141o\u017cysko, si\u0142ownik hydrauliczny<\/td>\n<\/tr>\n<tr>\n<th>Struktura<\/th>\n<td>T\u0142ok cylindra<\/td>\n<\/tr>\n<tr>\n<th>\u0179r\u00f3d\u0142o zasilania<\/th>\n<td>Hydrauliczny<\/td>\n<\/tr>\n<\/tbody>\n<\/table>\n<h2>Konserwacja i piel\u0119gnacja<\/h2>\n<p>Ten hydrauliczny si\u0142ownik t\u0142okowy, obj\u0119ty roczn\u0105 gwarancj\u0105 i wyposa\u017cony w \u0142o\u017cyska oraz cylindry hydrauliczne, zosta\u0142 zaprojektowany z my\u015bl\u0105 o d\u0142ugim okresie u\u017cytkowania. Stalowy korpus zwi\u0119ksza jego trwa\u0142o\u015b\u0107, pozwalaj\u0105c mu wytrzyma\u0107 nawet najtrudniejsze warunki. Dzi\u0119ki maksymalnej sile ci\u0105gu 3000 i uci\u0105gowi 20 ton, jest to prawdziwa pot\u0119ga wydajno\u015bci.<\/p>\n<h2>Aplikacje<\/h2>\n<p>Dzi\u0119ki kompaktowym rozmiarom i wadze zaledwie 6,4 kg, ten hydrauliczny si\u0142ownik t\u0142okowy nadaje si\u0119 do stosowania w warsztatach naprawczych maszyn, gospodarstwach rolnych, przemy\u015ble energetycznym i g\u00f3rniczym, a tak\u017ce w produkcji maszyn i fabrykach. Jego wszechstronno\u015b\u0107 zastosowa\u0144 sprawia, \u017ce \u200b\u200bidealnie nadaje si\u0119 do r\u00f3\u017cnych konfiguracji maszyn.<\/p>\n<p><img decoding=\"async\" src=\"https:\/\/hzpt.com\/wp-content\/uploads\/2023\/11\/Snow-Plow-Hydraulic-Cylinder-4Factory.webp\" alt=\"Obraz fabryczny\" title=\"\"><\/p>\n<\/div>\n<h2>Zalety regulowanych cylindr\u00f3w typu wide\u0142kowego<\/h2>\n<ul>\n<li style=\"list-style-type: none;\">\n<ul>\n<li>Zwi\u0119kszona wszechstronno\u015b\u0107<\/li>\n<\/ul>\n<\/li>\n<\/ul>\n<p>Regulowany si\u0142ownik z wide\u0142kami oferuje szeroki zakres elastyczno\u015bci zastosowania, poniewa\u017c mo\u017cna go dostosowa\u0107 do konkretnych zastosowa\u0144. Dotyczy to w szczeg\u00f3lno\u015bci dostosowanego dwukierunkowego si\u0142ownika hydraulicznego z podw\u00f3jnym dzia\u0142aniem. Mo\u017cliwo\u015b\u0107 regulacji punkt\u00f3w mocowania u\u0142atwia instalacj\u0119 i u\u017cytkowanie w r\u00f3\u017cnych zastosowaniach.<\/p>\n<ul>\n<li style=\"list-style-type: none;\">\n<ul>\n<li>Poprawiona wydajno\u015b\u0107<\/li>\n<\/ul>\n<\/li>\n<\/ul>\n<p>Zastosowanie regulowanych si\u0142ownik\u00f3w wide\u0142kowych gwarantuje optymalizacj\u0119 si\u0142ownika pod k\u0105tem jego przeznaczenia. Oznacza to, \u017ce si\u0142ownik nie jest nadmiernie ani niedostatecznie wykorzystywany, co przek\u0142ada si\u0119 na lepsz\u0105 wydajno\u015b\u0107. Jest to szczeg\u00f3lnie wa\u017cne w przypadku niestandardowych, dwukierunkowych, dwukierunkowych si\u0142ownik\u00f3w hydraulicznych, poniewa\u017c mo\u017cna je zoptymalizowa\u0107 pod k\u0105tem dwukierunkowego dzia\u0142ania, co przek\u0142ada si\u0119 na lepsz\u0105 kontrol\u0119 obci\u0105\u017cenia.<\/p>\n<ul>\n<li style=\"list-style-type: none;\">\n<ul>\n<li>Zwi\u0119kszone bezpiecze\u0144stwo<\/li>\n<\/ul>\n<\/li>\n<\/ul>\n<p>Regulowane cylindry z wide\u0142kami s\u0105 zaprojektowane tak, aby mo\u017cna je by\u0142o \u0142atwo regulowa\u0107, co znacznie zmniejsza ryzyko wypadk\u00f3w. Jest to szczeg\u00f3lnie wa\u017cne w przypadku niestandardowych, dwukierunkowych, hydraulicznych cylindr\u00f3w t\u0142okowych o podw\u00f3jnym dzia\u0142aniu, kt\u00f3re mo\u017cna zoptymalizowa\u0107 pod k\u0105tem bezpiecze\u0144stwa w zastosowaniach dwukierunkowych. Dodatkowo, zastosowanie wysokiej jako\u015bci materia\u0142\u00f3w gwarantuje niezawodno\u015b\u0107 i bezpiecze\u0144stwo u\u017cytkowania tych cylindr\u00f3w.<\/p>\n<ul>\n<li style=\"list-style-type: none;\">\n<ul>\n<li>Zwi\u0119kszona trwa\u0142o\u015b\u0107<\/li>\n<\/ul>\n<\/li>\n<\/ul>\n<p>Regulowane cylindry wide\u0142kowe s\u0105 trwa\u0142e. Wykonane s\u0105 z wysokiej jako\u015bci materia\u0142\u00f3w, kt\u00f3re wytrzymuj\u0105 trudy intensywnego u\u017cytkowania. Dotyczy to w szczeg\u00f3lno\u015bci dostosowanego dwukierunkowego cylindra hydraulicznego z podw\u00f3jnym dzia\u0142aniem, kt\u00f3ry zosta\u0142 zaprojektowany tak, aby wytrzymywa\u0107 ci\u015bnienia wyst\u0119puj\u0105ce w zastosowaniach dwukierunkowych. Dzi\u0119ki temu cylinder b\u0119dzie s\u0142u\u017cy\u0142 d\u0142u\u017cej i b\u0119dzie wymaga\u0142 rzadszej wymiany, co z czasem prze\u0142o\u017cy si\u0119 na oszcz\u0119dno\u015bci.<\/p>\n<ul>\n<li style=\"list-style-type: none;\">\n<ul>\n<li>Poprawiona wydajno\u015b\u0107<\/li>\n<\/ul>\n<\/li>\n<\/ul>\n<p>Regulowane si\u0142owniki z wide\u0142kami zosta\u0142y zaprojektowane z my\u015bl\u0105 o optymalizacji wydajno\u015bci. Mo\u017cliwo\u015b\u0107 regulacji punkt\u00f3w mocowania zapewnia lepsz\u0105 kontrol\u0119 nad obci\u0105\u017ceniem, co przek\u0142ada si\u0119 na lepsz\u0105 wydajno\u015b\u0107. Jest to szczeg\u00f3lnie wa\u017cne w przypadku niestandardowych si\u0142ownik\u00f3w hydraulicznych z dwukierunkowym, dwukierunkowym dzia\u0142aniem, kt\u00f3re mo\u017cna zoptymalizowa\u0107 pod k\u0105tem lepszej wydajno\u015bci w zastosowaniach dwukierunkowych. Ponadto, zastosowanie wysokiej jako\u015bci materia\u0142\u00f3w gwarantuje, \u017ce si\u0142owniki te b\u0119d\u0105 dzia\u0142a\u0107 optymalnie przez d\u0142u\u017cszy czas.<\/p>\n<p>Podsumowuj\u0105c, zastosowanie regulowanych cylindr\u00f3w z wide\u0142kami, a w szczeg\u00f3lno\u015bci dostosowanych, dwukierunkowych, hydraulicznych cylindr\u00f3w t\u0142okowych o podw\u00f3jnym dzia\u0142aniu, oferuje szeroki wachlarz korzy\u015bci. Cylindry te s\u0105 wszechstronne, wydajne, bezpieczne, trwa\u0142e i oferuj\u0105 lepsz\u0105 wydajno\u015b\u0107. Dzi\u0119ki mo\u017cliwo\u015bci dostosowania do konkretnych zastosowa\u0144, cylindry te stanowi\u0105 doskona\u0142y wyb\u00f3r do wszelkich zastosowa\u0144 wymagaj\u0105cych du\u017cej wytrzyma\u0142o\u015bci.<\/p>\n<h3>O firmie FMP \u2013 Twoim profesjonalnym dostawcy cylindr\u00f3w hydraulicznych<\/h3>\n<p>W FMP specjalizujemy si\u0119 w sprzeda\u017cy i serwisie cz\u0119\u015bci oraz kompletnych maszyn budowlanych. Jeste\u015bmy dumni z bycia wiod\u0105cym dostawc\u0105 wysokiej jako\u015bci i niezawodnych si\u0142ownik\u00f3w hydraulicznych. Oto kilka powod\u00f3w, dla kt\u00f3rych uwa\u017camy, \u017ce nasze si\u0142owniki hydrauliczne s\u0105 najlepsze na rynku:<\/p>\n<p>1. Precyzyjna in\u017cynieria \u2013 nasze cylindry hydrauliczne zosta\u0142y zaprojektowane z precyzj\u0105, co gwarantuje ich trwa\u0142o\u015b\u0107 i niezawodno\u015b\u0107 nawet w najtrudniejszych warunkach.<\/p>\n<p>2. Szeroki zakres zastosowa\u0144 \u2013 Nasze si\u0142owniki hydrauliczne mog\u0105 by\u0107 u\u017cywane w szerokim zakresie zastosowa\u0144, w tym w maszynach rolniczych, sprz\u0119cie przemys\u0142owym i maszynach budowlanych.<\/p>\n<p>3. Projektowanie na zam\u00f3wienie \u2013 mo\u017cemy dostosowa\u0107 konstrukcj\u0119 naszych cylindr\u00f3w hydraulicznych do konkretnych potrzeb naszych klient\u00f3w, zapewniaj\u0105c im najlepsz\u0105 mo\u017cliw\u0105 wydajno\u015b\u0107 naszych produkt\u00f3w.<\/p>\n<p>4. Materia\u0142y wysokiej jako\u015bci \u2013 Do produkcji naszych cylindr\u00f3w hydraulicznych u\u017cywamy wy\u0142\u0105cznie materia\u0142\u00f3w najwy\u017cszej jako\u015bci, co gwarantuje ich odporno\u015b\u0107 na zu\u017cycie i uszkodzenia z biegiem czasu.<\/p>\n<p>5. Doskona\u0142a obs\u0142uga klienta \u2013 W FMP szczycimy si\u0119 tym, \u017ce zapewniamy doskona\u0142\u0105 obs\u0142ug\u0119 klienta wszystkim naszym klientom. Od konsultacji produktowych po trafne sugestie zakupowe \u2013 nasz do\u015bwiadczony zesp\u00f3\u0142 sprzeda\u017cy zawsze s\u0142u\u017cy pomoc\u0105.<\/p>\n<p>Je\u015bli szukasz niezawodnego i trwa\u0142ego dostawcy si\u0142ownik\u00f3w hydraulicznych, FMP jest w\u0142a\u015bnie dla Ciebie. Skontaktuj si\u0119 z nami ju\u017c dzi\u015b, aby dowiedzie\u0107 si\u0119 wi\u0119cej o naszych produktach i us\u0142ugach oraz o tym, jak mo\u017cemy pom\u00f3c Ci w zaspokojeniu Twoich potrzeb w zakresie maszyn budowlanych!<\/p>\n<p><img decoding=\"async\" src=\"https:\/\/fmp-components.com\/wp-content\/uploads\/2024\/12\/Adjustable-Clevis-Type-Cylinders-6.webp\" alt=\"Regulowany cylinder typu wide\u0142kowego\" width=\"844\" title=\"\"><\/p>\n<h2>Cz\u0119sto zadawane pytania<\/h2>\n<ol>\n<li><strong>P: Czy jeste\u015b firm\u0105 handlow\u0105 czy produkcyjn\u0105?<\/strong>A: Jeste\u015bmy fabryk\u0105.<\/li>\n<li><strong>P: Jak d\u0142ugi jest czas dostawy?<\/strong>A: Zazwyczaj trwa to 25\u201335 dni.<\/li>\n<li><strong>P: Czy dostarczacie pr\u00f3bki? Czy s\u0105 darmowe czy dodatkowe?<\/strong>O: Tak, mogliby\u015bmy zaoferowa\u0107 pr\u00f3bk\u0119, ale nie jest ona darmowa.<\/li>\n<\/ol>\n<p>Autor: CX<\/p>","protected":false},"excerpt":{"rendered":"<p>Customized Two Way Double Effect Hydraulic Piston CylinderThe Customized Two Way Double Effect Hydraulic Piston Cylinder is a high-quality product designed to meet the demands of various industrial applications. With its advanced hydraulic technology, this piston cylinder offers superior performance and reliability. Featuring a two-way, double-effect design, this hydraulic piston cylinder allows for efficient and [&hellip;]<\/p>","protected":false},"featured_media":1533,"comment_status":"closed","ping_status":"closed","template":"","meta":{"_et_pb_use_builder":"","_et_pb_old_content":"","_et_gb_content_width":""},"product_brand":[],"product_cat":[42],"product_tag":[34,44],"class_list":{"0":"post-1532","1":"product","2":"type-product","3":"status-publish","4":"has-post-thumbnail","6":"product_cat-snow-plow-hydraulic-cylinder","7":"product_tag-hydraulic-cylinder","8":"product_tag-snow-plow-hydraulic-cylinder","10":"first","11":"instock","12":"product-type-simple"},"_links":{"self":[{"href":"https:\/\/fmp-components.com\/pl\/wp-json\/wp\/v2\/product\/1532","targetHints":{"allow":["GET"]}}],"collection":[{"href":"https:\/\/fmp-components.com\/pl\/wp-json\/wp\/v2\/product"}],"about":[{"href":"https:\/\/fmp-components.com\/pl\/wp-json\/wp\/v2\/types\/product"}],"replies":[{"embeddable":true,"href":"https:\/\/fmp-components.com\/pl\/wp-json\/wp\/v2\/comments?post=1532"}],"wp:featuredmedia":[{"embeddable":true,"href":"https:\/\/fmp-components.com\/pl\/wp-json\/wp\/v2\/media\/1533"}],"wp:attachment":[{"href":"https:\/\/fmp-components.com\/pl\/wp-json\/wp\/v2\/media?parent=1532"}],"wp:term":[{"taxonomy":"product_brand","embeddable":true,"href":"https:\/\/fmp-components.com\/pl\/wp-json\/wp\/v2\/product_brand?post=1532"},{"taxonomy":"product_cat","embeddable":true,"href":"https:\/\/fmp-components.com\/pl\/wp-json\/wp\/v2\/product_cat?post=1532"},{"taxonomy":"product_tag","embeddable":true,"href":"https:\/\/fmp-components.com\/pl\/wp-json\/wp\/v2\/product_tag?post=1532"}],"curies":[{"name":"wp","href":"https:\/\/api.w.org\/{rel}","templated":true}]}}