{"id":1530,"date":"2024-12-23T05:51:36","date_gmt":"2024-12-23T05:51:36","guid":{"rendered":"https:\/\/fmp-components.com\/product\/excellent-quality-welded-snow-plow-hydraulic-cylinder\/"},"modified":"2024-12-23T06:10:13","modified_gmt":"2024-12-23T06:10:13","slug":"excellent-quality-welded-snow-plow-hydraulic-cylinder","status":"publish","type":"product","link":"https:\/\/fmp-components.com\/pl\/product\/excellent-quality-welded-snow-plow-hydraulic-cylinder\/","title":{"rendered":"Doskona\u0142ej jako\u015bci spawany si\u0142ownik hydrauliczny p\u0142uga \u015bnie\u017cnego"},"content":{"rendered":"<h2>Doskona\u0142ej jako\u015bci spawany si\u0142ownik hydrauliczny p\u0142uga \u015bnie\u017cnego<\/h2>\n<p>Spawany si\u0142ownik hydrauliczny do p\u0142ug\u00f3w \u015bnie\u017cnych o doskona\u0142ej jako\u015bci to wysokowydajny element hydrauliczny zaprojektowany specjalnie do zastosowa\u0144 w p\u0142ugach \u015bnie\u017cnych. Dzi\u0119ki trwa\u0142ej konstrukcji i zaawansowanym funkcjom, si\u0142ownik ten gwarantuje niezawodn\u0105 prac\u0119 nawet w najtrudniejszych warunkach zimowych.<\/p>\n<p>G\u0142\u00f3wne cechy:<br \/>\n1. Solidna konstrukcja: Wykonany z wysokiej jako\u015bci materia\u0142\u00f3w, spawany si\u0142ownik hydrauliczny p\u0142uga \u015bnie\u017cnego Excellent Quality Spaved zosta\u0142 zaprojektowany tak, aby wytrzyma\u0107 intensywne u\u017cytkowanie. Jego solidna, spawana konstrukcja zapewnia wyj\u0105tkow\u0105 wytrzyma\u0142o\u015b\u0107 i trwa\u0142o\u015b\u0107, gwarantuj\u0105c d\u0142ug\u0105 \u017cywotno\u015b\u0107.<\/p>\n<p>2. Doskona\u0142a wydajno\u015b\u0107 hydrauliczna: Ten si\u0142ownik hydrauliczny zosta\u0142 zaprojektowany tak, aby zapewni\u0107 doskona\u0142\u0105 wydajno\u015b\u0107 hydrauliczn\u0105. Precyzyjna obr\u00f3bka i technologie uszczelniania zapewniaj\u0105 p\u0142ynny i wydajny ruch, co przek\u0142ada si\u0119 na optymaln\u0105 prac\u0119 p\u0142uga \u015bnie\u017cnego.<\/p>\n<p>3. Zwi\u0119kszona odporno\u015b\u0107 na warunki atmosferyczne: Wysokiej jako\u015bci spawany si\u0142ownik hydrauliczny p\u0142uga \u015bnie\u017cnego zosta\u0142 zaprojektowany tak, aby wytrzyma\u0107 ekstremalnie niskie temperatury i trudne warunki pogodowe. Jego uszczelnienia i pow\u0142oki zosta\u0142y opracowane specjalnie, aby by\u0107 odporne na zamarzanie, korozj\u0119 i \u015bcieranie, zapewniaj\u0105c niezawodn\u0105 prac\u0119 w ka\u017cdych warunkach zimowych.<\/p>\n<p><img loading=\"lazy\" decoding=\"async\" class=\"\" title=\"Si\u0142ownik hydrauliczny p\u0142ugu \u015bnie\u017cnego\" src=\"https:\/\/hzpt.com\/wp-content\/uploads\/2023\/11\/Snow-Plow-Hydraulic-Cylinder-3.webp\" alt=\"Si\u0142ownik hydrauliczny p\u0142ugu \u015bnie\u017cnego\" width=\"888\" height=\"888\" \/><\/p>\n<p>4. \u0141atwa instalacja i konserwacja: Dzi\u0119ki przyjaznej dla u\u017cytkownika konstrukcji, ten si\u0142ownik hydrauliczny jest \u0142atwy w instalacji i konserwacji. W zestawie znajduje si\u0119 przejrzysta instrukcja i wszystkie niezb\u0119dne elementy monta\u017cowe, co upraszcza proces konfiguracji. Dodatkowo, rutynowe czynno\u015bci konserwacyjne mo\u017cna wykonywa\u0107 szybko i bez wysi\u0142ku.<\/p>\n<p>5. Wszechstronna kompatybilno\u015b\u0107: Wysokiej jako\u015bci spawany si\u0142ownik hydrauliczny p\u0142uga \u015bnie\u017cnego jest kompatybilny z szerok\u0105 gam\u0105 modeli i marek p\u0142ug\u00f3w \u015bnie\u017cnych. Mo\u017cna go \u0142atwo zintegrowa\u0107 z istniej\u0105cymi systemami lub wykorzysta\u0107 jako cz\u0119\u015b\u0107 zamienn\u0105, zapewniaj\u0105c wszechstronno\u015b\u0107 i elastyczno\u015b\u0107 w r\u00f3\u017cnych zastosowaniach.<\/p>\n<p>Podsumowuj\u0105c, spawany si\u0142ownik hydrauliczny do p\u0142ugu \u015bnie\u017cnego Excellent Quality to wysokiej jako\u015bci komponent hydrauliczny, kt\u00f3ry oferuje wyj\u0105tkow\u0105 wydajno\u015b\u0107 i niezawodno\u015b\u0107 podczas pracy p\u0142ugiem \u015bnie\u017cnym. Dzi\u0119ki solidnej konstrukcji, doskona\u0142ym mo\u017cliwo\u015bciom hydraulicznym, odporno\u015bci na warunki atmosferyczne, \u0142atwo\u015bci monta\u017cu i konserwacji, a tak\u017ce wszechstronnej kompatybilno\u015bci, jest to doskona\u0142y wyb\u00f3r dla ka\u017cdego, kto poszukuje wysokiej jako\u015bci si\u0142ownika hydraulicznego do swojego p\u0142ugu \u015bnie\u017cnego. Przedstawiamy spawany si\u0142ownik hydrauliczny do p\u0142ugu \u015bnie\u017cnego Excellent Quality \u2013 niezawodne i wydajne rozwi\u0105zanie do ci\u0119\u017ckich zada\u0144. Produkt ten gwarantuje wysok\u0105 wydajno\u015b\u0107 dzi\u0119ki imponuj\u0105cym funkcjom i specyfikacjom. Si\u0142ownik hydrauliczny jest fabrycznie nowy i obj\u0119ty roczn\u0105 gwarancj\u0105, co daje Ci pewno\u015b\u0107, \u017ce inwestujesz w produkt wysokiej jako\u015bci.<\/p>\n<h2>Cechy produktu<\/h2>\n<p>Ten si\u0142ownik hydrauliczny do p\u0142uga \u015bnie\u017cnego to standardowy si\u0142ownik t\u0142okowy zasilany ci\u015bnieniem hydraulicznym. Korpus wykonany jest z wytrzyma\u0142ej stali i osi\u0105ga maksymaln\u0105 si\u0142\u0119 ci\u0105gu 3000. Si\u0142ownik jest w eleganckim czarnym kolorze, co dodaje elegancji jego solidnej konstrukcji.<\/p>\n<h3>Wymiary<\/h3>\n<ul>\n<li>\u015arednica otworu: 2-6 cali<\/li>\n<li>Rozmiar pr\u0119ta: 1,125-4 cale<\/li>\n<li>Rozmiar skoku: 4-100 cali<\/li>\n<li>Rozmiar szpilki: 0,5-2 cale<\/li>\n<\/ul>\n<h3>Orzecznictwo<\/h3>\n<p>Si\u0142ownik hydrauliczny p\u0142uga do od\u015bnie\u017cania posiada certyfikat ISO9001:2000, kt\u00f3ry jest potwierdzeniem jego jako\u015bci i niezawodno\u015bci.<\/p>\n<h2>Konserwacja i piel\u0119gnacja<\/h2>\n<p>Regularna konserwacja i w\u0142a\u015bciwa piel\u0119gnacja s\u0105 kluczowe dla d\u0142ugowieczno\u015bci i optymalnej wydajno\u015bci si\u0142ownika hydraulicznego p\u0142uga \u015bnie\u017cnego. Przestrzeganie zalecanych praktyk konserwacyjnych i regularne kontrole mog\u0105 zapobiec potencjalnym problemom i zapewni\u0107 efektywne dzia\u0142anie produktu przez d\u0142ugi czas.<\/p>\n<h2>Zalety regulowanych cylindr\u00f3w typu wide\u0142kowego<\/h2>\n<p>W dziedzinie si\u0142ownik\u00f3w hydraulicznych, si\u0142owniki z regulowanym wide\u0142kiem wyr\u00f3\u017cniaj\u0105 si\u0119 jako wyj\u0105tkowy wyb\u00f3r ze wzgl\u0119du na swoje liczne zalety i doskona\u0142\u0105 jako\u015b\u0107. Si\u0142owniki te zosta\u0142y zaprojektowane z dba\u0142o\u015bci\u0105 o szczeg\u00f3\u0142y, co zapewnia optymaln\u0105 wydajno\u015b\u0107 i niezawodno\u015b\u0107. W tym artykule przyjrzymy si\u0119 bli\u017cej wyj\u0105tkowym zaletom si\u0142ownik\u00f3w z regulowanym wide\u0142kiem, omawiaj\u0105c ich funkcjonalno\u015b\u0107, wszechstronno\u015b\u0107 i trwa\u0142o\u015b\u0107.<\/p>\n<p>1. Wi\u0119ksza elastyczno\u015b\u0107: Regulowane cylindry z wide\u0142kami zapewniaj\u0105 niezr\u00f3wnan\u0105 elastyczno\u015b\u0107 w r\u00f3\u017cnych zastosowaniach. Dzi\u0119ki regulowanym mocowaniom wide\u0142kowym, cylindry te mo\u017cna \u0142atwo dostosowa\u0107 do r\u00f3\u017cnych k\u0105t\u00f3w monta\u017cu, co pozwala na precyzyjne pozycjonowanie i wi\u0119ksz\u0105 wszechstronno\u015b\u0107. Niezale\u017cnie od tego, czy chodzi o skomplikowan\u0105 maszyn\u0119 przemys\u0142ow\u0105, czy p\u0142ug \u015bnie\u017cny, cylindry te mo\u017cna dostosowa\u0107 do specyficznych wymaga\u0144 danego zadania.<\/p>\n<p>2. Doskona\u0142a no\u015bno\u015b\u0107: Te cylindry charakteryzuj\u0105 si\u0119 wyj\u0105tkow\u0105 no\u015bno\u015bci\u0105, co czyni je niezwykle wydajnymi w zastosowaniach wymagaj\u0105cych du\u017cej wytrzyma\u0142o\u015bci. Ich solidna konstrukcja i materia\u0142y najwy\u017cszej jako\u015bci gwarantuj\u0105 odporno\u015b\u0107 na ogromne ci\u015bnienie i niezawodn\u0105 prac\u0119 nawet w ekstremalnych warunkach. Spawy tych cylindr\u00f3w s\u0105 najwy\u017cszej jako\u015bci, co gwarantuje integralno\u015b\u0107 konstrukcji i d\u0142ugowieczno\u015b\u0107.<\/p>\n<p>3. Optymalna kontrola i stabilno\u015b\u0107: Regulowane si\u0142owniki wide\u0142kowe zosta\u0142y zaprojektowane tak, aby zapewni\u0107 precyzyjn\u0105 kontrol\u0119 i stabilno\u015b\u0107. Ich zaawansowane uk\u0142ady hydrauliczne umo\u017cliwiaj\u0105 p\u0142ynny i precyzyjny ruch, umo\u017cliwiaj\u0105c precyzyjne pozycjonowanie i wydajn\u0105 prac\u0119. Ten poziom kontroli jest szczeg\u00f3lnie istotny w zastosowaniach, w kt\u00f3rych precyzja i stabilno\u015b\u0107 s\u0105 kluczowe, na przyk\u0142ad w sprz\u0119cie budowlanym lub maszynach do transportu materia\u0142\u00f3w.<\/p>\n<p>4. Trwa\u0142o\u015b\u0107 i wytrzyma\u0142o\u015b\u0107: Dzi\u0119ki doskona\u0142ej jako\u015bci wykonania i starannej konstrukcji, regulowane si\u0142owniki wide\u0142kowe charakteryzuj\u0105 si\u0119 wyj\u0105tkow\u0105 trwa\u0142o\u015bci\u0105. Si\u0142owniki te s\u0105 zaprojektowane tak, aby wytrzyma\u0107 trudne warunki pracy, zapewniaj\u0105c d\u0142ug\u0105 \u017cywotno\u015b\u0107 i minimalne wymagania konserwacyjne. Zastosowanie wysokiej jako\u015bci materia\u0142\u00f3w i rygorystycznych proces\u00f3w produkcyjnych gwarantuje trwa\u0142o\u015b\u0107 i niezawodno\u015b\u0107 tych si\u0142ownik\u00f3w.<\/p>\n<p>5. Wszechstronne zastosowania: Regulowane si\u0142owniki wide\u0142kowe znajduj\u0105 szerokie zastosowanie w r\u00f3\u017cnych bran\u017cach. Od budownictwa i g\u00f3rnictwa po rolnictwo i le\u015bnictwo, si\u0142owniki te dowodz\u0105 swojej wszechstronno\u015bci i adaptowalno\u015bci. Niezale\u017cnie od tego, czy chodzi o podnoszenie ci\u0119\u017ckich \u0142adunk\u00f3w, przechylanie sprz\u0119tu, czy sterowanie ruchami skomplikowanych maszyn, si\u0142owniki te mog\u0105 sprawnie i efektywnie realizowa\u0107 szeroki zakres zada\u0144.<\/p>\n<p>Podsumowuj\u0105c, zalety regulowanych si\u0142ownik\u00f3w wide\u0142kowych s\u0105 liczne i niezaprzeczalne. Ich elastyczno\u015b\u0107, no\u015bno\u015b\u0107, kontrola i stabilno\u015b\u0107, trwa\u0142o\u015b\u0107 oraz wszechstronne zastosowanie sprawiaj\u0105, \u017ce s\u0105 one preferowanym wyborem w wielu bran\u017cach. Doskona\u0142ej jako\u015bci spawany si\u0142ownik hydrauliczny do p\u0142ug\u00f3w \u015bnie\u017cnych jest \u015bwiadectwem pomys\u0142owo\u015bci i precyzji w projektowaniu tych wyj\u0105tkowych si\u0142ownik\u00f3w. W przypadku zastosowa\u0144 wymagaj\u0105cych niezawodnych i wydajnych si\u0142ownik\u00f3w hydraulicznych, regulowane si\u0142owniki wide\u0142kowe stanowi\u0105 doskona\u0142y wyb\u00f3r.<\/p>\n<h3>O FMP<\/h3>\n<p>FMP to firma specjalizuj\u0105ca si\u0119 w produkcji i sprzeda\u017cy si\u0142ownik\u00f3w hydraulicznych. Dzi\u0119ki wieloletniemu do\u015bwiadczeniu w bran\u017cy i profesjonalnemu zespo\u0142owi, dostarczamy klientom wysokiej jako\u015bci i niezawodne si\u0142owniki hydrauliczne do maszyn budowlanych.<\/p>\n<p><img decoding=\"async\" src=\"https:\/\/fmp-components.com\/wp-content\/uploads\/2024\/12\/Adjustable-Clevis-Type-Cylinders-6.webp\" alt=\"Regulowany cylinder typu wide\u0142kowego\" width=\"843\" title=\"\"><\/p>\n<p>Oto pi\u0119\u0107 powod\u00f3w, dla kt\u00f3rych warto wybra\u0107 nasze cylindry hydrauliczne:<\/p>\n<ol>\n<li><strong>R\u00f3\u017cnorodna gama produkt\u00f3w:<\/strong> Oferujemy szerok\u0105 gam\u0119 si\u0142ownik\u00f3w hydraulicznych, kt\u00f3re zaspokajaj\u0105 zr\u00f3\u017cnicowane potrzeby bran\u017cy maszyn budowlanych. Nasza oferta obejmuje si\u0142owniki z regulowanym wide\u0142kiem, si\u0142owniki spawane, si\u0142owniki z dr\u0105\u017ckiem kierowniczym i wiele innych.<\/li>\n<li><strong>Najwy\u017csza jako\u015b\u0107:<\/strong> Dbamy o to, aby wszystkie nasze si\u0142owniki hydrauliczne spe\u0142nia\u0142y rygorystyczne standardy jako\u015bci. Ka\u017cdy si\u0142ownik jest wykonany z precyzj\u0105 i dba\u0142o\u015bci\u0105 o szczeg\u00f3\u0142y, co gwarantuje doskona\u0142\u0105 wydajno\u015b\u0107 i trwa\u0142o\u015b\u0107.<\/li>\n<li><strong>Niezawodna wydajno\u015b\u0107:<\/strong> Nasze si\u0142owniki hydrauliczne zosta\u0142y zaprojektowane tak, aby zapewnia\u0107 sta\u0142\u0105 i niezawodn\u0105 wydajno\u015b\u0107, nawet w trudnych warunkach pracy. S\u0105 one zbudowane tak, aby wytrzymywa\u0107 du\u017ce obci\u0105\u017cenia i zapewnia\u0107 p\u0142ynn\u0105 prac\u0119.<\/li>\n<li><strong>Zesp\u00f3\u0142 ekspert\u00f3w sprzeda\u017cy:<\/strong> Nasz do\u015bwiadczony zesp\u00f3\u0142 sprzeda\u017cy doskonale orientuje si\u0119 w bran\u017cy maszyn budowlanych i rozumie potrzeby klient\u00f3w. Zapewniamy profesjonalne doradztwo produktowe, odpowiadamy na wszelkie pytania i oferujemy przemy\u015blane propozycje zakupowe.<\/li>\n<li><strong>Efektywna logistyka:<\/strong> Dysponujemy wydajnym systemem dystrybucji logistycznej, aby zapewni\u0107 terminow\u0105 i precyzyjn\u0105 dostaw\u0119 potrzebnych cylindr\u00f3w hydraulicznych. Rozumiemy, jak wa\u017cne jest minimalizowanie przestoj\u00f3w i d\u0105\u017cymy do zapewnienia szybkiej dostawy.<\/li>\n<\/ol>\n<p>Wybierz FMP, je\u015bli szukasz wysokiej jako\u015bci cylindr\u00f3w hydraulicznych, kt\u00f3re spe\u0142ni\u0105 Twoje potrzeby w zakresie maszyn budowlanych. Skontaktuj si\u0119 z nami ju\u017c dzi\u015b, aby om\u00f3wi\u0107 swoje potrzeby i pozwoli\u0107 naszemu zespo\u0142owi pom\u00f3c Ci znale\u017a\u0107 idealne rozwi\u0105zanie w zakresie cylindr\u00f3w hydraulicznych.<\/p>\n<p>Autor: CX<\/p>","protected":false},"excerpt":{"rendered":"<p>Excellent Quality Welded Snow Plow Hydraulic Cylinder The Excellent Quality Welded Snow Plow Hydraulic Cylinder is a high-performance hydraulic component designed specifically for snow plow applications. With its durable construction and advanced features, this hydraulic cylinder ensures reliable performance even in the toughest winter conditions. Key Features: 1. Robust Construction: Made with high-quality materials, the [&hellip;]<\/p>","protected":false},"featured_media":1531,"comment_status":"closed","ping_status":"closed","template":"","meta":{"_et_pb_use_builder":"","_et_pb_old_content":"","_et_gb_content_width":""},"product_brand":[],"product_cat":[42],"product_tag":[34,44],"class_list":{"0":"post-1530","1":"product","2":"type-product","3":"status-publish","4":"has-post-thumbnail","6":"product_cat-snow-plow-hydraulic-cylinder","7":"product_tag-hydraulic-cylinder","8":"product_tag-snow-plow-hydraulic-cylinder","10":"first","11":"instock","12":"product-type-simple"},"_links":{"self":[{"href":"https:\/\/fmp-components.com\/pl\/wp-json\/wp\/v2\/product\/1530","targetHints":{"allow":["GET"]}}],"collection":[{"href":"https:\/\/fmp-components.com\/pl\/wp-json\/wp\/v2\/product"}],"about":[{"href":"https:\/\/fmp-components.com\/pl\/wp-json\/wp\/v2\/types\/product"}],"replies":[{"embeddable":true,"href":"https:\/\/fmp-components.com\/pl\/wp-json\/wp\/v2\/comments?post=1530"}],"wp:featuredmedia":[{"embeddable":true,"href":"https:\/\/fmp-components.com\/pl\/wp-json\/wp\/v2\/media\/1531"}],"wp:attachment":[{"href":"https:\/\/fmp-components.com\/pl\/wp-json\/wp\/v2\/media?parent=1530"}],"wp:term":[{"taxonomy":"product_brand","embeddable":true,"href":"https:\/\/fmp-components.com\/pl\/wp-json\/wp\/v2\/product_brand?post=1530"},{"taxonomy":"product_cat","embeddable":true,"href":"https:\/\/fmp-components.com\/pl\/wp-json\/wp\/v2\/product_cat?post=1530"},{"taxonomy":"product_tag","embeddable":true,"href":"https:\/\/fmp-components.com\/pl\/wp-json\/wp\/v2\/product_tag?post=1530"}],"curies":[{"name":"wp","href":"https:\/\/api.w.org\/{rel}","templated":true}]}}