{"id":1528,"date":"2024-12-23T05:51:36","date_gmt":"2024-12-23T05:51:36","guid":{"rendered":"https:\/\/fmp-components.com\/product\/hot-sale-stainless-steel-double-acting-hydraulic-cylinder-for-snow-plow\/"},"modified":"2024-12-23T06:00:40","modified_gmt":"2024-12-23T06:00:40","slug":"hot-sale-stainless-steel-double-acting-hydraulic-cylinder-for-snow-plow","status":"publish","type":"product","link":"https:\/\/fmp-components.com\/pl\/product\/hot-sale-stainless-steel-double-acting-hydraulic-cylinder-for-snow-plow\/","title":{"rendered":"Sprzedam si\u0142ownik hydrauliczny dwustronnego dzia\u0142ania ze stali nierdzewnej do p\u0142uga \u015bnie\u017cnego"},"content":{"rendered":"<h2>Sprzedam si\u0142ownik hydrauliczny dwustronnego dzia\u0142ania ze stali nierdzewnej do p\u0142uga \u015bnie\u017cnego<\/h2>\n<p>Wyprzeda\u017cowy si\u0142ownik hydrauliczny dwustronnego dzia\u0142ania ze stali nierdzewnej do p\u0142uga \u015bnie\u017cnego to wysokiej jako\u015bci produkt zaprojektowany z my\u015bl\u0105 o wydajnym od\u015bnie\u017caniu w najtrudniejszych warunkach zimowych. Wykonany z wytrzyma\u0142ej stali nierdzewnej, ten si\u0142ownik hydrauliczny jest odporny na ekstremalne temperatury i korozj\u0119.<\/p>\n<p>Funkcja dwustronnego dzia\u0142ania zapewnia p\u0142ynny i wydajny ruch w obu kierunkach, u\u0142atwiaj\u0105c regulacj\u0119 lemiesza p\u0142uga pod \u017c\u0105danym k\u0105tem. Dodatkowo, kompaktowa konstrukcja si\u0142ownika hydraulicznego pozwala na \u0142atwy monta\u017c na wielu p\u0142ugach od\u015bnie\u017cnych.<\/p>\n<p>Dzi\u0119ki doskona\u0142ej wydajno\u015bci i trwa\u0142o\u015bci, ten dwustronny si\u0142ownik hydrauliczny ze stali nierdzewnej do p\u0142ugu \u015bnie\u017cnego, dost\u0119pny w sprzeda\u017cy hurtowej, to idealne uzupe\u0142nienie ka\u017cdego zestawu do od\u015bnie\u017cania. Nie daj si\u0119 spowolni\u0107 zimowej aurze \u2013 zainwestuj w ten niezawodny i wydajny si\u0142ownik hydrauliczny ju\u017c dzi\u015b. Zaprojektowany do ci\u0119\u017ckich zastosowa\u0144, dwustronny si\u0142ownik hydrauliczny ze stali nierdzewnej oferuje doskona\u0142\u0105 wydajno\u015b\u0107 i trwa\u0142o\u015b\u0107 podczas pracy p\u0142ugiem \u015bnie\u017cnym. W nowym stanie i z roczn\u0105 gwarancj\u0105, ten si\u0142ownik hydrauliczny zapewnia u\u017cytkownikowi niezawodno\u015b\u0107 i spok\u00f3j ducha.<img decoding=\"async\" title=\"Si\u0142ownik hydrauliczny p\u0142ugu \u015bnie\u017cnego\" src=\"https:\/\/hzpt.com\/wp-content\/uploads\/2023\/11\/Snow-Plow-Hydraulic-Cylinder-2.webp\" alt=\"Si\u0142ownik hydrauliczny p\u0142ugu \u015bnie\u017cnego\" \/><\/p>\n<h2>Cechy produktu<\/h2>\n<h3>Najwy\u017csza jako\u015b\u0107 i design<\/h3>\n<p>Zbudowany z wytrzyma\u0142ego stalowego korpusu, si\u0142ownik hydrauliczny charakteryzuje si\u0119 standardow\u0105 konstrukcj\u0105 z cylindrem t\u0142okowym. Dzia\u0142a na zasadzie zasilania hydraulicznego i osi\u0105ga maksymaln\u0105 si\u0142\u0119 ci\u0105gu 3000 i uci\u0105g 20 ton. Si\u0142ownik jest dost\u0119pny w eleganckim czarnym kolorze i posiada przy\u0142\u0105cza G\/SAE\/NPT\/M.<\/p>\n<h3>Wymiary<\/h3>\n<p>Si\u0142ownik hydrauliczny ma \u015brednic\u0119 od 2 do 6 cali, rozmiar t\u0142oczyska od 1,125 do 4 cali, skok od 4 do 100 cali i rozmiar sworznia od 0,5 do 2 cali. Ta r\u00f3\u017cnorodno\u015b\u0107 wymiar\u00f3w gwarantuje, \u017ce mo\u017cna go stosowa\u0107 w szerokiej gamie maszyn i zastosowa\u0144.<\/p>\n<h3>Zapewnienie jako\u015bci<\/h3>\n<p>Posiadaj\u0105cy certyfikat ISO 9001:2000 si\u0142ownik hydrauliczny gwarantuje najwy\u017csz\u0105 jako\u015b\u0107 i wydajno\u015b\u0107. Ka\u017cdy egzemplarz jest poddawany inspekcji wideo na wyj\u015bciu i dostarczany z raportem z test\u00f3w maszyny. G\u0142\u00f3wne komponenty, \u0142o\u017cysko i si\u0142ownik hydrauliczny, obj\u0119te s\u0105 roczn\u0105 gwarancj\u0105.<\/p>\n<h3>Aplikacje<\/h3>\n<p>Si\u0142ownik hydrauliczny idealnie nadaje si\u0119 do stosowania w r\u00f3\u017cnych ga\u0142\u0119ziach przemys\u0142u, w tym w warsztatach naprawczych maszyn, gospodarstwach rolnych, energetyce i g\u00f3rnictwie, produkcji maszyn oraz fabrykach maszyn.<\/p>\n<h2>Zalety regulowanych cylindr\u00f3w typu wide\u0142kowego<\/h2>\n<p>Regulowane si\u0142owniki wide\u0142kowe to rodzaj si\u0142ownik\u00f3w hydraulicznych, kt\u00f3re umo\u017cliwiaj\u0105 generowanie ruchu liniowego za pomoc\u0105 ci\u015bnienia hydraulicznego. Maj\u0105 szereg zalet, kt\u00f3re czyni\u0105 je doskona\u0142ym wyborem do wielu zastosowa\u0144. Oto niekt\u00f3re z zalet regulowanych si\u0142ownik\u00f3w wide\u0142kowych:<\/p>\n<ul>\n<li><strong>Mo\u017cliwo\u015b\u0107 regulacji:<\/strong> Jedn\u0105 z najwa\u017cniejszych zalet regulowanych si\u0142ownik\u00f3w wide\u0142kowych jest ich mo\u017cliwo\u015b\u0107 regulacji. Ten typ si\u0142ownika pozwala na precyzyjn\u0105 kontrol\u0119 po\u0142o\u017cenia t\u0142oczyska, co czyni go idealnym rozwi\u0105zaniem w zastosowaniach wymagaj\u0105cych precyzyjnego pozycjonowania. Na przyk\u0142ad, si\u0142ownik hydrauliczny dwustronnego dzia\u0142ania ze stali nierdzewnej do p\u0142ugu \u015bnie\u017cnego, dost\u0119pny w sprzeda\u017cy hurtowej, mo\u017cna regulowa\u0107, aby zapewni\u0107 odpowiedni k\u0105t ustawienia lemiesza p\u0142uga, co zapewnia skuteczne usuwanie \u015bniegu.<\/li>\n<li><strong>Wysoka si\u0142a:<\/strong> Regulowane si\u0142owniki wide\u0142kowe mog\u0105 generowa\u0107 du\u017ce si\u0142y, co czyni je idealnymi do zastosowa\u0144 wymagaj\u0105cych du\u017cej mocy. Wynika to z faktu, \u017ce uk\u0142ady hydrauliczne mog\u0105 generowa\u0107 znacznie wi\u0119ksze si\u0142y ni\u017c uk\u0142ady pneumatyczne. Ta cecha sprawia, \u017ce \u200b\u200bidealnie nadaj\u0105 si\u0119 do zastosowa\u0144 wymagaj\u0105cych du\u017cej wytrzyma\u0142o\u015bci, takich jak sprz\u0119t g\u00f3rniczy czy maszyny budowlane.<\/li>\n<li><strong>Niezawodno\u015b\u0107:<\/strong> Regulowane si\u0142owniki wide\u0142kowe s\u0105 niezwykle niezawodne dzi\u0119ki swojej prostej konstrukcji. Posiadaj\u0105 niewiele ruchomych cz\u0119\u015bci, kt\u00f3re mog\u0105 ulec uszkodzeniu lub awarii, co czyni je doskona\u0142ym wyborem do zastosowa\u0144 wymagaj\u0105cych wysokiego poziomu niezawodno\u015bci.<\/li>\n<li><strong>Efektywno\u015b\u0107:<\/strong> Uk\u0142ady hydrauliczne znane s\u0105 z wysokiej wydajno\u015bci, kt\u00f3ra wynika z faktu, \u017ce wykorzystuj\u0105 one si\u0142\u0119 hydrauliczn\u0105 zamiast energii elektrycznej. Oznacza to, \u017ce regulowane si\u0142owniki wide\u0142kowe mog\u0105 generowa\u0107 du\u017c\u0105 si\u0142\u0119 przy minimalnym zu\u017cyciu energii, co czyni je doskona\u0142ym wyborem w zastosowaniach, w kt\u00f3rych wa\u017cna jest efektywno\u015b\u0107 energetyczna.<\/li>\n<li><strong>Personalizacja:<\/strong> Regulowane si\u0142owniki wide\u0142kowe mo\u017cna dostosowa\u0107 do konkretnych wymaga\u0144 aplikacji. Mog\u0105 by\u0107 zaprojektowane do pracy przy okre\u015blonym ci\u015bnieniu, temperaturze i pr\u0119dko\u015bci, co czyni je doskona\u0142ym wyborem do zastosowa\u0144 o nietypowych wymaganiach.<\/li>\n<\/ul>\n<p>Wyprzeda\u017cowy, dwustronny si\u0142ownik hydrauliczny ze stali nierdzewnej do p\u0142ug\u00f3w \u015bnie\u017cnych to doskona\u0142y przyk\u0142ad zalet regulowanych si\u0142ownik\u00f3w z wide\u0142kami. Si\u0142ownik ten mo\u017cna regulowa\u0107, aby zapewni\u0107 odpowiedni k\u0105t nachylenia lemiesza p\u0142uga \u015bnie\u017cnego, co zapewnia skuteczne od\u015bnie\u017canie. Dodatkowo, generuje on du\u017c\u0105 si\u0142\u0119, dzi\u0119ki czemu idealnie nadaje si\u0119 do ci\u0119\u017ckich zastosowa\u0144 zwi\u0105zanych z od\u015bnie\u017caniem. Niezawodno\u015b\u0107 i wydajno\u015b\u0107 uk\u0142ad\u00f3w hydraulicznych sprawiaj\u0105, \u017ce ten si\u0142ownik jest doskona\u0142ym wyborem do sprz\u0119tu do od\u015bnie\u017cania.<\/p>\n<p>Podsumowuj\u0105c, regulowane si\u0142owniki wide\u0142kowe maj\u0105 szereg zalet, kt\u00f3re czyni\u0105 je doskona\u0142ym wyborem do wielu zastosowa\u0144. Ich regulacja, du\u017ca si\u0142a, niezawodno\u015b\u0107, wydajno\u015b\u0107 i mo\u017cliwo\u015bci personalizacji sprawiaj\u0105, \u017ce doskonale sprawdzaj\u0105 si\u0119 w szerokim zakresie zastosowa\u0144, w tym w sprz\u0119cie do od\u015bnie\u017cania, takim jak si\u0142ownik hydrauliczny dwustronnego dzia\u0142ania ze stali nierdzewnej w ofercie Hot Sale do p\u0142ug\u00f3w \u015bnie\u017cnych.<\/p>\n<h3>O FMP<\/h3>\n<p>FMP to firma specjalizuj\u0105ca si\u0119 w produkcji i sprzeda\u017cy cylindr\u00f3w hydraulicznych. Z siedzib\u0105 g\u0142\u00f3wn\u0105 we W\u0142oszech, posiadamy bogate do\u015bwiadczenie w bran\u017cy maszyn budowlanych i zaanga\u017cowany zesp\u00f3\u0142 profesjonalist\u00f3w. Oferujemy wysokiej jako\u015bci i niezawodne cylindry hydrauliczne, a tak\u017ce szerok\u0105 gam\u0119 innych cz\u0119\u015bci i rozwi\u0105za\u0144 do maszyn budowlanych.<\/p>\n<p><strong>1. Szeroki asortyment produkt\u00f3w:<\/strong> Nasza oferta produkt\u00f3w obejmuje r\u00f3\u017cnego rodzaju si\u0142owniki hydrauliczne, kt\u00f3re odpowiadaj\u0105 zr\u00f3\u017cnicowanym potrzebom bran\u017cy maszyn budowlanych.<\/p>\n<p><strong>2. Najwy\u017csza jako\u015b\u0107:<\/strong> Nawi\u0105zali\u015bmy d\u0142ugotrwa\u0142\u0105 i stabiln\u0105 wsp\u00f3\u0142prac\u0119 z wysokiej jako\u015bci dostawcami z rynku krajowego i mi\u0119dzynarodowego. Dzi\u0119ki temu wszystkie nasze si\u0142owniki hydrauliczne spe\u0142niaj\u0105 surowe standardy jako\u015bci, oferuj\u0105c naszym klientom niezawodne i trwa\u0142e produkty.<\/p>\n<p><strong>3. Profesjonalny zesp\u00f3\u0142 sprzeda\u017cy:<\/strong> Nasz do\u015bwiadczony zesp\u00f3\u0142 sprzeda\u017cy doskonale orientuje si\u0119 w najnowszych trendach i wymaganiach klient\u00f3w w bran\u017cy maszyn budowlanych. Zapewniamy profesjonalne konsultacje produktowe i trafne sugestie zakupowe, pomagaj\u0105c klientom w wyborze najbardziej odpowiedniego si\u0142ownika hydraulicznego, dopasowanego do ich indywidualnych potrzeb.<\/p>\n<p><strong>4. Efektywna dystrybucja logistyczna:<\/strong> W FMP rozumiemy, jak wa\u017cna jest terminowa i precyzyjna dostawa. Nasz wydajny system dystrybucji logistycznej gwarantuje, \u017ce klienci otrzymuj\u0105 potrzebne im cz\u0119\u015bci na czas, minimalizuj\u0105c przestoje i maksymalizuj\u0105c wydajno\u015b\u0107.<\/p>\n<p><strong>5. Zaanga\u017cowanie w zadowolenie klienta:<\/strong> Satysfakcja klienta jest dla nas priorytetem i dok\u0142adamy wszelkich stara\u0144, aby zapewni\u0107 wyj\u0105tkow\u0105 obs\u0142ug\u0119. Nasz zesp\u00f3\u0142 dok\u0142ada wszelkich stara\u0144, aby szybko odpowiada\u0107 na wszelkie zapytania i w\u0105tpliwo\u015bci, zapewniaj\u0105c naszym cenionym klientom p\u0142ynne i przyjemne do\u015bwiadczenia.<\/p>\n<p><img decoding=\"async\" src=\"https:\/\/fmp-components.com\/wp-content\/uploads\/2024\/12\/Adjustable-Clevis-Type-Cylinders-6.webp\" alt=\"Regulowany cylinder typu wide\u0142kowego\" width=\"842\" title=\"\"><\/p>\n<h2>Cz\u0119sto zadawane pytania<\/h2>\n<h3>P: Czy jeste\u015b firm\u0105 handlow\u0105 lub produkcyjn\u0105?<\/h3>\n<p>A: Jeste\u015bmy fabryk\u0105 produkuj\u0105c\u0105 najwy\u017cszej jako\u015bci cylindry hydrauliczne i inne cz\u0119\u015bci maszyn.<\/p>\n<h3>P: Jaki jest czas dostawy cylindra hydraulicznego?<\/h3>\n<p>A: Zazwyczaj czas dostawy wynosi 25\u201335 dni.<\/p>\n<h3>P: Czy mo\u017cecie produkowa\u0107 na podstawie pr\u00f3bek?<\/h3>\n<p>A: Tak, mo\u017cemy produkowa\u0107 na podstawie Twoich pr\u00f3bek lub rysunk\u00f3w technicznych. Mo\u017cemy budowa\u0107 formy i urz\u0105dzenia.<\/p>\n<p>Autor: CX<\/p>","protected":false},"excerpt":{"rendered":"<p>Hot Sale Stainless Steel Double Acting Hydraulic Cylinder for Snow Plow The Hot Sale Stainless Steel Double Acting Hydraulic Cylinder for Snow Plow is a high-quality product engineered to provide efficient plowing in the harshest winter conditions. Made with durable stainless steel, this hydraulic cylinder is designed to withstand extreme temperatures and resist corrosion. The [&hellip;]<\/p>","protected":false},"featured_media":1529,"comment_status":"closed","ping_status":"closed","template":"","meta":{"_et_pb_use_builder":"","_et_pb_old_content":"","_et_gb_content_width":""},"product_brand":[],"product_cat":[42],"product_tag":[34,44],"class_list":{"0":"post-1528","1":"product","2":"type-product","3":"status-publish","4":"has-post-thumbnail","6":"product_cat-snow-plow-hydraulic-cylinder","7":"product_tag-hydraulic-cylinder","8":"product_tag-snow-plow-hydraulic-cylinder","10":"first","11":"instock","12":"product-type-simple"},"_links":{"self":[{"href":"https:\/\/fmp-components.com\/pl\/wp-json\/wp\/v2\/product\/1528","targetHints":{"allow":["GET"]}}],"collection":[{"href":"https:\/\/fmp-components.com\/pl\/wp-json\/wp\/v2\/product"}],"about":[{"href":"https:\/\/fmp-components.com\/pl\/wp-json\/wp\/v2\/types\/product"}],"replies":[{"embeddable":true,"href":"https:\/\/fmp-components.com\/pl\/wp-json\/wp\/v2\/comments?post=1528"}],"wp:featuredmedia":[{"embeddable":true,"href":"https:\/\/fmp-components.com\/pl\/wp-json\/wp\/v2\/media\/1529"}],"wp:attachment":[{"href":"https:\/\/fmp-components.com\/pl\/wp-json\/wp\/v2\/media?parent=1528"}],"wp:term":[{"taxonomy":"product_brand","embeddable":true,"href":"https:\/\/fmp-components.com\/pl\/wp-json\/wp\/v2\/product_brand?post=1528"},{"taxonomy":"product_cat","embeddable":true,"href":"https:\/\/fmp-components.com\/pl\/wp-json\/wp\/v2\/product_cat?post=1528"},{"taxonomy":"product_tag","embeddable":true,"href":"https:\/\/fmp-components.com\/pl\/wp-json\/wp\/v2\/product_tag?post=1528"}],"curies":[{"name":"wp","href":"https:\/\/api.w.org\/{rel}","templated":true}]}}