{"id":1524,"date":"2024-12-23T05:51:36","date_gmt":"2024-12-23T05:51:36","guid":{"rendered":"https:\/\/fmp-components.com\/product\/high-quality-double-effect-snow-plow-hydraulic-cylinder\/"},"modified":"2024-12-23T05:54:59","modified_gmt":"2024-12-23T05:54:59","slug":"high-quality-double-effect-snow-plow-hydraulic-cylinder","status":"publish","type":"product","link":"https:\/\/fmp-components.com\/pl\/product\/high-quality-double-effect-snow-plow-hydraulic-cylinder\/","title":{"rendered":"Wysokiej jako\u015bci dwufunkcyjny si\u0142ownik hydrauliczny p\u0142uga \u015bnie\u017cnego"},"content":{"rendered":"<p>Wysokiej jako\u015bci si\u0142ownik hydrauliczny dwustronnego dzia\u0142ania do p\u0142uga \u015bnie\u017cnego. Wysokiej jako\u015bci si\u0142ownik hydrauliczny dwustronnego dzia\u0142ania do p\u0142uga \u015bnie\u017cnego to niezb\u0119dny element ka\u017cdego p\u0142uga \u015bnie\u017cnego. Dzi\u0119ki trwa\u0142ej konstrukcji i niezawodnej konstrukcji dwustronnego dzia\u0142ania, ten si\u0142ownik hydrauliczny jest niezwykle trwa\u0142y.<\/p>\n<p>Si\u0142ownik zosta\u0142 zaprojektowany tak, aby bez wysi\u0142ku przesuwa\u0107 \u015bnieg na bok p\u0142uga, co u\u0142atwia od\u015bnie\u017canie. P\u0142ug mo\u017cna r\u00f3wnie\u017c podnosi\u0107 i opuszcza\u0107, dostosowuj\u0105c si\u0119 do zmieniaj\u0105cej si\u0119 warstwy \u015bniegu.<\/p>\n<p>Wykonany z wysokiej jako\u015bci materia\u0142\u00f3w i precyzyjnie zaprojektowany, wysokiej jako\u015bci si\u0142ownik hydrauliczny do p\u0142uga \u015bnie\u017cnego z podw\u00f3jnym dzia\u0142aniem to niezb\u0119dny element wyposa\u017cenia ka\u017cdego operatora p\u0142uga. Dzi\u0119ki doskona\u0142ej wydajno\u015bci i d\u0142ugotrwa\u0142ej trwa\u0142o\u015bci, produkt ten z pewno\u015bci\u0105 przekroczy Twoje oczekiwania i sprawi, \u017ce od\u015bnie\u017canie b\u0119dzie \u0142atwiejsze ni\u017c kiedykolwiek wcze\u015bniej.<\/p>\n<p><img decoding=\"async\" title=\"Si\u0142ownik hydrauliczny p\u0142ugu \u015bnie\u017cnego\" src=\"https:\/\/hzpt.com\/wp-content\/uploads\/2023\/11\/Snow-Plow-Hydraulic-Cylinder-1.webp\" alt=\"Si\u0142ownik hydrauliczny p\u0142ugu \u015bnie\u017cnego\" \/><\/p>\n<h3>Specyfikacje<\/h3>\n<ul>\n<li>\u015arednica otworu: 2-6 cali<\/li>\n<li>Rozmiar pr\u0119ta: 1,125-4 cale<\/li>\n<li>Rozmiar skoku: 4-100 cali<\/li>\n<li>Rozmiar szpilki: 0,5-2 cale<\/li>\n<li>Porty: G\/SAE\/NPT\/M<\/li>\n<\/ul>\n<h2>Zapewnienie jako\u015bci<\/h2>\n<p>Nasz produkt posiada certyfikat ISO9001:2000, co gwarantuje zgodno\u015b\u0107 z mi\u0119dzynarodowymi normami jako\u015bci. Udzielamy r\u00f3wnie\u017c rocznej gwarancji na kluczowe komponenty, w tym \u0142o\u017cysko i sam si\u0142ownik hydrauliczny. Dla Pa\u0144stwa bezpiecze\u0144stwa udost\u0119pniamy wideokontrol\u0119 i raport z test\u00f3w maszyn.<\/p>\n<p><img decoding=\"async\" title=\"Si\u0142ownik hydrauliczny p\u0142ugu \u015bnie\u017cnego\" src=\"https:\/\/hzpt.com\/wp-content\/uploads\/2023\/11\/Snow-Plow-Hydraulic-Cylinder-3.webp\" alt=\"Si\u0142ownik hydrauliczny p\u0142ugu \u015bnie\u017cnego\" \/><\/p>\n<h2>Zalety regulowanych cylindr\u00f3w typu wide\u0142kowego<\/h2>\n<p>Si\u0142owniki z regulowanym wide\u0142kiem stanowi\u0105 wa\u017cny element uk\u0142ad\u00f3w hydraulicznych wykorzystywanych w r\u00f3\u017cnych zastosowaniach przemys\u0142owych i komercyjnych. Si\u0142owniki te oferuj\u0105 szereg korzy\u015bci w por\u00f3wnaniu z si\u0142ownikami z wide\u0142kami sta\u0142ymi. W tym artykule szczeg\u00f3\u0142owo om\u00f3wimy zalety si\u0142ownik\u00f3w z regulowanym wide\u0142kiem.<\/p>\n<p>1. <b>Wi\u0119ksza elastyczno\u015b\u0107 instalacji i obs\u0142ugi<\/b> \u2013 Regulowane si\u0142owniki wide\u0142kowe zapewniaj\u0105 wi\u0119ksz\u0105 elastyczno\u015b\u0107 monta\u017cu i obs\u0142ugi. W przeciwie\u0144stwie do si\u0142ownik\u00f3w wide\u0142kowych sta\u0142ych, si\u0142owniki wide\u0142kowe regulowane pozwalaj\u0105 u\u017cytkownikowi na drobne regulacje d\u0142ugo\u015bci i k\u0105ta nachylenia si\u0142ownika, co mo\u017ce pom\u00f3c w osi\u0105gni\u0119ciu po\u017c\u0105danego poziomu wydajno\u015bci. Dzi\u0119ki temu idealnie nadaj\u0105 si\u0119 do zastosowa\u0144, w kt\u00f3rych precyzja jest kluczowa, na przyk\u0142ad w przypadku wysokiej jako\u015bci si\u0142ownik\u00f3w hydraulicznych dwustronnego dzia\u0142ania do p\u0142ug\u00f3w \u015bnie\u017cnych.<\/p>\n<p>2. <b>Poprawiona wydajno\u015b\u0107 i efektywno\u015b\u0107<\/b> \u2013 Regulacja si\u0142ownik\u00f3w wide\u0142kowych pozwala na bardziej precyzyjne sterowanie uk\u0142adem hydraulicznym. To z kolei mo\u017ce prowadzi\u0107 do poprawy osi\u0105g\u00f3w i sprawno\u015bci. Na przyk\u0142ad, je\u015bli si\u0142ownik zostanie ustawiony na odpowiedni\u0105 d\u0142ugo\u015b\u0107 i k\u0105t, mo\u017ce porusza\u0107 si\u0119 p\u0142ynniej i zu\u017cywa\u0107 mniej energii do dzia\u0142ania, co mo\u017ce prze\u0142o\u017cy\u0107 si\u0119 na oszcz\u0119dno\u015b\u0107 energii i popraw\u0119 wydajno\u015bci.<\/p>\n<p>3. <b>Mniejsze wymagania konserwacyjne i przestoje<\/b> \u2013 Regulowane si\u0142owniki wide\u0142kowe s\u0105 zaprojektowane tak, aby by\u0142y trwalsze i wymaga\u0142y mniej konserwacji w por\u00f3wnaniu z si\u0142ownikami wide\u0142kowymi sta\u0142ymi. Wynika to z faktu, \u017ce s\u0105 wykonane z wysokiej jako\u015bci materia\u0142\u00f3w, takich jak stal w\u0119glowa i stal nierdzewna, kt\u00f3re s\u0105 odporne na zu\u017cycie i korozj\u0119. Ponadto, mo\u017cliwo\u015b\u0107 regulacji tych si\u0142ownik\u00f3w u\u0142atwia konserwacj\u0119, redukuj\u0105c przestoje i koszty napraw.<\/p>\n<p>4. <b>Ulepszone funkcje bezpiecze\u0144stwa<\/b> \u2013 Regulowane si\u0142owniki wide\u0142kowe s\u0105 wyposa\u017cone w ulepszone zabezpieczenia, kt\u00f3re zwi\u0119kszaj\u0105 bezpiecze\u0144stwo ich u\u017cytkowania w zastosowaniach przemys\u0142owych i komercyjnych. Na przyk\u0142ad, mog\u0105 by\u0107 wyposa\u017cone w zabezpieczenia przeci\u0105\u017ceniowe, kt\u00f3re zapobiegaj\u0105 przekroczeniu maksymalnego ud\u017awigu, co mo\u017ce pom\u00f3c w zapobieganiu wypadkom i urazom w miejscu pracy.<\/p>\n<p>Podsumowuj\u0105c, cylindry z regulowanym wide\u0142kiem oferuj\u0105 szereg zalet w por\u00f3wnaniu z cylindrami z wide\u0142kami sta\u0142ymi, w tym wi\u0119ksz\u0105 elastyczno\u015b\u0107 monta\u017cu i obs\u0142ugi, lepsz\u0105 wydajno\u015b\u0107 i efektywno\u015b\u0107, kr\u00f3tsze przestoje i mniejsze wymagania konserwacyjne oraz ulepszone funkcje bezpiecze\u0144stwa. Te zalety sprawiaj\u0105, \u017ce s\u0105 one doskona\u0142ym wyborem do r\u00f3\u017cnorodnych zastosowa\u0144, w tym do wysokiej jako\u015bci cylindr\u00f3w hydraulicznych do p\u0142ug\u00f3w \u015bnie\u017cnych o podw\u00f3jnym dzia\u0142aniu, gdzie precyzja, trwa\u0142o\u015b\u0107 i bezpiecze\u0144stwo s\u0105 priorytetem.<\/p>\n<h3>O FMP<\/h3>\n<p>FMP to firma specjalizuj\u0105ca si\u0119 w produkcji i sprzeda\u017cy cylindr\u00f3w hydraulicznych. Dzi\u0119ki bogatemu do\u015bwiadczeniu w bran\u017cy i profesjonalnemu zespo\u0142owi, dok\u0142adamy wszelkich stara\u0144, aby dostarcza\u0107 naszym klientom wysokiej jako\u015bci i niezawodne cylindry hydrauliczne.<\/p>\n<p><img decoding=\"async\" src=\"https:\/\/fmp-components.com\/wp-content\/uploads\/2024\/12\/Adjustable-Clevis-Type-Cylinders-6.webp\" alt=\"Regulowany cylinder typu wide\u0142kowego\" width=\"840\" title=\"\"><\/p>\n<p>1. Produkty wysokiej jako\u015bci: W FMP szczycimy si\u0119 tym, \u017ce oferujemy najwy\u017cszej jako\u015bci cylindry hydrauliczne, zbudowane z my\u015bl\u0105 o d\u0142ugim okresie u\u017cytkowania. Nasze produkty przechodz\u0105 rygorystyczn\u0105 kontrol\u0119 jako\u015bci, aby zagwarantowa\u0107 ich trwa\u0142o\u015b\u0107 i wydajno\u015b\u0107.<\/p>\n<p>2. Szeroki wyb\u00f3r opcji: Oferujemy szerok\u0105 gam\u0119 si\u0142ownik\u00f3w hydraulicznych, aby sprosta\u0107 specyficznym potrzebom naszych klient\u00f3w. Niezale\u017cnie od tego, czy potrzebujesz si\u0142ownik\u00f3w z regulowanym wide\u0142kiem, si\u0142ownik\u00f3w z dr\u0105\u017ckiem kierowniczym, czy si\u0142ownik\u00f3w spawanych, mamy dla Ciebie rozwi\u0105zanie.<\/p>\n<p>3. Surowe standardy jako\u015bci: Utrzymujemy d\u0142ugoterminow\u0105 i stabiln\u0105 wsp\u00f3\u0142prac\u0119 z renomowanymi dostawcami, aby zagwarantowa\u0107, \u017ce wszystkie nasze cylindry hydrauliczne spe\u0142niaj\u0105 surowe standardy jako\u015bci. Ka\u017cdy produkt przechodzi szczeg\u00f3\u0142ow\u0105 kontrol\u0119 przed dostaw\u0105 do naszych klient\u00f3w.<\/p>\n<p>4. Zesp\u00f3\u0142 ekspert\u00f3w ds. sprzeda\u017cy: Nasz do\u015bwiadczony i kompetentny zesp\u00f3\u0142 sprzeda\u017cy doskonale orientuje si\u0119 w najnowszych trendach i wymaganiach klient\u00f3w w bran\u017cy. Zawsze ch\u0119tnie udzielaj\u0105 profesjonalnych konsultacji produktowych i oferuj\u0105 przemy\u015blane sugestie zakupowe, aby zapewni\u0107 satysfakcj\u0119 klienta.<\/p>\n<p>5. Wydajny system logistyczny: Rozumiemy wag\u0119 terminowych dostaw. Dzi\u0119ki naszemu wydajnemu systemowi dystrybucji logistycznej zapewniamy naszym klientom szybk\u0105 i dok\u0142adn\u0105 dostaw\u0119 zam\u00f3wionych cylindr\u00f3w hydraulicznych.<\/p>\n<p>Wybierz FMP, je\u015bli potrzebujesz cylindr\u00f3w hydraulicznych i przekonaj si\u0119 o jako\u015bci i niezawodno\u015bci, kt\u00f3re wyr\u00f3\u017cniaj\u0105 nas na tle konkurencji. Skontaktuj si\u0119 z nami ju\u017c dzi\u015b, aby rozpocz\u0105\u0107 owocn\u0105 wsp\u00f3\u0142prac\u0119.<\/p>\n<p>Autor: CX<\/p>","protected":false},"excerpt":{"rendered":"<p>High Quality Double Effect Snow Plow Hydraulic CylinderThe High Quality Double Effect Snow Plow Hydraulic Cylinder is an essential component for any snow plow. With its durable construction and reliable double-effect design, this hydraulic cylinder is built to last. The cylinder is designed to effortlessly move snow to the side of the plow, making snow [&hellip;]<\/p>","protected":false},"featured_media":1525,"comment_status":"closed","ping_status":"closed","template":"","meta":{"_et_pb_use_builder":"","_et_pb_old_content":"","_et_gb_content_width":""},"product_brand":[],"product_cat":[42],"product_tag":[34,44],"class_list":{"0":"post-1524","1":"product","2":"type-product","3":"status-publish","4":"has-post-thumbnail","6":"product_cat-snow-plow-hydraulic-cylinder","7":"product_tag-hydraulic-cylinder","8":"product_tag-snow-plow-hydraulic-cylinder","10":"first","11":"instock","12":"product-type-simple"},"_links":{"self":[{"href":"https:\/\/fmp-components.com\/pl\/wp-json\/wp\/v2\/product\/1524","targetHints":{"allow":["GET"]}}],"collection":[{"href":"https:\/\/fmp-components.com\/pl\/wp-json\/wp\/v2\/product"}],"about":[{"href":"https:\/\/fmp-components.com\/pl\/wp-json\/wp\/v2\/types\/product"}],"replies":[{"embeddable":true,"href":"https:\/\/fmp-components.com\/pl\/wp-json\/wp\/v2\/comments?post=1524"}],"wp:featuredmedia":[{"embeddable":true,"href":"https:\/\/fmp-components.com\/pl\/wp-json\/wp\/v2\/media\/1525"}],"wp:attachment":[{"href":"https:\/\/fmp-components.com\/pl\/wp-json\/wp\/v2\/media?parent=1524"}],"wp:term":[{"taxonomy":"product_brand","embeddable":true,"href":"https:\/\/fmp-components.com\/pl\/wp-json\/wp\/v2\/product_brand?post=1524"},{"taxonomy":"product_cat","embeddable":true,"href":"https:\/\/fmp-components.com\/pl\/wp-json\/wp\/v2\/product_cat?post=1524"},{"taxonomy":"product_tag","embeddable":true,"href":"https:\/\/fmp-components.com\/pl\/wp-json\/wp\/v2\/product_tag?post=1524"}],"curies":[{"name":"wp","href":"https:\/\/api.w.org\/{rel}","templated":true}]}}