{"id":1520,"date":"2024-12-23T05:50:37","date_gmt":"2024-12-23T05:50:37","guid":{"rendered":"https:\/\/fmp-components.com\/product\/high-quality-mini-customized-hydraulic-cylinder-for-snow-plow\/"},"modified":"2025-03-18T02:10:23","modified_gmt":"2025-03-18T02:10:23","slug":"high-quality-mini-customized-hydraulic-cylinder-for-snow-plow","status":"publish","type":"product","link":"https:\/\/fmp-components.com\/pl\/product\/high-quality-mini-customized-hydraulic-cylinder-for-snow-plow\/","title":{"rendered":"Wysokiej jako\u015bci miniaturowy si\u0142ownik hydrauliczny do p\u0142uga \u015bnie\u017cnego"},"content":{"rendered":"<h2>Wysokiej jako\u015bci miniaturowy si\u0142ownik hydrauliczny do p\u0142uga \u015bnie\u017cnego<\/h2>\n<p>Przedstawiamy wysokiej jako\u015bci miniaturowy si\u0142ownik hydrauliczny do p\u0142uga \u015bnie\u017cnego:<\/p>\n<p>Wysokiej jako\u015bci miniaturowy si\u0142ownik hydrauliczny do p\u0142uga \u015bnie\u017cnego to produkt najwy\u017cszej jako\u015bci, zaprojektowany z my\u015bl\u0105 o specyficznych potrzebach od\u015bnie\u017cania. Ten si\u0142ownik hydrauliczny zosta\u0142 zaprojektowany z precyzj\u0105 i wiedz\u0105 specjalistyczn\u0105, aby zapewni\u0107 optymaln\u0105 wydajno\u015b\u0107 w najtrudniejszych warunkach zimowych.<\/p>\n<p>Ten si\u0142ownik hydrauliczny o kompaktowej konstrukcji oferuje doskona\u0142\u0105 funkcjonalno\u015b\u0107, zajmuj\u0105c jednocze\u015bnie minimaln\u0105 przestrze\u0144. Jego miniaturowe rozmiary umo\u017cliwiaj\u0105 \u0142atw\u0105 instalacj\u0119 i integracj\u0119 z istniej\u0105cymi systemami od\u015bnie\u017cania. Pomimo niewielkich rozmiar\u00f3w, zapewnia wyj\u0105tkow\u0105 moc i wydajno\u015b\u0107, co czyni go idealnym wyborem do od\u015bnie\u017cania.<\/p>\n<p><img decoding=\"async\" title=\"Si\u0142ownik hydrauliczny p\u0142ugu \u015bnie\u017cnego\" src=\"https:\/\/hzpt.com\/wp-content\/uploads\/2023\/11\/Snow-Plow-Hydraulic-Cylinder-3.webp\" alt=\"Si\u0142ownik hydrauliczny p\u0142ugu \u015bnie\u017cnego\" \/><\/p>\n<p>Wykonany z wysokiej jako\u015bci materia\u0142\u00f3w, ten si\u0142ownik hydrauliczny jest odporny na ekstremalne temperatury i intensywne u\u017cytkowanie. Zaprojektowano go tak, aby zapewni\u0107 maksymaln\u0105 trwa\u0142o\u015b\u0107 i d\u0142ugowieczno\u015b\u0107, gwarantuj\u0105c niezawodn\u0105 prac\u0119 przez wiele sezon\u00f3w. Dzi\u0119ki solidnej konstrukcji z \u0142atwo\u015bci\u0105 poradzi sobie z trudnymi zadaniami zwi\u0105zanymi z od\u015bnie\u017caniem, takimi jak pchanie i podnoszenie ci\u0119\u017ckich \u0142adunk\u00f3w \u015bniegu.<\/p>\n<p>Dost\u0119pne opcje personalizacji tego si\u0142ownika hydraulicznego sprawiaj\u0105, \u017ce jest on wszechstronnym wyborem dla r\u00f3\u017cnych konfiguracji p\u0142ug\u00f3w od\u015bnie\u017cnych. Mo\u017cna go dostosowa\u0107 do konkretnych wymaga\u0144, w tym d\u0142ugo\u015bci skoku, opcji monta\u017cu i ci\u015bnienia znamionowego. Ta elastyczno\u015b\u0107 gwarantuje bezproblemow\u0105 integracj\u0119 z r\u00f3\u017cnymi systemami p\u0142ug\u00f3w od\u015bnie\u017cnych, zwi\u0119kszaj\u0105c ich skuteczno\u015b\u0107 i wydajno\u015b\u0107.<\/p>\n<p>Opr\u00f3cz imponuj\u0105cej funkcjonalno\u015bci, ten si\u0142ownik hydrauliczny oferuje r\u00f3wnie\u017c zaawansowane funkcje bezpiecze\u0144stwa. Zosta\u0142 zaprojektowany z wbudowanymi mechanizmami zapobiegaj\u0105cymi przeci\u0105\u017ceniom i zapewniaj\u0105cymi p\u0142ynne i kontrolowane ruchy. Te funkcje bezpiecze\u0144stwa nie tylko chroni\u0105 sprz\u0119t, ale tak\u017ce zapewniaj\u0105 bezpiecze\u0144stwo operatorom podczas od\u015bnie\u017cania.<\/p>\n<p>Podsumowuj\u0105c, wysokiej jako\u015bci miniaturowy si\u0142ownik hydrauliczny do p\u0142ugu \u015bnie\u017cnego to niezawodny i wydajny produkt, niezb\u0119dny do efektywnego od\u015bnie\u017cania. Dzi\u0119ki kompaktowej konstrukcji, trwa\u0142o\u015bci, mo\u017cliwo\u015bciom personalizacji i zaawansowanym funkcjom bezpiecze\u0144stwa, stanowi idealny wyb\u00f3r do ka\u017cdego zastosowania p\u0142ugu \u015bnie\u017cnego. Przekonaj si\u0119 o mocy i niezawodno\u015bci tego si\u0142ownika hydraulicznego i spraw, aby od\u015bnie\u017canie by\u0142o \u0142atwe i efektywne. Odkryj moc i wydajno\u015b\u0107 naszego wysokiej jako\u015bci miniaturowego si\u0142ownika hydraulicznego do p\u0142ugu \u015bnie\u017cnego. Nasz produkt jest \u015bwiadectwem najnowocze\u015bniejszej technologii i rygorystycznej kontroli jako\u015bci, z kt\u00f3rych s\u0142yniemy. W FMP Transmission dok\u0142adamy wszelkich stara\u0144, aby zapewnia\u0107 najwy\u017csz\u0105 jako\u015b\u0107 w konkurencyjnych cenach. Rozumiemy wag\u0119 trwa\u0142o\u015bci i wydajno\u015bci, szczeg\u00f3lnie w trudnych zastosowaniach, takich jak od\u015bnie\u017canie. To w\u0142a\u015bnie dlatego nasz si\u0142ownik hydrauliczny wyr\u00f3\u017cnia si\u0119 na rynku.<\/p>\n<h2>Cechy produktu<\/h2>\n<p>Nasz miniaturowy si\u0142ownik hydrauliczny do p\u0142uga \u015bnie\u017cnego to nie tylko zwyk\u0142y si\u0142ownik hydrauliczny. Zosta\u0142 zaprojektowany specjalnie z my\u015bl\u0105 o wytrzyma\u0142o\u015bci, niezawodno\u015bci i wydajno\u015bci. Oto niekt\u00f3re z jego wyr\u00f3\u017cniaj\u0105cych si\u0119 cech:<\/p>\n<ul>\n<li><b>Stan : schorzenie:<\/b> Gwarancja nowo\u015bci z roczn\u0105 gwarancj\u0105<\/li>\n<li><b>Zastosowania w nast\u0119puj\u0105cych bran\u017cach:<\/b> Idealnie nadaje si\u0119 do warsztat\u00f3w naprawczych maszyn, gospodarstw rolnych, energetyki i g\u00f3rnictwa, produkcji maszyn, fabryk maszyn<\/li>\n<li><b>G\u0142\u00f3wne komponenty:<\/b> \u0141o\u017cysko, si\u0142ownik hydrauliczny<\/li>\n<li><b>W\u0142adza i struktura:<\/b> Dzia\u0142a na zasadzie nap\u0119du hydraulicznego i ma solidn\u0105 konstrukcj\u0119 cylindra t\u0142okowego<\/li>\n<li><b>Materia\u0142 korpusu:<\/b> Wykonane z wysokiej jako\u015bci stali<\/li>\n<li><b>Maksymalna si\u0142a ci\u0105gu i ci\u0105gni\u0119cia:<\/b> Oferuje maksymalny ci\u0105g 3000 i maksymalny uci\u0105g 20 ton<\/li>\n<\/ul>\n<h2>Konserwacja i piel\u0119gnacja<\/h2>\n<p>Konserwacja si\u0142ownika hydraulicznego ma kluczowe znaczenie dla jego trwa\u0142o\u015bci. Regularne kontrole szczelno\u015bci, terminowe wymiany oleju i dbanie o to, aby uk\u0142ad hydrauliczny by\u0142 wolny od zanieczyszcze\u0144, mog\u0105 znacznie wyd\u0142u\u017cy\u0107 \u017cywotno\u015b\u0107 produktu.<\/p>\n<h2>Zalety regulowanych cylindr\u00f3w typu wide\u0142kowego<\/h2>\n<ul>\n<li style=\"list-style-type: none;\">\n<ul>\n<li>Zwi\u0119kszona wszechstronno\u015b\u0107<\/li>\n<\/ul>\n<\/li>\n<\/ul>\n<p>Regulowany si\u0142ownik z wide\u0142kami to wszechstronny si\u0142ownik hydrauliczny, kt\u00f3ry mo\u017cna dostosowa\u0107 do szerokiego zakresu zastosowa\u0144. Zaprojektowano go z wide\u0142kami, kt\u00f3re mo\u017cna dopasowa\u0107 do r\u00f3\u017cnych punkt\u00f3w mocowania. Dzi\u0119ki temu idealnie nadaje si\u0119 do stosowania w wielu r\u00f3\u017cnych maszynach, w tym p\u0142ugach \u015bnie\u017cnych.<\/p>\n<ul>\n<li style=\"list-style-type: none;\">\n<ul>\n<li>Poprawiona wydajno\u015b\u0107<\/li>\n<\/ul>\n<\/li>\n<\/ul>\n<p>Wysokiej jako\u015bci miniaturowy si\u0142ownik hydrauliczny do p\u0142ugu \u015bnie\u017cnego zosta\u0142 zaprojektowany z my\u015bl\u0105 o zwi\u0119kszeniu wydajno\u015bci. Wykonany jest z wysokiej jako\u015bci materia\u0142\u00f3w i odporny na ekstremalne temperatury i trudne warunki. Oznacza to, \u017ce mo\u017ce pracowa\u0107 wydajnie w najtrudniejszych warunkach, co czyni go idealnym wyborem do stosowania w p\u0142ugach \u015bnie\u017cnych.<\/p>\n<ul>\n<li style=\"list-style-type: none;\">\n<ul>\n<li>Zwi\u0119kszona trwa\u0142o\u015b\u0107<\/li>\n<\/ul>\n<\/li>\n<\/ul>\n<p>Wysokiej jako\u015bci miniaturowy si\u0142ownik hydrauliczny do p\u0142ugu \u015bnie\u017cnego wykonany jest z wysokiej jako\u015bci materia\u0142\u00f3w, kt\u00f3re zaprojektowano z my\u015bl\u0105 o trwa\u0142o\u015bci. Zosta\u0142 zaprojektowany tak, aby wytrzyma\u0107 trudne warunki i ekstremalne temperatury, zapewniaj\u0105c efektywn\u0105 prac\u0119 w najtrudniejszych warunkach. Dzi\u0119ki temu idealnie nadaje si\u0119 do stosowania w p\u0142ugach \u015bnie\u017cnych, gdzie b\u0119dzie nara\u017cony na dzia\u0142anie \u015bniegu, lodu i innych trudnych warunk\u00f3w.<\/p>\n<ul>\n<li style=\"list-style-type: none;\">\n<ul>\n<li>Ni\u017csze koszty utrzymania<\/li>\n<\/ul>\n<\/li>\n<\/ul>\n<p>Wysokiej jako\u015bci miniaturowy si\u0142ownik hydrauliczny do p\u0142uga \u015bnie\u017cnego zosta\u0142 zaprojektowany z my\u015bl\u0105 o niskich wymaganiach konserwacyjnych, co pozwala obni\u017cy\u0107 koszty utrzymania. Wykonany jest z wysokiej jako\u015bci materia\u0142\u00f3w o d\u0142ugiej \u017cywotno\u015bci, co oznacza, \u017ce \u200b\u200bb\u0119dzie wymaga\u0142 rzadszych napraw i wymian. Pozwala to obni\u017cy\u0107 og\u00f3lne koszty utrzymania p\u0142ug\u00f3w \u015bnie\u017cnych i innych maszyn.<\/p>\n<ul>\n<li style=\"list-style-type: none;\">\n<ul>\n<li>Poprawiona wydajno\u015b\u0107<\/li>\n<\/ul>\n<\/li>\n<\/ul>\n<p>Wysokiej jako\u015bci miniaturowy si\u0142ownik hydrauliczny do p\u0142ugu od\u015bnie\u017cnego zosta\u0142 zaprojektowany z my\u015bl\u0105 o poprawie wydajno\u015bci. Wykonany jest z wysokiej jako\u015bci materia\u0142\u00f3w i zaprojektowany do wydajnej pracy w najtrudniejszych warunkach. Oznacza to, \u017ce mo\u017ce pom\u00f3c w poprawie wydajno\u015bci p\u0142ug\u00f3w od\u015bnie\u017cnych, zwi\u0119kszaj\u0105c ich skuteczno\u015b\u0107 w usuwaniu \u015bniegu i lodu z dr\u00f3g i innych powierzchni.<\/p>\n<p>Podsumowuj\u0105c, wysokiej jako\u015bci miniaturowy si\u0142ownik hydrauliczny do p\u0142ugu \u015bnie\u017cnego to idealny wyb\u00f3r do zastosowania w p\u0142ugach \u015bnie\u017cnych. Zaprojektowany z regulowanym wide\u0142kiem, kt\u00f3ry mo\u017cna dopasowa\u0107 do r\u00f3\u017cnych punkt\u00f3w mocowania, jest wszechstronnym si\u0142ownikiem hydraulicznym, kt\u00f3ry mo\u017ce by\u0107 stosowany w wielu r\u00f3\u017cnych typach maszyn. Wykonany jest z wysokiej jako\u015bci materia\u0142\u00f3w, odpornych na trudne warunki i ekstremalne temperatury, co zapewnia mu trwa\u0142o\u015b\u0107 i niskie koszty konserwacji. Dodatkowo, zosta\u0142 zaprojektowany z my\u015bl\u0105 o poprawie wydajno\u015bci, dzi\u0119ki czemu jest skutecznym narz\u0119dziem do usuwania \u015bniegu i lodu z dr\u00f3g i innych powierzchni.<\/p>\n<h3>O cylindrze hydraulicznym FMP<\/h3>\n<p>FMP to renomowana firma z siedzib\u0105 we W\u0142oszech, specjalizuj\u0105ca si\u0119 w dostarczaniu wysokiej jako\u015bci cz\u0119\u015bci i kompletnych maszyn budowlanych. Oferujemy klientom szerok\u0105 gam\u0119 maszyn budowlanych, w tym przek\u0142adnie do maszyn rolniczych, przek\u0142adnie planetarne, przek\u0142adnie przemys\u0142owe oraz szereg wysokiej jako\u015bci akcesori\u00f3w do nich. Nasz si\u0142ownik hydrauliczny to jeden z naszych najlepszych produkt\u00f3w, kt\u00f3ry z dum\u0105 polecamy naszym klientom. Oto kilka powod\u00f3w:<\/p>\n<ol>\n<li><strong>Wysokiej jako\u015bci materia\u0142:<\/strong> Nasze cylindry hydrauliczne wykonane s\u0105 z wysokiej jako\u015bci materia\u0142\u00f3w, kt\u00f3re s\u0105 trwa\u0142e i odporne na trudne warunki pracy. Dzi\u0119ki temu charakteryzuj\u0105 si\u0119 d\u0142u\u017csz\u0105 \u017cywotno\u015bci\u0105 i ni\u017cszymi kosztami konserwacji.<\/li>\n<li><strong>Mo\u017cliwo\u015b\u0107 dostosowania:<\/strong> Oferujemy szerok\u0105 gam\u0119 si\u0142ownik\u00f3w hydraulicznych, w tym si\u0142owniki z regulowanym wide\u0142kiem, si\u0142owniki z dr\u0105\u017ckiem \u015bci\u0105gaj\u0105cym, si\u0142owniki spawane i wiele innych. Mo\u017cesz wybra\u0107 typ, kt\u00f3ry najlepiej odpowiada Twoim potrzebom, a my mo\u017cemy r\u00f3wnie\u017c dostosowa\u0107 projekt do Twoich wymaga\u0144.<\/li>\n<li><strong>Zesp\u00f3\u0142 Profesjonalny:<\/strong> Nasz zesp\u00f3\u0142 specjalist\u00f3w posiada wieloletnie do\u015bwiadczenie w bran\u017cy maszyn budowlanych. Zapewni\u0105 Pa\u0144stwu profesjonaln\u0105 konsultacj\u0119 produktow\u0105 i trafne sugestie zakupowe, pomagaj\u0105c w podejmowaniu \u015bwiadomych decyzji.<\/li>\n<li><strong>Surowe standardy jako\u015bci:<\/strong> Nawi\u0105zujemy d\u0142ugotrwa\u0142e i stabilne relacje wsp\u00f3\u0142pracy z wieloma wysokiej jako\u015bci dostawcami zar\u00f3wno w kraju, jak i za granic\u0105, co gwarantuje, \u017ce wszystkie dostarczane cz\u0119\u015bci spe\u0142niaj\u0105 rygorystyczne standardy jako\u015bci.<\/li>\n<li><strong>Efektywna dystrybucja logistyczna:<\/strong> Dysponujemy wydajnym systemem dystrybucji logistycznej, kt\u00f3ry gwarantuje terminowe i dok\u0142adne dostarczanie klientom potrzebnych cz\u0119\u015bci. Pomaga to zminimalizowa\u0107 przestoje i poprawi\u0107 og\u00f3ln\u0105 wydajno\u015b\u0107.<\/li>\n<\/ol>\n<p>Z si\u0142ownikami hydraulicznymi FMP mo\u017cesz liczy\u0107 na niezawodn\u0105 i trwa\u0142\u0105 wydajno\u015b\u0107, kt\u00f3ra sprawdzi si\u0119 w trudnych warunkach pracy. Nasze produkty wykonane s\u0105 z wysokiej jako\u015bci materia\u0142\u00f3w i mo\u017cna je dostosowa\u0107 do indywidualnych potrzeb. Posiadamy zesp\u00f3\u0142 specjalist\u00f3w, kt\u00f3rzy s\u0142u\u017c\u0105 fachowym doradztwem i rygorystycznym procesem kontroli jako\u015bci, aby zapewni\u0107 Ci wy\u0142\u0105cznie najlepsze produkty. Dzi\u0119ki naszemu wydajnemu systemowi dystrybucji logistycznej masz pewno\u015b\u0107, \u017ce otrzymasz cz\u0119\u015bci na czas i zminimalizujesz przestoje. Skontaktuj si\u0119 z nami ju\u017c teraz i przekonaj si\u0119, jak mo\u017cemy pom\u00f3c Ci poprawi\u0107 wydajno\u015b\u0107 Twoich maszyn budowlanych!<\/p>\n<p><img decoding=\"async\" src=\"https:\/\/fmp-components.com\/wp-content\/uploads\/2024\/12\/Adjustable-Clevis-Type-Cylinders-6.webp\" alt=\"Regulowany cylinder typu wide\u0142kowego\" width=\"838\" title=\"\"><\/p>\n<h2>Cz\u0119sto zadawane pytania<\/h2>\n<dl>\n<dt><b>P: Czy jeste\u015b firm\u0105 handlow\u0105 lub produkcyjn\u0105?<\/b><\/dt>\n<dd>A: Jeste\u015bmy producentem.<\/dd>\n<dt><b>P: Jak d\u0142ugi jest czas dostawy?<\/b><\/dt>\n<dd>A: Zazwyczaj trwa to 25\u201335 dni.<\/dd>\n<dt><b>P: Czy dostarczacie pr\u00f3bki? Czy s\u0105 darmowe czy dodatkowe?<\/b><\/dt>\n<dd>A: Tak, mogliby\u015bmy zaoferowa\u0107 pr\u00f3bk\u0119, ale nie jest ona darmowa.<\/dd>\n<\/dl>\n<p>Autor: CX<\/p>","protected":false},"excerpt":{"rendered":"<p>High Quality Mini Customized Hydraulic Cylinder for Snow Plow Introducing the High Quality Mini Customized Hydraulic Cylinder for Snow Plow: The High Quality Mini Customized Hydraulic Cylinder for Snow Plow is a top-notch product designed to meet the specific needs of snow plowing. This hydraulic cylinder is engineered with precision and expertise to ensure optimal [&hellip;]<\/p>","protected":false},"featured_media":1521,"comment_status":"closed","ping_status":"closed","template":"","meta":{"_et_pb_use_builder":"","_et_pb_old_content":"","_et_gb_content_width":""},"product_brand":[],"product_cat":[42],"product_tag":[34,44],"class_list":{"0":"post-1520","1":"product","2":"type-product","3":"status-publish","4":"has-post-thumbnail","6":"product_cat-snow-plow-hydraulic-cylinder","7":"product_tag-hydraulic-cylinder","8":"product_tag-snow-plow-hydraulic-cylinder","10":"first","11":"instock","12":"product-type-simple"},"_links":{"self":[{"href":"https:\/\/fmp-components.com\/pl\/wp-json\/wp\/v2\/product\/1520","targetHints":{"allow":["GET"]}}],"collection":[{"href":"https:\/\/fmp-components.com\/pl\/wp-json\/wp\/v2\/product"}],"about":[{"href":"https:\/\/fmp-components.com\/pl\/wp-json\/wp\/v2\/types\/product"}],"replies":[{"embeddable":true,"href":"https:\/\/fmp-components.com\/pl\/wp-json\/wp\/v2\/comments?post=1520"}],"wp:featuredmedia":[{"embeddable":true,"href":"https:\/\/fmp-components.com\/pl\/wp-json\/wp\/v2\/media\/1521"}],"wp:attachment":[{"href":"https:\/\/fmp-components.com\/pl\/wp-json\/wp\/v2\/media?parent=1520"}],"wp:term":[{"taxonomy":"product_brand","embeddable":true,"href":"https:\/\/fmp-components.com\/pl\/wp-json\/wp\/v2\/product_brand?post=1520"},{"taxonomy":"product_cat","embeddable":true,"href":"https:\/\/fmp-components.com\/pl\/wp-json\/wp\/v2\/product_cat?post=1520"},{"taxonomy":"product_tag","embeddable":true,"href":"https:\/\/fmp-components.com\/pl\/wp-json\/wp\/v2\/product_tag?post=1520"}],"curies":[{"name":"wp","href":"https:\/\/api.w.org\/{rel}","templated":true}]}}