{"id":1518,"date":"2024-12-23T05:50:37","date_gmt":"2024-12-23T05:50:37","guid":{"rendered":"https:\/\/fmp-components.com\/product\/small-2-ton-hydraulic-piston-cylinder-hydraulic-cylinder-for-snow-plow\/"},"modified":"2025-05-10T13:02:44","modified_gmt":"2025-05-10T13:02:44","slug":"small-2-ton-hydraulic-piston-cylinder-hydraulic-cylinder-for-snow-plow","status":"publish","type":"product","link":"https:\/\/fmp-components.com\/pl\/product\/small-2-ton-hydraulic-piston-cylinder-hydraulic-cylinder-for-snow-plow\/","title":{"rendered":"Ma\u0142y 2-tonowy si\u0142ownik hydrauliczny z t\u0142okiem hydraulicznym do p\u0142uga \u015bnie\u017cnego"},"content":{"rendered":"<h2>Ma\u0142y 2-tonowy si\u0142ownik hydrauliczny z t\u0142okiem hydraulicznym do p\u0142uga \u015bnie\u017cnego<\/h2>\n<p>Nasz ma\u0142y, 2-tonowy si\u0142ownik hydrauliczny z t\u0142okiem hydraulicznym do p\u0142uga \u015bnie\u017cnego to innowacyjny i niezawodny si\u0142ownik hydrauliczny o standardowej konstrukcji i mocy hydraulicznej. Jest idealnym uzupe\u0142nieniem warsztat\u00f3w naprawczych maszyn, gospodarstw rolnych, przemys\u0142u energetycznego i g\u00f3rniczego, produkcji maszyn oraz fabryk. Dzi\u0119ki solidnej stalowej obudowie, si\u0142ownik jest odporny na trudne warunki pracy i zapewnia maksymaln\u0105 si\u0142\u0119 ci\u0105gu i uci\u0105gu, co przek\u0142ada si\u0119 na wydajno\u015b\u0107.<\/p>\n<h3>Cechy produktu<\/h3>\n<ul>\n<li>Lekka: Wa\u017cy zaledwie 10 kg<\/li>\n<li>1-letnia gwarancja<\/li>\n<li>Certyfikat ISO9001:2000 dla zapewnienia jako\u015bci<\/li>\n<li>G\u0142\u00f3wne elementy obejmuj\u0105 \u0142o\u017cysko i cylinder hydrauliczny<\/li>\n<li>Dost\u0119pne w kolorze czarnym<\/li>\n<li>Mo\u017cliwo\u015b\u0107 dostosowania do port\u00f3w G\/SAE\/NPT\/M<\/li>\n<\/ul>\n<p><img decoding=\"async\" title=\"Si\u0142ownik hydrauliczny p\u0142ugu \u015bnie\u017cnego\" src=\"https:\/\/hzpt.com\/wp-content\/uploads\/2023\/11\/Snow-Plow-Hydraulic-Cylinder-2.webp\" alt=\"Si\u0142ownik hydrauliczny p\u0142ugu \u015bnie\u017cnego\" \/><\/p>\n<h3>Wymiary<\/h3>\n<ul>\n<li>\u015arednica otworu: 2-6 cali<\/li>\n<li>Rozmiar pr\u0119ta: 1,125-4 cale<\/li>\n<li>Rozmiar skoku: 4-100 cali<\/li>\n<li>Rozmiar szpilki: 0,5-2 cale<\/li>\n<\/ul>\n<h3>Moc i wydajno\u015b\u0107<\/h3>\n<p>Nasz si\u0142ownik hydrauliczny do p\u0142uga \u015bnie\u017cnego zosta\u0142 zaprojektowany z my\u015bl\u0105 o \u0142atwym wykonywaniu ci\u0119\u017ckich zada\u0144, z maksymaln\u0105 si\u0142\u0105 ci\u0105gu 3000 i uci\u0105giem 20 ton. Idealnie nadaje si\u0119 do warsztat\u00f3w naprawczych maszyn, gospodarstw rolnych, przemys\u0142u energetycznego i g\u00f3rniczego, produkcji maszyn oraz fabryk.<\/p>\n<h2>Zalety regulowanych cylindr\u00f3w typu wide\u0142kowego<\/h2>\n<p>Regulowane cylindry z wide\u0142kami, takie jak ma\u0142y, 2-tonowy hydrauliczny cylinder t\u0142okowy do p\u0142ug\u00f3w \u015bnie\u017cnych, oferuj\u0105 szereg korzy\u015bci w r\u00f3\u017cnych zastosowaniach. W tym artykule szczeg\u00f3\u0142owo om\u00f3wimy zalety tych cylindr\u00f3w.<\/p>\n<h3>1. Zwi\u0119kszona elastyczno\u015b\u0107<\/h3>\n<p>Jedn\u0105 z kluczowych zalet regulowanych si\u0142ownik\u00f3w z wide\u0142kami jest ich zwi\u0119kszona elastyczno\u015b\u0107. Si\u0142owniki te umo\u017cliwiaj\u0105 \u0142atw\u0105 regulacj\u0119 i personalizacj\u0119, dostosowuj\u0105c si\u0119 do r\u00f3\u017cnych wymaga\u0144 i specyfikacji. Mo\u017cliwo\u015b\u0107 regulacji wide\u0142ek zapewnia dodatkow\u0105 elastyczno\u015b\u0107 w \u0142\u0105czeniu si\u0142ownika z r\u00f3\u017cnymi po\u0142\u0105czeniami, co pozwala na precyzyjn\u0105 kontrol\u0119 i optymaln\u0105 wydajno\u015b\u0107.<\/p>\n<h3>2. Poprawa wydajno\u015bci<\/h3>\n<p>Regulowane si\u0142owniki wide\u0142kowe zosta\u0142y zaprojektowane w celu poprawy wydajno\u015bci uk\u0142ad\u00f3w hydraulicznych. Umo\u017cliwiaj\u0105c precyzyjn\u0105 regulacj\u0119, si\u0142owniki te zapewniaj\u0105 optymalne roz\u0142o\u017cenie si\u0142y, minimalizuj\u0105c straty energii i maksymalizuj\u0105c wydajno\u015b\u0107. Mo\u017cliwo\u015b\u0107 precyzyjnego dostrojenia po\u0142o\u017cenia wide\u0142ek zapewnia optymaln\u0105 wydajno\u015b\u0107 si\u0142ownika, co przek\u0142ada si\u0119 na popraw\u0119 og\u00f3lnej wydajno\u015bci.<\/p>\n<h3>3. Zwi\u0119kszona trwa\u0142o\u015b\u0107<\/h3>\n<p>Kolejn\u0105 zalet\u0105 regulowanych si\u0142ownik\u00f3w wide\u0142kowych jest ich zwi\u0119kszona trwa\u0142o\u015b\u0107. Si\u0142owniki te s\u0105 zaprojektowane tak, aby sprosta\u0107 trudnym warunkom pracy i ci\u0119\u017ckim zadaniom. Zastosowanie wysokiej jako\u015bci materia\u0142\u00f3w i zaawansowanych technik produkcyjnych gwarantuje, \u017ce si\u0142owniki te wytrzymuj\u0105 wysokie ci\u015bnienia, ekstremalne temperatury i korozj\u0119. Ta trwa\u0142o\u015b\u0107 przek\u0142ada si\u0119 na d\u0142u\u017csz\u0105 \u017cywotno\u015b\u0107 i ni\u017csze koszty konserwacji.<\/p>\n<h3>4. Precyzyjna kontrola<\/h3>\n<p>Regulowane si\u0142owniki z trzpieniem wide\u0142kowym zapewniaj\u0105 precyzyjn\u0105 kontrol\u0119 ruchu i po\u0142o\u017cenia mechanizmu \u0142\u0105cz\u0105cego. Mo\u017cliwo\u015b\u0107 regulacji po\u0142o\u017cenia trzpienia wide\u0142kowego pozwala na precyzyjne dostrojenie d\u0142ugo\u015bci skoku i si\u0142y wywieranej przez si\u0142ownik. Ta precyzyjna kontrola jest kluczowa w zastosowaniach wymagaj\u0105cych precyzyjnego pozycjonowania, takich jak p\u0142ugi \u015bnie\u017cne. Dzi\u0119ki zastosowaniu ma\u0142ego, 2-tonowego si\u0142ownika hydraulicznego z t\u0142okiem hydraulicznym do p\u0142uga \u015bnie\u017cnego, operatorzy mog\u0105 precyzyjnie kontrolowa\u0107 ruchy p\u0142uga, zapewniaj\u0105c wydajne i skuteczne usuwanie \u015bniegu.<\/p>\n<h3>5. Wszechstronno\u015b\u0107<\/h3>\n<p>Regulowane si\u0142owniki wide\u0142kowe oferuj\u0105 wszechstronno\u015b\u0107 zastosowania. Si\u0142owniki te mog\u0105 by\u0107 stosowane w wielu ga\u0142\u0119ziach przemys\u0142u, w tym w rolnictwie, budownictwie, transporcie materia\u0142\u00f3w i innych. Ich regulowana konstrukcja pozwala na \u0142atw\u0105 integracj\u0119 z r\u00f3\u017cnymi systemami i po\u0142\u0105czeniami, co czyni je wszechstronnym wyborem dla r\u00f3\u017cnych konfiguracji hydraulicznych.<\/p>\n<p>Podsumowuj\u0105c, regulowane si\u0142owniki wide\u0142kowe, takie jak ma\u0142y, 2-tonowy si\u0142ownik hydrauliczny z t\u0142okiem hydraulicznym do p\u0142ug\u00f3w \u015bnie\u017cnych, oferuj\u0105 szereg zalet. Ich zwi\u0119kszona elastyczno\u015b\u0107, zwi\u0119kszona wydajno\u015b\u0107, zwi\u0119kszona trwa\u0142o\u015b\u0107, precyzyjna kontrola i wszechstronno\u015b\u0107 czyni\u0105 je cennym elementem uk\u0142ad\u00f3w hydraulicznych. Niezale\u017cnie od tego, czy chodzi o p\u0142ugi \u015bnie\u017cne, czy inne zastosowania, si\u0142owniki te zapewniaj\u0105 niezb\u0119dn\u0105 wydajno\u015b\u0107 i niezawodno\u015b\u0107.<\/p>\n<h3>O FMP<\/h3>\n<p>FMP to wiod\u0105ca firma specjalizuj\u0105ca si\u0119 w produkcji i sprzeda\u017cy cylindr\u00f3w hydraulicznych. Dzi\u0119ki wieloletniemu do\u015bwiadczeniu w bran\u017cy i profesjonalnemu zespo\u0142owi, jeste\u015bmy w stanie dostarcza\u0107 klientom wysokiej jako\u015bci i niezawodne cylindry hydrauliczne oraz kompletne rozwi\u0105zania maszynowe.<\/p>\n<p><img decoding=\"async\" class=\"aligncenter\" src=\"https:\/\/fmp-components.com\/wp-content\/uploads\/2024\/12\/Adjustable-Clevis-Type-Cylinders-6.webp\" alt=\"Regulowany cylinder typu wide\u0142kowego\" width=\"837\" title=\"\"><\/p>\n<p>Oto pi\u0119\u0107 kluczowych zalet naszych produkt\u00f3w i firmy:<\/p>\n<ol>\n<li>Szeroki wyb\u00f3r opcji: Oferujemy szerok\u0105 gam\u0119 si\u0142ownik\u00f3w hydraulicznych odpowiednich do r\u00f3\u017cnych zastosowa\u0144 w bran\u017cy maszyn budowlanych. Od si\u0142ownik\u00f3w z regulowanym wide\u0142kiem po inne specjalistyczne typy, mamy idealne rozwi\u0105zanie, kt\u00f3re spe\u0142ni Twoje indywidualne wymagania.<\/li>\n<li>Najwy\u017csza jako\u015b\u0107: W FMP priorytetowo traktujemy jako\u015b\u0107 i dbamy o to, aby wszystkie nasze cylindry hydrauliczne spe\u0142nia\u0142y surowe standardy jako\u015bci. Nasze produkty s\u0105 wytwarzane z najwy\u017cszej jako\u015bci materia\u0142\u00f3w i poddawane rygorystycznym testom, aby zagwarantowa\u0107 ich trwa\u0142o\u015b\u0107 i wydajno\u015b\u0107.<\/li>\n<li>Zesp\u00f3\u0142 Sprzeda\u017cy Ekspert\u00f3w: Nasz do\u015bwiadczony zesp\u00f3\u0142 sprzeda\u017cy posiada dog\u0142\u0119bn\u0105 wiedz\u0119 na temat bran\u017cy maszyn budowlanych, \u015bledzi najnowsze trendy i rozumie potrzeby klient\u00f3w. Jeste\u015bmy gotowi zapewni\u0107 profesjonalne doradztwo produktowe i przedstawi\u0107 przemy\u015blane sugestie zakupowe, aby pom\u00f3c Pa\u0144stwu w podejmowaniu \u015bwiadomych decyzji.<\/li>\n<li>Efektywna logistyka: Rozumiemy wag\u0119 terminowych dostaw, dlatego stworzyli\u015bmy efektywny system dystrybucji logistycznej. Dzi\u0119ki temu klienci otrzymuj\u0105 niezb\u0119dne cylindry hydrauliczne szybko i dok\u0142adnie, minimalizuj\u0105c wszelkie potencjalne op\u00f3\u017anienia lub zak\u0142\u00f3cenia.<\/li>\n<li>Silne relacje z dostawcami: Dzi\u0119ki d\u0142ugotrwa\u0142ym i stabilnym relacjom z wysokiej jako\u015bci dostawcami, zar\u00f3wno krajowymi, jak i mi\u0119dzynarodowymi, mo\u017cemy pozyskiwa\u0107 najlepsze komponenty i materia\u0142y do \u200b\u200bnaszych cylindr\u00f3w hydraulicznych. Pozwala nam to utrzyma\u0107 sta\u0142\u0105 jako\u015b\u0107 i wydajno\u015b\u0107 w ca\u0142ym asortymencie.<\/li>\n<\/ol>\n<p>Wybierz FMP, je\u015bli potrzebujesz cylindr\u00f3w hydraulicznych i przekonaj si\u0119 o naszej niezawodno\u015bci i doskona\u0142o\u015bci. Skontaktuj si\u0119 z nami ju\u017c dzi\u015b, aby om\u00f3wi\u0107 swoje potrzeby i rozpocz\u0105\u0107 udan\u0105 wsp\u00f3\u0142prac\u0119.<\/p>\n<h2>Cz\u0119sto zadawane pytania<\/h2>\n<ol>\n<li><strong>Czy jeste\u015b firm\u0105 handlow\u0105 lub producentem?<\/strong><br \/>\nJeste\u015bmy fabryk\u0105.<\/li>\n<li><strong>Jak d\u0142ugi jest czas dostawy?<\/strong><br \/>\nZazwyczaj jest to 25\u201335 dni.<\/li>\n<li><strong>Czy udost\u0119pniacie pr\u00f3bki? Czy s\u0105 one bezp\u0142atne czy dodatkowo p\u0142atne?<\/strong><br \/>\nTak, mogliby\u015bmy zaoferowa\u0107 pr\u00f3bk\u0119, ale nie jest ona darmowa.<\/li>\n<\/ol>\n<p><img decoding=\"async\" class=\"aligncenter\" title=\"Si\u0142ownik hydrauliczny p\u0142ugu \u015bnie\u017cnego\" src=\"https:\/\/hzpt.com\/wp-content\/uploads\/2023\/11\/Snow-Plow-Hydraulic-Cylinder-1.webp\" alt=\"Si\u0142ownik hydrauliczny p\u0142ugu \u015bnie\u017cnego\" \/><\/p>\n<p>Autor: CX<\/p>","protected":false},"excerpt":{"rendered":"<p>Small 2 Ton Hydraulic Piston Cylinder Hydraulic Cylinder for Snow Plow Our Small 2 Ton Hydraulic Piston Cylinder Hydraulic Cylinder for Snow Plow is an innovative and reliable hydraulic cylinder designed with a standard piston cylinder structure and hydraulic power. It is an ideal addition for machinery repair shops, farms, energy &amp; mining industries, machinery [&hellip;]<\/p>","protected":false},"featured_media":1519,"comment_status":"closed","ping_status":"closed","template":"","meta":{"_et_pb_use_builder":"","_et_pb_old_content":"","_et_gb_content_width":""},"product_brand":[],"product_cat":[42],"product_tag":[34,44],"class_list":{"0":"post-1518","1":"product","2":"type-product","3":"status-publish","4":"has-post-thumbnail","6":"product_cat-snow-plow-hydraulic-cylinder","7":"product_tag-hydraulic-cylinder","8":"product_tag-snow-plow-hydraulic-cylinder","10":"first","11":"instock","12":"product-type-simple"},"_links":{"self":[{"href":"https:\/\/fmp-components.com\/pl\/wp-json\/wp\/v2\/product\/1518","targetHints":{"allow":["GET"]}}],"collection":[{"href":"https:\/\/fmp-components.com\/pl\/wp-json\/wp\/v2\/product"}],"about":[{"href":"https:\/\/fmp-components.com\/pl\/wp-json\/wp\/v2\/types\/product"}],"replies":[{"embeddable":true,"href":"https:\/\/fmp-components.com\/pl\/wp-json\/wp\/v2\/comments?post=1518"}],"wp:featuredmedia":[{"embeddable":true,"href":"https:\/\/fmp-components.com\/pl\/wp-json\/wp\/v2\/media\/1519"}],"wp:attachment":[{"href":"https:\/\/fmp-components.com\/pl\/wp-json\/wp\/v2\/media?parent=1518"}],"wp:term":[{"taxonomy":"product_brand","embeddable":true,"href":"https:\/\/fmp-components.com\/pl\/wp-json\/wp\/v2\/product_brand?post=1518"},{"taxonomy":"product_cat","embeddable":true,"href":"https:\/\/fmp-components.com\/pl\/wp-json\/wp\/v2\/product_cat?post=1518"},{"taxonomy":"product_tag","embeddable":true,"href":"https:\/\/fmp-components.com\/pl\/wp-json\/wp\/v2\/product_tag?post=1518"}],"curies":[{"name":"wp","href":"https:\/\/api.w.org\/{rel}","templated":true}]}}