{"id":1516,"date":"2024-12-23T05:50:37","date_gmt":"2024-12-23T05:50:37","guid":{"rendered":"https:\/\/fmp-components.com\/product\/professional-small-double-acting-snow-plow-hydraulic-cylinder\/"},"modified":"2024-12-23T06:10:51","modified_gmt":"2024-12-23T06:10:51","slug":"professional-small-double-acting-snow-plow-hydraulic-cylinder","status":"publish","type":"product","link":"https:\/\/fmp-components.com\/pl\/product\/professional-small-double-acting-snow-plow-hydraulic-cylinder\/","title":{"rendered":"Profesjonalny ma\u0142y si\u0142ownik hydrauliczny dwustronnego dzia\u0142ania do p\u0142uga \u015bnie\u017cnego"},"content":{"rendered":"<h2>Profesjonalny ma\u0142y si\u0142ownik hydrauliczny dwustronnego dzia\u0142ania do p\u0142uga \u015bnie\u017cnego<\/h2>\n<p>Przedstawiamy profesjonalny, ma\u0142y, dwukierunkowy si\u0142ownik hydrauliczny do p\u0142uga \u015bnie\u017cnego:<\/p>\n<p>Profesjonalny, ma\u0142y si\u0142ownik hydrauliczny dwustronnego dzia\u0142ania do p\u0142ug\u00f3w \u015bnie\u017cnych to wysokiej jako\u015bci si\u0142ownik hydrauliczny zaprojektowany specjalnie do zastosowa\u0144 w p\u0142ugach \u015bnie\u017cnych. Si\u0142ownik ten zosta\u0142 zaprojektowany z my\u015bl\u0105 o precyzji i trwa\u0142o\u015bci, co czyni go idealnym wyborem dla profesjonalist\u00f3w w bran\u017cy od\u015bnie\u017cania.<\/p>\n<p>Dzi\u0119ki dwustronnemu dzia\u0142aniu, ten si\u0142ownik hydrauliczny umo\u017cliwia zar\u00f3wno wysuwanie, jak i wsuwanie lemiesza p\u0142uga, zapewniaj\u0105c wydajne i efektywne od\u015bnie\u017canie. Si\u0142ownik jest wyposa\u017cony w zaawansowan\u0105 technologi\u0119 hydrauliczn\u0105, gwarantuj\u0105c\u0105 p\u0142ynn\u0105 i niezawodn\u0105 prac\u0119 nawet w najtrudniejszych warunkach zimowych.<\/p>\n<p>Profesjonalny, ma\u0142y si\u0142ownik hydrauliczny dwustronnego dzia\u0142ania do p\u0142uga \u015bnie\u017cnego jest wykonany z materia\u0142\u00f3w najwy\u017cszej jako\u015bci, w tym stali o wysokiej wytrzyma\u0142o\u015bci i pow\u0142ok odpornych na korozj\u0119. Zapewnia to jego trwa\u0142o\u015b\u0107 i odporno\u015b\u0107 na intensywne u\u017cytkowanie, oszcz\u0119dzaj\u0105c czas i pieni\u0105dze na konserwacji i wymianie.<\/p>\n<p>Ten si\u0142ownik hydrauliczny o kompaktowej i op\u0142ywowej konstrukcji jest \u0142atwy w monta\u017cu i idealnie pasuje do r\u00f3\u017cnych system\u00f3w od\u015bnie\u017cania. Wszechstronne opcje monta\u017cu pozwalaj\u0105 na wygodn\u0105 personalizacj\u0119, dostosowuj\u0105c si\u0119 do r\u00f3\u017cnych konfiguracji i wymaga\u0144 p\u0142uga.<\/p>\n<p>Bezpiecze\u0144stwo jest priorytetem w przypadku profesjonalnego, ma\u0142ego si\u0142ownika hydraulicznego dwustronnego dzia\u0142ania do p\u0142uga \u015bnie\u017cnego. Wyposa\u017cony jest on we wbudowane zabezpieczenia, takie jak zawory bezpiecze\u0144stwa i uszczelki, kt\u00f3re zapobiegaj\u0105 wyciekom i utrzymuj\u0105 optymaln\u0105 wydajno\u015b\u0107. Gwarantuje to bezpiecze\u0144stwo zar\u00f3wno operatora, jak i sprz\u0119tu.<\/p>\n<p>Podsumowuj\u0105c, profesjonalny ma\u0142y si\u0142ownik hydrauliczny dwustronnego dzia\u0142ania do p\u0142uga \u015bnie\u017cnego to wyj\u0105tkowy produkt, kt\u00f3ry zapewnia znakomite rezultaty. Jego solidna konstrukcja, wydajna praca i przyjazna dla u\u017cytkownika konstrukcja sprawiaj\u0105, \u017ce jest to idealny wyb\u00f3r dla profesjonalist\u00f3w poszukuj\u0105cych niezawodnego i wydajnego si\u0142ownika hydraulicznego do p\u0142ug\u00f3w \u015bnie\u017cnych. Profesjonalny ma\u0142y si\u0142ownik hydrauliczny dwustronnego dzia\u0142ania do p\u0142uga \u015bnie\u017cnego to najnowocze\u015bniejsze narz\u0119dzie zaprojektowane z my\u015bl\u0105 o wydajno\u015bci i trwa\u0142o\u015bci. To wszechstronne narz\u0119dzie jest przeznaczone do szerokiego zakresu zastosowa\u0144, w tym do warsztat\u00f3w naprawczych maszyn, gospodarstw rolnych, przemys\u0142u energetycznego i g\u00f3rniczego, produkcji maszyn i fabryk maszyn.<img decoding=\"async\" title=\"Si\u0142ownik hydrauliczny p\u0142ugu \u015bnie\u017cnego\" src=\"https:\/\/hzpt.com\/wp-content\/uploads\/2023\/11\/Snow-Plow-Hydraulic-Cylinder-1.webp\" alt=\"Si\u0142ownik hydrauliczny p\u0142ugu \u015bnie\u017cnego\" \/><\/p>\n<h2>Wyj\u0105tkowe cechy produktu<\/h2>\n<p>Wykonany ze stali, ten si\u0142ownik hydrauliczny jest przeznaczony do ci\u0119\u017ckich zastosowa\u0144. Ma standardowy rozmiar, konstrukcj\u0119 t\u0142okowo-cylindrow\u0105 i dzia\u0142a w oparciu o zasilanie hydrauliczne. Si\u0142ownik hydrauliczny oferuje maksymaln\u0105 si\u0142\u0119 ci\u0105gu 3000 i maksymaln\u0105 si\u0142\u0119 uci\u0105gu 20 ton. Ten si\u0142ownik, wa\u017c\u0105cy zaledwie 10 kg, idealnie nadaje si\u0119 do wykonywania ci\u0119\u017ckich zada\u0144 bez utraty wydajno\u015bci.<\/p>\n<h3>Specyfikacje<\/h3>\n<ul>\n<li>\u015arednica otworu: 2-6 cali<\/li>\n<li>Rozmiar pr\u0119ta: 1,125-4 cale<\/li>\n<li>Rozmiar skoku: 4-100 cali<\/li>\n<li>Rozmiar szpilki: 0,5-2 cale<\/li>\n<li>Kolor: czarny<\/li>\n<\/ul>\n<h2>Niezawodny i godny zaufania<\/h2>\n<p>Nasz profesjonalny, ma\u0142y si\u0142ownik hydrauliczny dwustronnego dzia\u0142ania do p\u0142uga \u015bnie\u017cnego posiada certyfikat ISO9001:2000. Jest to nowy produkt na rok 2023, gwarantuj\u0105cy nowoczesn\u0105 konstrukcj\u0119 i technologi\u0119. Jest obj\u0119ty roczn\u0105 gwarancj\u0105, kt\u00f3ra obejmuje kluczowe elementy, takie jak \u0142o\u017cysko i si\u0142ownik hydrauliczny.<\/p>\n<h2>Zalety regulowanych cylindr\u00f3w typu wide\u0142kowego<\/h2>\n<p>Cylindry z regulowanym mocowaniem wide\u0142kowym, znane r\u00f3wnie\u017c jako cylindry z regulowanym mocowaniem wide\u0142kowym, to cylindry hydrauliczne oferuj\u0105ce szereg zalet i mog\u0105ce stanowi\u0107 cenny element w wielu zastosowaniach. W tym artykule om\u00f3wimy zalety tych cylindr\u00f3w i wyja\u015bnimy, dlaczego s\u0105 one popularnym wyborem w bran\u017cy.<\/p>\n<h3>1. Wi\u0119ksza elastyczno\u015b\u0107 i zdolno\u015b\u0107 adaptacji<\/h3>\n<p>Jedn\u0105 z kluczowych zalet regulowanych si\u0142ownik\u00f3w z wide\u0142kami jest ich zwi\u0119kszona elastyczno\u015b\u0107 i zdolno\u015b\u0107 adaptacji. Si\u0142owniki te s\u0105 wyposa\u017cone w mocowanie wide\u0142kowe, kt\u00f3re umo\u017cliwia \u0142atw\u0105 regulacj\u0119 i precyzyjne dostrojenie pozycji monta\u017cowej. Ta mo\u017cliwo\u015b\u0107 regulacji umo\u017cliwia dostosowanie si\u0142ownika do r\u00f3\u017cnych zastosowa\u0144 i konfiguracji monta\u017cowych, zapewniaj\u0105c wi\u0119ksz\u0105 elastyczno\u015b\u0107 instalacji.<\/p>\n<p>Profesjonalny ma\u0142y si\u0142ownik hydrauliczny dwustronnego dzia\u0142ania do p\u0142uga \u015bnie\u017cnego<\/p>\n<h3>2. Poprawa wydajno\u015bci i efektywno\u015bci<\/h3>\n<p>Kolejn\u0105 zalet\u0105 regulowanych si\u0142ownik\u00f3w wide\u0142kowych jest ich zdolno\u015b\u0107 do poprawy osi\u0105g\u00f3w i wydajno\u015bci. Si\u0142owniki te zosta\u0142y zaprojektowane z my\u015bl\u0105 o precyzyjnej kontroli si\u0142y i pr\u0119dko\u015bci uk\u0142adu hydraulicznego. Reguluj\u0105c po\u0142o\u017cenie mocowania i precyzyjnie dostosowuj\u0105c d\u0142ugo\u015b\u0107 skoku si\u0142ownika, operatorzy mog\u0105 zoptymalizowa\u0107 osi\u0105gi uk\u0142adu i osi\u0105gn\u0105\u0107 wy\u017csz\u0105 wydajno\u015b\u0107 w r\u00f3\u017cnych zastosowaniach.<\/p>\n<h3>3. Optymalne wyr\u00f3wnanie i rozk\u0142ad obci\u0105\u017cenia<\/h3>\n<p>Regulowane si\u0142owniki z wide\u0142kami s\u0105 szczeg\u00f3lnie przydatne w celu uzyskania optymalnego wyr\u00f3wnania i roz\u0142o\u017cenia obci\u0105\u017cenia. Mocowanie wide\u0142kami umo\u017cliwia \u0142atw\u0105 regulacj\u0119 wyr\u00f3wnania, zapewniaj\u0105c prawid\u0142owe wyr\u00f3wnanie si\u0142ownika wzgl\u0119dem obci\u0105\u017cenia i innych podzespo\u0142\u00f3w uk\u0142adu. Takie wyr\u00f3wnanie pomaga r\u00f3wnomiernie roz\u0142o\u017cy\u0107 obci\u0105\u017cenie, minimalizuj\u0105c ryzyko przedwczesnego zu\u017cycia i wyd\u0142u\u017caj\u0105c og\u00f3ln\u0105 \u017cywotno\u015b\u0107 si\u0142ownika.<\/p>\n<h3>4. Zwi\u0119kszone bezpiecze\u0144stwo i niezawodno\u015b\u0107<\/h3>\n<p>Je\u015bli chodzi o bezpiecze\u0144stwo i niezawodno\u015b\u0107, si\u0142owniki z regulowanym wide\u0142kiem oferuj\u0105 szereg zalet. Mo\u017cliwo\u015b\u0107 regulacji pozycji mocowania gwarantuje bezpieczne mocowanie si\u0142ownika, zmniejszaj\u0105c ryzyko nieoczekiwanego ruchu lub od\u0142\u0105czenia podczas pracy. Dodatkowo, mo\u017cliwo\u015bci precyzyjnej regulacji tych si\u0142ownik\u00f3w pozwalaj\u0105 na precyzyjn\u0105 kontrol\u0119 systemu, minimalizuj\u0105c ryzyko przeci\u0105\u017cenia lub nadmiernego obci\u0105\u017cenia podzespo\u0142\u00f3w, co przek\u0142ada si\u0119 na wzrost og\u00f3lnego bezpiecze\u0144stwa i niezawodno\u015bci.<\/p>\n<h3>5. Szeroki zakres zastosowa\u0144<\/h3>\n<p>Regulowane si\u0142owniki wide\u0142kowe znajduj\u0105 zastosowanie w r\u00f3\u017cnych bran\u017cach i sektorach. Ich elastyczno\u015b\u0107, adaptowalno\u015b\u0107 i wydajno\u015b\u0107 sprawiaj\u0105, \u017ce nadaj\u0105 si\u0119 do szerokiego zakresu zada\u0144, w tym mi\u0119dzy innymi do maszyn rolniczych, sprz\u0119tu budowlanego, system\u00f3w transportu bliskiego i automatyki przemys\u0142owej. Niezale\u017cnie od tego, czy chodzi o pchanie, ci\u0105gni\u0119cie, podnoszenie czy trzymanie, si\u0142owniki te mo\u017cna dostosowa\u0107 do specyficznych wymaga\u0144 r\u00f3\u017cnych zastosowa\u0144.<\/p>\n<p>Podsumowuj\u0105c, regulowane si\u0142owniki wide\u0142kowe oferuj\u0105 szereg zalet, kt\u00f3re czyni\u0105 je preferowanym wyborem w wielu bran\u017cach. Ich elastyczno\u015b\u0107, wydajno\u015b\u0107 i adaptowalno\u015b\u0107, a tak\u017ce mo\u017cliwo\u015b\u0107 uzyskania optymalnego ustawienia i rozk\u0142adu obci\u0105\u017cenia, przyczyniaj\u0105 si\u0119 do zwi\u0119kszenia bezpiecze\u0144stwa, niezawodno\u015bci i wydajno\u015bci. Dzi\u0119ki szerokiemu zakresowi zastosowa\u0144 i mo\u017cliwo\u015bci precyzyjnego dostrojenia pozycji monta\u017cu, si\u0142owniki te stanowi\u0105 niezawodne i wydajne rozwi\u0105zanie dla r\u00f3\u017cnorodnych wymaga\u0144 uk\u0142ad\u00f3w hydraulicznych.<\/p>\n<h3>O FMP<\/h3>\n<p>FMP to wiod\u0105ca firma specjalizuj\u0105ca si\u0119 w produkcji i sprzeda\u017cy si\u0142ownik\u00f3w hydraulicznych. Z siedzib\u0105 g\u0142\u00f3wn\u0105 we W\u0142oszech, zdobyli\u015bmy bogate do\u015bwiadczenie w bran\u017cy i stworzyli\u015bmy profesjonalny zesp\u00f3\u0142, kt\u00f3rego celem jest dostarczanie klientom wysokiej jako\u015bci i niezawodnych cz\u0119\u015bci do maszyn budowlanych oraz kompletnych rozwi\u0105za\u0144 maszynowych.<\/p>\n<p><img decoding=\"async\" src=\"https:\/\/fmp-components.com\/wp-content\/uploads\/2024\/12\/Adjustable-Clevis-Type-Cylinders-6.webp\" alt=\"Regulowany cylinder typu wide\u0142kowego\" width=\"836\" title=\"\"><\/p>\n<p>Oto pi\u0119\u0107 kluczowych zalet naszych produkt\u00f3w i firmy:<\/p>\n<ol>\n<li>Szeroka gama produkt\u00f3w: Oferujemy szerok\u0105 gam\u0119 cylindr\u00f3w hydraulicznych, w tym cylindry z regulowanym wide\u0142kiem, kt\u00f3re s\u0105 odpowiednie do r\u00f3\u017cnorodnych zastosowa\u0144 w maszynach budowlanych.<\/li>\n<li>Surowe standardy jako\u015bci: Dzi\u0119ki budowaniu d\u0142ugoterminowych i stabilnych relacji wsp\u00f3\u0142pracy z wysokiej jako\u015bci dostawcami zar\u00f3wno krajowymi, jak i zagranicznymi, mamy pewno\u015b\u0107, \u017ce wszystkie dostarczane cz\u0119\u015bci spe\u0142niaj\u0105 rygorystyczne standardy jako\u015bci.<\/li>\n<li>Do\u015bwiadczony zesp\u00f3\u0142 sprzeda\u017cy: Nasz zesp\u00f3\u0142 sprzeda\u017cy posiada dog\u0142\u0119bn\u0105 wiedz\u0119 na temat trend\u00f3w rozwojowych w bran\u017cy maszyn budowlanych oraz potrzeb klient\u00f3w. Zapewniamy profesjonalne konsultacje produktowe i oferujemy przemy\u015blane sugestie zakupowe.<\/li>\n<li>Efektywna logistyka dystrybucji: Wdro\u017cyli\u015bmy efektywny system logistyki dystrybucji, aby zagwarantowa\u0107, \u017ce klienci otrzymaj\u0105 potrzebne cz\u0119\u015bci na czas i w odpowiedni spos\u00f3b.<\/li>\n<li>Akcesoria najwy\u017cszej klasy: Opr\u00f3cz si\u0142ownik\u00f3w hydraulicznych oferujemy r\u00f3wnie\u017c szereg akcesori\u00f3w najwy\u017cszej klasy, kt\u00f3re idealnie uzupe\u0142niaj\u0105 nasze produkty. Akcesoria te dodatkowo zwi\u0119kszaj\u0105 wydajno\u015b\u0107 i efektywno\u015b\u0107 maszyn budowlanych.<\/li>\n<\/ol>\n<p>Wybierz FMP jako swojego niezawodnego partnera w bran\u017cy maszyn budowlanych. Skontaktuj si\u0119 z nami ju\u017c dzi\u015b, aby dowiedzie\u0107 si\u0119, w jaki spos\u00f3b nasze wysokiej jako\u015bci si\u0142owniki hydrauliczne mog\u0105 spe\u0142ni\u0107 Twoje specyficzne wymagania i przyczyni\u0107 si\u0119 do sukcesu Twoich projekt\u00f3w.<\/p>\n<h2>Cz\u0119sto zadawane pytania<\/h2>\n<h3>P: Czy jeste\u015b firm\u0105 handlow\u0105 lub produkcyjn\u0105?<\/h3>\n<p>A: Jeste\u015bmy producentem.<\/p>\n<h3>P: Jak d\u0142ugi jest czas dostawy?<\/h3>\n<p>A: Zazwyczaj trwa to 25\u201335 dni.<\/p>\n<h3>P: Czy dostarczacie pr\u00f3bki? Czy s\u0105 darmowe czy dodatkowe?<\/h3>\n<p>O: Tak, mogliby\u015bmy zaoferowa\u0107 pr\u00f3bk\u0119, ale nie jest ona darmowa.<\/p>\n<p>&nbsp;<\/p>\n<p>Autor: CX<\/p>","protected":false},"excerpt":{"rendered":"<p>Professional Small Double Acting Snow Plow Hydraulic Cylinder Introducing the Professional Small Double Acting Snow Plow Hydraulic Cylinder: The Professional Small Double Acting Snow Plow Hydraulic Cylinder is a high-quality hydraulic cylinder designed specifically for snow plow applications. This cylinder is built with precision and durability in mind, making it the perfect choice for professionals [&hellip;]<\/p>","protected":false},"featured_media":1517,"comment_status":"closed","ping_status":"closed","template":"","meta":{"_et_pb_use_builder":"","_et_pb_old_content":"","_et_gb_content_width":""},"product_brand":[],"product_cat":[42],"product_tag":[34,44],"class_list":{"0":"post-1516","1":"product","2":"type-product","3":"status-publish","4":"has-post-thumbnail","6":"product_cat-snow-plow-hydraulic-cylinder","7":"product_tag-hydraulic-cylinder","8":"product_tag-snow-plow-hydraulic-cylinder","10":"first","11":"instock","12":"product-type-simple"},"_links":{"self":[{"href":"https:\/\/fmp-components.com\/pl\/wp-json\/wp\/v2\/product\/1516","targetHints":{"allow":["GET"]}}],"collection":[{"href":"https:\/\/fmp-components.com\/pl\/wp-json\/wp\/v2\/product"}],"about":[{"href":"https:\/\/fmp-components.com\/pl\/wp-json\/wp\/v2\/types\/product"}],"replies":[{"embeddable":true,"href":"https:\/\/fmp-components.com\/pl\/wp-json\/wp\/v2\/comments?post=1516"}],"wp:featuredmedia":[{"embeddable":true,"href":"https:\/\/fmp-components.com\/pl\/wp-json\/wp\/v2\/media\/1517"}],"wp:attachment":[{"href":"https:\/\/fmp-components.com\/pl\/wp-json\/wp\/v2\/media?parent=1516"}],"wp:term":[{"taxonomy":"product_brand","embeddable":true,"href":"https:\/\/fmp-components.com\/pl\/wp-json\/wp\/v2\/product_brand?post=1516"},{"taxonomy":"product_cat","embeddable":true,"href":"https:\/\/fmp-components.com\/pl\/wp-json\/wp\/v2\/product_cat?post=1516"},{"taxonomy":"product_tag","embeddable":true,"href":"https:\/\/fmp-components.com\/pl\/wp-json\/wp\/v2\/product_tag?post=1516"}],"curies":[{"name":"wp","href":"https:\/\/api.w.org\/{rel}","templated":true}]}}