{"id":1514,"date":"2024-12-23T05:50:37","date_gmt":"2024-12-23T05:50:37","guid":{"rendered":"https:\/\/fmp-components.com\/product\/factory-direct-sale-2-ton-double-effect-small-snow-plow-hydraulic-cylinder\/"},"modified":"2025-05-10T13:02:11","modified_gmt":"2025-05-10T13:02:11","slug":"factory-direct-sale-2-ton-double-effect-small-snow-plow-hydraulic-cylinder","status":"publish","type":"product","link":"https:\/\/fmp-components.com\/pl\/product\/factory-direct-sale-2-ton-double-effect-small-snow-plow-hydraulic-cylinder\/","title":{"rendered":"Sprzeda\u017c bezpo\u015brednia z fabryki, 2-tonowy, dwufunkcyjny, ma\u0142y si\u0142ownik hydrauliczny do p\u0142ugu \u015bnie\u017cnego"},"content":{"rendered":"<h2>Przedstawiamy 2-tonowy, dwufunkcyjny, ma\u0142y si\u0142ownik hydrauliczny do p\u0142ugu \u015bnie\u017cnego, sprzedawany bezpo\u015brednio w fabryce<\/h2>\n<p>Je\u015bli szukasz niezawodnego i wydajnego narz\u0119dzia do od\u015bnie\u017cania, nasz si\u0142ownik hydrauliczny do p\u0142uga \u015bnie\u017cnego jest w\u0142a\u015bnie dla Ciebie. Dzi\u0119ki doskona\u0142ej konstrukcji i du\u017cej wydajno\u015bci, jest to idealny wyb\u00f3r dla os\u00f3b poszukuj\u0105cych najwy\u017cszej klasy rozwi\u0105zania do od\u015bnie\u017cania.<\/p>\n<h3>Cechy produktu<\/h3>\n<p>Nasz si\u0142ownik hydrauliczny do p\u0142uga \u015bnie\u017cnego to zupe\u0142nie nowy produkt, kt\u00f3ry oferuje szereg imponuj\u0105cych funkcji, dzi\u0119ki kt\u00f3rym wyr\u00f3\u017cnia si\u0119 na tle konkurencji. Oferuje roczn\u0105 gwarancj\u0119 i maksymalny nacisk 3000. Ten standardowy si\u0142ownik t\u0142okowy jest nap\u0119dzany hydraulicznie i wykonany z wytrzyma\u0142ej stali, co gwarantuje jego d\u0142ug\u0105 \u017cywotno\u015b\u0107.<\/p>\n<h3>Specyfikacja produktu<\/h3>\n<p>Si\u0142ownik hydrauliczny ma \u015brednic\u0119 otworu od 2 do 6 cali, rozmiar t\u0142oczyska od 1,125 do 4 cali i skok od 4 do 100 cali. Rozmiar sworznia wynosi 0,5 do 2 cali, a maksymalny ud\u017awig wynosi 20 ton. Posiada certyfikat ISO9001:2000, co gwarantuje wysok\u0105 jako\u015b\u0107 i niezawodno\u015b\u0107.<\/p>\n<h3>Konserwacja produktu<\/h3>\n<p>Nasz si\u0142ownik hydrauliczny do p\u0142uga \u015bnie\u017cnego jest nie tylko \u0142atwy w monta\u017cu, ale r\u00f3wnie\u017c w konserwacji. Wa\u017c\u0105c zaledwie 10 kg, gwarancja obejmuje kluczowe elementy, w tym \u0142o\u017cysko i sam si\u0142ownik hydrauliczny. Dla Pa\u0144stwa wygody zapewniamy wideokontrol\u0119 i raport z test\u00f3w maszyny.<\/p>\n<h3>Zastosowane bran\u017ce<\/h3>\n<p>Nasz si\u0142ownik hydrauliczny do p\u0142uga \u015bnie\u017cnego jest wszechstronny i znajduje zastosowanie w wielu bran\u017cach, w tym w warsztatach naprawczych maszyn, gospodarstwach rolnych, energetyce i g\u00f3rnictwie, produkcji maszyn oraz fabrykach maszyn. Jego wysoka wydajno\u015b\u0107 i trwa\u0142o\u015b\u0107 sprawiaj\u0105, \u017ce stanowi on cenne uzupe\u0142nienie arsena\u0142u ka\u017cdego ci\u0119\u017ckiego sprz\u0119tu.<\/p>\n<h2>Zalety regulowanych cylindr\u00f3w typu wide\u0142kowego<\/h2>\n<p><strong>Sprzeda\u017c bezpo\u015brednia z fabryki, 2-tonowy, dwufunkcyjny, ma\u0142y si\u0142ownik hydrauliczny do p\u0142ugu \u015bnie\u017cnego<\/strong><\/p>\n<p>Regulowane si\u0142owniki wide\u0142kowe to wysoce wydajne i wszechstronne elementy hydrauliczne, kt\u00f3re oferuj\u0105 szereg zalet w r\u00f3\u017cnych zastosowaniach przemys\u0142owych. W tym artykule om\u00f3wimy kluczowe korzy\u015bci p\u0142yn\u0105ce ze stosowania regulowanych si\u0142ownik\u00f3w wide\u0142kowych i wyja\u015bnimy, dlaczego s\u0105 one preferowane w r\u00f3\u017cnych uk\u0142adach hydraulicznych.<\/p>\n<p><strong>1. Zwi\u0119kszona wszechstronno\u015b\u0107<\/strong><\/p>\n<p>Jedn\u0105 z g\u0142\u00f3wnych zalet regulowanych si\u0142ownik\u00f3w wide\u0142kowych jest ich wszechstronno\u015b\u0107. Si\u0142owniki te s\u0105 zaprojektowane tak, aby by\u0142y regulowane, co pozwala na \u0142atwe dostosowanie do r\u00f3\u017cnych wymaga\u0144 operacyjnych. Poprzez prost\u0105 regulacj\u0119 po\u0142o\u017cenia wide\u0142ek, d\u0142ugo\u015b\u0107 skoku si\u0142ownika mo\u017ce by\u0107 modyfikowana, co umo\u017cliwia precyzyjn\u0105 kontrol\u0119 nad wydajno\u015bci\u0105 uk\u0142adu hydraulicznego. Ta wszechstronno\u015b\u0107 sprawia, \u017ce \u200b\u200bregulowane si\u0142owniki wide\u0142kowe nadaj\u0105 si\u0119 do szerokiego zakresu zastosowa\u0144, od system\u00f3w p\u0142ug\u00f3w \u015bnie\u017cnych po sprz\u0119t do transportu materia\u0142\u00f3w.<\/p>\n<p><strong>2. Optymalna wydajno\u015b\u0107<\/strong><\/p>\n<p>Regulowane cylindry wide\u0142kowe zosta\u0142y zaprojektowane z my\u015bl\u0105 o zapewnieniu optymalnej wydajno\u015bci w uk\u0142adach hydraulicznych. Dzi\u0119ki precyzyjnej regulacji, cylindry te umo\u017cliwiaj\u0105 operatorom precyzyjne dostrojenie si\u0142y hydraulicznej, pr\u0119dko\u015bci i d\u0142ugo\u015bci skoku, maksymalizuj\u0105c w ten spos\u00f3b wydajno\u015b\u0107 i produktywno\u015b\u0107. Niezale\u017cnie od tego, czy chodzi o podnoszenie ci\u0119\u017ckich \u0142adunk\u00f3w, czy pchanie\/ci\u0105gni\u0119cie, regulowane cylindry wide\u0142kowe zapewniaj\u0105 wyj\u0105tkow\u0105 wydajno\u015b\u0107, gwarantuj\u0105c p\u0142ynne i niezawodne przenoszenie mocy hydraulicznej.<\/p>\n<p><strong>3. Zwi\u0119kszona trwa\u0142o\u015b\u0107<\/strong><\/p>\n<p>Kolejn\u0105 istotn\u0105 zalet\u0105 regulowanych si\u0142ownik\u00f3w wide\u0142kowych jest ich solidna konstrukcja i trwa\u0142o\u015b\u0107. Si\u0142owniki te s\u0105 zaprojektowane tak, aby wytrzyma\u0107 wysokie ci\u015bnienie i trudne warunki pracy. Zastosowanie wysokiej jako\u015bci materia\u0142\u00f3w, zaawansowanych technik produkcji i rygorystycznych proces\u00f3w kontroli jako\u015bci gwarantuje, \u017ce si\u0142owniki wytrzymuj\u0105 ekstremalne warunki, s\u0105 odporne na zu\u017cycie i maj\u0105 d\u0142u\u017csz\u0105 \u017cywotno\u015b\u0107. Ta trwa\u0142o\u015b\u0107 sprawia, \u017ce \u200b\u200bregulowane si\u0142owniki wide\u0142kowe s\u0105 ekonomicznym rozwi\u0105zaniem, zmniejszaj\u0105c potrzeb\u0119 cz\u0119stych wymian i minimalizuj\u0105c przestoje.<\/p>\n<p><strong>4. Precyzyjna kontrola<\/strong><\/p>\n<p>Regulowane si\u0142owniki wide\u0142kowe zapewniaj\u0105 precyzyjn\u0105 kontrol\u0119 nad uk\u0142adami hydraulicznymi, dzi\u0119ki czemu idealnie nadaj\u0105 si\u0119 do zastosowa\u0144 wymagaj\u0105cych precyzyjnego pozycjonowania i kontroli. Mo\u017cliwo\u015b\u0107 regulacji d\u0142ugo\u015bci skoku pozwala na precyzyjne dostrojenie ruchu si\u0142ownika, zapewniaj\u0105c precyzj\u0119 i powtarzalno\u015b\u0107 dzia\u0142ania. Ten poziom kontroli jest kluczowy w bran\u017cach takich jak budownictwo, rolnictwo i produkcja, gdzie precyzja ruch\u00f3w jest niezb\u0119dna do uzyskania optymalnych rezultat\u00f3w.<\/p>\n<p><strong>5. \u0141atwa instalacja i konserwacja<\/strong><\/p>\n<p>Monta\u017c i konserwacja regulowanych si\u0142ownik\u00f3w wide\u0142kowych jest stosunkowo prosta. Si\u0142owniki te zosta\u0142y zaprojektowane z my\u015bl\u0105 o \u0142atwej integracji z uk\u0142adami hydraulicznymi, dzi\u0119ki znormalizowanym wymiarom i opcjom monta\u017cu. Ponadto, dzi\u0119ki solidnej konstrukcji i wysokiej jako\u015bci podzespo\u0142om, wymagaj\u0105 minimalnej konserwacji. Regularne przegl\u0105dy i smarowanie zazwyczaj wystarczaj\u0105, aby utrzyma\u0107 te si\u0142owniki w optymalnym stanie technicznym, redukuj\u0105c koszty konserwacji i przestoje.<\/p>\n<p>Og\u00f3lnie rzecz bior\u0105c, regulowane si\u0142owniki wide\u0142kowe oferuj\u0105 liczne zalety pod wzgl\u0119dem wszechstronno\u015bci, wydajno\u015bci, trwa\u0142o\u015bci, precyzji sterowania oraz \u0142atwo\u015bci monta\u017cu i konserwacji. Ich regulowana konstrukcja i mo\u017cliwo\u015b\u0107 dostosowania do r\u00f3\u017cnorodnych wymaga\u0144 operacyjnych sprawiaj\u0105, \u017ce s\u0105 popularnym wyborem w szerokim zakresie zastosowa\u0144 hydraulicznych. Niezale\u017cnie od tego, czy chodzi o ma\u0142y p\u0142ug \u015bnie\u017cny, czy o ci\u0119\u017cki system transportu materia\u0142\u00f3w, regulowane si\u0142owniki wide\u0142kowe zapewniaj\u0105 niezawodno\u015b\u0107 i wydajno\u015b\u0107 niezb\u0119dn\u0105 do optymalnej pracy.<\/p>\n<h3>O FMP<\/h3>\n<p>FMP to wiod\u0105ca firma specjalizuj\u0105ca si\u0119 w produkcji i sprzeda\u017cy si\u0142ownik\u00f3w hydraulicznych. Dzi\u0119ki bogatemu do\u015bwiadczeniu w bran\u017cy i profesjonalnemu zespo\u0142owi, jeste\u015bmy w stanie dostarcza\u0107 klientom wysokiej jako\u015bci i niezawodne si\u0142owniki hydrauliczne do r\u00f3\u017cnorodnych zastosowa\u0144 w maszynach budowlanych.<\/p>\n<p><img decoding=\"async\" class=\"aligncenter\" src=\"https:\/\/fmp-components.com\/wp-content\/uploads\/2024\/12\/Adjustable-Clevis-Type-Cylinders-6.webp\" alt=\"Regulowany cylinder typu wide\u0142kowego\" width=\"835\" title=\"\"><\/p>\n<p>Oto pi\u0119\u0107 powod\u00f3w, dla kt\u00f3rych wyb\u00f3r FMP jako dostawcy cylindr\u00f3w hydraulicznych jest w\u0142a\u015bciw\u0105 decyzj\u0105:<\/p>\n<ol>\n<li><strong>Szeroka gama produkt\u00f3w:<\/strong> Oferujemy szerok\u0105 gam\u0119 si\u0142ownik\u00f3w hydraulicznych odpowiednich do r\u00f3\u017cnych zastosowa\u0144 w przemy\u015ble maszyn budowlanych. Niezale\u017cnie od tego, czy potrzebujesz si\u0142ownik\u00f3w do maszyn rolniczych, przek\u0142adni przemys\u0142owych, czy przek\u0142adni planetarnych, mamy dla Ciebie rozwi\u0105zanie.<\/li>\n<li><strong>Surowe standardy jako\u015bci:<\/strong> W FMP priorytetowo traktujemy jako\u015b\u0107 i dbamy o to, aby wszystkie dostarczane przez nas si\u0142owniki hydrauliczne spe\u0142nia\u0142y rygorystyczne standardy jako\u015bci. Dzi\u0119ki d\u0142ugoterminowej i stabilnej wsp\u00f3\u0142pracy z wysokiej jako\u015bci dostawcami gwarantujemy niezawodno\u015b\u0107 i trwa\u0142o\u015b\u0107 naszych produkt\u00f3w.<\/li>\n<li><strong>Do\u015bwiadczony zesp\u00f3\u0142 sprzeda\u017cy:<\/strong> Nasz do\u015bwiadczony zesp\u00f3\u0142 sprzeda\u017cy doskonale zna najnowsze trendy i potrzeby klient\u00f3w w bran\u017cy maszyn budowlanych. S\u0142u\u017cymy profesjonaln\u0105 porad\u0105 produktow\u0105, pomagaj\u0105c w podejmowaniu \u015bwiadomych decyzji i znalezieniu idealnego si\u0142ownika hydraulicznego, dopasowanego do Pa\u0144stwa indywidualnych potrzeb.<\/li>\n<li><strong>Efektywna dystrybucja logistyczna:<\/strong> Rozumiemy, jak wa\u017cna jest terminowa dostawa. Nasz wydajny system dystrybucji logistycznej gwarantuje szybk\u0105 i precyzyjn\u0105 dostaw\u0119 potrzebnych cylindr\u00f3w hydraulicznych, minimalizuj\u0105c przestoje i zapewniaj\u0105c p\u0142ynne funkcjonowanie Twojej dzia\u0142alno\u015bci.<\/li>\n<li><strong>Kompleksowe wsparcie posprzeda\u017cowe:<\/strong> W FMP cenimy zadowolenie klienta. Nasz zaanga\u017cowany zesp\u00f3\u0142 wsparcia jest zawsze gotowy pom\u00f3c w przypadku jakichkolwiek pyta\u0144 lub w\u0105tpliwo\u015bci, zapewniaj\u0105c kompleksowe wsparcie posprzeda\u017cowe, aby zagwarantowa\u0107 Pa\u0144stwu pe\u0142n\u0105 satysfakcj\u0119 z naszych cylindr\u00f3w hydraulicznych.<\/li>\n<\/ol>\n<p>Zosta\u0144 partnerem FMP ju\u017c dzi\u015b i przekonaj si\u0119 o jako\u015bci, niezawodno\u015bci i wyj\u0105tkowej wydajno\u015bci naszych si\u0142ownik\u00f3w hydraulicznych. Skontaktuj si\u0119 z nami ju\u017c dzi\u015b, aby om\u00f3wi\u0107 swoje potrzeby i rozpocz\u0105\u0107 owocn\u0105 wsp\u00f3\u0142prac\u0119.<\/p>\n<h2>Cz\u0119sto zadawane pytania<\/h2>\n<p><img decoding=\"async\" class=\"aligncenter\" title=\"Si\u0142ownik hydrauliczny p\u0142ugu \u015bnie\u017cnego\" src=\"https:\/\/hzpt.com\/wp-content\/uploads\/2023\/11\/Snow-Plow-Hydraulic-Cylinder-1.webp\" alt=\"Si\u0142ownik hydrauliczny p\u0142ugu \u015bnie\u017cnego\" \/><\/p>\n<h3>P: Jaki jest czas dostawy cylindr\u00f3w hydraulicznych?<\/h3>\n<p>A: Og\u00f3lny czas dostawy wynosi 25\u201335 dni.<\/p>\n<h3>P: Czy mog\u0119 zam\u00f3wi\u0107 pr\u00f3bk\u0119 Pa\u0144stwa produktu?<\/h3>\n<p>A: Tak, oferujemy pr\u00f3bki produkt\u00f3w, ale nie s\u0105 one bezp\u0142atne.<\/p>\n<h3>P: Czy mo\u017cecie wyprodukowa\u0107 cylindry hydrauliczne wed\u0142ug konkretnych pr\u00f3bek lub rysunk\u00f3w technicznych?<\/h3>\n<p>O: Tak, mo\u017cemy produkowa\u0107 produkty wed\u0142ug Pa\u0144stwa pr\u00f3bek lub rysunk\u00f3w technicznych. Mo\u017cemy r\u00f3wnie\u017c budowa\u0107 formy i oprzyrz\u0105dowanie.<\/p>\n<p>Autor: CX<\/p>","protected":false},"excerpt":{"rendered":"<p>Introducing the Factory Direct Sale 2 Ton Double Effect Small Snow Plow Hydraulic Cylinder If you are in need of a reliable and efficient snow plowing tool, look no further than our Snow Plow Hydraulic Cylinder. With its excellent construction and high capacity, it is an ideal choice for those in need of a top-notch [&hellip;]<\/p>","protected":false},"featured_media":1515,"comment_status":"closed","ping_status":"closed","template":"","meta":{"_et_pb_use_builder":"","_et_pb_old_content":"","_et_gb_content_width":""},"product_brand":[],"product_cat":[42],"product_tag":[34,44],"class_list":{"0":"post-1514","1":"product","2":"type-product","3":"status-publish","4":"has-post-thumbnail","6":"product_cat-snow-plow-hydraulic-cylinder","7":"product_tag-hydraulic-cylinder","8":"product_tag-snow-plow-hydraulic-cylinder","10":"first","11":"instock","12":"product-type-simple"},"_links":{"self":[{"href":"https:\/\/fmp-components.com\/pl\/wp-json\/wp\/v2\/product\/1514","targetHints":{"allow":["GET"]}}],"collection":[{"href":"https:\/\/fmp-components.com\/pl\/wp-json\/wp\/v2\/product"}],"about":[{"href":"https:\/\/fmp-components.com\/pl\/wp-json\/wp\/v2\/types\/product"}],"replies":[{"embeddable":true,"href":"https:\/\/fmp-components.com\/pl\/wp-json\/wp\/v2\/comments?post=1514"}],"wp:featuredmedia":[{"embeddable":true,"href":"https:\/\/fmp-components.com\/pl\/wp-json\/wp\/v2\/media\/1515"}],"wp:attachment":[{"href":"https:\/\/fmp-components.com\/pl\/wp-json\/wp\/v2\/media?parent=1514"}],"wp:term":[{"taxonomy":"product_brand","embeddable":true,"href":"https:\/\/fmp-components.com\/pl\/wp-json\/wp\/v2\/product_brand?post=1514"},{"taxonomy":"product_cat","embeddable":true,"href":"https:\/\/fmp-components.com\/pl\/wp-json\/wp\/v2\/product_cat?post=1514"},{"taxonomy":"product_tag","embeddable":true,"href":"https:\/\/fmp-components.com\/pl\/wp-json\/wp\/v2\/product_tag?post=1514"}],"curies":[{"name":"wp","href":"https:\/\/api.w.org\/{rel}","templated":true}]}}