{"id":1512,"date":"2024-12-23T05:50:37","date_gmt":"2024-12-23T05:50:37","guid":{"rendered":"https:\/\/fmp-components.com\/product\/guaranteed-quality-small-hydraulic-cylinder-double-effect-hydraulic-cylinder-for-snow-plow\/"},"modified":"2024-12-23T06:24:04","modified_gmt":"2024-12-23T06:24:04","slug":"guaranteed-quality-small-hydraulic-cylinder-double-effect-hydraulic-cylinder-for-snow-plow","status":"publish","type":"product","link":"https:\/\/fmp-components.com\/pl\/product\/guaranteed-quality-small-hydraulic-cylinder-double-effect-hydraulic-cylinder-for-snow-plow\/","title":{"rendered":"Gwarantowana jako\u015b\u0107 Ma\u0142y si\u0142ownik hydrauliczny Si\u0142ownik hydrauliczny dwustronnego dzia\u0142ania do p\u0142uga \u015bnie\u017cnego"},"content":{"rendered":"<p>Gwarantowana jako\u015b\u0107, ma\u0142y si\u0142ownik hydrauliczny dwustronnego dzia\u0142ania, si\u0142ownik hydrauliczny do p\u0142ugu \u015bnie\u017cnegoPrzedstawiamy gwarantowan\u0105 jako\u015b\u0107, ma\u0142y si\u0142ownik hydrauliczny dwustronnego dzia\u0142ania, si\u0142ownik hydrauliczny do p\u0142ugu \u015bnie\u017cnego!<\/p>\n<p>Zaprojektowany z my\u015bl\u0105 o precyzji i jako\u015bci, ten si\u0142ownik hydrauliczny to idealne uzupe\u0142nienie ka\u017cdego p\u0142uga do od\u015bnie\u017cania. Jego dwufunkcyjny charakter oznacza zwi\u0119kszon\u0105 wydajno\u015b\u0107 i moc, dzi\u0119ki czemu usuwanie nawet najwi\u0119kszych opad\u00f3w \u015bniegu jest \u0142atwiejsze ni\u017c kiedykolwiek.<\/p>\n<p>Wykonany wy\u0142\u0105cznie z materia\u0142\u00f3w najwy\u017cszej jako\u015bci, ten si\u0142ownik hydrauliczny jest w stanie wytrzyma\u0107 nawet najtrudniejsze warunki. Jego kompaktowe rozmiary pozwalaj\u0105 na \u0142atwy monta\u017c, dzi\u0119ki czemu jest idealnym wyborem dla ka\u017cdego operatora p\u0142ugu \u015bnie\u017cnego, kt\u00f3ry chce zmaksymalizowa\u0107 swoje mo\u017cliwo\u015bci od\u015bnie\u017cania.<\/p>\n<p><img decoding=\"async\" title=\"Si\u0142ownik hydrauliczny p\u0142ugu \u015bnie\u017cnego\" src=\"https:\/\/hzpt.com\/wp-content\/uploads\/2023\/11\/Snow-Plow-Hydraulic-Cylinder-3.webp\" alt=\"Si\u0142ownik hydrauliczny p\u0142ugu \u015bnie\u017cnego\" \/><\/p>\n<p>Dzi\u0119ki gwarantowanej jako\u015bci i niezawodno\u015bci, ten ma\u0142y si\u0142ownik hydrauliczny to idealna inwestycja dla ka\u017cdego profesjonalisty zajmuj\u0105cego si\u0119 od\u015bnie\u017caniem. Nie daj si\u0119 spowolni\u0107 zimowej pogodzie \u2013 wybierz ma\u0142y si\u0142ownik hydrauliczny z gwarantowan\u0105 jako\u015bci\u0105, dwustronnego dzia\u0142ania, do p\u0142uga \u015bnie\u017cnego i zapewnij sobie perfekcyjne wykonanie pracy za ka\u017cdym razem.<\/p>\n<h2>Zalety regulowanych cylindr\u00f3w typu wide\u0142kowego<\/h2>\n<p>Regulowane si\u0142owniki wide\u0142kowe, takie jak ma\u0142y si\u0142ownik hydrauliczny o gwarantowanej jako\u015bci i si\u0142ownik hydrauliczny dwustronnego dzia\u0142ania do p\u0142ug\u00f3w \u015bnie\u017cnych, oferuj\u0105 szereg korzy\u015bci, kt\u00f3re czyni\u0105 je preferowanym wyborem w r\u00f3\u017cnych zastosowaniach. W tym artykule szczeg\u00f3\u0142owo om\u00f3wimy te zalety.<\/p>\n<p>1. Wi\u0119ksza elastyczno\u015b\u0107:<br \/>\nRegulowane si\u0142owniki wide\u0142kowe zapewniaj\u0105 doskona\u0142\u0105 elastyczno\u015b\u0107 dzi\u0119ki regulowanym mocowaniom wide\u0142kowym. Ta funkcja umo\u017cliwia \u0142atwy monta\u017c i regulacj\u0119 w r\u00f3\u017cnych pozycjach, dzi\u0119ki czemu nadaj\u0105 si\u0119 do szerokiego zakresu zastosowa\u0144. Niezale\u017cnie od tego, czy jest to p\u0142ug \u015bnie\u017cny, czy inny sprz\u0119t, mo\u017cliwo\u015b\u0107 regulacji po\u0142o\u017cenia si\u0142ownika gwarantuje optymaln\u0105 wydajno\u015b\u0107.<\/p>\n<p>2. Precyzyjna kontrola:<br \/>\nSi\u0142owniki te zapewniaj\u0105 precyzyjn\u0105 kontrol\u0119 ruchu i pozycjonowania r\u00f3\u017cnych urz\u0105dze\u0144. Dzi\u0119ki regulowanej d\u0142ugo\u015bci skoku i mo\u017cliwo\u015bci precyzyjnego pozycjonowania pozwalaj\u0105 na precyzyjne dostosowanie dzia\u0142ania do konkretnych wymaga\u0144. Ten poziom kontroli jest kluczowy w zastosowaniach, w kt\u00f3rych dok\u0142adno\u015b\u0107 jest priorytetem, takich jak maszyny budowlane czy przemys\u0142owe.<\/p>\n<p>3. Trwa\u0142o\u015b\u0107 i niezawodno\u015b\u0107:<br \/>\nMa\u0142e si\u0142owniki hydrauliczne o gwarantowanej jako\u015bci oraz si\u0142owniki hydrauliczne dwustronnego dzia\u0142ania do p\u0142ug\u00f3w \u015bnie\u017cnych zosta\u0142y zaprojektowane tak, aby sprosta\u0107 trudnym warunkom. Wykonane z wysokiej jako\u015bci materia\u0142\u00f3w i zaprojektowane tak, aby wytrzymywa\u0107 du\u017ce obci\u0105\u017cenia, si\u0142owniki te zapewniaj\u0105 wyj\u0105tkow\u0105 trwa\u0142o\u015b\u0107 i niezawodno\u015b\u0107. Dzi\u0119ki temu mog\u0105 sprosta\u0107 najtrudniejszym zadaniom bez uszczerbku na wydajno\u015bci.<\/p>\n<p>4. Efektywne przenoszenie mocy:<br \/>\nKonstrukcja regulowanych si\u0142ownik\u00f3w wide\u0142kowych optymalizuje przenoszenie mocy, co przek\u0142ada si\u0119 na wydajn\u0105 prac\u0119. Zastosowanie zaawansowanej technologii hydraulicznej zapewnia p\u0142ynny i r\u00f3wnomierny ruch, minimalizuj\u0105c straty energii. Taka wydajno\u015b\u0107 nie tylko poprawia og\u00f3ln\u0105 wydajno\u015b\u0107, ale tak\u017ce przyczynia si\u0119 do oszcz\u0119dno\u015bci koszt\u00f3w w d\u0142u\u017cszej perspektywie.<\/p>\n<p>5. Wszechstronne zastosowania:<br \/>\nDzi\u0119ki swojej wszechstronnej konstrukcji, regulowane si\u0142owniki wide\u0142kowe znajduj\u0105 zastosowanie w wielu ga\u0142\u0119ziach przemys\u0142u. Od rolnictwa, przez budownictwo i prze\u0142adunek materia\u0142\u00f3w, po transport, si\u0142owniki te mo\u017cna zintegrowa\u0107 z r\u00f3\u017cnymi urz\u0105dzeniami i maszynami. Ich wszechstronno\u015b\u0107 sprawia, \u017ce \u200b\u200bstanowi\u0105 ekonomiczne rozwi\u0105zanie dla r\u00f3\u017cnych potrzeb operacyjnych.<\/p>\n<p>Podsumowuj\u0105c, regulowane si\u0142owniki wide\u0142kowe, w tym ma\u0142y si\u0142ownik hydrauliczny o gwarantowanej jako\u015bci i si\u0142ownik hydrauliczny dwustronnego dzia\u0142ania do p\u0142ug\u00f3w \u015bnie\u017cnych, oferuj\u0105 liczne zalety. Ich elastyczno\u015b\u0107, precyzyjna kontrola, trwa\u0142o\u015b\u0107, efektywne przenoszenie mocy i wszechstronno\u015b\u0107 czyni\u0105 je doskona\u0142ym wyborem do r\u00f3\u017cnych zastosowa\u0144. Dzi\u0119ki integracji tych si\u0142ownik\u00f3w z urz\u0105dzeniami lub maszynami, firmy mog\u0105 zoptymalizowa\u0107 wydajno\u015b\u0107, zwi\u0119kszy\u0107 produktywno\u015b\u0107 i skutecznie osi\u0105gn\u0105\u0107 swoje cele operacyjne.<\/p>\n<h3>O FMP<\/h3>\n<p>FMP to wiod\u0105ca firma we W\u0142oszech specjalizuj\u0105ca si\u0119 w sprzeda\u017cy i serwisie cz\u0119\u015bci oraz kompletnych maszyn budowlanych. Dzi\u0119ki wieloletniemu do\u015bwiadczeniu w bran\u017cy i zespo\u0142owi profesjonalist\u00f3w oferujemy naszym klientom wysokiej jako\u015bci i niezawodne rozwi\u0105zania.<\/p>\n<h3>Si\u0142ownik hydrauliczny<\/h3>\n<p>Jednym z naszych g\u0142\u00f3wnych produkt\u00f3w jest si\u0142ownik hydrauliczny. Nasze si\u0142owniki s\u0105 wykonane z wysokiej jako\u015bci materia\u0142\u00f3w i zaprojektowane tak, aby wytrzymywa\u0107 ekstremalne ci\u015bnienie i du\u017ce obci\u0105\u017cenia. Oto pi\u0119\u0107 powod\u00f3w, dla kt\u00f3rych warto wybra\u0107 si\u0142ownik hydrauliczny FMP:<\/p>\n<ol>\n<li><strong>Materia\u0142y wysokiej jako\u015bci:<\/strong> Nasze cylindry hydrauliczne wykonane s\u0105 z wysokiej jako\u015bci materia\u0142\u00f3w, kt\u00f3re gwarantuj\u0105 trwa\u0142o\u015b\u0107 i d\u0142ugotrwa\u0142\u0105 wydajno\u015b\u0107. U\u017cywamy wy\u0142\u0105cznie najlepszych materia\u0142\u00f3w, aby nasze cylindry wytrzymywa\u0142y najtrudniejsze warunki.<\/li>\n<li><strong>Mo\u017cliwo\u015b\u0107 dostosowania:<\/strong> Oferujemy szerok\u0105 gam\u0119 si\u0142ownik\u00f3w hydraulicznych, kt\u00f3re mo\u017cna dostosowa\u0107 do indywidualnych potrzeb. Nasze si\u0142owniki s\u0105 dost\u0119pne w r\u00f3\u017cnych rozmiarach, kszta\u0142tach i konstrukcjach, a my pomo\u017cemy Ci wybra\u0107 idealny model do Twojego zastosowania.<\/li>\n<li><strong>Niezawodno\u015b\u0107:<\/strong> Nasze cylindry hydrauliczne zosta\u0142y zaprojektowane tak, aby zapewnia\u0107 niezawodn\u0105 prac\u0119 nawet w najtrudniejszych warunkach. Rozumiemy wag\u0119 niezawodno\u015bci i podejmujemy wszelkie niezb\u0119dne \u015brodki, aby zapewni\u0107, \u017ce nasze cylindry spe\u0142niaj\u0105 swoje zadanie.<\/li>\n<li><strong>Konsultacja ekspercka:<\/strong> Nasz zesp\u00f3\u0142 sprzeda\u017cy sk\u0142ada si\u0119 z ekspert\u00f3w w bran\u017cy maszyn budowlanych. Znaj\u0105 najnowsze trendy i ch\u0119tnie udziel\u0105 Pa\u0144stwu fachowej porady, kt\u00f3ry si\u0142ownik hydrauliczny b\u0119dzie dla Pa\u0144stwa odpowiedni.<\/li>\n<li><strong>Efektywna logistyka:<\/strong> Dysponujemy wydajnym systemem dystrybucji logistycznej, kt\u00f3ry gwarantuje terminow\u0105 i precyzyjn\u0105 dostaw\u0119 si\u0142ownik\u00f3w hydraulicznych. Rozumiemy wag\u0119 terminowej dostawy i podejmujemy wszelkie niezb\u0119dne kroki, aby zapewni\u0107 terminow\u0105 dostaw\u0119 zam\u00f3wienia.<\/li>\n<\/ol>\n<p>Je\u015bli szukasz niezawodnego i wysokiej jako\u015bci si\u0142ownika hydraulicznego, FMP jest w\u0142a\u015bnie dla Ciebie. Posiadamy do\u015bwiadczenie i wiedz\u0119, aby zapewni\u0107 Ci idealne rozwi\u0105zanie dopasowane do Twoich potrzeb.<\/p>\n<p><img decoding=\"async\" src=\"https:\/\/fmp-components.com\/wp-content\/uploads\/2024\/12\/Adjustable-Clevis-Type-Cylinders-6.webp\" alt=\"Regulowany cylinder typu wide\u0142kowego\" width=\"834\" title=\"\"><\/p>\n<h2>Cz\u0119sto zadawane pytania<\/h2>\n<h3>Czy jeste\u015b firm\u0105 handlow\u0105 lub producentem?<\/h3>\n<p>Jeste\u015bmy producentem posiadaj\u0105cym w\u0142asn\u0105 fabryk\u0119.<\/p>\n<h3>Jak d\u0142ugi jest czas dostawy?<\/h3>\n<p>Nasz czas dostawy wynosi zazwyczaj 25\u201335 dni.<\/p>\n<h3>Czy udost\u0119pniacie pr\u00f3bki? Czy s\u0105 one bezp\u0142atne czy dodatkowo p\u0142atne?<\/h3>\n<p>Cho\u0107 udost\u0119pniamy pr\u00f3bki, nie s\u0105 one darmowe.<\/p>\n<p><img decoding=\"async\" title=\"Si\u0142ownik hydrauliczny p\u0142ugu \u015bnie\u017cnego\" src=\"https:\/\/hzpt.com\/wp-content\/uploads\/2023\/11\/Snow-Plow-Hydraulic-Cylinder-1.webp\" alt=\"Si\u0142ownik hydrauliczny p\u0142ugu \u015bnie\u017cnego\" \/><\/p>\n<p>Autor: CX<\/p>","protected":false},"excerpt":{"rendered":"<p>Guaranteed Quality Small Hydraulic Cylinder Double Effect Hydraulic Cylinder For Snow PlowIntroducing the Guaranteed Quality Small Hydraulic Cylinder Double Effect Hydraulic Cylinder for Snow Plow! Designed with precision and quality in mind, this hydraulic cylinder is the perfect addition to any snow plow. Its double effect capability means increased efficiency and power, making it easier [&hellip;]<\/p>","protected":false},"featured_media":1513,"comment_status":"closed","ping_status":"closed","template":"","meta":{"_et_pb_use_builder":"","_et_pb_old_content":"","_et_gb_content_width":""},"product_brand":[],"product_cat":[42],"product_tag":[34,44],"class_list":{"0":"post-1512","1":"product","2":"type-product","3":"status-publish","4":"has-post-thumbnail","6":"product_cat-snow-plow-hydraulic-cylinder","7":"product_tag-hydraulic-cylinder","8":"product_tag-snow-plow-hydraulic-cylinder","10":"first","11":"instock","12":"product-type-simple"},"_links":{"self":[{"href":"https:\/\/fmp-components.com\/pl\/wp-json\/wp\/v2\/product\/1512","targetHints":{"allow":["GET"]}}],"collection":[{"href":"https:\/\/fmp-components.com\/pl\/wp-json\/wp\/v2\/product"}],"about":[{"href":"https:\/\/fmp-components.com\/pl\/wp-json\/wp\/v2\/types\/product"}],"replies":[{"embeddable":true,"href":"https:\/\/fmp-components.com\/pl\/wp-json\/wp\/v2\/comments?post=1512"}],"wp:featuredmedia":[{"embeddable":true,"href":"https:\/\/fmp-components.com\/pl\/wp-json\/wp\/v2\/media\/1513"}],"wp:attachment":[{"href":"https:\/\/fmp-components.com\/pl\/wp-json\/wp\/v2\/media?parent=1512"}],"wp:term":[{"taxonomy":"product_brand","embeddable":true,"href":"https:\/\/fmp-components.com\/pl\/wp-json\/wp\/v2\/product_brand?post=1512"},{"taxonomy":"product_cat","embeddable":true,"href":"https:\/\/fmp-components.com\/pl\/wp-json\/wp\/v2\/product_cat?post=1512"},{"taxonomy":"product_tag","embeddable":true,"href":"https:\/\/fmp-components.com\/pl\/wp-json\/wp\/v2\/product_tag?post=1512"}],"curies":[{"name":"wp","href":"https:\/\/api.w.org\/{rel}","templated":true}]}}