{"id":1510,"date":"2024-12-23T05:50:37","date_gmt":"2024-12-23T05:50:37","guid":{"rendered":"https:\/\/fmp-components.com\/product\/2-ton-small-hydraulic-oil-cylinder-hydraulic-cylinder-for-snow-plow\/"},"modified":"2024-12-23T06:25:59","modified_gmt":"2024-12-23T06:25:59","slug":"2-ton-small-hydraulic-oil-cylinder-hydraulic-cylinder-for-snow-plow","status":"publish","type":"product","link":"https:\/\/fmp-components.com\/pl\/product\/2-ton-small-hydraulic-oil-cylinder-hydraulic-cylinder-for-snow-plow\/","title":{"rendered":"2-tonowy ma\u0142y si\u0142ownik hydrauliczny do oleju hydraulicznego do p\u0142uga \u015bnie\u017cnego"},"content":{"rendered":"<h2>2-tonowy ma\u0142y si\u0142ownik hydrauliczny do oleju hydraulicznego do p\u0142uga \u015bnie\u017cnego<\/h2>\n<p>Ma\u0142y si\u0142ownik hydrauliczny o ud\u017awigu 2 ton do p\u0142ug\u00f3w \u015bnie\u017cnych to wysokiej jako\u015bci i wytrzyma\u0142y si\u0142ownik hydrauliczny zaprojektowany specjalnie do p\u0142ug\u00f3w \u015bnie\u017cnych. Dzi\u0119ki kompaktowym rozmiarom i imponuj\u0105cej wytrzyma\u0142o\u015bci, ten si\u0142ownik hydrauliczny jest w stanie podnosi\u0107 du\u017ce obci\u0105\u017cenia, zapewniaj\u0105c p\u0142ynn\u0105 i wydajn\u0105 prac\u0119.<\/p>\n<p>Cechuj\u0105cy si\u0119 solidn\u0105 konstrukcj\u0105, ma\u0142y si\u0142ownik hydrauliczny o ud\u017awigu 2 ton zosta\u0142 stworzony, aby sprosta\u0107 trudnym warunkom, cz\u0119sto spotykanym podczas od\u015bnie\u017cania. Wykonany jest z najwy\u017cszej jako\u015bci materia\u0142\u00f3w, kt\u00f3re zapewniaj\u0105 jego trwa\u0142o\u015b\u0107 i niezawodno\u015b\u0107 nawet w ekstremalnych temperaturach.<\/p>\n<p>Ten si\u0142ownik hydrauliczny jest wyposa\u017cony w zaawansowan\u0105 technologi\u0119 hydrauliczn\u0105, umo\u017cliwiaj\u0105c\u0105 precyzyjne sterowanie i regulacj\u0119 lemiesza p\u0142uga. Oferuje on doskona\u0142\u0105 moc i wydajno\u015b\u0107, gwarantuj\u0105c optymaln\u0105 wydajno\u015b\u0107 podczas od\u015bnie\u017cania i od\u015bnie\u017cania \u015bcie\u017cek.<\/p>\n<p>Ma\u0142y si\u0142ownik hydrauliczny o ud\u017awigu 2 ton do p\u0142ug\u00f3w \u015bnie\u017cnych jest \u0142atwy w monta\u017cu i kompatybilny z szerok\u0105 gam\u0105 modeli p\u0142ug\u00f3w. Jego kompaktowa konstrukcja zapewnia elastyczno\u015b\u0107 monta\u017cu i gwarantuje, \u017ce nie b\u0119dzie zak\u0142\u00f3ca\u0142 og\u00f3lnej funkcjonalno\u015bci p\u0142uga.<\/p>\n<p>Podsumowuj\u0105c, 2-tonowy ma\u0142y si\u0142ownik hydrauliczny do oleju hydraulicznego do p\u0142ug\u00f3w \u015bnie\u017cnych to najwy\u017cszej jako\u015bci si\u0142ownik hydrauliczny, kt\u00f3ry gwarantuje wyj\u0105tkow\u0105 wydajno\u015b\u0107 podczas od\u015bnie\u017cania. Jego niezawodno\u015b\u0107, trwa\u0142o\u015b\u0107 i wydajna konstrukcja sprawiaj\u0105, \u017ce jest to idealny wyb\u00f3r dla os\u00f3b poszukuj\u0105cych mocnego si\u0142ownika hydraulicznego do p\u0142ug\u00f3w \u015bnie\u017cnych.<\/p>\n<p>Przedstawiamy nasz wysokiej jako\u015bci, wytrzyma\u0142y, 2-tonowy, ma\u0142y si\u0142ownik hydrauliczny do p\u0142ug\u00f3w \u015bnie\u017cnych. Ten nowo zaprojektowany produkt, kt\u00f3rego premiera planowana jest na 2023 rok, zosta\u0142 zaprojektowany specjalnie do wymagaj\u0105cych zastosowa\u0144 w r\u00f3\u017cnych bran\u017cach, w tym w warsztatach naprawczych maszyn, gospodarstwach rolnych, energetyce i g\u00f3rnictwie, produkcji maszyn oraz fabrykach maszyn.<\/p>\n<h2>Cechy produktu<\/h2>\n<p>Si\u0142ownik hydrauliczny obj\u0119ty jest roczn\u0105 gwarancj\u0105 i wykonany z wytrzyma\u0142ej, wysokiej jako\u015bci stali, co gwarantuje d\u0142ugotrwa\u0142\u0105 wydajno\u015b\u0107. Jest to standardowy si\u0142ownik t\u0142okowy z nap\u0119dem hydraulicznym, oferuj\u0105cy maksymaln\u0105 si\u0142\u0119 ci\u0105gu 3000 i maksymaln\u0105 si\u0142\u0119 uci\u0105gu 20 ton.<\/p>\n<h3>Wymiary i specyfikacje<\/h3>\n<ul>\n<li>\u015arednica otworu: 2-6 cali<\/li>\n<li>Rozmiar pr\u0119ta: 1,125-4 cale<\/li>\n<li>Rozmiar skoku: 4-100 cali<\/li>\n<li>Rozmiar szpilki: 0,5-2 cale<\/li>\n<\/ul>\n<p>Si\u0142ownik hydrauliczny jest dost\u0119pny w eleganckim czarnym kolorze, kt\u00f3ry nadaje mu profesjonalny i solidny wygl\u0105d. Nadaje si\u0119 do si\u0142ownik\u00f3w hydraulicznych p\u0142ug\u00f3w \u015bnie\u017cnych i posiada certyfikat ISO9001:2000.<\/p>\n<p><img decoding=\"async\" title=\"Si\u0142ownik hydrauliczny p\u0142ugu \u015bnie\u017cnego\" src=\"https:\/\/hzpt.com\/wp-content\/uploads\/2023\/11\/Snow-Plow-Hydraulic-Cylinder-2.webp\" alt=\"Si\u0142ownik hydrauliczny p\u0142ugu \u015bnie\u017cnego\" \/><\/p>\n<h2>Zalety regulowanych cylindr\u00f3w typu wide\u0142kowego<\/h2>\n<p>Regulowane cylindry wide\u0142kowe, takie jak 2-tonowy ma\u0142y si\u0142ownik hydrauliczny do oleju hydraulicznego do p\u0142ug\u00f3w \u015bnie\u017cnych, oferuj\u0105 liczne zalety w r\u00f3\u017cnych zastosowaniach. Te cylindry, zaprojektowane z mocowaniem wide\u0142kowym, zapewniaj\u0105 elastyczno\u015b\u0107, trwa\u0142o\u015b\u0107 i niezawodno\u015b\u0107 w szerokim zakresie zastosowa\u0144 przemys\u0142owych i mechanicznych. W tym artykule om\u00f3wimy kluczowe zalety regulowanych cylindr\u00f3w wide\u0142kowych.<\/p>\n<h3>1. Zwi\u0119kszona elastyczno\u015b\u0107<\/h3>\n<p>Jedn\u0105 z g\u0142\u00f3wnych zalet regulowanych si\u0142ownik\u00f3w z wide\u0142kami jest ich zwi\u0119kszona elastyczno\u015b\u0107. Si\u0142owniki te zosta\u0142y zaprojektowane tak, aby umo\u017cliwi\u0107 regulacj\u0119 pozycji monta\u017cu, zapewniaj\u0105c wi\u0119ksz\u0105 wszechstronno\u015b\u0107 w r\u00f3\u017cnych zastosowaniach. Dzi\u0119ki mo\u017cliwo\u015bci regulacji mocowania wide\u0142kami, si\u0142ownik mo\u017cna \u0142atwo ustawi\u0107 i pod\u0142\u0105czy\u0107 do r\u00f3\u017cnych komponent\u00f3w, dostosowuj\u0105c si\u0119 do r\u00f3\u017cnych konfiguracji mechanicznych. Ta elastyczno\u015b\u0107 zapewnia optymaln\u0105 wydajno\u015b\u0107 i sprawno\u015b\u0107 w zr\u00f3\u017cnicowanych warunkach pracy.<\/p>\n<h3>2. Precyzyjne pozycjonowanie<\/h3>\n<p>Kolejn\u0105 istotn\u0105 zalet\u0105 regulowanych si\u0142ownik\u00f3w wide\u0142kowych jest ich mo\u017cliwo\u015b\u0107 precyzyjnego pozycjonowania. Mocowanie wide\u0142kowe umo\u017cliwia precyzyjne dostrojenie i ustawienie si\u0142ownika wzgl\u0119dem innych cz\u0119\u015bci mechanicznych. To precyzyjne pozycjonowanie umo\u017cliwia lepsz\u0105 kontrol\u0119 i sterowanie si\u0142ami, zapewniaj\u0105c p\u0142ynne i precyzyjne ruchy w krytycznych operacjach. Niezale\u017cnie od tego, czy chodzi o podnoszenie ci\u0119\u017ckich \u0142adunk\u00f3w, czy sterowanie ruchem sprz\u0119tu, regulowane si\u0142owniki wide\u0142kowe zapewniaj\u0105 niezb\u0119dn\u0105 precyzj\u0119 dla optymalnej wydajno\u015bci.<\/p>\n<h3>3. Zwi\u0119kszona trwa\u0142o\u015b\u0107<\/h3>\n<p>Regulowane si\u0142owniki wide\u0142kowe s\u0105 wykonane z wysokiej jako\u015bci materia\u0142\u00f3w, dzi\u0119ki czemu charakteryzuj\u0105 si\u0119 wysok\u0105 trwa\u0142o\u015bci\u0105 i d\u0142ugim okresem eksploatacji. Si\u0142owniki te zosta\u0142y zaprojektowane tak, aby wytrzymywa\u0107 trudne warunki pracy, w tym du\u017ce obci\u0105\u017cenia, ekstremalne temperatury i trudne warunki \u015brodowiskowe. Solidna konstrukcja i niezawodne mechanizmy uszczelniaj\u0105ce gwarantuj\u0105, \u017ce si\u0142ownik mo\u017ce pracowa\u0107 w trudnych warunkach bez uszczerbku dla jego wydajno\u015bci i integralno\u015bci strukturalnej. Ta zwi\u0119kszona trwa\u0142o\u015b\u0107 przek\u0142ada si\u0119 na ni\u017csze koszty konserwacji i wymiany, co czyni regulowane si\u0142owniki wide\u0142kowe op\u0142acalnym wyborem w d\u0142u\u017cszej perspektywie.<\/p>\n<h3>4. Poprawa wydajno\u015bci<\/h3>\n<p>W przypadku uk\u0142ad\u00f3w hydraulicznych wydajno\u015b\u0107 ma kluczowe znaczenie. Regulowane si\u0142owniki wide\u0142kowe wyr\u00f3\u017cniaj\u0105 si\u0119 pod tym wzgl\u0119dem, oferuj\u0105c zwi\u0119kszon\u0105 wydajno\u015b\u0107 w r\u00f3\u017cnych zastosowaniach. Precyzyjne pozycjonowanie i elastyczno\u015b\u0107 tych si\u0142ownik\u00f3w minimalizuj\u0105 straty energii, zapewniaj\u0105c efektywne wykorzystanie mocy hydraulicznej. Optymalizuj\u0105c przenoszenie si\u0142y i redukuj\u0105c zb\u0119dne tarcie, regulowane si\u0142owniki wide\u0142kowe przyczyniaj\u0105 si\u0119 do og\u00f3lnej wydajno\u015bci systemu, co przek\u0142ada si\u0119 na wzrost wydajno\u015bci i mniejsze zu\u017cycie energii.<\/p>\n<h3>5. Wszechstronne zastosowania<\/h3>\n<p>Wszechstronno\u015b\u0107 regulowanych si\u0142ownik\u00f3w wide\u0142kowych sprawia, \u017ce \u200b\u200bnadaj\u0105 si\u0119 one do szerokiego zakresu zastosowa\u0144 w r\u00f3\u017cnych bran\u017cach. Niezale\u017cnie od tego, czy chodzi o budownictwo, produkcj\u0119, rolnictwo, czy transport, si\u0142owniki te mog\u0105 by\u0107 wykorzystywane w r\u00f3\u017cnych maszynach i urz\u0105dzeniach. Od p\u0142ug\u00f3w \u015bnie\u017cnych po narz\u0119dzia rolnicze, regulowane si\u0142owniki wide\u0142kowe zapewniaj\u0105 niezawodn\u0105 wydajno\u015b\u0107 i wszechstronno\u015b\u0107 w r\u00f3\u017cnych scenariuszach operacyjnych.<\/p>\n<p>Podsumowuj\u0105c, regulowane si\u0142owniki wide\u0142kowe, takie jak 2-tonowy ma\u0142y si\u0142ownik hydrauliczny do p\u0142ug\u00f3w \u015bnie\u017cnych, oferuj\u0105 liczne korzy\u015bci w zakresie elastyczno\u015bci, precyzyjnego pozycjonowania, trwa\u0142o\u015bci, wydajno\u015bci i wszechstronno\u015bci. Dzi\u0119ki unikalnej konstrukcji i solidnej konstrukcji, si\u0142owniki te zapewniaj\u0105 niezawodn\u0105 prac\u0119 i przyczyniaj\u0105 si\u0119 do p\u0142ynnej pracy system\u00f3w przemys\u0142owych i mechanicznych.<\/p>\n<h3>O firmie FMP \u2013 profesjonalny producent i sprzedawca si\u0142ownik\u00f3w hydraulicznych<\/h3>\n<p>Szukasz niezawodnego i wysokiej jako\u015bci si\u0142ownika hydraulicznego do maszyn budowlanych? FMP to strza\u0142 w dziesi\u0105tk\u0119! Jako profesjonalny producent i sprzedawca cz\u0119\u015bci i kompletnych maszyn budowlanych, oferujemy szerok\u0105 gam\u0119 si\u0142ownik\u00f3w hydraulicznych zaprojektowanych z my\u015bl\u0105 o r\u00f3\u017cnorodnych zastosowaniach.<\/p>\n<p>Oto kilka powod\u00f3w, dla kt\u00f3rych warto wybra\u0107 si\u0142owniki hydrauliczne FMP:<\/p>\n<p>1. Materia\u0142y wysokiej jako\u015bci \u2013 Nasze cylindry hydrauliczne wykonane s\u0105 z materia\u0142\u00f3w najwy\u017cszej jako\u015bci, co gwarantuje trwa\u0142o\u015b\u0107, niezawodno\u015b\u0107 i d\u0142ug\u0105 \u017cywotno\u015b\u0107. Materia\u0142y pozyskujemy od wysokiej jako\u015bci dostawc\u00f3w z kraju i zagranicy, a nast\u0119pnie poddajemy je rygorystycznym standardom kontroli jako\u015bci.<\/p>\n<p>2. Konfigurowalne projekty \u2013 Oferujemy szerok\u0105 gam\u0119 konstrukcji si\u0142ownik\u00f3w hydraulicznych, a tak\u017ce mo\u017cemy dostosowa\u0107 je do potrzeb i specyfikacji klienta. Niezale\u017cnie od tego, czy potrzebujesz standardowego si\u0142ownika, czy niestandardowego rozwi\u0105zania, pomo\u017cemy Ci znale\u017a\u0107 odpowiedni produkt.<\/p>\n<p>3. Szeroki zakres zastosowa\u0144 \u2013 Nasze si\u0142owniki hydrauliczne nadaj\u0105 si\u0119 do szerokiej gamy maszyn budowlanych, w tym maszyn rolniczych, sprz\u0119tu przemys\u0142owego i innych. Od si\u0142ownik\u00f3w do sadzarek po si\u0142owniki do koparek \u2013 mamy odpowiedni produkt dla Twoich potrzeb.<\/p>\n<p>4. Profesjonalne doradztwo \u2013 Nasz do\u015bwiadczony zesp\u00f3\u0142 sprzeda\u017cy jest zawsze do dyspozycji, aby zapewni\u0107 profesjonalne doradztwo produktowe i trafne sugestie zakupowe. Jeste\u015bmy na bie\u017c\u0105co z najnowszymi trendami i potrzebami klient\u00f3w w bran\u017cy maszyn budowlanych, aby zapewni\u0107 naszym klientom najlepsz\u0105 obs\u0142ug\u0119.<\/p>\n<p>5. Efektywna logistyka \u2013 Dysponujemy wydajnym systemem dystrybucji logistycznej, aby zapewni\u0107 klientom terminowe i dok\u0142adne dostawy potrzebnych cz\u0119\u015bci. Rozumiemy, jak wa\u017cne jest minimalizowanie przestoj\u00f3w i zapewnienie p\u0142ynnej pracy maszyn.<\/p>\n<p>Dzi\u0119ki si\u0142ownikom hydraulicznym FMP mo\u017cesz by\u0107 pewien jako\u015bci i niezawodno\u015bci swoich maszyn budowlanych. Skontaktuj si\u0119 z nami ju\u017c dzi\u015b, aby dowiedzie\u0107 si\u0119 wi\u0119cej o naszych produktach i o tym, jak mo\u017cemy pom\u00f3c Ci znale\u017a\u0107 odpowiednie rozwi\u0105zanie dla Twoich potrzeb.<\/p>\n<p><img decoding=\"async\" src=\"https:\/\/fmp-components.com\/wp-content\/uploads\/2024\/12\/Adjustable-Clevis-Type-Cylinders-6.webp\" alt=\"Regulowany cylinder typu wide\u0142kowego\" width=\"833\" title=\"\"><\/p>\n<p>Autor: CX<\/p>","protected":false},"excerpt":{"rendered":"<p>2 Ton Small Hydraulic Oil Cylinder Hydraulic Cylinder For Snow Plow The 2 Ton Small Hydraulic Oil Cylinder Hydraulic Cylinder For Snow Plow is a high-quality and durable hydraulic cylinder designed specifically for snow plows. With its compact size and impressive strength, this hydraulic cylinder is capable of lifting heavy loads and providing smooth and [&hellip;]<\/p>","protected":false},"featured_media":1511,"comment_status":"closed","ping_status":"closed","template":"","meta":{"_et_pb_use_builder":"","_et_pb_old_content":"","_et_gb_content_width":""},"product_brand":[],"product_cat":[42],"product_tag":[34,44],"class_list":{"0":"post-1510","1":"product","2":"type-product","3":"status-publish","4":"has-post-thumbnail","6":"product_cat-snow-plow-hydraulic-cylinder","7":"product_tag-hydraulic-cylinder","8":"product_tag-snow-plow-hydraulic-cylinder","10":"first","11":"instock","12":"product-type-simple"},"_links":{"self":[{"href":"https:\/\/fmp-components.com\/pl\/wp-json\/wp\/v2\/product\/1510","targetHints":{"allow":["GET"]}}],"collection":[{"href":"https:\/\/fmp-components.com\/pl\/wp-json\/wp\/v2\/product"}],"about":[{"href":"https:\/\/fmp-components.com\/pl\/wp-json\/wp\/v2\/types\/product"}],"replies":[{"embeddable":true,"href":"https:\/\/fmp-components.com\/pl\/wp-json\/wp\/v2\/comments?post=1510"}],"wp:featuredmedia":[{"embeddable":true,"href":"https:\/\/fmp-components.com\/pl\/wp-json\/wp\/v2\/media\/1511"}],"wp:attachment":[{"href":"https:\/\/fmp-components.com\/pl\/wp-json\/wp\/v2\/media?parent=1510"}],"wp:term":[{"taxonomy":"product_brand","embeddable":true,"href":"https:\/\/fmp-components.com\/pl\/wp-json\/wp\/v2\/product_brand?post=1510"},{"taxonomy":"product_cat","embeddable":true,"href":"https:\/\/fmp-components.com\/pl\/wp-json\/wp\/v2\/product_cat?post=1510"},{"taxonomy":"product_tag","embeddable":true,"href":"https:\/\/fmp-components.com\/pl\/wp-json\/wp\/v2\/product_tag?post=1510"}],"curies":[{"name":"wp","href":"https:\/\/api.w.org\/{rel}","templated":true}]}}