{"id":1508,"date":"2024-12-23T05:50:37","date_gmt":"2024-12-23T05:50:37","guid":{"rendered":"https:\/\/fmp-components.com\/product\/cost-effective-customized-stainless-steel-hydraulic-cylinder-double-acting-hydraulic-cylinder\/"},"modified":"2024-12-23T06:24:34","modified_gmt":"2024-12-23T06:24:34","slug":"cost-effective-customized-stainless-steel-hydraulic-cylinder-double-acting-hydraulic-cylinder","status":"publish","type":"product","link":"https:\/\/fmp-components.com\/pl\/product\/cost-effective-customized-stainless-steel-hydraulic-cylinder-double-acting-hydraulic-cylinder\/","title":{"rendered":"Ekonomiczny, dostosowany do indywidualnych potrzeb si\u0142ownik hydrauliczny ze stali nierdzewnej Si\u0142ownik hydrauliczny dwustronnego dzia\u0142ania"},"content":{"rendered":"<p>Ekonomiczny, dostosowany do indywidualnych potrzeb, si\u0142ownik hydrauliczny ze stali nierdzewnej, si\u0142ownik hydrauliczny dwustronnego dzia\u0142ania. Ekonomiczny, dostosowany do indywidualnych potrzeb, si\u0142ownik hydrauliczny ze stali nierdzewnej, si\u0142ownik hydrauliczny dwustronnego dzia\u0142ania to wysokiej jako\u015bci si\u0142ownik hydrauliczny zaprojektowany z my\u015bl\u0105 o r\u00f3\u017cnorodnych potrzebach przemys\u0142owych. Produkt wykonany jest ze stali nierdzewnej, co gwarantuje trwa\u0142o\u015b\u0107 i odporno\u015b\u0107 na korozj\u0119. Jest on r\u00f3wnie\u017c dostosowywany do indywidualnych potrzeb klienta.<\/p>\n<p>Jedn\u0105 z najbardziej charakterystycznych cech tego si\u0142ownika hydraulicznego jest jego dwustronne dzia\u0142anie. Oznacza to, \u017ce mo\u017ce on generowa\u0107 si\u0142\u0119 w obu kierunkach, co czyni go bardziej wydajnym i wszechstronnym w por\u00f3wnaniu z si\u0142ownikami jednostronnego dzia\u0142ania. Nadaje si\u0119 do szerokiego zakresu zastosowa\u0144 przemys\u0142owych, takich jak budownictwo, g\u00f3rnictwo i produkcja.<\/p>\n<p>Ekonomiczny, dostosowany do indywidualnych potrzeb si\u0142ownik hydrauliczny dwustronnego dzia\u0142ania ze stali nierdzewnej zosta\u0142 zaprojektowany z my\u015bl\u0105 o oszcz\u0119dno\u015bci, co oznacza doskona\u0142y stosunek jako\u015bci do ceny. Jest trwa\u0142y i wymaga minimalnej konserwacji, co pozwala obni\u017cy\u0107 koszty w d\u0142u\u017cszej perspektywie. Ponadto, jego niestandardowa konstrukcja pozwala na dopasowanie go do indywidualnych potrzeb klienta, co pomaga zminimalizowa\u0107 straty i zoptymalizowa\u0107 wydajno\u015b\u0107.<\/p>\n<p>Podsumowuj\u0105c, ekonomiczny, niestandardowy si\u0142ownik hydrauliczny dwustronnego dzia\u0142ania ze stali nierdzewnej to niezawodny i wszechstronny si\u0142ownik hydrauliczny, zaprojektowany z my\u015bl\u0105 o r\u00f3\u017cnorodnych potrzebach przemys\u0142owych. Konstrukcja ze stali nierdzewnej, funkcja dwustronnego dzia\u0142ania i mo\u017cliwo\u015b\u0107 dostosowania konstrukcji sprawiaj\u0105, \u017ce jest to ekonomiczne rozwi\u0105zanie dla bran\u017c wymagaj\u0105cych wysokiej jako\u015bci si\u0142ownik\u00f3w hydraulicznych.<\/p>\n<div>\n<h2>Ekonomiczny, dostosowany do Twoich potrzeb hydraulicznych si\u0142ownik hydrauliczny ze stali nierdzewnej<\/h2>\n<p>Przedstawiamy nasz niestandardowy si\u0142ownik hydrauliczny dwustronnego dzia\u0142ania ze stali nierdzewnej \u2013 idealne rozwi\u0105zanie dla Twoich potrzeb hydraulicznych. Nasz produkt zosta\u0142 zaprojektowany z my\u015bl\u0105 o precyzji, trwa\u0142o\u015bci i jako\u015bci, dzi\u0119ki czemu idealnie nadaje si\u0119 do r\u00f3\u017cnych bran\u017c, takich jak warsztaty naprawcze maszyn, rolnictwo, energetyka i g\u00f3rnictwo, produkcja maszyn oraz fabryki maszyn.<\/p>\n<p><img decoding=\"async\" title=\"Si\u0142ownik hydrauliczny p\u0142ugu \u015bnie\u017cnego\" src=\"https:\/\/hzpt.com\/wp-content\/uploads\/2023\/11\/Snow-Plow-Hydraulic-Cylinder-3.webp\" alt=\"Si\u0142ownik hydrauliczny p\u0142ugu \u015bnie\u017cnego\" \/><\/p>\n<h2>Cechy produktu<\/h2>\n<p>Nasz si\u0142ownik hydrauliczny oferuje szereg funkcji, kt\u00f3re wyr\u00f3\u017cniaj\u0105 go na tle konkurencji. Wykonany jest z wytrzyma\u0142ej stali nierdzewnej, co zapewnia d\u0142ugotrwa\u0142\u0105 wydajno\u015b\u0107 i minimaln\u0105 konserwacj\u0119. Mo\u017cna go r\u00f3wnie\u017c dostosowa\u0107 do indywidualnych potrzeb.<\/p>\n<ul>\n<li><b>Stan : schorzenie:<\/b> Nowy<\/li>\n<li><b>Gwarancja:<\/b> 1 rok<\/li>\n<li><b>Maksymalny ci\u0105g:<\/b> 3000<\/li>\n<li><b>Maksymalne poci\u0105gni\u0119cie:<\/b> 20 ton<\/li>\n<li><b>Orzecznictwo:<\/b> Certyfikat ISO9001:2000<\/li>\n<li><b>\u015arednica otworu:<\/b> 2-6 cali<\/li>\n<li><b>Rozmiar pr\u0119ta:<\/b> 1,125-4 cale<\/li>\n<li><b>Rozmiar kreski:<\/b> 4-100 cali<\/li>\n<li><b>Rozmiar szpilki:<\/b> 0,5-2 cale<\/li>\n<\/ul>\n<\/div>\n<h2>Zalety regulowanych cylindr\u00f3w typu wide\u0142kowego<\/h2>\n<p>Regulowane si\u0142owniki wide\u0142kowe s\u0105 niezb\u0119dnym elementem uk\u0142ad\u00f3w hydraulicznych. S\u0142u\u017c\u0105 one do przekszta\u0142cania energii hydraulicznej w si\u0142\u0119 mechaniczn\u0105. S\u0105 powszechnie stosowane w r\u00f3\u017cnych zastosowaniach, mi\u0119dzy innymi w budownictwie, przemy\u015ble i transporcie. W tym artykule om\u00f3wimy zalety regulowanych si\u0142ownik\u00f3w wide\u0142kowych.<\/p>\n<p>1. <b>Op\u0142acalne<\/b><\/p>\n<p>Jedn\u0105 z g\u0142\u00f3wnych zalet regulowanych si\u0142ownik\u00f3w wide\u0142kowych jest ich op\u0142acalno\u015b\u0107. Zaprojektowano je z my\u015bl\u0105 o trwa\u0142o\u015bci i d\u0142ugim okresie u\u017cytkowania, co oznacza, \u017ce \u200b\u200bwymagaj\u0105 mniej konserwacji i napraw w miar\u0119 up\u0142ywu czasu. Ponadto, s\u0105 one produkowane z wysokiej jako\u015bci materia\u0142\u00f3w, takich jak stal nierdzewna, co przyczynia si\u0119 do ich trwa\u0142o\u015bci i niezawodno\u015bci.<\/p>\n<p>2. <b>Mo\u017cliwo\u015b\u0107 dostosowania<\/b><\/p>\n<p>Kolejn\u0105 zalet\u0105 regulowanych si\u0142ownik\u00f3w wide\u0142kowych jest mo\u017cliwo\u015b\u0107 ich dostosowania do specyficznych wymaga\u0144 przemys\u0142owych lub komercyjnych. Producenci mog\u0105 modyfikowa\u0107 rozmiar, kszta\u0142t i funkcje tych si\u0142ownik\u00f3w, na przyk\u0142ad dodaj\u0105c porty i opcje monta\u017cu, aby dopasowa\u0107 je do potrzeb swoich klient\u00f3w. Takie dostosowanie gwarantuje optymalizacj\u0119 si\u0142ownik\u00f3w pod k\u0105tem ich przeznaczenia, co zwi\u0119ksza ich wydajno\u015b\u0107 i skuteczno\u015b\u0107.<\/p>\n<p>3. <b>Konstrukcja ze stali nierdzewnej<\/b><\/p>\n<p>Cylindry z regulowanym wide\u0142kiem s\u0105 cz\u0119sto wykonane ze stali nierdzewnej, kt\u00f3ra jest materia\u0142em zapewniaj\u0105cym doskona\u0142\u0105 trwa\u0142o\u015b\u0107, odporno\u015b\u0107 na korozj\u0119 i wytrzyma\u0142o\u015b\u0107. Dzi\u0119ki zastosowaniu stali nierdzewnej, cylindry te s\u0105 odporne na trudne warunki \u015brodowiskowe, takie jak wysokie temperatury i dzia\u0142anie chemikali\u00f3w. Ponadto, cylindry ze stali nierdzewnej s\u0105 \u0142atwe w czyszczeniu i konserwacji, co mo\u017ce wyd\u0142u\u017cy\u0107 ich \u017cywotno\u015b\u0107.<\/p>\n<p>4. <b>Podw\u00f3jne dzia\u0142anie<\/b><\/p>\n<p>Regulowane si\u0142owniki wide\u0142kowe mog\u0105 by\u0107 zaprojektowane jako si\u0142owniki dwustronnego dzia\u0142ania, co oznacza, \u017ce \u200b\u200bmog\u0105 generowa\u0107 si\u0142\u0119 w obu kierunkach. Ta funkcja jest przydatna w zastosowaniach wymagaj\u0105cych precyzyjnej kontroli i ruchu, na przyk\u0142ad w przemy\u015ble wytw\u00f3rczym i budownictwie. Si\u0142owniki dwustronnego dzia\u0142ania s\u0105 r\u00f3wnie\u017c bardziej wydajne ni\u017c si\u0142owniki jednostronnego dzia\u0142ania, co mo\u017ce przyczyni\u0107 si\u0119 do og\u00f3lnych oszcz\u0119dno\u015bci koszt\u00f3w.<\/p>\n<p>Podsumowuj\u0105c, regulowane si\u0142owniki wide\u0142kowe oferuj\u0105 szereg zalet w por\u00f3wnaniu z innymi typami si\u0142ownik\u00f3w hydraulicznych. S\u0105 ekonomiczne, konfigurowalne, wykonane ze stali nierdzewnej i mog\u0105 by\u0107 zaprojektowane jako si\u0142owniki dwustronnego dzia\u0142ania. Te cechy sprawiaj\u0105, \u017ce stanowi\u0105 doskona\u0142y wyb\u00f3r do zastosowa\u0144 przemys\u0142owych i komercyjnych, kt\u00f3re wymagaj\u0105 niezawodnych, wydajnych i trwa\u0142ych si\u0142ownik\u00f3w hydraulicznych.<\/p>\n<h3>O FMP<\/h3>\n<p>FMP to wiod\u0105ca firma specjalizuj\u0105ca si\u0119 w produkcji i sprzeda\u017cy cylindr\u00f3w hydraulicznych. Dzi\u0119ki naszemu bogatemu do\u015bwiadczeniu w bran\u017cy i profesjonalnemu zespo\u0142owi, jeste\u015bmy zaanga\u017cowani w dostarczanie naszym klientom wysokiej jako\u015bci i niezawodnych rozwi\u0105za\u0144 w zakresie cylindr\u00f3w hydraulicznych.<\/p>\n<p>Oto 5 najwa\u017cniejszych zalet naszych produkt\u00f3w i firmy:<\/p>\n<p>1. Szeroka gama produkt\u00f3w: Oferujemy szerok\u0105 gam\u0119 cylindr\u00f3w hydraulicznych, w tym cylindry z regulowanym wide\u0142kiem, jak pokazano poni\u017cej:<\/p>\n<p><img decoding=\"async\" src=\"https:\/\/fmp-components.com\/wp-content\/uploads\/2024\/12\/Adjustable-Clevis-Type-Cylinders-6.webp\" alt=\"Regulowany cylinder typu wide\u0142kowego\" width=\"832\" title=\"\"><\/p>\n<p>2. Najwy\u017csza jako\u015b\u0107: Nawi\u0105zali\u015bmy d\u0142ugoterminow\u0105 i stabiln\u0105 wsp\u00f3\u0142prac\u0119 z wysokiej jako\u015bci dostawcami, co gwarantuje, \u017ce wszystkie nasze cylindry hydrauliczne spe\u0142niaj\u0105 surowe standardy jako\u015bci. Nasze zaanga\u017cowanie w jako\u015b\u0107 wyr\u00f3\u017cnia nas na tle konkurencji.<\/p>\n<p>3. Profesjonalny zesp\u00f3\u0142 sprzeda\u017cy: Nasz do\u015bwiadczony i wykwalifikowany zesp\u00f3\u0142 sprzeda\u017cy doskonale orientuje si\u0119 w trendach rozwojowych i potrzebach klient\u00f3w w bran\u017cy cylindr\u00f3w hydraulicznych. Zapewniamy profesjonalne doradztwo produktowe i trafne sugestie zakupowe.<\/p>\n<p>4. Efektywna dystrybucja logistyczna: Rozumiemy, jak wa\u017cna jest terminowo\u015b\u0107 i dok\u0142adno\u015b\u0107 dostaw. Dzi\u0119ki naszemu efektywnemu systemowi dystrybucji logistycznej zapewniamy klientom terminowe dostarczenie potrzebnych cylindr\u00f3w hydraulicznych.<\/p>\n<p>5. Kompleksowe rozwi\u0105zania: Opr\u00f3cz si\u0142ownik\u00f3w hydraulicznych oferujemy szerok\u0105 gam\u0119 cz\u0119\u015bci do maszyn budowlanych i kompletnych rozwi\u0105za\u0144 maszynowych. Dzi\u0119ki temu nasi klienci mog\u0105 znale\u017a\u0107 wszystkie niezb\u0119dne komponenty i akcesoria w jednym miejscu, oszcz\u0119dzaj\u0105c czas i wysi\u0142ek.<\/p>\n<p>Zapraszamy do wsp\u00f3\u0142pracy i poznania doskona\u0142o\u015bci cylindr\u00f3w hydraulicznych FMP. Skontaktuj si\u0119 z nami ju\u017c dzi\u015b, aby om\u00f3wi\u0107 swoje specyficzne wymagania i pozwoli\u0107 naszemu zespo\u0142owi pom\u00f3c Ci znale\u017a\u0107 idealne rozwi\u0105zanie w zakresie cylindr\u00f3w hydraulicznych, dopasowane do Twoich potrzeb.<\/p>\n<h2>Cz\u0119sto zadawane pytania<\/h2>\n<h3>P: Czy jeste\u015b firm\u0105 handlow\u0105 lub produkcyjn\u0105?<\/h3>\n<p>A: Jeste\u015bmy fabryk\u0105 produkuj\u0105c\u0105 cylindry hydrauliczne i inne cz\u0119\u015bci do maszyn rolniczych.<\/p>\n<h3>P: Jak d\u0142ugi jest czas dostawy?<\/h3>\n<p>A: Standardowy czas dostawy wynosi 25\u201335 dni.<\/p>\n<h3>P: Czy udost\u0119pniacie pr\u00f3bki? Czy s\u0105 one bezp\u0142atne, czy dodatkowo p\u0142atne?<\/h3>\n<p>A: Tak, udost\u0119pniamy pr\u00f3bki, ale nie s\u0105 one darmowe.<\/p>\n<p>Autor: CX<\/p>","protected":false},"excerpt":{"rendered":"<p>Cost Effective Customized Stainless Steel Hydraulic Cylinder Double Acting Hydraulic CylinderCost Effective Customized Stainless Steel Hydraulic Cylinder Double Acting Hydraulic Cylinder is a high-quality hydraulic cylinder designed to meet various industrial needs. This product is made of stainless steel, which ensures durability and resistance to corrosion. It is also customized to meet the specific requirements [&hellip;]<\/p>","protected":false},"featured_media":1509,"comment_status":"closed","ping_status":"closed","template":"","meta":{"_et_pb_use_builder":"","_et_pb_old_content":"","_et_gb_content_width":""},"product_brand":[],"product_cat":[42],"product_tag":[34,44],"class_list":{"0":"post-1508","1":"product","2":"type-product","3":"status-publish","4":"has-post-thumbnail","6":"product_cat-snow-plow-hydraulic-cylinder","7":"product_tag-hydraulic-cylinder","8":"product_tag-snow-plow-hydraulic-cylinder","10":"first","11":"instock","12":"product-type-simple"},"_links":{"self":[{"href":"https:\/\/fmp-components.com\/pl\/wp-json\/wp\/v2\/product\/1508","targetHints":{"allow":["GET"]}}],"collection":[{"href":"https:\/\/fmp-components.com\/pl\/wp-json\/wp\/v2\/product"}],"about":[{"href":"https:\/\/fmp-components.com\/pl\/wp-json\/wp\/v2\/types\/product"}],"replies":[{"embeddable":true,"href":"https:\/\/fmp-components.com\/pl\/wp-json\/wp\/v2\/comments?post=1508"}],"wp:featuredmedia":[{"embeddable":true,"href":"https:\/\/fmp-components.com\/pl\/wp-json\/wp\/v2\/media\/1509"}],"wp:attachment":[{"href":"https:\/\/fmp-components.com\/pl\/wp-json\/wp\/v2\/media?parent=1508"}],"wp:term":[{"taxonomy":"product_brand","embeddable":true,"href":"https:\/\/fmp-components.com\/pl\/wp-json\/wp\/v2\/product_brand?post=1508"},{"taxonomy":"product_cat","embeddable":true,"href":"https:\/\/fmp-components.com\/pl\/wp-json\/wp\/v2\/product_cat?post=1508"},{"taxonomy":"product_tag","embeddable":true,"href":"https:\/\/fmp-components.com\/pl\/wp-json\/wp\/v2\/product_tag?post=1508"}],"curies":[{"name":"wp","href":"https:\/\/api.w.org\/{rel}","templated":true}]}}